{"id":63887,"date":"2025-07-23T12:29:18","date_gmt":"2025-07-23T10:29:18","guid":{"rendered":"https:\/\/www.anika-net.de\/karlsruhede-recete-nasil-alinir\/"},"modified":"2025-07-24T13:40:04","modified_gmt":"2025-07-24T11:40:04","slug":"karlsruhede-recete-nasil-alinir","status":"publish","type":"page","link":"https:\/\/www.anika-net.de\/tr\/karlsruhede-recete-nasil-alinir\/","title":{"rendered":"Re\u00e7e\u00adte ve E\u2011Rezept Nas\u0131l Al\u0131n\u0131r"},"content":{"rendered":"\n<p>Karls\u00adru\u00adhe\u00ad\u2019\u00adde re\u00e7e\u00adte almak i\u00e7in, <strong>elekt\u00adro\u00adnik re\u00e7e\u00adte (\ufe0f<\/strong> <strong><a href=\"https:\/\/www.bundesgesundheitsministerium.de\/e-rezept\/faq-e-rezept-egk.html#:~:text=Daf%C3%BCr%20brauchen%20sie%20ihre%20elektronische,Papierausdruck%20ist%20nicht%20das%20Rezept.\" rel=\"noopener\">E\u2011Rezept<\/a>)<\/strong> almak \u00fcze\u00adre bir <strong>dok\u00adtor\u00addan ran\u00adde\u00advu<\/strong> ala\u00adbi\u00adlir veya <strong>\u00e7ev\u00adri\u00admi\u00ad\u00e7i bir plat\u00adform<\/strong> ara\u00adc\u0131\u00adl\u0131\u00ad\u011f\u0131y\u00adla bir <strong>re\u00e7e\u00adte<\/strong> talep ede\u00adbi\u00adlir ve yerel bir ecza\u00adne\u00adde doldurabilirsiniz.<\/p>\n\n<div class=\"wp-block-stackable-timeline stk-block-timeline stk-block-timeline--left stk-block stk-6186a26\" data-block-id=\"6186a26\"><style>@media screen and (max-width:900px){.stk-6186a26 .stk-inner-blocks:after{top:16px !important;}}<\/style><div class=\"stk-row stk-inner-blocks stk-block-content stk-content-align stk-6186a26-column\"><div class=\"stk-block-timeline__date\">1<\/div><div class=\"stk-block-timeline__middle\"><\/div><div class=\"stk-block-timeline__content\">\n<div class=\"wp-block-stackable-column stk-block-column stk-column stk-block stk-5a13f0f\" data-v=\"4\" data-block-id=\"5a13f0f\"><style>.stk-5a13f0f-container{margin-top:0px !important;margin-right:0px !important;margin-bottom:0px !important;margin-left:0px !important;}<\/style><div class=\"stk-column-wrapper stk-block-column__content stk-container stk-5a13f0f-container stk--no-background stk--no-padding\"><div class=\"stk-block-content stk-inner-blocks stk-5a13f0f-inner-blocks\">\n<div class=\"wp-block-stackable-text stk-block-text stk-block stk-693cc8f\" data-block-id=\"693cc8f\"><p class=\"stk-block-text__text\"><strong>Dok\u00adtor Ran\u00adde\u00advu\u00adsu<\/strong><br>Karls\u00adru\u00adhe\u00ad\u2019\u00adde bir dok\u00adtor\u00addan ran\u00adde\u00advu al\u0131n.<br>Bir\u00ad\u00e7ok dok\u00adtor art\u0131k ka\u011f\u0131t <strong>re\u00e7e\u00adte<\/strong> yeri\u00adne <strong>e\u2011re\u00e7ete (E\u2011Rezepte)<\/strong> d\u00fczenliyor.<\/p><\/div>\n<\/div><\/div><\/div>\n<\/div><\/div><\/div>\n\n<div class=\"wp-block-stackable-timeline stk-block-timeline stk-block-timeline--right stk-block stk-efaac25\" data-block-id=\"efaac25\"><style>@media screen and (max-width:900px){.stk-efaac25 .stk-inner-blocks:after{top:16px !important;}}<\/style><div class=\"stk-row stk-inner-blocks stk-block-content stk-content-align stk-efaac25-column\"><div class=\"stk-block-timeline__date\">2<\/div><div class=\"stk-block-timeline__middle\"><\/div><div class=\"stk-block-timeline__content\">\n<div class=\"wp-block-stackable-column stk-block-column stk-column stk-block stk-94b2978\" data-v=\"4\" data-block-id=\"94b2978\"><style>.stk-94b2978-container{margin-top:0px !important;margin-right:0px !important;margin-bottom:0px !important;margin-left:0px !important;}<\/style><div class=\"stk-column-wrapper stk-block-column__content stk-container stk-94b2978-container stk--no-background stk--no-padding\"><div class=\"stk-block-content stk-inner-blocks stk-94b2978-inner-blocks\">\n<div class=\"wp-block-stackable-text stk-block-text stk-block stk-f481c20\" data-block-id=\"f481c20\"><p class=\"stk-block-text__text\"><strong>E\u2011re\u00e7ete Uygu\u00adla\u00adma\u00ads\u0131 veya Sa\u011f\u00adl\u0131k Sigor\u00adta\u00ads\u0131 Kar\u00adt\u0131<\/strong><br>E\u2011re\u00e7etenizi ecza\u00adne\u00adde a\u015fa\u00ad\u011f\u0131\u00adda\u00adki\u00adler\u00adden biri\u00adni kul\u00adla\u00adna\u00adrak dol\u00addu\u00adra\u00adbi\u00adlir\u00adsi\u00adniz:<br>\u25aa Ak\u0131l\u00adl\u0131 tele\u00adfo\u00adnu\u00adnuz\u00adda\u00adki <strong>\u201cDas E\u2011Rezept\u201d uygu\u00adla\u00adma\u00ads\u0131<\/strong> (gema\u00adtik tara\u00adf\u0131n\u00addan \u00fccret\u00adsiz)<br>\u25aa <strong>Elekt\u00adro\u00adnik sa\u011f\u00adl\u0131k sigor\u00adta\u00ads\u0131 kar\u00adt\u0131\u00adn\u0131z (eGK<\/strong>)<\/p><\/div>\n<\/div><\/div><\/div>\n<\/div><\/div><\/div>\n\n<div class=\"wp-block-stackable-timeline stk-block-timeline stk-block-timeline--left stk-block stk-5401b38\" data-block-id=\"5401b38\"><style>@media screen and (max-width:900px){.stk-5401b38 .stk-inner-blocks:after{top:16px !important;}}<\/style><div class=\"stk-row stk-inner-blocks stk-block-content stk-content-align stk-5401b38-column\"><div class=\"stk-block-timeline__date\">3<\/div><div class=\"stk-block-timeline__middle\"><\/div><div class=\"stk-block-timeline__content\">\n<div class=\"wp-block-stackable-column stk-block-column stk-column stk-block stk-ea0ea8c\" data-v=\"4\" data-block-id=\"ea0ea8c\"><style>.stk-ea0ea8c-container{margin-top:0px !important;margin-right:0px !important;margin-bottom:0px !important;margin-left:0px !important;}<\/style><div class=\"stk-column-wrapper stk-block-column__content stk-container stk-ea0ea8c-container stk--no-background stk--no-padding\"><div class=\"stk-block-content stk-inner-blocks stk-ea0ea8c-inner-blocks\">\n<div class=\"wp-block-stackable-text stk-block-text stk-block stk-10c36ff\" data-block-id=\"10c36ff\"><p class=\"stk-block-text__text\"><strong>Re\u00e7e\u00adte kod\u00adlu ka\u011f\u0131t \u00e7\u0131k\u00adt\u0131<\/strong><br>Ak\u0131l\u00adl\u0131 tele\u00adfo\u00adnu\u00adnuz veya eGK\u00ad\u2019\u00adn\u0131z yok\u00adsa, dok\u00adto\u00adru\u00adnuz size re\u00e7e\u00adte kod\u00adlu bir ka\u011f\u0131t \u00e7\u0131k\u00adt\u0131 verebilir.<\/p><\/div>\n<\/div><\/div><\/div>\n<\/div><\/div><\/div>\n\n<div class=\"wp-block-stackable-timeline stk-block-timeline stk-block-timeline--right stk-is-last stk-block stk-b615387\" data-block-id=\"b615387\"><style>@media screen and (max-width:900px){.stk-b615387 .stk-inner-blocks:after{top:16px !important;bottom:calc(0px + (100% - 0px) - 16px) !important;}}<\/style><div class=\"stk-row stk-inner-blocks stk-block-content stk-content-align stk-b615387-column\"><div class=\"stk-block-timeline__date\">4<\/div><div class=\"stk-block-timeline__middle\"><\/div><div class=\"stk-block-timeline__content\">\n<div class=\"wp-block-stackable-column stk-block-column stk-column stk-block stk-07f819a\" data-v=\"4\" data-block-id=\"07f819a\"><style>.stk-07f819a-container{margin-top:0px !important;margin-right:0px !important;margin-bottom:0px !important;margin-left:0px !important;}<\/style><div class=\"stk-column-wrapper stk-block-column__content stk-container stk-07f819a-container stk--no-background stk--no-padding\"><div class=\"stk-block-content stk-inner-blocks stk-07f819a-inner-blocks\">\n<div class=\"wp-block-stackable-text stk-block-text stk-block stk-ff4be8d\" data-block-id=\"ff4be8d\"><p class=\"stk-block-text__text\"><strong>Ecza\u00adne<\/strong><br>Karls\u00adru\u00adhe\u00ad\u2019\u00adde\u00adki bir ecza\u00adne\u00adyi ziya\u00adret edin.<br><strong>Re\u00e7e\u00adte kodu\u00adnu\u00adzu<\/strong> tara\u00adya\u00adcak\u00adlar veya ila\u00adc\u0131\u00adn\u0131\u00adz\u0131 sa\u011f\u00adla\u00admak i\u00e7in <strong>eGK<\/strong> \u2018n\u0131z\u0131 okuyacaklar.<\/p><\/div>\n<\/div><\/div><\/div>\n<\/div><\/div><\/div>\n\n<h3 class=\"wp-block-heading\"><span style=\"color: #0a9490;\" class=\"stk-highlight\">Ek Bil\u00adgi<\/span><\/h3>\n\n<div class=\"wp-block-stackable-tabs stk-block-tabs stk-block stk-b354c08\" data-initial-tab=\"1\" data-block-id=\"b354c08\"><style>.stk-b354c08 .stk-block-tab-content .stk-block-content .stk-block-column[hidden]{display:none !important;}<\/style><div class=\"stk-row stk-inner-blocks stk-block-content stk-block-tabs--horizontal stk-block-tabs--fade stk-content-align stk-b354c08-column\">\n<div class=\"wp-block-stackable-tab-labels stk-block-tab-labels stk-block stk-fdea21c\" data-block-id=\"fdea21c\"><style>.stk-fdea21c .stk-block-tabs__tab{color:#999999 !important;background:transparent !important;border-style:solid !important;border-color:transparent !important;border-top-width:0px !important;border-right-width:0px !important;border-bottom-width:2px !important;border-left-width:0px !important;}.stk-fdea21c .stk-block-tabs__tab.stk-block-tabs__tab--active .stk-block-tab-labels__text{color:#000000 !important;}.stk-fdea21c {box-shadow:inset 0px -1px 0px 0px #0000001a !important;}.stk-fdea21c .stk-block-tab-labels__text{color:#999999 !important;}.stk-fdea21c .stk-block-tabs__tab .stk--inner-svg svg:last-child, .stk-fdea21c .stk-block-tabs__tab .stk--inner-svg svg:last-child :is(g, path, rect, polygon, ellipse){fill:#909090 !important;}.stk-fdea21c .stk-block-tabs__tab:not(.stk-block-tabs__tab--active):hover .stk--inner-svg svg:last-child, .stk-fdea21c .stk-block-tabs__tab:not(.stk-block-tabs__tab--active):hover .stk--inner-svg svg:last-child :is(g, path, rect, polygon, ellipse){fill:#909090 !important;}.stk-fdea21c .stk-block-tabs__tab.stk-block-tabs__tab--active{border-color:#000000 !important;}.stk-fdea21c .stk-block-tabs__tab.stk-block-tabs__tab--active .stk--inner-svg svg:last-child, .stk-fdea21c .stk-block-tabs__tab.stk-block-tabs__tab--active .stk--inner-svg svg:last-child :is(g, path, rect, polygon, ellipse){fill:#000000 !important;}.stk-fdea21c .stk-block-tabs__tab.stk-block-tabs__tab--active:hover .stk--inner-svg svg:last-child, .stk-fdea21c .stk-block-tabs__tab.stk-block-tabs__tab--active:hover .stk--inner-svg svg:last-child :is(g, path, rect, polygon, ellipse){fill:#000000 !important;}<\/style><div class=\"stk-block-tab-labels__wrapper\" role=\"tablist\"><button class=\"stk-block-tabs__tab\" role=\"tab\"><div class=\"stk-block-tab-labels__text\"><span><strong>Sa\u011fl\u0131k Sigortas\u0131<\/strong><\/span><\/div><\/button><button class=\"stk-block-tabs__tab\" role=\"tab\"><div class=\"stk-block-tab-labels__text\"><span><strong>\u00c7evrimi\u00e7i Doktorlar<\/strong><\/span><\/div><\/button><\/div><\/div>\n\n\n\n<div class=\"wp-block-stackable-tab-content stk-block-tab-content stk-block stk-919d0b0\" data-block-id=\"919d0b0\"><div class=\"stk-row stk-inner-blocks stk-block-content stk-content-align stk-919d0b0-column\">\n<div class=\"wp-block-stackable-column stk-block-column stk-column stk-block stk-aca577e\" data-v=\"4\" role=\"tabpanel\" data-block-id=\"aca577e\"><div class=\"stk-column-wrapper stk-block-column__content stk-container stk-aca577e-container stk--no-background stk--no-padding\"><div class=\"stk-block-content stk-inner-blocks stk-aca577e-inner-blocks\">\n<p><strong>\u00c7ev\u00adri\u00admi\u00ad\u00e7i kon\u00ads\u00fcl\u00adtas\u00adyon\u00adla\u00adr\u0131<\/strong> veya <strong>\u00e7ev\u00adri\u00admi\u00ad\u00e7i<\/strong> <strong>ecza\u00adne\u00adle\u00adri<\/strong> kap\u00adsa\u00ady\u0131p kap\u00adsa\u00adma\u00add\u0131k\u00adla\u00adr\u0131\u00adn\u0131 \u00f6\u011fren\u00admek i\u00e7in sa\u011f\u00adl\u0131k sigor\u00adta\u00ads\u0131 sa\u011f\u00adla\u00ady\u0131\u00adc\u0131\u00adn\u0131\u00adza <strong>dan\u0131\u00ad\u015f\u0131n<\/strong>.<\/p>\n<\/div><\/div><\/div>\n\n\n\n<div class=\"wp-block-stackable-column stk-block-column stk-column stk-block stk-8949c9a\" data-v=\"4\" role=\"tabpanel\" data-block-id=\"8949c9a\"><div class=\"stk-column-wrapper stk-block-column__content stk-container stk-8949c9a-container stk--no-background stk--no-padding\"><div class=\"stk-block-content stk-inner-blocks stk-8949c9a-inner-blocks\">\n<p>Baz\u0131 <strong>\u00e7ev\u00adri\u00admi\u00ad\u00e7i t\u0131b\u00adbi hiz\u00admet\u00adler<\/strong>, daha son\u00adra yerel bir ecza\u00adne\u00adde dol\u00addu\u00adra\u00adbi\u00adle\u00adce\u00ad\u011fi\u00adniz e\u2011re\u00e7eteler de sunmaktad\u0131r.<\/p>\n<\/div><\/div><\/div>\n<\/div><\/div>\n<\/div><\/div>\n\n<h2 class=\"wp-block-heading\"><span style=\"color: #0788a9;\" class=\"stk-highlight\">E\u2011Rezept<\/span><\/h2>\n\n<p>Tem\u00admuz 2023\u2019ten bu yana, sigor\u00adta\u00adl\u0131\u00adlar elekt\u00adro\u00adnik sa\u011f\u00adl\u0131k kart\u00adla\u00adr\u0131\u00adn\u0131 (eHC) kul\u00adla\u00adna\u00adrak e\u2011re\u00e7etelerini diji\u00adtal ola\u00adrak kullanabilmektedir.<\/p>\n\n<p>\ufe0f <a href=\"https:\/\/www.das-e-rezept-fuer-deutschland.de\/\" rel=\"noopener\"><strong>E\u2011Rezept\u201d uygu\u00adla\u00adma\u00ads\u0131<\/strong> <strong>\u0130nd\u00adir<\/strong> <\/a> <\/p>\n\n<p><\/p>\n","protected":false},"excerpt":{"rendered":"<p>Karls\u00adru\u00adhe\u00ad\u2019\u00adde re\u00e7e\u00adte almak i\u00e7in, elekt\u00adro\u00adnik re\u00e7e\u00adte (\ufe0f E\u2011Rezept) almak \u00fcze\u00adre bir dok\u00adtor\u00addan ran\u00adde\u00advu ala\u00adbi\u00adlir veya \u00e7ev\u00adri\u00admi\u00ad\u00e7i bir plat\u00adform ara\u00adc\u0131\u00adl\u0131\u00ad\u011f\u0131y\u00adla bir re\u00e7e\u00adte talep ede\u00adbi\u00adlir ve yerel bir ecza\u00adne\u00adde dol\u00addu\u00adra\u00adbi\u00adlir\u00adsi\u00adniz. Dok\u00adtor Ran\u00adde\u00advu\u00adsuKarls\u00adru\u00adhe\u00ad\u2019\u00adde&nbsp;<a class=\"moretag\" href=\"https:\/\/www.anika-net.de\/tr\/karlsruhede-recete-nasil-alinir\/\">daha faz\u00adla okuyun<\/a><\/p>\n","protected":false},"author":12,"featured_media":0,"parent":0,"menu_order":0,"comment_status":"closed","ping_status":"closed","template":"","meta":{"_acf_changed":false,"inline_featured_image":false,"_uag_custom_page_level_css":"","wp_typography_post_enhancements_disabled":false,"footnotes":""},"class_list":["post-63887","page","type-page","status-publish","hentry"],"acf":[],"featured_image_urls_v2":{"full":"","thumbnail":"","medium":"","medium_large":"","large":"","1536x1536":"","2048x2048":"","event-overview":"","event-archive-thumb":"","grid-item-thumbnail":"","network-partner-icon":"","organiser-icon":"","gform-image-choice-sm":"","gform-image-choice-md":"","gform-image-choice-lg":""},"post_excerpt_stackable_v2":"<p>Karls\u00adru\u00adhe\u00ad\u2019\u00adde re\u00e7e\u00adte almak i\u00e7in, elekt\u00adro\u00adnik re\u00e7e\u00adte (\ufe0f E\u2011Rezept) almak \u00fcze\u00adre bir dok\u00adtor\u00addan ran\u00adde\u00advu ala\u00adbi\u00adlir veya \u00e7ev\u00adri\u00admi\u00ad\u00e7i bir plat\u00adform ara\u00adc\u0131\u00adl\u0131\u00ad\u011f\u0131y\u00adla bir re\u00e7e\u00adte talep ede\u00adbi\u00adlir ve yerel bir ecza\u00adne\u00adde dol\u00addu\u00adra\u00adbi\u00adlir\u00adsi\u00adniz. 1 Dok\u00adtor Ran\u00adde\u00advu\u00adsuKarls\u00adru\u00adhe\u00ad\u2019\u00adde bir dok\u00adtor\u00addan ran\u00adde\u00advu al\u0131n.Bir\u00ad\u00e7ok dok\u00adtor art\u0131k ka\u011f\u0131t re\u00e7e\u00adte yeri\u00adne e\u2011re\u00e7ete (E\u2011Rezepte) d\u00fczen\u00adli\u00adyor. 2 E\u2011re\u00e7ete Uygu\u00adla\u00adma\u00ads\u0131 veya Sa\u011f\u00adl\u0131k Sigor\u00adta\u00ads\u0131 Kar\u00adt\u0131E\u2011re\u00e7etenizi ecza\u00adne\u00adde a\u015fa\u00ad\u011f\u0131\u00adda\u00adki\u00adler\u00adden biri\u00adni kul\u00adla\u00adna\u00adrak dol\u00addu\u00adra\u00adbi\u00adlir\u00adsi\u00adniz:\u25aa Ak\u0131l\u00adl\u0131 tele\u00adfo\u00adnu\u00adnuz\u00adda\u00adki \u201cDas E\u2011Rezept\u201d uygu\u00adla\u00adma\u00ads\u0131 (gema\u00adtik tara\u00adf\u0131n\u00addan \u00fccret\u00adsiz)\u25aa Elekt\u00adro\u00adnik sa\u011f\u00adl\u0131k sigor\u00adta\u00ads\u0131 kar\u00adt\u0131\u00adn\u0131z (eGK) 3 Re\u00e7e\u00adte kod\u00adlu ka\u011f\u0131t \u00e7\u0131k\u00adt\u0131Ak\u0131l\u00adl\u0131 tele\u00adfo\u00adnu\u00adnuz veya eGK\u00ad\u2019\u00adn\u0131z yok\u00adsa, dok\u00adto\u00adru\u00adnuz size re\u00e7e\u00adte kod\u00adlu bir ka\u011f\u0131t \u00e7\u0131k\u00adt\u0131 vere\u00adbi\u00adlir. 4 Ecza\u00adneKarls\u00adru\u00adhe\u00ad\u2019\u00adde\u00adki bir ecza\u00adne\u00adyi ziya\u00adret edin.Re\u00e7e\u00adte kodu\u00adnu\u00adzu tara\u00adya\u00adcak\u00adlar veya ila\u00adc\u0131\u00adn\u0131\u00adz\u0131 sa\u011f\u00adla\u00admak i\u00e7in eGK \u2018n\u0131z\u0131 okuyacaklar.\u2026<\/p>\n","category_list_v2":"","author_info_v2":{"name":"Andrea Ramirez","url":"https:\/\/www.anika-net.de\/tr\/author\/andrea-ramirez\/"},"comments_num_v2":"0 comments","uagb_featured_image_src":{"full":false,"thumbnail":false,"medium":false,"medium_large":false,"large":false,"1536x1536":false,"2048x2048":false,"event-overview":false,"event-archive-thumb":false,"grid-item-thumbnail":false,"network-partner-icon":false,"organiser-icon":false,"gform-image-choice-sm":false,"gform-image-choice-md":false,"gform-image-choice-lg":false},"uagb_author_info":{"display_name":"Andrea Ramirez","author_link":"https:\/\/www.anika-net.de\/tr\/author\/andrea-ramirez\/"},"uagb_comment_info":0,"uagb_excerpt":"Karls\u00adru\u00adhe\u00ad\u2019\u00adde re\u00e7e\u00adte almak i\u00e7in, elekt\u00adro\u00adnik re\u00e7e\u00adte (\ufe0f E\u2011Rezept) almak \u00fcze\u00adre bir dok\u00adtor\u00addan ran\u00adde\u00advu ala\u00adbi\u00adlir veya \u00e7ev\u00adri\u00admi\u00ad\u00e7i bir plat\u00adform ara\u00adc\u0131\u00adl\u0131\u00ad\u011f\u0131y\u00adla bir re\u00e7e\u00adte talep ede\u00adbi\u00adlir ve yerel bir ecza\u00adne\u00adde doldurabilirsiniz. Dok\u00adtor Ran\u00adde\u00advu\u00adsuKarls\u00adru\u00adhe\u00ad\u2019\u00adde&nbsp;daha fazla okuyun","_links":{"self":[{"href":"https:\/\/www.anika-net.de\/tr\/wp-json\/wp\/v2\/pages\/63887","targetHints":{"allow":["GET"]}}],"collection":[{"href":"https:\/\/www.anika-net.de\/tr\/wp-json\/wp\/v2\/pages"}],"about":[{"href":"https:\/\/www.anika-net.de\/tr\/wp-json\/wp\/v2\/types\/page"}],"author":[{"embeddable":true,"href":"https:\/\/www.anika-net.de\/tr\/wp-json\/wp\/v2\/users\/12"}],"replies":[{"embeddable":true,"href":"https:\/\/www.anika-net.de\/tr\/wp-json\/wp\/v2\/comments?post=63887"}],"version-history":[{"count":3,"href":"https:\/\/www.anika-net.de\/tr\/wp-json\/wp\/v2\/pages\/63887\/revisions"}],"predecessor-version":[{"id":63934,"href":"https:\/\/www.anika-net.de\/tr\/wp-json\/wp\/v2\/pages\/63887\/revisions\/63934"}],"wp:attachment":[{"href":"https:\/\/www.anika-net.de\/tr\/wp-json\/wp\/v2\/media?parent=63887"}],"curies":[{"name":"wp","href":"https:\/\/api.w.org\/{rel}","templated":true}]}}