{"id":56414,"date":"2024-12-03T18:16:53","date_gmt":"2024-12-03T17:16:53","guid":{"rendered":"https:\/\/www.anika-net.de\/topluluklar\/"},"modified":"2024-12-04T16:48:23","modified_gmt":"2024-12-04T15:48:23","slug":"goecmen-oerguetleri-ve-topluluklari","status":"publish","type":"page","link":"https:\/\/www.anika-net.de\/tr\/goecmen-oerguetleri-ve-topluluklari\/","title":{"rendered":"Top\u00adlu\u00adluk\u00adlar"},"content":{"rendered":"\n<p>Karls\u00adru\u00adhe\u00ad\u2019\u00adde \u00e7e\u015fit\u00adli etnik ve k\u00fcl\u00adt\u00fc\u00adrel grup\u00adla\u00adr\u0131 tem\u00adsil eden yak\u00adla\u00ad\u015f\u0131k 70 g\u00f6\u00e7\u00admen kuru\u00adlu\u00ad\u015fu ve top\u00adlu\u00adlu\u00ad\u011fu bulun\u00admak\u00adta\u00add\u0131r. Bu kuru\u00adlu\u015f\u00adlar enteg\u00adras\u00adyon, e\u011fi\u00adtim, k\u00fcl\u00adt\u00fcr ve sos\u00adyal des\u00adtek gibi \u00e7e\u015fit\u00adli alan\u00adlar\u00adda \u00e7al\u0131\u015f\u00admak\u00adta ve ken\u00adtin g\u00f6\u00e7\u00admen top\u00adlu\u00admu i\u00e7in \u00f6nem\u00adli bir daya\u00adnak olu\u015fturmaktad\u0131r.&nbsp;<\/p>\n\n<p>Bura\u00adda Karls\u00adru\u00adhe\u00ad\u2019\u00adde\u00adki g\u00f6\u00e7\u00admen kuru\u00adlu\u015f\u00adla\u00adr\u0131, top\u00adlu\u00adluk\u00adla\u00adr\u0131 ve k\u00fcl\u00adt\u00fcr\u00adle\u00adra\u00adra\u00ads\u0131 giri\u00ad\u015fim\u00adler hak\u00adk\u0131n\u00adda bil\u00adgi ve ile\u00adti\u00ad\u015fim bil\u00adgi\u00adle\u00adri bula\u00adbi\u00adlir\u00adsi\u00adniz.<br>G\u00f6\u00e7\u00admen kuru\u00adlu\u015f\u00adla\u00adr\u0131\u00adn\u0131n \u00e7o\u011fu yerel d\u00fczey\u00adde der\u00adnek ola\u00adrak faali\u00adyet g\u00f6s\u00adter\u00admek\u00adte ve g\u00f6n\u00fcl\u00adl\u00fc\u00adl\u00fck esa\u00ads\u0131\u00adna g\u00f6re \u00e7al\u0131\u015f\u00admak\u00adta\u00add\u0131r.<br><br><span style=\"color: #4381a5;\" class=\"stk-highlight\"><strong>G\u00f6n\u00fcl\u00adl\u00fc\u00adl\u00fck teme\u00adlin\u00adde enteg\u00adras\u00adyon ve k\u00fcl\u00adt\u00fcr\u00adle\u00adra\u00adra\u00ads\u0131 al\u0131\u015f\u00adve\u00adri\u00ad\u015fe aktif ola\u00adrak kat\u0131\u00adl\u0131\u00adyor musu\u00adnuz?<\/strong><br><strong>Bir top\u00adlu\u00adlu\u00ad\u011fun, bir g\u00f6\u00e7\u00admen der\u00adne\u00ad\u011fi\u00adnin veya bir g\u00f6\u00e7\u00admen gru\u00adbu\u00adnun par\u00ad\u00e7a\u00ads\u0131 m\u0131s\u0131n\u0131z?<\/strong><\/span><\/p>\n\n<h3 class=\"wp-block-heading\">\ud83d\udcdd <strong><span style=\"color: #711e7e;\" class=\"stk-highlight\"><a href=\"https:\/\/www.anika-net.de\/tr\/topluluklar\/girisiminizi-anikada-paylasin\/\">Giri\u00ad\u015fi\u00admi\u00adni\u00adzi Ani\u00adKA\u00ad\u2019\u00adda bura\u00addan yay\u0131nlay\u0131n!<\/a><\/span><\/strong><\/h3>\n","protected":false},"excerpt":{"rendered":"<p>Karls\u00adru\u00adhe\u00ad\u2019\u00adde \u00e7e\u015fit\u00adli etnik ve k\u00fcl\u00adt\u00fc\u00adrel grup\u00adla\u00adr\u0131 tem\u00adsil eden yak\u00adla\u00ad\u015f\u0131k 70 g\u00f6\u00e7\u00admen kuru\u00adlu\u00ad\u015fu ve top\u00adlu\u00adlu\u00ad\u011fu bulun\u00admak\u00adta\u00add\u0131r. Bu kuru\u00adlu\u015f\u00adlar enteg\u00adras\u00adyon, e\u011fi\u00adtim, k\u00fcl\u00adt\u00fcr ve sos\u00adyal des\u00adtek gibi \u00e7e\u015fit\u00adli alan\u00adlar\u00adda \u00e7al\u0131\u015f\u00admak\u00adta ve ken\u00adtin g\u00f6\u00e7\u00admen&nbsp;<a class=\"moretag\" href=\"https:\/\/www.anika-net.de\/tr\/goecmen-oerguetleri-ve-topluluklari\/\">daha faz\u00adla okuyun<\/a><\/p>\n","protected":false},"author":12,"featured_media":0,"parent":0,"menu_order":30,"comment_status":"closed","ping_status":"closed","template":"page-toc.php","meta":{"_acf_changed":false,"inline_featured_image":false,"_uag_custom_page_level_css":"","wp_typography_post_enhancements_disabled":false,"footnotes":""},"class_list":["post-56414","page","type-page","status-publish","hentry"],"acf":[],"featured_image_urls_v2":{"full":"","thumbnail":"","medium":"","medium_large":"","large":"","1536x1536":"","2048x2048":"","event-overview":"","event-archive-thumb":"","grid-item-thumbnail":"","network-partner-icon":"","organiser-icon":"","gform-image-choice-sm":"","gform-image-choice-md":"","gform-image-choice-lg":""},"post_excerpt_stackable_v2":"<p>Karls\u00adru\u00adhe\u00ad\u2019\u00adde \u00e7e\u015fit\u00adli etnik ve k\u00fcl\u00adt\u00fc\u00adrel grup\u00adla\u00adr\u0131 tem\u00adsil eden yak\u00adla\u00ad\u015f\u0131k 70 g\u00f6\u00e7\u00admen kuru\u00adlu\u00ad\u015fu ve top\u00adlu\u00adlu\u00ad\u011fu bulun\u00admak\u00adta\u00add\u0131r. Bu kuru\u00adlu\u015f\u00adlar enteg\u00adras\u00adyon, e\u011fi\u00adtim, k\u00fcl\u00adt\u00fcr ve sos\u00adyal des\u00adtek gibi \u00e7e\u015fit\u00adli alan\u00adlar\u00adda \u00e7al\u0131\u015f\u00admak\u00adta ve ken\u00adtin g\u00f6\u00e7\u00admen top\u00adlu\u00admu i\u00e7in \u00f6nem\u00adli bir daya\u00adnak olu\u015f\u00adtur\u00admak\u00adta\u00add\u0131r.&nbsp; Bura\u00adda Karls\u00adru\u00adhe\u00ad\u2019\u00adde\u00adki g\u00f6\u00e7\u00admen kuru\u00adlu\u015f\u00adla\u00adr\u0131, top\u00adlu\u00adluk\u00adla\u00adr\u0131 ve k\u00fcl\u00adt\u00fcr\u00adle\u00adra\u00adra\u00ads\u0131 giri\u00ad\u015fim\u00adler hak\u00adk\u0131n\u00adda bil\u00adgi ve ile\u00adti\u00ad\u015fim bil\u00adgi\u00adle\u00adri bula\u00adbi\u00adlir\u00adsi\u00adniz.G\u00f6\u00e7\u00admen kuru\u00adlu\u015f\u00adla\u00adr\u0131\u00adn\u0131n \u00e7o\u011fu yerel d\u00fczey\u00adde der\u00adnek ola\u00adrak faali\u00adyet g\u00f6s\u00adter\u00admek\u00adte ve g\u00f6n\u00fcl\u00adl\u00fc\u00adl\u00fck esa\u00ads\u0131\u00adna g\u00f6re \u00e7al\u0131\u015f\u00admak\u00adta\u00add\u0131r.G\u00f6n\u00fcl\u00adl\u00fc\u00adl\u00fck teme\u00adlin\u00adde enteg\u00adras\u00adyon ve k\u00fcl\u00adt\u00fcr\u00adle\u00adra\u00adra\u00ads\u0131 al\u0131\u015f\u00adve\u00adri\u00ad\u015fe aktif ola\u00adrak kat\u0131\u00adl\u0131\u00adyor musu\u00adnuz?Bir top\u00adlu\u00adlu\u00ad\u011fun, bir g\u00f6\u00e7\u00admen der\u00adne\u00ad\u011fi\u00adnin veya bir g\u00f6\u00e7\u00admen gru\u00adbu\u00adnun par\u00ad\u00e7a\u00ads\u0131 m\u0131s\u0131\u00adn\u0131z? \ud83d\udcdd Giri\u00ad\u015fi\u00admi\u00adni\u00adzi Ani\u00adKA\u00ad\u2019\u00adda bura\u00addan yay\u0131nlay\u0131n!<\/p>\n","category_list_v2":"","author_info_v2":{"name":"Andrea Ramirez","url":"https:\/\/www.anika-net.de\/tr\/author\/andrea-ramirez\/"},"comments_num_v2":"0 comments","uagb_featured_image_src":{"full":false,"thumbnail":false,"medium":false,"medium_large":false,"large":false,"1536x1536":false,"2048x2048":false,"event-overview":false,"event-archive-thumb":false,"grid-item-thumbnail":false,"network-partner-icon":false,"organiser-icon":false,"gform-image-choice-sm":false,"gform-image-choice-md":false,"gform-image-choice-lg":false},"uagb_author_info":{"display_name":"Andrea Ramirez","author_link":"https:\/\/www.anika-net.de\/tr\/author\/andrea-ramirez\/"},"uagb_comment_info":0,"uagb_excerpt":"Karls\u00adru\u00adhe\u00ad\u2019\u00adde \u00e7e\u015fit\u00adli etnik ve k\u00fcl\u00adt\u00fc\u00adrel grup\u00adla\u00adr\u0131 tem\u00adsil eden yak\u00adla\u00ad\u015f\u0131k 70 g\u00f6\u00e7\u00admen kuru\u00adlu\u00ad\u015fu ve top\u00adlu\u00adlu\u00ad\u011fu bulun\u00admak\u00adta\u00add\u0131r. Bu kuru\u00adlu\u015f\u00adlar enteg\u00adras\u00adyon, e\u011fi\u00adtim, k\u00fcl\u00adt\u00fcr ve sos\u00adyal des\u00adtek gibi \u00e7e\u015fit\u00adli alan\u00adlar\u00adda \u00e7al\u0131\u015f\u00admak\u00adta ve ken\u00adtin g\u00f6\u00e7\u00admen&nbsp;daha fazla okuyun","_links":{"self":[{"href":"https:\/\/www.anika-net.de\/tr\/wp-json\/wp\/v2\/pages\/56414","targetHints":{"allow":["GET"]}}],"collection":[{"href":"https:\/\/www.anika-net.de\/tr\/wp-json\/wp\/v2\/pages"}],"about":[{"href":"https:\/\/www.anika-net.de\/tr\/wp-json\/wp\/v2\/types\/page"}],"author":[{"embeddable":true,"href":"https:\/\/www.anika-net.de\/tr\/wp-json\/wp\/v2\/users\/12"}],"replies":[{"embeddable":true,"href":"https:\/\/www.anika-net.de\/tr\/wp-json\/wp\/v2\/comments?post=56414"}],"version-history":[{"count":3,"href":"https:\/\/www.anika-net.de\/tr\/wp-json\/wp\/v2\/pages\/56414\/revisions"}],"predecessor-version":[{"id":56760,"href":"https:\/\/www.anika-net.de\/tr\/wp-json\/wp\/v2\/pages\/56414\/revisions\/56760"}],"wp:attachment":[{"href":"https:\/\/www.anika-net.de\/tr\/wp-json\/wp\/v2\/media?parent=56414"}],"curies":[{"name":"wp","href":"https:\/\/api.w.org\/{rel}","templated":true}]}}