{"id":5583,"date":"2021-05-21T14:40:14","date_gmt":"2021-05-21T12:40:14","guid":{"rendered":"https:\/\/www.anika-net.de\/transport\/"},"modified":"2022-03-03T12:55:51","modified_gmt":"2022-03-03T11:55:51","slug":"toplu-tasima","status":"publish","type":"page","link":"https:\/\/www.anika-net.de\/tr\/varmak\/toplu-tasima\/toplu-tasima\/","title":{"rendered":"Top\u00adlu ta\u015f\u0131ma"},"content":{"rendered":"\n<p>Tram\u00advay, met\u00adro ve oto\u00adb\u00fcs\u00adler\u00adle ken\u00adtin semt\u00adle\u00adri\u00adne h\u0131z\u00adl\u0131 ve rahat bir \u015fekil\u00adde ula\u00ad\u015fa\u00adbi\u00adlir\u00adsi\u00adniz. Karls\u00adru\u00adher Ver\u00adkehrs\u00adver\u00adbun\u00add\u00ad\u2019un (KVV) (Top\u00adlu Ta\u015f\u0131\u00adma Hiz\u00adme\u00adti) www.kvv.de adre\u00adsin\u00adde\u00adki web site\u00adsin\u00adde b\u00fct\u00fcn \u00f6nem\u00adli bil\u00adgi\u00adle\u00adri ve somut hat\u00adla\u00adr\u0131n hare\u00adket saat\u00adle\u00adri\u00adni, fark\u00adl\u0131 bilet t\u00fcr\u00adle\u00adri ve ge\u00e7er\u00adli\u00adlik\u00adle\u00adriy\u00adle ilgi\u00adli bil\u00adgi\u00adle\u00adri bulabilirsiniz<\/p>\n\n\n\n<p>KVV.live uygu\u00adla\u00adma\u00ads\u0131 \u00fcze\u00adrin\u00adden oto\u00adb\u00fcs ve tren\u00adle\u00adrin kal\u00adk\u0131\u015f saat\u00adle\u00adri hak\u00adk\u0131n\u00adda bil\u00adgi edinebilirsiniz.<\/p>\n\n\n\n<p><strong><strong>Bil\u00admek\u00adte yarar var:<\/strong> <\/strong>Karls\u00adru\u00adhe bir bisik\u00adlet \u015feh\u00adri\u00addir! Bu y\u00fcz\u00adden bisik\u00adlet kul\u00adla\u00adnan\u00adlar i\u00e7in bir\u00ad\u00e7ok cad\u00adde\u00adde kal\u00add\u0131\u00adr\u0131m\u00adla\u00adr\u0131n yan\u0131n\u00adda bisik\u00adlet yol\u00adla\u00adr\u0131 bulun\u00admak\u00adta\u00add\u0131r. <strong>&nbsp;<\/strong><\/p>\n\n\n\n<p><strong><strong>Bilet\u00adle\u00adri nas\u0131l alabilirim?<\/strong><\/strong><\/p>\n\n\n\n<p>Ara\u00adda bir veya nadir ola\u00adrak oto\u00adb\u00fcs ve tre\u00adne binecek olursan\u0131z:<\/p>\n\n\n\n<ul class=\"wp-block-list\"><li>AVG-Stadt\u00adbahn veya VBK-Tram: Durak\u00adta\u00adki oto\u00admat\u00adtan veya tren i\u00e7in\u00adden bir bilet ala\u00adbi\u00adlir\u00adsi\u00adniz. Genel\u00adde sade\u00adce nakit para ile \u00f6de\u00adme m\u00fcmk\u00fcnd\u00fcr.<\/li><li>Oto\u00adb\u00fcs: Oto\u00adb\u00fcs bilet\u00adle\u00adri oto\u00admat\u00adtan veya \u015fof\u00f6r\u00adden sat\u0131n al\u0131nabilir.<\/li><li>Bilet ve abo\u00adne kart\u00adla\u00adr\u0131 KVV\u00ad\u2019un cep tele\u00adfo\u00adnu bilet por\u00adta\u00adlin\u00adden de sat\u0131n ala\u00adbi\u00adlir\u00adsi\u00adniz: <a href=\"https:\/\/kvv.mobilesticket.de\/ticketportal\/\" target=\"_blank\" rel=\"noreferrer noopener\">https:\/\/kvv.mobilesticket.de\/ticketportal\/<\/a><\/li><li>Bilet, tren veya oto\u00adb\u00fcs i\u00e7in\u00adde bas\u0131l\u0131r.<\/li><li>Ak\u0131l\u00adl\u0131 tele\u00adfo\u00adnu\u00adnuz \u00fcze\u00adrin\u00adde KVV.mobil uygu\u00adla\u00adma\u00ads\u0131\u00adn\u0131 h\u0131z\u00adl\u0131 ve kolay bir \u015fekil\u00adde y\u00fck\u00adle\u00adye\u00adbi\u00adlir\u00adsi\u00adniz. Oto\u00adb\u00fcs ve tren bilet\u00adle\u00adri uygu\u00adla\u00adma i\u00e7in\u00adde\u00adki bir hesap\u00adtan kolay\u00adca sat\u0131n al\u0131nabilir.<\/li><\/ul>\n\n\n\n<p class=\"has-light-green-cyan-background-color has-background\"><strong>Bil\u00admek\u00adte yarar var: <\/strong>Bile\u00adti\u00adni\u00adzin fiya\u00adt\u0131 gide\u00adce\u00ad\u011fi\u00adniz yerin mesa\u00adfe\u00adsi\u00adne ba\u011f\u00adl\u0131\u00add\u0131r. Karls\u00adru\u00adhe Bele\u00addi\u00adye b\u00f6l\u00adge\u00adsi i\u00e7in\u00adde iki petek (2 Waben) gerekmektedir.<\/p>\n\n\n\n<p><strong>\u00d6ne\u00adri: <\/strong>D\u00fczen\u00adli ola\u00adrak oto\u00adb\u00fcs veya tren\u00adle yol\u00adcu\u00adluk yapa\u00adcak\u00adsa\u00adn\u0131z ayl\u0131k veya y\u0131l\u00adl\u0131k bir kart daha avan\u00adtaj\u00adl\u0131\u00add\u0131r. Fark\u00adl\u0131 bilet t\u00fcr\u00adle\u00adri bulun\u00admak\u00adta\u00add\u0131r. \u00c7ocuk\u00adlar, \u00f6\u011fren\u00adci\u00adler, mes\u00adlek \u00f6\u011fren\u00adci\u00adle\u00adri, \u00fcni\u00adver\u00adsi\u00adte \u00f6\u011fren\u00adci\u00adle\u00adri, 65 ya\u015f \u00fcze\u00adri insan\u00adlar ve i\u015f ara\u00adyan\u00adlar i\u00e7in indi\u00adrim\u00adli fiyat\u00adlar ge\u00e7er\u00adli\u00addir. Bu ki\u015fi\u00adler i\u00e7in indi\u00adrim\u00adli bilet\u00adler bulunmaktad\u0131r.<\/p>\n\n\n\n<p>\u00d6rne\u00ad\u011fin tek sefer\u00adlik bilet\u00adler, grup bilet\u00adle\u00adri, \u00f6\u011fren\u00adci\u00adler, mes\u00adlek \u00f6\u011fren\u00adci\u00adle\u00adri, \u00fcni\u00adver\u00adsi\u00adte \u00f6\u011fren\u00adci\u00adle\u00adri i\u00e7in \u00f6zel bilet\u00adler, ayl\u0131k kart\u00adlar, y\u0131l\u00adl\u0131k kart\u00adlar veya sade\u00adce saat 9\u2019dan son\u00adra ge\u00e7er\u00adli olan yol\u00adcu bilet\u00adle\u00adri. Sizin i\u00e7in gerek\u00adliy\u00adse bu konu\u00adyu soru\u00adnuz. Ana tren istas\u00adyo\u00adnu \u00f6n\u00fcn\u00adde\u00adki ve pazar mey\u00adda\u00adn\u0131n\u00adda\u00adki (Karl-Fri\u00aded\u00adrich-Stra\u00ad\u00dfe 9) KVV M\u00fc\u015f\u00adte\u00adri Mer\u00adkez\u00adle\u00adri\u00adne dan\u0131\u015f\u0131n\u0131z!<\/p>\n","protected":false},"excerpt":{"rendered":"<p>Tram\u00advay, met\u00adro ve oto\u00adb\u00fcs\u00adler\u00adle ken\u00adtin semt\u00adle\u00adri\u00adne h\u0131z\u00adl\u0131 ve rahat bir \u015fekil\u00adde ula\u00ad\u015fa\u00adbi\u00adlir\u00adsi\u00adniz. Karls\u00adru\u00adher Ver\u00adkehrs\u00adver\u00adbun\u00add\u00ad\u2019un (KVV) (Top\u00adlu Ta\u015f\u0131\u00adma Hiz\u00adme\u00adti) www.kvv.de adre\u00adsin\u00adde\u00adki web site\u00adsin\u00adde b\u00fct\u00fcn \u00f6nem\u00adli bil\u00adgi\u00adle\u00adri ve somut hat\u00adla\u00adr\u0131n hare\u00adket saat\u00adle\u00adri\u00adni,&nbsp;<a class=\"moretag\" href=\"https:\/\/www.anika-net.de\/tr\/varmak\/toplu-tasima\/toplu-tasima\/\">daha faz\u00adla okuyun<\/a><\/p>\n","protected":false},"author":1,"featured_media":0,"parent":15736,"menu_order":0,"comment_status":"closed","ping_status":"closed","template":"","meta":{"_acf_changed":false,"inline_featured_image":false,"_uag_custom_page_level_css":"","wp_typography_post_enhancements_disabled":false,"footnotes":""},"class_list":["post-5583","page","type-page","status-publish","hentry"],"acf":[],"featured_image_urls_v2":{"full":"","thumbnail":"","medium":"","medium_large":"","large":"","1536x1536":"","2048x2048":"","event-overview":"","event-archive-thumb":"","grid-item-thumbnail":"","network-partner-icon":"","organiser-icon":"","gform-image-choice-sm":"","gform-image-choice-md":"","gform-image-choice-lg":""},"post_excerpt_stackable_v2":"<p>Tram\u00advay, met\u00adro ve oto\u00adb\u00fcs\u00adler\u00adle ken\u00adtin semt\u00adle\u00adri\u00adne h\u0131z\u00adl\u0131 ve rahat bir \u015fekil\u00adde ula\u00ad\u015fa\u00adbi\u00adlir\u00adsi\u00adniz. Karls\u00adru\u00adher Ver\u00adkehrs\u00adver\u00adbun\u00add\u00ad\u2019un (KVV) (Top\u00adlu Ta\u015f\u0131\u00adma Hiz\u00adme\u00adti) www.kvv.de adre\u00adsin\u00adde\u00adki web site\u00adsin\u00adde b\u00fct\u00fcn \u00f6nem\u00adli bil\u00adgi\u00adle\u00adri ve somut hat\u00adla\u00adr\u0131n hare\u00adket saat\u00adle\u00adri\u00adni, fark\u00adl\u0131 bilet t\u00fcr\u00adle\u00adri ve ge\u00e7er\u00adli\u00adlik\u00adle\u00adriy\u00adle ilgi\u00adli bil\u00adgi\u00adle\u00adri bula\u00adbi\u00adlir\u00adsi\u00adniz KVV.live uygu\u00adla\u00adma\u00ads\u0131 \u00fcze\u00adrin\u00adden oto\u00adb\u00fcs ve tren\u00adle\u00adrin kal\u00adk\u0131\u015f saat\u00adle\u00adri hak\u00adk\u0131n\u00adda bil\u00adgi edi\u00adne\u00adbi\u00adlir\u00adsi\u00adniz. Bil\u00admek\u00adte yarar var: Karls\u00adru\u00adhe bir bisik\u00adlet \u015feh\u00adri\u00addir! Bu y\u00fcz\u00adden bisik\u00adlet kul\u00adla\u00adnan\u00adlar i\u00e7in bir\u00ad\u00e7ok cad\u00adde\u00adde kal\u00add\u0131\u00adr\u0131m\u00adla\u00adr\u0131n yan\u0131n\u00adda bisik\u00adlet yol\u00adla\u00adr\u0131 bulun\u00admak\u00adta\u00add\u0131r. &nbsp; Bilet\u00adle\u00adri nas\u0131l ala\u00adbi\u00adli\u00adrim? Ara\u00adda bir veya nadir ola\u00adrak oto\u00adb\u00fcs ve tre\u00adne binecek olur\u00adsa\u00adn\u0131z: AVG-Stad\u00adt\u00ad\u00ad\u00adbahn veya VBK-Tram: Durak\u00adta\u00adki oto\u00admat\u00adtan veya tren i\u00e7in\u00adden bir bilet ala\u00adbi\u00adlir\u00adsi\u00adniz. Genel\u00adde sade\u00adce nakit para ile \u00f6de\u00adme m\u00fcmk\u00fcnd\u00fcr.Oto\u00adb\u00fcs:\u2026<\/p>\n","category_list_v2":"","author_info_v2":{"name":"saasweb-admin","url":"https:\/\/www.anika-net.de\/tr\/author\/saasweb-admin\/"},"comments_num_v2":"0 comments","uagb_featured_image_src":{"full":false,"thumbnail":false,"medium":false,"medium_large":false,"large":false,"1536x1536":false,"2048x2048":false,"event-overview":false,"event-archive-thumb":false,"grid-item-thumbnail":false,"network-partner-icon":false,"organiser-icon":false,"gform-image-choice-sm":false,"gform-image-choice-md":false,"gform-image-choice-lg":false},"uagb_author_info":{"display_name":"saasweb-admin","author_link":"https:\/\/www.anika-net.de\/tr\/author\/saasweb-admin\/"},"uagb_comment_info":0,"uagb_excerpt":"Tram\u00advay, met\u00adro ve oto\u00adb\u00fcs\u00adler\u00adle ken\u00adtin semt\u00adle\u00adri\u00adne h\u0131z\u00adl\u0131 ve rahat bir \u015fekil\u00adde ula\u00ad\u015fa\u00adbi\u00adlir\u00adsi\u00adniz. Karls\u00adru\u00adher Ver\u00adkehrs\u00adver\u00adbun\u00add\u00ad\u2019un (KVV) (Top\u00adlu Ta\u015f\u0131\u00adma Hiz\u00adme\u00adti) www.kvv.de adre\u00adsin\u00adde\u00adki web site\u00adsin\u00adde b\u00fct\u00fcn \u00f6nem\u00adli bil\u00adgi\u00adle\u00adri ve somut hat\u00adla\u00adr\u0131n hare\u00adket saat\u00adle\u00adri\u00adni,&nbsp;daha fazla okuyun","_links":{"self":[{"href":"https:\/\/www.anika-net.de\/tr\/wp-json\/wp\/v2\/pages\/5583","targetHints":{"allow":["GET"]}}],"collection":[{"href":"https:\/\/www.anika-net.de\/tr\/wp-json\/wp\/v2\/pages"}],"about":[{"href":"https:\/\/www.anika-net.de\/tr\/wp-json\/wp\/v2\/types\/page"}],"author":[{"embeddable":true,"href":"https:\/\/www.anika-net.de\/tr\/wp-json\/wp\/v2\/users\/1"}],"replies":[{"embeddable":true,"href":"https:\/\/www.anika-net.de\/tr\/wp-json\/wp\/v2\/comments?post=5583"}],"version-history":[{"count":0,"href":"https:\/\/www.anika-net.de\/tr\/wp-json\/wp\/v2\/pages\/5583\/revisions"}],"up":[{"embeddable":true,"href":"https:\/\/www.anika-net.de\/tr\/wp-json\/wp\/v2\/pages\/15736"}],"wp:attachment":[{"href":"https:\/\/www.anika-net.de\/tr\/wp-json\/wp\/v2\/media?parent=5583"}],"curies":[{"name":"wp","href":"https:\/\/api.w.org\/{rel}","templated":true}]}}