{"id":54548,"date":"2024-10-29T12:24:21","date_gmt":"2024-10-29T11:24:21","guid":{"rendered":"https:\/\/www.anika-net.de\/varmak\/danismanlik-ve-servis\/belediyenin-gecici-konaklama-yerlerinde-kalan-multeciler-icin-tavsiyeler\/"},"modified":"2026-05-04T13:55:18","modified_gmt":"2026-05-04T11:55:18","slug":"belediyenin-gecici-konaklama","status":"publish","type":"page","link":"https:\/\/www.anika-net.de\/tr\/varmak\/danismanlik-ve-servis\/belediyenin-gecici-konaklama\/","title":{"rendered":"M\u00fcl\u00adte\u00adci\u00adler i\u00e7in tavsiyeler"},"content":{"rendered":"\n<h2 class=\"wp-block-heading\">bele\u00addi\u00adye\u00adye ait ge\u00e7i\u00adci konak\u00adla\u00adma yerlerinde<\/h2>\n\n<h4 class=\"wp-block-heading\">Karls\u00adru\u00adhe\u00ad\u2019\u00adde\u00adki Enteg\u00adras\u00adyon Y\u00f6ne\u00adti\u00admi, bele\u00addi\u00adye yurt\u00adla\u00adr\u0131n\u00adda kalan m\u00fcl\u00adte\u00adci\u00adler i\u00e7in kap\u00adsam\u00adl\u0131 dan\u0131\u015f\u00adman\u00adl\u0131k hiz\u00adme\u00adti sunmaktad\u0131r.<\/h4>\n\n<p>Alman\u00adya\u00ad\u2019\u00adda yolu\u00adnu\u00adzu bul\u00adma\u00adn\u0131\u00adza, yeni f\u0131r\u00adsat\u00adlar ke\u015f\u00adfet\u00adme\u00adni\u00adze ve ba\u011f\u0131m\u00ads\u0131z bir ya\u015fam kur\u00adma\u00adn\u0131\u00adza yar\u00add\u0131m\u00adc\u0131 olmak i\u00e7in buraday\u0131z.<\/p>\n\n<p>Enteg\u00adras\u00adyon y\u00f6ne\u00adti\u00admi \u00f6zel\u00adlik\u00adle iki hedef gru\u00adba y\u00f6neliktir:<\/p>\n\n<ol class=\"wp-block-list\">\n<li>bele\u00addi\u00adye\u00adye ait konak\u00adla\u00adma yer\u00adle\u00adrin\u00adde ya\u015fa\u00adyan m\u00fclteciler<\/li>\n\n\n\n<li>Bele\u00addi\u00adye konut\u00adla\u00adr\u0131n\u00adda ya\u015fa\u00adma\u00adyan ancak sos\u00adyal yar\u00add\u0131m alan m\u00fcl\u00adte\u00adci\u00adler<br>Enteg\u00adras\u00adyon Y\u00f6ne\u00adti\u00admi a\u015fa\u00ad\u011f\u0131\u00adda\u00adki konu\u00adlar\u00adda dan\u0131\u015f\u00adman\u00adl\u0131k hiz\u00adme\u00adti ver\u00admek\u00adte veya bu ki\u015fi\u00adle\u00adri di\u011fer dan\u0131\u015f\u00adma mer\u00adkez\u00adle\u00adri\u00adne y\u00f6nlendirmektedir:<\/li>\n<\/ol>\n\n<ul class=\"wp-block-list\">\n<li>Alman\u00adca \u00d6\u011frenmek<\/li>\n\n\n\n<li>\u0130\u015f ve Kariyer<\/li>\n\n\n\n<li>Mali Durum ve Sos\u00adyal Yard\u0131mlar<\/li>\n\n\n\n<li>Konut<\/li>\n\n\n\n<li>Okul, Kre\u015f ve&nbsp;Aile<\/li>\n\n\n\n<li>Sa\u011f\u00adl\u0131k ve Ki\u015fi\u00adsel Konular<\/li>\n\n\n\n<li>Top\u00adlum\u00adsal Kat\u0131l\u0131m<\/li>\n<\/ul>\n\n<p><strong>Dan\u0131\u015f\u00adman\u00adl\u0131k hiz\u00adme\u00adti en faz\u00adla 3 y\u0131l ile s\u0131n\u0131r\u00adl\u0131\u00add\u0131r.<\/strong><br><br><em>Enteg\u00adras\u00adyon y\u00f6ne\u00adti\u00admi Baden-W\u00fcrt\u00adtem\u00adberg Sos\u00adyal \u0130\u015fl\u00ader Bakan\u00adl\u0131\u00ad\u011f\u0131 ve Karls\u00adru\u00adhe Bele\u00addi\u00adye\u00adsi tara\u00adf\u0131n\u00addan finan\u00adse edilmektedir.<\/em><\/p>\n\n<h4 class=\"wp-block-heading\">\ud83d\udcce <\/h4>\n\n<h3 class=\"wp-block-heading\"><span style=\"color: #0d8989;\" class=\"stk-highlight\">\u015eu anda Karls\u00adru\u00adhe\u00ad\u2019\u00adde m\u00fcl\u00adte\u00adci\u00adle\u00adre dan\u0131\u015f\u00adman\u00adl\u0131k hiz\u00adme\u00adti veren \u00fc\u00e7 kuru\u00adlu\u015f bulunmaktad\u0131r:<\/span><\/h3>\n\n<details class=\"wp-block-stackable-accordion stk-block-accordion stk-inner-blocks stk-block-content stk-block stk-6d9fa67 is-style-default\" data-block-id=\"6d9fa67\">\n<summary class=\"wp-block-stackable-column stk-block-column stk-column stk-block stk-b79d6f7 stk--container-small stk-block-accordion__heading\" data-v=\"4\" data-block-id=\"b79d6f7\"><div class=\"stk-column-wrapper stk-block-column__content stk-container stk-b79d6f7-container stk-hover-parent\"><div class=\"stk-block-content stk-inner-blocks stk-b79d6f7-inner-blocks\">\n<div class=\"wp-block-stackable-icon-label stk-block-icon-label stk-block stk-0a46a8a\" data-block-id=\"0a46a8a\"><div class=\"stk-row stk-inner-blocks stk-block-content\">\n<div class=\"wp-block-stackable-heading stk-block-heading stk-block-heading--v2 stk-block stk-6775e23\" id=\"awo-karlsruhe-non-profit-gmb-h\" data-block-id=\"6775e23\"><h4 class=\"stk-block-heading__text\">AWO Karls\u00adru\u00adhe kar ama\u00adc\u0131 g\u00fct\u00adme\u00adyen&nbsp;GmbH<\/h4><\/div>\n\n\n\n<div class=\"wp-block-stackable-icon stk-block-icon stk-block stk-7afe802\" data-block-id=\"7afe802\"><span class=\"stk--svg-wrapper\"><div class=\"stk--inner-svg\"><svg style=\"height:0;width:0\"><defs><linearGradient id=\"linear-gradient-7afe802\" x1=\"0\" x2=\"100%\" y1=\"0\" y2=\"0\"><stop offset=\"0%\" style=\"stop-opacity:1;stop-color:var(--linear-gradient-7-afe-802-color-1)\" \/><stop offset=\"100%\" style=\"stop-opacity:1;stop-color:var(--linear-gradient-7-afe-802-color-2)\" \/><\/linearGradient><\/defs><\/svg><svg data-prefix=\"fas\" data-icon=\"chevron-down\" class=\"svg-inline--fa fa-chevron-down fa-w-14\" viewBox=\"0 0 448 512\" aria-hidden=\"true\" width=\"32\" height=\"32\"><path fill=\"currentColor\" d=\"M207.029 381.476L12.686 187.132c-9.373-9.373-9.373-24.569 0-33.941l22.667-22.667c9.357-9.357 24.522-9.375 33.901-.04L224 284.505l154.745-154.021c9.379-9.335 24.544-9.317 33.901.04l22.667 22.667c9.373 9.373 9.373 24.569 0 33.941L240.971 381.476c-9.373 9.372-24.569 9.372-33.942 0z\" \/><\/svg><\/div><\/span><\/div>\n<\/div><\/div>\n<\/div><\/div><\/summary>\n\n\n\n<div class=\"wp-block-stackable-column stk-block-column stk-column stk-block stk-89930fb stk-block-accordion__content\" data-v=\"4\" data-block-id=\"89930fb\"><div class=\"stk-column-wrapper stk-block-column__content stk-container stk-89930fb-container stk--no-background stk--no-padding\"><div class=\"stk-block-content stk-inner-blocks stk-89930fb-inner-blocks\">\n<div class=\"wp-block-stackable-text stk-block-text stk-block stk-96f73c3\" data-block-id=\"96f73c3\"><p class=\"stk-block-text__text\">\ud83d\udccd Step\u00adha\u00adni\u00adenst\u00adra\u00ad\u00dfe 52, 76133 Karls\u00adru\u00adhe<br>Euro\u00adpap\u00adlatz \u0130st\u00adasy\u00adonu<br><br>\ud83d\udcde 0721\/ 160 89 434 <br><a href=\"mailto:integrationsmanagement@awo-karlsruhe.de\">\ud83d\udce7 im@awo-karlsruhe.de<\/a><br>\ud83c\udf10 <a href=\"http:\/\/www.awo-karlsruhe.de\/im\" rel=\"noopener\">www.awo-karlsruhe.de\/im<\/a><br><br><strong>Ran\u00adde\u00advu<\/strong> ile \ud83d\udcde veya \ud83d\udce7<br>A\u00e7\u0131k dan\u0131\u015f\u00adma saat\u00adle\u00adri ile dan\u0131\u015f\u00adman\u00adl\u0131k: Her Per\u00ad\u015fem\u00adbe 14:00 \u2014 16:00  <br><br>\ud83d\udcce <a href=\"https:\/\/www.anika-net.de\/wp-content\/uploads\/2025\/02\/AWO-Karlsruhe_Flyer-Integrationsmanagement-web.pdf\"><strong>El ila\u00adn\u0131<\/strong><\/a><br><br>\ud83d\udca1 <em>Bize ana dili\u00adniz\u00adde bir e\u2011posta g\u00f6nderebilirsiniz.<\/em><\/p><\/div>\n<\/div><\/div><\/div>\n<\/details>\n\n<details class=\"wp-block-stackable-accordion stk-block-accordion stk-inner-blocks stk-block-content stk-block stk-7fbba43 is-style-default\" data-block-id=\"7fbba43\">\n<summary class=\"wp-block-stackable-column stk-block-column stk-column stk-block stk-29915b4 stk--container-small stk-block-accordion__heading\" data-v=\"4\" data-block-id=\"29915b4\"><div class=\"stk-column-wrapper stk-block-column__content stk-container stk-29915b4-container stk-hover-parent\"><div class=\"stk-block-content stk-inner-blocks stk-29915b4-inner-blocks\">\n<div class=\"wp-block-stackable-icon-label stk-block-icon-label stk-block stk-289e280\" data-block-id=\"289e280\"><div class=\"stk-row stk-inner-blocks stk-block-content\">\n<div class=\"wp-block-stackable-heading stk-block-heading stk-block-heading--v2 stk-block stk-4cc8e60\" id=\"caritasverband-karlsruhe-e-v\" data-block-id=\"4cc8e60\"><h4 class=\"stk-block-heading__text\">Cari\u00adtas\u00adver\u00adband Karls\u00adru\u00adhe e.V.<\/h4><\/div>\n\n\n\n<div class=\"wp-block-stackable-icon stk-block-icon stk-block stk-606dfdb\" data-block-id=\"606dfdb\"><\/div>\n<\/div><\/div>\n<\/div><\/div><\/summary>\n\n\n\n<div class=\"wp-block-stackable-column stk-block-column stk-column stk-block stk-7516323 stk-block-accordion__content\" data-v=\"4\" data-block-id=\"7516323\"><div class=\"stk-column-wrapper stk-block-column__content stk-container stk-7516323-container stk--no-background stk--no-padding\"><div class=\"stk-block-content stk-inner-blocks stk-7516323-inner-blocks\">\n<div class=\"wp-block-stackable-text stk-block-text stk-block stk-04ad9ca\" data-block-id=\"04ad9ca\"><p class=\"stk-block-text__text\">\ud83d\udccd Sop\u00adhi\u00adenst\u00adra\u00ad\u00dfe 33, 76133 Karls\u00adru\u00adhe<br>\u0130st\u00adasy\u00adon Karls\u00adtor<br><br><strong>Ran\u00adde\u00advu ile dan\u0131\u015f\u00adma<\/strong><br>\ud83d\udcde 0721\/ 91243\u201316 <br><a href=\"mailto:integrationsmanagement@caritas-karlsruhe.de\" target=\"_blank\" rel=\"noreferrer noopener\">\ud83d\udce7 <\/a><a href=\"mailto:sekretariat-oemd@caritas-karlsruhe.de\"><\/a>integrationsmanagement@caritas-karlsruhe.de<br>\ud83c\udf10 <strong><a href=\"https:\/\/www.caritas-karlsruhe.de\/hilfen-und-beratung\/menschen-mit-migrationsgeschichte\/der-oekumenische-migrationsdienst\/der-oekumenische-migrationsdienst\" rel=\"noopener\">Cari\u00adtas\u00adver\u00adband Karlsruhe<\/a><\/strong><\/p><\/div>\n<\/div><\/div><\/div>\n<\/details>\n\n<details class=\"wp-block-stackable-accordion stk-block-accordion stk-inner-blocks stk-block-content stk-block stk-89efc15 is-style-default\" data-block-id=\"89efc15\">\n<summary class=\"wp-block-stackable-column stk-block-column stk-column stk-block stk-2bf3263 stk--container-small stk-block-accordion__heading\" data-v=\"4\" data-block-id=\"2bf3263\"><div class=\"stk-column-wrapper stk-block-column__content stk-container stk-2bf3263-container stk-hover-parent\"><div class=\"stk-block-content stk-inner-blocks stk-2bf3263-inner-blocks\">\n<div class=\"wp-block-stackable-icon-label stk-block-icon-label stk-block stk-2248b51\" data-block-id=\"2248b51\"><div class=\"stk-row stk-inner-blocks stk-block-content\">\n<div class=\"wp-block-stackable-heading stk-block-heading stk-block-heading--v2 stk-block stk-baf8f1d\" id=\"internationaler-bund-ib\" data-block-id=\"baf8f1d\"><h4 class=\"stk-block-heading__text\">Inter\u00adna\u00adti\u00adona\u00adler Bund (IB)<\/h4><\/div>\n\n\n\n<div class=\"wp-block-stackable-icon stk-block-icon stk-block stk-3ceb208\" data-block-id=\"3ceb208\"><span class=\"stk--svg-wrapper\"><div class=\"stk--inner-svg\"><svg style=\"height:0;width:0\"><defs><linearGradient id=\"linear-gradient-3ceb208\" x1=\"0\" x2=\"100%\" y1=\"0\" y2=\"0\"><stop offset=\"0%\" style=\"stop-opacity:1;stop-color:var(--linear-gradient-3-ceb-208-color-1)\" \/><stop offset=\"100%\" style=\"stop-opacity:1;stop-color:var(--linear-gradient-3-ceb-208-color-2)\" \/><\/linearGradient><\/defs><\/svg><svg data-prefix=\"fas\" data-icon=\"chevron-down\" class=\"svg-inline--fa fa-chevron-down fa-w-14\" viewBox=\"0 0 448 512\" aria-hidden=\"true\" width=\"32\" height=\"32\"><path fill=\"currentColor\" d=\"M207.029 381.476L12.686 187.132c-9.373-9.373-9.373-24.569 0-33.941l22.667-22.667c9.357-9.357 24.522-9.375 33.901-.04L224 284.505l154.745-154.021c9.379-9.335 24.544-9.317 33.901.04l22.667 22.667c9.373 9.373 9.373 24.569 0 33.941L240.971 381.476c-9.373 9.372-24.569 9.372-33.942 0z\" \/><\/svg><\/div><\/span><\/div>\n<\/div><\/div>\n<\/div><\/div><\/summary>\n\n\n\n<div class=\"wp-block-stackable-column stk-block-column stk-column stk-block stk-fb7df70 stk-block-accordion__content\" data-v=\"4\" data-block-id=\"fb7df70\"><div class=\"stk-column-wrapper stk-block-column__content stk-container stk-fb7df70-container stk--no-background stk--no-padding\"><div class=\"stk-block-content stk-inner-blocks stk-fb7df70-inner-blocks\">\n<div class=\"wp-block-stackable-text stk-block-text stk-block stk-f39c286\" data-block-id=\"f39c286\"><p class=\"stk-block-text__text\"><strong>Gen\u00e7\u00adlik, sos\u00adyal ve e\u011fi\u00adtim \u00e7al\u0131\u015f\u00adma\u00adla\u00adr\u0131 i\u00e7in ba\u011f\u0131m\u00ads\u0131z orga\u00adni\u00adzas\u00adyon e.V.<br>IB Baden<\/strong><br>\ud83d\udccd Siemen\u00adsal\u00adlee 84 (Karls\u00adpark), 76187 Karls\u00adru\u00adhe<br>Tram\u00advay dura\u00ad\u011f\u0131: Kni\u00adelin\u00adgen Siemen\u00adsal\u00adlee <br><br><strong>Ran\u00adde\u00advu ile dan\u0131\u015f\u00adman\u00adl\u0131k<\/strong><br>\ud83d\udcde 0721\/ 850 19 85 veya 0721\/ 850 19 846<br>\ud83d\udce7 integrationsmanagement-karlsruhe@ib.de  <\/p><\/div>\n<\/div><\/div><\/div>\n<\/details>\n\n<h3 class=\"wp-block-heading\"><span style=\"color: #3d52a0;\" class=\"stk-highlight\">Koor\u00addi\u00adnas\u00adyon<\/span><\/h3>\n\n<p><strong>Karls\u00adru\u00adhe Bele\u00addi\u00adye\u00adsi \u2014 Sos\u00adyal \u0130\u015fl\u00ader ve Gen\u00e7\u00adlik Hiz\u00admet\u00adle\u00adri Depart\u00adma\u00adn\u0131<\/strong><br>\ud83d\udcde 0721 133\u20115129<br>\ud83d\udce7 koordination.integrationsmanagement@sjb.karlsruhe.de<br>\ud83c\udf10 www.karlsruhe.de\/gefluechtete<\/p>\n\n<p><\/p>\n","protected":false},"excerpt":{"rendered":"<p>bele\u00addi\u00adye\u00adye ait ge\u00e7i\u00adci konak\u00adla\u00adma yer\u00adle\u00adrin\u00adde Karls\u00adru\u00adhe\u00ad\u2019\u00adde\u00adki Enteg\u00adras\u00adyon Y\u00f6ne\u00adti\u00admi, bele\u00addi\u00adye yurt\u00adla\u00adr\u0131n\u00adda kalan m\u00fcl\u00adte\u00adci\u00adler i\u00e7in kap\u00adsam\u00adl\u0131 dan\u0131\u015f\u00adman\u00adl\u0131k hiz\u00adme\u00adti sun\u00admak\u00adta\u00add\u0131r. Alman\u00adya\u00ad\u2019\u00adda yolu\u00adnu\u00adzu bul\u00adma\u00adn\u0131\u00adza, yeni f\u0131r\u00adsat\u00adlar ke\u015f\u00adfet\u00adme\u00adni\u00adze ve ba\u011f\u0131m\u00ads\u0131z bir ya\u015fam kur\u00adma\u00adn\u0131\u00adza yar\u00add\u0131m\u00adc\u0131 olmak&nbsp;<a class=\"moretag\" href=\"https:\/\/www.anika-net.de\/tr\/varmak\/danismanlik-ve-servis\/belediyenin-gecici-konaklama\/\">daha faz\u00adla okuyun<\/a><\/p>\n","protected":false},"author":12,"featured_media":59394,"parent":15830,"menu_order":0,"comment_status":"closed","ping_status":"closed","template":"","meta":{"_acf_changed":false,"inline_featured_image":false,"_uag_custom_page_level_css":"","wp_typography_post_enhancements_disabled":false,"footnotes":""},"class_list":["post-54548","page","type-page","status-publish","has-post-thumbnail","hentry"],"acf":[],"featured_image_urls_v2":{"full":["https:\/\/www.anika-net.de\/wp-content\/uploads\/2025\/03\/migrationsberatungsstellen.png",2000,1111,false],"thumbnail":["https:\/\/www.anika-net.de\/wp-content\/uploads\/2025\/03\/migrationsberatungsstellen-150x150.png",150,150,true],"medium":["https:\/\/www.anika-net.de\/wp-content\/uploads\/2025\/03\/migrationsberatungsstellen-300x167.png",300,167,true],"medium_large":["https:\/\/www.anika-net.de\/wp-content\/uploads\/2025\/03\/migrationsberatungsstellen-768x427.png",640,356,true],"large":["https:\/\/www.anika-net.de\/wp-content\/uploads\/2025\/03\/migrationsberatungsstellen-1024x569.png",640,356,true],"1536x1536":["https:\/\/www.anika-net.de\/wp-content\/uploads\/2025\/03\/migrationsberatungsstellen-1536x853.png",1536,853,true],"2048x2048":["https:\/\/www.anika-net.de\/wp-content\/uploads\/2025\/03\/migrationsberatungsstellen.png",2000,1111,false],"event-overview":["https:\/\/www.anika-net.de\/wp-content\/uploads\/2025\/03\/migrationsberatungsstellen-960x640.png",960,640,true],"event-archive-thumb":["https:\/\/www.anika-net.de\/wp-content\/uploads\/2025\/03\/migrationsberatungsstellen-480x267.png",480,267,true],"grid-item-thumbnail":["https:\/\/www.anika-net.de\/wp-content\/uploads\/2025\/03\/migrationsberatungsstellen-360x200.png",360,200,true],"network-partner-icon":["https:\/\/www.anika-net.de\/wp-content\/uploads\/2025\/03\/migrationsberatungsstellen-100x100.png",100,100,true],"organiser-icon":["https:\/\/www.anika-net.de\/wp-content\/uploads\/2025\/03\/migrationsberatungsstellen-200x200.png",200,200,true],"gform-image-choice-sm":["https:\/\/www.anika-net.de\/wp-content\/uploads\/2025\/03\/migrationsberatungsstellen.png",300,167,false],"gform-image-choice-md":["https:\/\/www.anika-net.de\/wp-content\/uploads\/2025\/03\/migrationsberatungsstellen.png",400,222,false],"gform-image-choice-lg":["https:\/\/www.anika-net.de\/wp-content\/uploads\/2025\/03\/migrationsberatungsstellen.png",600,333,false]},"post_excerpt_stackable_v2":"<p>bele\u00addi\u00adye\u00adye ait ge\u00e7i\u00adci konak\u00adla\u00adma yer\u00adle\u00adrin\u00adde Karls\u00adru\u00adhe\u00ad\u2019\u00adde\u00adki Enteg\u00adras\u00adyon Y\u00f6ne\u00adti\u00admi, bele\u00addi\u00adye yurt\u00adla\u00adr\u0131n\u00adda kalan m\u00fcl\u00adte\u00adci\u00adler i\u00e7in kap\u00adsam\u00adl\u0131 dan\u0131\u015f\u00adman\u00adl\u0131k hiz\u00adme\u00adti sun\u00admak\u00adta\u00add\u0131r. Alman\u00adya\u00ad\u2019\u00adda yolu\u00adnu\u00adzu bul\u00adma\u00adn\u0131\u00adza, yeni f\u0131r\u00adsat\u00adlar ke\u015f\u00adfet\u00adme\u00adni\u00adze ve ba\u011f\u0131m\u00ads\u0131z bir ya\u015fam kur\u00adma\u00adn\u0131\u00adza yar\u00add\u0131m\u00adc\u0131 olmak i\u00e7in bura\u00adda\u00ady\u0131z. Enteg\u00adras\u00adyon y\u00f6ne\u00adti\u00admi \u00f6zel\u00adlik\u00adle iki hedef gru\u00adba y\u00f6ne\u00adlik\u00adtir: bele\u00addi\u00adye\u00adye ait konak\u00adla\u00adma yer\u00adle\u00adrin\u00adde ya\u015fa\u00adyan m\u00fcl\u00adte\u00adci\u00adler Bele\u00addi\u00adye konut\u00adla\u00adr\u0131n\u00adda ya\u015fa\u00adma\u00adyan ancak sos\u00adyal yar\u00add\u0131m alan m\u00fcl\u00adte\u00adci\u00adlerEnteg\u00adras\u00adyon Y\u00f6ne\u00adti\u00admi a\u015fa\u00ad\u011f\u0131\u00adda\u00adki konu\u00adlar\u00adda dan\u0131\u015f\u00adman\u00adl\u0131k hiz\u00adme\u00adti ver\u00admek\u00adte veya bu ki\u015fi\u00adle\u00adri di\u011fer dan\u0131\u015f\u00adma mer\u00adkez\u00adle\u00adri\u00adne y\u00f6n\u00adlen\u00addir\u00admek\u00adte\u00addir: Alman\u00adca \u00d6\u011fren\u00admek \u0130\u015f ve Kari\u00adyer Mali Durum ve Sos\u00adyal Yar\u00add\u0131m\u00adlar Konut Okul, Kre\u015f ve&nbsp;Aile Sa\u011f\u00adl\u0131k ve Ki\u015fi\u00adsel Konu\u00adlar Top\u00adlum\u00adsal Kat\u0131\u00adl\u0131m Dan\u0131\u015f\u00adman\u00adl\u0131k hiz\u00adme\u00adti en faz\u00adla 3 y\u0131l ile s\u0131n\u0131r\u00adl\u0131\u00add\u0131r.Enteg\u00adras\u00adyon y\u00f6ne\u00adti\u00admi Baden-W\u00fcr\u00adt\u00ad\u00ad\u00adte\u00adm\u00ad\u00ad\u00adberg Sos\u00adyal \u0130\u015fl\u00ader Bakan\u00adl\u0131\u00ad\u011f\u0131&nbsp;ve\u2026<\/p>\n","category_list_v2":"","author_info_v2":{"name":"Andrea Ramirez","url":"https:\/\/www.anika-net.de\/tr\/author\/andrea-ramirez\/"},"comments_num_v2":"0 comments","uagb_featured_image_src":{"full":["https:\/\/www.anika-net.de\/wp-content\/uploads\/2025\/03\/migrationsberatungsstellen.png",2000,1111,false],"thumbnail":["https:\/\/www.anika-net.de\/wp-content\/uploads\/2025\/03\/migrationsberatungsstellen-150x150.png",150,150,true],"medium":["https:\/\/www.anika-net.de\/wp-content\/uploads\/2025\/03\/migrationsberatungsstellen-300x167.png",300,167,true],"medium_large":["https:\/\/www.anika-net.de\/wp-content\/uploads\/2025\/03\/migrationsberatungsstellen-768x427.png",640,356,true],"large":["https:\/\/www.anika-net.de\/wp-content\/uploads\/2025\/03\/migrationsberatungsstellen-1024x569.png",640,356,true],"1536x1536":["https:\/\/www.anika-net.de\/wp-content\/uploads\/2025\/03\/migrationsberatungsstellen-1536x853.png",1536,853,true],"2048x2048":["https:\/\/www.anika-net.de\/wp-content\/uploads\/2025\/03\/migrationsberatungsstellen.png",2000,1111,false],"event-overview":["https:\/\/www.anika-net.de\/wp-content\/uploads\/2025\/03\/migrationsberatungsstellen-960x640.png",960,640,true],"event-archive-thumb":["https:\/\/www.anika-net.de\/wp-content\/uploads\/2025\/03\/migrationsberatungsstellen-480x267.png",480,267,true],"grid-item-thumbnail":["https:\/\/www.anika-net.de\/wp-content\/uploads\/2025\/03\/migrationsberatungsstellen-360x200.png",360,200,true],"network-partner-icon":["https:\/\/www.anika-net.de\/wp-content\/uploads\/2025\/03\/migrationsberatungsstellen-100x100.png",100,100,true],"organiser-icon":["https:\/\/www.anika-net.de\/wp-content\/uploads\/2025\/03\/migrationsberatungsstellen-200x200.png",200,200,true],"gform-image-choice-sm":["https:\/\/www.anika-net.de\/wp-content\/uploads\/2025\/03\/migrationsberatungsstellen.png",300,167,false],"gform-image-choice-md":["https:\/\/www.anika-net.de\/wp-content\/uploads\/2025\/03\/migrationsberatungsstellen.png",400,222,false],"gform-image-choice-lg":["https:\/\/www.anika-net.de\/wp-content\/uploads\/2025\/03\/migrationsberatungsstellen.png",600,333,false]},"uagb_author_info":{"display_name":"Andrea Ramirez","author_link":"https:\/\/www.anika-net.de\/tr\/author\/andrea-ramirez\/"},"uagb_comment_info":0,"uagb_excerpt":"bele\u00addi\u00adye\u00adye ait ge\u00e7i\u00adci konak\u00adla\u00adma yerlerinde Karls\u00adru\u00adhe\u00ad\u2019\u00adde\u00adki Enteg\u00adras\u00adyon Y\u00f6ne\u00adti\u00admi, bele\u00addi\u00adye yurt\u00adla\u00adr\u0131n\u00adda kalan m\u00fcl\u00adte\u00adci\u00adler i\u00e7in kap\u00adsam\u00adl\u0131 dan\u0131\u015f\u00adman\u00adl\u0131k hiz\u00adme\u00adti sunmaktad\u0131r. Alman\u00adya\u00ad\u2019\u00adda yolu\u00adnu\u00adzu bul\u00adma\u00adn\u0131\u00adza, yeni f\u0131r\u00adsat\u00adlar ke\u015f\u00adfet\u00adme\u00adni\u00adze ve ba\u011f\u0131m\u00ads\u0131z bir ya\u015fam kur\u00adma\u00adn\u0131\u00adza yar\u00add\u0131m\u00adc\u0131 olmak&nbsp;daha fazla okuyun","_links":{"self":[{"href":"https:\/\/www.anika-net.de\/tr\/wp-json\/wp\/v2\/pages\/54548","targetHints":{"allow":["GET"]}}],"collection":[{"href":"https:\/\/www.anika-net.de\/tr\/wp-json\/wp\/v2\/pages"}],"about":[{"href":"https:\/\/www.anika-net.de\/tr\/wp-json\/wp\/v2\/types\/page"}],"author":[{"embeddable":true,"href":"https:\/\/www.anika-net.de\/tr\/wp-json\/wp\/v2\/users\/12"}],"replies":[{"embeddable":true,"href":"https:\/\/www.anika-net.de\/tr\/wp-json\/wp\/v2\/comments?post=54548"}],"version-history":[{"count":6,"href":"https:\/\/www.anika-net.de\/tr\/wp-json\/wp\/v2\/pages\/54548\/revisions"}],"predecessor-version":[{"id":121951,"href":"https:\/\/www.anika-net.de\/tr\/wp-json\/wp\/v2\/pages\/54548\/revisions\/121951"}],"up":[{"embeddable":true,"href":"https:\/\/www.anika-net.de\/tr\/wp-json\/wp\/v2\/pages\/15830"}],"wp:featuredmedia":[{"embeddable":true,"href":"https:\/\/www.anika-net.de\/tr\/wp-json\/wp\/v2\/media\/59394"}],"wp:attachment":[{"href":"https:\/\/www.anika-net.de\/tr\/wp-json\/wp\/v2\/media?parent=54548"}],"curies":[{"name":"wp","href":"https:\/\/api.w.org\/{rel}","templated":true}]}}