{"id":34602,"date":"2023-03-07T13:23:24","date_gmt":"2023-03-07T12:23:24","guid":{"rendered":"https:\/\/www.anika-net.de\/almanca-ogrenmek\/online-almanca-ogrenin\/"},"modified":"2026-01-26T13:04:04","modified_gmt":"2026-01-26T12:04:04","slug":"online-almanca-ogrenin","status":"publish","type":"page","link":"https:\/\/www.anika-net.de\/tr\/almanca-ogrenmek\/online-almanca-ogrenin\/","title":{"rendered":"Onli\u00adne Alman\u00adca \u00f6\u011frenin"},"content":{"rendered":"\n<p>Alman\u00adca \u00f6\u011fren\u00admek Alman\u00adya\u00ad\u2019\u00adda\u00adki g\u00fcn\u00adl\u00fck ya\u015fa\u00adma uyum sa\u011f\u00adla\u00admak i\u00e7in \u00f6nem\u00adli bir ad\u0131m\u00add\u0131r. \u0130st\u00ader ken\u00addi ba\u015f\u0131\u00adn\u0131\u00adza dil bece\u00adri\u00adle\u00adri\u00adni\u00adzi geli\u015f\u00adtir\u00admek, ister g\u00fcn\u00adde\u00adlik durum\u00adla\u00adra haz\u0131r\u00adlan\u00admak ya da bir dil kur\u00adsu\u00adnu tamam\u00adla\u00admak iste\u00adyin, <strong>Alman\u00adca \u00f6\u011fren\u00admek i\u00e7in \u00e7ok say\u0131\u00adda onli\u00adne kay\u00adnak<\/strong> var \u2014 baz\u0131\u00adla\u00adr\u0131 <strong>\u00fccret\u00adsiz<\/strong>. <\/p>\n\n<p>Bura\u00adda, yeni ba\u015f\u00adla\u00adyan\u00adlar\u00addan ile\u00adri sevi\u00adye\u00adde\u00adki\u00adle\u00adre kadar fark\u00adl\u0131 sevi\u00adye\u00adler\u00adde Alman\u00adca \u00f6\u011fren\u00adme\u00adni\u00adzi des\u00adtek\u00adle\u00adyen <strong>g\u00fcve\u00adni\u00adlir web site\u00adle\u00adri, uygu\u00adla\u00adma\u00adlar ve \u00f6\u011fren\u00adme plat\u00adform\u00adla\u00adr\u0131n\u00addan<\/strong> bir se\u00e7\u00adki bula\u00adcak\u00ads\u0131\u00adn\u0131z. Bu ara\u00e7\u00adla\u00adr\u0131n \u00e7o\u011fu esnek\u00adtir, kul\u00adla\u00adn\u0131\u00adm\u0131 kolay\u00add\u0131r ve ken\u00addi h\u0131z\u0131\u00adn\u0131z\u00adda \u00f6\u011fren\u00adme\u00adye uygundur.&nbsp;<\/p>\n\n<h3 class=\"wp-block-heading\"><strong>Alman\u00adca \u00f6\u011fren\u00admek i\u00e7in \u00e7ev\u00adri\u00admi\u00ad\u00e7i plat\u00adform\u00adlar ve uygulamalar<\/strong><\/h3>\n\n<div class=\"wp-block-stackable-columns stk-block-columns stk-block stk-0e01465\" data-block-id=\"0e01465\"><div class=\"stk-row stk-inner-blocks stk-block-content stk-content-align stk-0e01465-column\">\n<div class=\"wp-block-stackable-column stk-block-column stk-column stk-block stk-de81e12\" data-v=\"4\" data-block-id=\"de81e12\"><style>@media screen and (min-width:901px){.stk-de81e12 {flex:var(--stk-flex-grow, 1) 1 66.7% !important;}}<\/style><div class=\"stk-column-wrapper stk-block-column__content stk-container stk-de81e12-container stk--no-background stk--no-padding\"><div class=\"stk-block-content stk-inner-blocks stk-de81e12-inner-blocks\">\n<ul class=\"wp-block-list\">\n<li><a href=\"https:\/\/www.bbc.co.uk\/languages\/german\/\" rel=\"noopener\"><strong>BBC Lan\u00adgu\u00adages \u2014 Almanca<\/strong><\/a><\/li>\n\n\n\n<li><strong><a href=\"https:\/\/www.berlitz.com\/de-de\/sprachen\/deutsch\/online\" rel=\"noopener\">Ber\u00adlitz<\/a><\/strong> <em>(\u00fccret\u00adli teklif)<\/em><\/li>\n\n\n\n<li><strong><a href=\"https:\/\/learngerman.dw.com\/de\/deutsch-lernen\/s-9095\" rel=\"noopener\">Deutsc\u00adhe Wel\u00adle<\/a><\/strong> (DW) \u2014 \u00fccret\u00adsiz Alman\u00adca kurs\u00adla\u00adr\u0131 ve videolar\u0131<\/li>\n\n\n\n<li><strong><a href=\"https:\/\/www.duolingo.com\/course\/de\/en\/Lerne-Deutsch\" rel=\"noopener\"><\/a><strong><a href=\"https:\/\/www.duolingo.com\/course\/de\/en\/Lerne-Deutsch\" rel=\"noopener\">Doulin\u00adgo<\/a><\/strong><\/strong> \u2014 dil \u00f6\u011fren\u00adme uygulamas\u0131<\/li>\n\n\n\n<li><a href=\"https:\/\/www.goethe.de\/de\/spr\/ueb.html\" rel=\"noopener\"><strong>Goet\u00adhe-Ver\u00adlag<\/strong><\/a> \u2014 keli\u00adme bil\u00adgi\u00adsi ve dil prati\u011fi<\/li>\n\n\n\n<li><strong><a href=\"https:\/\/www.goethe.de\/de\/spr\/ueb\/kuj\/dt1.html\" rel=\"noopener\">Goet\u00adhe \u2014 Alman\u00adca e\u011fit\u00adme\u00adni A1 uygulamas\u0131<\/a><\/strong><\/li>\n\n\n\n<li><a href=\"https:\/\/www.memrise.com\/en\/learn-german\" rel=\"noopener\"><strong>Mem\u00adri\u00adse<\/strong><\/a> \u2014 keli\u0307me da\u011far\u00adci\u00ad\u011fi e\u011fi\u0307ti\u0307mi\u0307<\/li>\n\n\n\n<li><a href=\"https:\/\/www.vhs-lernportal.de\/wws\/9.php#\/wws\/home.php\" rel=\"noopener\"><strong>vhs ler\u00adning por\u00adtal<\/strong><\/a> \u2014 yeti\u0307\u015fki\u0307n e\u011fi\u0307ti\u0307m mer\u00adkez\u00adle\u00adri\u0307 tara\u00adfin\u00addan \u00fccretsi\u0307z \u00f6\u011fren\u00adme platformu<\/li>\n\n\n\n<li><a href=\"https:\/\/www.jicki.de\/deutsch-ukrainisch\/\" rel=\"noopener\"><strong>Alman\u00adca-Ukray\u00adna\u00adca ve Ukray\u00adna\u00adca-Alman\u00adca<\/strong><\/a> \u2014 \u00f6\u011fren\u00adme kaynaklar\u0131<\/li>\n<\/ul>\n<\/div><\/div><\/div>\n\n\n\n<div class=\"wp-block-stackable-column stk-block-column stk-column stk-block stk-b3f6f19\" data-v=\"4\" data-block-id=\"b3f6f19\"><style>@media screen and (min-width:901px){.stk-b3f6f19 {flex:var(--stk-flex-grow, 1) 1 33.3% !important;}}<\/style><div class=\"stk-column-wrapper stk-block-column__content stk-container stk-b3f6f19-container stk--no-background stk--no-padding\"><div class=\"stk-block-content stk-inner-blocks stk-b3f6f19-inner-blocks\">\n<figure class=\"wp-block-image size-full\"><img decoding=\"async\" width=\"843\" height=\"663\" src=\"https:\/\/www.anika-net.de\/wp-content\/uploads\/2024\/12\/Deutsch-lernen.jpg\" alt class=\"wp-image-56101\" srcset=\"https:\/\/www.anika-net.de\/wp-content\/uploads\/2024\/12\/Deutsch-lernen.jpg 843w, https:\/\/www.anika-net.de\/wp-content\/uploads\/2024\/12\/Deutsch-lernen-300x236.jpg 300w, https:\/\/www.anika-net.de\/wp-content\/uploads\/2024\/12\/Deutsch-lernen-768x604.jpg 768w, https:\/\/www.anika-net.de\/wp-content\/uploads\/2024\/12\/Deutsch-lernen-480x378.jpg 480w\" sizes=\"(max-width: 843px) 100vw, 843px\"><figcaption class=\"wp-element-caption\"><a href=\"https:\/\/www.freepik.com\/free-photo\/learn-german-language-online-education-concept_16449386.htm#fromView=image_search_similar&amp;page=1&amp;position=0&amp;uuid=8c918af6-d111-457f-998e-75c0637637c9\" rel=\"noopener\">Fre\u00adepik<\/a> tara\u00adf\u0131n\u00addan tasarlanm\u0131\u015ft\u0131r<\/figcaption><\/figure>\n<\/div><\/div><\/div>\n<\/div><\/div>\n\n<div class=\"wp-block-stackable-divider stk-block-divider stk-block stk-35a93cf\" data-block-id=\"35a93cf\"><hr class=\"stk-block-divider__hr\"><\/div>\n\n<h3 class=\"wp-block-heading\"><span style=\"color: #06949c;\" class=\"stk-highlight\">\u0130lk\u00adok\u00adul \u00e7ocuk\u00adla\u00adr\u0131\u00adn\u0131n<\/span> Alman\u00adca \u00f6\u011fre\u00adni\u00admi\u00adni des\u00adtek\u00adle\u00admek i\u00e7in \u00e7ev\u00adri\u00admi\u00ad\u00e7i ara\u00e7lar&nbsp;<\/h3>\n\n<ul class=\"wp-block-list\">\n<li><strong><a href=\"https:\/\/amira-lesen.de\/#page=home\" rel=\"noopener\">AM\u0130RA<\/a><\/strong> \u2014 \u0130lk\u00adok\u00adul \u00e7ocuk\u00adla\u00adr\u0131 i\u00e7in <strong>9 dil\u00adde<\/strong> oku\u00adma program\u0131<\/li>\n\n\n\n<li><strong><a href=\"https:\/\/anton.app\/de\/\" rel=\"noopener\">ANTON<\/a><\/strong> \u2014 <strong>1\u2019den 10. s\u0131n\u0131\u00adfa kadar<\/strong> \u00f6\u011fren\u00adci\u00adler i\u00e7in \u00f6\u011fren\u00adme uygulamas\u0131<\/li>\n\n\n\n<li><strong><a href=\"https:\/\/www.bilingual-picturebooks.org\/\" rel=\"noopener\">i\u0307ki\u0307 di\u0307lli\u0307-resi\u0307m ki\u0307taplari<\/a><\/strong> \u2014 \u00dccret\u00adsiz <strong>iki dil\u00adli resim\u00adli kitap\u00adlar\u00adla<\/strong> dil \u00f6\u011frenin<\/li>\n\n\n\n<li><a href=\"https:\/\/www.goethe.de\/de\/spr\/ueb\/led.html\" rel=\"noopener\"><strong>Learn Ger\u00adman \u201cThe City of Words<\/strong>\u201d<\/a> \u2014 Goet\u00adhe-Ins\u00adti\u00adtut tara\u00adf\u0131n\u00addan <strong>yaban\u00adc\u0131 dil ola\u00adrak<\/strong><strong>Alman\u00adca<\/strong> i\u00e7in onli\u00adne oyun <strong>(A1 sevi\u00adye\u00adsi)<\/strong><\/li>\n<\/ul>\n\n<p><\/p>\n","protected":false},"excerpt":{"rendered":"<p>Alman\u00adca \u00f6\u011fren\u00admek Alman\u00adya\u00ad\u2019\u00adda\u00adki g\u00fcn\u00adl\u00fck ya\u015fa\u00adma uyum sa\u011f\u00adla\u00admak i\u00e7in \u00f6nem\u00adli bir ad\u0131m\u00add\u0131r. \u0130st\u00ader ken\u00addi ba\u015f\u0131\u00adn\u0131\u00adza dil bece\u00adri\u00adle\u00adri\u00adni\u00adzi geli\u015f\u00adtir\u00admek, ister g\u00fcn\u00adde\u00adlik durum\u00adla\u00adra haz\u0131r\u00adlan\u00admak ya da bir dil kur\u00adsu\u00adnu tamam\u00adla\u00admak iste\u00adyin, Alman\u00adca \u00f6\u011fren\u00admek&nbsp;<a class=\"moretag\" href=\"https:\/\/www.anika-net.de\/tr\/almanca-ogrenmek\/online-almanca-ogrenin\/\">daha faz\u00adla okuyun<\/a><\/p>\n","protected":false},"author":12,"featured_media":34404,"parent":34538,"menu_order":50,"comment_status":"closed","ping_status":"closed","template":"","meta":{"_acf_changed":false,"inline_featured_image":false,"_uag_custom_page_level_css":"","wp_typography_post_enhancements_disabled":false,"footnotes":""},"class_list":["post-34602","page","type-page","status-publish","has-post-thumbnail","hentry"],"acf":[],"featured_image_urls_v2":{"full":["https:\/\/www.anika-net.de\/wp-content\/uploads\/2023\/03\/Online-Deutsch-lernen_Kacheln-6.png",2000,1111,false],"thumbnail":["https:\/\/www.anika-net.de\/wp-content\/uploads\/2023\/03\/Online-Deutsch-lernen_Kacheln-6-150x150.png",150,150,true],"medium":["https:\/\/www.anika-net.de\/wp-content\/uploads\/2023\/03\/Online-Deutsch-lernen_Kacheln-6-300x167.png",300,167,true],"medium_large":["https:\/\/www.anika-net.de\/wp-content\/uploads\/2023\/03\/Online-Deutsch-lernen_Kacheln-6-768x427.png",640,356,true],"large":["https:\/\/www.anika-net.de\/wp-content\/uploads\/2023\/03\/Online-Deutsch-lernen_Kacheln-6-1024x569.png",640,356,true],"1536x1536":["https:\/\/www.anika-net.de\/wp-content\/uploads\/2023\/03\/Online-Deutsch-lernen_Kacheln-6-1536x853.png",1536,853,true],"2048x2048":["https:\/\/www.anika-net.de\/wp-content\/uploads\/2023\/03\/Online-Deutsch-lernen_Kacheln-6.png",2000,1111,false],"event-overview":["https:\/\/www.anika-net.de\/wp-content\/uploads\/2023\/03\/Online-Deutsch-lernen_Kacheln-6-960x640.png",960,640,true],"event-archive-thumb":["https:\/\/www.anika-net.de\/wp-content\/uploads\/2023\/03\/Online-Deutsch-lernen_Kacheln-6-480x267.png",480,267,true],"grid-item-thumbnail":["https:\/\/www.anika-net.de\/wp-content\/uploads\/2023\/03\/Online-Deutsch-lernen_Kacheln-6-360x200.png",360,200,true],"network-partner-icon":["https:\/\/www.anika-net.de\/wp-content\/uploads\/2023\/03\/Online-Deutsch-lernen_Kacheln-6-100x100.png",100,100,true],"organiser-icon":["https:\/\/www.anika-net.de\/wp-content\/uploads\/2023\/03\/Online-Deutsch-lernen_Kacheln-6-200x200.png",200,200,true],"gform-image-choice-sm":["https:\/\/www.anika-net.de\/wp-content\/uploads\/2023\/03\/Online-Deutsch-lernen_Kacheln-6.png",300,167,false],"gform-image-choice-md":["https:\/\/www.anika-net.de\/wp-content\/uploads\/2023\/03\/Online-Deutsch-lernen_Kacheln-6.png",400,222,false],"gform-image-choice-lg":["https:\/\/www.anika-net.de\/wp-content\/uploads\/2023\/03\/Online-Deutsch-lernen_Kacheln-6.png",600,333,false]},"post_excerpt_stackable_v2":"<p>Alman\u00adca \u00f6\u011fren\u00admek Alman\u00adya\u00ad\u2019\u00adda\u00adki g\u00fcn\u00adl\u00fck ya\u015fa\u00adma uyum sa\u011f\u00adla\u00admak i\u00e7in \u00f6nem\u00adli bir ad\u0131m\u00add\u0131r. \u0130st\u00ader ken\u00addi ba\u015f\u0131\u00adn\u0131\u00adza dil bece\u00adri\u00adle\u00adri\u00adni\u00adzi geli\u015f\u00adtir\u00admek, ister g\u00fcn\u00adde\u00adlik durum\u00adla\u00adra haz\u0131r\u00adlan\u00admak ya da bir dil kur\u00adsu\u00adnu tamam\u00adla\u00admak iste\u00adyin, Alman\u00adca \u00f6\u011fren\u00admek i\u00e7in \u00e7ok say\u0131\u00adda onli\u00adne kay\u00adnak var \u2014 baz\u0131\u00adla\u00adr\u0131 \u00fccret\u00adsiz. Bura\u00adda, yeni ba\u015f\u00adla\u00adyan\u00adlar\u00addan ile\u00adri sevi\u00adye\u00adde\u00adki\u00adle\u00adre kadar fark\u00adl\u0131 sevi\u00adye\u00adler\u00adde Alman\u00adca \u00f6\u011fren\u00adme\u00adni\u00adzi des\u00adtek\u00adle\u00adyen g\u00fcve\u00adni\u00adlir web site\u00adle\u00adri, uygu\u00adla\u00adma\u00adlar ve \u00f6\u011fren\u00adme plat\u00adform\u00adla\u00adr\u0131n\u00addan bir se\u00e7\u00adki bula\u00adcak\u00ads\u0131\u00adn\u0131z. Bu ara\u00e7\u00adla\u00adr\u0131n \u00e7o\u011fu esnek\u00adtir, kul\u00adla\u00adn\u0131\u00adm\u0131 kolay\u00add\u0131r ve ken\u00addi h\u0131z\u0131\u00adn\u0131z\u00adda \u00f6\u011fren\u00adme\u00adye uygun\u00addur.&nbsp; Alman\u00adca \u00f6\u011fren\u00admek i\u00e7in \u00e7ev\u00adri\u00admi\u00ad\u00e7i plat\u00adform\u00adlar ve uygu\u00adla\u00adma\u00adlar BBC Lan\u00adgu\u00adages \u2014 Alman\u00adca Ber\u00adlitz (\u00fccret\u00adli tek\u00adlif) Deutsc\u00adhe Wel\u00adle (DW) \u2014 \u00fccret\u00adsiz Alman\u00adca kurs\u00adla\u00adr\u0131 ve vide\u00adola\u00adr\u0131 Doulin\u00adgo \u2014 dil \u00f6\u011fren\u00adme uygu\u00adla\u00adma\u00ads\u0131 Goethe-Verlag\u2026<\/p>\n","category_list_v2":"","author_info_v2":{"name":"Andrea Ramirez","url":"https:\/\/www.anika-net.de\/tr\/author\/andrea-ramirez\/"},"comments_num_v2":"0 comments","uagb_featured_image_src":{"full":["https:\/\/www.anika-net.de\/wp-content\/uploads\/2023\/03\/Online-Deutsch-lernen_Kacheln-6.png",2000,1111,false],"thumbnail":["https:\/\/www.anika-net.de\/wp-content\/uploads\/2023\/03\/Online-Deutsch-lernen_Kacheln-6-150x150.png",150,150,true],"medium":["https:\/\/www.anika-net.de\/wp-content\/uploads\/2023\/03\/Online-Deutsch-lernen_Kacheln-6-300x167.png",300,167,true],"medium_large":["https:\/\/www.anika-net.de\/wp-content\/uploads\/2023\/03\/Online-Deutsch-lernen_Kacheln-6-768x427.png",640,356,true],"large":["https:\/\/www.anika-net.de\/wp-content\/uploads\/2023\/03\/Online-Deutsch-lernen_Kacheln-6-1024x569.png",640,356,true],"1536x1536":["https:\/\/www.anika-net.de\/wp-content\/uploads\/2023\/03\/Online-Deutsch-lernen_Kacheln-6-1536x853.png",1536,853,true],"2048x2048":["https:\/\/www.anika-net.de\/wp-content\/uploads\/2023\/03\/Online-Deutsch-lernen_Kacheln-6.png",2000,1111,false],"event-overview":["https:\/\/www.anika-net.de\/wp-content\/uploads\/2023\/03\/Online-Deutsch-lernen_Kacheln-6-960x640.png",960,640,true],"event-archive-thumb":["https:\/\/www.anika-net.de\/wp-content\/uploads\/2023\/03\/Online-Deutsch-lernen_Kacheln-6-480x267.png",480,267,true],"grid-item-thumbnail":["https:\/\/www.anika-net.de\/wp-content\/uploads\/2023\/03\/Online-Deutsch-lernen_Kacheln-6-360x200.png",360,200,true],"network-partner-icon":["https:\/\/www.anika-net.de\/wp-content\/uploads\/2023\/03\/Online-Deutsch-lernen_Kacheln-6-100x100.png",100,100,true],"organiser-icon":["https:\/\/www.anika-net.de\/wp-content\/uploads\/2023\/03\/Online-Deutsch-lernen_Kacheln-6-200x200.png",200,200,true],"gform-image-choice-sm":["https:\/\/www.anika-net.de\/wp-content\/uploads\/2023\/03\/Online-Deutsch-lernen_Kacheln-6.png",300,167,false],"gform-image-choice-md":["https:\/\/www.anika-net.de\/wp-content\/uploads\/2023\/03\/Online-Deutsch-lernen_Kacheln-6.png",400,222,false],"gform-image-choice-lg":["https:\/\/www.anika-net.de\/wp-content\/uploads\/2023\/03\/Online-Deutsch-lernen_Kacheln-6.png",600,333,false]},"uagb_author_info":{"display_name":"Andrea Ramirez","author_link":"https:\/\/www.anika-net.de\/tr\/author\/andrea-ramirez\/"},"uagb_comment_info":0,"uagb_excerpt":"Alman\u00adca \u00f6\u011fren\u00admek Alman\u00adya\u00ad\u2019\u00adda\u00adki g\u00fcn\u00adl\u00fck ya\u015fa\u00adma uyum sa\u011f\u00adla\u00admak i\u00e7in \u00f6nem\u00adli bir ad\u0131m\u00add\u0131r. \u0130st\u00ader ken\u00addi ba\u015f\u0131\u00adn\u0131\u00adza dil bece\u00adri\u00adle\u00adri\u00adni\u00adzi geli\u015f\u00adtir\u00admek, ister g\u00fcn\u00adde\u00adlik durum\u00adla\u00adra haz\u0131r\u00adlan\u00admak ya da bir dil kur\u00adsu\u00adnu tamam\u00adla\u00admak iste\u00adyin, Alman\u00adca \u00f6\u011fren\u00admek&nbsp;daha fazla okuyun","_links":{"self":[{"href":"https:\/\/www.anika-net.de\/tr\/wp-json\/wp\/v2\/pages\/34602","targetHints":{"allow":["GET"]}}],"collection":[{"href":"https:\/\/www.anika-net.de\/tr\/wp-json\/wp\/v2\/pages"}],"about":[{"href":"https:\/\/www.anika-net.de\/tr\/wp-json\/wp\/v2\/types\/page"}],"author":[{"embeddable":true,"href":"https:\/\/www.anika-net.de\/tr\/wp-json\/wp\/v2\/users\/12"}],"replies":[{"embeddable":true,"href":"https:\/\/www.anika-net.de\/tr\/wp-json\/wp\/v2\/comments?post=34602"}],"version-history":[{"count":3,"href":"https:\/\/www.anika-net.de\/tr\/wp-json\/wp\/v2\/pages\/34602\/revisions"}],"predecessor-version":[{"id":118141,"href":"https:\/\/www.anika-net.de\/tr\/wp-json\/wp\/v2\/pages\/34602\/revisions\/118141"}],"up":[{"embeddable":true,"href":"https:\/\/www.anika-net.de\/tr\/wp-json\/wp\/v2\/pages\/34538"}],"wp:featuredmedia":[{"embeddable":true,"href":"https:\/\/www.anika-net.de\/tr\/wp-json\/wp\/v2\/media\/34404"}],"wp:attachment":[{"href":"https:\/\/www.anika-net.de\/tr\/wp-json\/wp\/v2\/media?parent=34602"}],"curies":[{"name":"wp","href":"https:\/\/api.w.org\/{rel}","templated":true}]}}