{"id":34535,"date":"2023-03-07T12:55:38","date_gmt":"2023-03-07T11:55:38","guid":{"rendered":"https:\/\/www.anika-net.de\/varmak\/konaklama\/atik-ayristirma\/"},"modified":"2025-06-05T10:28:00","modified_gmt":"2025-06-05T08:28:00","slug":"atik-ayristirma","status":"publish","type":"page","link":"https:\/\/www.anika-net.de\/tr\/varmak\/konaklama\/atik-ayristirma\/","title":{"rendered":"At\u0131k ayr\u0131\u015f\u00adt\u0131r\u00adma \ud83d\udeae"},"content":{"rendered":"\n<p>Karls\u00adru\u00adhe\u00ad\u2019\u00adde \u00e7\u00f6p\u00adler ve orga\u00adnik at\u0131k\u00adlar d\u00f6rt fark\u00adl\u0131 kutu\u00adya at\u0131labilmektedir:<\/p>\n\n<p>\ud83e\uded6 <strong>Art\u0131k at\u0131k\u00adlar (Rest\u00adm\u00fcll)<\/strong>: \u00f6rne\u00ad\u011fin so\u011fuk k\u00fcl, kau\u00e7uk, men\u00addil, sera\u00admik, \u00e7ocuk bezi gibi hij\u00adyen \u00fcr\u00fcnleri.<\/p>\n\n<p>\u267b <strong>Geri d\u00f6n\u00fc\u015f\u00adt\u00fc\u00adr\u00fc\u00adle\u00adbi\u00adlir mal\u00adze\u00adme\u00adler (Werts\u00adtoff):<\/strong> \u00f6rne\u00ad\u011fin plas\u00adtik veya metal (amba\u00adlaj), i\u015flen\u00adme\u00admi\u015f ah\u015fap, al\u00fc\u00admin\u00adyum fol\u00adyo, i\u00e7ecek\/s\u00fct kar\u00adton\u00adla\u00adr\u0131, polistiren.<\/p>\n\n<p>\ud83c\udf4e <strong>Orga\u00adnik at\u0131k\u00adlar (Bio\u00adab\u00adfall):<\/strong> \u00f6rne\u00ad\u011fin \u00e7i\u00e7ek\u00adler ve sak\u00ads\u0131 bit\u00adki\u00adle\u00adri, yumur\u00adta kabuk\u00adla\u00adr\u0131, mey\u00adve ve seb\u00adze at\u0131k\u00adla\u00adr\u0131, kah\u00adve tel\u00adve\u00adsi, mey\u00adve kabu\u00ad\u011fu (\u00f6rne\u00ad\u011fin por\u00adta\u00adkal kabu\u00ad\u011fu), \u00e7i\u011f ve pi\u015f\u00admi\u015f yemek art\u0131k\u00adla\u00adr\u0131, \u00e7ay po\u015fetleri.<\/p>\n\n<p>\ud83d\uddde <strong>Ka\u011f\u0131t\/karton (Papier\/Pappe): <\/strong>\u00f6rne\u00ad\u011fin ka\u011f\u0131t, kart ve kar\u00adton, kitap\u00adlar, kata\u00adlog\u00adlar, ka\u011f\u0131t tor\u00adba\u00adlar, yaz\u0131 ka\u011f\u0131\u00add\u0131, gazeteler.<\/p>\n\n<p><strong>Di\u011fer at\u0131k\u00adlar:<\/strong><\/p>\n\n<ul class=\"wp-block-list\">\n<li>Pil\u00adler, cam, teks\u00adtil \u00fcr\u00fcn\u00adle\u00adri ve ye\u015fil at\u0131k\u00adlar <strong>\u015fehir gene\u00adlin\u00adde bulu\u00adnan kon\u00adtey\u00adner\u00adler\u00adde<\/strong> toplanmaktad\u0131r<\/li>\n<\/ul>\n\n<ul class=\"wp-block-list\">\n<li>Teh\u00adli\u00adke\u00adli mad\u00adde\u00adler, <strong>belir\u00adle\u00adnen top\u00adla\u00adma nok\u00adta\u00adla\u00adr\u0131n\u00adda veya teh\u00adli\u00adke\u00adli mad\u00adde\u00adle\u00adrin mobil ola\u00adrak top\u00adlan\u00adma\u00ads\u0131 yoluy\u00adla<\/strong> ber\u00adta\u00adraf edilmelidir.<\/li>\n<\/ul>\n\n<p><strong>At\u0131k ber\u00adta\u00adraf tesis\u00adle\u00adri<\/strong> hak\u00adk\u0131n\u00adda daha faz\u00adla bil\u00adgi\u00adyi <strong>\u015fu adres\u00adte<\/strong> bula\u00adbi\u00adlir\u00adsi\u00adniz: w <strong>ww.karl<\/strong> sruhe.de\/abfall<\/p>\n\n<p class=\"has-text-align-left\"><em><strong>At\u0131k ayr\u0131\u015f\u00adt\u0131r\u00adma, amba\u00adlaj gibi mal\u00adze\u00adme\u00adle\u00adrin geri d\u00f6n\u00fc\u015f\u00adt\u00fc\u00adr\u00fcl\u00adme\u00adsi\u00adni kolay\u00adla\u015f\u00adt\u0131r\u00add\u0131\u00ad\u011f\u0131 i\u00e7in \u00e7ev\u00adre\u00admi\u00adzi koru\u00adma\u00adm\u0131\u00adza yar\u00add\u0131m\u00adc\u0131&nbsp;olur.<\/strong><\/em><\/p>\n\n<div class=\"wp-block-stackable-columns stk-block-columns stk-block stk-845409e\" data-block-id=\"845409e\"><div class=\"stk-row stk-inner-blocks stk-block-content stk-content-align stk-845409e-column\">\n<div class=\"wp-block-stackable-column stk-block-column stk-column stk-block stk-579f546\" data-v=\"4\" data-block-id=\"579f546\"><style>@media screen and (min-width:901px){.stk-579f546 {flex:var(--stk-flex-grow, 1) 1 25% !important;}}<\/style><div class=\"stk-column-wrapper stk-block-column__content stk-container stk-579f546-container stk--no-background stk--no-padding\"><div class=\"stk-block-content stk-inner-blocks stk-579f546-inner-blocks\">\n<figure class=\"wp-block-image size-full is-resized\"><img decoding=\"async\" width=\"992\" height=\"728\" src=\"https:\/\/www.anika-net.de\/wp-content\/uploads\/2023\/11\/AfA_Tonne_klein_schwarz.jpg\" alt class=\"wp-image-44052\" style=\"width:130px\" srcset=\"https:\/\/www.anika-net.de\/wp-content\/uploads\/2023\/11\/AfA_Tonne_klein_schwarz.jpg 992w, https:\/\/www.anika-net.de\/wp-content\/uploads\/2023\/11\/AfA_Tonne_klein_schwarz-300x220.jpg 300w, https:\/\/www.anika-net.de\/wp-content\/uploads\/2023\/11\/AfA_Tonne_klein_schwarz-768x564.jpg 768w, https:\/\/www.anika-net.de\/wp-content\/uploads\/2023\/11\/AfA_Tonne_klein_schwarz-480x352.jpg 480w\" sizes=\"(max-width: 992px) 100vw, 992px\"><figcaption class=\"wp-element-caption\"> <strong>Rest\u00adm\u00fcll\u00adton\u00adne<\/strong><\/figcaption><\/figure>\n<\/div><\/div><\/div>\n\n\n\n<div class=\"wp-block-stackable-column stk-block-column stk-column stk-block stk-8d3111b\" data-v=\"4\" data-block-id=\"8d3111b\"><style>@media screen and (min-width:901px){.stk-8d3111b {flex:var(--stk-flex-grow, 1) 1 25% !important;}}<\/style><div class=\"stk-column-wrapper stk-block-column__content stk-container stk-8d3111b-container stk--no-background stk--no-padding\"><div class=\"stk-block-content stk-inner-blocks stk-8d3111b-inner-blocks\">\n<figure class=\"wp-block-image size-thumbnail is-resized\"><img decoding=\"async\" width=\"150\" height=\"150\" src=\"https:\/\/www.anika-net.de\/wp-content\/uploads\/2023\/11\/AfA_Tonne_klein_rot_-150x150.jpg\" alt class=\"wp-image-44067\" style=\"width:100px\" srcset=\"https:\/\/www.anika-net.de\/wp-content\/uploads\/2023\/11\/AfA_Tonne_klein_rot_-150x150.jpg 150w, https:\/\/www.anika-net.de\/wp-content\/uploads\/2023\/11\/AfA_Tonne_klein_rot_-600x600.jpg 600w, https:\/\/www.anika-net.de\/wp-content\/uploads\/2023\/11\/AfA_Tonne_klein_rot_-100x100.jpg 100w, https:\/\/www.anika-net.de\/wp-content\/uploads\/2023\/11\/AfA_Tonne_klein_rot_-200x200.jpg 200w\" sizes=\"(max-width: 150px) 100vw, 150px\"><figcaption class=\"wp-element-caption\"> <strong>Werts\u00adtoff\u00adton\u00adne<\/strong><\/figcaption><\/figure>\n<\/div><\/div><\/div>\n\n\n\n<div class=\"wp-block-stackable-column stk-block-column stk-column stk-block stk-00a08eb\" data-v=\"4\" data-block-id=\"00a08eb\"><style>@media screen and (min-width:901px){.stk-00a08eb {flex:var(--stk-flex-grow, 1) 1 25% !important;}}<\/style><div class=\"stk-column-wrapper stk-block-column__content stk-container stk-00a08eb-container stk--no-background stk--no-padding\"><div class=\"stk-block-content stk-inner-blocks stk-00a08eb-inner-blocks\">\n<figure class=\"wp-block-image size-large is-resized\"><img decoding=\"async\" width=\"1024\" height=\"728\" src=\"https:\/\/www.anika-net.de\/wp-content\/uploads\/2023\/11\/AfA_Tonne_klein_gruen2-1024x728.jpg\" alt class=\"wp-image-44121\" style=\"width:130px\" srcset=\"https:\/\/www.anika-net.de\/wp-content\/uploads\/2023\/11\/AfA_Tonne_klein_gruen2-1024x728.jpg 1024w, https:\/\/www.anika-net.de\/wp-content\/uploads\/2023\/11\/AfA_Tonne_klein_gruen2-300x213.jpg 300w, https:\/\/www.anika-net.de\/wp-content\/uploads\/2023\/11\/AfA_Tonne_klein_gruen2-768x546.jpg 768w, https:\/\/www.anika-net.de\/wp-content\/uploads\/2023\/11\/AfA_Tonne_klein_gruen2-1536x1091.jpg 1536w, https:\/\/www.anika-net.de\/wp-content\/uploads\/2023\/11\/AfA_Tonne_klein_gruen2-2048x1455.jpg 2048w, https:\/\/www.anika-net.de\/wp-content\/uploads\/2023\/11\/AfA_Tonne_klein_gruen2-480x341.jpg 480w\" sizes=\"(max-width: 1024px) 100vw, 1024px\"><figcaption class=\"wp-element-caption\">      <strong>Bio\u00adab\u00adfall<\/strong><\/figcaption><\/figure>\n<\/div><\/div><\/div>\n\n\n\n<div class=\"wp-block-stackable-column stk-block-column stk-column stk-block stk-c5fa175\" data-v=\"4\" data-block-id=\"c5fa175\"><style>@media screen and (min-width:901px){.stk-c5fa175 {flex:var(--stk-flex-grow, 1) 1 25% !important;}}<\/style><div class=\"stk-column-wrapper stk-block-column__content stk-container stk-c5fa175-container stk--no-background stk--no-padding\"><div class=\"stk-block-content stk-inner-blocks stk-c5fa175-inner-blocks\">\n<figure class=\"wp-block-image size-full is-resized\"><img decoding=\"async\" width=\"992\" height=\"729\" src=\"https:\/\/www.anika-net.de\/wp-content\/uploads\/2023\/11\/AfA_Tonne_klein_blau_.jpg\" alt class=\"wp-image-44097\" style=\"width:140px\" srcset=\"https:\/\/www.anika-net.de\/wp-content\/uploads\/2023\/11\/AfA_Tonne_klein_blau_.jpg 992w, https:\/\/www.anika-net.de\/wp-content\/uploads\/2023\/11\/AfA_Tonne_klein_blau_-300x220.jpg 300w, https:\/\/www.anika-net.de\/wp-content\/uploads\/2023\/11\/AfA_Tonne_klein_blau_-768x564.jpg 768w, https:\/\/www.anika-net.de\/wp-content\/uploads\/2023\/11\/AfA_Tonne_klein_blau_-480x353.jpg 480w\" sizes=\"(max-width: 992px) 100vw, 992px\"><figcaption class=\"wp-element-caption\">    <strong>Papi\u00ader\u00adton\u00adne<\/strong><\/figcaption><\/figure>\n<\/div><\/div><\/div>\n<\/div><\/div>\n\n<h2 class=\"wp-block-heading\">Karls\u00adru\u00adhe\u00ad\u2019\u00adde at\u0131k bertaraf\u0131<\/h2>\n\n<p>Karls\u00adru\u00adhe \u201cde d\u00f6rt adet \u00e7\u00f6p kutu\u00adsu bulun\u00admak\u00adta\u00add\u0131r. At\u0131k\u00adlar orga\u00adnik at\u0131k\u00adlar, ka\u011f\u0131t, art\u0131k at\u0131k\u00adlar ve geri d\u00f6n\u00fc\u015f\u00adt\u00fc\u00adr\u00fc\u00adle\u00adbi\u00adlir at\u0131k\u00adlar ola\u00adrak ayr\u0131\u00adl\u0131r. Bu ara\u00adda, elekt\u00adrik\u00adli at\u0131k\u00adlar \u00e7\u00f6p kutu\u00adsu\u00adna at\u0131l\u00adma\u00admak\u00adta\u00add\u0131r. Ayr\u0131 ola\u00adrak imha edil\u00adme\u00adli\u00addir. Buna ek ola\u00adrak, Karls\u00adru\u00adhe\u201d deki her hane <strong>y\u0131l\u00adda iki kez<\/strong> hacim\u00adli at\u0131k\u00adla\u00adr\u0131 <strong>\u00fccret\u00adsiz<\/strong> ve uygun bir \u015fekil\u00adde ber\u00adta\u00adraf etme imka\u00adn\u0131\u00adna sahiptir.&nbsp;<\/p>\n\n<ul class=\"wp-block-list\">\n<li>\ud83d\ude9b Kolek\u00adsi\u00adyon tak\u00advi\u00admi \u2014 <strong><a href=\"https:\/\/web6.karlsruhe.de\/service\/abfall\/akal\/akal.php\" rel=\"noopener\">ber\u00adta\u00adraf tarihleri<\/a><\/strong><\/li>\n\n\n\n<li>\ud83d\ude9b At\u0131k \u00e7\u00f6p kutu\u00adla\u00adr\u0131 \u2014 <strong><a href=\"https:\/\/tsk.karlsruhe.de\/unsere-leistungen\/formulare\/bestellung\/abbestellung-abfallbehaelter\" rel=\"noopener\">si\u0307pari\u0307\u015f \/ de\u011fi\u0307\u015fi\u0307kli\u0307k \/ i\u0307ptal<\/a><\/strong><\/li>\n\n\n\n<li>\ud83d\ude9b Ka\u011f\u0131t \u00e7\u00f6p kon\u00adtey\u00adne\u00adri \u2014 <strong><a href=\"https:\/\/tsk.karlsruhe.de\/unsere-leistungen\/formulare\/befreiung-papiertonne\" rel=\"noopener\">Muafi\u00adyet i\u00e7in ba\u015fvuru<\/a><\/strong><\/li>\n\n\n\n<li>\ud83d\ude9b Hacim\u00adli at\u0131k \u2014 <strong><a href=\"https:\/\/web6.karlsruhe.de\/service\/abfall\/sperrmuell_abruf\/index.php\" rel=\"noopener\">bir top\u00adla\u00adma tari\u00adhi ayarlay\u0131n<\/a><\/strong><\/li>\n\n\n\n<li>\ud83d\ude9b Beyaz e\u015fya \u2014 <strong><a href=\"https:\/\/web6.karlsruhe.de\/service\/abfall\/sperrmuell_abruf\/index_ww.php\" rel=\"noopener\">bir top\u00adla\u00adma tari\u00adhi ayarlay\u0131n<\/a><\/strong><\/li>\n<\/ul>\n","protected":false},"excerpt":{"rendered":"<p>Karls\u00adru\u00adhe\u00ad\u2019\u00adde \u00e7\u00f6p\u00adler ve orga\u00adnik at\u0131k\u00adlar d\u00f6rt fark\u00adl\u0131 kutu\u00adya at\u0131\u00adla\u00adbil\u00admek\u00adte\u00addir: \ud83e\uded6 Art\u0131k at\u0131k\u00adlar (Rest\u00adm\u00fcll): \u00f6rne\u00ad\u011fin so\u011fuk k\u00fcl, kau\u00e7uk, men\u00addil, sera\u00admik, \u00e7ocuk bezi gibi hij\u00adyen \u00fcr\u00fcn\u00adle\u00adri. \u267b Geri d\u00f6n\u00fc\u015f\u00adt\u00fc\u00adr\u00fc\u00adle\u00adbi\u00adlir mal\u00adze\u00adme\u00adler (Werts\u00adtoff): \u00f6rne\u00ad\u011fin&nbsp;<a class=\"moretag\" href=\"https:\/\/www.anika-net.de\/tr\/varmak\/konaklama\/atik-ayristirma\/\">daha faz\u00adla okuyun<\/a><\/p>\n","protected":false},"author":12,"featured_media":0,"parent":15705,"menu_order":50,"comment_status":"closed","ping_status":"closed","template":"","meta":{"_acf_changed":false,"inline_featured_image":false,"_uag_custom_page_level_css":"","wp_typography_post_enhancements_disabled":false,"footnotes":""},"class_list":["post-34535","page","type-page","status-publish","hentry"],"acf":[],"featured_image_urls_v2":{"full":"","thumbnail":"","medium":"","medium_large":"","large":"","1536x1536":"","2048x2048":"","event-overview":"","event-archive-thumb":"","grid-item-thumbnail":"","network-partner-icon":"","organiser-icon":"","gform-image-choice-sm":"","gform-image-choice-md":"","gform-image-choice-lg":""},"post_excerpt_stackable_v2":"<p>Karls\u00adru\u00adhe\u00ad\u2019\u00adde \u00e7\u00f6p\u00adler ve orga\u00adnik at\u0131k\u00adlar d\u00f6rt fark\u00adl\u0131 kutu\u00adya at\u0131\u00adla\u00adbil\u00admek\u00adte\u00addir: \ud83e\uded6 Art\u0131k at\u0131k\u00adlar (Rest\u00adm\u00fcll): \u00f6rne\u00ad\u011fin so\u011fuk k\u00fcl, kau\u00e7uk, men\u00addil, sera\u00admik, \u00e7ocuk bezi gibi hij\u00adyen \u00fcr\u00fcn\u00adle\u00adri. \u267b Geri d\u00f6n\u00fc\u015f\u00adt\u00fc\u00adr\u00fc\u00adle\u00adbi\u00adlir mal\u00adze\u00adme\u00adler (Werts\u00adtoff): \u00f6rne\u00ad\u011fin plas\u00adtik veya metal (amba\u00adlaj), i\u015flen\u00adme\u00admi\u015f ah\u015fap, al\u00fc\u00admin\u00adyum fol\u00adyo, i\u00e7ecek\/s\u00fct kar\u00adton\u00adla\u00adr\u0131, polis\u00adti\u00adren. \ud83c\udf4e Orga\u00adnik at\u0131k\u00adlar (Bio\u00adab\u00adfall): \u00f6rne\u00ad\u011fin \u00e7i\u00e7ek\u00adler ve sak\u00ads\u0131 bit\u00adki\u00adle\u00adri, yumur\u00adta kabuk\u00adla\u00adr\u0131, mey\u00adve ve seb\u00adze at\u0131k\u00adla\u00adr\u0131, kah\u00adve tel\u00adve\u00adsi, mey\u00adve kabu\u00ad\u011fu (\u00f6rne\u00ad\u011fin por\u00adta\u00adkal kabu\u00ad\u011fu), \u00e7i\u011f ve pi\u015f\u00admi\u015f yemek art\u0131k\u00adla\u00adr\u0131, \u00e7ay po\u015fet\u00adle\u00adri. \ud83d\uddde Ka\u011f\u0131t\/karton (Papier\/Pappe): \u00f6rne\u00ad\u011fin ka\u011f\u0131t, kart ve kar\u00adton, kitap\u00adlar, kata\u00adlog\u00adlar, ka\u011f\u0131t tor\u00adba\u00adlar, yaz\u0131 ka\u011f\u0131\u00add\u0131, gaze\u00adte\u00adler. Di\u011fer at\u0131k\u00adlar: Pil\u00adler, cam, teks\u00adtil \u00fcr\u00fcn\u00adle\u00adri ve ye\u015fil at\u0131k\u00adlar \u015fehir gene\u00adlin\u00adde bulu\u00adnan kon\u00adtey\u00adner\u00adler\u00adde top\u00adlan\u00admak\u00adta\u00add\u0131r Tehlikeli\u2026<\/p>\n","category_list_v2":"","author_info_v2":{"name":"Andrea Ramirez","url":"https:\/\/www.anika-net.de\/tr\/author\/andrea-ramirez\/"},"comments_num_v2":"0 comments","uagb_featured_image_src":{"full":false,"thumbnail":false,"medium":false,"medium_large":false,"large":false,"1536x1536":false,"2048x2048":false,"event-overview":false,"event-archive-thumb":false,"grid-item-thumbnail":false,"network-partner-icon":false,"organiser-icon":false,"gform-image-choice-sm":false,"gform-image-choice-md":false,"gform-image-choice-lg":false},"uagb_author_info":{"display_name":"Andrea Ramirez","author_link":"https:\/\/www.anika-net.de\/tr\/author\/andrea-ramirez\/"},"uagb_comment_info":0,"uagb_excerpt":"Karls\u00adru\u00adhe\u00ad\u2019\u00adde \u00e7\u00f6p\u00adler ve orga\u00adnik at\u0131k\u00adlar d\u00f6rt fark\u00adl\u0131 kutu\u00adya at\u0131labilmektedir: \ud83e\uded6 Art\u0131k at\u0131k\u00adlar (Rest\u00adm\u00fcll): \u00f6rne\u00ad\u011fin so\u011fuk k\u00fcl, kau\u00e7uk, men\u00addil, sera\u00admik, \u00e7ocuk bezi gibi hij\u00adyen \u00fcr\u00fcnleri. \u267b Geri d\u00f6n\u00fc\u015f\u00adt\u00fc\u00adr\u00fc\u00adle\u00adbi\u00adlir mal\u00adze\u00adme\u00adler (Werts\u00adtoff): \u00f6rne\u00ad\u011fin&nbsp;daha fazla okuyun","_links":{"self":[{"href":"https:\/\/www.anika-net.de\/tr\/wp-json\/wp\/v2\/pages\/34535","targetHints":{"allow":["GET"]}}],"collection":[{"href":"https:\/\/www.anika-net.de\/tr\/wp-json\/wp\/v2\/pages"}],"about":[{"href":"https:\/\/www.anika-net.de\/tr\/wp-json\/wp\/v2\/types\/page"}],"author":[{"embeddable":true,"href":"https:\/\/www.anika-net.de\/tr\/wp-json\/wp\/v2\/users\/12"}],"replies":[{"embeddable":true,"href":"https:\/\/www.anika-net.de\/tr\/wp-json\/wp\/v2\/comments?post=34535"}],"version-history":[{"count":2,"href":"https:\/\/www.anika-net.de\/tr\/wp-json\/wp\/v2\/pages\/34535\/revisions"}],"predecessor-version":[{"id":62055,"href":"https:\/\/www.anika-net.de\/tr\/wp-json\/wp\/v2\/pages\/34535\/revisions\/62055"}],"up":[{"embeddable":true,"href":"https:\/\/www.anika-net.de\/tr\/wp-json\/wp\/v2\/pages\/15705"}],"wp:attachment":[{"href":"https:\/\/www.anika-net.de\/tr\/wp-json\/wp\/v2\/media?parent=34535"}],"curies":[{"name":"wp","href":"https:\/\/api.w.org\/{rel}","templated":true}]}}