{"id":2670,"date":"2021-05-21T14:16:52","date_gmt":"2021-05-21T12:16:52","guid":{"rendered":"https:\/\/www.anika-net.de\/childcare-for-pre-school-children\/"},"modified":"2023-05-24T12:25:07","modified_gmt":"2023-05-24T10:25:07","slug":"alti-yila-kadar-cocugu-olan-ebeveynler","status":"publish","type":"page","link":"https:\/\/www.anika-net.de\/tr\/varmak\/cocuklar-ve-aile\/alti-yila-kadar-cocugu-olan-ebeveynler\/","title":{"rendered":"Alt\u0131 ya\u015f\u0131\u00adna kadar \u00e7ocu\u00ad\u011fu olan ebeveynler"},"content":{"rendered":"\n<p>Bu <strong>\n  <a href=\"https:\/\/www.karlsruhe.de\/securedl\/sdl-eyJ0eXAiOiJKV1QiLCJhbGciOiJIUzI1NiJ9.eyJpYXQiOjE2NzkzOTcyNjIsImV4cCI6MzMyMTc2MjY0NTYsInVzZXIiOjAsImdyb3VwcyI6WzAsLTFdLCJmaWxlIjoiZmlsZWFkbWluL3VzZXJfdXBsb2FkLzAyX0JpbGR1bmdfU296aWFsZXMvT0VBX1NKQl9QREZfRGF0ZWllbi9CdVAvS2lCdWUvU3RhZHRfS2FybHNydWhlX0ZhbHRibGF0dF9TdGFydHB1bmt0X0VsdGVybmNhZmVzLnBkZiIsInBhZ2UiOjEwMDl9.oydYQ-_-RKo7nKf3qMMZN819l5lvkyF7mlOvUO5C6rk\/Stadt_Karlsruhe_Faltblatt_Startpunkt_Elterncafes.pdf\" rel=\"noopener\">Start\u00adpunkt-Eltern\u00adca\u00adf\u00ad\u00e9s<\/a>\n<\/strong><strong>t\u00fcm anne-baba aday\u00adla\u00adr\u0131 ile bebek\u00adli ve k\u00fc\u00e7\u00fck \u00e7ocuk\u00adlu aile\u00adler i\u00e7in a\u00e7\u0131k<\/strong> bir <strong>ebe\u00adveyn kafe\u00adsi<\/strong> sun\u00admak\u00adta\u00add\u0131r. Bura\u00adda di\u011fer ebe\u00adveyn\u00adler ve e\u011fi\u00adtim uzman\u00adla\u00adr\u0131y\u00adla tan\u0131\u00ad\u015fa\u00adbi\u00adlir ve bebek\u00adler ve k\u00fc\u00e7\u00fck \u00e7ocuk\u00adlar i\u00e7in etkin\u00adlik\u00adler ve hiz\u00admet\u00adler hak\u00adk\u0131n\u00adda bil\u00adgi edinebilirsiniz.<\/p>\n\n<p><strong>Okul \u00f6nce\u00adsi \u00e7ocuk\u00adlar i\u00e7in \u00e7ocuk bak\u0131m\u0131<\/strong><\/p>\n\n<p>Alman\u00adya\u00ad\u2019\u00adda \u00e7ocuk\u00adla\u00adr\u0131n <strong>bir g\u00fcn\u00add\u00fcz bak\u0131\u00adme\u00advi\u00adne (k\u0131sa\u00adca: Kita)<\/strong> git\u00adme\u00adsi kanu\u00adnen zorun\u00adlu de\u011fil\u00addir. Ancak, \u00e7ocu\u00ad\u011fu\u00adnuz dili \u00e7ok daha h\u0131z\u00adl\u0131 \u00f6\u011fre\u00adne\u00adce\u00ad\u011fi i\u00e7in \u015fid\u00addet\u00adle tav\u00adsi\u00adye edi\u00adlir. Karls\u00adru\u00adhe Kita por\u00adta\u00adl\u0131n\u00adda 1 ila 6 ya\u015f ara\u00ads\u0131 \u00e7ocuk\u00adlar i\u00e7in \u00e7ocuk bak\u0131m tesis\u00adle\u00adri\u00adne genel bir bak\u0131\u015f bula\u00adbi\u00adlir\u00adsi\u00adniz: <a href=\"https:\/\/kitaportal.karlsruhe.de\/\" target=\"_blank\" rel=\"noreferrer noopener\">https:\/\/kitaportal.karlsruhe.de\/<\/a><\/p>\n\n<p>\u015eu anda, \u00e7ocu\u00ad\u011fu\u00adnuz bir Kita\u00ad\u2019\u00adya devam edi\u00adyor\u00adsa <strong>ebe\u00adveyn kat\u00adk\u0131\u00ads\u0131<\/strong> \u00f6de\u00adme\u00adniz gerek\u00admek\u00adte\u00addir. Bu kat\u00adk\u0131 pay\u0131 geli\u00adri\u00adni\u00adze ba\u011fl\u0131d\u0131r.<\/p>\n\n<p><strong>\u00c7ocu\u00ad\u011fu\u00adnu\u00adzu bir Kre\u015f<\/strong>\u2019e <strong>kay\u00addet\u00adtir\u00admek\u00adle ilgi\u00adli soru\u00adla\u00adr\u0131\u00adn\u0131z<\/strong> var\u00adsa l\u00fct\u00adfen <em>Ser\u00advi\u00adces\u00adtel\u00adle Kin\u00adder\u00adta\u00adges\u00adbet\u00adre\u00adu\u00adung<\/em> (g\u00fcn\u00add\u00fcz bak\u0131m hiz\u00adme\u00adti mer\u00adke\u00adzi) ile ile\u00adti\u00ad\u015fi\u00adme&nbsp;ge\u00e7in:<\/p>\n\n<p><strong>Ser\u00advi\u00adces\u00adtel\u00adle Kin\u00adder\u00adta\u00adges\u00adbet\u00adre\u00adu\u00adung<\/strong><br>Tel: +49 (0)721 133 \u20115566<br>Tele\u00adfon\u00adla dan\u0131\u015f\u00adma saat\u00adle\u00adri: Pazar\u00adte\u00adsi 09:00 \u2014 12:00, \u00c7ar\u00ad\u015fam\u00adba 09:00 \u2014 12:00<br><a href=\"mailto:service@kita.karlsruhe.de\" data-type=\"URL\" target=\"_blank\" rel=\"noreferrer noopener\">service@kita.karlsruhe.de<\/a><\/p>\n\n<p>Ebe\u00adveyn kat\u00adk\u0131 pay\u0131\u00adn\u0131 \u00f6de\u00adyecek kadar kazan\u00adm\u0131\u00adyor musu\u00adnuz? E\u011fer \u00f6yley\u00adse, <strong>kat\u00adk\u0131\u00adn\u0131z i\u00e7in bir s\u00fcb\u00advan\u00adsi\u00adyon talep<\/strong> ede\u00adbi\u00adlir\u00adsi\u00adniz. Daha faz\u00adla bil\u00adgi i\u00e7in: <a href=\"https:\/\/www.karlsruhe.de\/b3\/soziales\/einrichtungen\/wjh\/wjh_foerderung.de\" target=\"_blank\" data-type=\"URL\" data-id=\"https:\/\/www.karlsruhe.de\/b3\/soziales\/einrichtungen\/wjh\/wjh_foerderung.de\" rel=\"noreferrer noopener\">https:\/\/www.karlsruhe.de\/b3\/soziales\/einrichtungen\/wjh\/wjh_foerderung.de<\/a><\/p>\n\n<p><strong>K\u00fc\u00e7\u00fck \u00e7ocuk\u00adlar i\u00e7in g\u00fcn\u00add\u00fcz bak\u0131\u00adm\u0131\u00adna ili\u015f\u00adkin tavsiyeler<\/strong><\/p>\n\n<p><strong>Kita Giri\u015f Prog\u00adra\u00adm\u0131 (Kita-Eins\u00adti\u00adeg<\/strong> ) ebe\u00adveyn\u00adle\u00adre \u00e7ocuk bak\u0131\u00adm\u0131 ve \u00e7ocuk\u00adla\u00adr\u0131n bir Kita\u00ad\u2019\u00adya kay\u00adde\u00addil\u00adme\u00adsi konu\u00adsun\u00adda tav\u00adsi\u00adye\u00adler\u00adde bulu\u00adnur ve onla\u00adr\u0131 bil\u00adgi\u00adlen\u00addi\u00adrir: <a href=\"https:\/\/www.karlsruhe.de\/b3\/soziales\/einrichtungen\/kinderbuero\/kita-einstieg.de\" target=\"_blank\" rel=\"noreferrer noopener\">https:\/\/www.karlsruhe.de\/b3\/soziales\/einrichtungen\/kinderbuero\/kita-einstieg.de<\/a><\/p>\n\n<p>\u00c7ok dil\u00adli Kita <strong>reh\u00adber\u00adle\u00adri (Kita-Lot\u00adsin\u00adnen)<\/strong> \u00e7ocu\u011funuzu\/\u00e7ocuklar\u0131n\u0131z\u0131 bir Kita\u00ad\u2019\u00adya kay\u00addet\u00adtir\u00adme\u00adni\u00adze yar\u00add\u0131m\u00adc\u0131 olmak ve sizi di\u011fer faali\u00adyet\u00adler ve hiz\u00admet\u00adler\u00adle tema\u00adsa ge\u00e7ir\u00admek i\u00e7in haz\u0131r\u00add\u0131r: <a href=\"https:\/\/www.karlsruhe.de\/b3\/soziales\/einrichtungen\/kindertagesstaetten\/info-service.de\" target=\"_blank\" rel=\"noreferrer noopener\">https:\/\/www.karlsruhe.de\/b3\/soziales\/einrichtungen\/kindertagesstaetten\/info-service.de<\/a><\/p>\n","protected":false},"excerpt":{"rendered":"<p>Bu Star\u00adt\u00ad\u00ad\u00adpunkt-Elter\u00adn\u00ad\u00ad\u00adca\u00ad\u00ad\u00adf\u00ad\u00ad\u00e9s t\u00fcm anne-baba aday\u00adla\u00adr\u0131 ile bebek\u00adli ve k\u00fc\u00e7\u00fck \u00e7ocuk\u00adlu aile\u00adler i\u00e7in a\u00e7\u0131k bir ebe\u00adveyn kafe\u00adsi sun\u00admak\u00adta\u00add\u0131r. Bura\u00adda di\u011fer ebe\u00adveyn\u00adler ve e\u011fi\u00adtim uzman\u00adla\u00adr\u0131y\u00adla tan\u0131\u00ad\u015fa\u00adbi\u00adlir ve bebek\u00adler ve k\u00fc\u00e7\u00fck \u00e7ocuk\u00adlar i\u00e7in&nbsp;<a class=\"moretag\" href=\"https:\/\/www.anika-net.de\/tr\/varmak\/cocuklar-ve-aile\/alti-yila-kadar-cocugu-olan-ebeveynler\/\">daha faz\u00adla okuyun<\/a><\/p>\n","protected":false},"author":1,"featured_media":0,"parent":15776,"menu_order":0,"comment_status":"closed","ping_status":"closed","template":"","meta":{"_acf_changed":false,"inline_featured_image":false,"_uag_custom_page_level_css":"","wp_typography_post_enhancements_disabled":false,"footnotes":""},"class_list":["post-2670","page","type-page","status-publish","hentry"],"acf":[],"featured_image_urls_v2":{"full":"","thumbnail":"","medium":"","medium_large":"","large":"","1536x1536":"","2048x2048":"","event-overview":"","event-archive-thumb":"","grid-item-thumbnail":"","network-partner-icon":"","organiser-icon":"","gform-image-choice-sm":"","gform-image-choice-md":"","gform-image-choice-lg":""},"post_excerpt_stackable_v2":"<p>Bu Star\u00adt\u00ad\u00ad\u00adpunkt-Elter\u00adn\u00ad\u00ad\u00adca\u00ad\u00ad\u00adf\u00ad\u00ad\u00e9s t\u00fcm anne-baba aday\u00adla\u00adr\u0131 ile bebek\u00adli ve k\u00fc\u00e7\u00fck \u00e7ocuk\u00adlu aile\u00adler i\u00e7in a\u00e7\u0131k bir ebe\u00adveyn kafe\u00adsi sun\u00admak\u00adta\u00add\u0131r. Bura\u00adda di\u011fer ebe\u00adveyn\u00adler ve e\u011fi\u00adtim uzman\u00adla\u00adr\u0131y\u00adla tan\u0131\u00ad\u015fa\u00adbi\u00adlir ve bebek\u00adler ve k\u00fc\u00e7\u00fck \u00e7ocuk\u00adlar i\u00e7in etkin\u00adlik\u00adler ve hiz\u00admet\u00adler hak\u00adk\u0131n\u00adda bil\u00adgi edi\u00adne\u00adbi\u00adlir\u00adsi\u00adniz. Okul \u00f6nce\u00adsi \u00e7ocuk\u00adlar i\u00e7in \u00e7ocuk bak\u0131\u00adm\u0131 Alman\u00adya\u00ad\u2019\u00adda \u00e7ocuk\u00adla\u00adr\u0131n bir g\u00fcn\u00add\u00fcz bak\u0131\u00adme\u00advi\u00adne (k\u0131sa\u00adca: Kita) git\u00adme\u00adsi kanu\u00adnen zorun\u00adlu de\u011fil\u00addir. Ancak, \u00e7ocu\u00ad\u011fu\u00adnuz dili \u00e7ok daha h\u0131z\u00adl\u0131 \u00f6\u011fre\u00adne\u00adce\u00ad\u011fi i\u00e7in \u015fid\u00addet\u00adle tav\u00adsi\u00adye edi\u00adlir. Karls\u00adru\u00adhe Kita por\u00adta\u00adl\u0131n\u00adda 1 ila 6 ya\u015f ara\u00ads\u0131 \u00e7ocuk\u00adlar i\u00e7in \u00e7ocuk bak\u0131m tesis\u00adle\u00adri\u00adne genel bir bak\u0131\u015f bula\u00adbi\u00adlir\u00adsi\u00adniz: https:\/\/kitaportal.karlsruhe.de\/ \u015eu anda, \u00e7ocu\u00ad\u011fu\u00adnuz bir Kita\u00ad\u2019\u00adya devam edi\u00adyor\u00adsa ebe\u00adveyn kat\u00adk\u0131\u00ads\u0131 \u00f6de\u00adme\u00adniz gerek\u00admek\u00adte\u00addir. Bu kat\u00adk\u0131 pay\u0131 geli\u00adri\u00adni\u00adze ba\u011f\u00adl\u0131\u00add\u0131r. \u00c7ocu\u00ad\u011fu\u00adnu\u00adzu&nbsp;bir\u2026<\/p>\n","category_list_v2":"","author_info_v2":{"name":"saasweb-admin","url":"https:\/\/www.anika-net.de\/tr\/author\/saasweb-admin\/"},"comments_num_v2":"0 comments","uagb_featured_image_src":{"full":false,"thumbnail":false,"medium":false,"medium_large":false,"large":false,"1536x1536":false,"2048x2048":false,"event-overview":false,"event-archive-thumb":false,"grid-item-thumbnail":false,"network-partner-icon":false,"organiser-icon":false,"gform-image-choice-sm":false,"gform-image-choice-md":false,"gform-image-choice-lg":false},"uagb_author_info":{"display_name":"saasweb-admin","author_link":"https:\/\/www.anika-net.de\/tr\/author\/saasweb-admin\/"},"uagb_comment_info":0,"uagb_excerpt":"Bu Start\u00adpunkt-Eltern\u00adca\u00adf\u00ad\u00e9s t\u00fcm anne-baba aday\u00adla\u00adr\u0131 ile bebek\u00adli ve k\u00fc\u00e7\u00fck \u00e7ocuk\u00adlu aile\u00adler i\u00e7in a\u00e7\u0131k bir ebe\u00adveyn kafe\u00adsi sun\u00admak\u00adta\u00add\u0131r. Bura\u00adda di\u011fer ebe\u00adveyn\u00adler ve e\u011fi\u00adtim uzman\u00adla\u00adr\u0131y\u00adla tan\u0131\u00ad\u015fa\u00adbi\u00adlir ve bebek\u00adler ve k\u00fc\u00e7\u00fck \u00e7ocuk\u00adlar i\u00e7in&nbsp;daha fazla okuyun","_links":{"self":[{"href":"https:\/\/www.anika-net.de\/tr\/wp-json\/wp\/v2\/pages\/2670","targetHints":{"allow":["GET"]}}],"collection":[{"href":"https:\/\/www.anika-net.de\/tr\/wp-json\/wp\/v2\/pages"}],"about":[{"href":"https:\/\/www.anika-net.de\/tr\/wp-json\/wp\/v2\/types\/page"}],"author":[{"embeddable":true,"href":"https:\/\/www.anika-net.de\/tr\/wp-json\/wp\/v2\/users\/1"}],"replies":[{"embeddable":true,"href":"https:\/\/www.anika-net.de\/tr\/wp-json\/wp\/v2\/comments?post=2670"}],"version-history":[{"count":0,"href":"https:\/\/www.anika-net.de\/tr\/wp-json\/wp\/v2\/pages\/2670\/revisions"}],"up":[{"embeddable":true,"href":"https:\/\/www.anika-net.de\/tr\/wp-json\/wp\/v2\/pages\/15776"}],"wp:attachment":[{"href":"https:\/\/www.anika-net.de\/tr\/wp-json\/wp\/v2\/media?parent=2670"}],"curies":[{"name":"wp","href":"https:\/\/api.w.org\/{rel}","templated":true}]}}