{"id":2666,"date":"2021-07-06T12:27:25","date_gmt":"2021-07-06T10:27:25","guid":{"rendered":"https:\/\/www.anika-net.de\/visiting-a-doctor\/"},"modified":"2021-09-29T15:52:06","modified_gmt":"2021-09-29T13:52:06","slug":"doktor-ziyareti","status":"publish","type":"page","link":"https:\/\/www.anika-net.de\/tr\/varmak\/saglik\/doktor-ziyareti\/","title":{"rendered":"Dok\u00adtor ziyareti"},"content":{"rendered":"\n<p>Has\u00adtay\u00adsa\u00adn\u0131z, \u00f6nce bir <em><strong>Hausarzt<\/strong><\/em><strong><em>\u2019a<\/em><\/strong> <strong>(pra\u00adtis\u00adyen hekim)<\/strong> git\u00adme\u00adli\u00adsi\u00adniz. \u00c7ocu\u00ad\u011fu\u00adnuz var\u00adsa, onla\u00adr\u0131 bir <em><strong>Kin\u00adde\u00adrarzt<\/strong><\/em>\u2019<strong>a (\u00e7ocuk dok\u00adto\u00adru)<\/strong> g\u00f6t\u00fc\u00adre\u00adbi\u00adlir\u00adsi\u00adniz. Dok\u00adtor\u00adla\u00adr\u0131n adres\u00adle\u00adri\u00adni tele\u00adfon reh\u00adbe\u00adrin\u00adde veya inter\u00adnet\u00adte bula\u00adbi\u00adlir\u00adsi\u00adniz. B\u00f6l\u00adge\u00adniz\u00adde\u00adki han\u00adgi dok\u00adtor\u00adla\u00adr\u0131n \u00e7e\u015fit\u00adli dil\u00adler konu\u015f\u00adtu\u00ad\u011fu\u00adnu \u00f6\u011fren\u00admek i\u00e7in ba\u011f\u00adlan\u00adt\u0131\u00ady\u0131 kul\u00adla\u00adn\u0131n: <a href=\"https:\/\/arztsuche.kbv.de\/\" target=\"_blank\" rel=\"noreferrer noopener\">https:\/\/arztsuche.kbv.de\/<\/a><\/p>\n\n\n\n<p>\u00d6zel teda\u00advi\u00adye ihti\u00adya\u00adc\u0131\u00adn\u0131z var\u00adsa, bir t\u0131b\u00adbi uygu\u00adla\u00adma\u00adda veya has\u00adta\u00adne\u00adde bir uzma\u00adna dan\u0131\u00ad\u015fa\u00adbi\u00adlir\u00adsi\u00adniz. Pra\u00adtis\u00adyen heki\u00admi\u00adniz sizi bir uzma\u00adna y\u00f6n\u00adlen\u00addi\u00adre\u00adcek\u00adtir. Bazen do\u011f\u00adru\u00addan bir uzma\u00adna gide\u00adbi\u00adlir\u00adsi\u00adniz, bazen uzman pra\u00adtis\u00adye\u00adni\u00adniz\u00adden bir refe\u00adrans isteyecektir.<\/p>\n","protected":false},"excerpt":{"rendered":"<p>Has\u00adtay\u00adsa\u00adn\u0131z, \u00f6nce bir Hausarzt\u2019a (pra\u00adtis\u00adyen hekim) git\u00adme\u00adli\u00adsi\u00adniz. \u00c7ocu\u00ad\u011fu\u00adnuz var\u00adsa, onla\u00adr\u0131 bir Kin\u00adde\u00adrarzt\u2019a (\u00e7ocuk dok\u00adto\u00adru) g\u00f6t\u00fc\u00adre\u00adbi\u00adlir\u00adsi\u00adniz. Dok\u00adtor\u00adla\u00adr\u0131n adres\u00adle\u00adri\u00adni tele\u00adfon reh\u00adbe\u00adrin\u00adde veya inter\u00adnet\u00adte bula\u00adbi\u00adlir\u00adsi\u00adniz. B\u00f6l\u00adge\u00adniz\u00adde\u00adki han\u00adgi dok\u00adtor\u00adla\u00adr\u0131n \u00e7e\u015fit\u00adli dil\u00adler konu\u015f\u00adtu\u00ad\u011fu\u00adnu \u00f6\u011fren\u00admek i\u00e7in&nbsp;<a class=\"moretag\" href=\"https:\/\/www.anika-net.de\/tr\/varmak\/saglik\/doktor-ziyareti\/\">daha faz\u00adla okuyun<\/a><\/p>\n","protected":false},"author":3,"featured_media":0,"parent":15770,"menu_order":11,"comment_status":"closed","ping_status":"closed","template":"","meta":{"_acf_changed":false,"inline_featured_image":false,"_uag_custom_page_level_css":"","wp_typography_post_enhancements_disabled":false,"footnotes":""},"class_list":["post-2666","page","type-page","status-publish","hentry"],"acf":[],"featured_image_urls_v2":{"full":"","thumbnail":"","medium":"","medium_large":"","large":"","1536x1536":"","2048x2048":"","event-overview":"","event-archive-thumb":"","grid-item-thumbnail":"","network-partner-icon":"","organiser-icon":"","gform-image-choice-sm":"","gform-image-choice-md":"","gform-image-choice-lg":""},"post_excerpt_stackable_v2":"<p>Has\u00adtay\u00adsa\u00adn\u0131z, \u00f6nce bir Hausarzt\u2019a (pra\u00adtis\u00adyen hekim) git\u00adme\u00adli\u00adsi\u00adniz. \u00c7ocu\u00ad\u011fu\u00adnuz var\u00adsa, onla\u00adr\u0131 bir Kin\u00adde\u00adrarzt\u2019a (\u00e7ocuk dok\u00adto\u00adru) g\u00f6t\u00fc\u00adre\u00adbi\u00adlir\u00adsi\u00adniz. Dok\u00adtor\u00adla\u00adr\u0131n adres\u00adle\u00adri\u00adni tele\u00adfon reh\u00adbe\u00adrin\u00adde veya inter\u00adnet\u00adte bula\u00adbi\u00adlir\u00adsi\u00adniz. B\u00f6l\u00adge\u00adniz\u00adde\u00adki han\u00adgi dok\u00adtor\u00adla\u00adr\u0131n \u00e7e\u015fit\u00adli dil\u00adler konu\u015f\u00adtu\u00ad\u011fu\u00adnu \u00f6\u011fren\u00admek i\u00e7in ba\u011f\u00adlan\u00adt\u0131\u00ady\u0131 kul\u00adla\u00adn\u0131n: https:\/\/arztsuche.kbv.de\/ \u00d6zel teda\u00advi\u00adye ihti\u00adya\u00adc\u0131\u00adn\u0131z var\u00adsa, bir t\u0131b\u00adbi uygu\u00adla\u00adma\u00adda veya has\u00adta\u00adne\u00adde bir uzma\u00adna dan\u0131\u00ad\u015fa\u00adbi\u00adlir\u00adsi\u00adniz. Pra\u00adtis\u00adyen heki\u00admi\u00adniz sizi bir uzma\u00adna y\u00f6n\u00adlen\u00addi\u00adre\u00adcek\u00adtir. Bazen do\u011f\u00adru\u00addan bir uzma\u00adna gide\u00adbi\u00adlir\u00adsi\u00adniz, bazen uzman pra\u00adtis\u00adye\u00adni\u00adniz\u00adden bir refe\u00adrans isteyecektir.<\/p>\n","category_list_v2":"","author_info_v2":{"name":"Eva Geerken","url":"https:\/\/www.anika-net.de\/tr\/author\/egeerken\/"},"comments_num_v2":"0 comments","uagb_featured_image_src":{"full":false,"thumbnail":false,"medium":false,"medium_large":false,"large":false,"1536x1536":false,"2048x2048":false,"event-overview":false,"event-archive-thumb":false,"grid-item-thumbnail":false,"network-partner-icon":false,"organiser-icon":false,"gform-image-choice-sm":false,"gform-image-choice-md":false,"gform-image-choice-lg":false},"uagb_author_info":{"display_name":"Eva Geerken","author_link":"https:\/\/www.anika-net.de\/tr\/author\/egeerken\/"},"uagb_comment_info":0,"uagb_excerpt":"Has\u00adtay\u00adsa\u00adn\u0131z, \u00f6nce bir Hausarzt\u2019a (pra\u00adtis\u00adyen hekim) git\u00adme\u00adli\u00adsi\u00adniz. \u00c7ocu\u00ad\u011fu\u00adnuz var\u00adsa, onla\u00adr\u0131 bir Kin\u00adde\u00adrarzt\u2019a (\u00e7ocuk dok\u00adto\u00adru) g\u00f6t\u00fc\u00adre\u00adbi\u00adlir\u00adsi\u00adniz. Dok\u00adtor\u00adla\u00adr\u0131n adres\u00adle\u00adri\u00adni tele\u00adfon reh\u00adbe\u00adrin\u00adde veya inter\u00adnet\u00adte bula\u00adbi\u00adlir\u00adsi\u00adniz. B\u00f6l\u00adge\u00adniz\u00adde\u00adki han\u00adgi dok\u00adtor\u00adla\u00adr\u0131n \u00e7e\u015fit\u00adli dil\u00adler konu\u015f\u00adtu\u00ad\u011fu\u00adnu \u00f6\u011fren\u00admek i\u00e7in&nbsp;daha fazla okuyun","_links":{"self":[{"href":"https:\/\/www.anika-net.de\/tr\/wp-json\/wp\/v2\/pages\/2666","targetHints":{"allow":["GET"]}}],"collection":[{"href":"https:\/\/www.anika-net.de\/tr\/wp-json\/wp\/v2\/pages"}],"about":[{"href":"https:\/\/www.anika-net.de\/tr\/wp-json\/wp\/v2\/types\/page"}],"author":[{"embeddable":true,"href":"https:\/\/www.anika-net.de\/tr\/wp-json\/wp\/v2\/users\/3"}],"replies":[{"embeddable":true,"href":"https:\/\/www.anika-net.de\/tr\/wp-json\/wp\/v2\/comments?post=2666"}],"version-history":[{"count":0,"href":"https:\/\/www.anika-net.de\/tr\/wp-json\/wp\/v2\/pages\/2666\/revisions"}],"up":[{"embeddable":true,"href":"https:\/\/www.anika-net.de\/tr\/wp-json\/wp\/v2\/pages\/15770"}],"wp:attachment":[{"href":"https:\/\/www.anika-net.de\/tr\/wp-json\/wp\/v2\/media?parent=2666"}],"curies":[{"name":"wp","href":"https:\/\/api.w.org\/{rel}","templated":true}]}}