{"id":2663,"date":"2021-05-21T14:15:47","date_gmt":"2021-05-21T12:15:47","guid":{"rendered":"https:\/\/www.anika-net.de\/registering-with-a-health-insurance-company\/"},"modified":"2021-09-29T15:45:12","modified_gmt":"2021-09-29T13:45:12","slug":"bir-saglik-sigortasi-sirketine-kaydolma","status":"publish","type":"page","link":"https:\/\/www.anika-net.de\/tr\/varmak\/saglik\/bir-saglik-sigortasi-sirketine-kaydolma\/","title":{"rendered":"Bir sa\u011f\u00adl\u0131k sigor\u00adta\u00ads\u0131 \u015fir\u00adke\u00adti\u00adne kaydolma"},"content":{"rendered":"\n<p>Alman\u00adya\u00ad\u2019\u00adda her\u00adke\u00adsin sa\u011f\u00adl\u0131k sigor\u00adta\u00ads\u0131 olma\u00ads\u0131 gere\u00adki\u00adyor ve ara\u00adla\u00adr\u0131n\u00addan se\u00e7im yapa\u00adbi\u00adle\u00adce\u00ad\u011fi\u00adniz bir\u00ad\u00e7ok sa\u011f\u00adl\u0131k sigor\u00adta\u00ads\u0131 \u015fir\u00adke\u00adti var. Han\u00adgi <strong>Kran\u00adken\u00adkas\u00adse<\/strong>\u2019ye (sa\u011f\u00adl\u0131k sigor\u00adta\u00ads\u0131 \u015fir\u00adke\u00adti) kay\u00addol\u00admak iste\u00addi\u00ad\u011fi\u00adni\u00adze ken\u00addi\u00adniz karar verebilirsiniz.<\/p>\n\n\n\n<p><strong>Bah\u00ad\u015fi\u015f:<\/strong><\/p>\n\n\n\n<ul class=\"wp-block-list\"><li>Bir i\u015fi\u00adniz var\u00adsa veya sos\u00adyal g\u00fcven\u00adlik yar\u00add\u0131\u00adm\u0131 al\u0131\u00adyor\u00adsa\u00adn\u0131z, i\u015fve\u00adre\u00adni\u00adniz veya i\u015f mer\u00adke\u00adzi de sizi bir sa\u011f\u00adl\u0131k sigor\u00adta\u00ads\u0131 \u015fir\u00adke\u00adti\u00adne kaydedebilir.<\/li><li>Yasal sa\u011f\u00adl\u0131k sigor\u00adta\u00ads\u0131 \u015fir\u00adket\u00adle\u00adri\u00adnin lis\u00adte\u00adsi\u00adne bura\u00addan bula\u00adbi\u00adlir\u00adsi\u00adniz: <a href=\"https:\/\/www.krankenkassen.de\/gesetzliche-krankenkassen\/\" target=\"_blank\" data-type=\"URL\" rel=\"noreferrer noopener\">www.krankenkassen.de\/gesetzliche-krankenkassen\/<\/a><\/li><li>Bir ebe\u00advey\u00adnin zaten sa\u011f\u00adl\u0131k sigor\u00adta\u00ads\u0131 var\u00adsa, e\u015fi ve \u00e7ocuk\u00adla\u00adr\u0131 ayn\u0131 sa\u011f\u00adl\u0131k sigor\u00adta\u00ads\u0131 \u015fir\u00adke\u00adti ile \u00fccret\u00adsiz ola\u00adrak aile \u00fcye\u00adsi ola\u00adrak sigortalanabilir.<\/li><\/ul>\n\n\n\n<p><strong>Her dok\u00adtor ziya\u00adre\u00adti\u00adniz\u00adde yan\u0131\u00adn\u0131z\u00adda g\u00f6t\u00fcr\u00adme\u00adniz gere\u00adken bir sa\u011f\u00adl\u0131k sigor\u00adta\u00ads\u0131 kar\u00adt\u0131 (<em>Kran\u00adken\u00adver\u00adsic\u00adher\u00adten\u00adkar\u00adte<\/em>) ala\u00adcak\u00ads\u0131\u00adn\u0131z.<\/strong><\/p>\n\n\n\n<p class=\"has-black-color has-light-green-cyan-background-color has-text-color has-background\"><strong>Bil\u00admek g\u00fczel:<\/strong> Memur\u00adlar, y\u00fck\u00adsek gelir\u00adli\u00adler ve ser\u00adbest \u00e7al\u0131\u00ad\u015fan\u00adlar Alman\u00adya\u00ad\u2019\u00adda\u00adki \u00f6zel bir sa\u011f\u00adl\u0131k sigor\u00adta\u00ads\u0131 \u015fir\u00adke\u00adti\u00adne kaydolabilir.<\/p>\n","protected":false},"excerpt":{"rendered":"<p>Alman\u00adya\u00ad\u2019\u00adda her\u00adke\u00adsin sa\u011f\u00adl\u0131k sigor\u00adta\u00ads\u0131 olma\u00ads\u0131 gere\u00adki\u00adyor ve ara\u00adla\u00adr\u0131n\u00addan se\u00e7im yapa\u00adbi\u00adle\u00adce\u00ad\u011fi\u00adniz bir\u00ad\u00e7ok sa\u011f\u00adl\u0131k sigor\u00adta\u00ads\u0131 \u015fir\u00adke\u00adti var. Han\u00adgi Kran\u00adken\u00adkas\u00adse\u2019ye (sa\u011f\u00adl\u0131k sigor\u00adta\u00ads\u0131 \u015fir\u00adke\u00adti) kay\u00addol\u00admak iste\u00addi\u00ad\u011fi\u00adni\u00adze ken\u00addi\u00adniz karar vere\u00adbi\u00adlir\u00adsi\u00adniz. Bah\u00ad\u015fi\u015f: Bir i\u015fi\u00adniz var\u00adsa veya&nbsp;<a class=\"moretag\" href=\"https:\/\/www.anika-net.de\/tr\/varmak\/saglik\/bir-saglik-sigortasi-sirketine-kaydolma\/\">daha faz\u00adla okuyun<\/a><\/p>\n","protected":false},"author":1,"featured_media":0,"parent":15770,"menu_order":2,"comment_status":"closed","ping_status":"closed","template":"","meta":{"_acf_changed":false,"inline_featured_image":false,"_uag_custom_page_level_css":"","wp_typography_post_enhancements_disabled":false,"footnotes":""},"class_list":["post-2663","page","type-page","status-publish","hentry"],"acf":[],"featured_image_urls_v2":{"full":"","thumbnail":"","medium":"","medium_large":"","large":"","1536x1536":"","2048x2048":"","event-overview":"","event-archive-thumb":"","grid-item-thumbnail":"","network-partner-icon":"","organiser-icon":"","gform-image-choice-sm":"","gform-image-choice-md":"","gform-image-choice-lg":""},"post_excerpt_stackable_v2":"<p>Alman\u00adya\u00ad\u2019\u00adda her\u00adke\u00adsin sa\u011f\u00adl\u0131k sigor\u00adta\u00ads\u0131 olma\u00ads\u0131 gere\u00adki\u00adyor ve ara\u00adla\u00adr\u0131n\u00addan se\u00e7im yapa\u00adbi\u00adle\u00adce\u00ad\u011fi\u00adniz bir\u00ad\u00e7ok sa\u011f\u00adl\u0131k sigor\u00adta\u00ads\u0131 \u015fir\u00adke\u00adti var. Han\u00adgi Kran\u00adken\u00adkas\u00adse\u2019ye (sa\u011f\u00adl\u0131k sigor\u00adta\u00ads\u0131 \u015fir\u00adke\u00adti) kay\u00addol\u00admak iste\u00addi\u00ad\u011fi\u00adni\u00adze ken\u00addi\u00adniz karar vere\u00adbi\u00adlir\u00adsi\u00adniz. Bah\u00ad\u015fi\u015f: Bir i\u015fi\u00adniz var\u00adsa veya sos\u00adyal g\u00fcven\u00adlik yar\u00add\u0131\u00adm\u0131 al\u0131\u00adyor\u00adsa\u00adn\u0131z, i\u015fve\u00adre\u00adni\u00adniz veya i\u015f mer\u00adke\u00adzi de sizi bir sa\u011f\u00adl\u0131k sigor\u00adta\u00ads\u0131 \u015fir\u00adke\u00adti\u00adne kaydedebilir.Yasal sa\u011f\u00adl\u0131k sigor\u00adta\u00ads\u0131 \u015fir\u00adket\u00adle\u00adri\u00adnin lis\u00adte\u00adsi\u00adne bura\u00addan bula\u00adbi\u00adlir\u00adsi\u00adniz: www.krankenkassen.de\/gesetzliche-krankenkassen\/Bir ebe\u00advey\u00adnin zaten sa\u011f\u00adl\u0131k sigor\u00adta\u00ads\u0131 var\u00adsa, e\u015fi ve \u00e7ocuk\u00adla\u00adr\u0131 ayn\u0131 sa\u011f\u00adl\u0131k sigor\u00adta\u00ads\u0131 \u015fir\u00adke\u00adti ile \u00fccret\u00adsiz ola\u00adrak aile \u00fcye\u00adsi ola\u00adrak sigor\u00adta\u00adla\u00adna\u00adbi\u00adlir. Her dok\u00adtor ziya\u00adre\u00adti\u00adniz\u00adde yan\u0131\u00adn\u0131z\u00adda g\u00f6t\u00fcr\u00adme\u00adniz gere\u00adken bir sa\u011f\u00adl\u0131k sigor\u00adta\u00ads\u0131 kar\u00adt\u0131 (Kran\u00adken\u00adver\u00adsic\u00adher\u00adten\u00adkar\u00adte) ala\u00adcak\u00ads\u0131\u00adn\u0131z. Bil\u00admek g\u00fczel: Memur\u00adlar, y\u00fck\u00adsek gelir\u00adli\u00adler ve ser\u00adbest \u00e7al\u0131\u00ad\u015fan\u00adlar Alman\u00adya\u00ad\u2019\u00adda\u00adki \u00f6zel bir sa\u011f\u00adl\u0131k sigor\u00adta\u00ads\u0131 \u015fir\u00adke\u00adti\u00adne kaydolabilir.<\/p>\n","category_list_v2":"","author_info_v2":{"name":"saasweb-admin","url":"https:\/\/www.anika-net.de\/tr\/author\/saasweb-admin\/"},"comments_num_v2":"0 comments","uagb_featured_image_src":{"full":false,"thumbnail":false,"medium":false,"medium_large":false,"large":false,"1536x1536":false,"2048x2048":false,"event-overview":false,"event-archive-thumb":false,"grid-item-thumbnail":false,"network-partner-icon":false,"organiser-icon":false,"gform-image-choice-sm":false,"gform-image-choice-md":false,"gform-image-choice-lg":false},"uagb_author_info":{"display_name":"saasweb-admin","author_link":"https:\/\/www.anika-net.de\/tr\/author\/saasweb-admin\/"},"uagb_comment_info":0,"uagb_excerpt":"Alman\u00adya\u00ad\u2019\u00adda her\u00adke\u00adsin sa\u011f\u00adl\u0131k sigor\u00adta\u00ads\u0131 olma\u00ads\u0131 gere\u00adki\u00adyor ve ara\u00adla\u00adr\u0131n\u00addan se\u00e7im yapa\u00adbi\u00adle\u00adce\u00ad\u011fi\u00adniz bir\u00ad\u00e7ok sa\u011f\u00adl\u0131k sigor\u00adta\u00ads\u0131 \u015fir\u00adke\u00adti var. Han\u00adgi Kran\u00adken\u00adkas\u00adse\u2019ye (sa\u011f\u00adl\u0131k sigor\u00adta\u00ads\u0131 \u015fir\u00adke\u00adti) kay\u00addol\u00admak iste\u00addi\u00ad\u011fi\u00adni\u00adze ken\u00addi\u00adniz karar verebilirsiniz. Bah\u00ad\u015fi\u015f: Bir i\u015fi\u00adniz var\u00adsa veya&nbsp;daha fazla okuyun","_links":{"self":[{"href":"https:\/\/www.anika-net.de\/tr\/wp-json\/wp\/v2\/pages\/2663","targetHints":{"allow":["GET"]}}],"collection":[{"href":"https:\/\/www.anika-net.de\/tr\/wp-json\/wp\/v2\/pages"}],"about":[{"href":"https:\/\/www.anika-net.de\/tr\/wp-json\/wp\/v2\/types\/page"}],"author":[{"embeddable":true,"href":"https:\/\/www.anika-net.de\/tr\/wp-json\/wp\/v2\/users\/1"}],"replies":[{"embeddable":true,"href":"https:\/\/www.anika-net.de\/tr\/wp-json\/wp\/v2\/comments?post=2663"}],"version-history":[{"count":0,"href":"https:\/\/www.anika-net.de\/tr\/wp-json\/wp\/v2\/pages\/2663\/revisions"}],"up":[{"embeddable":true,"href":"https:\/\/www.anika-net.de\/tr\/wp-json\/wp\/v2\/pages\/15770"}],"wp:attachment":[{"href":"https:\/\/www.anika-net.de\/tr\/wp-json\/wp\/v2\/media?parent=2663"}],"curies":[{"name":"wp","href":"https:\/\/api.w.org\/{rel}","templated":true}]}}