{"id":2581,"date":"2021-05-21T14:13:39","date_gmt":"2021-05-21T12:13:39","guid":{"rendered":"https:\/\/www.anika-net.de\/obtaining-a-work-permit-for-non-eu-citizens\/"},"modified":"2024-07-03T11:26:29","modified_gmt":"2024-07-03T09:26:29","slug":"calisma-izni-alma-ab-vatandasi-olmayanlar-icin","status":"publish","type":"page","link":"https:\/\/www.anika-net.de\/tr\/varmak\/karlsruhede-calismak\/calisma-izni-alma-ab-vatandasi-olmayanlar-icin\/","title":{"rendered":"\u00c7al\u0131\u015f\u00adma izni al\u0131n\u00adma\u00ads\u0131 (AB Vatan\u00adda\u00ad\u015f\u0131 Olma\u00adyan\u00adlar&nbsp;i\u00e7in)"},"content":{"rendered":"\n<p>Alman\u00adya\u00ad\u2019\u00adda \u00e7al\u0131\u015f\u00adma izni\u00adni\u00adzin olup olma\u00add\u0131\u00ad\u011f\u0131 <strong><em>Aufent\u00adhalts\u00adti\u00adtel <\/em><\/strong>\u2018ini\u00adze <strong>(otur\u00adma izni<\/strong>) ba\u011f\u00adl\u0131\u00add\u0131r.<br>Otur\u00adma izni\u00adniz pasa\u00adpor\u00adtu\u00adnuz\u00adda bulun\u00admak\u00adta\u00add\u0131r. <em>Arbe\u00adit\u00adser\u00adla\u00adub\u00adnis<\/em> \u2018ini\u00adzin (\u00e7al\u0131\u015f\u00adma izni) duru\u00admu\u00adnu etkiler:<\/p>\n\n<ul class=\"wp-block-list\">\n<li>AB vatan\u00adda\u015f\u00adla\u00adr\u0131 \u00f6nce\u00adden izin almak\u00ads\u0131\u00adz\u0131n Alman\u00adya\u00ad\u2019\u00adda \u00e7al\u0131\u00ad\u015fa\u00adbi\u00adlir, i\u015f ara\u00adya\u00adbi\u00adlir veya ser\u00adbest mes\u00adlek sahi\u00adbi olabilirler.<\/li>\n\n\n\n<li>Gel\u00addi\u00ad\u011fi\u00adniz \u00fclke\u00adde vize yoluy\u00adla \u00e7al\u0131\u015f\u00adma izni ba\u015f\u00advu\u00adru\u00adsun\u00adda bulun\u00adma\u00add\u0131y\u00adsa\u00adn\u0131z, Karls\u00adru\u00adhe\u00ad\u2019\u00adde\u00adki <em>Aus\u00adl\u00ad\u00e4n\u00adder\u00adbe\u00adh\u00f6r\u00adde<\/em> \u2018ye (Yaban\u00adc\u0131\u00adlar Daire\u00adsi) ba\u015f\u00advu\u00adru\u00adda bulun\u00adma\u00adn\u0131z gerekir.<\/li>\n<\/ul>\n\n<h2 class=\"wp-block-heading\"><span style=\"color: #0c8672;\" class=\"stk-highlight\">Otur\u00adma izni i\u00e7in ba\u015fvurun<\/span><\/h2>\n\n<ul class=\"wp-block-list\">\n<li><span style=\"color: #0c9878;\" class=\"stk-highlight\"><strong>E\u2011posta ile ba\u015f\u00advu\u00adru<\/strong> <\/span>- <strong>(L\u00fct\u00adfen ori\u00adji\u00adnal dos\u00adya\u00adla\u00adr\u0131 de\u011fil, yal\u00adn\u0131z\u00adca taran\u00adm\u0131\u015f kop\u00adya\u00adla\u00adr\u0131 g\u00f6n\u00adde\u00adrin)<\/strong><br>L\u00fct\u00adfen dol\u00addu\u00adrul\u00admu\u015f ve imza\u00adlan\u00adm\u0131\u015f ba\u015f\u00advu\u00adru\u00adyu ve gerek\u00adli bel\u00adge\u00adle\u00adri son ba\u015f\u00advu\u00adru tari\u00adhin\u00adden \u00f6nce PDF dos\u00adya\u00ads\u0131 ola\u00adrak e\u2011posta ile \u015fu adre\u00adse g\u00f6n\u00adde\u00adrin: <strong>abh@oa.karlsruhe.de<\/strong><\/li>\n\n\n\n<li><strong><span style=\"color: #0c9878;\" class=\"stk-highlight\">Pos\u00adta yoluy\u00adla veya pos\u00adta kutu\u00adsu\u00adna b\u0131ra\u00adka\u00adrak ba\u015f\u00advu\u00adru<\/span><\/strong><br>Adres: Aus\u00adl\u00ad\u00e4n\u00adder\u00adbe\u00adh\u00f6r\u00adde, Kaise\u00adral\u00adlee 8, 76133 Karlsruhe.<\/li>\n<\/ul>\n\n<div class=\"wp-block-stackable-columns stk-block-columns stk-block stk-76427eb\" data-block-id=\"76427eb\"><style>.stk-76427eb{margin-bottom:0px !important}<\/style><div class=\"stk-row stk-inner-blocks stk-block-content stk-content-align stk-76427eb-column\">\n<div class=\"wp-block-stackable-column stk-block-column stk-column stk-block stk-2fbe8e7\" data-v=\"4\" data-block-id=\"2fbe8e7\"><style>@media screen and (min-width:901px){.stk-2fbe8e7{flex:var(--stk-flex-grow,1) 1 33.3% !important}}<\/style><div class=\"stk-column-wrapper stk-block-column__content stk-container stk-2fbe8e7-container stk--no-background stk--no-padding\"><div class=\"stk-block-content stk-inner-blocks stk-2fbe8e7-inner-blocks\">\n<figure class=\"wp-block-image size-full\"><img decoding=\"async\" width=\"412\" height=\"563\" src=\"https:\/\/www.anika-net.de\/wp-content\/uploads\/2024\/07\/Antrag-aufenthaltserlaubnis.png\" alt class=\"wp-image-51027\" srcset=\"https:\/\/www.anika-net.de\/wp-content\/uploads\/2024\/07\/Antrag-aufenthaltserlaubnis.png 412w, https:\/\/www.anika-net.de\/wp-content\/uploads\/2024\/07\/Antrag-aufenthaltserlaubnis-220x300.png 220w\" sizes=\"(max-width: 412px) 100vw, 412px\"><\/figure>\n<\/div><\/div><\/div>\n\n\n\n<div class=\"wp-block-stackable-column stk-block-column stk-column stk-block stk-65789c6\" data-v=\"4\" data-block-id=\"65789c6\"><style>@media screen and (min-width:901px){.stk-65789c6{flex:var(--stk-flex-grow,1) 1 66.7% !important}}<\/style><div class=\"stk-column-wrapper stk-block-column__content stk-container stk-65789c6-container stk--no-background stk--no-padding\"><div class=\"stk-block-content stk-inner-blocks stk-65789c6-inner-blocks\">\n<p>\ud83d\udcdd <strong>\n  <a href=\"https:\/\/www.anika-net.de\/wp-content\/uploads\/2024\/07\/Antrag_auf_Erteilung_einer_Aufenthaltserlaubnis.pdf\">Otur\u00adma izni i\u00e7in ba\u015fvuru<\/a>\n<\/strong><br>\ud83d\udcbb <strong>\n  <a href=\"https:\/\/pdf.form-solutions.net\/metaform\/Form-Solutions\/?2&amp;releaseUserId=08212000-0001-0000&amp;releaseID=51de7e040cf2699d1b84cc07&amp;releaseOrganizationID=08212000-0001&amp;assistant=AS_100002&amp;translation=false&amp;storable=true&amp;fileUrl=https%253A%252F%252Fpdf.form-solutions.net%252Fmetaform%252FForm-Solutions%252Fsid%252Fassistant%252F51de7e040cf2699d1b84cc07%253Fconsent_type%253DNONE&amp;oID=22222222-2222&amp;consent_type=NONE&amp;kdnr=08212000-0001\" rel=\"noopener\">Otur\u00adma izni ba\u015f\u00advu\u00adru\u00adsu (\u00e7ev\u00adri\u00admi\u00ad\u00e7i)<\/a>\n<\/strong><\/p>\n<\/div><\/div><\/div>\n<\/div><\/div>\n\n<h3 class=\"wp-block-heading\">\u270d\ud83c\udffd\ufe0f<span style=\"color: #0ca290;\" class=\"stk-highlight\">\n  <a href=\"https:\/\/www.anika-net.de\/wp-content\/uploads\/2023\/09\/Auslaenderbehoerde_Englisch.pdf\">Ba\u015f\u00advu\u00adru i\u00e7in gerek\u00adli belgeler<\/a>\n<\/span><\/h3>\n\n<p>Yaban\u00adc\u0131\u00adlar daire\u00adsi ba\u015f\u00advu\u00adru\u00adyu kont\u00adrol eder. Bel\u00adge\u00adle\u00adrin eksik olma\u00ads\u0131 halin\u00adde, bun\u00adlar talep edi\u00adle\u00adcek\u00adtir. Ba\u015f\u00advu\u00adru sahip\u00adle\u00adri ba\u015f\u00adlan\u00adg\u0131\u00e7\u00adta ge\u00e7i\u00adci otur\u00adma izni ala\u00adcak\u00adlar\u00add\u0131r. Bu, \u015funu belirtmektedir:<\/p>\n\n<ul class=\"wp-block-list\">\n<li>\u0130kam\u00adet Yasa\u00ads\u0131\u00ad\u2019\u00adn\u0131n 24. mad\u00adde\u00adsi uya\u00adr\u0131n\u00adca ika\u00admet izni ba\u015f\u00advu\u00adru\u00adsun\u00adda bulu\u00adnul\u00admu\u015f\u00adtur. Bu, ba\u015f\u00advu\u00adru sahi\u00adbi\u00adnin S\u0131\u011f\u0131n\u00adma\u00adc\u0131\u00adla\u00adra Sa\u011f\u00adla\u00adnan Yar\u00add\u0131m\u00adlar Yasa\u00ads\u0131 uya\u00adr\u0131n\u00adca sos\u00adyal yar\u00add\u0131m alma\u00ads\u0131\u00adna ola\u00adnak&nbsp;tan\u0131r.<\/li>\n\n\n\n<li>Kazan\u00e7 geti\u00adri\u00adci bir i\u015fte \u00e7al\u0131\u015f\u00adma\u00adya izin verilir.<\/li>\n<\/ul>\n\n<p>\u2757The <em>\n  <strong>\u201cFik\u00adti\u00adons\u00adbesc\u00adhe\u00adini\u00adgung\u201d<\/strong>\n<\/em> (ge\u00e7i\u00adci otur\u00adma izni) genel\u00adlik\u00adle <strong>alt\u0131 ay i\u00e7in ge\u00e7er\u00adli\u00addir<\/strong> ve uza\u00adt\u0131\u00adla\u00adbi\u00adlir.<br>Pos\u00adta kutu\u00adsu\u00adnun \u00fcze\u00adrin\u00adde ba\u015f\u00advu\u00adru sahi\u00adbi\u00adnin ad\u0131\u00adn\u0131n bulun\u00adma\u00ads\u0131 <strong>\u00f6nem\u00adli\u00addir<\/strong>.<\/p>\n\n<div class=\"wp-block-stackable-icon-box stk-block-icon-box stk-block stk-89df0e0\" data-v=\"2\" data-block-id=\"89df0e0\"><div class=\"stk-block-content stk-inner-blocks stk-block-icon-box__content stk-container stk-89df0e0-container stk--no-background stk--no-padding\">\n<div class=\"wp-block-stackable-icon-label stk-block-icon-label stk-block stk-80821ff\" data-block-id=\"80821ff\"><style>.stk-80821ff{margin-bottom:0px !important}<\/style><div class=\"stk-row stk-inner-blocks stk-block-content\">\n<div class=\"wp-block-stackable-icon stk-block-icon has-text-align-left stk-block stk-15874ee\" data-block-id=\"15874ee\"><span class=\"stk--svg-wrapper\"><div class=\"stk--inner-svg\"><svg style=\"height:0;width:0\"><defs><linearGradient id=\"linear-gradient-15874ee\" x1=\"0\" x2=\"100%\" y1=\"0\" y2=\"0\"><stop offset=\"0%\" style=\"stop-opacity:1;stop-color:var(--linear-gradient-15874-ee-color-1)\" \/><stop offset=\"100%\" style=\"stop-opacity:1;stop-color:var(--linear-gradient-15874-ee-color-2)\" \/><\/linearGradient><\/defs><\/svg><svg viewBox=\"0 0 192 512\" aria-hidden=\"true\" width=\"32\" height=\"32\"><path d=\"M20 424.229h20V279.771H20c-11.046 0-20-8.954-20-20V212c0-11.046 8.954-20 20-20h112c11.046 0 20 8.954 20 20v212.229h20c11.046 0 20 8.954 20 20V492c0 11.046-8.954 20-20 20H20c-11.046 0-20-8.954-20-20v-47.771c0-11.046 8.954-20 20-20zM96 0C56.235 0 24 32.235 24 72s32.235 72 72 72 72-32.235 72-72S135.764 0 96 0z\" \/><\/svg><\/div><\/span><\/div>\n\n\n\n<div class=\"wp-block-stackable-heading stk-block-heading stk-block-heading--v2 stk-block stk-f4065f5\" id=\"span-style-color-0-aa-295-class-stk-highlight-access-to-the-labor-market-span\" data-block-id=\"f4065f5\"><h3 class=\"stk-block-heading__text\"><span style=\"color: #0aa295;\" class=\"stk-highlight\">\u0130\u015fg\u00ad\u00fcc\u00fc piya\u00adsa\u00ads\u0131\u00adna eri\u015fim<\/span><\/h3><\/div>\n<\/div><\/div>\n\n\n\n<div class=\"wp-block-stackable-text stk-block-text stk-block stk-6862a09 stk-block-background\" data-block-id=\"6862a09\"><style>.stk-6862a09{background-color:#00000014 !important}.stk-6862a09:before{background-color:#00000014 !important}<\/style><p class=\"stk-block-text__text\">Fede\u00adral \u0130\u015f Bul\u00adma Kuru\u00admu \u00f6zet\u00adle \u015fun\u00adla\u00adr\u0131 belirtmi\u015ftir&nbsp;<a href=\"https:\/\/www.arbeitsagentur.de\/fuer-menschen-aus-dem-ausland\/voraussetzungen-arbeiten-in-deutschland\" rel=\"noopener\">\n  <strong>Alman\u00adya\u00ad\u2019\u00adda \u00e7al\u0131\u015f\u00admak iste\u00adyen yaban\u00adc\u0131\u00adlar i\u00e7in \u00f6nem\u00adli bilgiler.<\/strong>\n<\/a><\/p><\/div>\n<\/div><\/div>\n\n<div class=\"wp-block-stackable-columns stk-block-columns stk-block stk-11f1064\" data-block-id=\"11f1064\"><div class=\"stk-row stk-inner-blocks stk-block-content stk-content-align stk-11f1064-column\">\n<div class=\"wp-block-stackable-column stk-block-column stk-column stk-block stk-8cc321c\" data-v=\"4\" data-block-id=\"8cc321c\"><div class=\"stk-column-wrapper stk-block-column__content stk-container stk-8cc321c-container stk--no-background stk--no-padding\"><div class=\"stk-block-content stk-inner-blocks stk-8cc321c-inner-blocks\">\n<p><strong>Nere\u00adye?<\/strong><br><strong>Aus\u00adl\u00ad\u00e4n\u00adder\u00adbe\u00adh\u00f6r\u00adde<\/strong><br>Ord\u00adnungs- und B\u00fcr\u00adge\u00adramt<br>Kaise\u00adral\u00adlee 8<br>76133 Karls\u00adru\u00adhe<br>2. kat<\/p>\n<\/div><\/div><\/div>\n\n\n\n<div class=\"wp-block-stackable-column stk-block-column stk-column stk-block stk-2efd7dc\" data-v=\"4\" data-block-id=\"2efd7dc\"><div class=\"stk-column-wrapper stk-block-column__content stk-container stk-2efd7dc-container stk--no-background stk--no-padding\"><div class=\"stk-block-content stk-inner-blocks stk-2efd7dc-inner-blocks\">\n<p><strong>Yan\u0131\u00adma ne almal\u0131y\u0131m?<\/strong><\/p>\n\n\n\n<div class=\"wp-block-kioken-visual-list kb-icon-list-items kb-icon-list-items_eef31e-53 kb-icon-list-columns-1 alignnone\"><ul class=\"kb-icon-list\"><li class=\"kb-icon-list-style-default kt_flex_aligncenter kb-icon-list-item-wrap kb-icon-list-item-0\"><div style=\"display:inline-flex;justify-content:center;align-items:center\" class=\"kb-icon-list-single kb-icon-list-single-fe_arrowRightCircle\"><svg viewBox=\"0 0 24 24\" height=\"20\" width=\"20\" fill=\"none\" stroke=\"currentColor\" stroke-width=\"2\" stroke-linecap=\"round\" stroke-linejoin=\"round\" style=\"fill:none;display:inline-block;vertical-align:middle\" aria-hidden=\"true\"><circle cx=\"12\" cy=\"12\" r=\"10\" \/><polyline points=\"12 16 16 12 12 8\" \/><line x1=\"8\" y1=\"12\" x2=\"16\" y2=\"12\" \/><\/svg><\/div><span class=\"kb-icon-list-text\">Kim\u00adlik kar\u00adt\u0131 veya pasaport<\/span><\/li><li class=\"kb-icon-list-style-default kt_flex_aligncenter kb-icon-list-item-wrap kb-icon-list-item-1\"><div style=\"display:inline-flex;justify-content:center;align-items:center\" class=\"kb-icon-list-single kb-icon-list-single-fe_arrowRightCircle\"><svg viewBox=\"0 0 24 24\" height=\"20\" width=\"20\" fill=\"none\" stroke=\"currentColor\" stroke-width=\"2\" stroke-linecap=\"round\" stroke-linejoin=\"round\" style=\"fill:none;display:inline-block;vertical-align:middle\" aria-hidden=\"true\"><circle cx=\"12\" cy=\"12\" r=\"10\" \/><polyline points=\"12 16 16 12 12 8\" \/><line x1=\"8\" y1=\"12\" x2=\"16\" y2=\"12\" \/><\/svg><\/div><span class=\"kb-icon-list-text\">Kay\u0131t ona\u00ady\u0131<\/span><\/li><\/ul><\/div>\n<\/div><\/div><\/div>\n\n\n\n<div class=\"wp-block-stackable-column stk-block-column stk-column stk-block stk-797ac7c\" data-v=\"4\" data-block-id=\"797ac7c\"><div class=\"stk-column-wrapper stk-block-column__content stk-container stk-797ac7c-container stk--no-background stk--no-padding\"><div class=\"stk-block-content stk-inner-blocks stk-797ac7c-inner-blocks\">\n<p><strong>Ne ala\u00adca\u00ad\u011f\u0131m?<\/strong><\/p>\n\n\n\n<div class=\"wp-block-kioken-visual-list kb-icon-list-items kb-icon-list-items_66d725-8f kb-icon-list-columns-1 alignnone\"><ul class=\"kb-icon-list\"><li class=\"kb-icon-list-style-default kt_flex_aligncenter kb-icon-list-item-wrap kb-icon-list-item-0\"><div style=\"display:inline-flex;justify-content:center;align-items:center\" class=\"kb-icon-list-single kb-icon-list-single-fe_arrowRightCircle\"><svg viewBox=\"0 0 24 24\" height=\"20\" width=\"20\" fill=\"none\" stroke=\"currentColor\" stroke-width=\"2\" stroke-linecap=\"round\" stroke-linejoin=\"round\" style=\"fill:none;display:inline-block;vertical-align:middle\" aria-hidden=\"true\"><circle cx=\"12\" cy=\"12\" r=\"10\" \/><polyline points=\"12 16 16 12 12 8\" \/><line x1=\"8\" y1=\"12\" x2=\"16\" y2=\"12\" \/><\/svg><\/div><span class=\"kb-icon-list-text\">Otur\u00adma izni, belir\u00adli ama\u00e7\u00adlar i\u00e7in otur\u00adma izni veya di\u011fer sertifikalar<\/span><\/li><\/ul><\/div>\n<\/div><\/div><\/div>\n<\/div><\/div>\n","protected":false},"excerpt":{"rendered":"<p>Alman\u00adya\u00ad\u2019\u00adda \u00e7al\u0131\u015f\u00adma izni\u00adni\u00adzin olup olma\u00add\u0131\u00ad\u011f\u0131 Aufent\u00adhalts\u00adti\u00adtel \u2018ini\u00adze (otur\u00adma izni) ba\u011f\u00adl\u0131\u00add\u0131r.Otur\u00adma izni\u00adniz pasa\u00adpor\u00adtu\u00adnuz\u00adda bulun\u00admak\u00adta\u00add\u0131r. Arbe\u00adit\u00adser\u00adla\u00adub\u00adnis \u2018ini\u00adzin (\u00e7al\u0131\u015f\u00adma izni) duru\u00admu\u00adnu etki\u00adler: Otur\u00adma izni i\u00e7in ba\u015f\u00advu\u00adrun \ud83d\udcdd Otur\u00adma izni i\u00e7in ba\u015f\u00advu\u00adru \ud83d\udcbb Otur\u00adma&nbsp;<a class=\"moretag\" href=\"https:\/\/www.anika-net.de\/tr\/varmak\/karlsruhede-calismak\/calisma-izni-alma-ab-vatandasi-olmayanlar-icin\/\">daha faz\u00adla okuyun<\/a><\/p>\n","protected":false},"author":1,"featured_media":0,"parent":15762,"menu_order":11,"comment_status":"closed","ping_status":"closed","template":"","meta":{"_acf_changed":false,"inline_featured_image":false,"_uag_custom_page_level_css":"","wp_typography_post_enhancements_disabled":false,"footnotes":""},"class_list":["post-2581","page","type-page","status-publish","hentry"],"acf":[],"featured_image_urls_v2":{"full":"","thumbnail":"","medium":"","medium_large":"","large":"","1536x1536":"","2048x2048":"","event-overview":"","event-archive-thumb":"","grid-item-thumbnail":"","network-partner-icon":"","organiser-icon":"","gform-image-choice-sm":"","gform-image-choice-md":"","gform-image-choice-lg":""},"post_excerpt_stackable_v2":"<p>Alman\u00adya\u00ad\u2019\u00adda \u00e7al\u0131\u015f\u00adma izni\u00adni\u00adzin olup olma\u00add\u0131\u00ad\u011f\u0131 Aufent\u00adhalts\u00adti\u00adtel \u2018ini\u00adze (otur\u00adma izni) ba\u011f\u00adl\u0131\u00add\u0131r.Otur\u00adma izni\u00adniz pasa\u00adpor\u00adtu\u00adnuz\u00adda bulun\u00admak\u00adta\u00add\u0131r. Arbe\u00adit\u00adser\u00adla\u00adub\u00adnis \u2018ini\u00adzin (\u00e7al\u0131\u015f\u00adma izni) duru\u00admu\u00adnu etki\u00adler: AB vatan\u00adda\u015f\u00adla\u00adr\u0131 \u00f6nce\u00adden izin almak\u00ads\u0131\u00adz\u0131n Alman\u00adya\u00ad\u2019\u00adda \u00e7al\u0131\u00ad\u015fa\u00adbi\u00adlir, i\u015f ara\u00adya\u00adbi\u00adlir veya ser\u00adbest mes\u00adlek sahi\u00adbi ola\u00adbi\u00adlir\u00adler. Gel\u00addi\u00ad\u011fi\u00adniz \u00fclke\u00adde vize yoluy\u00adla \u00e7al\u0131\u015f\u00adma izni ba\u015f\u00advu\u00adru\u00adsun\u00adda bulun\u00adma\u00add\u0131y\u00adsa\u00adn\u0131z, Karls\u00adru\u00adhe\u00ad\u2019\u00adde\u00adki Aus\u00adl\u00ad\u00e4n\u00adder\u00adbe\u00adh\u00f6r\u00adde \u2018ye (Yaban\u00adc\u0131\u00adlar Daire\u00adsi) ba\u015f\u00advu\u00adru\u00adda bulun\u00adma\u00adn\u0131z gere\u00adkir. Otur\u00adma izni i\u00e7in ba\u015f\u00advu\u00adrun E\u2011posta ile ba\u015f\u00advu\u00adru \u2014 (L\u00fct\u00adfen ori\u00adji\u00adnal dos\u00adya\u00adla\u00adr\u0131 de\u011fil, yal\u00adn\u0131z\u00adca taran\u00adm\u0131\u015f kop\u00adya\u00adla\u00adr\u0131 g\u00f6n\u00adde\u00adrin)L\u00fct\u00adfen dol\u00addu\u00adrul\u00admu\u015f ve imza\u00adlan\u00adm\u0131\u015f ba\u015f\u00advu\u00adru\u00adyu ve gerek\u00adli bel\u00adge\u00adle\u00adri son ba\u015f\u00advu\u00adru tari\u00adhin\u00adden \u00f6nce PDF dos\u00adya\u00ads\u0131 ola\u00adrak e\u2011posta ile \u015fu adre\u00adse g\u00f6n\u00adde\u00adrin: abh@oa.karlsruhe.de Pos\u00adta yoluy\u00adla veya pos\u00adta kutu\u00adsu\u00adna b\u0131ra\u00adka\u00adrak ba\u015f\u00advu\u00adruAdres: Aus\u00adl\u00ad\u00e4n\u00adder\u00adbe\u00adh\u00f6r\u00adde, Kaise\u00adral\u00adlee 8, 76133 Karls\u00adru\u00adhe. \ud83d\udcdd Otur\u00adma&nbsp;izni\u2026<\/p>\n","category_list_v2":"","author_info_v2":{"name":"saasweb-admin","url":"https:\/\/www.anika-net.de\/tr\/author\/saasweb-admin\/"},"comments_num_v2":"0 comments","uagb_featured_image_src":{"full":false,"thumbnail":false,"medium":false,"medium_large":false,"large":false,"1536x1536":false,"2048x2048":false,"event-overview":false,"event-archive-thumb":false,"grid-item-thumbnail":false,"network-partner-icon":false,"organiser-icon":false,"gform-image-choice-sm":false,"gform-image-choice-md":false,"gform-image-choice-lg":false},"uagb_author_info":{"display_name":"saasweb-admin","author_link":"https:\/\/www.anika-net.de\/tr\/author\/saasweb-admin\/"},"uagb_comment_info":0,"uagb_excerpt":"Alman\u00adya\u00ad\u2019\u00adda \u00e7al\u0131\u015f\u00adma izni\u00adni\u00adzin olup olma\u00add\u0131\u00ad\u011f\u0131 Aufent\u00adhalts\u00adti\u00adtel \u2018ini\u00adze (otur\u00adma izni) ba\u011f\u00adl\u0131\u00add\u0131r.Otur\u00adma izni\u00adniz pasa\u00adpor\u00adtu\u00adnuz\u00adda bulun\u00admak\u00adta\u00add\u0131r. Arbe\u00adit\u00adser\u00adla\u00adub\u00adnis \u2018ini\u00adzin (\u00e7al\u0131\u015f\u00adma izni) duru\u00admu\u00adnu etkiler: Otur\u00adma izni i\u00e7in ba\u015fvurun \ud83d\udcdd Otur\u00adma izni i\u00e7in ba\u015fvuru \ud83d\udcbb Otur\u00adma&nbsp;daha fazla okuyun","_links":{"self":[{"href":"https:\/\/www.anika-net.de\/tr\/wp-json\/wp\/v2\/pages\/2581","targetHints":{"allow":["GET"]}}],"collection":[{"href":"https:\/\/www.anika-net.de\/tr\/wp-json\/wp\/v2\/pages"}],"about":[{"href":"https:\/\/www.anika-net.de\/tr\/wp-json\/wp\/v2\/types\/page"}],"author":[{"embeddable":true,"href":"https:\/\/www.anika-net.de\/tr\/wp-json\/wp\/v2\/users\/1"}],"replies":[{"embeddable":true,"href":"https:\/\/www.anika-net.de\/tr\/wp-json\/wp\/v2\/comments?post=2581"}],"version-history":[{"count":0,"href":"https:\/\/www.anika-net.de\/tr\/wp-json\/wp\/v2\/pages\/2581\/revisions"}],"up":[{"embeddable":true,"href":"https:\/\/www.anika-net.de\/tr\/wp-json\/wp\/v2\/pages\/15762"}],"wp:attachment":[{"href":"https:\/\/www.anika-net.de\/tr\/wp-json\/wp\/v2\/media?parent=2581"}],"curies":[{"name":"wp","href":"https:\/\/api.w.org\/{rel}","templated":true}]}}