{"id":2570,"date":"2021-07-05T13:55:10","date_gmt":"2021-07-05T11:55:10","guid":{"rendered":"https:\/\/www.anika-net.de\/integration-course\/"},"modified":"2023-03-24T09:32:15","modified_gmt":"2023-03-24T08:32:15","slug":"entegrasyon-kurslari","status":"publish","type":"page","link":"https:\/\/www.anika-net.de\/tr\/varmak\/learning-german\/entegrasyon-kurslari\/","title":{"rendered":"Enteg\u00adras\u00adyon kurslar\u0131"},"content":{"rendered":"\n<p>Uyum kurs\u00adla\u00adr\u0131, Alman top\u00adlu\u00admu\u00adnun bir par\u00ad\u00e7a\u00ads\u0131 olma\u00adn\u0131\u00adza yar\u00add\u0131m\u00adc\u0131 olan dil kurs\u00adla\u00adr\u0131\u00add\u0131r. Uyum kur\u00adsu, hem bir dil kur\u00adsu hem de size \u00fclke hak\u00adk\u0131n\u00adda \u00f6nem\u00adli tari\u00adhi, siya\u00adsi ve k\u00fcl\u00adt\u00fc\u00adrel arka plan bil\u00adgi\u00adle\u00adri veren bir oryan\u00adtas\u00adyon kur\u00adsu i\u00e7e\u00adrir.<br>Hen\u00fcz yeter\u00adli Alman\u00adca bil\u00adgi\u00adsi\u00adne sahip de\u011fil\u00adse\u00adniz, bir enteg\u00adras\u00adyon kur\u00adsu\u00adna kat\u0131lmal\u0131s\u0131n\u0131z:<\/p>\n\n\n\n<ul class=\"wp-block-list\">\n<li>Karls\u00adru\u00adhe\u00ad\u2019\u00adde yeniy\u00adse\u00adniz ve AB d\u0131\u015f\u0131n\u00adda\u00adki bir \u00fclke\u00adden geli\u00adyor\u00adsa\u00adn\u0131z, bir enteg\u00adras\u00adyon kur\u00adsu\u00adna kat\u0131l\u00adma hak\u00adk\u0131\u00adn\u0131z vard\u0131r.<\/li>\n\n\n\n<li>Alman\u00adya\u00ad\u2019\u00adda daha uzun s\u00fcre\u00addir ya\u015f\u0131\u00adyor\u00adsa\u00adn\u0131z veya AB vatan\u00adda\u00ad\u015f\u0131y\u00adsa\u00adn\u0131z, kon\u00adten\u00adjan var\u00adsa kurs\u00adla\u00adra da kabul edilebilirsiniz.<\/li>\n\n\n\n<li>Alman vatan\u00adda\u00ad\u015f\u0131y\u00adsa\u00adn\u0131z, ancak yeter\u00adli Alman\u00adca bil\u00adgi\u00adsi\u00adne sahip de\u011fil\u00adse\u00adniz ve daha etkin bir \u015fekil\u00adde enteg\u00adre olmak isti\u00adyor\u00adsa\u00adn\u0131z, kon\u00adten\u00adjan var\u00adsa kurs\u00adla\u00adra da kabul edilebilirsiniz.<\/li>\n<\/ul>\n\n\n\n<p>Daha faz\u00adla bil\u00adgi\u00adyi \u015fu adres\u00adte <a href=\"https:\/\/www.anika-net.de\/tr\/almanca-ogrenmek\/entegrasyon-kurslari\/\">bula\u00adbi\u00adlir\u00adsi\u00adniz<\/a> <\/p>\n\n\n\n<p>Han\u00adgi dil kur\u00adsu\u00adnun size uygun oldu\u00ad\u011fu konu\u00adsun\u00adda <em><strong>Mig\u00adra\u00adti\u00adons\u00adbe\u00adra\u00adtungss\u00adtel\u00adle<\/strong><\/em>\u2019den veya <em><strong>B\u00fcro f\u00fcr Integ\u00adra\u00adti\u00adon<\/strong><\/em>\u2019dan (Enteg\u00adras\u00adyon Ofi\u00adsi) tav\u00adsi\u00adye al\u0131n. Enteg\u00adras\u00adyon Ofi\u00adsi, dil ve enteg\u00adras\u00adyon kurs\u00adla\u00adr\u0131 hak\u00adk\u0131n\u00adda her\u00adhan\u00adgi bir soru\u00adnuz var\u00adsa, tele\u00adfon veya e\u2011posta yoluy\u00adla size bil\u00adgi ver\u00admek\u00adten mut\u00adlu\u00adluk duya\u00adcak\u00adt\u0131r: 0721 133\u20115727 veya buero.fuer.integration@sjb.karlsruhe.de.<\/p>\n","protected":false},"excerpt":{"rendered":"<p>Uyum kurs\u00adla\u00adr\u0131, Alman top\u00adlu\u00admu\u00adnun bir par\u00ad\u00e7a\u00ads\u0131 olma\u00adn\u0131\u00adza yar\u00add\u0131m\u00adc\u0131 olan dil kurs\u00adla\u00adr\u0131\u00add\u0131r. Uyum kur\u00adsu, hem bir dil kur\u00adsu hem de size \u00fclke hak\u00adk\u0131n\u00adda \u00f6nem\u00adli tari\u00adhi, siya\u00adsi ve k\u00fcl\u00adt\u00fc\u00adrel arka plan bil\u00adgi\u00adle\u00adri&nbsp;<a class=\"moretag\" href=\"https:\/\/www.anika-net.de\/tr\/varmak\/learning-german\/entegrasyon-kurslari\/\">daha faz\u00adla okuyun<\/a><\/p>\n","protected":false},"author":3,"featured_media":0,"parent":15750,"menu_order":0,"comment_status":"closed","ping_status":"closed","template":"","meta":{"_acf_changed":false,"inline_featured_image":false,"_uag_custom_page_level_css":"","wp_typography_post_enhancements_disabled":false,"footnotes":""},"class_list":["post-2570","page","type-page","status-publish","hentry"],"acf":[],"featured_image_urls_v2":{"full":"","thumbnail":"","medium":"","medium_large":"","large":"","1536x1536":"","2048x2048":"","event-overview":"","event-archive-thumb":"","grid-item-thumbnail":"","network-partner-icon":"","organiser-icon":"","gform-image-choice-sm":"","gform-image-choice-md":"","gform-image-choice-lg":""},"post_excerpt_stackable_v2":"<p>Uyum kurs\u00adla\u00adr\u0131, Alman top\u00adlu\u00admu\u00adnun bir par\u00ad\u00e7a\u00ads\u0131 olma\u00adn\u0131\u00adza yar\u00add\u0131m\u00adc\u0131 olan dil kurs\u00adla\u00adr\u0131\u00add\u0131r. Uyum kur\u00adsu, hem bir dil kur\u00adsu hem de size \u00fclke hak\u00adk\u0131n\u00adda \u00f6nem\u00adli tari\u00adhi, siya\u00adsi ve k\u00fcl\u00adt\u00fc\u00adrel arka plan bil\u00adgi\u00adle\u00adri veren bir oryan\u00adtas\u00adyon kur\u00adsu i\u00e7e\u00adrir.Hen\u00fcz yeter\u00adli Alman\u00adca bil\u00adgi\u00adsi\u00adne sahip de\u011fil\u00adse\u00adniz, bir enteg\u00adras\u00adyon kur\u00adsu\u00adna kat\u0131l\u00adma\u00adl\u0131\u00ads\u0131\u00adn\u0131z: Karls\u00adru\u00adhe\u00ad\u2019\u00adde yeniy\u00adse\u00adniz ve AB d\u0131\u015f\u0131n\u00adda\u00adki bir \u00fclke\u00adden geli\u00adyor\u00adsa\u00adn\u0131z, bir enteg\u00adras\u00adyon kur\u00adsu\u00adna kat\u0131l\u00adma hak\u00adk\u0131\u00adn\u0131z var\u00add\u0131r. Alman\u00adya\u00ad\u2019\u00adda daha uzun s\u00fcre\u00addir ya\u015f\u0131\u00adyor\u00adsa\u00adn\u0131z veya AB vatan\u00adda\u00ad\u015f\u0131y\u00adsa\u00adn\u0131z, kon\u00adten\u00adjan var\u00adsa kurs\u00adla\u00adra da kabul edi\u00adle\u00adbi\u00adlir\u00adsi\u00adniz. Alman vatan\u00adda\u00ad\u015f\u0131y\u00adsa\u00adn\u0131z, ancak yeter\u00adli Alman\u00adca bil\u00adgi\u00adsi\u00adne sahip de\u011fil\u00adse\u00adniz ve daha etkin bir \u015fekil\u00adde enteg\u00adre olmak isti\u00adyor\u00adsa\u00adn\u0131z, kon\u00adten\u00adjan var\u00adsa kurs\u00adla\u00adra da kabul edi\u00adle\u00adbi\u00adlir\u00adsi\u00adniz. Daha faz\u00adla bil\u00adgi\u00adyi \u015fu adres\u00adte bulabilirsiniz\u2026<\/p>\n","category_list_v2":"","author_info_v2":{"name":"Eva Geerken","url":"https:\/\/www.anika-net.de\/tr\/author\/egeerken\/"},"comments_num_v2":"0 comments","uagb_featured_image_src":{"full":false,"thumbnail":false,"medium":false,"medium_large":false,"large":false,"1536x1536":false,"2048x2048":false,"event-overview":false,"event-archive-thumb":false,"grid-item-thumbnail":false,"network-partner-icon":false,"organiser-icon":false,"gform-image-choice-sm":false,"gform-image-choice-md":false,"gform-image-choice-lg":false},"uagb_author_info":{"display_name":"Eva Geerken","author_link":"https:\/\/www.anika-net.de\/tr\/author\/egeerken\/"},"uagb_comment_info":0,"uagb_excerpt":"Uyum kurs\u00adla\u00adr\u0131, Alman top\u00adlu\u00admu\u00adnun bir par\u00ad\u00e7a\u00ads\u0131 olma\u00adn\u0131\u00adza yar\u00add\u0131m\u00adc\u0131 olan dil kurs\u00adla\u00adr\u0131\u00add\u0131r. Uyum kur\u00adsu, hem bir dil kur\u00adsu hem de size \u00fclke hak\u00adk\u0131n\u00adda \u00f6nem\u00adli tari\u00adhi, siya\u00adsi ve k\u00fcl\u00adt\u00fc\u00adrel arka plan bil\u00adgi\u00adle\u00adri&nbsp;daha fazla okuyun","_links":{"self":[{"href":"https:\/\/www.anika-net.de\/tr\/wp-json\/wp\/v2\/pages\/2570","targetHints":{"allow":["GET"]}}],"collection":[{"href":"https:\/\/www.anika-net.de\/tr\/wp-json\/wp\/v2\/pages"}],"about":[{"href":"https:\/\/www.anika-net.de\/tr\/wp-json\/wp\/v2\/types\/page"}],"author":[{"embeddable":true,"href":"https:\/\/www.anika-net.de\/tr\/wp-json\/wp\/v2\/users\/3"}],"replies":[{"embeddable":true,"href":"https:\/\/www.anika-net.de\/tr\/wp-json\/wp\/v2\/comments?post=2570"}],"version-history":[{"count":0,"href":"https:\/\/www.anika-net.de\/tr\/wp-json\/wp\/v2\/pages\/2570\/revisions"}],"up":[{"embeddable":true,"href":"https:\/\/www.anika-net.de\/tr\/wp-json\/wp\/v2\/pages\/15750"}],"wp:attachment":[{"href":"https:\/\/www.anika-net.de\/tr\/wp-json\/wp\/v2\/media?parent=2570"}],"curies":[{"name":"wp","href":"https:\/\/api.w.org\/{rel}","templated":true}]}}