{"id":2556,"date":"2021-05-21T14:10:35","date_gmt":"2021-05-21T12:10:35","guid":{"rendered":"https:\/\/www.anika-net.de\/applying-for-social-housing\/"},"modified":"2025-07-15T13:23:30","modified_gmt":"2025-07-15T11:23:30","slug":"sosyal-konutlar","status":"publish","type":"page","link":"https:\/\/www.anika-net.de\/tr\/varmak\/konaklama\/sosyal-konutlar\/","title":{"rendered":"Sos\u00adyal konutlar"},"content":{"rendered":"\n<p>Alman\u00adya\u00ad\u2019\u00adda d\u00fc\u015f\u00fck gelir\u00adli insan\u00adlar sos\u00adyal konut pro\u00adje\u00adle\u00adrin\u00adden daire kira\u00adla\u00adya\u00adbi\u00adlir\u00adler. Bu daire\u00adler\u00adden biri\u00adni kira\u00adla\u00admak i\u00e7in bir <strong><em>Wohn\u00adbe\u00adrech\u00adti\u00adgungssc\u00adhe\u00adin<\/em> (sos\u00adyal konut i\u00e7in uygun\u00adluk bel\u00adge\u00adsi)<\/strong> gerekmektedir.&nbsp;<\/p>\n\n<div class=\"wp-block-buttons is-layout-flex wp-block-buttons-is-layout-flex\">\n<div class=\"wp-block-button has-custom-width wp-block-button__width-50\"><a class=\"wp-block-button__link has-background wp-element-button\" href=\"https:\/\/pdf.form-solutions.net\/metaform\/Form-Solutions\/?5&amp;releaseUserId=08212000-0001-0000&amp;releaseID=62e3be268619d807a8ef4d44&amp;releaseOrganizationID=08212000-0001&amp;assistant=KFAS_Antrag_Wohnberechtigungsschein&amp;translation=false&amp;storable=true&amp;fileUrl=https%253A%252F%252Fpdf.form-solutions.net%252Fmetaform%252FForm-Solutions%252Fsid%252Fassistant%252F62e3be268619d807a8ef4d44&amp;oID=08212000-0001&amp;kdnr=08212000-0001\" style=\"background-color:#13a298\" rel=\"https:\/\/pdf.form-solutions.net\/metaform\/Form-Solutions\/?5&amp;releaseUserId=08212000-0001-0000&amp;releaseID=62e3be268619d807a8ef4d44&amp;releaseOrganizationID=08212000-0001&amp;assistant=KFAS_Antrag_Wohnberechtigungsschein&amp;translation=false&amp;storable=true&amp;fileUrl=https%253A%252F%252Fpdf.form-solutions.net%252Fmetaform%252FForm-Solutions%252Fsid%252Fassistant%252F62e3be268619d807a8ef4d44&amp;oID=08212000-0001&amp;kdnr=08212000-0001 noopener\"><strong>Sos\u00adyal konut\u00adlar i\u00e7in <br>adre\u00adsi\u00adne ser\u00adti\u00adfi\u00adka ba\u015f\u00advu\u00adru\u00adsun\u00adda bulunun<\/strong><\/a><\/div>\n<\/div>\n\n<p><strong>Ba\u015f\u00advu\u00adru \u00e7ev\u00adri\u00admi\u00ad\u00e7i ola\u00adrak dol\u00addu\u00adrul\u00adma\u00adl\u0131 ve<\/strong> \u270d\ud83c\udffc<br><strong>adre\u00adsin\u00adde imza\u00adlan\u00adma\u00adl\u0131\u00add\u0131r<\/strong>. Daha son\u00adra ba\u015f\u00advu\u00adru for\u00admu\u00adnu \ud83d\udcec<strong> adre\u00adsi\u00adne pos\u00adta yoluy\u00adla<\/strong> <strong>veya<\/strong> <strong>taran\u00adm\u0131\u015f<\/strong> ola\u00adrak \ud83d\udce7 wbs@la.karlsruhe.de adre\u00adsi\u00adne g\u00f6nderebilirsiniz.<\/p>\n\n<h2 class=\"wp-block-heading\">Sos\u00adyal konut ser\u00adti\u00adfi\u00adka\u00ads\u0131 i\u00e7in gerekenler&nbsp;\ud83c\udfd8<\/h2>\n\n<ul class=\"wp-block-list\">\n<li>Bir ev ar\u0131yorsunuz.<\/li>\n\n\n\n<li>Siz ve hane\u00adniz\u00adde\u00adki birey\u00adler gelir s\u0131n\u0131\u00adr\u0131\u00adn\u0131 a\u015fm\u0131yorsunuz.<\/li>\n<\/ul>\n\n<p>Y\u0131l\u00adl\u0131k gelir, hane\u00adde\u00adki her bir ki\u015fi i\u00e7in ayr\u0131 ayr\u0131 hesaplan\u0131r.<\/p>\n\n<details class=\"wp-block-stackable-accordion stk-block-accordion stk-inner-blocks stk-block-content stk-block stk-d027d3a is-style-default\" data-block-id=\"d027d3a\">\n<summary class=\"wp-block-stackable-column stk-block-column stk-column stk-block stk-d85fa60 stk--container-small stk-block-accordion__heading\" data-v=\"4\" data-block-id=\"d85fa60\"><style>.stk-d85fa60-container{max-width:926px !important;min-width:auto !important;}<\/style><div class=\"stk-column-wrapper stk-block-column__content stk-container stk-d85fa60-container stk-hover-parent\"><div class=\"stk-block-content stk-inner-blocks stk-d85fa60-inner-blocks\">\n<div class=\"wp-block-stackable-icon-label stk-block-icon-label stk-block stk-af9ecac\" data-block-id=\"af9ecac\"><div class=\"stk-row stk-inner-blocks stk-block-content\">\n<div class=\"wp-block-stackable-heading stk-block-heading stk-block-heading--v2 stk-block stk-58784f9\" id=\"span-style-color-ffffff-class-stk-highlight-annual-income-span\" data-block-id=\"58784f9\"><h4 class=\"stk-block-heading__text\"><span style=\"color: #ffffff;\" class=\"stk-highlight\">Y\u0131l\u00adl\u0131k&nbsp;Gelir<\/span><\/h4><\/div>\n\n\n\n<div class=\"wp-block-stackable-icon stk-block-icon stk-block stk-b5ed8df\" data-block-id=\"b5ed8df\"><span class=\"stk--svg-wrapper\"><div class=\"stk--inner-svg\"><svg style=\"height:0;width:0\"><defs><linearGradient id=\"linear-gradient-b5ed8df\" x1=\"0\" x2=\"100%\" y1=\"0\" y2=\"0\"><stop offset=\"0%\" style=\"stop-opacity:1;stop-color:var(--linear-gradient-b-5-ed-8-df-color-1)\" \/><stop offset=\"100%\" style=\"stop-opacity:1;stop-color:var(--linear-gradient-b-5-ed-8-df-color-2)\" \/><\/linearGradient><\/defs><\/svg><svg data-prefix=\"fas\" data-icon=\"chevron-down\" class=\"svg-inline--fa fa-chevron-down fa-w-14\" viewBox=\"0 0 448 512\" aria-hidden=\"true\" width=\"32\" height=\"32\"><path fill=\"currentColor\" d=\"M207.029 381.476L12.686 187.132c-9.373-9.373-9.373-24.569 0-33.941l22.667-22.667c9.357-9.357 24.522-9.375 33.901-.04L224 284.505l154.745-154.021c9.379-9.335 24.544-9.317 33.901.04l22.667 22.667c9.373 9.373 9.373 24.569 0 33.941L240.971 381.476c-9.373 9.372-24.569 9.372-33.942 0z\" \/><\/svg><\/div><\/span><\/div>\n<\/div><\/div>\n<\/div><\/div><\/summary>\n\n\n\n<div class=\"wp-block-stackable-column stk-block-column stk-column stk-block stk-771a628 stk-block-accordion__content\" data-v=\"4\" data-block-id=\"771a628\"><div class=\"stk-column-wrapper stk-block-column__content stk-container stk-771a628-container stk--no-background stk--no-padding\"><div class=\"stk-block-content stk-inner-blocks stk-771a628-inner-blocks\">\n<div class=\"wp-block-stackable-text stk-block-text stk-block stk-849bacc\" data-block-id=\"849bacc\"><p class=\"stk-block-text__text\"><strong>Y\u0131l\u00adl\u0131k geli\u00adri\u00adniz<\/strong>, ister <strong>ver\u00adgi\u00adye tabi ister ver\u00adgi\u00adden muaf<\/strong> olsun, t\u00fcm kazan\u00e7\u00adla\u00adr\u0131 i\u00e7e\u00adrir. \u0130\u015fte dik\u00adka\u00adte al\u0131\u00adnan\u00adlar: <br><br><strong>\ud83d\udc77 \u00c7al\u0131\u00ad\u015f\u0131\u00adyor\u00adsa\u00adn\u0131z (ser\u00adbest mes\u00adlek sahi\u00adbi de\u011fil\u00adse\u00adniz):<\/strong><br>\u25aa <strong>Y\u0131l\u00adl\u0131k br\u00fct maa\u015f\u0131\u00adn\u0131z<\/strong><br>\u25aa Tan\u0131n\u00adm\u0131\u015f ver\u00adgi kesin\u00adti\u00adle\u00adri hari\u00e7 (\u00f6rne\u00ad\u011fin i\u015fe gidip gel\u00adme masraflar\u0131)<\/p><\/div>\n\n\n\n<p>\ud83e\uddd1\u200d\ud83d\udcbc <strong>Ser\u00adbest mes\u00adlek sahi\u00adbiy\u00adse\u00adniz (\u00e7ift\u00ad\u00e7i\u00adlik, orman\u00adc\u0131\u00adl\u0131k veya bir i\u015flet\u00adme i\u015flet\u00admek dahil):<\/strong><br>\u25aa Ver\u00adgi\u00adden d\u00fc\u015f\u00fc\u00adle\u00adbi\u00adlir i\u015flet\u00adme gider\u00adle\u00adrin\u00adden son\u00adra\u00adki <strong>net k\u00e2r\u0131\u00adn\u0131z<\/strong> <\/p>\n\n\n\n<p><strong>\ud83c\udfe0 Kira veya ser\u00adma\u00adye\u00adden (\u00f6rne\u00ad\u011fin yat\u0131\u00adr\u0131m\u00adlar) gelir elde edi\u00adyor\u00adsa\u00adn\u0131z:<\/strong><br>\u25aa <strong>Net gelir<\/strong> (top\u00adlam gelir eksi izin veri\u00adlen ver\u00adgi indirimleri)<\/p>\n\n\n\n<p><strong>\ud83e\uddd3 Emek\u00adli maa\u015f\u0131 al\u0131\u00adyor\u00adsa\u00adn\u0131z:<\/strong><br><strong>Emek\u00adli\u00adlik geli\u00adri\u00adniz<\/strong> eksi izin veri\u00adlen ver\u00adgi kesintileri<\/p>\n\n\n\n<h3 class=\"wp-block-heading\">\u2705 Ver\u00adgi\u00adden muaf avan\u00adtaj\u00adlar da say\u0131\u00adl\u0131r, \u00f6rne\u011fin:<\/h3>\n\n\n\n<ul class=\"wp-block-list\">\n<li>\u0130\u015fs\u00adizl\u00adik yar\u00add\u0131\u00adm\u0131 (Arbe\u00adits\u00adlo\u00adsen\u00adgeld)<\/li>\n\n\n\n<li>K\u0131sa \u00e7al\u0131\u015f\u00adma \u00f6de\u00adne\u00ad\u011fi (Kur\u00adzar\u00adbe\u00aditer\u00adgeld)<\/li>\n\n\n\n<li>Ge\u00e7i\u015f \u00f6de\u00adne\u00ad\u011fi (\u00dcber\u00adgangs\u00adgeld)<\/li>\n\n\n\n<li>\u0130fl\u00adas \u00f6demeleri<\/li>\n\n\n\n<li>Enteg\u00adras\u00adyon deste\u011fi<\/li>\n\n\n\n<li><strong>Vatan\u00adda\u015f\u00adl\u0131k geli\u00adri (B\u00fcr\u00adger\u00adgeld<\/strong> ) ve di\u011fer temel sos\u00adyal yar\u00add\u0131m\u00adlar (SGB&nbsp;II)<\/li>\n<\/ul>\n\n\n\n<hr class=\"wp-block-separator has-alpha-channel-opacity\">\n\n\n\n<p><strong>\ud83d\udc69\u200d\ud83d\udc67 Bekar ebe\u00adveyn\u00adler i\u00e7in:<\/strong><br>Sizin\u00adle bir\u00adlik\u00adte ya\u015fa\u00adyan en az bir \u00e7ocu\u00ad\u011fu olan (\u00e7ocuk yar\u00add\u0131\u00adm\u0131 veya ver\u00adgi \u00f6de\u00adne\u00ad\u011fi ald\u0131\u00ad\u011f\u0131\u00adn\u0131z) bekar bir <strong>ebe\u00adveyn\u00adse\u00adniz<\/strong>, geli\u00adri\u00adniz <strong>\u00f6zel bir ver\u00adgi indi\u00adri\u00admi tuta\u00adr\u0131 kadar azal\u00adt\u0131\u00adl\u0131r<\/strong>.<\/p>\n\n\n\n<hr class=\"wp-block-separator has-alpha-channel-opacity\">\n\n\n\n<h4 class=\"wp-block-heading\">\u2696\ufe0f Yasal nafa\u00adka y\u00fck\u00fcm\u00adl\u00fc\u00adl\u00fck\u00adle\u00adri duru\u00admun\u00adda (\u00f6rne\u00ad\u011fin ayr\u0131\u00adl\u0131k veya bo\u015fan\u00adma sonras\u0131nda):<\/h4>\n\n\n\n<ul class=\"wp-block-list\">\n<li>Nafa\u00adka <strong>alan ki\u015fi<\/strong> i\u00e7in tuta\u00adr\u0131n tama\u00adm\u0131 gelir ola\u00adrak say\u0131l\u0131r.<\/li>\n\n\n\n<li>Nafa\u00adka <strong>\u00f6de\u00adyen ki\u015fi<\/strong> i\u00e7in bu tutar\u00adlar d\u00fc\u015f\u00fclebilir:&nbsp;<ul class=\"wp-block-list\">\n<li><strong>\u00c7ocuk ba\u015f\u0131\u00adna y\u0131l\u00adl\u0131k 3.000 \u20ac\u2018ya&nbsp;kadar<\/strong><\/li>\n\n\n\n<li>E\u015f nafa\u00adka\u00ads\u0131 i\u00e7in <strong>y\u0131l\u00adl\u0131k 6.000 \u20ac\u2018ya kadar<\/strong> (ayr\u0131l\u0131k\/bo\u015fanma sonras\u0131)<\/li>\n<\/ul>\n<\/li>\n<\/ul>\n\n\n\n<hr class=\"wp-block-separator has-alpha-channel-opacity\">\n\n\n\n<p>\ud83e\uddfe adre\u00adsi\u00adni\u00adzi hesap\u00adla\u00admak i\u00e7in <strong><span style=\"color: #0a838c;\" class=\"stk-highlight\">top\u00adlam hane geli\u0307ri\u0307<\/span><\/strong>\u2019 <strong>de hane\u00adde\u00adki her\u00adke\u00adsin y\u0131l\u00adl\u0131k gelir\u00adle\u00adri top\u00adla\u00adn\u0131r<\/strong>.<\/p>\n<\/div><\/div><\/div>\n<\/details>\n\n<div class=\"wp-block-ugb-spacer ugb-spacer ugb-b05f2c1 ugb-spacer--v2 ugb-main-block\"><div class=\"ugb-inner-block\"><div class=\"ugb-block-content\"><div class=\"ugb-spacer--inner\"><\/div><\/div><\/div><\/div>\n\n<div class=\"wp-block-ugb-columns ugb-columns ugb-e78dd8a ugb-columns--design-plain ugb-columns--columns-4 ugb-main-block\"><div class=\"ugb-inner-block\"><div class=\"ugb-block-content\"><div class=\"ugb-columns__item ugb-e78dd8a-content-wrapper\">\n<div class=\"wp-block-ugb-column ugb-column ugb-1d5f70a ugb-column--design-plain ugb-main-block\"><div class=\"ugb-inner-block\"><div class=\"ugb-block-content\"><div class=\"ugb-column__item ugb-1d5f70a-column-wrapper\"><div class=\"ugb-column__content-wrapper\">\n<p><strong>Nere\u00adde?<\/strong><br> Liegensc\u00adhaft\u00adsamt<br>\ud83d\udccd Lammst\u00adra\u00ad\u00dfe 7a, Rat\u00adha\u00adus\u00adpas\u00adsa\u00adge<br>76133 Karls\u00adru\u00adhe<\/p>\n\n\n\n<p><br><\/p>\n<\/div><\/div><\/div><\/div><\/div>\n\n\n\n<div class=\"wp-block-ugb-column ugb-column ugb-fcc03f4 ugb-column--design-plain ugb-main-block\"><div class=\"ugb-inner-block\"><div class=\"ugb-block-content\"><div class=\"ugb-column__item ugb-fcc03f4-column-wrapper\"><div class=\"ugb-column__content-wrapper\">\n<p><strong>Yan\u0131\u00adma ne almal\u0131y\u0131m?<\/strong><\/p>\n\n\n\n<ul class=\"wp-block-list\">\n<li>Pasa\u00adport veya kim\u00adlik&nbsp;kart\u0131<\/li>\n\n\n\n<li>Otur\u00adma&nbsp;izni&nbsp;<\/li>\n\n\n\n<li>Gelir bel\u00adge\u00adsi<br>\u25aa Ser\u00adbest mes\u00adlek sahip\u00adle\u00adri i\u00e7in: son gelir beyan\u0131.&nbsp;<\/li>\n\n\n\n<li>Mev\u00adcut kira s\u00f6zle\u015fmeniz<\/li>\n<\/ul>\n<\/div><\/div><\/div><\/div><\/div>\n\n\n\n<div class=\"wp-block-ugb-column ugb-column ugb-c0e2b5b ugb-column--design-plain ugb-main-block\"><div class=\"ugb-inner-block\"><div class=\"ugb-block-content\"><div class=\"ugb-column__item ugb-c0e2b5b-column-wrapper\"><div class=\"ugb-column__content-wrapper\">\n<p><strong>Ne al\u0131\u00adyor\u00adsu\u00adnuz?<\/strong><\/p>\n\n\n\n<ul class=\"wp-block-list\">\n<li>Sos\u00adyal konut i\u00e7in uygun\u00adluk bel\u00adge\u00adsi <span style=\"color: #747373;\" class=\"stk-highlight\">(L\u00fct\u00adfen bu bel\u00adge\u00adyi ile\u00adri\u00adde kul\u00adlan\u00admak \u00fcze\u00adre saklay\u0131n)<\/span><\/li>\n<\/ul>\n<\/div><\/div><\/div><\/div><\/div>\n\n\n\n<div class=\"wp-block-ugb-column ugb-column ugb-440a1f3 ugb-column--design-plain ugb-main-block\"><div class=\"ugb-inner-block\"><div class=\"ugb-block-content\"><div class=\"ugb-column__item ugb-440a1f3-column-wrapper\"><div class=\"ugb-column__content-wrapper\">\n<p><strong>Temas<\/strong><\/p>\n\n\n\n<p>\ud83d\udcde 0721 133\u20116414<br>\ud83d\udcde 0721 133\u20116423<br>\ud83d\udce7wbs@la.karlsruhe.de<\/p>\n<\/div><\/div><\/div><\/div><\/div>\n<\/div><\/div><\/div><\/div>\n","protected":false},"excerpt":{"rendered":"<p>Alman\u00adya\u00ad\u2019\u00adda d\u00fc\u015f\u00fck gelir\u00adli insan\u00adlar sos\u00adyal konut pro\u00adje\u00adle\u00adrin\u00adden daire kira\u00adla\u00adya\u00adbi\u00adlir\u00adler. Bu daire\u00adler\u00adden biri\u00adni kira\u00adla\u00admak i\u00e7in bir Wohn\u00adbe\u00adrech\u00adti\u00adgungssc\u00adhe\u00adin (sos\u00adyal konut i\u00e7in uygun\u00adluk bel\u00adge\u00adsi) gerek\u00admek\u00adte\u00addir.&nbsp; Ba\u015f\u00advu\u00adru \u00e7ev\u00adri\u00admi\u00ad\u00e7i ola\u00adrak dol\u00addu\u00adrul\u00adma\u00adl\u0131 ve \u270d\ud83c\udffcadre\u00adsin\u00adde imza\u00adlan\u00adma\u00adl\u0131\u00add\u0131r. Daha&nbsp;<a class=\"moretag\" href=\"https:\/\/www.anika-net.de\/tr\/varmak\/konaklama\/sosyal-konutlar\/\">daha faz\u00adla okuyun<\/a><\/p>\n","protected":false},"author":12,"featured_media":0,"parent":15705,"menu_order":22,"comment_status":"closed","ping_status":"closed","template":"","meta":{"_acf_changed":false,"inline_featured_image":false,"_uag_custom_page_level_css":"","wp_typography_post_enhancements_disabled":false,"footnotes":""},"class_list":["post-2556","page","type-page","status-publish","hentry"],"acf":[],"featured_image_urls_v2":{"full":"","thumbnail":"","medium":"","medium_large":"","large":"","1536x1536":"","2048x2048":"","event-overview":"","event-archive-thumb":"","grid-item-thumbnail":"","network-partner-icon":"","organiser-icon":"","gform-image-choice-sm":"","gform-image-choice-md":"","gform-image-choice-lg":""},"post_excerpt_stackable_v2":"<p>Alman\u00adya\u00ad\u2019\u00adda d\u00fc\u015f\u00fck gelir\u00adli insan\u00adlar sos\u00adyal konut pro\u00adje\u00adle\u00adrin\u00adden daire kira\u00adla\u00adya\u00adbi\u00adlir\u00adler. Bu daire\u00adler\u00adden biri\u00adni kira\u00adla\u00admak i\u00e7in bir Wohn\u00adbe\u00adrech\u00adti\u00adgungssc\u00adhe\u00adin (sos\u00adyal konut i\u00e7in uygun\u00adluk bel\u00adge\u00adsi) gerek\u00admek\u00adte\u00addir.&nbsp; Sos\u00adyal konut\u00adlar i\u00e7in adre\u00adsi\u00adne ser\u00adti\u00adfi\u00adka ba\u015f\u00advu\u00adru\u00adsun\u00adda bulu\u00adnun Ba\u015f\u00advu\u00adru \u00e7ev\u00adri\u00admi\u00ad\u00e7i ola\u00adrak dol\u00addu\u00adrul\u00adma\u00adl\u0131 ve \u270d\ud83c\udffcadre\u00adsin\u00adde imza\u00adlan\u00adma\u00adl\u0131\u00add\u0131r. Daha son\u00adra ba\u015f\u00advu\u00adru for\u00admu\u00adnu \ud83d\udcec adre\u00adsi\u00adne pos\u00adta yoluy\u00adla veya taran\u00adm\u0131\u015f ola\u00adrak \ud83d\udce7 wbs@la.karlsruhe.de adre\u00adsi\u00adne g\u00f6n\u00adde\u00adre\u00adbi\u00adlir\u00adsi\u00adniz. Sos\u00adyal konut ser\u00adti\u00adfi\u00adka\u00ads\u0131 i\u00e7in gere\u00adken\u00adler&nbsp;\ud83c\udfd8 Bir ev ar\u0131\u00adyor\u00adsu\u00adnuz. Siz ve hane\u00adniz\u00adde\u00adki birey\u00adler gelir s\u0131n\u0131\u00adr\u0131\u00adn\u0131 a\u015fm\u0131\u00adyor\u00adsu\u00adnuz. Y\u0131l\u00adl\u0131k gelir, hane\u00adde\u00adki her bir ki\u015fi i\u00e7in ayr\u0131 ayr\u0131 hesap\u00adla\u00adn\u0131r. Y\u0131l\u00adl\u0131k&nbsp;Gelir Y\u0131l\u00adl\u0131k geli\u00adri\u00adniz, ister ver\u00adgi\u00adye tabi ister ver\u00adgi\u00adden muaf olsun, t\u00fcm kazan\u00e7\u00adla\u00adr\u0131 i\u00e7e\u00adrir. \u0130\u015fte dik\u00adka\u00adte al\u0131\u00adnan\u00adlar: \ud83d\udc77 \u00c7al\u0131\u00ad\u015f\u0131\u00adyor\u00adsa\u00adn\u0131z (ser\u00adbest mes\u00adlek sahi\u00adbi de\u011fil\u00adse\u00adniz):\u25aa Y\u0131l\u00adl\u0131k&nbsp;br\u00fct\u2026<\/p>\n","category_list_v2":"","author_info_v2":{"name":"Andrea Ramirez","url":"https:\/\/www.anika-net.de\/tr\/author\/andrea-ramirez\/"},"comments_num_v2":"0 comments","uagb_featured_image_src":{"full":false,"thumbnail":false,"medium":false,"medium_large":false,"large":false,"1536x1536":false,"2048x2048":false,"event-overview":false,"event-archive-thumb":false,"grid-item-thumbnail":false,"network-partner-icon":false,"organiser-icon":false,"gform-image-choice-sm":false,"gform-image-choice-md":false,"gform-image-choice-lg":false},"uagb_author_info":{"display_name":"Andrea Ramirez","author_link":"https:\/\/www.anika-net.de\/tr\/author\/andrea-ramirez\/"},"uagb_comment_info":0,"uagb_excerpt":"Alman\u00adya\u00ad\u2019\u00adda d\u00fc\u015f\u00fck gelir\u00adli insan\u00adlar sos\u00adyal konut pro\u00adje\u00adle\u00adrin\u00adden daire kira\u00adla\u00adya\u00adbi\u00adlir\u00adler. Bu daire\u00adler\u00adden biri\u00adni kira\u00adla\u00admak i\u00e7in bir Wohn\u00adbe\u00adrech\u00adti\u00adgungssc\u00adhe\u00adin (sos\u00adyal konut i\u00e7in uygun\u00adluk bel\u00adge\u00adsi) gerekmektedir.&nbsp; Ba\u015f\u00advu\u00adru \u00e7ev\u00adri\u00admi\u00ad\u00e7i ola\u00adrak dol\u00addu\u00adrul\u00adma\u00adl\u0131 ve \u270d\ud83c\udffcadre\u00adsin\u00adde imza\u00adlan\u00adma\u00adl\u0131\u00add\u0131r. Daha&nbsp;daha fazla okuyun","_links":{"self":[{"href":"https:\/\/www.anika-net.de\/tr\/wp-json\/wp\/v2\/pages\/2556","targetHints":{"allow":["GET"]}}],"collection":[{"href":"https:\/\/www.anika-net.de\/tr\/wp-json\/wp\/v2\/pages"}],"about":[{"href":"https:\/\/www.anika-net.de\/tr\/wp-json\/wp\/v2\/types\/page"}],"author":[{"embeddable":true,"href":"https:\/\/www.anika-net.de\/tr\/wp-json\/wp\/v2\/users\/12"}],"replies":[{"embeddable":true,"href":"https:\/\/www.anika-net.de\/tr\/wp-json\/wp\/v2\/comments?post=2556"}],"version-history":[{"count":2,"href":"https:\/\/www.anika-net.de\/tr\/wp-json\/wp\/v2\/pages\/2556\/revisions"}],"predecessor-version":[{"id":63490,"href":"https:\/\/www.anika-net.de\/tr\/wp-json\/wp\/v2\/pages\/2556\/revisions\/63490"}],"up":[{"embeddable":true,"href":"https:\/\/www.anika-net.de\/tr\/wp-json\/wp\/v2\/pages\/15705"}],"wp:attachment":[{"href":"https:\/\/www.anika-net.de\/tr\/wp-json\/wp\/v2\/media?parent=2556"}],"curies":[{"name":"wp","href":"https:\/\/api.w.org\/{rel}","templated":true}]}}