{"id":2522,"date":"2021-01-23T15:13:03","date_gmt":"2021-01-23T14:13:03","guid":{"rendered":"https:\/\/www.anika-net.de\/home\/"},"modified":"2025-09-09T10:25:43","modified_gmt":"2025-09-09T08:25:43","slug":"home","status":"publish","type":"page","link":"https:\/\/www.anika-net.de\/tr\/","title":{"rendered":"Ev"},"content":{"rendered":"\n<div class=\"wp-block-columns is-layout-flex wp-container-core-columns-is-layout-9d6595d7 wp-block-columns-is-layout-flex\">\n<div class=\"wp-block-column is-layout-flow wp-block-column-is-layout-flow\" style=\"flex-basis:33.33%\">\n<figure class=\"wp-block-image size-large\"><a class=\"glightbox\" href=\"https:\/\/www.anika-net.de\/wp-content\/uploads\/2025\/04\/Anika_Webseite_14_Sprachen_ohne_SM_Video1_.mp4\"><img decoding=\"async\" width=\"1024\" height=\"683\" src=\"https:\/\/www.anika-net.de\/wp-content\/uploads\/2025\/04\/video-poster-1024x683.png\" alt=\"AniKA Video\" class=\"wp-image-60896\" srcset=\"https:\/\/www.anika-net.de\/wp-content\/uploads\/2025\/04\/video-poster-1024x683.png 1024w, https:\/\/www.anika-net.de\/wp-content\/uploads\/2025\/04\/video-poster-300x200.png 300w, https:\/\/www.anika-net.de\/wp-content\/uploads\/2025\/04\/video-poster-768x512.png 768w, https:\/\/www.anika-net.de\/wp-content\/uploads\/2025\/04\/video-poster-960x640.png 960w, https:\/\/www.anika-net.de\/wp-content\/uploads\/2025\/04\/video-poster-480x320.png 480w, https:\/\/www.anika-net.de\/wp-content\/uploads\/2025\/04\/video-poster.png 1080w\" sizes=\"(max-width: 1024px) 100vw, 1024px\"><\/a><\/figure>\n<\/div>\n\n\n\n<div class=\"wp-block-column is-layout-flow wp-block-column-is-layout-flow\" style=\"flex-basis:66.66%\">\n<h2 class=\"wp-block-heading\">Karlsruhe\u2019ye yeni mi gel\u00addi\u00adniz<br><strong><em>ve Almanya\u2019daki haya\u00adt\u0131n nas\u0131l i\u015fle\u00addi\u00ad\u011fin\u00adden emin de\u011fil misiniz?<\/em><\/strong><\/h2>\n\n\n\n<p><strong>Ani\u00adKA<\/strong>, Karls\u00adru\u00adhe \u015feh\u00adri tara\u00adf\u0131n\u00addan des\u00adtek\u00adle\u00adnen bir web site\u00adsi\u00addir. Almanya\u2019ya uyum sa\u011f\u00adla\u00adma\u00adn\u0131\u00adza yar\u00add\u0131m\u00adc\u0131 olmak i\u00e7in size <strong>14 dil\u00adde<\/strong> t\u00fcm \u00f6nem\u00adli bil\u00adgi\u00adle\u00adri sunar.\ud83e\udde1 <em>all in one<\/em> \ud83e\udde1<\/p>\n\n\n\n<p>Ve e\u011fer bir s\u00fcre\u00addir bura\u00adda ya\u015f\u0131\u00adyor\u00adsa\u00adn\u0131z ama h\u00e2l\u00e2 sizin ve aile\u00adniz i\u00e7in han\u00adgi imk\u00e2n\u00adla\u00adr\u0131n oldu\u00ad\u011fu\u00adnu tam ola\u00adrak bil\u00admi\u00adyor\u00adsa\u00adn\u0131z \u2013<br>AniKA\u2019ya mut\u00adla\u00adka g\u00f6z at\u0131n ve site\u00adyi ke\u015ffedin!<\/p>\n<\/div>\n<\/div>\n\n\n\n<div class=\"wp-block-group anika-tile-grid\"><div class=\"wp-block-group__inner-container is-layout-constrained wp-block-group-is-layout-constrained\"><div id=\"anika-home-tile-block_b5ce0edfe64bd4e370b7ffef9ab3ec85\" class=\"anika-tile\">    \n\n    <a href=\"\/tr\/varmak\/\"><img decoding=\"async\" class=\"tile-background-image\" src=\"https:\/\/www.anika-net.de\/wp-content\/uploads\/2025\/03\/Home-Blau-01.png\" alt=\"AniKA\"><\/a>\n\n    <div class=\"icon-image\">\n        <a href=\"\/tr\/varmak\/\"><img decoding=\"async\" class=\"tile-icon\" src=\"https:\/\/www.anika-net.de\/wp-content\/uploads\/2023\/02\/anika-arriving-114x102-1.png\" alt=\"\u0130lk Ad\u0131m\u00adlar\"><\/a>\n    <\/div>\n\n    <div class=\"tile-label\">\n        <a href=\"\/tr\/varmak\/\"><b>\u0130lk Ad\u0131m\u00adlar<\/b><\/a>            \n    <\/div>\n\n<\/div>\n\n    <style type=\"text\/css\">\n\n    <\/style>\n\n    \n\n<div id=\"anika-home-tile-block_c315f17e59f3234c2a9da636681c8a5a\" class=\"anika-tile\">    \n\n    <a href=\"\/tr\/learning-german\/\"><img decoding=\"async\" class=\"tile-background-image\" src=\"https:\/\/www.anika-net.de\/wp-content\/uploads\/2023\/02\/Home-Gelb-01.png\" alt=\"AniKA\"><\/a>\n\n    <div class=\"icon-image\">\n        <a href=\"\/tr\/learning-german\/\"><img decoding=\"async\" class=\"tile-icon\" src=\"https:\/\/www.anika-net.de\/wp-content\/uploads\/2023\/02\/anika-learning-german-160x116-1.png\" alt=\"Alman\u00adca \u00f6\u011frenmek\"><\/a>\n    <\/div>\n\n    <div class=\"tile-label\">\n        <a href=\"\/tr\/learning-german\/\"><b>Alman\u00adca \u00f6\u011fren\u00admek<\/b><\/a>            \n    <\/div>\n\n<\/div>\n\n    <style type=\"text\/css\">\n\n    <\/style>\n\n    \n\n<div id=\"anika-home-tile-block_e2d8ccc2f62e674246e392700b9ceb62\" class=\"anika-tile\">    \n\n    <a href=\"\/tr\/varmak\/danismanlik-ve-servis\/\"><img decoding=\"async\" class=\"tile-background-image\" src=\"https:\/\/www.anika-net.de\/wp-content\/uploads\/2025\/03\/Home-Lila-01.png\" alt=\"AniKA\"><\/a>\n\n    <div class=\"icon-image\">\n        <a href=\"\/tr\/varmak\/danismanlik-ve-servis\/\"><img decoding=\"async\" class=\"tile-icon\" src=\"https:\/\/www.anika-net.de\/wp-content\/uploads\/2025\/03\/MBS-Home-A-1.png\" alt=\"ilk dan\u0131\u015f\u00adman\u00adl\u0131k\"><\/a>\n    <\/div>\n\n    <div class=\"tile-label\">\n        <a href=\"\/tr\/varmak\/danismanlik-ve-servis\/\"><b>ilk dan\u0131\u015f\u00adman\u00adl\u0131k<\/b><\/a>            \n    <\/div>\n\n<\/div>\n\n    <style type=\"text\/css\">\n\n    <\/style>\n\n    \n\n<div id=\"anika-home-tile-block_12e28f937e9a00105d9b0ad79b754ddf\" class=\"anika-tile\">    \n\n    <a href=\"\/tr\/yasam\/\"><img decoding=\"async\" class=\"tile-background-image\" src=\"https:\/\/www.anika-net.de\/wp-content\/uploads\/2023\/02\/Home-Gruen-01.png\" alt=\"AniKA\"><\/a>\n\n    <div class=\"icon-image\">\n        <a href=\"\/tr\/yasam\/\"><img decoding=\"async\" class=\"tile-icon\" src=\"https:\/\/www.anika-net.de\/wp-content\/uploads\/2023\/02\/anika-living-143x106-1.png\" alt=\"Ya\u015fam\"><\/a>\n    <\/div>\n\n    <div class=\"tile-label\">\n        <a href=\"\/tr\/yasam\/\"><b>Ya\u015fam<\/b><\/a>            \n    <\/div>\n\n<\/div>\n\n    <style type=\"text\/css\">\n\n    <\/style>\n\n    \n\n<div id=\"anika-home-tile-block_d6cc41ae094f57d063abadfd78f3e4d5\" class=\"anika-tile\">    \n\n    <a href=\"\/tr\/events\/?type=recurring\"><img decoding=\"async\" class=\"tile-background-image\" src=\"https:\/\/www.anika-net.de\/wp-content\/uploads\/2023\/02\/Home-Gelb-01.png\" alt=\"AniKA\"><\/a>\n\n    <div class=\"icon-image\">\n        <a href=\"\/tr\/events\/?type=recurring\"><img decoding=\"async\" class=\"tile-icon\" src=\"https:\/\/www.anika-net.de\/wp-content\/uploads\/2023\/02\/anika-offers-139x109-1.png\" alt=\"Tek\u00adlif\u00adler\"><\/a>\n    <\/div>\n\n    <div class=\"tile-label\">\n        <a href=\"\/tr\/events\/?type=recurring\"><b>Tek\u00adlif\u00adler<\/b><\/a>            \n    <\/div>\n\n<\/div>\n\n    <style type=\"text\/css\">\n\n    <\/style>\n\n    \n\n<div id=\"anika-home-tile-block_e6dda96da08172e41837273936f7e4c4\" class=\"anika-tile\">    \n\n    <a href=\"\/tr\/events\/?type=calendar\"><img decoding=\"async\" class=\"tile-background-image\" src=\"https:\/\/www.anika-net.de\/wp-content\/uploads\/2023\/02\/Home-Gelb-01.png\" alt=\"AniKA\"><\/a>\n\n    <div class=\"icon-image\">\n        <a href=\"\/tr\/events\/?type=calendar\"><img decoding=\"async\" class=\"tile-icon\" src=\"https:\/\/www.anika-net.de\/wp-content\/uploads\/2023\/02\/anika-events-98x112-1.png\" alt=\"Etkin\u00adlik\u00adler\"><\/a>\n    <\/div>\n\n    <div class=\"tile-label\">\n        <a href=\"\/tr\/events\/?type=calendar\"><b>Etkin\u00adlik\u00adler<\/b><\/a>            \n    <\/div>\n\n<\/div>\n\n    <style type=\"text\/css\">\n\n    <\/style>\n\n    \n\n<div id=\"anika-home-tile-block_6ca0daec1772ea0ae1deb93e205803fb\" class=\"anika-tile\">    \n\n    <a href=\"\/tr\/hakkimizda\/\"><img decoding=\"async\" class=\"tile-background-image\" src=\"https:\/\/www.anika-net.de\/wp-content\/uploads\/2023\/02\/Home-Gelb-01.png\" alt=\"AniKA\"><\/a>\n\n    <div class=\"icon-image\">\n        <a href=\"\/tr\/hakkimizda\/\"><img decoding=\"async\" class=\"tile-icon\" src=\"https:\/\/www.anika-net.de\/wp-content\/uploads\/2023\/02\/about-us.png\" alt=\"Hak\u00adk\u0131\u00adm\u0131z\u00adda\"><\/a>\n    <\/div>\n\n    <div class=\"tile-label\">\n        <a href=\"\/tr\/hakkimizda\/\"><b>Hak\u00adk\u0131\u00adm\u0131z\u00adda<\/b><\/a>            \n    <\/div>\n\n<\/div>\n\n    <style type=\"text\/css\">\n\n    <\/style>\n\n    \n\n<div id=\"anika-home-tile-block_1f1e9a5a6866858802a88a229c2954df\" class=\"anika-tile\">    \n\n    <a href=\"\/tr\/goecmen-oerguetleri-ve-topluluklari\/\"><img decoding=\"async\" class=\"tile-background-image\" src=\"https:\/\/www.anika-net.de\/wp-content\/uploads\/2023\/02\/Home-Orange-01.png\" alt=\"AniKA\"><\/a>\n\n    <div class=\"icon-image\">\n        <a href=\"\/tr\/goecmen-oerguetleri-ve-topluluklari\/\"><img decoding=\"async\" class=\"tile-icon\" src=\"https:\/\/www.anika-net.de\/wp-content\/uploads\/2023\/02\/Communities-A1.png\" alt=\"Top\u00adlu\u00adluk\u00adlar\"><\/a>\n    <\/div>\n\n    <div class=\"tile-label\">\n        <a href=\"\/tr\/goecmen-oerguetleri-ve-topluluklari\/\"><b>Top\u00adlu\u00adluk\u00adlar<\/b><\/a>            \n    <\/div>\n\n<\/div>\n\n    <style type=\"text\/css\">\n\n    <\/style>\n\n    \n\n<div id=\"anika-home-tile-block_99434f610902cba016941222ea0b0ee5\" class=\"anika-tile\">    \n\n    <a href=\"\/tr\/hakkimizda\/bagis-yapin\/\"><img decoding=\"async\" class=\"tile-background-image\" src=\"https:\/\/www.anika-net.de\/wp-content\/uploads\/2023\/02\/Home-Gelb-01.png\" alt=\"AniKA\"><\/a>\n\n    <div class=\"icon-image\">\n        <a href=\"\/tr\/hakkimizda\/bagis-yapin\/\"><img decoding=\"async\" class=\"tile-icon\" src=\"https:\/\/www.anika-net.de\/wp-content\/uploads\/2023\/02\/anika-donate-95x119-1.png\" alt=\"Ba\u011f\u0131\u015f Yap\u0131n\"><\/a>\n    <\/div>\n\n    <div class=\"tile-label\">\n        <a href=\"\/tr\/hakkimizda\/bagis-yapin\/\"><b>Ba\u011f\u0131\u015f Yap\u0131n<\/b><\/a>            \n    <\/div>\n\n<\/div>\n\n    <style type=\"text\/css\">\n\n    <\/style>\n\n    <\/div><\/div>\n","protected":false},"excerpt":{"rendered":"<p>Karlsruhe\u2019ye yeni mi gel\u00addi\u00adnizve Almanya\u2019daki haya\u00adt\u0131n nas\u0131l i\u015fle\u00addi\u00ad\u011fin\u00adden emin de\u011fil misi\u00adniz? Ani\u00adKA, Karls\u00adru\u00adhe \u015feh\u00adri tara\u00adf\u0131n\u00addan des\u00adtek\u00adle\u00adnen bir web site\u00adsi\u00addir. Almanya\u2019ya uyum sa\u011f\u00adla\u00adma\u00adn\u0131\u00adza yar\u00add\u0131m\u00adc\u0131 olmak i\u00e7in size 14 dil\u00adde t\u00fcm \u00f6nem\u00adli&nbsp;<a class=\"moretag\" href=\"https:\/\/www.anika-net.de\/tr\/\">daha faz\u00adla okuyun<\/a><\/p>\n","protected":false},"author":12,"featured_media":0,"parent":0,"menu_order":2,"comment_status":"closed","ping_status":"closed","template":"","meta":{"_acf_changed":false,"inline_featured_image":false,"_uag_custom_page_level_css":"","wp_typography_post_enhancements_disabled":false,"footnotes":""},"class_list":["post-2522","page","type-page","status-publish","hentry"],"acf":[],"featured_image_urls_v2":{"full":"","thumbnail":"","medium":"","medium_large":"","large":"","1536x1536":"","2048x2048":"","event-overview":"","event-archive-thumb":"","grid-item-thumbnail":"","network-partner-icon":"","organiser-icon":"","gform-image-choice-sm":"","gform-image-choice-md":"","gform-image-choice-lg":""},"post_excerpt_stackable_v2":"<p>Karlsruhe\u2019ye yeni mi gel\u00addi\u00adnizve Almanya\u2019daki haya\u00adt\u0131n nas\u0131l i\u015fle\u00addi\u00ad\u011fin\u00adden emin de\u011fil misi\u00adniz? Ani\u00adKA, Karls\u00adru\u00adhe \u015feh\u00adri tara\u00adf\u0131n\u00addan des\u00adtek\u00adle\u00adnen bir web site\u00adsi\u00addir. Almanya\u2019ya uyum sa\u011f\u00adla\u00adma\u00adn\u0131\u00adza yar\u00add\u0131m\u00adc\u0131 olmak i\u00e7in size 14 dil\u00adde t\u00fcm \u00f6nem\u00adli bil\u00adgi\u00adle\u00adri sunar.\ud83e\udde1 all in one \ud83e\udde1 Ve e\u011fer bir s\u00fcre\u00addir bura\u00adda ya\u015f\u0131\u00adyor\u00adsa\u00adn\u0131z ama h\u00e2l\u00e2 sizin ve aile\u00adniz i\u00e7in han\u00adgi imk\u00e2n\u00adla\u00adr\u0131n oldu\u00ad\u011fu\u00adnu tam ola\u00adrak bil\u00admi\u00adyor\u00adsa\u00adn\u0131z \u2013AniKA\u2019ya mut\u00adla\u00adka g\u00f6z at\u0131n ve site\u00adyi ke\u015f\u00adfe\u00addin! \u0130lk Ad\u0131m\u00adlar Alman\u00adca \u00f6\u011fren\u00admek ilk dan\u0131\u015f\u00adman\u00adl\u0131k Ya\u015fam Tek\u00adlif\u00adler Etkin\u00adlik\u00adler Hak\u00adk\u0131\u00adm\u0131z\u00adda Top\u00adlu\u00adluk\u00adlar Ba\u011f\u0131\u015f&nbsp;Yap\u0131n<\/p>\n","category_list_v2":"","author_info_v2":{"name":"Andrea Ramirez","url":"https:\/\/www.anika-net.de\/tr\/author\/andrea-ramirez\/"},"comments_num_v2":"0 comments","uagb_featured_image_src":{"full":false,"thumbnail":false,"medium":false,"medium_large":false,"large":false,"1536x1536":false,"2048x2048":false,"event-overview":false,"event-archive-thumb":false,"grid-item-thumbnail":false,"network-partner-icon":false,"organiser-icon":false,"gform-image-choice-sm":false,"gform-image-choice-md":false,"gform-image-choice-lg":false},"uagb_author_info":{"display_name":"Andrea Ramirez","author_link":"https:\/\/www.anika-net.de\/tr\/author\/andrea-ramirez\/"},"uagb_comment_info":0,"uagb_excerpt":"Karlsruhe\u2019ye yeni mi gel\u00addi\u00adnizve Almanya\u2019daki haya\u00adt\u0131n nas\u0131l i\u015fle\u00addi\u00ad\u011fin\u00adden emin de\u011fil misiniz? Ani\u00adKA, Karls\u00adru\u00adhe \u015feh\u00adri tara\u00adf\u0131n\u00addan des\u00adtek\u00adle\u00adnen bir web site\u00adsi\u00addir. Almanya\u2019ya uyum sa\u011f\u00adla\u00adma\u00adn\u0131\u00adza yar\u00add\u0131m\u00adc\u0131 olmak i\u00e7in size 14 dil\u00adde t\u00fcm \u00f6nem\u00adli&nbsp;daha fazla okuyun","_links":{"self":[{"href":"https:\/\/www.anika-net.de\/tr\/wp-json\/wp\/v2\/pages\/2522","targetHints":{"allow":["GET"]}}],"collection":[{"href":"https:\/\/www.anika-net.de\/tr\/wp-json\/wp\/v2\/pages"}],"about":[{"href":"https:\/\/www.anika-net.de\/tr\/wp-json\/wp\/v2\/types\/page"}],"author":[{"embeddable":true,"href":"https:\/\/www.anika-net.de\/tr\/wp-json\/wp\/v2\/users\/12"}],"replies":[{"embeddable":true,"href":"https:\/\/www.anika-net.de\/tr\/wp-json\/wp\/v2\/comments?post=2522"}],"version-history":[{"count":8,"href":"https:\/\/www.anika-net.de\/tr\/wp-json\/wp\/v2\/pages\/2522\/revisions"}],"predecessor-version":[{"id":64653,"href":"https:\/\/www.anika-net.de\/tr\/wp-json\/wp\/v2\/pages\/2522\/revisions\/64653"}],"wp:attachment":[{"href":"https:\/\/www.anika-net.de\/tr\/wp-json\/wp\/v2\/media?parent=2522"}],"curies":[{"name":"wp","href":"https:\/\/api.w.org\/{rel}","templated":true}]}}