{"id":24097,"date":"2022-08-03T13:35:27","date_gmt":"2022-08-03T11:35:27","guid":{"rendered":"https:\/\/www.anika-net.de\/hakkimizda\/bagis-yapin\/"},"modified":"2025-07-17T12:12:08","modified_gmt":"2025-07-17T10:12:08","slug":"bagis-yapin","status":"publish","type":"page","link":"https:\/\/www.anika-net.de\/tr\/hakkimizda\/bagis-yapin\/","title":{"rendered":"Ba\u011f\u0131\u015f Yap\u0131n"},"content":{"rendered":"\n<h2 class=\"wp-block-heading\">Ani\u00adKA\u00ad\u2019\u00ady\u0131 Des\u00adtek\u00adle\u00adyin \u2014 Bil\u00adgi\u00adyi Daha Eri\u00ad\u015fi\u00adle\u00adbi\u00adlir Hale Getir\u00adme\u00admi\u00adze Yar\u00add\u0131m\u00adc\u0131&nbsp;Olun!<\/h2>\n\n<p>Ani\u00adKA \u2014 <em>Ankom\u00admen in Karls\u00adru\u00adhe<\/em>, yeni gelen\u00adle\u00adre ve m\u00fcl\u00adte\u00adci\u00adle\u00adre Karls\u00adru\u00adhe\u00ad\u2019\u00adde\u00adki ya\u015fa\u00adm\u0131 y\u00f6n\u00adlen\u00addir\u00admek i\u00e7in gerek\u00adli bil\u00adgi\u00adle\u00adri sa\u011f\u00adla\u00adyan haya\u00adti bir plat\u00adform\u00addur. Ancak etki\u00admi\u00adzi geli\u015f\u00adtir\u00adme\u00adye ve geni\u015f\u00adlet\u00adme\u00adye devam etmek i\u00e7in <strong>des\u00adte\u00ad\u011fi\u00adni\u00adze<\/strong> ihti\u00adya\u00adc\u0131\u00adm\u0131z&nbsp;var!&nbsp;<\/p>\n\n<p>\ud83d\udca1 <strong>Ba\u011f\u0131\u00ad\u015f\u0131\u00adn\u0131z neye yar\u00add\u0131m\u00adc\u0131 olur?<\/strong><br>\u2705 G\u00fcn\u00adcel, ilgi\u00adli bil\u00adgi\u00adler sa\u011f\u00adla\u00admak i\u00e7in web site\u00adsi i\u00e7e\u00adri\u00ad\u011fi\u00adni geli\u015f\u00adtir\u00admek  En \u00e7ok ihti\u00adya\u00adc\u0131 olan\u00adla\u00adra ula\u015f\u00admak i\u00e7in sos\u00adyal yar\u00add\u0131m kam\u00adpan\u00adya\u00adla\u00adr\u0131 y\u00fcr\u00fct\u00admek  Ani\u00adKA\u00ad\u2019\u00ady\u0131 bir\u00adden \u00e7ok dil\u00adde eri\u00ad\u015fi\u00adle\u00adbi\u00adlir k\u0131lan g\u00f6n\u00fcl\u00adl\u00fc \u00e7evir\u00admen\u00adle\u00adri des\u00adtek\u00adle\u00admek  Her\u00adke\u00adsin plat\u00adfor\u00admu\u00admu\u00adzu kul\u00adla\u00adna\u00adbil\u00adme\u00adsi\u00adni sa\u011f\u00adla\u00admak i\u00e7in<br>\u2705<br>\u2705<br>\u2705 <strong>web eri\u00ad\u015fi\u00adle\u00adbi\u00adlir\u00adli\u00ad\u011fi\u00adni<\/strong> iyile\u015ftirmek<\/p>\n\n<p>B\u00fcy\u00fck ya da k\u00fc\u00e7\u00fck her kat\u00adk\u0131 bir fark yara\u00adt\u0131r! <strong>Yar\u00add\u0131m\u00adla\u00adr\u0131\u00adn\u0131z\u00adla<\/strong> Karls\u00adru\u00adhe\u00ad\u2019\u00adyi her\u00adkes i\u00e7in s\u0131cak bir yer hali\u00adne getir\u00adme\u00adye devam edebiliriz.&nbsp;<\/p>\n\n<p>\ud83d\udc9b <strong>Bug\u00fcn ba\u011f\u0131\u015f yap\u0131n ve de\u011fi\u00ad\u015fi\u00admin bir par\u00ad\u00e7a\u00ads\u0131 olun!<\/strong> \ud83d\udc9b<\/p>\n\n<p><em>\u00c7al\u0131\u015f\u00adma\u00adla\u00adr\u0131\u00adm\u0131\u00adz\u0131 bir ba\u011f\u0131\u015f\u00adla des\u00adtek\u00adler\u00adse\u00adniz \u00e7ok mem\u00adnun olu\u00adruz.  <\/em><br><em>200 \u20ac\u2018ya kadar trans\u00adfer mak\u00adbu\u00adzu ver\u00adgi daire\u00adsi tara\u00adf\u0131n\u00addan mak\u00adbuz ola\u00adrak kabul edi\u00adlir. Bunun \u00f6te\u00adsin\u00adde, hava\u00adle\u00adye adre\u00adsi\u00adni\u00adzi ekle\u00adme\u00adniz halin\u00adde size mem\u00adnu\u00adni\u00adyet\u00adle bir ba\u011f\u0131\u015f mak\u00adbu\u00adzu g\u00f6nderece\u011fiz.&nbsp;<\/em><\/p>\n\n<p><strong>Spar\u00adkas\u00adse Karls\u00adru\u00adhe<br>IBAN: DE54 6605 0101 0010 0940 84<br>BIC: KARSDE66XXX<br>Ken\u00adn\u00adwort&nbsp;AniKA<\/strong><\/p>\n","protected":false},"excerpt":{"rendered":"<p>Ani\u00adKA\u00ad\u2019\u00ady\u0131 Des\u00adtek\u00adle\u00adyin \u2014 Bil\u00adgi\u00adyi Daha Eri\u00ad\u015fi\u00adle\u00adbi\u00adlir Hale Getir\u00adme\u00admi\u00adze Yar\u00add\u0131m\u00adc\u0131&nbsp;Olun! Ani\u00adKA \u2014 Ankom\u00admen in Karls\u00adru\u00adhe, yeni gelen\u00adle\u00adre ve m\u00fcl\u00adte\u00adci\u00adle\u00adre Karls\u00adru\u00adhe\u00ad\u2019\u00adde\u00adki ya\u015fa\u00adm\u0131 y\u00f6n\u00adlen\u00addir\u00admek i\u00e7in gerek\u00adli bil\u00adgi\u00adle\u00adri sa\u011f\u00adla\u00adyan haya\u00adti bir plat\u00adform\u00addur. Ancak etki\u00admi\u00adzi&nbsp;<a class=\"moretag\" href=\"https:\/\/www.anika-net.de\/tr\/hakkimizda\/bagis-yapin\/\">daha faz\u00adla okuyun<\/a><\/p>\n","protected":false},"author":12,"featured_media":35072,"parent":15784,"menu_order":40,"comment_status":"closed","ping_status":"closed","template":"","meta":{"_acf_changed":false,"inline_featured_image":false,"_uag_custom_page_level_css":"","wp_typography_post_enhancements_disabled":false,"footnotes":""},"class_list":["post-24097","page","type-page","status-publish","has-post-thumbnail","hentry"],"acf":[],"featured_image_urls_v2":{"full":["https:\/\/www.anika-net.de\/wp-content\/uploads\/2023\/03\/donate-360x200-1.png",360,200,false],"thumbnail":["https:\/\/www.anika-net.de\/wp-content\/uploads\/2023\/03\/donate-360x200-1-150x150.png",150,150,true],"medium":["https:\/\/www.anika-net.de\/wp-content\/uploads\/2023\/03\/donate-360x200-1-300x167.png",300,167,true],"medium_large":["https:\/\/www.anika-net.de\/wp-content\/uploads\/2023\/03\/donate-360x200-1.png",360,200,false],"large":["https:\/\/www.anika-net.de\/wp-content\/uploads\/2023\/03\/donate-360x200-1.png",360,200,false],"1536x1536":["https:\/\/www.anika-net.de\/wp-content\/uploads\/2023\/03\/donate-360x200-1.png",360,200,false],"2048x2048":["https:\/\/www.anika-net.de\/wp-content\/uploads\/2023\/03\/donate-360x200-1.png",360,200,false],"event-overview":["https:\/\/www.anika-net.de\/wp-content\/uploads\/2023\/03\/donate-360x200-1.png",360,200,false],"event-archive-thumb":["https:\/\/www.anika-net.de\/wp-content\/uploads\/2023\/03\/donate-360x200-1.png",360,200,false],"grid-item-thumbnail":["https:\/\/www.anika-net.de\/wp-content\/uploads\/2023\/03\/donate-360x200-1-360x200.png",360,200,true],"network-partner-icon":["https:\/\/www.anika-net.de\/wp-content\/uploads\/2023\/03\/donate-360x200-1-100x100.png",100,100,true],"organiser-icon":["https:\/\/www.anika-net.de\/wp-content\/uploads\/2023\/03\/donate-360x200-1-200x200.png",200,200,true],"gform-image-choice-sm":["https:\/\/www.anika-net.de\/wp-content\/uploads\/2023\/03\/donate-360x200-1.png",300,167,false],"gform-image-choice-md":["https:\/\/www.anika-net.de\/wp-content\/uploads\/2023\/03\/donate-360x200-1.png",360,200,false],"gform-image-choice-lg":["https:\/\/www.anika-net.de\/wp-content\/uploads\/2023\/03\/donate-360x200-1.png",360,200,false]},"post_excerpt_stackable_v2":"<p>Ani\u00adKA\u00ad\u2019\u00ady\u0131 Des\u00adtek\u00adle\u00adyin \u2014 Bil\u00adgi\u00adyi Daha Eri\u00ad\u015fi\u00adle\u00adbi\u00adlir Hale Getir\u00adme\u00admi\u00adze Yar\u00add\u0131m\u00adc\u0131&nbsp;Olun! Ani\u00adKA \u2014 Ankom\u00admen in Karls\u00adru\u00adhe, yeni gelen\u00adle\u00adre ve m\u00fcl\u00adte\u00adci\u00adle\u00adre Karls\u00adru\u00adhe\u00ad\u2019\u00adde\u00adki ya\u015fa\u00adm\u0131 y\u00f6n\u00adlen\u00addir\u00admek i\u00e7in gerek\u00adli bil\u00adgi\u00adle\u00adri sa\u011f\u00adla\u00adyan haya\u00adti bir plat\u00adform\u00addur. Ancak etki\u00admi\u00adzi geli\u015f\u00adtir\u00adme\u00adye ve geni\u015f\u00adlet\u00adme\u00adye devam etmek i\u00e7in des\u00adte\u00ad\u011fi\u00adni\u00adze ihti\u00adya\u00adc\u0131\u00adm\u0131z&nbsp;var!&nbsp; \ud83d\udca1 Ba\u011f\u0131\u00ad\u015f\u0131\u00adn\u0131z neye yar\u00add\u0131m\u00adc\u0131 olur?\u2705 G\u00fcn\u00adcel, ilgi\u00adli bil\u00adgi\u00adler sa\u011f\u00adla\u00admak i\u00e7in web site\u00adsi i\u00e7e\u00adri\u00ad\u011fi\u00adni geli\u015f\u00adtir\u00admek En \u00e7ok ihti\u00adya\u00adc\u0131 olan\u00adla\u00adra ula\u015f\u00admak i\u00e7in sos\u00adyal yar\u00add\u0131m kam\u00adpan\u00adya\u00adla\u00adr\u0131 y\u00fcr\u00fct\u00admek Ani\u00adKA\u00ad\u2019\u00ady\u0131 bir\u00adden \u00e7ok dil\u00adde eri\u00ad\u015fi\u00adle\u00adbi\u00adlir k\u0131lan g\u00f6n\u00fcl\u00adl\u00fc \u00e7evir\u00admen\u00adle\u00adri des\u00adtek\u00adle\u00admek Her\u00adke\u00adsin plat\u00adfor\u00admu\u00admu\u00adzu kul\u00adla\u00adna\u00adbil\u00adme\u00adsi\u00adni sa\u011f\u00adla\u00admak i\u00e7in\u2705\u2705\u2705 web eri\u00ad\u015fi\u00adle\u00adbi\u00adlir\u00adli\u00ad\u011fi\u00adni iyi\u00adle\u015f\u00adtir\u00admek B\u00fcy\u00fck ya da k\u00fc\u00e7\u00fck her kat\u00adk\u0131 bir fark yara\u00adt\u0131r! Yar\u00add\u0131m\u00adla\u00adr\u0131\u00adn\u0131z\u00adla Karls\u00adru\u00adhe\u00ad\u2019\u00adyi her\u00adkes i\u00e7in s\u0131cak bir yer hali\u00adne getir\u00adme\u00adye devam edebiliriz.&nbsp;\ud83d\udc9b\u2026<\/p>\n","category_list_v2":"","author_info_v2":{"name":"Andrea Ramirez","url":"https:\/\/www.anika-net.de\/tr\/author\/andrea-ramirez\/"},"comments_num_v2":"0 comments","uagb_featured_image_src":{"full":["https:\/\/www.anika-net.de\/wp-content\/uploads\/2023\/03\/donate-360x200-1.png",360,200,false],"thumbnail":["https:\/\/www.anika-net.de\/wp-content\/uploads\/2023\/03\/donate-360x200-1-150x150.png",150,150,true],"medium":["https:\/\/www.anika-net.de\/wp-content\/uploads\/2023\/03\/donate-360x200-1-300x167.png",300,167,true],"medium_large":["https:\/\/www.anika-net.de\/wp-content\/uploads\/2023\/03\/donate-360x200-1.png",360,200,false],"large":["https:\/\/www.anika-net.de\/wp-content\/uploads\/2023\/03\/donate-360x200-1.png",360,200,false],"1536x1536":["https:\/\/www.anika-net.de\/wp-content\/uploads\/2023\/03\/donate-360x200-1.png",360,200,false],"2048x2048":["https:\/\/www.anika-net.de\/wp-content\/uploads\/2023\/03\/donate-360x200-1.png",360,200,false],"event-overview":["https:\/\/www.anika-net.de\/wp-content\/uploads\/2023\/03\/donate-360x200-1.png",360,200,false],"event-archive-thumb":["https:\/\/www.anika-net.de\/wp-content\/uploads\/2023\/03\/donate-360x200-1.png",360,200,false],"grid-item-thumbnail":["https:\/\/www.anika-net.de\/wp-content\/uploads\/2023\/03\/donate-360x200-1-360x200.png",360,200,true],"network-partner-icon":["https:\/\/www.anika-net.de\/wp-content\/uploads\/2023\/03\/donate-360x200-1-100x100.png",100,100,true],"organiser-icon":["https:\/\/www.anika-net.de\/wp-content\/uploads\/2023\/03\/donate-360x200-1-200x200.png",200,200,true],"gform-image-choice-sm":["https:\/\/www.anika-net.de\/wp-content\/uploads\/2023\/03\/donate-360x200-1.png",300,167,false],"gform-image-choice-md":["https:\/\/www.anika-net.de\/wp-content\/uploads\/2023\/03\/donate-360x200-1.png",360,200,false],"gform-image-choice-lg":["https:\/\/www.anika-net.de\/wp-content\/uploads\/2023\/03\/donate-360x200-1.png",360,200,false]},"uagb_author_info":{"display_name":"Andrea Ramirez","author_link":"https:\/\/www.anika-net.de\/tr\/author\/andrea-ramirez\/"},"uagb_comment_info":0,"uagb_excerpt":"Ani\u00adKA\u00ad\u2019\u00ady\u0131 Des\u00adtek\u00adle\u00adyin \u2014 Bil\u00adgi\u00adyi Daha Eri\u00ad\u015fi\u00adle\u00adbi\u00adlir Hale Getir\u00adme\u00admi\u00adze Yar\u00add\u0131m\u00adc\u0131&nbsp;Olun! Ani\u00adKA \u2014 Ankom\u00admen in Karls\u00adru\u00adhe, yeni gelen\u00adle\u00adre ve m\u00fcl\u00adte\u00adci\u00adle\u00adre Karls\u00adru\u00adhe\u00ad\u2019\u00adde\u00adki ya\u015fa\u00adm\u0131 y\u00f6n\u00adlen\u00addir\u00admek i\u00e7in gerek\u00adli bil\u00adgi\u00adle\u00adri sa\u011f\u00adla\u00adyan haya\u00adti bir plat\u00adform\u00addur. Ancak etki\u00admi\u00adzi&nbsp;daha fazla okuyun","_links":{"self":[{"href":"https:\/\/www.anika-net.de\/tr\/wp-json\/wp\/v2\/pages\/24097","targetHints":{"allow":["GET"]}}],"collection":[{"href":"https:\/\/www.anika-net.de\/tr\/wp-json\/wp\/v2\/pages"}],"about":[{"href":"https:\/\/www.anika-net.de\/tr\/wp-json\/wp\/v2\/types\/page"}],"author":[{"embeddable":true,"href":"https:\/\/www.anika-net.de\/tr\/wp-json\/wp\/v2\/users\/12"}],"replies":[{"embeddable":true,"href":"https:\/\/www.anika-net.de\/tr\/wp-json\/wp\/v2\/comments?post=24097"}],"version-history":[{"count":2,"href":"https:\/\/www.anika-net.de\/tr\/wp-json\/wp\/v2\/pages\/24097\/revisions"}],"predecessor-version":[{"id":63675,"href":"https:\/\/www.anika-net.de\/tr\/wp-json\/wp\/v2\/pages\/24097\/revisions\/63675"}],"up":[{"embeddable":true,"href":"https:\/\/www.anika-net.de\/tr\/wp-json\/wp\/v2\/pages\/15784"}],"wp:featuredmedia":[{"embeddable":true,"href":"https:\/\/www.anika-net.de\/tr\/wp-json\/wp\/v2\/media\/35072"}],"wp:attachment":[{"href":"https:\/\/www.anika-net.de\/tr\/wp-json\/wp\/v2\/media?parent=24097"}],"curies":[{"name":"wp","href":"https:\/\/api.w.org\/{rel}","templated":true}]}}