{"id":17805,"date":"2021-04-25T21:50:26","date_gmt":"2021-04-25T19:50:26","guid":{"rendered":"https:\/\/www.anika-net.de\/contact-us\/"},"modified":"2025-03-05T12:57:52","modified_gmt":"2025-03-05T11:57:52","slug":"iletisim","status":"publish","type":"page","link":"https:\/\/www.anika-net.de\/tr\/iletisim\/","title":{"rendered":"Bize ula\u00ad\u015f\u0131n"},"content":{"rendered":"\n<p><strong><span style=\"color: #111111;\" class=\"stk-highlight\">Ani\u00adKA<\/span><\/strong> \u2014 <em> Karls\u00adru\u00adhe<\/em> <strong>\u2018deki<\/strong> <em> Ankom\u00admen<\/em> bir dan\u0131\u015f\u00adma mer\u00adke\u00adzi de\u011fil, <strong>Karls\u00adru\u00adhe\u00ad\u2019\u00adde\u00adki (yeni) g\u00f6\u00e7\u00admen\u00adler i\u00e7in bir bil\u00adgi plat\u00adfor\u00admu\u00addur.<\/strong><br>Bura\u00adda <a href=\"https:\/\/www.anika-net.de\/network-partners\/\"><strong>60 ortak kuru\u00adlu\u015f<\/strong><\/a> \u00c7e\u015fit\u00adli dan\u0131\u015f\u00adman\u00adl\u0131k hiz\u00admet\u00adle\u00adri sunan<strong>kuru\u00adlu\u015f\u00adlar<\/strong> ve ilgi\u00adli ile\u00adti\u00ad\u015fim bil\u00adgi\u00adle\u00adri.<br><strong>Uygun des\u00adte\u00ad\u011fi almak i\u00e7in sizi do\u011f\u00adru\u00addan ilgi\u00adli kuru\u00adlu\u015f\u00adlar\u00adla ile\u00adti\u00ad\u015fi\u00adme ge\u00e7\u00adme\u00adye davet edi\u00adyo\u00adruz<\/strong>.<\/p>\n\n<p><strong>L\u00fct\u00adfen bizim\u00adle ile\u00adti\u00ad\u015fi\u00adme ge\u00e7\u00admek\u00adten \u00e7ekin\u00adme\u00adyin<\/strong>: <br>\u2611\ufe0f kuru\u00adlu\u00ad\u015fu\u00adnuz i\u0307tti\u0307faka katil\u00admak i\u0307sti\u0307yor<br>\u2611\ufe0f isti\u00adyor\u00adsun <a href=\"https:\/\/www.anika-net.de\/tr\/goecmen-oerguetleri-ve-topluluklari\/girisiminizi-anikada-paylasin\/\"><strong>Bir\u00adli\u00ad\u011fi\u00adni\u00adzi veya top\u00adlu\u00adlu\u00ad\u011fu\u00adnu\u00adzu g\u00f6r\u00fc\u00adn\u00fcr k\u0131l\u00admak i\u00e7in<\/strong><\/a> Ani\u00adKA plat\u00adfor\u00admun\u00adda.<br>\u2611\ufe0f isti\u00adyor\u00adsun <a href=\"https:\/\/docs.google.com\/forms\/d\/e\/1FAIpQLSc5gnLGoQjAsCr3UyiIxWPokWLyHopaEWd43vUP1cWp9AcyIA\/viewform?usp=sf_link\" rel=\"noopener\"><strong>bir tek\u00adlif veya etkin\u00adlik yay\u0131n\u00adla\u00admak<\/strong><\/a> Ani\u00adKA\u00ad\u2019\u00adda<br>\u2611\ufe0f bro\u00ad\u015f\u00fcr veya Ani\u00adKA Pos\u00adte\u00adri sipa\u00adri\u015f etmek istiyorsan\u0131z<\/p>\n\n<p><\/p>\n<script>\nvar gform;gform||(document.addEventListener(\"gform_main_scripts_loaded\",function(){gform.scriptsLoaded=!0}),document.addEventListener(\"gform\/theme\/scripts_loaded\",function(){gform.themeScriptsLoaded=!0}),window.addEventListener(\"DOMContentLoaded\",function(){gform.domLoaded=!0}),gform={domLoaded:!1,scriptsLoaded:!1,themeScriptsLoaded:!1,isFormEditor:()=>\"function\"==typeof InitializeEditor,callIfLoaded:function(o){return!(!gform.domLoaded||!gform.scriptsLoaded||!gform.themeScriptsLoaded&&!gform.isFormEditor()||(gform.isFormEditor()&&console.warn(\"The use of gform.initializeOnLoaded() is deprecated in the form editor context and will be removed in Gravity Forms 3.1.\"),o(),0))},initializeOnLoaded:function(o){gform.callIfLoaded(o)||(document.addEventListener(\"gform_main_scripts_loaded\",()=>{gform.scriptsLoaded=!0,gform.callIfLoaded(o)}),document.addEventListener(\"gform\/theme\/scripts_loaded\",()=>{gform.themeScriptsLoaded=!0,gform.callIfLoaded(o)}),window.addEventListener(\"DOMContentLoaded\",()=>{gform.domLoaded=!0,gform.callIfLoaded(o)}))},hooks:{action:{},filter:{}},addAction:function(o,r,e,t){gform.addHook(\"action\",o,r,e,t)},addFilter:function(o,r,e,t){gform.addHook(\"filter\",o,r,e,t)},doAction:function(o){gform.doHook(\"action\",o,arguments)},applyFilters:function(o){return gform.doHook(\"filter\",o,arguments)},removeAction:function(o,r){gform.removeHook(\"action\",o,r)},removeFilter:function(o,r,e){gform.removeHook(\"filter\",o,r,e)},addHook:function(o,r,e,t,n){null==gform.hooks[o][r]&&(gform.hooks[o][r]=[]);var d=gform.hooks[o][r];null==n&&(n=r+\"_\"+d.length),gform.hooks[o][r].push({tag:n,callable:e,priority:t=null==t?10:t})},doHook:function(r,o,e){var t;if(e=Array.prototype.slice.call(e,1),null!=gform.hooks[r][o]&&((o=gform.hooks[r][o]).sort(function(o,r){return o.priority-r.priority}),o.forEach(function(o){\"function\"!=typeof(t=o.callable)&&(t=window[t]),\"action\"==r?t.apply(null,e):e[0]=t.apply(null,e)})),\"filter\"==r)return e[0]},removeHook:function(o,r,t,n){var e;null!=gform.hooks[o][r]&&(e=(e=gform.hooks[o][r]).filter(function(o,r,e){return!!(null!=n&&n!=o.tag||null!=t&&t!=o.priority)}),gform.hooks[o][r]=e)}});\n<\/script>\n\n                <div class=\"gf_browser_gecko gform_wrapper gform_legacy_markup_wrapper gform-theme--no-framework\" data-form-theme=\"legacy\" data-form-index=\"0\" id=\"gform_wrapper_2\"><div id=\"gf_2\" class=\"gform_anchor\" tabindex=\"-1\"><\/div><form method=\"post\" enctype=\"multipart\/form-data\" target=\"gform_ajax_frame_2\" id=\"gform_2\" action=\"\/tr\/wp-json\/wp\/v2\/pages\/17805#gf_2\" data-formid=\"2\" novalidate><input type=\"hidden\" name=\"__swss_pow__\" value>\n                        <div class=\"gform-body gform_body\"><ul id=\"gform_fields_2\" class=\"gform_fields top_label form_sublabel_below description_below validation_below\"><li id=\"field_2_9\" class=\"gfield gfield--type-honeypot gform_validation_container field_sublabel_below gfield--has-description field_description_below field_validation_below gfield_visibility_visible\"><label class=\"gfield_label gform-field-label\" for=\"input_2_9\">Ema\u00adil<\/label><div class=\"ginput_container\"><input name=\"input_9\" id=\"input_2_9\" type=\"text\" value autocomplete=\"new-password\"><\/div><div class=\"gfield_description\" id=\"gfield_description_2_9\">Bu alan do\u011f\u00adru\u00adla\u00adma ama\u00e7\u00adl\u0131\u00add\u0131r ve de\u011fi\u00ad\u015fik\u00adlik yap\u0131l\u00adma\u00addan b\u0131rak\u0131lmal\u0131d\u0131r.<\/div><\/li><li id=\"field_2_1\" class=\"gfield gfield--type-name gfield--input-type-name field_sublabel_below gfield--no-description field_description_below field_validation_below gfield_visibility_visible\"><label class=\"gfield_label gform-field-label gfield_label_before_complex\">\u0130sim<\/label><div class=\"ginput_complex ginput_container ginput_container--name no_prefix has_first_name no_middle_name has_last_name no_suffix gf_name_has_2 ginput_container_name gform-grid-row\" id=\"input_2_1\">\n                            \n                            <span id=\"input_2_1_3_container\" class=\"name_first gform-grid-col gform-grid-col--size-auto\">\n                                                    <input type=\"text\" name=\"input_1.3\" id=\"input_2_1_3\" value aria-required=\"false\">\n                                                    <label for=\"input_2_1_3\" class=\"gform-field-label gform-field-label--type-sub \">\u0130lk ad\u0131<\/label>\n                                                <\/span>\n                            \n                            <span id=\"input_2_1_6_container\" class=\"name_last gform-grid-col gform-grid-col--size-auto\">\n                                                    <input type=\"text\" name=\"input_1.6\" id=\"input_2_1_6\" value aria-required=\"false\">\n                                                    <label for=\"input_2_1_6\" class=\"gform-field-label gform-field-label--type-sub \">Soya\u00add\u0131<\/label>\n                                                <\/span>\n                            \n                        <\/div><\/li><li id=\"field_2_2\" class=\"gfield gfield--type-checkbox gfield--type-choice gfield--input-type-checkbox gfield--width-full field_sublabel_below gfield--has-description field_description_below field_validation_below gfield_visibility_visible\"><label class=\"gfield_label gform-field-label gfield_label_before_complex\">Dil\u00adler<\/label><div class=\"ginput_container ginput_container_checkbox\"><ul class=\"gfield_checkbox\" id=\"input_2_2\"><li class=\"gchoice gchoice_2_2_1\">\n\t\t\t\t\t\t\t\t<input class=\"gfield-choice-input\" name=\"input_2.1\" type=\"checkbox\" value=\"ingilizce\" id=\"choice_2_2_1\" aria-describedby=\"gfield_description_2_2\">\n\t\t\t\t\t\t\t\t<label for=\"choice_2_2_1\" id=\"label_2_2_1\" class=\"gform-field-label gform-field-label--type-inline\">ingi\u00adliz\u00adce<\/label>\n\t\t\t\t\t\t\t<\/li><li class=\"gchoice gchoice_2_2_2\">\n\t\t\t\t\t\t\t\t<input class=\"gfield-choice-input\" name=\"input_2.2\" type=\"checkbox\" value=\"Frans\u0131zca\" id=\"choice_2_2_2\">\n\t\t\t\t\t\t\t\t<label for=\"choice_2_2_2\" id=\"label_2_2_2\" class=\"gform-field-label gform-field-label--type-inline\">Fran\u00ads\u0131z\u00adca<\/label>\n\t\t\t\t\t\t\t<\/li><li class=\"gchoice gchoice_2_2_3\">\n\t\t\t\t\t\t\t\t<input class=\"gfield-choice-input\" name=\"input_2.3\" type=\"checkbox\" value=\"Almanca\" id=\"choice_2_2_3\">\n\t\t\t\t\t\t\t\t<label for=\"choice_2_2_3\" id=\"label_2_2_3\" class=\"gform-field-label gform-field-label--type-inline\">Alman\u00adca<\/label>\n\t\t\t\t\t\t\t<\/li><li class=\"gchoice gchoice_2_2_4\">\n\t\t\t\t\t\t\t\t<input class=\"gfield-choice-input\" name=\"input_2.4\" type=\"checkbox\" value=\"Spanisch\" id=\"choice_2_2_4\">\n\t\t\t\t\t\t\t\t<label for=\"choice_2_2_4\" id=\"label_2_2_4\" class=\"gform-field-label gform-field-label--type-inline\">Spa\u00adnisch<\/label>\n\t\t\t\t\t\t\t<\/li><\/ul><\/div><div class=\"gfield_description\" id=\"gfield_description_2_2\">M\u00fcm\u00adk\u00fcn\u00adse l\u00fct\u00adfen a\u015fa\u00ad\u011f\u0131\u00adda\u00adki dil\u00adler\u00adden birin\u00adde benim\u00adle ile\u00adti\u00ad\u015fi\u00adme&nbsp;ge\u00e7in.<\/div><\/li><li id=\"field_2_3\" class=\"gfield gfield--type-email gfield--input-type-email gfield--width-full gfield_contains_required field_sublabel_below gfield--no-description field_description_below field_validation_below gfield_visibility_visible\"><label class=\"gfield_label gform-field-label\" for=\"input_2_3\">E<span class=\"gfield_required\"><span class=\"gfield_required gfield_required_text\">(Gerek\u00adli)<\/span><\/span><\/label><div class=\"ginput_container ginput_container_email\">\n                            <input name=\"input_3\" id=\"input_2_3\" type=\"email\" value class=\"large\" aria-required=\"true\" aria-invalid=\"false\">\n                        <\/div><\/li><li id=\"field_2_6\" class=\"gfield gfield--type-phone gfield--input-type-phone gfield--width-full field_sublabel_below gfield--no-description field_description_below field_validation_below gfield_visibility_visible\"><label class=\"gfield_label gform-field-label\" for=\"input_2_6\">Tele\u00adfon<\/label><div class=\"ginput_container ginput_container_phone\"><input name=\"input_6\" id=\"input_2_6\" type=\"tel\" value class=\"large\" aria-invalid=\"false\"><\/div><\/li><li id=\"field_2_7\" class=\"gfield gfield--type-checkbox gfield--type-choice gfield--input-type-checkbox gfield--width-full field_sublabel_below gfield--no-description field_description_below field_validation_below gfield_visibility_visible\"><label class=\"gfield_label gform-field-label gfield_label_before_complex\">Beni geri&nbsp;ara<\/label><div class=\"ginput_container ginput_container_checkbox\"><ul class=\"gfield_checkbox\" id=\"input_2_7\"><li class=\"gchoice gchoice_2_7_1\">\n\t\t\t\t\t\t\t\t<input class=\"gfield-choice-input\" name=\"input_7.1\" type=\"checkbox\" value=\"Evet, l\u00fctfen beni geri ara\" id=\"choice_2_7_1\">\n\t\t\t\t\t\t\t\t<label for=\"choice_2_7_1\" id=\"label_2_7_1\" class=\"gform-field-label gform-field-label--type-inline\">Evet, l\u00fct\u00adfen beni geri&nbsp;ara<\/label>\n\t\t\t\t\t\t\t<\/li><\/ul><\/div><\/li><li id=\"field_2_4\" class=\"gfield gfield--type-select gfield--input-type-select gfield--width-full field_sublabel_below gfield--no-description field_description_below field_validation_below gfield_visibility_visible\"><label class=\"gfield_label gform-field-label\" for=\"input_2_4\">Ba\u015f\u00adl\u0131k<\/label><div class=\"ginput_container ginput_container_select\"><select name=\"input_4\" id=\"input_2_4\" class=\"large gfield_select\" aria-invalid=\"false\"><option value selected=\"selected\" class=\"gf_placeholder\">L\u00fctfen konunuzu se\u00e7in<\/option><option value=\"\u0130ttifak'a kat\u0131lmak veya \u0130ttifak'ta aktif olmak istiyorum\">\u0130ttifak'a kat\u0131lmak veya \u0130ttifak'ta aktif olmak istiyorum<\/option><option value=\"AniKA web sitesinde bir teklif yay\u0131nlamak istiyorum\">AniKA web sitesinde bir teklif yay\u0131nlamak istiyorum<\/option><option value=\"AniKA kartpostallar\u0131 veya el ilanlar\u0131 sipari\u015f etmek istiyorum\">AniKA kartpostallar\u0131 veya el ilanlar\u0131 sipari\u015f etmek istiyorum<\/option><option value=\"Ben bas\u0131ndan veya radyodan\u0131m ve AniKA ile ileti\u015fime ge\u00e7mek istiyorum\">Ben bas\u0131ndan veya radyodan\u0131m ve AniKA ile ileti\u015fime ge\u00e7mek istiyorum<\/option><\/select><\/div><\/li><li id=\"field_2_5\" class=\"gfield gfield--type-textarea gfield--input-type-textarea gfield--width-full gfield_contains_required field_sublabel_below gfield--no-description field_description_below field_validation_below gfield_visibility_visible\"><label class=\"gfield_label gform-field-label\" for=\"input_2_5\">\u0130leti<span class=\"gfield_required\"><span class=\"gfield_required gfield_required_text\">(Gerek\u00adli)<\/span><\/span><\/label><div class=\"ginput_container ginput_container_textarea\"><textarea name=\"input_5\" id=\"input_2_5\" class=\"textarea large\" aria-required=\"true\" aria-invalid=\"false\" rows=\"10\" cols=\"50\"><\/textarea><\/div><\/li><li id=\"field_2_8\" class=\"gfield gfield--type-consent gfield--type-choice gfield--input-type-consent gfield--width-full gfield_contains_required field_sublabel_below gfield--no-description field_description_below field_validation_below gfield_visibility_visible\"><label class=\"gfield_label gform-field-label gfield_label_before_complex\">Onay<span class=\"gfield_required\"><span class=\"gfield_required gfield_required_text\">(Gerek\u00adli)<\/span><\/span><\/label><div class=\"ginput_container ginput_container_consent\"><input name=\"input_8.1\" id=\"input_2_8_1\" type=\"checkbox\" value=\"1\" aria-required=\"true\" aria-invalid=\"false\"> <label class=\"gform-field-label gform-field-label--type-inline gfield_consent_label\" for=\"input_2_8_1\">Giz\u00adli\u00adlik poli\u00adti\u00adka\u00ads\u0131\u00adn\u0131 kabul ediyorum<\/label><input type=\"hidden\" name=\"input_8.2\" value=\"Gizlilik politikas\u0131n\u0131 kabul ediyorum\" class=\"gform_hidden\"><input type=\"hidden\" name=\"input_8.3\" value=\"2\" class=\"gform_hidden\"><\/div><\/li><\/ul><\/div>\n        <div class=\"gform-footer gform_footer top_label\"> <input type=\"submit\" id=\"gform_submit_button_2\" class=\"gform_button button\" onclick=\"gform.submission.handleButtonClick(this);\" data-submission-type=\"submit\" value=\"G\u00f6ndermek\"> <input type=\"hidden\" name=\"gform_ajax\" value=\"form_id=2&amp;title=&amp;description=&amp;tabindex=0&amp;theme=legacy&amp;styles=[]&amp;hash=6eec520a4b18f60fdd00a0f3ebad3958\">\n            <input type=\"hidden\" class=\"gform_hidden\" name=\"gform_submission_method\" data-js=\"gform_submission_method_2\" value=\"iframe\">\n            <input type=\"hidden\" class=\"gform_hidden\" name=\"gform_theme\" data-js=\"gform_theme_2\" id=\"gform_theme_2\" value=\"legacy\">\n            <input type=\"hidden\" class=\"gform_hidden\" name=\"gform_style_settings\" data-js=\"gform_style_settings_2\" id=\"gform_style_settings_2\" value=\"[]\">\n            <input type=\"hidden\" class=\"gform_hidden\" name=\"is_submit_2\" value=\"1\">\n            <input type=\"hidden\" class=\"gform_hidden\" name=\"gform_submit\" value=\"2\">\n            \n            <input type=\"hidden\" class=\"gform_hidden\" name=\"gform_currency\" data-currency=\"EUR\" value=\"jh8i21pEG+m\/9Ao7bCjYGZhoGdxI0ZrStBZxyvo2s5WoMpfVIO7PfLOKJe6SG\/sc1jen5Oqn\/Eu1Vkno3p4tB1+EkAaK7PpBwkugIS1M43THXDk=\">\n            <input type=\"hidden\" class=\"gform_hidden\" name=\"gform_unique_id\" value>\n            <input type=\"hidden\" class=\"gform_hidden\" name=\"state_2\" value=\"WyJ7XCI4LjFcIjpcImEzOWY3NTM0MTNmODI1OWE3YzhhMWVlODA0MzUxZGY4XCIsXCI4LjJcIjpcImE4MmQ2MjMxOWZkYzI5ZDMwZGVlNThiNTVhNWI4MDc0XCIsXCI4LjNcIjpcImM2M2U3ODM4ZGM3NTg2MjViZWZkY2QyZTkyNjM0YTI4XCJ9IiwiMjFmMGFhNTA4ZTE3OTBhNzRlMGVlMGJkYWRmNGJmNjgiXQ==\">\n            <input type=\"hidden\" autocomplete=\"off\" class=\"gform_hidden\" name=\"gform_target_page_number_2\" id=\"gform_target_page_number_2\" value=\"0\">\n            <input type=\"hidden\" autocomplete=\"off\" class=\"gform_hidden\" name=\"gform_source_page_number_2\" id=\"gform_source_page_number_2\" value=\"1\">\n            <input type=\"hidden\" name=\"gform_field_values\" value>\n            \n        <\/div>\n                        <\/form>\n                        <\/div>\n\t\t                <iframe style=\"display:none;width:0px;height:0px;\" src=\"about:blank\" name=\"gform_ajax_frame_2\" id=\"gform_ajax_frame_2\" title=\"Bu iframe, Ajax destekli Gravity Forms i\u015flemleri i\u00e7in gereken mant\u0131\u011f\u0131 i\u00e7erir.\"><\/iframe>\n\t\t                <script>\ngform.initializeOnLoaded( function() {gformInitSpinner( 2, 'https:\/\/www.anika-net.de\/wp-content\/plugins\/gravityforms\/images\/spinner.svg', true );jQuery('#gform_ajax_frame_2').on('load',function(){var contents = jQuery(this).contents().find('*').html();var is_postback = contents.indexOf('GF_AJAX_POSTBACK') >= 0;if(!is_postback){return;}var form_content = jQuery(this).contents().find('#gform_wrapper_2');var is_confirmation = jQuery(this).contents().find('#gform_confirmation_wrapper_2').length > 0;var is_redirect = contents.indexOf('gformRedirect(){') >= 0;var is_form = form_content.length > 0 && ! is_redirect && ! is_confirmation;var mt = parseInt(jQuery('html').css('margin-top'), 10) + parseInt(jQuery('body').css('margin-top'), 10) + 100;if(is_form){jQuery('#gform_wrapper_2').html(form_content.html());if(form_content.hasClass('gform_validation_error')){jQuery('#gform_wrapper_2').addClass('gform_validation_error');} else {jQuery('#gform_wrapper_2').removeClass('gform_validation_error');}setTimeout( function() { \/* delay the scroll by 50 milliseconds to fix a bug in chrome *\/ jQuery(document).scrollTop(jQuery('#gform_wrapper_2').offset().top - mt); }, 50 );if(window['gformInitDatepicker']) {gformInitDatepicker();}if(window['gformInitPriceFields']) {gformInitPriceFields();}var current_page = jQuery('#gform_source_page_number_2').val();gformInitSpinner( 2, 'https:\/\/www.anika-net.de\/wp-content\/plugins\/gravityforms\/images\/spinner.svg', true );jQuery(document).trigger('gform_page_loaded', [2, current_page]);window['gf_submitting_2'] = false;}else if(!is_redirect){var confirmation_content = jQuery(this).contents().find('.GF_AJAX_POSTBACK').html();if(!confirmation_content){confirmation_content = contents;}jQuery('#gform_wrapper_2').replaceWith(confirmation_content);jQuery(document).scrollTop(jQuery('#gf_2').offset().top - mt);jQuery(document).trigger('gform_confirmation_loaded', [2]);window['gf_submitting_2'] = false;wp.a11y.speak(jQuery('#gform_confirmation_message_2').text());}else{jQuery('#gform_2').append(contents);if(window['gformRedirect']) {gformRedirect();}}jQuery(document).trigger(\"gform_pre_post_render\", [{ formId: \"2\", currentPage: \"current_page\", abort: function() { this.preventDefault(); } }]);        if (event && event.defaultPrevented) {                return;        }        const gformWrapperDiv = document.getElementById( \"gform_wrapper_2\" );        if ( gformWrapperDiv ) {            const visibilitySpan = document.createElement( \"span\" );            visibilitySpan.id = \"gform_visibility_test_2\";            gformWrapperDiv.insertAdjacentElement( \"afterend\", visibilitySpan );        }        const visibilityTestDiv = document.getElementById( \"gform_visibility_test_2\" );        let postRenderFired = false;        function triggerPostRender() {            if ( postRenderFired ) {                return;            }            postRenderFired = true;            gform.core.triggerPostRenderEvents( 2, current_page );            if ( visibilityTestDiv ) {                visibilityTestDiv.parentNode.removeChild( visibilityTestDiv );            }        }        function debounce( func, wait, immediate ) {            var timeout;            return function() {                var context = this, args = arguments;                var later = function() {                    timeout = null;                    if ( !immediate ) func.apply( context, args );                };                var callNow = immediate && !timeout;                clearTimeout( timeout );                timeout = setTimeout( later, wait );                if ( callNow ) func.apply( context, args );            };        }        const debouncedTriggerPostRender = debounce( function() {            triggerPostRender();        }, 200 );        if ( visibilityTestDiv && visibilityTestDiv.offsetParent === null ) {            const observer = new MutationObserver( ( mutations ) => {                mutations.forEach( ( mutation ) => {                    if ( mutation.type === 'attributes' && visibilityTestDiv.offsetParent !== null ) {                        debouncedTriggerPostRender();                        observer.disconnect();                    }                });            });            observer.observe( document.body, {                attributes: true,                childList: false,                subtree: true,                attributeFilter: [ 'style', 'class' ],            });        } else {            triggerPostRender();        }    } );} );\n<\/script>\n\n","protected":false},"excerpt":{"rendered":"<p>Ani\u00adKA \u2014 Karls\u00adru\u00adhe \u2018deki Ankom\u00admen bir dan\u0131\u015f\u00adma mer\u00adke\u00adzi de\u011fil, Karls\u00adru\u00adhe\u00ad\u2019\u00adde\u00adki (yeni) g\u00f6\u00e7\u00admen\u00adler i\u00e7in bir bil\u00adgi plat\u00adfor\u00admu\u00addur.Bura\u00adda 60 ortak kuru\u00adlu\u015f \u00c7e\u015fit\u00adli dan\u0131\u015f\u00adman\u00adl\u0131k hiz\u00admet\u00adle\u00adri sunankuru\u00adlu\u015f\u00adlar ve ilgi\u00adli ile\u00adti\u00ad\u015fim bil\u00adgi\u00adle\u00adri.Uygun des\u00adte\u00ad\u011fi almak i\u00e7in&nbsp;<a class=\"moretag\" href=\"https:\/\/www.anika-net.de\/tr\/iletisim\/\">daha faz\u00adla okuyun<\/a><\/p>\n","protected":false},"author":12,"featured_media":0,"parent":0,"menu_order":63,"comment_status":"closed","ping_status":"closed","template":"","meta":{"_acf_changed":false,"inline_featured_image":false,"_uag_custom_page_level_css":"","wp_typography_post_enhancements_disabled":false,"footnotes":""},"class_list":["post-17805","page","type-page","status-publish","hentry"],"acf":[],"featured_image_urls_v2":{"full":"","thumbnail":"","medium":"","medium_large":"","large":"","1536x1536":"","2048x2048":"","event-overview":"","event-archive-thumb":"","grid-item-thumbnail":"","network-partner-icon":"","organiser-icon":"","gform-image-choice-sm":"","gform-image-choice-md":"","gform-image-choice-lg":""},"post_excerpt_stackable_v2":"<p>Ani\u00adKA \u2014 Karls\u00adru\u00adhe \u2018deki Ankom\u00admen bir dan\u0131\u015f\u00adma mer\u00adke\u00adzi de\u011fil, Karls\u00adru\u00adhe\u00ad\u2019\u00adde\u00adki (yeni) g\u00f6\u00e7\u00admen\u00adler i\u00e7in bir bil\u00adgi plat\u00adfor\u00admu\u00addur.Bura\u00adda 60 ortak kuru\u00adlu\u015f \u00c7e\u015fit\u00adli dan\u0131\u015f\u00adman\u00adl\u0131k hiz\u00admet\u00adle\u00adri sunankuru\u00adlu\u015f\u00adlar ve ilgi\u00adli ile\u00adti\u00ad\u015fim bil\u00adgi\u00adle\u00adri.Uygun des\u00adte\u00ad\u011fi almak i\u00e7in sizi do\u011f\u00adru\u00addan ilgi\u00adli kuru\u00adlu\u015f\u00adlar\u00adla ile\u00adti\u00ad\u015fi\u00adme ge\u00e7\u00adme\u00adye davet edi\u00adyo\u00adruz. L\u00fct\u00adfen bizim\u00adle ile\u00adti\u00ad\u015fi\u00adme ge\u00e7\u00admek\u00adten \u00e7ekin\u00adme\u00adyin: \u2611\ufe0f kuru\u00adlu\u00ad\u015fu\u00adnuz i\u0307tti\u0307faka katil\u00admak i\u0307sti\u0307yor\u2611\ufe0f isti\u00adyor\u00adsun Bir\u00adli\u00ad\u011fi\u00adni\u00adzi veya top\u00adlu\u00adlu\u00ad\u011fu\u00adnu\u00adzu g\u00f6r\u00fc\u00adn\u00fcr k\u0131l\u00admak i\u00e7in Ani\u00adKA plat\u00adfor\u00admun\u00adda.\u2611\ufe0f isti\u00adyor\u00adsun bir tek\u00adlif veya etkin\u00adlik yay\u0131n\u00adla\u00admak Ani\u00adKA\u00ad\u2019\u00adda\u2611\ufe0f bro\u00ad\u015f\u00fcr veya Ani\u00adKA Pos\u00adte\u00adri sipa\u00adri\u015f etmek isti\u00adyor\u00adsa\u00adn\u0131z Pho\u00adneBu alan do\u011f\u00adru\u00adla\u00adma ama\u00e7\u00adl\u0131\u00add\u0131r ve de\u011fi\u00ad\u015fik\u00adlik yap\u0131l\u00adma\u00addan b\u0131rak\u0131lmal\u0131d\u0131r.\u0130sim \u0130lk ad\u0131 Soya\u00add\u0131 Dil\u00adler ingi\u00adliz\u00adce Fran\u00ads\u0131z\u00adca Alman\u00adca Spa\u00adnisch M\u00fcm\u00adk\u00fcn\u00adse l\u00fct\u00adfen a\u015fa\u00ad\u011f\u0131\u00adda\u00adki dil\u00adler\u00adden birin\u00adde benim\u00adle ile\u00adti\u00ad\u015fi\u00adme&nbsp;ge\u00e7in.E(Gerek\u00adli) Tele\u00adfonBeni geri&nbsp;ara Evet, l\u00fct\u00adfen beni geri&nbsp;ara\u2026<\/p>\n","category_list_v2":"","author_info_v2":{"name":"Andrea Ramirez","url":"https:\/\/www.anika-net.de\/tr\/author\/andrea-ramirez\/"},"comments_num_v2":"0 comments","uagb_featured_image_src":{"full":false,"thumbnail":false,"medium":false,"medium_large":false,"large":false,"1536x1536":false,"2048x2048":false,"event-overview":false,"event-archive-thumb":false,"grid-item-thumbnail":false,"network-partner-icon":false,"organiser-icon":false,"gform-image-choice-sm":false,"gform-image-choice-md":false,"gform-image-choice-lg":false},"uagb_author_info":{"display_name":"Andrea Ramirez","author_link":"https:\/\/www.anika-net.de\/tr\/author\/andrea-ramirez\/"},"uagb_comment_info":0,"uagb_excerpt":"Ani\u00adKA \u2014 Karls\u00adru\u00adhe \u2018deki Ankom\u00admen bir dan\u0131\u015f\u00adma mer\u00adke\u00adzi de\u011fil, Karls\u00adru\u00adhe\u00ad\u2019\u00adde\u00adki (yeni) g\u00f6\u00e7\u00admen\u00adler i\u00e7in bir bil\u00adgi plat\u00adfor\u00admu\u00addur.Bura\u00adda 60 ortak kuru\u00adlu\u015f \u00c7e\u015fit\u00adli dan\u0131\u015f\u00adman\u00adl\u0131k hiz\u00admet\u00adle\u00adri sunankuru\u00adlu\u015f\u00adlar ve ilgi\u00adli ile\u00adti\u00ad\u015fim bil\u00adgi\u00adle\u00adri.Uygun des\u00adte\u00ad\u011fi almak i\u00e7in&nbsp;daha fazla okuyun","_links":{"self":[{"href":"https:\/\/www.anika-net.de\/tr\/wp-json\/wp\/v2\/pages\/17805","targetHints":{"allow":["GET"]}}],"collection":[{"href":"https:\/\/www.anika-net.de\/tr\/wp-json\/wp\/v2\/pages"}],"about":[{"href":"https:\/\/www.anika-net.de\/tr\/wp-json\/wp\/v2\/types\/page"}],"author":[{"embeddable":true,"href":"https:\/\/www.anika-net.de\/tr\/wp-json\/wp\/v2\/users\/12"}],"replies":[{"embeddable":true,"href":"https:\/\/www.anika-net.de\/tr\/wp-json\/wp\/v2\/comments?post=17805"}],"version-history":[{"count":2,"href":"https:\/\/www.anika-net.de\/tr\/wp-json\/wp\/v2\/pages\/17805\/revisions"}],"predecessor-version":[{"id":59506,"href":"https:\/\/www.anika-net.de\/tr\/wp-json\/wp\/v2\/pages\/17805\/revisions\/59506"}],"wp:attachment":[{"href":"https:\/\/www.anika-net.de\/tr\/wp-json\/wp\/v2\/media?parent=17805"}],"curies":[{"name":"wp","href":"https:\/\/api.w.org\/{rel}","templated":true}]}}