{"id":1724,"date":"2021-08-01T16:05:41","date_gmt":"2021-08-01T14:05:41","guid":{"rendered":"https:\/\/www.anika-net.de\/?page_id=1724"},"modified":"2023-04-20T17:10:10","modified_gmt":"2023-04-20T15:10:10","slug":"anika-karlsruheye-varis","status":"publish","type":"page","link":"https:\/\/www.anika-net.de\/tr\/hakkimizda\/anika-karlsruheye-varis\/","title":{"rendered":"Ani\u00adKA&nbsp;nedir"},"content":{"rendered":"\n<div class=\"wp-block-columns are-vertically-aligned-center is-layout-flex wp-container-core-columns-is-layout-9d6595d7 wp-block-columns-is-layout-flex\">\n<div class=\"wp-block-column is-vertically-aligned-center is-layout-flow wp-block-column-is-layout-flow\" style=\"flex-basis:100%\">\n<div class=\"wp-block-group\"><div class=\"wp-block-group__inner-container is-layout-flow wp-block-group-is-layout-flow\">\n<figure class=\"wp-block-image size-full is-resized\"><img decoding=\"async\" src=\"https:\/\/www.anika-net.de\/wp-content\/uploads\/2022\/02\/NEU_Anika_Logo_klein-schmal.jpg\" alt class=\"wp-image-14480\" width=\"346\" height=\"135\" srcset=\"https:\/\/www.anika-net.de\/wp-content\/uploads\/2022\/02\/NEU_Anika_Logo_klein-schmal.jpg 599w, https:\/\/www.anika-net.de\/wp-content\/uploads\/2022\/02\/NEU_Anika_Logo_klein-schmal-300x117.jpg 300w, https:\/\/www.anika-net.de\/wp-content\/uploads\/2022\/02\/NEU_Anika_Logo_klein-schmal-480x188.jpg 480w\" sizes=\"(max-width: 346px) 100vw, 346px\"><\/figure>\n<\/div><\/div>\n<\/div>\n<\/div>\n\n<h2 class=\"wp-block-heading\" id=\"anika-arriving-in-karlsruhe\">Ani\u00adKA \u2014 Karls\u00adru\u00adhe\u00ad\u2019\u00adye&nbsp;var\u0131\u015f<\/h2>\n\n<p class=\"has-text-align-left\"><br>Ani\u00adKA \u2014 Karls\u00adru\u00adhe\u00ad\u2019\u00adye Var\u0131\u015f A\u011f\u0131, <strong>Karls\u00adru\u00adhe ken\u00adtin\u00adde enteg\u00adras\u00adyon poli\u00adti\u00adka\u00ads\u0131 \u00fcze\u00adri\u00adne \u00e7al\u0131\u00ad\u015fan pay\u00adda\u015f\u00adlar\u00addan<\/strong> olu\u00ad\u015fan bir <strong>itti\u00adfak\u00adt\u0131r<\/strong>.  <\/p>\n\n<p class=\"has-text-align-left\">Ani\u00adKA a\u011f\u0131\u00adn\u0131n ama\u00adc\u0131, Karls\u00adru\u00adhe <strong>Kar\u00ad\u015f\u0131\u00adla\u00adma Yap\u0131\u00ads\u0131\u00adn\u0131<\/strong> daha da geli\u015f\u00adtir\u00admek ve \u201cKarls\u00adru\u00adhe Enteg\u00adras\u00adyon Yolu \u201cnu olu\u015f\u00adtur\u00admak\u00adt\u0131r. A\u011f, Karls\u00adru\u00adhe ken\u00adtin\u00adde g\u00f6\u00e7\u00admen\u00adler\u00adle temas halin\u00adde olan t\u00fcm akt\u00f6r\u00adle\u00adri s\u00fcre\u00adce dahil etmek iste\u00admek\u00adte\u00addir.<br>A\u011f top\u00adlan\u00adt\u0131\u00adla\u00adr\u0131 y\u0131l\u00adda iki kez yap\u0131l\u00admak\u00adta\u00add\u0131r. Bu top\u00adlan\u00adt\u0131\u00adla\u00adr\u0131n ama\u00adc\u0131, Karls\u00adru\u00adhe\u00ad\u2019\u00adye yeni gelen t\u00fcm insan\u00adla\u00adr\u0131n ihti\u00adya\u00e7\u00adla\u00adr\u0131 ve sun\u00adduk\u00adla\u00adr\u0131 imkan\u00adlar hak\u00adk\u0131n\u00adda genel bir fikir al\u0131\u015f\u00adve\u00adri\u00ad\u015fi sa\u011f\u00adla\u00admak\u00adt\u0131r.<br><br>Ba\u015f\u00adkan\u00adl\u0131k <strong>Karls\u00adru\u00adhe Enteg\u00adras\u00adyon Ofi\u00adsi<\/strong>\u2019nde, Ani\u00adKA\u00ad\u2019\u00adn\u0131n ofi\u00adsi ise <strong>ibz\u00ad\u2019\u00adde (Inter\u00adna\u00adti\u00adona\u00adles Begeg\u00adnungs\u00adzent\u00adrum Karls\u00adru\u00adhe)<\/strong> bulun\u00admak\u00adta\u00add\u0131r. Bir pro\u00adje y\u00f6ne\u00adti\u00adci\u00adsi a\u011f\u0131n ve yeni gelen\u00adle\u00adrin Karls\u00adru\u00adhe\u00ad\u2019\u00adde\u00adki tek\u00adlif\u00adler hak\u00adk\u0131n\u00adda genel bir bil\u00adgi edi\u00adne\u00adbi\u00adle\u00adcek\u00adle\u00adri Ani\u00adKA web site\u00adsi\u00adnin bak\u0131\u00adm\u0131\u00adn\u0131 yap\u00admak\u00adta\u00add\u0131r. Ani\u00adKA ile Karls\u00adru\u00adhe\u00ad\u2019\u00adye yeni gelen her\u00adke\u00adsi bar\u0131n\u00adma, dil \u00f6\u011fre\u00adni\u00admi, \u00e7ocuk bak\u0131\u00adm\u0131, okul e\u011fi\u00adti\u00admi, sa\u011f\u00adl\u0131k, bo\u015f zaman ve k\u00fcl\u00adt\u00fcr gibi konu\u00adlar\u00adda bil\u00adgi\u00adlen\u00addir\u00admek ve y\u00f6n\u00adlen\u00addir\u00admek isti\u00adyo\u00adruz. Ama\u00adc\u0131\u00adm\u0131z, yeni gelen\u00adle\u00adrin top\u00adlu\u00adma kat\u0131l\u00adma\u00adla\u00adr\u0131\u00adn\u0131 ve \u00e7al\u0131\u015f\u00adma\u00adla\u00adr\u0131\u00adn\u0131 kolay\u00adla\u015f\u00adt\u0131r\u00admak\u00adt\u0131r. En ba\u015f\u0131n\u00addan iti\u00adba\u00adren Karls\u00adru\u00adhe\u00ad\u2019\u00adde ho\u015f kar\u00ad\u015f\u0131\u00adlan\u00add\u0131k\u00adla\u00adr\u0131\u00adn\u0131 his\u00adset\u00adme\u00adle\u00adri\u00adni isti\u00adyo\u00adruz.<br><br>Pro\u00adje\u00adyi iler\u00adlet\u00admek i\u00e7in bir <strong>y\u00f6n\u00adlen\u00addir\u00adme komi\u00adte\u00adsi<\/strong> bulun\u00admak\u00adta\u00add\u0131r. Y\u0131l\u00adda yak\u00adla\u00ad\u015f\u0131k d\u00f6rt kez top\u00adla\u00adn\u0131r. Y\u00fcr\u00fct\u00adme komi\u00adte\u00adsi\u00adnin daimi \u00fcye\u00adle\u00adri \u015fun\u00adlar\u00add\u0131r: Enteg\u00adras\u00adyon B\u00fcro\u00adsu (B\u00fcro f\u00fcr Integ\u00adra\u00adti\u00adon), Ulus\u00adla\u00adra\u00adra\u00ads\u0131 Top\u00adlan\u00adt\u0131 Mer\u00adke\u00adzi (Inter\u00adna\u00adti\u00adona\u00adles Begeg\u00adnungs\u00adzent\u00adrum) ve Kamu D\u00fcze\u00adni B\u00fcro\u00adsu (Ord\u00adnung\u00adsamt). Y\u00f6n\u00adlen\u00addir\u00adme komi\u00adte\u00adsi\u00adne her iki y\u0131l\u00adda bir iki yeni a\u011f orta\u00ad\u011f\u0131 atan\u00admak\u00adta\u00add\u0131r. Ek\u00fc\u00adme\u00adnik G\u00f6\u00e7 Ser\u00advi\u00adsi (\u00d6MD) ve Karls\u00adru\u00adhe Tica\u00adret ve Sana\u00adyi Oda\u00ads\u0131 (IHK Karls\u00adru\u00adhe) 2022 y\u0131l\u0131n\u00adda\u00adki son itti\u00adfak top\u00adlan\u00adt\u0131\u00ads\u0131n\u00adda se\u00e7ilmi\u015ftir.<\/p>\n","protected":false},"excerpt":{"rendered":"<p>Ani\u00adKA \u2014 Karls\u00adru\u00adhe\u00ad\u2019\u00adye&nbsp;var\u0131\u015f Ani\u00adKA \u2014 Karls\u00adru\u00adhe\u00ad\u2019\u00adye Var\u0131\u015f A\u011f\u0131, Karls\u00adru\u00adhe ken\u00adtin\u00adde enteg\u00adras\u00adyon poli\u00adti\u00adka\u00ads\u0131 \u00fcze\u00adri\u00adne \u00e7al\u0131\u00ad\u015fan pay\u00adda\u015f\u00adlar\u00addan olu\u00ad\u015fan bir itti\u00adfak\u00adt\u0131r. Ani\u00adKA a\u011f\u0131\u00adn\u0131n ama\u00adc\u0131, Karls\u00adru\u00adhe Kar\u00ad\u015f\u0131\u00adla\u00adma Yap\u0131\u00ads\u0131\u00adn\u0131 daha da geli\u015f\u00adtir\u00admek ve \u201cKarls\u00adru\u00adhe Enteg\u00adras\u00adyon&nbsp;<a class=\"moretag\" href=\"https:\/\/www.anika-net.de\/tr\/hakkimizda\/anika-karlsruheye-varis\/\">daha faz\u00adla okuyun<\/a><\/p>\n","protected":false},"author":1,"featured_media":31864,"parent":15784,"menu_order":11,"comment_status":"closed","ping_status":"closed","template":"","meta":{"_acf_changed":false,"inline_featured_image":false,"_uag_custom_page_level_css":"","wp_typography_post_enhancements_disabled":false,"footnotes":""},"class_list":["post-1724","page","type-page","status-publish","has-post-thumbnail","hentry"],"acf":[],"featured_image_urls_v2":{"full":["https:\/\/www.anika-net.de\/wp-content\/uploads\/2023\/02\/Was-ist-01.png",2000,1111,false],"thumbnail":["https:\/\/www.anika-net.de\/wp-content\/uploads\/2023\/02\/Was-ist-01-150x150.png",150,150,true],"medium":["https:\/\/www.anika-net.de\/wp-content\/uploads\/2023\/02\/Was-ist-01-300x167.png",300,167,true],"medium_large":["https:\/\/www.anika-net.de\/wp-content\/uploads\/2023\/02\/Was-ist-01-768x427.png",640,356,true],"large":["https:\/\/www.anika-net.de\/wp-content\/uploads\/2023\/02\/Was-ist-01-1024x569.png",640,356,true],"1536x1536":["https:\/\/www.anika-net.de\/wp-content\/uploads\/2023\/02\/Was-ist-01-1536x853.png",1536,853,true],"2048x2048":["https:\/\/www.anika-net.de\/wp-content\/uploads\/2023\/02\/Was-ist-01.png",2000,1111,false],"event-overview":["https:\/\/www.anika-net.de\/wp-content\/uploads\/2023\/02\/Was-ist-01-960x640.png",960,640,true],"event-archive-thumb":["https:\/\/www.anika-net.de\/wp-content\/uploads\/2023\/02\/Was-ist-01-480x267.png",480,267,true],"grid-item-thumbnail":["https:\/\/www.anika-net.de\/wp-content\/uploads\/2023\/02\/Was-ist-01-360x200.png",360,200,true],"network-partner-icon":["https:\/\/www.anika-net.de\/wp-content\/uploads\/2023\/02\/Was-ist-01-100x100.png",100,100,true],"organiser-icon":["https:\/\/www.anika-net.de\/wp-content\/uploads\/2023\/02\/Was-ist-01-200x200.png",200,200,true],"gform-image-choice-sm":["https:\/\/www.anika-net.de\/wp-content\/uploads\/2023\/02\/Was-ist-01.png",300,167,false],"gform-image-choice-md":["https:\/\/www.anika-net.de\/wp-content\/uploads\/2023\/02\/Was-ist-01.png",400,222,false],"gform-image-choice-lg":["https:\/\/www.anika-net.de\/wp-content\/uploads\/2023\/02\/Was-ist-01.png",600,333,false]},"post_excerpt_stackable_v2":"<p>Ani\u00adKA \u2014 Karls\u00adru\u00adhe\u00ad\u2019\u00adye&nbsp;var\u0131\u015f Ani\u00adKA \u2014 Karls\u00adru\u00adhe\u00ad\u2019\u00adye Var\u0131\u015f A\u011f\u0131, Karls\u00adru\u00adhe ken\u00adtin\u00adde enteg\u00adras\u00adyon poli\u00adti\u00adka\u00ads\u0131 \u00fcze\u00adri\u00adne \u00e7al\u0131\u00ad\u015fan pay\u00adda\u015f\u00adlar\u00addan olu\u00ad\u015fan bir itti\u00adfak\u00adt\u0131r. Ani\u00adKA a\u011f\u0131\u00adn\u0131n ama\u00adc\u0131, Karls\u00adru\u00adhe Kar\u00ad\u015f\u0131\u00adla\u00adma Yap\u0131\u00ads\u0131\u00adn\u0131 daha da geli\u015f\u00adtir\u00admek ve \u201cKarls\u00adru\u00adhe Enteg\u00adras\u00adyon Yolu \u201cnu olu\u015f\u00adtur\u00admak\u00adt\u0131r. A\u011f, Karls\u00adru\u00adhe ken\u00adtin\u00adde g\u00f6\u00e7\u00admen\u00adler\u00adle temas halin\u00adde olan t\u00fcm akt\u00f6r\u00adle\u00adri s\u00fcre\u00adce dahil etmek iste\u00admek\u00adte\u00addir.A\u011f top\u00adlan\u00adt\u0131\u00adla\u00adr\u0131 y\u0131l\u00adda iki kez yap\u0131l\u00admak\u00adta\u00add\u0131r. Bu top\u00adlan\u00adt\u0131\u00adla\u00adr\u0131n ama\u00adc\u0131, Karls\u00adru\u00adhe\u00ad\u2019\u00adye yeni gelen t\u00fcm insan\u00adla\u00adr\u0131n ihti\u00adya\u00e7\u00adla\u00adr\u0131 ve sun\u00adduk\u00adla\u00adr\u0131 imkan\u00adlar hak\u00adk\u0131n\u00adda genel bir fikir al\u0131\u015f\u00adve\u00adri\u00ad\u015fi sa\u011f\u00adla\u00admak\u00adt\u0131r.Ba\u015f\u00adkan\u00adl\u0131k Karls\u00adru\u00adhe Enteg\u00adras\u00adyon Ofi\u00adsi\u2019nde, Ani\u00adKA\u00ad\u2019\u00adn\u0131n ofi\u00adsi ise ibz\u00ad\u2019\u00adde (Inter\u00adna\u00adti\u00adona\u00adles Begeg\u00adnungs\u00adzent\u00adrum Karls\u00adru\u00adhe) bulun\u00admak\u00adta\u00add\u0131r. Bir pro\u00adje y\u00f6ne\u00adti\u00adci\u00adsi a\u011f\u0131n ve yeni gelen\u00adle\u00adrin Karls\u00adru\u00adhe\u00ad\u2019\u00adde\u00adki tek\u00adlif\u00adler hak\u00adk\u0131n\u00adda genel bir bil\u00adgi edi\u00adne\u00adbi\u00adle\u00adcek\u00adle\u00adri Ani\u00adKA web site\u00adsi\u00adnin bak\u0131\u00adm\u0131\u00adn\u0131 yap\u00admak\u00adta\u00add\u0131r.&nbsp;AniKA\u2026<\/p>\n","category_list_v2":"","author_info_v2":{"name":"saasweb-admin","url":"https:\/\/www.anika-net.de\/tr\/author\/saasweb-admin\/"},"comments_num_v2":"0 comments","uagb_featured_image_src":{"full":["https:\/\/www.anika-net.de\/wp-content\/uploads\/2023\/02\/Was-ist-01.png",2000,1111,false],"thumbnail":["https:\/\/www.anika-net.de\/wp-content\/uploads\/2023\/02\/Was-ist-01-150x150.png",150,150,true],"medium":["https:\/\/www.anika-net.de\/wp-content\/uploads\/2023\/02\/Was-ist-01-300x167.png",300,167,true],"medium_large":["https:\/\/www.anika-net.de\/wp-content\/uploads\/2023\/02\/Was-ist-01-768x427.png",640,356,true],"large":["https:\/\/www.anika-net.de\/wp-content\/uploads\/2023\/02\/Was-ist-01-1024x569.png",640,356,true],"1536x1536":["https:\/\/www.anika-net.de\/wp-content\/uploads\/2023\/02\/Was-ist-01-1536x853.png",1536,853,true],"2048x2048":["https:\/\/www.anika-net.de\/wp-content\/uploads\/2023\/02\/Was-ist-01.png",2000,1111,false],"event-overview":["https:\/\/www.anika-net.de\/wp-content\/uploads\/2023\/02\/Was-ist-01-960x640.png",960,640,true],"event-archive-thumb":["https:\/\/www.anika-net.de\/wp-content\/uploads\/2023\/02\/Was-ist-01-480x267.png",480,267,true],"grid-item-thumbnail":["https:\/\/www.anika-net.de\/wp-content\/uploads\/2023\/02\/Was-ist-01-360x200.png",360,200,true],"network-partner-icon":["https:\/\/www.anika-net.de\/wp-content\/uploads\/2023\/02\/Was-ist-01-100x100.png",100,100,true],"organiser-icon":["https:\/\/www.anika-net.de\/wp-content\/uploads\/2023\/02\/Was-ist-01-200x200.png",200,200,true],"gform-image-choice-sm":["https:\/\/www.anika-net.de\/wp-content\/uploads\/2023\/02\/Was-ist-01.png",300,167,false],"gform-image-choice-md":["https:\/\/www.anika-net.de\/wp-content\/uploads\/2023\/02\/Was-ist-01.png",400,222,false],"gform-image-choice-lg":["https:\/\/www.anika-net.de\/wp-content\/uploads\/2023\/02\/Was-ist-01.png",600,333,false]},"uagb_author_info":{"display_name":"saasweb-admin","author_link":"https:\/\/www.anika-net.de\/tr\/author\/saasweb-admin\/"},"uagb_comment_info":0,"uagb_excerpt":"Ani\u00adKA \u2014 Karls\u00adru\u00adhe\u00ad\u2019\u00adye&nbsp;var\u0131\u015f Ani\u00adKA \u2014 Karls\u00adru\u00adhe\u00ad\u2019\u00adye Var\u0131\u015f A\u011f\u0131, Karls\u00adru\u00adhe ken\u00adtin\u00adde enteg\u00adras\u00adyon poli\u00adti\u00adka\u00ads\u0131 \u00fcze\u00adri\u00adne \u00e7al\u0131\u00ad\u015fan pay\u00adda\u015f\u00adlar\u00addan olu\u00ad\u015fan bir itti\u00adfak\u00adt\u0131r. Ani\u00adKA a\u011f\u0131\u00adn\u0131n ama\u00adc\u0131, Karls\u00adru\u00adhe Kar\u00ad\u015f\u0131\u00adla\u00adma Yap\u0131\u00ads\u0131\u00adn\u0131 daha da geli\u015f\u00adtir\u00admek ve \u201cKarls\u00adru\u00adhe Enteg\u00adras\u00adyon&nbsp;daha fazla okuyun","_links":{"self":[{"href":"https:\/\/www.anika-net.de\/tr\/wp-json\/wp\/v2\/pages\/1724","targetHints":{"allow":["GET"]}}],"collection":[{"href":"https:\/\/www.anika-net.de\/tr\/wp-json\/wp\/v2\/pages"}],"about":[{"href":"https:\/\/www.anika-net.de\/tr\/wp-json\/wp\/v2\/types\/page"}],"author":[{"embeddable":true,"href":"https:\/\/www.anika-net.de\/tr\/wp-json\/wp\/v2\/users\/1"}],"replies":[{"embeddable":true,"href":"https:\/\/www.anika-net.de\/tr\/wp-json\/wp\/v2\/comments?post=1724"}],"version-history":[{"count":0,"href":"https:\/\/www.anika-net.de\/tr\/wp-json\/wp\/v2\/pages\/1724\/revisions"}],"up":[{"embeddable":true,"href":"https:\/\/www.anika-net.de\/tr\/wp-json\/wp\/v2\/pages\/15784"}],"wp:featuredmedia":[{"embeddable":true,"href":"https:\/\/www.anika-net.de\/tr\/wp-json\/wp\/v2\/media\/31864"}],"wp:attachment":[{"href":"https:\/\/www.anika-net.de\/tr\/wp-json\/wp\/v2\/media?parent=1724"}],"curies":[{"name":"wp","href":"https:\/\/api.w.org\/{rel}","templated":true}]}}