{"id":1709,"date":"2021-08-01T15:31:34","date_gmt":"2021-08-01T13:31:34","guid":{"rendered":"https:\/\/www.anika-net.de\/?page_id=1709"},"modified":"2022-03-03T13:02:59","modified_gmt":"2022-03-03T12:02:59","slug":"anikanin-organizasyon-semasi","status":"publish","type":"page","link":"https:\/\/www.anika-net.de\/tr\/hakkimizda\/anikanin-organizasyon-semasi\/","title":{"rendered":"Ani\u00adka\u00ad\u2019\u00adn\u0131n Orga\u00adni\u00adzas\u00adyon \u015eemas\u0131"},"content":{"rendered":"\n<figure class=\"wp-block-image is-resized\"><img decoding=\"async\" src=\"https:\/\/www.anika-net.de\/wp-content\/uploads\/2022\/02\/NEU_Anika_Logo_klein-schmal.jpg\" alt=\"Dieses Bild hat ein leeres Alt-Attribut. Der Dateiname ist NEU_Anika_Logo_klein-schmal.jpg\" width=\"399\" height=\"156\"><\/figure>\n\n\n\n<figure class=\"wp-block-gallery has-nested-images columns-default is-cropped wp-block-gallery-1 is-layout-flex wp-block-gallery-is-layout-flex\"><\/figure>\n\n\n\n<ol class=\"wp-block-list\"><li><strong>Neyi tem\u00adsil edi\u00adyo\u00adruz? (Kurum kimli\u011fi)<\/strong><\/li><\/ol>\n\n\n\n<p> Ani\u00adKA \u2011Karls\u00adru\u00adhe\u00ad\u2019\u00adye var\u0131\u015f, Karls\u00adru\u00adhe \u015feh\u00adrin\u00adde enteg\u00adras\u00adyon poli\u00adti\u00adka\u00adla\u00adr\u0131 kap\u00adsa\u00adm\u0131n\u00adda \u00e7al\u0131\u00ad\u015fan\u00adla\u00adr\u0131n olu\u015f\u00adtur\u00addu\u00ad\u011fu bir pro\u00adto\u00adkol\u00add\u00fcr. Ani\u00adKA\u00ad\u2019\u00adn\u0131n ama\u00adc\u0131, Karlsruhe\u2019nin yeni gelen\u00adle\u00adri kar\u00ad\u015f\u0131\u00adla\u00adma yap\u0131\u00ads\u0131\u00adn\u0131 daha da geli\u015f\u00adtir\u00admek ve \u201cKarlsruhe\u2019ye enteg\u00adras\u00adyon s\u00fcre\u00adci\u00adnin\u201d tamam\u00adlan\u00adma\u00ads\u0131\u00adn\u0131 sa\u011flamakt\u0131r.AniKA, Karls\u00adru\u00adhe\u00ad\u2019\u00adnin (yeni) g\u00f6\u00e7\u00admen\u00adler i\u00e7in cazi\u00adbe mer\u00adke\u00adzi ola\u00adrak alg\u0131\u00adlan\u00adma\u00ads\u0131\u00adn\u0131 te\u015f\u00advik etmek\u00adte ve t\u00fcm yeni gelen\u00adler i\u00e7in her konu\u00adda h\u0131z\u00adl\u0131 ve kap\u00adsam\u00adl\u0131 bil\u00adgi\u00adlen\u00addir\u00adme ve de en uygun imkan\u00adla\u00adr\u0131n sa\u011f\u00adlan\u00adma\u00ads\u0131n\u00adda ilk temas nok\u00adta\u00ads\u0131 olma\u00ady\u0131 istemektedir.&nbsp;<\/p>\n\n\n\n<p> u kurum, Karls\u00adru\u00adhe \u015feh\u00adrin\u00adde g\u00f6\u00e7\u00admen\u00adler\u00adle temas halin\u00adde olan t\u00fcm ilgi\u00adli ki\u015fi\u00adle\u00adri bir ara\u00adya getir\u00adme\u00adyi iste\u00admek\u00adte\u00addir. Bu pro\u00adto\u00adkol kap\u00adsa\u00adm\u0131n\u00adda t\u00fcm pro\u00adto\u00adkol part\u00adner\u00adle\u00adri ken\u00addi i\u015f alan\u00adla\u00adr\u0131y\u00adla ilgi\u00adli konu\u00adlar\u00adda bil\u00adgi al\u0131\u015f\u00adve\u00adri\u00ad\u015fi yapmaktad\u0131r.Ya\u015fayan ve \u00f6\u011fre\u00adnen bu kuru\u00admun mer\u00adke\u00adzin\u00adde d\u00fczen\u00adli ola\u00adrak bil\u00adgi al\u0131\u015f\u00adve\u00adri\u00ad\u015fi ve ortak geli\u00ad\u015fim var\u00add\u0131r. Bu bir\u00adlik\u00adte\u00adki akt\u00f6r\u00adle\u00adrin her biri aktif ola\u00adrak Ani\u00adKa\u00ad\u2019\u00adn\u0131n g\u00f6r\u00fc\u00adn\u00fcr\u00adl\u00fc\u00ad\u011f\u00fc\u00adn\u00fc ve tan\u0131\u00adn\u0131r\u00adl\u0131\u00ad\u011f\u0131\u00adn\u0131 art\u00adt\u0131r\u00adma\u00ady\u0131 te\u015f\u00advik etmek\u00adte\u00addir. K\u00fcl\u00adt\u00fcr\u00adle\u00adra\u00adra\u00ads\u0131\u00adl\u0131k ve \u00e7e\u015fit\u00adli\u00adlik ve de \u00f6zg\u00fcr\u00adl\u00fc\u00ad\u011fe ve temel demok\u00adra\u00adtik de\u011fer\u00adle\u00adre ba\u011f\u00adl\u0131\u00adl\u0131k \u015f\u00fcpe\u00adsiz ki Ani\u00adKa\u00ad\u2019\u00adn\u0131n temel pren\u00adsip\u00adle\u00adri\u00addir. Ani\u00adKa, pro\u00adto\u00adkol part\u00adner\u00adle\u00adri\u00adnin ve g\u00f6\u00e7\u00admen\u00adle\u00adrin s\u00f6z\u00adc\u00fc\u00ads\u00fc ola\u00adrak onla\u00adr\u0131n poli\u00adti\u00adka\u00adda\u00adki etki\u00adsi\u00adni yani demok\u00adra\u00adsi\u00adye tam kat\u0131\u00adl\u0131m\u00adla\u00adr\u0131\u00adn\u0131n art\u00adma\u00ads\u0131\u00adn\u0131 desteklemektedir.&nbsp;<\/p>\n\n\n\n<ol class=\"wp-block-list\" start=\"2\"><li><strong>Neyi ba\u015far\u00admak isti\u00adyo\u00adruz? (Hedef)<\/strong><\/li><\/ol>\n\n\n\n<p> Ani\u00adKa\u00ad\u2019\u00adn\u0131n ama\u00adc\u0131 yeni g\u00f6\u00e7\u00admen\u00adle\u00adre basit ve a\u00e7\u0131k ola\u00adrak des\u00adtek ver\u00admek onla\u00adr\u0131n yeni evle\u00adri\u00adne uyum sa\u011f\u00adla\u00adma\u00adla\u00adr\u0131\u00adn\u0131 kolay\u00adla\u015f\u00adt\u0131r\u00admak\u00adt\u0131r. Ani\u00adKA basit\u00ad\u00e7e pro\u00adto\u00adkol part\u00adner\u00adle\u00adri\u00adnin hiz\u00admet\u00adle\u00adri\u00adnin \u015fef\u00adfaf\u00adl\u0131\u00adl\u0131\u00ad\u011f\u0131\u00adn\u0131 ve g\u00f6r\u00fc\u00adn\u00fcr\u00adl\u00fc\u00adg\u00fc\u00adn\u00fc art\u00adt\u0131\u00adr\u0131r. \u0130dari ve kamu\u00adsal ya\u015fam yap\u0131\u00adla\u00adr\u0131\u00adn\u0131 anla\u00ad\u015f\u0131\u00adl\u0131r hale geti\u00adrir. Bu ama\u00e7\u00adla, s\u00fcrek\u00adli ola\u00adrak yeni hiz\u00admet\u00adler d\u00fczen\u00adler ve yerel y\u00f6ne\u00adtim\u00adler\u00adle d\u00fczen\u00adli bil\u00adgi al\u0131\u015f\u00adve\u00adri\u00ad\u015fin\u00adde bulu\u00adnur. Ani\u00adKA, enteg\u00adras\u00adyon poli\u00adti\u00adka\u00ads\u0131 \u00fcze\u00adrin\u00adde \u00e7al\u0131\u00ad\u015fan akt\u00f6r\u00adler ve hiz\u00admet alan hedef grup\u00adla\u00adr\u0131 ara\u00adla\u00ads\u0131n\u00adda bir k\u00f6p\u00adr\u00fc g\u00f6re\u00advi g\u00f6r\u00adme\u00adyi ama\u00e7\u00adlar. Bu ama\u00e7\u00adla net\u00adwor\u00adking f\u0131r\u00adsa\u00adt\u0131 yara\u00adt\u0131r ve de g\u00f6\u00e7\u00admen\u00adle\u00adrin i\u015f yer\u00adle\u00adrin\u00adde kat\u00adma de\u011fe\u00adri y\u00fck\u00adsek ele\u00adman\u00adlar olma\u00ads\u0131\u00adn\u0131 sa\u011flar.&nbsp;<\/p>\n\n\n\n<ol class=\"wp-block-list\" start=\"3\"><li><strong>Hedef\u00adle\u00adre nas\u0131l ula\u015f\u00admak isti\u00adyo\u00adruz? (Temel prensipler)<\/strong><\/li><\/ol>\n\n\n\n<p> Ani\u00adKA, net yap\u0131\u00adla\u00adra ve \u015fef\u00adfaf karar alma kanal\u00adla\u00adr\u0131\u00adna sahip\u00adtir. A\u011f \u00fcze\u00adrin\u00adden kurum part\u00adner\u00adle\u00adri ara\u00ads\u0131n\u00adda s\u00fcrek\u00adli mes\u00adle\u00adki bil\u00adgi al\u0131\u015f\u00adve\u00adri\u00ad\u015fi yap\u0131l\u00adma\u00ads\u0131 ve de bunun pro\u00adto\u00adkol part\u00adner\u00adle\u00adri ara\u00ads\u0131n\u00adda en k\u0131sa yol\u00addan yap\u0131l\u00adma\u00ads\u0131 sa\u011flan\u0131r.&nbsp;<\/p>\n\n\n\n<p> D\u00fczen\u00adli yap\u0131\u00adlan bir\u00adlik top\u00adlan\u00adt\u0131\u00adla\u00adr\u0131n\u00adda yo\u011fun bir \u015fekil\u00adde mes\u00adle\u00adki alan\u00adlar\u00adda bil\u00adgi al\u0131\u015f veri\u00ad\u015fi ger\u00ad\u00e7ek\u00adle\u00ad\u015fir. Bura\u00adda ortak yak\u00adla\u00ad\u015f\u0131m karar\u00adla\u015f\u00adt\u0131\u00adr\u0131\u00adl\u0131p ortak konu\u00adlar geli\u015f\u00adti\u00adri\u00adle\u00adrek<br>temel g\u00f6rev\u00adler da\u011f\u0131\u00adt\u0131\u00adl\u0131r. \u00d6rne\u00ad\u011fin, i\u015f piya\u00adsa\u00ads\u0131, enteg\u00adras\u00adyon, y\u00f6ne\u00adtim yap\u0131\u00adla\u00adr\u0131 veya ida\u00adri g\u00f6rev , yet\u00adki ve sorum\u00adlu\u00adluk\u00adla\u00adr\u0131n anla\u00ad\u015f\u0131l\u00adma\u00ads\u0131 veya k\u00fcl\u00adt\u00fc\u00adrel e\u011fi\u00adtim gibi konu\u00adlar\u00adda \u00e7al\u0131\u015f\u00adma grup\u00adla\u00adr\u0131 olu\u015fturulabilir.&nbsp;<\/p>\n\n\n\n<p> Ani\u00adKA y\u00f6ne\u00adti\u00admi kurum top\u00adlan\u00adt\u0131\u00adla\u00adr\u0131\u00adn\u0131 Ani\u00adKA y\u00fcr\u00fct\u00adme kuru\u00adluy\u00adla yak\u0131n koor\u00addi\u00adnas\u00adyon ve i\u015fbir\u00adli\u00ad\u011fi i\u00e7in\u00adde ger\u00ad\u00e7ek\u00adle\u015f\u00adti\u00adrir ve sonu\u00e7\u00adla\u00adr\u0131 t\u00fcm Ani\u00adKA ortak\u00adla\u00adr\u0131\u00adna ile\u00adtir. Ani\u00adKA\u00ad\u2019\u00adn\u0131n hedef\u00adle\u00adri t\u00fcm pro\u00adto\u00adkol ortak\u00adla\u00adr\u0131 tara\u00adf\u0131n\u00addan des\u00adtek\u00adle\u00adnir ve bu part\u00adner\u00adler stra\u00adte\u00adji geli\u015f\u00adti\u00adril\u00adme\u00adsin\u00adde ve de Ani\u00adKA\u00ad\u2019\u00adn\u0131n \u00e7al\u0131\u015f\u00adma\u00adla\u00adr\u0131\u00adn\u0131n yay\u00adg\u0131n\u00adla\u015f\u00adt\u0131\u00adr\u0131l\u00adma\u00ads\u0131n\u00adda aktif ola\u00adrak yer&nbsp;al\u0131r.&nbsp;<\/p>\n\n\n\n<ol class=\"wp-block-list\" start=\"4\"><li><strong>Bir\u00adli\u00adge nas\u0131l \u00fcye olu\u00adnur? (\u00dcye\u00adlik ko\u015fullar\u0131)<\/strong><\/li><\/ol>\n\n\n\n<p> Karls\u00adru\u00adhe ken\u00adtin\u00adde g\u00f6\u00e7\u00admen\u00adlik ve enteg\u00adras\u00adyon\u00adla ba\u011f\u00adlan\u00adt\u0131\u00ads\u0131 olan Ani\u00adKa\u00ad\u2019\u00adn\u0131n ama\u00e7\u00adla\u00adr\u0131\u00adn\u0131 ve pren\u00adsip\u00adle\u00adri\u00adni benim\u00adse\u00adyen ve bu bir\u00adli\u00ad\u011fin \u00e7al\u0131\u015f\u00adma\u00adla\u00adr\u0131\u00adna d\u00fczen\u00adli ola\u00adrak kat\u0131l\u00adma\u00adya istek\u00adli her\u00adkes \u00fcye ola\u00adbi\u00adlir. \u0130\u015fb\u00adirl\u00adi\u011f\u00adin\u00adin teme\u00adlin\u00adde Ani\u00adKa\u00ad\u2019\u00adn\u0131n mis\u00adyo\u00adnu\u00adnun t\u00fcm \u00fcye\u00adler tara\u00adf\u0131n\u00addan des\u00adtek\u00adle\u00adnip ya\u015fa\u00adt\u0131l\u00adma\u00ads\u0131 vard\u0131r.&nbsp;<\/p>\n\n\n\n<p> Enteg\u00adras\u00adyon ortak\u00adla\u00adr\u0131, kurum\u00adlar, yet\u00adki\u00adli\u00adler, ajans\u00adlar, kul\u00fcp\u00adler, der\u00adnek\u00adler ve tica\u00adri olma\u00adyan di\u011fer bir\u00adlik\u00adler ola\u00adbi\u00adlir. Y\u00f6ne\u00adtim kuru\u00adlu yeni \u00fcye\u00adle\u00adre karar verir ve bu \u00fcye\u00adler Ani\u00adka-Web site\u00adsin\u00adde \u00f6zge\u00e7\u00admi\u015f\u00adle\u00adriy\u00adle bir\u00adlik\u00adte g\u00f6r\u00fclebilir.&nbsp;<\/p>\n\n\n\n<ol class=\"wp-block-list\" start=\"5\"><li><strong>\u0130s Bir\u00adlik\u00adle\u00adri<\/strong><\/li><\/ol>\n\n\n\n<p> Ani\u00adka fir\u00adma\u00adlar\u00adla, \u015fir\u00adket\u00adler\u00adle, vak\u0131f\u00adlar\u00adla i\u015fbir\u00adli\u00ad\u011fi ve ortak\u00adl\u0131k\u00adlar kurar. Bu i\u015fbir\u00adlik\u00adle\u00adri Ani\u00adKa\u00ad\u2019\u00adn\u0131n web site\u00adisn\u00adden g\u00f6r\u00fcn\u00adt\u00fc\u00adle\u00adne\u00adbi\u00adlir fakat bu kurum\u00adlar Ani\u00adka orga\u00adni\u00adzas\u00adyo\u00adnun bir \u00fcye\u00adsi de\u011fildir.&nbsp;<\/p>\n","protected":false},"excerpt":{"rendered":"<p>Neyi tem\u00adsil edi\u00adyo\u00adruz? (Kurum kim\u00adli\u00ad\u011fi) Ani\u00adKA \u2011Karls\u00adru\u00adhe\u00ad\u2019\u00adye var\u0131\u015f, Karls\u00adru\u00adhe \u015feh\u00adrin\u00adde enteg\u00adras\u00adyon poli\u00adti\u00adka\u00adla\u00adr\u0131 kap\u00adsa\u00adm\u0131n\u00adda \u00e7al\u0131\u00ad\u015fan\u00adla\u00adr\u0131n olu\u015f\u00adtur\u00addu\u00ad\u011fu bir pro\u00adto\u00adkol\u00add\u00fcr. Ani\u00adKA\u00ad\u2019\u00adn\u0131n ama\u00adc\u0131, Karlsruhe\u2019nin yeni gelen\u00adle\u00adri kar\u00ad\u015f\u0131\u00adla\u00adma yap\u0131\u00ads\u0131\u00adn\u0131 daha da geli\u015f\u00adtir\u00admek ve \u201cKarlsruhe\u2019ye enteg\u00adras\u00adyon&nbsp;<a class=\"moretag\" href=\"https:\/\/www.anika-net.de\/tr\/hakkimizda\/anikanin-organizasyon-semasi\/\">daha faz\u00adla okuyun<\/a><\/p>\n","protected":false},"author":3,"featured_media":31850,"parent":15784,"menu_order":21,"comment_status":"closed","ping_status":"closed","template":"","meta":{"_acf_changed":false,"inline_featured_image":false,"_uag_custom_page_level_css":"","wp_typography_post_enhancements_disabled":false,"footnotes":""},"class_list":["post-1709","page","type-page","status-publish","has-post-thumbnail","hentry"],"acf":[],"featured_image_urls_v2":{"full":["https:\/\/www.anika-net.de\/wp-content\/uploads\/2023\/02\/Leitbild-02.png",2000,1111,false],"thumbnail":["https:\/\/www.anika-net.de\/wp-content\/uploads\/2023\/02\/Leitbild-02-150x150.png",150,150,true],"medium":["https:\/\/www.anika-net.de\/wp-content\/uploads\/2023\/02\/Leitbild-02-300x167.png",300,167,true],"medium_large":["https:\/\/www.anika-net.de\/wp-content\/uploads\/2023\/02\/Leitbild-02-768x427.png",640,356,true],"large":["https:\/\/www.anika-net.de\/wp-content\/uploads\/2023\/02\/Leitbild-02-1024x569.png",640,356,true],"1536x1536":["https:\/\/www.anika-net.de\/wp-content\/uploads\/2023\/02\/Leitbild-02-1536x853.png",1536,853,true],"2048x2048":["https:\/\/www.anika-net.de\/wp-content\/uploads\/2023\/02\/Leitbild-02.png",2000,1111,false],"event-overview":["https:\/\/www.anika-net.de\/wp-content\/uploads\/2023\/02\/Leitbild-02-960x640.png",960,640,true],"event-archive-thumb":["https:\/\/www.anika-net.de\/wp-content\/uploads\/2023\/02\/Leitbild-02-480x267.png",480,267,true],"grid-item-thumbnail":["https:\/\/www.anika-net.de\/wp-content\/uploads\/2023\/02\/Leitbild-02-360x200.png",360,200,true],"network-partner-icon":["https:\/\/www.anika-net.de\/wp-content\/uploads\/2023\/02\/Leitbild-02-100x100.png",100,100,true],"organiser-icon":["https:\/\/www.anika-net.de\/wp-content\/uploads\/2023\/02\/Leitbild-02-200x200.png",200,200,true],"gform-image-choice-sm":["https:\/\/www.anika-net.de\/wp-content\/uploads\/2023\/02\/Leitbild-02.png",300,167,false],"gform-image-choice-md":["https:\/\/www.anika-net.de\/wp-content\/uploads\/2023\/02\/Leitbild-02.png",400,222,false],"gform-image-choice-lg":["https:\/\/www.anika-net.de\/wp-content\/uploads\/2023\/02\/Leitbild-02.png",600,333,false]},"post_excerpt_stackable_v2":"<p>Neyi tem\u00adsil edi\u00adyo\u00adruz? (Kurum kim\u00adli\u00ad\u011fi) Ani\u00adKA \u2011Karls\u00adru\u00adhe\u00ad\u2019\u00adye var\u0131\u015f, Karls\u00adru\u00adhe \u015feh\u00adrin\u00adde enteg\u00adras\u00adyon poli\u00adti\u00adka\u00adla\u00adr\u0131 kap\u00adsa\u00adm\u0131n\u00adda \u00e7al\u0131\u00ad\u015fan\u00adla\u00adr\u0131n olu\u015f\u00adtur\u00addu\u00ad\u011fu bir pro\u00adto\u00adkol\u00add\u00fcr. Ani\u00adKA\u00ad\u2019\u00adn\u0131n ama\u00adc\u0131, Karlsruhe\u2019nin yeni gelen\u00adle\u00adri kar\u00ad\u015f\u0131\u00adla\u00adma yap\u0131\u00ads\u0131\u00adn\u0131 daha da geli\u015f\u00adtir\u00admek ve \u201cKarlsruhe\u2019ye enteg\u00adras\u00adyon s\u00fcre\u00adci\u00adnin\u201d tamam\u00adlan\u00adma\u00ads\u0131\u00adn\u0131 sa\u011flamakt\u0131r.AniKA, Karls\u00adru\u00adhe\u00ad\u2019\u00adnin (yeni) g\u00f6\u00e7\u00admen\u00adler i\u00e7in cazi\u00adbe mer\u00adke\u00adzi ola\u00adrak alg\u0131\u00adlan\u00adma\u00ads\u0131\u00adn\u0131 te\u015f\u00advik etmek\u00adte ve t\u00fcm yeni gelen\u00adler i\u00e7in her konu\u00adda h\u0131z\u00adl\u0131 ve kap\u00adsam\u00adl\u0131 bil\u00adgi\u00adlen\u00addir\u00adme ve de en uygun imkan\u00adla\u00adr\u0131n sa\u011f\u00adlan\u00adma\u00ads\u0131n\u00adda ilk temas nok\u00adta\u00ads\u0131 olma\u00ady\u0131 iste\u00admek\u00adte\u00addir.&nbsp; u kurum, Karls\u00adru\u00adhe \u015feh\u00adrin\u00adde g\u00f6\u00e7\u00admen\u00adler\u00adle temas halin\u00adde olan t\u00fcm ilgi\u00adli ki\u015fi\u00adle\u00adri bir ara\u00adya getir\u00adme\u00adyi iste\u00admek\u00adte\u00addir. Bu pro\u00adto\u00adkol kap\u00adsa\u00adm\u0131n\u00adda t\u00fcm pro\u00adto\u00adkol part\u00adner\u00adle\u00adri ken\u00addi i\u015f alan\u00adla\u00adr\u0131y\u00adla ilgi\u00adli konu\u00adlar\u00adda bil\u00adgi al\u0131\u015f\u00adve\u00adri\u00ad\u015fi yapmaktad\u0131r.Ya\u015fayan ve \u00f6\u011fre\u00adnen bu kuru\u00admun mer\u00adke\u00adzin\u00adde d\u00fczenli\u2026<\/p>\n","category_list_v2":"","author_info_v2":{"name":"Eva Geerken","url":"https:\/\/www.anika-net.de\/tr\/author\/egeerken\/"},"comments_num_v2":"0 comments","uagb_featured_image_src":{"full":["https:\/\/www.anika-net.de\/wp-content\/uploads\/2023\/02\/Leitbild-02.png",2000,1111,false],"thumbnail":["https:\/\/www.anika-net.de\/wp-content\/uploads\/2023\/02\/Leitbild-02-150x150.png",150,150,true],"medium":["https:\/\/www.anika-net.de\/wp-content\/uploads\/2023\/02\/Leitbild-02-300x167.png",300,167,true],"medium_large":["https:\/\/www.anika-net.de\/wp-content\/uploads\/2023\/02\/Leitbild-02-768x427.png",640,356,true],"large":["https:\/\/www.anika-net.de\/wp-content\/uploads\/2023\/02\/Leitbild-02-1024x569.png",640,356,true],"1536x1536":["https:\/\/www.anika-net.de\/wp-content\/uploads\/2023\/02\/Leitbild-02-1536x853.png",1536,853,true],"2048x2048":["https:\/\/www.anika-net.de\/wp-content\/uploads\/2023\/02\/Leitbild-02.png",2000,1111,false],"event-overview":["https:\/\/www.anika-net.de\/wp-content\/uploads\/2023\/02\/Leitbild-02-960x640.png",960,640,true],"event-archive-thumb":["https:\/\/www.anika-net.de\/wp-content\/uploads\/2023\/02\/Leitbild-02-480x267.png",480,267,true],"grid-item-thumbnail":["https:\/\/www.anika-net.de\/wp-content\/uploads\/2023\/02\/Leitbild-02-360x200.png",360,200,true],"network-partner-icon":["https:\/\/www.anika-net.de\/wp-content\/uploads\/2023\/02\/Leitbild-02-100x100.png",100,100,true],"organiser-icon":["https:\/\/www.anika-net.de\/wp-content\/uploads\/2023\/02\/Leitbild-02-200x200.png",200,200,true],"gform-image-choice-sm":["https:\/\/www.anika-net.de\/wp-content\/uploads\/2023\/02\/Leitbild-02.png",300,167,false],"gform-image-choice-md":["https:\/\/www.anika-net.de\/wp-content\/uploads\/2023\/02\/Leitbild-02.png",400,222,false],"gform-image-choice-lg":["https:\/\/www.anika-net.de\/wp-content\/uploads\/2023\/02\/Leitbild-02.png",600,333,false]},"uagb_author_info":{"display_name":"Eva Geerken","author_link":"https:\/\/www.anika-net.de\/tr\/author\/egeerken\/"},"uagb_comment_info":0,"uagb_excerpt":"Neyi tem\u00adsil edi\u00adyo\u00adruz? (Kurum kimli\u011fi) Ani\u00adKA \u2011Karls\u00adru\u00adhe\u00ad\u2019\u00adye var\u0131\u015f, Karls\u00adru\u00adhe \u015feh\u00adrin\u00adde enteg\u00adras\u00adyon poli\u00adti\u00adka\u00adla\u00adr\u0131 kap\u00adsa\u00adm\u0131n\u00adda \u00e7al\u0131\u00ad\u015fan\u00adla\u00adr\u0131n olu\u015f\u00adtur\u00addu\u00ad\u011fu bir pro\u00adto\u00adkol\u00add\u00fcr. Ani\u00adKA\u00ad\u2019\u00adn\u0131n ama\u00adc\u0131, Karlsruhe\u2019nin yeni gelen\u00adle\u00adri kar\u00ad\u015f\u0131\u00adla\u00adma yap\u0131\u00ads\u0131\u00adn\u0131 daha da geli\u015f\u00adtir\u00admek ve \u201cKarlsruhe\u2019ye enteg\u00adras\u00adyon&nbsp;daha fazla okuyun","_links":{"self":[{"href":"https:\/\/www.anika-net.de\/tr\/wp-json\/wp\/v2\/pages\/1709","targetHints":{"allow":["GET"]}}],"collection":[{"href":"https:\/\/www.anika-net.de\/tr\/wp-json\/wp\/v2\/pages"}],"about":[{"href":"https:\/\/www.anika-net.de\/tr\/wp-json\/wp\/v2\/types\/page"}],"author":[{"embeddable":true,"href":"https:\/\/www.anika-net.de\/tr\/wp-json\/wp\/v2\/users\/3"}],"replies":[{"embeddable":true,"href":"https:\/\/www.anika-net.de\/tr\/wp-json\/wp\/v2\/comments?post=1709"}],"version-history":[{"count":0,"href":"https:\/\/www.anika-net.de\/tr\/wp-json\/wp\/v2\/pages\/1709\/revisions"}],"up":[{"embeddable":true,"href":"https:\/\/www.anika-net.de\/tr\/wp-json\/wp\/v2\/pages\/15784"}],"wp:featuredmedia":[{"embeddable":true,"href":"https:\/\/www.anika-net.de\/tr\/wp-json\/wp\/v2\/media\/31850"}],"wp:attachment":[{"href":"https:\/\/www.anika-net.de\/tr\/wp-json\/wp\/v2\/media?parent=1709"}],"curies":[{"name":"wp","href":"https:\/\/api.w.org\/{rel}","templated":true}]}}