{"id":7304,"date":"2021-05-21T14:13:39","date_gmt":"2021-05-21T12:13:39","guid":{"rendered":"https:\/\/www.anika-net.de\/sosirea\/munca-in-karlsruhe\/obtaining-a-work-permit-for-non-eu-citizens\/"},"modified":"2024-07-03T11:17:12","modified_gmt":"2024-07-03T09:17:12","slug":"obtinerea-unui-permis-de-munca-arbeitserlaubnis","status":"publish","type":"page","link":"https:\/\/www.anika-net.de\/ro\/sosirea\/munca-in-karlsruhe\/obtinerea-unui-permis-de-munca-arbeitserlaubnis\/","title":{"rendered":"Ob\u021bi\u00adne\u00adrea unui per\u00admis de mun\u00adc\u0103 (pen\u00adtru cet\u0103\u00ad\u021be\u00adnii din afa\u00adra&nbsp;UE)"},"content":{"rendered":"\n<p>Dac\u0103 vi se per\u00admi\u00adte s\u0103 lucra\u021bi \u00een Ger\u00adma\u00adnia depin\u00adde de <strong><em>Aufen\u00adthalt\u00adsti\u00adtel <\/em>(per\u00admi\u00adsul<\/strong> de \u0219ede\u00adre).<br>Per\u00admi\u00adsul de \u0219ede\u00adre se afl\u0103 \u00een pa\u0219a\u00adpor\u00adtul dum\u00adne\u00ada\u00advoas\u00adtr\u0103. Aceas\u00adta afec\u00adtea\u00adz\u0103 sta\u00adtu\u00adtul <em>Arbe\u00adit\u00adser\u00adlau\u00adb\u00adnis<\/em> (per\u00admi\u00adsul de&nbsp;munc\u0103):<\/p>\n\n<ul class=\"wp-block-list\">\n<li>Cet\u0103\u00ad\u021be\u00adnii UE pot lucra \u00een Ger\u00adma\u00adnia, c\u0103u\u00adta un loc de mun\u00adc\u0103 sau des\u00adf\u0103\u00ad\u0219u\u00adra o acti\u00advi\u00adta\u00adte inde\u00adpen\u00adden\u00adt\u0103 f\u0103r\u0103 auto\u00adri\u00adza\u00ad\u021bie prealabil\u0103.<\/li>\n\n\n\n<li>Dac\u0103 nu a\u021bi soli\u00adci\u00adtat un per\u00admis de mun\u00adc\u0103 prin inter\u00adme\u00addi\u00adul unei vize \u00een \u021bara de ori\u00adgi\u00adne, tre\u00adbu\u00adie s\u0103 depu\u00adne\u021bi o cere\u00adre la <em>Ausl\u00e4n\u00adder\u00adbe\u00adh\u00f6r\u00adde<\/em> (Ofi\u00adci\u00adul de \u00eenre\u00adgis\u00adtra\u00adre a str\u0103\u00adi\u00adni\u00adlor) din Karlsruhe.<\/li>\n<\/ul>\n\n<h2 class=\"wp-block-heading\"><span style=\"color: #0c8672;\" class=\"stk-highlight\">Soli\u00adci\u00adta\u021bi un per\u00admis de \u0219edere<\/span><\/h2>\n\n<ul class=\"wp-block-list\">\n<li><span style=\"color: #0c9878;\" class=\"stk-highlight\"><strong>Cere\u00adre prin e\u2011mail<\/strong> <\/span>- <strong>(V\u0103 rug\u0103m s\u0103 nu tri\u00admi\u00adte\u021bi fi\u0219i\u00ade\u00adre ori\u00adgi\u00adna\u00adle, ci doar copii sca\u00adna\u00adte)<\/strong><br>V\u0103 rug\u0103m s\u0103 tri\u00admi\u00adte\u021bi cere\u00adrea com\u00adple\u00adta\u00adt\u0103 \u0219i sem\u00adna\u00adt\u0103, \u00eempre\u00adu\u00adn\u0103 cu docu\u00admen\u00adte\u00adle nece\u00adsa\u00adre, \u00een timp util, \u00eena\u00adin\u00adte de data expi\u00adr\u0103\u00adrii, ca fi\u0219i\u00ader PDF, prin e\u2011mail la adre\u00adsa: <strong>abh@oa.karlsruhe.de<\/strong><\/li>\n\n\n\n<li><strong><span style=\"color: #0c9878;\" class=\"stk-highlight\">Cere\u00adre prin po\u0219\u00adt\u0103 sau prin l\u0103sa\u00adrea \u00een cutia po\u0219\u00adta\u00adl\u0103<\/span><\/strong><br>Adre\u00adsa: Ausl\u00e4n\u00adder\u00adbe\u00adh\u00f6r\u00adde, Kai\u00adse\u00adra\u00adl\u00adlee 8, 76133 Karlsruhe.<\/li>\n<\/ul>\n\n<div class=\"wp-block-stackable-columns stk-block-columns stk-block stk-76427eb\" data-block-id=\"76427eb\"><style>.stk-76427eb{margin-bottom:0px !important}<\/style><div class=\"stk-row stk-inner-blocks stk-block-content stk-content-align stk-76427eb-column\">\n<div class=\"wp-block-stackable-column stk-block-column stk-column stk-block stk-2fbe8e7\" data-v=\"4\" data-block-id=\"2fbe8e7\"><style>@media screen and (min-width:901px){.stk-2fbe8e7{flex:var(--stk-flex-grow,1) 1 33.3% !important}}<\/style><div class=\"stk-column-wrapper stk-block-column__content stk-container stk-2fbe8e7-container stk--no-background stk--no-padding\"><div class=\"stk-block-content stk-inner-blocks stk-2fbe8e7-inner-blocks\">\n<figure class=\"wp-block-image size-full\"><img decoding=\"async\" width=\"412\" height=\"563\" src=\"https:\/\/www.anika-net.de\/wp-content\/uploads\/2024\/07\/Antrag-aufenthaltserlaubnis.png\" alt class=\"wp-image-51027\" srcset=\"https:\/\/www.anika-net.de\/wp-content\/uploads\/2024\/07\/Antrag-aufenthaltserlaubnis.png 412w, https:\/\/www.anika-net.de\/wp-content\/uploads\/2024\/07\/Antrag-aufenthaltserlaubnis-220x300.png 220w\" sizes=\"(max-width: 412px) 100vw, 412px\"><\/figure>\n<\/div><\/div><\/div>\n\n\n\n<div class=\"wp-block-stackable-column stk-block-column stk-column stk-block stk-65789c6\" data-v=\"4\" data-block-id=\"65789c6\"><style>@media screen and (min-width:901px){.stk-65789c6{flex:var(--stk-flex-grow,1) 1 66.7% !important}}<\/style><div class=\"stk-column-wrapper stk-block-column__content stk-container stk-65789c6-container stk--no-background stk--no-padding\"><div class=\"stk-block-content stk-inner-blocks stk-65789c6-inner-blocks\">\n<p>\ud83d\udcdd <strong>\n  <a href=\"https:\/\/www.anika-net.de\/wp-content\/uploads\/2024\/07\/Antrag_auf_Erteilung_einer_Aufenthaltserlaubnis.pdf\">Cere\u00adre pen\u00adtru un per\u00admis de \u0219edere<\/a>\n<\/strong><br>\ud83d\udcbb <strong>\n  <a href=\"https:\/\/pdf.form-solutions.net\/metaform\/Form-Solutions\/?2&amp;releaseUserId=08212000-0001-0000&amp;releaseID=51de7e040cf2699d1b84cc07&amp;releaseOrganizationID=08212000-0001&amp;assistant=AS_100002&amp;translation=false&amp;storable=true&amp;fileUrl=https%253A%252F%252Fpdf.form-solutions.net%252Fmetaform%252FForm-Solutions%252Fsid%252Fassistant%252F51de7e040cf2699d1b84cc07%253Fconsent_type%253DNONE&amp;oID=22222222-2222&amp;consent_type=NONE&amp;kdnr=08212000-0001\" rel=\"noopener\">Cere\u00adre pen\u00adtru un per\u00admis de \u0219ede\u00adre (onli\u00adne)<\/a>\n<\/strong><\/p>\n<\/div><\/div><\/div>\n<\/div><\/div>\n\n<h3 class=\"wp-block-heading\">\u270d\ud83c\udffd\ufe0f<span style=\"color: #0ca290;\" class=\"stk-highlight\">\n  <a href=\"https:\/\/www.anika-net.de\/wp-content\/uploads\/2023\/09\/Auslaenderbehoerde_Englisch.pdf\">Docu\u00admen\u00adte nece\u00adsa\u00adre pen\u00adtru depu\u00adne\u00adrea cererii<\/a>\n<\/span><\/h3>\n\n<p>Auto\u00adri\u00adta\u00adtea pen\u00adtru str\u0103\u00adini veri\u00adfi\u00adc\u0103 cere\u00adrea. Dac\u0103 lip\u00adsesc docu\u00admen\u00adte, aces\u00adtea vor fi soli\u00adci\u00adta\u00adte. Soli\u00adci\u00adtan\u00ad\u021bii vor pri\u00admi apoi ini\u00ad\u021bial un per\u00admis de \u0219ede\u00adre tem\u00adpo\u00adra\u00adr\u0103. Aceas\u00adta pre\u00adve\u00adde&nbsp;c\u0103:<\/p>\n\n<ul class=\"wp-block-list\">\n<li>A fost depu\u00ads\u0103 o cere\u00adre pen\u00adtru un per\u00admis de \u0219ede\u00adre \u00een con\u00adfor\u00admi\u00adta\u00adte cu arti\u00adco\u00adlul 24 din Legea pri\u00advind \u0219ede\u00adrea. Acest lucru per\u00admi\u00adte soli\u00adci\u00adtan\u00adtu\u00adlui s\u0103 pri\u00admeas\u00adc\u0103 pres\u00adta\u00ad\u021bii soci\u00ada\u00adle \u00een con\u00adfor\u00admi\u00adta\u00adte cu Legea pri\u00advind pres\u00adta\u00ad\u021bi\u00adi\u00adle pen\u00adtru soli\u00adci\u00adtan\u00ad\u021bii de azil (Asy\u00adlum See\u00adkers Bene\u00adfits&nbsp;Act).<\/li>\n\n\n\n<li>Ocu\u00adpa\u00adrea unui loc de mun\u00adc\u0103 remu\u00adne\u00adrat este permis\u0103.<\/li>\n<\/ul>\n\n<p>\u2757The <em>\n  <strong>\u201cFik\u00adtion\u00adsbes\u00adche\u00adi\u00adni\u00adgu\u00adng\u201d<\/strong>\n<\/em> (per\u00admis de \u0219ede\u00adre tem\u00adpo\u00adra\u00adr\u0103) este de obi\u00adcei <strong>vala\u00adbil pen\u00adtru \u0219ase luni<\/strong> \u0219i poa\u00adte fi pre\u00adlun\u00adgit.<br><strong>Este impor\u00adtant<\/strong> ca nume\u00adle soli\u00adci\u00adtan\u00adtu\u00adlui s\u0103 figu\u00adre\u00adze pe cutia po\u0219tal\u0103.<\/p>\n\n<div class=\"wp-block-stackable-icon-box stk-block-icon-box stk-block stk-89df0e0\" data-v=\"2\" data-block-id=\"89df0e0\"><div class=\"stk-block-content stk-inner-blocks stk-block-icon-box__content stk-container stk-89df0e0-container stk--no-background stk--no-padding\">\n<div class=\"wp-block-stackable-icon-label stk-block-icon-label stk-block stk-80821ff\" data-block-id=\"80821ff\"><style>.stk-80821ff{margin-bottom:0px !important}<\/style><div class=\"stk-row stk-inner-blocks stk-block-content\">\n<div class=\"wp-block-stackable-icon stk-block-icon has-text-align-left stk-block stk-15874ee\" data-block-id=\"15874ee\"><span class=\"stk--svg-wrapper\"><div class=\"stk--inner-svg\"><svg style=\"height:0;width:0\"><defs><linearGradient id=\"linear-gradient-15874ee\" x1=\"0\" x2=\"100%\" y1=\"0\" y2=\"0\"><stop offset=\"0%\" style=\"stop-opacity:1;stop-color:var(--linear-gradient-15874-ee-color-1)\" \/><stop offset=\"100%\" style=\"stop-opacity:1;stop-color:var(--linear-gradient-15874-ee-color-2)\" \/><\/linearGradient><\/defs><\/svg><svg viewBox=\"0 0 192 512\" aria-hidden=\"true\" width=\"32\" height=\"32\"><path d=\"M20 424.229h20V279.771H20c-11.046 0-20-8.954-20-20V212c0-11.046 8.954-20 20-20h112c11.046 0 20 8.954 20 20v212.229h20c11.046 0 20 8.954 20 20V492c0 11.046-8.954 20-20 20H20c-11.046 0-20-8.954-20-20v-47.771c0-11.046 8.954-20 20-20zM96 0C56.235 0 24 32.235 24 72s32.235 72 72 72 72-32.235 72-72S135.764 0 96 0z\" \/><\/svg><\/div><\/span><\/div>\n\n\n\n<div class=\"wp-block-stackable-heading stk-block-heading stk-block-heading--v2 stk-block stk-f4065f5\" id=\"span-style-color-0-aa-295-class-stk-highlight-access-to-the-labor-market-span\" data-block-id=\"f4065f5\"><h3 class=\"stk-block-heading__text\"><span style=\"color: #0aa295;\" class=\"stk-highlight\">Acce\u00adsul la pia\u00ad\u021ba muncii<\/span><\/h3><\/div>\n<\/div><\/div>\n\n\n\n<div class=\"wp-block-stackable-text stk-block-text stk-block stk-6862a09 stk-block-background\" data-block-id=\"6862a09\"><style>.stk-6862a09{background-color:#00000014 !important}.stk-6862a09:before{background-color:#00000014 !important}<\/style><p class=\"stk-block-text__text\">Agen\u00ad\u021bia fede\u00adra\u00adl\u0103 pen\u00adtru ocu\u00adpa\u00adrea for\u00ad\u021bei de mun\u00adc\u0103 a sintetizat&nbsp;<a href=\"https:\/\/www.arbeitsagentur.de\/fuer-menschen-aus-dem-ausland\/voraussetzungen-arbeiten-in-deutschland\" rel=\"noopener\">\n  <strong>infor\u00adma\u00ad\u021bii impor\u00adtan\u00adte pen\u00adtru per\u00adsoa\u00adne\u00adle din str\u0103\u00adi\u00adn\u0103\u00adta\u00adte care doresc s\u0103 lucre\u00adze \u00een Germania.<\/strong>\n<\/a><\/p><\/div>\n<\/div><\/div>\n\n<div class=\"wp-block-stackable-columns stk-block-columns stk-block stk-11f1064\" data-block-id=\"11f1064\"><div class=\"stk-row stk-inner-blocks stk-block-content stk-content-align stk-11f1064-column\">\n<div class=\"wp-block-stackable-column stk-block-column stk-column stk-block stk-8cc321c\" data-v=\"4\" data-block-id=\"8cc321c\"><div class=\"stk-column-wrapper stk-block-column__content stk-container stk-8cc321c-container stk--no-background stk--no-padding\"><div class=\"stk-block-content stk-inner-blocks stk-8cc321c-inner-blocks\">\n<p><strong>Unde?<\/strong><br><strong>Ausl\u00e4n\u00adder\u00adbe\u00adh\u00f6r\u00adde<\/strong><br>Ord\u00adnun\u00adgs- und B\u00fcr\u00adge\u00adramt<br>Kai\u00adse\u00adra\u00adl\u00adlee 8<br>76133 Karl\u00adsru\u00adhe<br>Eta\u00adjul&nbsp;2<\/p>\n<\/div><\/div><\/div>\n\n\n\n<div class=\"wp-block-stackable-column stk-block-column stk-column stk-block stk-2efd7dc\" data-v=\"4\" data-block-id=\"2efd7dc\"><div class=\"stk-column-wrapper stk-block-column__content stk-container stk-2efd7dc-container stk--no-background stk--no-padding\"><div class=\"stk-block-content stk-inner-blocks stk-2efd7dc-inner-blocks\">\n<p><strong>Ce ar tre\u00adbui s\u0103 iau cu&nbsp;mine?<\/strong><\/p>\n\n\n\n<div class=\"wp-block-kioken-visual-list kb-icon-list-items kb-icon-list-items_eef31e-53 kb-icon-list-columns-1 alignnone\"><ul class=\"kb-icon-list\"><li class=\"kb-icon-list-style-default kt_flex_aligncenter kb-icon-list-item-wrap kb-icon-list-item-0\"><div style=\"display:inline-flex;justify-content:center;align-items:center\" class=\"kb-icon-list-single kb-icon-list-single-fe_arrowRightCircle\"><svg viewBox=\"0 0 24 24\" height=\"20\" width=\"20\" fill=\"none\" stroke=\"currentColor\" stroke-width=\"2\" stroke-linecap=\"round\" stroke-linejoin=\"round\" style=\"fill:none;display:inline-block;vertical-align:middle\" aria-hidden=\"true\"><circle cx=\"12\" cy=\"12\" r=\"10\" \/><polyline points=\"12 16 16 12 12 8\" \/><line x1=\"8\" y1=\"12\" x2=\"16\" y2=\"12\" \/><\/svg><\/div><span class=\"kb-icon-list-text\">Car\u00adte de iden\u00adti\u00adta\u00adte sau pa\u0219aport<\/span><\/li><li class=\"kb-icon-list-style-default kt_flex_aligncenter kb-icon-list-item-wrap kb-icon-list-item-1\"><div style=\"display:inline-flex;justify-content:center;align-items:center\" class=\"kb-icon-list-single kb-icon-list-single-fe_arrowRightCircle\"><svg viewBox=\"0 0 24 24\" height=\"20\" width=\"20\" fill=\"none\" stroke=\"currentColor\" stroke-width=\"2\" stroke-linecap=\"round\" stroke-linejoin=\"round\" style=\"fill:none;display:inline-block;vertical-align:middle\" aria-hidden=\"true\"><circle cx=\"12\" cy=\"12\" r=\"10\" \/><polyline points=\"12 16 16 12 12 8\" \/><line x1=\"8\" y1=\"12\" x2=\"16\" y2=\"12\" \/><\/svg><\/div><span class=\"kb-icon-list-text\">Con\u00adfir\u00adma\u00adrea \u00eenregistr\u0103rii<\/span><\/li><\/ul><\/div>\n<\/div><\/div><\/div>\n\n\n\n<div class=\"wp-block-stackable-column stk-block-column stk-column stk-block stk-797ac7c\" data-v=\"4\" data-block-id=\"797ac7c\"><div class=\"stk-column-wrapper stk-block-column__content stk-container stk-797ac7c-container stk--no-background stk--no-padding\"><div class=\"stk-block-content stk-inner-blocks stk-797ac7c-inner-blocks\">\n<p><strong>Ce pri\u00admesc?<\/strong><\/p>\n\n\n\n<div class=\"wp-block-kioken-visual-list kb-icon-list-items kb-icon-list-items_66d725-8f kb-icon-list-columns-1 alignnone\"><ul class=\"kb-icon-list\"><li class=\"kb-icon-list-style-default kt_flex_aligncenter kb-icon-list-item-wrap kb-icon-list-item-0\"><div style=\"display:inline-flex;justify-content:center;align-items:center\" class=\"kb-icon-list-single kb-icon-list-single-fe_arrowRightCircle\"><svg viewBox=\"0 0 24 24\" height=\"20\" width=\"20\" fill=\"none\" stroke=\"currentColor\" stroke-width=\"2\" stroke-linecap=\"round\" stroke-linejoin=\"round\" style=\"fill:none;display:inline-block;vertical-align:middle\" aria-hidden=\"true\"><circle cx=\"12\" cy=\"12\" r=\"10\" \/><polyline points=\"12 16 16 12 12 8\" \/><line x1=\"8\" y1=\"12\" x2=\"16\" y2=\"12\" \/><\/svg><\/div><span class=\"kb-icon-list-text\">Per\u00admis de \u0219ede\u00adre, per\u00admis de \u0219ede\u00adre \u00een sco\u00adpuri spe\u00adci\u00adfi\u00adce sau alte certificate<\/span><\/li><\/ul><\/div>\n<\/div><\/div><\/div>\n<\/div><\/div>\n","protected":false},"excerpt":{"rendered":"<p>Dac\u0103 vi se per\u00admi\u00adte s\u0103 lucra\u021bi \u00een Ger\u00adma\u00adnia depin\u00adde de Aufen\u00adthalt\u00adsti\u00adtel (per\u00admi\u00adsul de \u0219ede\u00adre).Per\u00admi\u00adsul de \u0219ede\u00adre se afl\u0103 \u00een pa\u0219a\u00adpor\u00adtul dum\u00adne\u00ada\u00advoas\u00adtr\u0103. Aceas\u00adta afec\u00adtea\u00adz\u0103 sta\u00adtu\u00adtul Arbe\u00adit\u00adser\u00adlau\u00adb\u00adnis (per\u00admi\u00adsul de&nbsp;mun\u00adc\u0103): Soli\u00adci\u00adta\u021bi un per\u00admis&nbsp;<a class=\"moretag\" href=\"https:\/\/www.anika-net.de\/ro\/sosirea\/munca-in-karlsruhe\/obtinerea-unui-permis-de-munca-arbeitserlaubnis\/\">Citi\u021bi mai&nbsp;mult<\/a><\/p>\n","protected":false},"author":1,"featured_media":0,"parent":7299,"menu_order":11,"comment_status":"closed","ping_status":"closed","template":"","meta":{"_acf_changed":false,"inline_featured_image":false,"_uag_custom_page_level_css":"","wp_typography_post_enhancements_disabled":false,"footnotes":""},"class_list":["post-7304","page","type-page","status-publish","hentry"],"acf":[],"featured_image_urls_v2":{"full":"","thumbnail":"","medium":"","medium_large":"","large":"","1536x1536":"","2048x2048":"","event-overview":"","event-archive-thumb":"","grid-item-thumbnail":"","network-partner-icon":"","organiser-icon":"","gform-image-choice-sm":"","gform-image-choice-md":"","gform-image-choice-lg":""},"post_excerpt_stackable_v2":"<p>Dac\u0103 vi se per\u00admi\u00adte s\u0103 lucra\u021bi \u00een Ger\u00adma\u00adnia depin\u00adde de Aufen\u00adthalt\u00adsti\u00adtel (per\u00admi\u00adsul de \u0219ede\u00adre).Per\u00admi\u00adsul de \u0219ede\u00adre se afl\u0103 \u00een pa\u0219a\u00adpor\u00adtul dum\u00adne\u00ada\u00advoas\u00adtr\u0103. Aceas\u00adta afec\u00adtea\u00adz\u0103 sta\u00adtu\u00adtul Arbe\u00adit\u00adser\u00adlau\u00adb\u00adnis (per\u00admi\u00adsul de&nbsp;mun\u00adc\u0103): Cet\u0103\u00ad\u021be\u00adnii UE pot lucra \u00een Ger\u00adma\u00adnia, c\u0103u\u00adta un loc de mun\u00adc\u0103 sau des\u00adf\u0103\u00ad\u0219u\u00adra o acti\u00advi\u00adta\u00adte inde\u00adpen\u00adden\u00adt\u0103 f\u0103r\u0103 auto\u00adri\u00adza\u00ad\u021bie pre\u00ada\u00adla\u00adbi\u00adl\u0103. Dac\u0103 nu a\u021bi soli\u00adci\u00adtat un per\u00admis de mun\u00adc\u0103 prin inter\u00adme\u00addi\u00adul unei vize \u00een \u021bara de ori\u00adgi\u00adne, tre\u00adbu\u00adie s\u0103 depu\u00adne\u021bi o cere\u00adre la Ausl\u00e4n\u00adder\u00adbe\u00adh\u00f6r\u00adde (Ofi\u00adci\u00adul de \u00eenre\u00adgis\u00adtra\u00adre a str\u0103\u00adi\u00adni\u00adlor) din Karl\u00adsru\u00adhe. Soli\u00adci\u00adta\u021bi un per\u00admis de \u0219ede\u00adre Cere\u00adre prin e\u2011mail \u2014 (V\u0103 rug\u0103m s\u0103 nu tri\u00admi\u00adte\u021bi fi\u0219i\u00ade\u00adre ori\u00adgi\u00adna\u00adle, ci doar copii sca\u00adna\u00adte)V\u0103 rug\u0103m s\u0103 tri\u00admi\u00adte\u021bi cererea\u2026<\/p>\n","category_list_v2":"","author_info_v2":{"name":"saasweb-admin","url":"https:\/\/www.anika-net.de\/ro\/author\/saasweb-admin\/"},"comments_num_v2":"0 comments","uagb_featured_image_src":{"full":false,"thumbnail":false,"medium":false,"medium_large":false,"large":false,"1536x1536":false,"2048x2048":false,"event-overview":false,"event-archive-thumb":false,"grid-item-thumbnail":false,"network-partner-icon":false,"organiser-icon":false,"gform-image-choice-sm":false,"gform-image-choice-md":false,"gform-image-choice-lg":false},"uagb_author_info":{"display_name":"saasweb-admin","author_link":"https:\/\/www.anika-net.de\/ro\/author\/saasweb-admin\/"},"uagb_comment_info":0,"uagb_excerpt":"Dac\u0103 vi se per\u00admi\u00adte s\u0103 lucra\u021bi \u00een Ger\u00adma\u00adnia depin\u00adde de Aufen\u00adthalt\u00adsti\u00adtel (per\u00admi\u00adsul de \u0219ede\u00adre).Per\u00admi\u00adsul de \u0219ede\u00adre se afl\u0103 \u00een pa\u0219a\u00adpor\u00adtul dum\u00adne\u00ada\u00advoas\u00adtr\u0103. Aceas\u00adta afec\u00adtea\u00adz\u0103 sta\u00adtu\u00adtul Arbe\u00adit\u00adser\u00adlau\u00adb\u00adnis (per\u00admi\u00adsul de&nbsp;munc\u0103): Soli\u00adci\u00adta\u021bi un per\u00admis&nbsp;Citi\u021bi mai mult","_links":{"self":[{"href":"https:\/\/www.anika-net.de\/ro\/wp-json\/wp\/v2\/pages\/7304","targetHints":{"allow":["GET"]}}],"collection":[{"href":"https:\/\/www.anika-net.de\/ro\/wp-json\/wp\/v2\/pages"}],"about":[{"href":"https:\/\/www.anika-net.de\/ro\/wp-json\/wp\/v2\/types\/page"}],"author":[{"embeddable":true,"href":"https:\/\/www.anika-net.de\/ro\/wp-json\/wp\/v2\/users\/1"}],"replies":[{"embeddable":true,"href":"https:\/\/www.anika-net.de\/ro\/wp-json\/wp\/v2\/comments?post=7304"}],"version-history":[{"count":0,"href":"https:\/\/www.anika-net.de\/ro\/wp-json\/wp\/v2\/pages\/7304\/revisions"}],"up":[{"embeddable":true,"href":"https:\/\/www.anika-net.de\/ro\/wp-json\/wp\/v2\/pages\/7299"}],"wp:attachment":[{"href":"https:\/\/www.anika-net.de\/ro\/wp-json\/wp\/v2\/media?parent=7304"}],"curies":[{"name":"wp","href":"https:\/\/api.w.org\/{rel}","templated":true}]}}