{"id":7282,"date":"2021-05-21T14:26:56","date_gmt":"2021-05-21T12:26:56","guid":{"rendered":"https:\/\/www.anika-net.de\/sosirea\/cont-bancar-cont-curent\/open-a-bank-account\/"},"modified":"2021-10-13T16:45:14","modified_gmt":"2021-10-13T14:45:14","slug":"cont-curent","status":"publish","type":"page","link":"https:\/\/www.anika-net.de\/ro\/sosirea\/cont-bancar-cont-curent\/cont-curent\/","title":{"rendered":"Cont curent"},"content":{"rendered":"\n<p>\u00cen Ger\u00adma\u00adnia ave\u021bi nevo\u00adie de un cont ban\u00adcar \u2013 de pre\u00adfe\u00adrat un cont curent. Din acest cont pute\u021bi vira chi\u00adria sau aici v\u0103 poa\u00adte fi virat sala\u00adri\u00adul sau alte bene\u00adfi\u00adcii. \u00cel pute\u021bi des\u00adchi\u00adde la ori\u00adce ban\u00adc\u0103 sau cec <em>(Spar\u00adka\u00ads\u00adse)<\/em> dori\u021bi. \u00centre\u00adba\u00ad\u0163i la dife\u00adri\u00adte b\u0103nci: Une\u00adle b\u0103nci per\u00adcep un comi\u00adsion lunar pen\u00adtru admi\u00adnis\u00adtra\u00adrea con\u00adtu\u00adlui. \u00centre\u00adba\u021bi c\u00e2t de mare este <em>comi\u00adsio\u00adnul de admi\u00adnis\u00adtra\u00adre a con\u00adtu\u00adlui<\/em> <strong><em>(Kon\u00adto\u00adf\u00fchrun\u00adgs\u00adge\u00adb\u00fchr)<\/em><\/strong>.<\/p>\n\n\n\n<p><strong>Ce acte s\u0103 adu\u00adce\u0163i cu&nbsp;Dvs.?<\/strong><\/p>\n\n\n\n<p>Pen\u00adtru des\u00adchi\u00adde\u00adrea con\u00adtu\u00adlui ban\u00adcar ave\u021bi nevo\u00adie de actul Dvs. de iden\u00adti\u00adta\u00adte, pa\u0219a\u00adpor\u00adtul de c\u0103l\u0103\u00adto\u00adrie \u0219i\/sau titlul de \u0219ede\u00adre <em>(Aufen\u00adthalt\u00adsti\u00adtel)<\/em>.<\/p>\n\n\n\n<ul class=\"wp-block-list\"><li>Sfat: V\u0103 rug\u0103m s\u0103 lua\u021bi \u00een con\u00adsi\u00adde\u00adra\u00adre c\u0103 pot fi per\u00adce\u00adpu\u00adte comi\u00adsi\u00adoa\u00adne dac\u0103 ridi\u00adca\u021bi bani de la alte b\u0103nci. Este util s\u0103 v\u0103 infor\u00adma\u021bi de la care alte b\u0103nci pute\u021bi ridi\u00adca bani f\u0103r\u0103 comision.<\/li><\/ul>\n\n\n\n<ul class=\"wp-block-list\"><li>V\u0103 rug\u0103m s\u0103 anun\u00ad\u021ba\u021bi b\u0103n\u00adcii noua Dvs. adre\u00ads\u0103 \u00een cazul \u00een care v\u0103 muta\u021bi.<\/li><\/ul>\n\n\n\n<p><\/p>\n","protected":false},"excerpt":{"rendered":"<p>\u00cen Ger\u00adma\u00adnia ave\u021bi nevo\u00adie de un cont ban\u00adcar \u2013 de pre\u00adfe\u00adrat un cont curent. Din acest cont pute\u021bi vira chi\u00adria sau aici v\u0103 poa\u00adte fi virat sala\u00adri\u00adul sau alte bene\u00adfi\u00adcii.&nbsp;<a class=\"moretag\" href=\"https:\/\/www.anika-net.de\/ro\/sosirea\/cont-bancar-cont-curent\/cont-curent\/\">Citi\u021bi mai&nbsp;mult<\/a><\/p>\n","protected":false},"author":1,"featured_media":0,"parent":7280,"menu_order":0,"comment_status":"closed","ping_status":"closed","template":"","meta":{"_acf_changed":false,"inline_featured_image":false,"_uag_custom_page_level_css":"","wp_typography_post_enhancements_disabled":false,"footnotes":""},"class_list":["post-7282","page","type-page","status-publish","hentry"],"acf":[],"featured_image_urls_v2":{"full":"","thumbnail":"","medium":"","medium_large":"","large":"","1536x1536":"","2048x2048":"","event-overview":"","event-archive-thumb":"","grid-item-thumbnail":"","network-partner-icon":"","organiser-icon":"","gform-image-choice-sm":"","gform-image-choice-md":"","gform-image-choice-lg":""},"post_excerpt_stackable_v2":"<p>\u00cen Ger\u00adma\u00adnia ave\u021bi nevo\u00adie de un cont ban\u00adcar \u2013 de pre\u00adfe\u00adrat un cont curent. Din acest cont pute\u021bi vira chi\u00adria sau aici v\u0103 poa\u00adte fi virat sala\u00adri\u00adul sau alte bene\u00adfi\u00adcii. \u00cel pute\u021bi des\u00adchi\u00adde la ori\u00adce ban\u00adc\u0103 sau cec (Spar\u00adka\u00ads\u00adse) dori\u021bi. \u00centre\u00adba\u00ad\u0163i la dife\u00adri\u00adte b\u0103nci: Une\u00adle b\u0103nci per\u00adcep un comi\u00adsion lunar pen\u00adtru admi\u00adnis\u00adtra\u00adrea con\u00adtu\u00adlui. \u00centre\u00adba\u021bi c\u00e2t de mare este comi\u00adsio\u00adnul de admi\u00adnis\u00adtra\u00adre a con\u00adtu\u00adlui (Kon\u00adto\u00adf\u00fchrun\u00adgs\u00adge\u00adb\u00fchr). Ce acte s\u0103 adu\u00adce\u0163i cu&nbsp;Dvs.? Pen\u00adtru des\u00adchi\u00adde\u00adrea con\u00adtu\u00adlui ban\u00adcar ave\u021bi nevo\u00adie de actul Dvs. de iden\u00adti\u00adta\u00adte, pa\u0219a\u00adpor\u00adtul de c\u0103l\u0103\u00adto\u00adrie \u0219i\/sau titlul de \u0219ede\u00adre (Aufen\u00adthalt\u00adsti\u00adtel). Sfat: V\u0103 rug\u0103m s\u0103 lua\u021bi \u00een con\u00adsi\u00adde\u00adra\u00adre c\u0103 pot fi per\u00adce\u00adpu\u00adte comisioane\u2026<\/p>\n","category_list_v2":"","author_info_v2":{"name":"saasweb-admin","url":"https:\/\/www.anika-net.de\/ro\/author\/saasweb-admin\/"},"comments_num_v2":"0 comments","uagb_featured_image_src":{"full":false,"thumbnail":false,"medium":false,"medium_large":false,"large":false,"1536x1536":false,"2048x2048":false,"event-overview":false,"event-archive-thumb":false,"grid-item-thumbnail":false,"network-partner-icon":false,"organiser-icon":false,"gform-image-choice-sm":false,"gform-image-choice-md":false,"gform-image-choice-lg":false},"uagb_author_info":{"display_name":"saasweb-admin","author_link":"https:\/\/www.anika-net.de\/ro\/author\/saasweb-admin\/"},"uagb_comment_info":0,"uagb_excerpt":"\u00cen Ger\u00adma\u00adnia ave\u021bi nevo\u00adie de un cont ban\u00adcar \u2013 de pre\u00adfe\u00adrat un cont curent. Din acest cont pute\u021bi vira chi\u00adria sau aici v\u0103 poa\u00adte fi virat sala\u00adri\u00adul sau alte bene\u00adfi\u00adcii.&nbsp;Citi\u021bi mai mult","_links":{"self":[{"href":"https:\/\/www.anika-net.de\/ro\/wp-json\/wp\/v2\/pages\/7282","targetHints":{"allow":["GET"]}}],"collection":[{"href":"https:\/\/www.anika-net.de\/ro\/wp-json\/wp\/v2\/pages"}],"about":[{"href":"https:\/\/www.anika-net.de\/ro\/wp-json\/wp\/v2\/types\/page"}],"author":[{"embeddable":true,"href":"https:\/\/www.anika-net.de\/ro\/wp-json\/wp\/v2\/users\/1"}],"replies":[{"embeddable":true,"href":"https:\/\/www.anika-net.de\/ro\/wp-json\/wp\/v2\/comments?post=7282"}],"version-history":[{"count":0,"href":"https:\/\/www.anika-net.de\/ro\/wp-json\/wp\/v2\/pages\/7282\/revisions"}],"up":[{"embeddable":true,"href":"https:\/\/www.anika-net.de\/ro\/wp-json\/wp\/v2\/pages\/7280"}],"wp:attachment":[{"href":"https:\/\/www.anika-net.de\/ro\/wp-json\/wp\/v2\/media?parent=7282"}],"curies":[{"name":"wp","href":"https:\/\/api.w.org\/{rel}","templated":true}]}}