{"id":7267,"date":"2021-05-21T14:11:25","date_gmt":"2021-05-21T12:11:25","guid":{"rendered":"https:\/\/www.anika-net.de\/sosirea\/accomodation\/registering-for-tv-and-radio-licence-fee\/"},"modified":"2021-10-13T16:27:58","modified_gmt":"2021-10-13T14:27:58","slug":"inregistrarea-redeventei-pentru-serviciile-audiovizuale-rundfunkbeitrag","status":"publish","type":"page","link":"https:\/\/www.anika-net.de\/ro\/sosirea\/accomodation\/inregistrarea-redeventei-pentru-serviciile-audiovizuale-rundfunkbeitrag\/","title":{"rendered":"\u00cenre\u00adgis\u00adtra\u00adrea rede\u00adven\u00ad\u021bei pen\u00adtru ser\u00advi\u00adci\u00adi\u00adle audi\u00ado\u00advi\u00adzu\u00ada\u00adle (Run\u00add\u00adfu\u00adn\u00adk\u00adbe\u00adi\u00adtrag)"},"content":{"rendered":"\n<p><strong><strong>Ce \u00eenseam\u00adn\u0103?<\/strong> <\/strong>Cet\u0103\u00ad\u021be\u00adne\u00adle \u0219i cet\u0103\u00ad\u021be\u00adnii din Ger\u00adma\u00adnia care au pes\u00adte 18 ani \u0219i de\u021bin un radio, un tele\u00advi\u00adzor sau un com\u00adpu\u00adter au obli\u00adga\u00ad\u021bia de a pl\u0103ti o a\u0219a-numi\u00adt\u0103 <em>rede\u00adven\u00ad\u021b\u0103 pen\u00adtru ser\u00advi\u00adci\u00adi\u00adle audi\u00ado\u00advi\u00adzu\u00ada\u00adle<\/em>. Cu aceas\u00adt\u0103 rede\u00adven\u00ad\u021b\u0103 sunt sus\u00ad\u021bi\u00adnu\u00adte pro\u00adgra\u00adme\u00adle radi\u00ado\u00addi\u00adfu\u00adziu\u00adnii publice.<\/p>\n\n\n\n<p class=\"has-black-color has-light-green-cyan-background-color has-text-color has-background\">Cana\u00adle\u00adle radi\u00ado\u00addi\u00adfu\u00adziu\u00adnii publi\u00adce sunt, de exem\u00adplu, ARD, ZDF sau SWR. Ele sunt \u00eens\u0103r\u00adci\u00adna\u00adte s\u0103 ofe\u00adre \u0219tiri \u0219i pro\u00adgra\u00adme inde\u00adpen\u00adden\u00adte, obiec\u00adti\u00adve \u0219i nepar\u00adti\u00adza\u00adne. Rede\u00adven\u00ad\u021ba sau taxa pen\u00adtru radi\u00ado\u00addi\u00adfu\u00adziu\u00adnea publi\u00adc\u0103 spri\u00adji\u00adn\u0103 pre\u00adsa libe\u00adr\u0103, care este impor\u00adtan\u00adt\u0103 \u00eentr\u2011o democra\u021bie.<\/p>\n\n\n\n<p><strong>C\u00e2t cos\u00adt\u0103?<\/strong> Rede\u00adven\u00ad\u021ba pen\u00adtru ser\u00advi\u00adci\u00adi\u00adle audi\u00ado\u00advi\u00adzu\u00ada\u00adle este \u00een pre\u00adzent de 17,50 euro lunar sau 52,50 euro tri\u00admes\u00adtri\u00adal pen\u00adtru fie\u00adca\u00adre locu\u00adin\u00ad\u021b\u0103 \u2013 indi\u00adfe\u00adrent de c\u00e2te per\u00adsoa\u00adne locu\u00adiesc aco\u00adlo sau de c\u00e2te apa\u00adra\u00adte exis\u00adt\u0103 \u00een locu\u00adin\u00ad\u021b\u0103. Tre\u00adbu\u00adie s\u0103 achi\u00adta\u021bi rede\u00adven\u00ad\u021ba pen\u00adtru ser\u00advi\u00adci\u00adi\u00adle audi\u00ado\u00advi\u00adzu\u00ada\u00adle din pri\u00adma luna \u00een care sun\u00adte\u021bi \u00eenregistrat.<\/p>\n\n\n\n<p>Anu\u00admi\u00adte gru\u00adpuri de per\u00adsoa\u00adne, de ex. per\u00adsoa\u00adne care ob\u021bin aju\u00adtoa\u00adre soci\u00ada\u00adle sau per\u00adsoa\u00adne cu han\u00addi\u00adcap, nu tre\u00adbu\u00adie s\u0103 achi\u00adte rede\u00adven\u00ad\u021ba pen\u00adtru ser\u00advi\u00adci\u00adi\u00adle audi\u00ado\u00advi\u00adzu\u00ada\u00adle sau pri\u00admesc o redu\u00adce\u00adre. \u00centre\u00adba\u021bi care vari\u00adan\u00adt\u0103 vi se aplic\u0103!<\/p>\n\n\n\n<p><strong>Cum m\u0103 \u00eenre\u00adgis\u00adtrez?<\/strong> G\u0103si\u021bi for\u00admu\u00adla\u00adrul de \u00eenre\u00adgis\u00adtra\u00adre onli\u00adne la <a href=\"http:\/\/www.rundfunkbeitrag.de\" rel=\"noopener\">www.rundfunkbeitrag.de<\/a>. V\u0103 rug\u0103m s\u0103 expe\u00addi\u00ada\u021bi docu\u00admen\u00adtul com\u00adple\u00adtat \u0219i sem\u00adnat, \u00eempre\u00adu\u00adn\u0103 cu dove\u00adzi\u00adle nece\u00adsa\u00adre la \u201e<strong>ARD ZDF Deut\u00adsch\u00adlan\u00addra\u00addio, Bei\u00adtra\u00adgs\u00adser\u00advi\u00adce<\/strong>, 50656&nbsp;K\u00f6ln\u201c.<\/p>\n","protected":false},"excerpt":{"rendered":"<p>Ce \u00eenseam\u00adn\u0103? Cet\u0103\u00ad\u021be\u00adne\u00adle \u0219i cet\u0103\u00ad\u021be\u00adnii din Ger\u00adma\u00adnia care au pes\u00adte 18 ani \u0219i de\u021bin un radio, un tele\u00advi\u00adzor sau un com\u00adpu\u00adter au obli\u00adga\u00ad\u021bia de a pl\u0103ti o a\u0219a-numi\u00ad\u00ad\u00adt\u0103 rede\u00adven\u00ad\u021b\u0103 pen\u00adtru&nbsp;<a class=\"moretag\" href=\"https:\/\/www.anika-net.de\/ro\/sosirea\/accomodation\/inregistrarea-redeventei-pentru-serviciile-audiovizuale-rundfunkbeitrag\/\">Citi\u021bi mai&nbsp;mult<\/a><\/p>\n","protected":false},"author":1,"featured_media":0,"parent":7213,"menu_order":43,"comment_status":"closed","ping_status":"closed","template":"","meta":{"_acf_changed":false,"inline_featured_image":false,"_uag_custom_page_level_css":"","wp_typography_post_enhancements_disabled":false,"footnotes":""},"class_list":["post-7267","page","type-page","status-publish","hentry"],"acf":[],"featured_image_urls_v2":{"full":"","thumbnail":"","medium":"","medium_large":"","large":"","1536x1536":"","2048x2048":"","event-overview":"","event-archive-thumb":"","grid-item-thumbnail":"","network-partner-icon":"","organiser-icon":"","gform-image-choice-sm":"","gform-image-choice-md":"","gform-image-choice-lg":""},"post_excerpt_stackable_v2":"<p>Ce \u00eenseam\u00adn\u0103? Cet\u0103\u00ad\u021be\u00adne\u00adle \u0219i cet\u0103\u00ad\u021be\u00adnii din Ger\u00adma\u00adnia care au pes\u00adte 18 ani \u0219i de\u021bin un radio, un tele\u00advi\u00adzor sau un com\u00adpu\u00adter au obli\u00adga\u00ad\u021bia de a pl\u0103ti o a\u0219a-numi\u00ad\u00ad\u00adt\u0103 rede\u00adven\u00ad\u021b\u0103 pen\u00adtru ser\u00advi\u00adci\u00adi\u00adle audi\u00ado\u00advi\u00adzu\u00ada\u00adle. Cu aceas\u00adt\u0103 rede\u00adven\u00ad\u021b\u0103 sunt sus\u00ad\u021bi\u00adnu\u00adte pro\u00adgra\u00adme\u00adle radi\u00ado\u00addi\u00adfu\u00adziu\u00adnii publi\u00adce. Cana\u00adle\u00adle radi\u00ado\u00addi\u00adfu\u00adziu\u00adnii publi\u00adce sunt, de exem\u00adplu, ARD, ZDF sau SWR. Ele sunt \u00eens\u0103r\u00adci\u00adna\u00adte s\u0103 ofe\u00adre \u0219tiri \u0219i pro\u00adgra\u00adme inde\u00adpen\u00adden\u00adte, obiec\u00adti\u00adve \u0219i nepar\u00adti\u00adza\u00adne. Rede\u00adven\u00ad\u021ba sau taxa pen\u00adtru radi\u00ado\u00addi\u00adfu\u00adziu\u00adnea publi\u00adc\u0103 spri\u00adji\u00adn\u0103 pre\u00adsa libe\u00adr\u0103, care este impor\u00adtan\u00adt\u0103 \u00eentr\u2011o demo\u00adcra\u00ad\u021bie. C\u00e2t cos\u00adt\u0103? Rede\u00adven\u00ad\u021ba pen\u00adtru ser\u00advi\u00adci\u00adi\u00adle audi\u00ado\u00advi\u00adzu\u00ada\u00adle este \u00een pre\u00adzent de 17,50 euro lunar sau 52,50 euro tri\u00admes\u00adtri\u00adal pen\u00adtru fie\u00adca\u00adre locu\u00adin\u00ad\u021b\u0103 \u2013 indi\u00adfe\u00adrent de&nbsp;c\u00e2te\u2026<\/p>\n","category_list_v2":"","author_info_v2":{"name":"saasweb-admin","url":"https:\/\/www.anika-net.de\/ro\/author\/saasweb-admin\/"},"comments_num_v2":"0 comments","uagb_featured_image_src":{"full":false,"thumbnail":false,"medium":false,"medium_large":false,"large":false,"1536x1536":false,"2048x2048":false,"event-overview":false,"event-archive-thumb":false,"grid-item-thumbnail":false,"network-partner-icon":false,"organiser-icon":false,"gform-image-choice-sm":false,"gform-image-choice-md":false,"gform-image-choice-lg":false},"uagb_author_info":{"display_name":"saasweb-admin","author_link":"https:\/\/www.anika-net.de\/ro\/author\/saasweb-admin\/"},"uagb_comment_info":0,"uagb_excerpt":"Ce \u00eenseam\u00adn\u0103? Cet\u0103\u00ad\u021be\u00adne\u00adle \u0219i cet\u0103\u00ad\u021be\u00adnii din Ger\u00adma\u00adnia care au pes\u00adte 18 ani \u0219i de\u021bin un radio, un tele\u00advi\u00adzor sau un com\u00adpu\u00adter au obli\u00adga\u00ad\u021bia de a pl\u0103ti o a\u0219a-numi\u00adt\u0103 rede\u00adven\u00ad\u021b\u0103 pen\u00adtru&nbsp;Citi\u021bi mai mult","_links":{"self":[{"href":"https:\/\/www.anika-net.de\/ro\/wp-json\/wp\/v2\/pages\/7267","targetHints":{"allow":["GET"]}}],"collection":[{"href":"https:\/\/www.anika-net.de\/ro\/wp-json\/wp\/v2\/pages"}],"about":[{"href":"https:\/\/www.anika-net.de\/ro\/wp-json\/wp\/v2\/types\/page"}],"author":[{"embeddable":true,"href":"https:\/\/www.anika-net.de\/ro\/wp-json\/wp\/v2\/users\/1"}],"replies":[{"embeddable":true,"href":"https:\/\/www.anika-net.de\/ro\/wp-json\/wp\/v2\/comments?post=7267"}],"version-history":[{"count":0,"href":"https:\/\/www.anika-net.de\/ro\/wp-json\/wp\/v2\/pages\/7267\/revisions"}],"up":[{"embeddable":true,"href":"https:\/\/www.anika-net.de\/ro\/wp-json\/wp\/v2\/pages\/7213"}],"wp:attachment":[{"href":"https:\/\/www.anika-net.de\/ro\/wp-json\/wp\/v2\/media?parent=7267"}],"curies":[{"name":"wp","href":"https:\/\/api.w.org\/{rel}","templated":true}]}}