{"id":7263,"date":"2021-05-21T14:11:02","date_gmt":"2021-05-21T12:11:02","guid":{"rendered":"https:\/\/www.anika-net.de\/sosirea\/accomodation\/applying-for-housing-benefits\/"},"modified":"2025-07-15T13:26:06","modified_gmt":"2025-07-15T11:26:06","slug":"ajutor-pentru-locuinta","status":"publish","type":"page","link":"https:\/\/www.anika-net.de\/ro\/sosirea\/accomodation\/ajutor-pentru-locuinta\/","title":{"rendered":"Soli\u00adci\u00adta\u021bi bene\u00adfi\u00adcii pen\u00adtru locuin\u021b\u0103"},"content":{"rendered":"\n<h4 class=\"wp-block-heading\"><strong><em>\ud83c\udfe0<\/em><\/strong> <strong><em>Sub\u00adven\u00ad\u021bio\u00adna\u00adrea chi\u00adri\u00adei pen\u00adtru per\u00adsoa\u00adne\u00adle cu veni\u00adturi reduse<\/em><\/strong><\/h4>\n\n<p>Per\u00adsoa\u00adne\u00adle cu veni\u00adturi mici pot soli\u00adci\u00adta <strong>aju\u00adtor<\/strong> pen\u00adtru <strong>locu\u00adin\u00ad\u021b\u0103 (<strong><em>Wohn\u00adgeld<\/em>)<\/strong><\/strong>. Aceas\u00adta este o pla\u00adt\u0103 care <strong>v\u0103 sub\u00adven\u00ad\u021bio\u00adnea\u00adz\u0103 chi\u00adria<\/strong>.<br>Pri\u00admi\u021bi aju\u00adtor pen\u00adtru locu\u00adin\u00ad\u021b\u0103 dac\u0103 nu ave\u021bi veni\u00adturi sufi\u00adcien\u00adte pen\u00adtru a v\u0103 pl\u0103ti locu\u00adin\u00ad\u021ba. Aju\u00adto\u00adrul pen\u00adtru locu\u00adin\u00ad\u021b\u0103 pen\u00adtru chi\u00adri\u00ada\u0219i se nume\u0219\u00adte sub\u00adven\u00ad\u021bie pen\u00adtru chi\u00adrie, iar aju\u00adto\u00adrul pen\u00adtru locu\u00adin\u00ad\u021b\u0103 pen\u00adtru pro\u00adpri\u00ade\u00adta\u00adrii de locu\u00adin\u00ad\u021be ocu\u00adpa\u00adte de pro\u00adpri\u00ade\u00adtari se nume\u0219\u00adte sub\u00adven\u00ad\u021bie pen\u00adtru sarcini.&nbsp;<\/p>\n\n<p><strong>Suma:<\/strong><br>Depin\u00adde de fie\u00adca\u00adre caz \u00een par\u00adte.<br>Se bazea\u00adz\u0103 pe m\u0103ri\u00admea gos\u00adpo\u00add\u0103\u00adri\u00adei, venit \u0219i chi\u00adrie sau&nbsp;taxe.<\/p>\n\n<p><strong>Dura\u00adta:<\/strong><br>\u00cen gene\u00adral, timp de 12&nbsp;luni.<\/p>\n\n<p>\u00cen cazuri indi\u00advi\u00addu\u00ada\u00adle, aceas\u00adt\u0103 peri\u00adoa\u00add\u0103 poa\u00adte fi mai lun\u00adg\u0103 sau mai scur\u00adt\u0103.<br>Dac\u0103 dori\u021bi s\u0103 con\u00adti\u00adnu\u00ada\u021bi s\u0103 pri\u00admi\u021bi aju\u00adtor pen\u00adtru locu\u00adin\u00ad\u021b\u0103 dup\u0103 aceas\u00adt\u0103 peri\u00adoa\u00add\u0103, tre\u00adbu\u00adie s\u0103 depu\u00adne\u021bi o nou\u0103 cerere.<\/p>\n\n<details class=\"wp-block-stackable-accordion stk-block-accordion stk-inner-blocks stk-block-content stk-block stk-97401e7 is-style-default\" data-block-id=\"97401e7\">\n<summary class=\"wp-block-stackable-column stk-block-column stk-column stk-block stk-ec3d4c4 stk--container-small stk-block-accordion__heading\" data-v=\"4\" data-block-id=\"ec3d4c4\"><div class=\"stk-column-wrapper stk-block-column__content stk-container stk-ec3d4c4-container stk-hover-parent\"><div class=\"stk-block-content stk-inner-blocks stk-ec3d4c4-inner-blocks\">\n<div class=\"wp-block-stackable-icon-label stk-block-icon-label stk-block stk-061f3bd\" data-block-id=\"061f3bd\"><div class=\"stk-row stk-inner-blocks stk-block-content\">\n<div class=\"wp-block-stackable-heading stk-block-heading stk-block-heading--v2 stk-block stk-41c071a\" id=\"span-style-color-158-b-83-class-stk-highlight-prerequisites-span\" data-block-id=\"41c071a\"><h4 class=\"stk-block-heading__text\"><span style=\"color: #158b83;\" class=\"stk-highlight\">Con\u00addi\u00ad\u021bii prealabile<\/span><\/h4><\/div>\n\n\n\n<div class=\"wp-block-stackable-icon stk-block-icon stk-block stk-ad14b10\" data-block-id=\"ad14b10\"><span class=\"stk--svg-wrapper\"><div class=\"stk--inner-svg\"><svg style=\"height:0;width:0\"><defs><linearGradient id=\"linear-gradient-ad14b10\" x1=\"0\" x2=\"100%\" y1=\"0\" y2=\"0\"><stop offset=\"0%\" style=\"stop-opacity:1;stop-color:var(--linear-gradient-ad-14-b-10-color-1)\" \/><stop offset=\"100%\" style=\"stop-opacity:1;stop-color:var(--linear-gradient-ad-14-b-10-color-2)\" \/><\/linearGradient><\/defs><\/svg><svg data-prefix=\"fas\" data-icon=\"chevron-down\" class=\"svg-inline--fa fa-chevron-down fa-w-14\" viewBox=\"0 0 448 512\" aria-hidden=\"true\" width=\"32\" height=\"32\"><path fill=\"currentColor\" d=\"M207.029 381.476L12.686 187.132c-9.373-9.373-9.373-24.569 0-33.941l22.667-22.667c9.357-9.357 24.522-9.375 33.901-.04L224 284.505l154.745-154.021c9.379-9.335 24.544-9.317 33.901.04l22.667 22.667c9.373 9.373 9.373 24.569 0 33.941L240.971 381.476c-9.373 9.372-24.569 9.372-33.942 0z\" \/><\/svg><\/div><\/span><\/div>\n<\/div><\/div>\n<\/div><\/div><\/summary>\n\n\n\n<div class=\"wp-block-stackable-column stk-block-column stk-column stk-block stk-d453f4a stk-block-accordion__content\" data-v=\"4\" data-block-id=\"d453f4a\"><div class=\"stk-column-wrapper stk-block-column__content stk-container stk-d453f4a-container stk--no-background stk--no-padding\"><div class=\"stk-block-content stk-inner-blocks stk-d453f4a-inner-blocks\">\n<div class=\"wp-block-stackable-text stk-block-text stk-block stk-17a8b1c\" data-block-id=\"17a8b1c\"><p class=\"stk-block-text__text\">\ud83c\udfe0 Pute\u021bi pri\u00admi aju\u00adtor pen\u00adtru locu\u00adin\u00ad\u021b\u0103&nbsp;dac\u0103:<\/p><\/div>\n\n\n\n<ul class=\"wp-block-list\">\n<li><strong>Veni\u00adtul<\/strong> dvs. <strong>total<\/strong> nu este prea&nbsp;mare.<\/li>\n\n\n\n<li>Veni\u00adtul este cal\u00adcu\u00adlat \u00een con\u00adfor\u00admi\u00adta\u00adte cu <strong>Legea pri\u00advind impo\u00adzi\u00adtul pe venit<\/strong>. Impor\u00adtant este c\u00e2t de mare <strong>este veni\u00adtul impo\u00adza\u00adbil pe<\/strong> care \u00eel ave\u021bi. Sunt inclu\u00adse \u0219i une\u00adle <strong>veni\u00adturi neim\u00adpo\u00adza\u00adbi\u00adle<\/strong>.  <\/li>\n\n\n\n<li>V\u0103 pl\u0103ti\u021bi sin\u00adgur chi\u00adria. Dac\u0103 alt\u00adci\u00adne\u00adva (de exem\u00adplu, un birou) v\u0103 pl\u0103\u00adte\u0219\u00adte chi\u00adria, nu ve\u021bi pri\u00admi alo\u00adca\u00ad\u021bie pen\u00adtru locuin\u021b\u0103.&nbsp;<\/li>\n<\/ul>\n\n\n\n<p>\u274c <strong>Cine nu pri\u00adme\u0219\u00adte aju\u00adtor pen\u00adtru locu\u00adin\u00ad\u021b\u0103?<\/strong><br>Per\u00adsoa\u00adne\u00adle care pri\u00admesc deja alte aju\u00adtoa\u00adre de stat, de exem\u00adplu, nu pri\u00admesc aju\u00adtor pen\u00adtru locuin\u021b\u0103:<\/p>\n\n\n\n<ul class=\"wp-block-list\">\n<li><strong>Indem\u00adni\u00adza\u00ad\u021bie de cet\u0103\u00ad\u021bean<\/strong> \u2014 <em>B\u00fcr\u00adger\u00adgeld<\/em> (fos\u00adtul aju\u00adtor de \u0219omaj II sau aju\u00adtor social)<\/li>\n\n\n\n<li>Indem\u00adni\u00adza\u00ad\u021bie tranzi\u00adto\u00adrie sau indem\u00adni\u00adza\u00ad\u021bie pen\u00adtru v\u0103t\u0103\u00adm\u0103ri cor\u00adpo\u00adra\u00adle \u00een ace\u00adla\u0219i cuan\u00adtum ca alo\u00adca\u00ad\u021bia pen\u00adtru cet\u0103\u021beni<\/li>\n\n\n\n<li><strong>Sub\u00adven\u00ad\u021bii pen\u00adtru chi\u00adrie<\/strong> pen\u00adtru sta\u00adgi\u00adari sau studen\u021bi<\/li>\n\n\n\n<li><strong>Spri\u00adjin pen\u00adtru veni\u00adtul de baz\u0103 la b\u0103tr\u00e2\u00adne\u00ad\u021be<\/strong> sau \u00een caz de capa\u00adci\u00adta\u00adte de c\u00e2\u0219tig redus\u0103<\/li>\n\n\n\n<li><strong>Asis\u00adten\u00ad\u021b\u0103 pen\u00adtru chel\u00adtu\u00adie\u00adli\u00adle de \u00eentre\u021binere<\/strong><\/li>\n\n\n\n<li><strong>Aju\u00adtor \u00een cen\u00adtre\u00adle de \u00eengri\u00adji\u00adre<\/strong>, \u00een cazul \u00een care hra\u00adna \u0219i caza\u00adrea sunt pl\u0103ti\u00adte&nbsp;acolo<\/li>\n\n\n\n<li>Pres\u00adta\u00ad\u021bii \u00een teme\u00adiul Legii pri\u00advind pres\u00adta\u00ad\u021bi\u00adi\u00adle pen\u00adtru soli\u00adci\u00adtan\u00ad\u021bii de azil (Asy\u00adlum See\u00adkers Bene\u00adfits&nbsp;Act)<\/li>\n\n\n\n<li><strong>Asis\u00adten\u00ad\u021ba<\/strong> soci\u00ada\u00adl\u0103 <strong>pen\u00adtru copii \u0219i tineri<\/strong>, \u00een cazul \u00een care numai ast\u00adfel de per\u00adsoa\u00adne locu\u00adiesc \u00een gospod\u0103rie.<\/li>\n<\/ul>\n<\/div><\/div><\/div>\n<\/details>\n\n<h2 class=\"wp-block-heading\">\ud83d\udcdd Cere\u00adre onli\u00adne \u2014 <span style=\"color: #158b83;\" class=\"stk-highlight\">soli\u00adci\u00adta\u021bi pres\u00adta\u00ad\u021bii pen\u00adtru locuin\u021b\u0103<\/span><\/h2>\n\n<p><strong> <a href=\"https:\/\/www.service-bw.de\/onlineantraege\/onlineantrag?prozessKey=m40191.wgeld&amp;regionIds=1919&amp;regionName=Karlsruhe&amp;ags=08212000&amp;leistungId=96&amp;processIntegrationName=karlsruhe\" rel=\"noopener\">Cere\u00adre de aju\u00adtor pen\u00adtru locu\u00adin\u00ad\u021b\u0103 (sub\u00adven\u00ad\u021bie pen\u00adtru chi\u00adrie) cu aju\u00adtor pen\u00adtru com\u00adple\u00adta\u00adrea for\u00admu\u00adla\u00adru\u00adlui (cere\u00adre onli\u00adne)<\/a><\/strong><br>Cere\u00adre onli\u00adne, for\u00admu\u00adla\u00adrul <strong>nu tre\u00adbu\u00adie s\u0103 fie tri\u00admis prin po\u0219\u00adt\u0103<\/strong>.<\/p>\n\n<p><strong><a href=\"https:\/\/pdf.form-solutions.net:443\/metaform\/Form-Solutions\/sid\/assistant\/565c2cc50cf2c8af88350bdf\" rel=\"noopener\">Cere\u00adre de aju\u00adtor pen\u00adtru locu\u00adin\u00ad\u021b\u0103 (sub\u00adven\u00ad\u021bie pen\u00adtru chi\u00adrie) cu aju\u00adtor de com\u00adple\u00adta\u00adre (for\u00admu\u00adlar tip\u0103\u00adrit)<\/a><\/strong><br>For\u00admu\u00adla\u00adrul <strong>tre\u00adbu\u00adie sem\u00adnat \u0219i tri\u00admis prin po\u0219\u00adt\u0103<\/strong>.<\/p>\n\n<div class=\"wp-block-stackable-spacer stk-block-spacer stk--no-padding stk-block stk-781be68\" data-block-id=\"781be68\"><style>.stk-781be68 {height:30px !important;}<\/style><\/div>\n\n<h3 class=\"wp-block-heading\">Docu\u00admen\u00adte necesare<\/h3>\n\n<ul class=\"wp-block-list\">\n<li>Dova\u00adda num\u0103\u00adru\u00adlui de mem\u00adbri ai gospod\u0103riei.<\/li>\n\n\n\n<li>Dova\u00adda chi\u00adri\u00adei (<strong> <a href=\"https:\/\/pdf.form-solutions.net\/metaform\/Form-Solutions\/?2&amp;releaseUserId=08212000-0001-0000&amp;releaseID=565c35410cf2c8af88350be2&amp;releaseOrganizationID=08212000-0001&amp;assistant=AS_BW620004&amp;translation=false&amp;storable=false&amp;fileUrl=https%253A%252F%252Fpdf.form-solutions.net%252Fmetaform%252FForm-Solutions%252Fsid%252Fassistant%252F565c35410cf2c8af88350be2%253Fconsent_type%253DNONE&amp;oID=22222222-2222&amp;consent_type=NONE&amp;kdnr=08212000-0001\" rel=\"noopener\">cer\u00adti\u00adfi\u00adcat de chi\u00adrie<\/a><\/strong>) sau a gre\u00adv\u0103\u00adrii cu sar\u00adcini (con\u00adtract de \u00eemprumut).<\/li>\n\n\n\n<li>Dova\u00adda veni\u00adtu\u00adlui total al gos\u00adpo\u00add\u0103\u00adri\u00adei \u2014 <strong> <a href=\"https:\/\/pdf.form-solutions.net\/metaform\/Form-Solutions\/?5&amp;releaseUserId=08212000-0001-0000&amp;releaseID=565c31e50cf2c8af88350be1&amp;releaseOrganizationID=08212000-0001&amp;assistant=AS_BW620005&amp;translation=false&amp;storable=false&amp;fileUrl=https%253A%252F%252Fpdf.form-solutions.net%252Fmetaform%252FForm-Solutions%252Fsid%252Fassistant%252F565c31e50cf2c8af88350be1&amp;oID=22222222-2222&amp;kdnr=08212000-0001\" rel=\"noopener\">cer\u00adti\u00adfi\u00adcat de venit<\/a><\/strong> <br>(venit din mun\u00adc\u0103, pen\u00adsie, alo\u00adca\u00ad\u021bie pen\u00adtru&nbsp;copii).<\/li>\n<\/ul>\n\n<details class=\"wp-block-stackable-accordion stk-block-accordion stk-inner-blocks stk-block-content stk-block stk-07d4c15 is-style-default\" data-block-id=\"07d4c15\">\n<summary class=\"wp-block-stackable-column stk-block-column stk-column stk-block stk-e65c357 stk--container-small stk-block-accordion__heading\" data-v=\"4\" data-block-id=\"e65c357\"><div class=\"stk-column-wrapper stk-block-column__content stk-container stk-e65c357-container stk-hover-parent\"><div class=\"stk-block-content stk-inner-blocks stk-e65c357-inner-blocks\">\n<div class=\"wp-block-stackable-icon-label stk-block-icon-label stk-block stk-0499bc5\" data-block-id=\"0499bc5\"><div class=\"stk-row stk-inner-blocks stk-block-content\">\n<div class=\"wp-block-stackable-heading stk-block-heading stk-block-heading--v2 stk-block stk-9669a49\" id=\"responsible-office\" data-block-id=\"9669a49\"><h4 class=\"stk-block-heading__text\">Biro\u00adul responsabil<\/h4><\/div>\n\n\n\n<div class=\"wp-block-stackable-icon stk-block-icon stk-block stk-726ee53\" data-block-id=\"726ee53\"><span class=\"stk--svg-wrapper\"><div class=\"stk--inner-svg\"><svg style=\"height:0;width:0\"><defs><linearGradient id=\"linear-gradient-726ee53\" x1=\"0\" x2=\"100%\" y1=\"0\" y2=\"0\"><stop offset=\"0%\" style=\"stop-opacity:1;stop-color:var(--linear-gradient-726-ee-53-color-1)\" \/><stop offset=\"100%\" style=\"stop-opacity:1;stop-color:var(--linear-gradient-726-ee-53-color-2)\" \/><\/linearGradient><\/defs><\/svg><svg data-prefix=\"fas\" data-icon=\"chevron-down\" class=\"svg-inline--fa fa-chevron-down fa-w-14\" viewBox=\"0 0 448 512\" aria-hidden=\"true\" width=\"32\" height=\"32\"><path fill=\"currentColor\" d=\"M207.029 381.476L12.686 187.132c-9.373-9.373-9.373-24.569 0-33.941l22.667-22.667c9.357-9.357 24.522-9.375 33.901-.04L224 284.505l154.745-154.021c9.379-9.335 24.544-9.317 33.901.04l22.667 22.667c9.373 9.373 9.373 24.569 0 33.941L240.971 381.476c-9.373 9.372-24.569 9.372-33.942 0z\" \/><\/svg><\/div><\/span><\/div>\n<\/div><\/div>\n<\/div><\/div><\/summary>\n\n\n\n<div class=\"wp-block-stackable-column stk-block-column stk-column stk-block stk-1d68d55 stk-block-accordion__content\" data-v=\"4\" data-block-id=\"1d68d55\"><div class=\"stk-column-wrapper stk-block-column__content stk-container stk-1d68d55-container stk--no-background stk--no-padding\"><div class=\"stk-block-content stk-inner-blocks stk-1d68d55-inner-blocks\">\n<div class=\"wp-block-stackable-text stk-block-text stk-block stk-fe682b6\" data-block-id=\"fe682b6\"><p class=\"stk-block-text__text\">\ud83c\udf10<strong><a href=\"https:\/\/web1.karlsruhe.de\/service\/Buergerdienste\/leistung.php?id=6002515\" rel=\"noopener\">Wohn\u00adgel\u00adds\u00adte\u00adl\u00adle<\/a><\/strong> (Biro\u00adul de aju\u00adtor pen\u00adtru locu\u00adin\u00ad\u021b\u0103)<br>\ud83d\udccd Lamm\u00adstra\u00ad\u00dfe 7 a, came\u00adra E 219 \u2014 E 223, 76133 <strong>Karl\u00adsru\u00adhe<\/strong><br>\u260e 0721 133 6470<br>\ud83d\udce7 wohngeld@la.karlsruhe.de<\/p><\/div>\n<\/div><\/div><\/div>\n<\/details>\n","protected":false},"excerpt":{"rendered":"<p>\ud83c\udfe0 Sub\u00adven\u00ad\u021bio\u00adna\u00adrea chi\u00adri\u00adei pen\u00adtru per\u00adsoa\u00adne\u00adle cu veni\u00adturi redu\u00adse Per\u00adsoa\u00adne\u00adle cu veni\u00adturi mici pot soli\u00adci\u00adta aju\u00adtor pen\u00adtru locu\u00adin\u00ad\u021b\u0103 (Wohn\u00adgeld). Aceas\u00adta este o pla\u00adt\u0103 care v\u0103 sub\u00adven\u00ad\u021bio\u00adnea\u00adz\u0103 chi\u00adria.Pri\u00admi\u021bi aju\u00adtor pen\u00adtru locu\u00adin\u00ad\u021b\u0103 dac\u0103&nbsp;<a class=\"moretag\" href=\"https:\/\/www.anika-net.de\/ro\/sosirea\/accomodation\/ajutor-pentru-locuinta\/\">Citi\u021bi mai&nbsp;mult<\/a><\/p>\n","protected":false},"author":12,"featured_media":0,"parent":7213,"menu_order":41,"comment_status":"closed","ping_status":"closed","template":"","meta":{"_acf_changed":false,"inline_featured_image":false,"_uag_custom_page_level_css":"","wp_typography_post_enhancements_disabled":false,"footnotes":""},"class_list":["post-7263","page","type-page","status-publish","hentry"],"acf":[],"featured_image_urls_v2":{"full":"","thumbnail":"","medium":"","medium_large":"","large":"","1536x1536":"","2048x2048":"","event-overview":"","event-archive-thumb":"","grid-item-thumbnail":"","network-partner-icon":"","organiser-icon":"","gform-image-choice-sm":"","gform-image-choice-md":"","gform-image-choice-lg":""},"post_excerpt_stackable_v2":"<p>\ud83c\udfe0 Sub\u00adven\u00ad\u021bio\u00adna\u00adrea chi\u00adri\u00adei pen\u00adtru per\u00adsoa\u00adne\u00adle cu veni\u00adturi redu\u00adse Per\u00adsoa\u00adne\u00adle cu veni\u00adturi mici pot soli\u00adci\u00adta aju\u00adtor pen\u00adtru locu\u00adin\u00ad\u021b\u0103 (Wohn\u00adgeld). Aceas\u00adta este o pla\u00adt\u0103 care v\u0103 sub\u00adven\u00ad\u021bio\u00adnea\u00adz\u0103 chi\u00adria.Pri\u00admi\u021bi aju\u00adtor pen\u00adtru locu\u00adin\u00ad\u021b\u0103 dac\u0103 nu ave\u021bi veni\u00adturi sufi\u00adcien\u00adte pen\u00adtru a v\u0103 pl\u0103ti locu\u00adin\u00ad\u021ba. Aju\u00adto\u00adrul pen\u00adtru locu\u00adin\u00ad\u021b\u0103 pen\u00adtru chi\u00adri\u00ada\u0219i se nume\u0219\u00adte sub\u00adven\u00ad\u021bie pen\u00adtru chi\u00adrie, iar aju\u00adto\u00adrul pen\u00adtru locu\u00adin\u00ad\u021b\u0103 pen\u00adtru pro\u00adpri\u00ade\u00adta\u00adrii de locu\u00adin\u00ad\u021be ocu\u00adpa\u00adte de pro\u00adpri\u00ade\u00adtari se nume\u0219\u00adte sub\u00adven\u00ad\u021bie pen\u00adtru sar\u00adcini.&nbsp; Suma:Depin\u00adde de fie\u00adca\u00adre caz \u00een par\u00adte.Se bazea\u00adz\u0103 pe m\u0103ri\u00admea gos\u00adpo\u00add\u0103\u00adri\u00adei, venit \u0219i chi\u00adrie sau&nbsp;taxe. Dura\u00adta:\u00cen gene\u00adral, timp de 12&nbsp;luni. \u00cen cazuri indi\u00advi\u00addu\u00ada\u00adle, aceas\u00adt\u0103 peri\u00adoa\u00add\u0103 poa\u00adte fi mai lun\u00adg\u0103 sau mai scur\u00adt\u0103.Dac\u0103 dori\u021bi s\u0103 con\u00adti\u00adnu\u00ada\u021bi&nbsp;s\u0103\u2026<\/p>\n","category_list_v2":"","author_info_v2":{"name":"Andrea Ramirez","url":"https:\/\/www.anika-net.de\/ro\/author\/andrea-ramirez\/"},"comments_num_v2":"0 comments","uagb_featured_image_src":{"full":false,"thumbnail":false,"medium":false,"medium_large":false,"large":false,"1536x1536":false,"2048x2048":false,"event-overview":false,"event-archive-thumb":false,"grid-item-thumbnail":false,"network-partner-icon":false,"organiser-icon":false,"gform-image-choice-sm":false,"gform-image-choice-md":false,"gform-image-choice-lg":false},"uagb_author_info":{"display_name":"Andrea Ramirez","author_link":"https:\/\/www.anika-net.de\/ro\/author\/andrea-ramirez\/"},"uagb_comment_info":0,"uagb_excerpt":"\ud83c\udfe0 Sub\u00adven\u00ad\u021bio\u00adna\u00adrea chi\u00adri\u00adei pen\u00adtru per\u00adsoa\u00adne\u00adle cu veni\u00adturi reduse Per\u00adsoa\u00adne\u00adle cu veni\u00adturi mici pot soli\u00adci\u00adta aju\u00adtor pen\u00adtru locu\u00adin\u00ad\u021b\u0103 (Wohn\u00adgeld). Aceas\u00adta este o pla\u00adt\u0103 care v\u0103 sub\u00adven\u00ad\u021bio\u00adnea\u00adz\u0103 chi\u00adria.Pri\u00admi\u021bi aju\u00adtor pen\u00adtru locu\u00adin\u00ad\u021b\u0103 dac\u0103&nbsp;Citi\u021bi mai mult","_links":{"self":[{"href":"https:\/\/www.anika-net.de\/ro\/wp-json\/wp\/v2\/pages\/7263","targetHints":{"allow":["GET"]}}],"collection":[{"href":"https:\/\/www.anika-net.de\/ro\/wp-json\/wp\/v2\/pages"}],"about":[{"href":"https:\/\/www.anika-net.de\/ro\/wp-json\/wp\/v2\/types\/page"}],"author":[{"embeddable":true,"href":"https:\/\/www.anika-net.de\/ro\/wp-json\/wp\/v2\/users\/12"}],"replies":[{"embeddable":true,"href":"https:\/\/www.anika-net.de\/ro\/wp-json\/wp\/v2\/comments?post=7263"}],"version-history":[{"count":2,"href":"https:\/\/www.anika-net.de\/ro\/wp-json\/wp\/v2\/pages\/7263\/revisions"}],"predecessor-version":[{"id":61777,"href":"https:\/\/www.anika-net.de\/ro\/wp-json\/wp\/v2\/pages\/7263\/revisions\/61777"}],"up":[{"embeddable":true,"href":"https:\/\/www.anika-net.de\/ro\/wp-json\/wp\/v2\/pages\/7213"}],"wp:attachment":[{"href":"https:\/\/www.anika-net.de\/ro\/wp-json\/wp\/v2\/media?parent=7263"}],"curies":[{"name":"wp","href":"https:\/\/api.w.org\/{rel}","templated":true}]}}