{"id":7249,"date":"2021-05-21T14:10:35","date_gmt":"2021-05-21T12:10:35","guid":{"rendered":"https:\/\/www.anika-net.de\/sosirea\/accomodation\/applying-for-social-housing\/"},"modified":"2025-07-15T13:23:31","modified_gmt":"2025-07-15T11:23:31","slug":"locuinte-sociale","status":"publish","type":"page","link":"https:\/\/www.anika-net.de\/ro\/sosirea\/accomodation\/locuinte-sociale\/","title":{"rendered":"Locu\u00adin\u00ad\u021be sociale"},"content":{"rendered":"\n<p>\u00cen Ger\u00adma\u00adnia, per\u00adsoa\u00adne\u00adle cu veni\u00adturi mici pot \u00eenchi\u00adria apar\u00adta\u00admen\u00adte \u00een pro\u00adiec\u00adte de locu\u00adin\u00ad\u021be soci\u00ada\u00adle. Pen\u00adtru a \u00eenchi\u00adria unul din\u00adtre aces\u00adte apar\u00adta\u00admen\u00adte ave\u021bi nevo\u00adie de un <strong><em>Woh\u00adn\u00adbe\u00adre\u00adch\u00adti\u00adgu\u00adn\u00adgss\u00adche\u00adin<\/em> (cer\u00adti\u00adfi\u00adcat de eli\u00adgi\u00adbi\u00adli\u00adta\u00adte pen\u00adtru locu\u00adin\u00ad\u021be soci\u00ada\u00adle).<\/strong> <\/p>\n\n<div class=\"wp-block-buttons is-layout-flex wp-block-buttons-is-layout-flex\">\n<div class=\"wp-block-button has-custom-width wp-block-button__width-50\"><a class=\"wp-block-button__link has-background wp-element-button\" href=\"https:\/\/pdf.form-solutions.net\/metaform\/Form-Solutions\/?5&amp;releaseUserId=08212000-0001-0000&amp;releaseID=62e3be268619d807a8ef4d44&amp;releaseOrganizationID=08212000-0001&amp;assistant=KFAS_Antrag_Wohnberechtigungsschein&amp;translation=false&amp;storable=true&amp;fileUrl=https%253A%252F%252Fpdf.form-solutions.net%252Fmetaform%252FForm-Solutions%252Fsid%252Fassistant%252F62e3be268619d807a8ef4d44&amp;oID=08212000-0001&amp;kdnr=08212000-0001\" style=\"background-color:#13a298\" rel=\"https:\/\/pdf.form-solutions.net\/metaform\/Form-Solutions\/?5&amp;releaseUserId=08212000-0001-0000&amp;releaseID=62e3be268619d807a8ef4d44&amp;releaseOrganizationID=08212000-0001&amp;assistant=KFAS_Antrag_Wohnberechtigungsschein&amp;translation=false&amp;storable=true&amp;fileUrl=https%253A%252F%252Fpdf.form-solutions.net%252Fmetaform%252FForm-Solutions%252Fsid%252Fassistant%252F62e3be268619d807a8ef4d44&amp;oID=08212000-0001&amp;kdnr=08212000-0001 noopener\"><strong>Soli\u00adci\u00adta\u021bi cer\u00adti\u00adfi\u00adca\u00adtul <br>pen\u00adtru locu\u00adin\u00ad\u021be sociale<\/strong><\/a><\/div>\n<\/div>\n\n<p><strong>Cere\u00adrea tre\u00adbu\u00adie com\u00adple\u00adta\u00adt\u0103 onli\u00adne \u0219i sem\u00adna\u00adt\u0103 la<\/strong> \u270d\ud83c\udffc<br> Apoi pute\u021bi tri\u00admi\u00adte for\u00admu\u00adla\u00adrul de cere\u00adre \ud83d\udcec<strong> prin po\u0219\u00adt\u0103<\/strong> <strong>sau<\/strong> <strong>sca\u00adnat<\/strong> \ud83d\udce7 wbs@la.karlsruhe.de<\/p>\n\n<h2 class=\"wp-block-heading\">Cerin\u00ad\u021be pen\u00adtru un cer\u00adti\u00adfi\u00adcat pen\u00adtru locu\u00adin\u00ad\u021be sociale&nbsp;\ud83c\udfd8<\/h2>\n\n<ul class=\"wp-block-list\">\n<li>Sun\u00adte\u021bi \u00een c\u0103u\u00adta\u00adrea unei&nbsp;case.<\/li>\n\n\n\n<li>Dum\u00adne\u00ada\u00advoas\u00adtr\u0103 \u0219i mem\u00adbrii gos\u00adpo\u00add\u0103\u00adri\u00adei dum\u00adne\u00ada\u00advoas\u00adtr\u0103 nu dep\u0103\u00ad\u0219i\u021bi limi\u00adta de&nbsp;venit.<\/li>\n<\/ul>\n\n<p>Veni\u00adtul anu\u00adal este cal\u00adcu\u00adlat sepa\u00adrat pen\u00adtru fie\u00adca\u00adre per\u00adsoa\u00adn\u0103 din gospod\u0103rie.<\/p>\n\n<details class=\"wp-block-stackable-accordion stk-block-accordion stk-inner-blocks stk-block-content stk-block stk-d027d3a is-style-default\" data-block-id=\"d027d3a\">\n<summary class=\"wp-block-stackable-column stk-block-column stk-column stk-block stk-d85fa60 stk--container-small stk-block-accordion__heading\" data-v=\"4\" data-block-id=\"d85fa60\"><style>.stk-d85fa60-container{max-width:926px !important;min-width:auto !important;}<\/style><div class=\"stk-column-wrapper stk-block-column__content stk-container stk-d85fa60-container stk-hover-parent\"><div class=\"stk-block-content stk-inner-blocks stk-d85fa60-inner-blocks\">\n<div class=\"wp-block-stackable-icon-label stk-block-icon-label stk-block stk-af9ecac\" data-block-id=\"af9ecac\"><div class=\"stk-row stk-inner-blocks stk-block-content\">\n<div class=\"wp-block-stackable-heading stk-block-heading stk-block-heading--v2 stk-block stk-58784f9\" id=\"span-style-color-ffffff-class-stk-highlight-annual-income-span\" data-block-id=\"58784f9\"><h4 class=\"stk-block-heading__text\"><span style=\"color: #ffffff;\" class=\"stk-highlight\">Venit anu\u00adal<\/span><\/h4><\/div>\n\n\n\n<div class=\"wp-block-stackable-icon stk-block-icon stk-block stk-b5ed8df\" data-block-id=\"b5ed8df\"><span class=\"stk--svg-wrapper\"><div class=\"stk--inner-svg\"><svg style=\"height:0;width:0\"><defs><linearGradient id=\"linear-gradient-b5ed8df\" x1=\"0\" x2=\"100%\" y1=\"0\" y2=\"0\"><stop offset=\"0%\" style=\"stop-opacity:1;stop-color:var(--linear-gradient-b-5-ed-8-df-color-1)\" \/><stop offset=\"100%\" style=\"stop-opacity:1;stop-color:var(--linear-gradient-b-5-ed-8-df-color-2)\" \/><\/linearGradient><\/defs><\/svg><svg data-prefix=\"fas\" data-icon=\"chevron-down\" class=\"svg-inline--fa fa-chevron-down fa-w-14\" viewBox=\"0 0 448 512\" aria-hidden=\"true\" width=\"32\" height=\"32\"><path fill=\"currentColor\" d=\"M207.029 381.476L12.686 187.132c-9.373-9.373-9.373-24.569 0-33.941l22.667-22.667c9.357-9.357 24.522-9.375 33.901-.04L224 284.505l154.745-154.021c9.379-9.335 24.544-9.317 33.901.04l22.667 22.667c9.373 9.373 9.373 24.569 0 33.941L240.971 381.476c-9.373 9.372-24.569 9.372-33.942 0z\" \/><\/svg><\/div><\/span><\/div>\n<\/div><\/div>\n<\/div><\/div><\/summary>\n\n\n\n<div class=\"wp-block-stackable-column stk-block-column stk-column stk-block stk-771a628 stk-block-accordion__content\" data-v=\"4\" data-block-id=\"771a628\"><div class=\"stk-column-wrapper stk-block-column__content stk-container stk-771a628-container stk--no-background stk--no-padding\"><div class=\"stk-block-content stk-inner-blocks stk-771a628-inner-blocks\">\n<div class=\"wp-block-stackable-text stk-block-text stk-block stk-849bacc\" data-block-id=\"849bacc\"><p class=\"stk-block-text__text\"><strong>Veni\u00adtul<\/strong> dvs. <strong>anu\u00adal<\/strong> inclu\u00adde toa\u00adte c\u00e2\u0219ti\u00adgu\u00adri\u00adle \u2014 indi\u00adfe\u00adrent dac\u0103 sunt <strong>impo\u00adza\u00adbi\u00adle sau scu\u00adti\u00adte de impo\u00adzit<\/strong>. Iat\u0103 ce se ia \u00een con\u00adsi\u00adde\u00adra\u00adre: <br><br><strong>\ud83d\udc77 Dac\u0103 sun\u00adte\u021bi anga\u00adjat (nu lucra\u021bi pe cont pro\u00adpriu):<\/strong><br>\u25aa <strong>Sala\u00adri\u00adul<\/strong> dvs. <strong>anu\u00adal brut<\/strong><br>\u25aa Minus dedu\u00adce\u00adri\u00adle fis\u00adca\u00adle recu\u00adnos\u00adcu\u00adte (de exem\u00adplu, chel\u00adtu\u00adie\u00adli\u00adle de navet\u0103)<\/p><\/div>\n\n\n\n<p>\ud83e\uddd1\u200d\ud83d\udcbc <strong>Dac\u0103 des\u00adf\u0103\u00ad\u0219u\u00adra\u021bi<\/strong> o <strong>acti\u00advi\u00adta\u00adte inde\u00adpen\u00adden\u00adt\u0103 (inclu\u00adsiv agri\u00adcul\u00adtu\u00adr\u0103, sil\u00advi\u00adcul\u00adtu\u00adr\u0103 sau con\u00addu\u00adce\u00adrea unei \u00eentre\u00adprin\u00adderi):<\/strong><br>\u25aa <strong>Pro\u00adfi\u00adtul<\/strong> dvs. <strong>net<\/strong> dup\u0103 chel\u00adtu\u00adie\u00adli\u00adle de afa\u00adceri deduc\u00adti\u00adbi\u00adle fiscal<\/p>\n\n\n\n<p><strong>\ud83c\udfe0 Dac\u0103 ob\u021bi\u00adne\u021bi veni\u00adturi din chi\u00adrii sau din capi\u00adtal (de exem\u00adplu, inves\u00adti\u00ad\u021bii):<\/strong><br>\u25aa Veni\u00adtul <strong>net<\/strong> (veni\u00adtul total minus dedu\u00adce\u00adri\u00adle fis\u00adca\u00adle permise)<\/p>\n\n\n\n<p><strong>\ud83e\uddd3 Dac\u0103 pri\u00admi\u021bi o pen\u00adsie:<\/strong><br><strong>Veni\u00adtul<\/strong> dvs. <strong>din pen\u00adsie<\/strong> minus dedu\u00adce\u00adri\u00adle fis\u00adca\u00adle permise<\/p>\n\n\n\n<h3 class=\"wp-block-heading\">\u2705 Bene\u00adfi\u00adci\u00adi\u00adle scu\u00adti\u00adte de impo\u00adzit con\u00adtea\u00adz\u0103, de ase\u00adme\u00adnea, cum ar&nbsp;fi:<\/h3>\n\n\n\n<ul class=\"wp-block-list\">\n<li>Indem\u00adni\u00adza\u00ad\u021bii de \u0219omaj (Arbe\u00adit\u00adslo\u00adsen\u00adgeld)<\/li>\n\n\n\n<li>Indem\u00adni\u00adza\u00ad\u021bie pen\u00adtru mun\u00adca cu frac\u00ad\u021biu\u00adne de nor\u00adm\u0103 (Kurzar\u00adbe\u00adi\u00adter\u00adgeld)<\/li>\n\n\n\n<li>Indem\u00adni\u00adza\u00ad\u021bie tranzi\u00adto\u00adrie (\u00dcber\u00adgan\u00adgs\u00adgeld)<\/li>\n\n\n\n<li>Pl\u0103\u021bi \u00een caz de insolvabilitate<\/li>\n\n\n\n<li>Spri\u00adjin pen\u00adtru integrare<\/li>\n\n\n\n<li><strong>Veni\u00adtu\u00adri\u00adle cet\u0103\u00ad\u021be\u00adni\u00adlor (B\u00fcr\u00adger\u00adgeld)<\/strong> \u0219i alte aju\u00adtoa\u00adre soci\u00ada\u00adle de baz\u0103 (SGB&nbsp;II)<\/li>\n<\/ul>\n\n\n\n<hr class=\"wp-block-separator has-alpha-channel-opacity\">\n\n\n\n<p><strong>\ud83d\udc69\u200d\ud83d\udc67 Pen\u00adtru p\u0103rin\u00ad\u021bii sin\u00adguri:<\/strong><br>Dac\u0103 sun\u00adte\u021bi un <strong>p\u0103rin\u00adte sin\u00adgur<\/strong> cu cel pu\u021bin un copil care locu\u00adie\u0219\u00adte cu dum\u00adne\u00ada\u00advoas\u00adtr\u0103 (pen\u00adtru care pri\u00admi\u021bi alo\u00adca\u00ad\u021bii pen\u00adtru copii sau alo\u00adca\u00ad\u021bii fis\u00adca\u00adle), veni\u00adtul dum\u00adne\u00ada\u00advoas\u00adtr\u0103 este <strong>redus cu o sum\u0103 spe\u00adcia\u00adl\u0103 de scu\u00adti\u00adre fis\u00adca\u00adl\u0103<\/strong>.<\/p>\n\n\n\n<hr class=\"wp-block-separator has-alpha-channel-opacity\">\n\n\n\n<h4 class=\"wp-block-heading\">\u2696\ufe0f \u00cen cazul obli\u00adga\u00ad\u021bi\u00adi\u00adlor lega\u00adle de \u00eentre\u00ad\u021bi\u00adne\u00adre (de exem\u00adplu, dup\u0103 sepa\u00adra\u00adre sau divor\u021b):<\/h4>\n\n\n\n<ul class=\"wp-block-list\">\n<li>Pen\u00adtru <strong>per\u00adsoa\u00adna care pri\u00adme\u0219\u00adte pen\u00adsia ali\u00admen\u00adta\u00adr\u0103<\/strong>, \u00eentrea\u00adga sum\u0103 este con\u00adsi\u00adde\u00adra\u00adt\u0103&nbsp;venit.<\/li>\n\n\n\n<li>Pen\u00adtru <strong>per\u00adsoa\u00adna care pl\u0103\u00adte\u0219\u00adte \u00eentre\u00ad\u021bi\u00adne\u00adrea<\/strong>, aces\u00adte sume pot fi deduse:&nbsp;<ul class=\"wp-block-list\">\n<li><strong>P\u00e2n\u0103 la 3.000 EUR pe copil pe&nbsp;an<\/strong><\/li>\n\n\n\n<li><strong>P\u00e2n\u0103 la 6 000 EUR pe an<\/strong> pen\u00adtru \u00eentre\u00ad\u021bi\u00adne\u00adrea so\u021bu\u00adlui (dup\u0103 separare\/divor\u021b)<\/li>\n<\/ul>\n<\/li>\n<\/ul>\n\n\n\n<hr class=\"wp-block-separator has-alpha-channel-opacity\">\n\n\n\n<p>Pen\u00adtru a v\u0103 cal\u00adcu\u00adla \ud83e\uddfe <strong><span style=\"color: #0a838c;\" class=\"stk-highlight\">veni\u00adtul total al gos\u00adpo\u00add\u0103\u00adri\u00adei<\/span><\/strong><strong>se adu\u00adn\u0103 veni\u00adtu\u00adri\u00adle anu\u00ada\u00adle ale fie\u00adc\u0103\u00adrei per\u00adsoa\u00adne din gos\u00adpo\u00add\u0103\u00adrie<\/strong>.<\/p>\n<\/div><\/div><\/div>\n<\/details>\n\n<div class=\"wp-block-ugb-spacer ugb-spacer ugb-b05f2c1 ugb-spacer--v2 ugb-main-block\"><div class=\"ugb-inner-block\"><div class=\"ugb-block-content\"><div class=\"ugb-spacer--inner\"><\/div><\/div><\/div><\/div>\n\n<div class=\"wp-block-ugb-columns ugb-columns ugb-e78dd8a ugb-columns--design-plain ugb-columns--columns-4 ugb-main-block\"><div class=\"ugb-inner-block\"><div class=\"ugb-block-content\"><div class=\"ugb-columns__item ugb-e78dd8a-content-wrapper\">\n<div class=\"wp-block-ugb-column ugb-column ugb-1d5f70a ugb-column--design-plain ugb-main-block\"><div class=\"ugb-inner-block\"><div class=\"ugb-block-content\"><div class=\"ugb-column__item ugb-1d5f70a-column-wrapper\"><div class=\"ugb-column__content-wrapper\">\n<p><strong>Unde?<\/strong><br><strong>Lie\u00adgen\u00adschaft\u00adsamt<\/strong><br>\ud83d\udccd Lamm\u00adstra\u00ad\u00dfe 7a, Ratha\u00adus\u00adpa\u00ads\u00adsa\u00adge<br>76133 Karl\u00adsru\u00adhe<\/p>\n\n\n\n<p><br><\/p>\n<\/div><\/div><\/div><\/div><\/div>\n\n\n\n<div class=\"wp-block-ugb-column ugb-column ugb-fcc03f4 ugb-column--design-plain ugb-main-block\"><div class=\"ugb-inner-block\"><div class=\"ugb-block-content\"><div class=\"ugb-column__item ugb-fcc03f4-column-wrapper\"><div class=\"ugb-column__content-wrapper\">\n<p><strong>Ce ar tre\u00adbui s\u0103 iau cu&nbsp;mine?<\/strong><\/p>\n\n\n\n<ul class=\"wp-block-list\">\n<li>Pa\u0219a\u00adport sau car\u00adte de identitate<\/li>\n\n\n\n<li>Per\u00admis de \u0219edere&nbsp;<\/li>\n\n\n\n<li>Dova\u00adda veni\u00adtu\u00adri\u00adlor<br>\u25aa Pen\u00adtru per\u00adsoa\u00adne\u00adle care des\u00adf\u0103\u00ad\u0219oa\u00adr\u0103 acti\u00advi\u00adt\u0103\u021bi inde\u00adpen\u00adden\u00adte: ulti\u00adma decla\u00adra\u00ad\u021bie de&nbsp;venit.&nbsp;<\/li>\n\n\n\n<li>Con\u00adtrac\u00adtul dvs. de \u00eenchi\u00adri\u00ade\u00adre actual<\/li>\n<\/ul>\n<\/div><\/div><\/div><\/div><\/div>\n\n\n\n<div class=\"wp-block-ugb-column ugb-column ugb-c0e2b5b ugb-column--design-plain ugb-main-block\"><div class=\"ugb-inner-block\"><div class=\"ugb-block-content\"><div class=\"ugb-column__item ugb-c0e2b5b-column-wrapper\"><div class=\"ugb-column__content-wrapper\">\n<p><strong>Ce pri\u00admi\u021bi?<\/strong><\/p>\n\n\n\n<ul class=\"wp-block-list\">\n<li>Cer\u00adti\u00adfi\u00adcat de eli\u00adgi\u00adbi\u00adli\u00adta\u00adte pen\u00adtru locu\u00adin\u00ad\u021be soci\u00ada\u00adle <span style=\"color: #747373;\" class=\"stk-highlight\">(v\u0103 rug\u0103m s\u0103 p\u0103s\u00adtra\u021bi acest docu\u00adment \u00een sigu\u00adran\u00ad\u021b\u0103 pen\u00adtru uti\u00adli\u00adza\u00adre ulterioar\u0103)<\/span><\/li>\n<\/ul>\n<\/div><\/div><\/div><\/div><\/div>\n\n\n\n<div class=\"wp-block-ugb-column ugb-column ugb-440a1f3 ugb-column--design-plain ugb-main-block\"><div class=\"ugb-inner-block\"><div class=\"ugb-block-content\"><div class=\"ugb-column__item ugb-440a1f3-column-wrapper\"><div class=\"ugb-column__content-wrapper\">\n<p><strong>a lua legatura<\/strong><\/p>\n\n\n\n<p>\ud83d\udcde 0721 133\u20116414<br>\ud83d\udcde 0721 133\u20116423<br>\ud83d\udce7wbs@la.karlsruhe.de<\/p>\n<\/div><\/div><\/div><\/div><\/div>\n<\/div><\/div><\/div><\/div>\n","protected":false},"excerpt":{"rendered":"<p>\u00cen Ger\u00adma\u00adnia, per\u00adsoa\u00adne\u00adle cu veni\u00adturi mici pot \u00eenchi\u00adria apar\u00adta\u00admen\u00adte \u00een pro\u00adiec\u00adte de locu\u00adin\u00ad\u021be soci\u00ada\u00adle. Pen\u00adtru a \u00eenchi\u00adria unul din\u00adtre aces\u00adte apar\u00adta\u00admen\u00adte ave\u021bi nevo\u00adie de un Woh\u00adn\u00adbe\u00adre\u00adch\u00adti\u00adgu\u00adn\u00adgss\u00adche\u00adin (cer\u00adti\u00adfi\u00adcat de eli\u00adgi\u00adbi\u00adli\u00adta\u00adte pen\u00adtru&nbsp;<a class=\"moretag\" href=\"https:\/\/www.anika-net.de\/ro\/sosirea\/accomodation\/locuinte-sociale\/\">Citi\u021bi mai&nbsp;mult<\/a><\/p>\n","protected":false},"author":12,"featured_media":0,"parent":7213,"menu_order":22,"comment_status":"closed","ping_status":"closed","template":"","meta":{"_acf_changed":false,"inline_featured_image":false,"_uag_custom_page_level_css":"","wp_typography_post_enhancements_disabled":false,"footnotes":""},"class_list":["post-7249","page","type-page","status-publish","hentry"],"acf":[],"featured_image_urls_v2":{"full":"","thumbnail":"","medium":"","medium_large":"","large":"","1536x1536":"","2048x2048":"","event-overview":"","event-archive-thumb":"","grid-item-thumbnail":"","network-partner-icon":"","organiser-icon":"","gform-image-choice-sm":"","gform-image-choice-md":"","gform-image-choice-lg":""},"post_excerpt_stackable_v2":"<p>\u00cen Ger\u00adma\u00adnia, per\u00adsoa\u00adne\u00adle cu veni\u00adturi mici pot \u00eenchi\u00adria apar\u00adta\u00admen\u00adte \u00een pro\u00adiec\u00adte de locu\u00adin\u00ad\u021be soci\u00ada\u00adle. Pen\u00adtru a \u00eenchi\u00adria unul din\u00adtre aces\u00adte apar\u00adta\u00admen\u00adte ave\u021bi nevo\u00adie de un Woh\u00adn\u00adbe\u00adre\u00adch\u00adti\u00adgu\u00adn\u00adgss\u00adche\u00adin (cer\u00adti\u00adfi\u00adcat de eli\u00adgi\u00adbi\u00adli\u00adta\u00adte pen\u00adtru locu\u00adin\u00ad\u021be soci\u00ada\u00adle). Soli\u00adci\u00adta\u021bi cer\u00adti\u00adfi\u00adca\u00adtul pen\u00adtru locu\u00adin\u00ad\u021be soci\u00ada\u00adle Cere\u00adrea tre\u00adbu\u00adie com\u00adple\u00adta\u00adt\u0103 onli\u00adne \u0219i sem\u00adna\u00adt\u0103 la \u270d\ud83c\udffc Apoi pute\u021bi tri\u00admi\u00adte for\u00admu\u00adla\u00adrul de cere\u00adre \ud83d\udcec prin po\u0219\u00adt\u0103 sau sca\u00adnat \ud83d\udce7 wbs@la.karlsruhe.de Cerin\u00ad\u021be pen\u00adtru un cer\u00adti\u00adfi\u00adcat pen\u00adtru locu\u00adin\u00ad\u021be soci\u00ada\u00adle&nbsp;\ud83c\udfd8 Sun\u00adte\u021bi \u00een c\u0103u\u00adta\u00adrea unei&nbsp;case. Dum\u00adne\u00ada\u00advoas\u00adtr\u0103 \u0219i mem\u00adbrii gos\u00adpo\u00add\u0103\u00adri\u00adei dum\u00adne\u00ada\u00advoas\u00adtr\u0103 nu dep\u0103\u00ad\u0219i\u021bi limi\u00adta de&nbsp;venit. Veni\u00adtul anu\u00adal este cal\u00adcu\u00adlat sepa\u00adrat pen\u00adtru fie\u00adca\u00adre per\u00adsoa\u00adn\u0103 din gos\u00adpo\u00add\u0103\u00adrie. Venit anu\u00adal Veni\u00adtul dvs. anu\u00adal inclu\u00adde toa\u00adte c\u00e2\u0219ti\u00adgu\u00adri\u00adle \u2014 indi\u00adfe\u00adrent dac\u0103&nbsp;sunt\u2026<\/p>\n","category_list_v2":"","author_info_v2":{"name":"Andrea Ramirez","url":"https:\/\/www.anika-net.de\/ro\/author\/andrea-ramirez\/"},"comments_num_v2":"0 comments","uagb_featured_image_src":{"full":false,"thumbnail":false,"medium":false,"medium_large":false,"large":false,"1536x1536":false,"2048x2048":false,"event-overview":false,"event-archive-thumb":false,"grid-item-thumbnail":false,"network-partner-icon":false,"organiser-icon":false,"gform-image-choice-sm":false,"gform-image-choice-md":false,"gform-image-choice-lg":false},"uagb_author_info":{"display_name":"Andrea Ramirez","author_link":"https:\/\/www.anika-net.de\/ro\/author\/andrea-ramirez\/"},"uagb_comment_info":0,"uagb_excerpt":"\u00cen Ger\u00adma\u00adnia, per\u00adsoa\u00adne\u00adle cu veni\u00adturi mici pot \u00eenchi\u00adria apar\u00adta\u00admen\u00adte \u00een pro\u00adiec\u00adte de locu\u00adin\u00ad\u021be soci\u00ada\u00adle. Pen\u00adtru a \u00eenchi\u00adria unul din\u00adtre aces\u00adte apar\u00adta\u00admen\u00adte ave\u021bi nevo\u00adie de un Woh\u00adn\u00adbe\u00adre\u00adch\u00adti\u00adgu\u00adn\u00adgss\u00adche\u00adin (cer\u00adti\u00adfi\u00adcat de eli\u00adgi\u00adbi\u00adli\u00adta\u00adte pen\u00adtru&nbsp;Citi\u021bi mai mult","_links":{"self":[{"href":"https:\/\/www.anika-net.de\/ro\/wp-json\/wp\/v2\/pages\/7249","targetHints":{"allow":["GET"]}}],"collection":[{"href":"https:\/\/www.anika-net.de\/ro\/wp-json\/wp\/v2\/pages"}],"about":[{"href":"https:\/\/www.anika-net.de\/ro\/wp-json\/wp\/v2\/types\/page"}],"author":[{"embeddable":true,"href":"https:\/\/www.anika-net.de\/ro\/wp-json\/wp\/v2\/users\/12"}],"replies":[{"embeddable":true,"href":"https:\/\/www.anika-net.de\/ro\/wp-json\/wp\/v2\/comments?post=7249"}],"version-history":[{"count":2,"href":"https:\/\/www.anika-net.de\/ro\/wp-json\/wp\/v2\/pages\/7249\/revisions"}],"predecessor-version":[{"id":63504,"href":"https:\/\/www.anika-net.de\/ro\/wp-json\/wp\/v2\/pages\/7249\/revisions\/63504"}],"up":[{"embeddable":true,"href":"https:\/\/www.anika-net.de\/ro\/wp-json\/wp\/v2\/pages\/7213"}],"wp:attachment":[{"href":"https:\/\/www.anika-net.de\/ro\/wp-json\/wp\/v2\/media?parent=7249"}],"curies":[{"name":"wp","href":"https:\/\/api.w.org\/{rel}","templated":true}]}}