{"id":7239,"date":"2021-05-21T14:10:12","date_gmt":"2021-05-21T12:10:12","guid":{"rendered":"https:\/\/www.anika-net.de\/sosirea\/accomodation\/registering-with-an-utilities-supplier\/"},"modified":"2021-10-13T15:49:45","modified_gmt":"2021-10-13T13:49:45","slug":"inregistrarea-pentru-alimentarea-cu-curent","status":"publish","type":"page","link":"https:\/\/www.anika-net.de\/ro\/sosirea\/accomodation\/inregistrarea-pentru-alimentarea-cu-curent\/","title":{"rendered":"\u00cenre\u00adgis\u00adtra\u00adrea pen\u00adtru ali\u00admen\u00adta\u00adrea cu curent"},"content":{"rendered":"\n<p>De obi\u00adcei tre\u00adbu\u00adie s\u0103 v\u0103 \u00eenre\u00adgis\u00adtra\u021bi per\u00adso\u00adnal numai pen\u00adtru ali\u00admen\u00adta\u00adrea cu curent \u0219i cu gaz. Acest lucru se face la uzi\u00adne\u00adle ora\u00ad\u0219u\u00adlui Karl\u00adsru\u00adhe <em>(Sta\u00add\u00adtwer\u00adke Karl\u00adsru\u00adhe)<\/em> sau la al\u0163i fur\u00adni\u00adzori. Aici este de aju\u00adtor s\u0103 cre\u00ada\u021bi o pla\u00adt\u0103 prin debit direct SEPA <em>(SEPA-Last\u00adschriftver\u00adfa\u00adhren)<\/em>. Ast\u00adfel vi se vor retra\u00adge cos\u00adtu\u00adri\u00adle pen\u00adtru curent direct din&nbsp;cont.<\/p>\n\n\n\n<div class=\"wp-block-ugb-columns ugb-columns ugb-3924ed6 ugb-columns--design-plain ugb-columns--columns-3 ugb-main-block\"><div class=\"ugb-inner-block\"><div class=\"ugb-block-content\"><div class=\"ugb-columns__item ugb-3924ed6-content-wrapper\">\n<div class=\"wp-block-ugb-column ugb-column ugb-818e557 ugb-column--design-plain ugb-main-block\"><div class=\"ugb-inner-block\"><div class=\"ugb-block-content\"><div class=\"ugb-column__item ugb-818e557-column-wrapper\"><div class=\"ugb-column__content-wrapper\">\n<p><strong>Unde?<\/strong><br><strong>Karl\u00adsru\u00adher Sta\u00add\u00adtwer\u00adke \u2014 Kun\u00adden\u00adcen\u00adter<\/strong><br>Dax\u00adlan\u00adder\u00adstr. 72<br>76185 Karl\u00adsru\u00adhe<br>+49 (0)721 599 0<br><a href=\"about:blank\">https:\/\/www.stadtwerke-karlsruhe.de\/<\/a> &nbsp;<\/p>\n<\/div><\/div><\/div><\/div><\/div>\n\n\n\n<div class=\"wp-block-ugb-column ugb-column ugb-d3944c0 ugb-column--design-plain ugb-main-block\"><div class=\"ugb-inner-block\"><div class=\"ugb-block-content\"><div class=\"ugb-column__item ugb-d3944c0-column-wrapper\"><div class=\"ugb-column__content-wrapper\">\n<p><strong>Pro\u00adgram cu publi\u00adcul<\/strong><br>De luni p\u00e2n\u0103 joi: \u00eentre ore\u00adle 07:30 \u2014 16:30<br>Vineri: \u00eentre ore\u00adle 07:30 \u2014 15:00<\/p>\n<\/div><\/div><\/div><\/div><\/div>\n\n\n\n<div class=\"wp-block-ugb-column ugb-column ugb-fb71bac ugb-column--design-plain ugb-main-block\"><div class=\"ugb-inner-block\"><div class=\"ugb-block-content\"><div class=\"ugb-column__item ugb-fb71bac-column-wrapper\"><div class=\"ugb-column__content-wrapper\">\n<p><strong>Ce acte s\u0103 adu\u00adce\u0163i cu&nbsp;Dvs.?<\/strong><\/p>\n\n\n\n<div class=\"wp-block-kioken-visual-list kb-icon-list-items kb-icon-list-items_01e4c2-21 kb-icon-list-columns-1 alignnone\"><ul class=\"kb-icon-list\"><li class=\"kb-icon-list-style-default kt_flex_aligncenter kb-icon-list-item-wrap kb-icon-list-item-0\"><div style=\"display:inline-flex;justify-content:center;align-items:center\" class=\"kb-icon-list-single kb-icon-list-single-fe_checkCircle\"><svg viewBox=\"0 0 24 24\" height=\"20\" width=\"20\" fill=\"none\" stroke=\"currentColor\" stroke-width=\"2\" stroke-linecap=\"round\" stroke-linejoin=\"round\" style=\"fill:none;display:inline-block;vertical-align:middle\" role=\"img\" aria-hidden=\"true\"><path d=\"M22 11.08V12a10 10 0 1 1-5.93-9.14\" \/><polyline points=\"22 4 12 14.01 9 11.01\" \/><\/svg><\/div><span class=\"kb-icon-list-text\">Adre\u00adsa<\/span><\/li><li class=\"kb-icon-list-style-default kt_flex_aligncenter kb-icon-list-item-wrap kb-icon-list-item-1\"><div style=\"display:inline-flex;justify-content:center;align-items:center\" class=\"kb-icon-list-single kb-icon-list-single-fe_checkCircle\"><svg viewBox=\"0 0 24 24\" height=\"20\" width=\"20\" fill=\"none\" stroke=\"currentColor\" stroke-width=\"2\" stroke-linecap=\"round\" stroke-linejoin=\"round\" style=\"fill:none;display:inline-block;vertical-align:middle\" role=\"img\" aria-hidden=\"true\"><path d=\"M22 11.08V12a10 10 0 1 1-5.93-9.14\" \/><polyline points=\"22 4 12 14.01 9 11.01\" \/><\/svg><\/div><span class=\"kb-icon-list-text\">Data mut\u0103\u00adrii<\/span><\/li><li class=\"kb-icon-list-style-default kt_flex_aligncenter kb-icon-list-item-wrap kb-icon-list-item-2\"><div style=\"display:inline-flex;justify-content:center;align-items:center\" class=\"kb-icon-list-single kb-icon-list-single-fe_checkCircle\"><svg viewBox=\"0 0 24 24\" height=\"20\" width=\"20\" fill=\"none\" stroke=\"currentColor\" stroke-width=\"2\" stroke-linecap=\"round\" stroke-linejoin=\"round\" style=\"fill:none;display:inline-block;vertical-align:middle\" role=\"img\" aria-hidden=\"true\"><path d=\"M22 11.08V12a10 10 0 1 1-5.93-9.14\" \/><polyline points=\"22 4 12 14.01 9 11.01\" \/><\/svg><\/div><span class=\"kb-icon-list-text\">Num\u0103\u00adrul con\u00adto\u00adru\u00adlui \u0219i citi\u00adrea contorului<\/span><\/li><li class=\"kb-icon-list-style-default kt_flex_aligncenter kb-icon-list-item-wrap kb-icon-list-item-3\"><div style=\"display:inline-flex;justify-content:center;align-items:center\" class=\"kb-icon-list-single kb-icon-list-single-fe_checkCircle\"><svg viewBox=\"0 0 24 24\" height=\"20\" width=\"20\" fill=\"none\" stroke=\"currentColor\" stroke-width=\"2\" stroke-linecap=\"round\" stroke-linejoin=\"round\" style=\"fill:none;display:inline-block;vertical-align:middle\" role=\"img\" aria-hidden=\"true\"><path d=\"M22 11.08V12a10 10 0 1 1-5.93-9.14\" \/><polyline points=\"22 4 12 14.01 9 11.01\" \/><\/svg><\/div><span class=\"kb-icon-list-text\">Even\u00adtu\u00adal nume\u00adle chi\u00adri\u00ada\u00ad\u0219u\u00adlui anterior<\/span><\/li><\/ul><\/div>\n<\/div><\/div><\/div><\/div><\/div>\n<\/div><\/div><\/div><\/div>\n\n\n\n<h2 class=\"wp-block-heading\">\u00cen ce con\u00adstau cos\u00adtu\u00adri\u00adle mele de \u00eentre\u021binere?<\/h2>\n\n\n\n<p><strong>Chi\u00adria locu\u00adin\u00ad\u021bei = chi\u00adria net\u0103 (KM) + cos\u00adturi de \u00eentre\u00ad\u021bi\u00adne\u00adre (NK)<\/strong><\/p>\n\n\n\n<p>Chi\u00adria net\u0103 plus cos\u00adtu\u00adri\u00adle de \u00eentre\u00ad\u021bi\u00adne\u00adre se nume\u015f\u00adte War\u00adm\u00admi\u00ade\u00adte (WM).<\/p>\n\n\n\n<p><strong>Cos\u00adtu\u00adri\u00adle de \u00eentre\u00ad\u021bi\u00adne\u00adre<\/strong> sunt com\u00adpu\u00adse din chel\u00adtu\u00adie\u00adli\u00adle pentru:<\/p>\n\n\n\n<ul class=\"wp-block-list\"><li>ap\u0103<\/li><li>curent\/gaz<\/li><li>salu\u00adbri\u00adta\u00adte.<\/li><\/ul>\n\n\n\n<p>\u00centre\u00adba\u021bi care cos\u00adturi de \u00eentre\u00ad\u021bi\u00adne\u00adre sunt inclu\u00adse \u00een chi\u00adria Dvs. Une\u00adori pl\u0103ti\u021bi cos\u00adtu\u00adri\u00adle de \u00eentre\u00ad\u021bi\u00adne\u00adre direct pro\u00adpri\u00ade\u00adta\u00adru\u00adlui. \u00cens\u0103 exis\u00adt\u0103 \u0219i situ\u00ada\u00ad\u021bia \u00een care tre\u00adbu\u00adie s\u0103 v\u0103 \u00eenre\u00adgis\u00adtra\u021bi pen\u00adtru ali\u00admen\u00adta\u00adrea cu curent \u0219i s\u0103 o pl\u0103ti\u021bi chiar&nbsp;Dvs.<\/p>\n","protected":false},"excerpt":{"rendered":"<p>De obi\u00adcei tre\u00adbu\u00adie s\u0103 v\u0103 \u00eenre\u00adgis\u00adtra\u021bi per\u00adso\u00adnal numai pen\u00adtru ali\u00admen\u00adta\u00adrea cu curent \u0219i cu gaz. Acest lucru se face la uzi\u00adne\u00adle ora\u00ad\u0219u\u00adlui Karl\u00adsru\u00adhe (Sta\u00add\u00adtwer\u00adke Karl\u00adsru\u00adhe) sau la al\u0163i fur\u00adni\u00adzori. Aici&nbsp;<a class=\"moretag\" href=\"https:\/\/www.anika-net.de\/ro\/sosirea\/accomodation\/inregistrarea-pentru-alimentarea-cu-curent\/\">Citi\u021bi mai&nbsp;mult<\/a><\/p>\n","protected":false},"author":1,"featured_media":0,"parent":7213,"menu_order":12,"comment_status":"closed","ping_status":"closed","template":"","meta":{"_acf_changed":false,"inline_featured_image":false,"_uag_custom_page_level_css":"","wp_typography_post_enhancements_disabled":false,"footnotes":""},"class_list":["post-7239","page","type-page","status-publish","hentry"],"acf":[],"featured_image_urls_v2":{"full":"","thumbnail":"","medium":"","medium_large":"","large":"","1536x1536":"","2048x2048":"","event-overview":"","event-archive-thumb":"","grid-item-thumbnail":"","network-partner-icon":"","organiser-icon":"","gform-image-choice-sm":"","gform-image-choice-md":"","gform-image-choice-lg":""},"post_excerpt_stackable_v2":"<p>De obi\u00adcei tre\u00adbu\u00adie s\u0103 v\u0103 \u00eenre\u00adgis\u00adtra\u021bi per\u00adso\u00adnal numai pen\u00adtru ali\u00admen\u00adta\u00adrea cu curent \u0219i cu gaz. Acest lucru se face la uzi\u00adne\u00adle ora\u00ad\u0219u\u00adlui Karl\u00adsru\u00adhe (Sta\u00add\u00adtwer\u00adke Karl\u00adsru\u00adhe) sau la al\u0163i fur\u00adni\u00adzori. Aici este de aju\u00adtor s\u0103 cre\u00ada\u021bi o pla\u00adt\u0103 prin debit direct SEPA (SEPA-Las\u00adt\u00ads\u00adchriftve\u00adr\u00ad\u00adfa\u00ad\u00adhren). Ast\u00adfel vi se vor retra\u00adge cos\u00adtu\u00adri\u00adle pen\u00adtru curent direct din&nbsp;cont. Unde?Karl\u00adsru\u00adher Sta\u00add\u00adtwer\u00adke \u2014 Kun\u00adden\u00adcen\u00adterDax\u00adlan\u00adder\u00adstr. 7276185 Karl\u00adsru\u00adhe+49 (0)721 599 0https:\/\/www.stadtwerke-karlsruhe.de\/ &nbsp; Pro\u00adgram cu publi\u00adculDe luni p\u00e2n\u0103 joi: \u00eentre ore\u00adle 07:30 \u2014 16:30Vineri: \u00eentre ore\u00adle 07:30 \u2014 15:00 Ce acte s\u0103 adu\u00adce\u0163i cu&nbsp;Dvs.? Adre\u00adsaData mut\u0103\u00adriiNum\u0103\u00adrul con\u00adto\u00adru\u00adlui \u0219i citi\u00adrea contoruluiEven\u00adtu\u00adal nume\u00adle chi\u00adri\u00ada\u00ad\u0219u\u00adlui ante\u00adri\u00ador \u00cen ce con\u00adstau cos\u00adtu\u00adri\u00adle mele de \u00eentre\u00ad\u021bi\u00adne\u00adre? Chiria\u2026<\/p>\n","category_list_v2":"","author_info_v2":{"name":"saasweb-admin","url":"https:\/\/www.anika-net.de\/ro\/author\/saasweb-admin\/"},"comments_num_v2":"0 comments","uagb_featured_image_src":{"full":false,"thumbnail":false,"medium":false,"medium_large":false,"large":false,"1536x1536":false,"2048x2048":false,"event-overview":false,"event-archive-thumb":false,"grid-item-thumbnail":false,"network-partner-icon":false,"organiser-icon":false,"gform-image-choice-sm":false,"gform-image-choice-md":false,"gform-image-choice-lg":false},"uagb_author_info":{"display_name":"saasweb-admin","author_link":"https:\/\/www.anika-net.de\/ro\/author\/saasweb-admin\/"},"uagb_comment_info":0,"uagb_excerpt":"De obi\u00adcei tre\u00adbu\u00adie s\u0103 v\u0103 \u00eenre\u00adgis\u00adtra\u021bi per\u00adso\u00adnal numai pen\u00adtru ali\u00admen\u00adta\u00adrea cu curent \u0219i cu gaz. Acest lucru se face la uzi\u00adne\u00adle ora\u00ad\u0219u\u00adlui Karl\u00adsru\u00adhe (Sta\u00add\u00adtwer\u00adke Karl\u00adsru\u00adhe) sau la al\u0163i fur\u00adni\u00adzori. Aici&nbsp;Citi\u021bi mai mult","_links":{"self":[{"href":"https:\/\/www.anika-net.de\/ro\/wp-json\/wp\/v2\/pages\/7239","targetHints":{"allow":["GET"]}}],"collection":[{"href":"https:\/\/www.anika-net.de\/ro\/wp-json\/wp\/v2\/pages"}],"about":[{"href":"https:\/\/www.anika-net.de\/ro\/wp-json\/wp\/v2\/types\/page"}],"author":[{"embeddable":true,"href":"https:\/\/www.anika-net.de\/ro\/wp-json\/wp\/v2\/users\/1"}],"replies":[{"embeddable":true,"href":"https:\/\/www.anika-net.de\/ro\/wp-json\/wp\/v2\/comments?post=7239"}],"version-history":[{"count":0,"href":"https:\/\/www.anika-net.de\/ro\/wp-json\/wp\/v2\/pages\/7239\/revisions"}],"up":[{"embeddable":true,"href":"https:\/\/www.anika-net.de\/ro\/wp-json\/wp\/v2\/pages\/7213"}],"wp:attachment":[{"href":"https:\/\/www.anika-net.de\/ro\/wp-json\/wp\/v2\/media?parent=7239"}],"curies":[{"name":"wp","href":"https:\/\/api.w.org\/{rel}","templated":true}]}}