{"id":63897,"date":"2025-07-23T12:32:42","date_gmt":"2025-07-23T10:32:42","guid":{"rendered":"https:\/\/www.anika-net.de\/cum-sa-obtineti-o-reteta-in-karlsruhe\/"},"modified":"2025-07-24T13:58:35","modified_gmt":"2025-07-24T11:58:35","slug":"cum-sa-obtineti-o-reteta-in-karlsruhe","status":"publish","type":"page","link":"https:\/\/www.anika-net.de\/ro\/cum-sa-obtineti-o-reteta-in-karlsruhe\/","title":{"rendered":"Cum s\u0103 ob\u021bi\u00adne\u021bi o re\u021be\u00adt\u0103 \u0219i E\u2011Rezept"},"content":{"rendered":"\n<p>Pen\u00adtru a ob\u021bine o re\u021be\u00adt\u0103 \u00een Karl\u00adsru\u00adhe, pute\u021bi fie s\u0103 <strong>pro\u00adgra\u00adma\u021bi o \u00eent\u00e2l\u00adni\u00adre cu un medic<\/strong> pen\u00adtru a pri\u00admi o <strong>re\u021be\u00adt\u0103 elec\u00adtro\u00adni\u00adc\u0103 (\ufe0f<\/strong> <strong><a href=\"https:\/\/www.bundesgesundheitsministerium.de\/e-rezept\/faq-e-rezept-egk.html#:~:text=Daf%C3%BCr%20brauchen%20sie%20ihre%20elektronische,Papierausdruck%20ist%20nicht%20das%20Rezept.\" rel=\"noopener\">E\u2011Rezept<\/a>)<\/strong>, fie s\u0103 soli\u00adci\u00adta\u021bi una printr\u2011o <strong>plat\u00adfor\u00adm\u0103 onli\u00adne<\/strong> \u0219i s\u0103 o com\u00adple\u00adta\u021bi la o far\u00adma\u00adcie local\u0103.<\/p>\n\n<div class=\"wp-block-stackable-timeline stk-block-timeline stk-block-timeline--left stk-block stk-6186a26\" data-block-id=\"6186a26\"><style>@media screen and (max-width:900px){.stk-6186a26 .stk-inner-blocks:after{top:16px !important;}}<\/style><div class=\"stk-row stk-inner-blocks stk-block-content stk-content-align stk-6186a26-column\"><div class=\"stk-block-timeline__date\">1<\/div><div class=\"stk-block-timeline__middle\"><\/div><div class=\"stk-block-timeline__content\">\n<div class=\"wp-block-stackable-column stk-block-column stk-column stk-block stk-5a13f0f\" data-v=\"4\" data-block-id=\"5a13f0f\"><style>.stk-5a13f0f-container{margin-top:0px !important;margin-right:0px !important;margin-bottom:0px !important;margin-left:0px !important;}<\/style><div class=\"stk-column-wrapper stk-block-column__content stk-container stk-5a13f0f-container stk--no-background stk--no-padding\"><div class=\"stk-block-content stk-inner-blocks stk-5a13f0f-inner-blocks\">\n<div class=\"wp-block-stackable-text stk-block-text stk-block stk-693cc8f\" data-block-id=\"693cc8f\"><p class=\"stk-block-text__text\"><strong>Pro\u00adgra\u00adma\u00adre la medic<\/strong><br>Face\u021bi o pro\u00adgra\u00adma\u00adre la un medic din Karl\u00adsru\u00adhe.<br>Mul\u021bi medici eli\u00adbe\u00adrea\u00adz\u0103 acum <strong>re\u021be\u00adte elec\u00adtro\u00adni\u00adce (E\u2011Rezepte)<\/strong> \u00een locul celor pe h\u00e2rtie.<\/p><\/div>\n<\/div><\/div><\/div>\n<\/div><\/div><\/div>\n\n<div class=\"wp-block-stackable-timeline stk-block-timeline stk-block-timeline--right stk-block stk-efaac25\" data-block-id=\"efaac25\"><style>@media screen and (max-width:900px){.stk-efaac25 .stk-inner-blocks:after{top:16px !important;}}<\/style><div class=\"stk-row stk-inner-blocks stk-block-content stk-content-align stk-efaac25-column\"><div class=\"stk-block-timeline__date\">2<\/div><div class=\"stk-block-timeline__middle\"><\/div><div class=\"stk-block-timeline__content\">\n<div class=\"wp-block-stackable-column stk-block-column stk-column stk-block stk-94b2978\" data-v=\"4\" data-block-id=\"94b2978\"><style>.stk-94b2978-container{margin-top:0px !important;margin-right:0px !important;margin-bottom:0px !important;margin-left:0px !important;}<\/style><div class=\"stk-column-wrapper stk-block-column__content stk-container stk-94b2978-container stk--no-background stk--no-padding\"><div class=\"stk-block-content stk-inner-blocks stk-94b2978-inner-blocks\">\n<div class=\"wp-block-stackable-text stk-block-text stk-block stk-f481c20\" data-block-id=\"f481c20\"><p class=\"stk-block-text__text\"><strong>Apli\u00adca\u00ad\u021bia e\u2011prescrip\u021bie sau car\u00addul de asi\u00adgu\u00adr\u0103ri de s\u0103n\u0103\u00adta\u00adte<\/strong><br>Pute\u021bi s\u0103 v\u0103 eli\u00adbe\u00adra\u021bi re\u021be\u00adta elec\u00adtro\u00adni\u00adc\u0103 la far\u00adma\u00adcie uti\u00adli\u00adz\u00e2nd:<br>\u25aa <strong>Apli\u00adca\u00ad\u021bia \u201cDas E\u2011Rezept\u201d<\/strong> (gra\u00adtu\u00adit, prin gema\u00adtik) pe smar\u00adtpho\u00adne<br>\u25aa <strong>Car\u00addul elec\u00adtro\u00adnic de asi\u00adgu\u00adr\u0103ri de s\u0103n\u0103\u00adta\u00adte (eGK)<\/strong><\/p><\/div>\n<\/div><\/div><\/div>\n<\/div><\/div><\/div>\n\n<div class=\"wp-block-stackable-timeline stk-block-timeline stk-block-timeline--left stk-block stk-5401b38\" data-block-id=\"5401b38\"><style>@media screen and (max-width:900px){.stk-5401b38 .stk-inner-blocks:after{top:16px !important;}}<\/style><div class=\"stk-row stk-inner-blocks stk-block-content stk-content-align stk-5401b38-column\"><div class=\"stk-block-timeline__date\">3<\/div><div class=\"stk-block-timeline__middle\"><\/div><div class=\"stk-block-timeline__content\">\n<div class=\"wp-block-stackable-column stk-block-column stk-column stk-block stk-ea0ea8c\" data-v=\"4\" data-block-id=\"ea0ea8c\"><style>.stk-ea0ea8c-container{margin-top:0px !important;margin-right:0px !important;margin-bottom:0px !important;margin-left:0px !important;}<\/style><div class=\"stk-column-wrapper stk-block-column__content stk-container stk-ea0ea8c-container stk--no-background stk--no-padding\"><div class=\"stk-block-content stk-inner-blocks stk-ea0ea8c-inner-blocks\">\n<div class=\"wp-block-stackable-text stk-block-text stk-block stk-10c36ff\" data-block-id=\"10c36ff\"><p class=\"stk-block-text__text\"><strong>Impri\u00admat pe h\u00e2r\u00adtie cu codul re\u021be\u00adtei<\/strong><br>Dac\u0103 nu ave\u021bi un smar\u00adtpho\u00adne sau un eGK, medi\u00adcul v\u0103 poa\u00adte oferi un impri\u00admat pe h\u00e2r\u00adtie cu codul re\u021betei.<\/p><\/div>\n<\/div><\/div><\/div>\n<\/div><\/div><\/div>\n\n<div class=\"wp-block-stackable-timeline stk-block-timeline stk-block-timeline--right stk-is-last stk-block stk-b615387\" data-block-id=\"b615387\"><style>@media screen and (max-width:900px){.stk-b615387 .stk-inner-blocks:after{top:16px !important;bottom:calc(0px + (100% - 0px) - 16px) !important;}}<\/style><div class=\"stk-row stk-inner-blocks stk-block-content stk-content-align stk-b615387-column\"><div class=\"stk-block-timeline__date\">4<\/div><div class=\"stk-block-timeline__middle\"><\/div><div class=\"stk-block-timeline__content\">\n<div class=\"wp-block-stackable-column stk-block-column stk-column stk-block stk-07f819a\" data-v=\"4\" data-block-id=\"07f819a\"><style>.stk-07f819a-container{margin-top:0px !important;margin-right:0px !important;margin-bottom:0px !important;margin-left:0px !important;}<\/style><div class=\"stk-column-wrapper stk-block-column__content stk-container stk-07f819a-container stk--no-background stk--no-padding\"><div class=\"stk-block-content stk-inner-blocks stk-07f819a-inner-blocks\">\n<div class=\"wp-block-stackable-text stk-block-text stk-block stk-ff4be8d\" data-block-id=\"ff4be8d\"><p class=\"stk-block-text__text\"><strong>Far\u00adma\u00adcie<\/strong><br>Vizi\u00adta\u021bi o far\u00adma\u00adcie din Karl\u00adsru\u00adhe.<br>V\u0103 vor sca\u00adna <strong>codul re\u021be\u00adtei<\/strong> sau v\u0103 vor citi <strong>eGK<\/strong> pen\u00adtru a v\u0103 fur\u00adni\u00adza medicamentul.<\/p><\/div>\n<\/div><\/div><\/div>\n<\/div><\/div><\/div>\n\n<h3 class=\"wp-block-heading\"><span style=\"color: #0a9490;\" class=\"stk-highlight\">Infor\u00adma\u00ad\u021bii suplimentare<\/span><\/h3>\n\n<div class=\"wp-block-stackable-tabs stk-block-tabs stk-block stk-b354c08\" data-initial-tab=\"1\" data-block-id=\"b354c08\"><style>.stk-b354c08 .stk-block-tab-content .stk-block-content .stk-block-column[hidden]{display:none !important;}<\/style><div class=\"stk-row stk-inner-blocks stk-block-content stk-block-tabs--horizontal stk-block-tabs--fade stk-content-align stk-b354c08-column\">\n<div class=\"wp-block-stackable-tab-labels stk-block-tab-labels stk-block stk-fdea21c\" data-block-id=\"fdea21c\"><style>.stk-fdea21c .stk-block-tabs__tab{color:#999999 !important;background:transparent !important;border-style:solid !important;border-color:transparent !important;border-top-width:0px !important;border-right-width:0px !important;border-bottom-width:2px !important;border-left-width:0px !important;}.stk-fdea21c .stk-block-tabs__tab.stk-block-tabs__tab--active .stk-block-tab-labels__text{color:#000000 !important;}.stk-fdea21c {box-shadow:inset 0px -1px 0px 0px #0000001a !important;}.stk-fdea21c .stk-block-tab-labels__text{color:#999999 !important;}.stk-fdea21c .stk-block-tabs__tab .stk--inner-svg svg:last-child, .stk-fdea21c .stk-block-tabs__tab .stk--inner-svg svg:last-child :is(g, path, rect, polygon, ellipse){fill:#909090 !important;}.stk-fdea21c .stk-block-tabs__tab:not(.stk-block-tabs__tab--active):hover .stk--inner-svg svg:last-child, .stk-fdea21c .stk-block-tabs__tab:not(.stk-block-tabs__tab--active):hover .stk--inner-svg svg:last-child :is(g, path, rect, polygon, ellipse){fill:#909090 !important;}.stk-fdea21c .stk-block-tabs__tab.stk-block-tabs__tab--active{border-color:#000000 !important;}.stk-fdea21c .stk-block-tabs__tab.stk-block-tabs__tab--active .stk--inner-svg svg:last-child, .stk-fdea21c .stk-block-tabs__tab.stk-block-tabs__tab--active .stk--inner-svg svg:last-child :is(g, path, rect, polygon, ellipse){fill:#000000 !important;}.stk-fdea21c .stk-block-tabs__tab.stk-block-tabs__tab--active:hover .stk--inner-svg svg:last-child, .stk-fdea21c .stk-block-tabs__tab.stk-block-tabs__tab--active:hover .stk--inner-svg svg:last-child :is(g, path, rect, polygon, ellipse){fill:#000000 !important;}<\/style><div class=\"stk-block-tab-labels__wrapper\" role=\"tablist\"><button class=\"stk-block-tabs__tab\" role=\"tab\"><div class=\"stk-block-tab-labels__text\"><span><strong>Asigur\u0103ri de s\u0103n\u0103tate<\/strong><\/span><\/div><\/button><button class=\"stk-block-tabs__tab\" role=\"tab\"><div class=\"stk-block-tab-labels__text\"><span><strong>Doctori online<\/strong><\/span><\/div><\/button><\/div><\/div>\n\n\n\n<div class=\"wp-block-stackable-tab-content stk-block-tab-content stk-block stk-919d0b0\" data-block-id=\"919d0b0\"><div class=\"stk-row stk-inner-blocks stk-block-content stk-content-align stk-919d0b0-column\">\n<div class=\"wp-block-stackable-column stk-block-column stk-column stk-block stk-aca577e\" data-v=\"4\" role=\"tabpanel\" data-block-id=\"aca577e\"><div class=\"stk-column-wrapper stk-block-column__content stk-container stk-aca577e-container stk--no-background stk--no-padding\"><div class=\"stk-block-content stk-inner-blocks stk-aca577e-inner-blocks\">\n<p>Veri\u00adfi\u00adca\u021bi la fur\u00adni\u00adzo\u00adrul dum\u00adne\u00ada\u00advoas\u00adtr\u0103 de asi\u00adgu\u00adr\u0103ri de s\u0103n\u0103\u00adta\u00adte dac\u0103 aco\u00adpe\u00adr\u0103 <strong>con\u00adsul\u00adta\u00ad\u021bi\u00adi\u00adle onli\u00adne<\/strong> sau <strong>far\u00adma\u00adci\u00adi\u00adle onli\u00adne<\/strong>.<\/p>\n<\/div><\/div><\/div>\n\n\n\n<div class=\"wp-block-stackable-column stk-block-column stk-column stk-block stk-8949c9a\" data-v=\"4\" role=\"tabpanel\" data-block-id=\"8949c9a\"><div class=\"stk-column-wrapper stk-block-column__content stk-container stk-8949c9a-container stk--no-background stk--no-padding\"><div class=\"stk-block-content stk-inner-blocks stk-8949c9a-inner-blocks\">\n<p>Une\u00adle <strong>ser\u00advi\u00adcii medi\u00adca\u00adle onli\u00adne<\/strong> ofe\u00adr\u0103, de ase\u00adme\u00adnea, re\u021be\u00adte elec\u00adtro\u00adni\u00adce, pe care le pute\u021bi com\u00adple\u00adta apoi la o far\u00adma\u00adcie local\u0103.<\/p>\n<\/div><\/div><\/div>\n<\/div><\/div>\n<\/div><\/div>\n\n<h2 class=\"wp-block-heading\"><span style=\"color: #0788a9;\" class=\"stk-highlight\">E\u2011Rezept<\/span><\/h2>\n\n<p>\u00cence\u00adp\u00e2nd cu iulie 2023, per\u00adsoa\u00adne\u00adle asi\u00adgu\u00adra\u00adte au posi\u00adbi\u00adli\u00adta\u00adtea de a r\u0103s\u00adcum\u00adp\u0103\u00adra re\u021be\u00adte\u00adle elec\u00adtro\u00adni\u00adce \u00een mod digi\u00adtal, uti\u00adli\u00adz\u00e2nd car\u00addul elec\u00adtro\u00adnic de s\u0103n\u0103\u00adta\u00adte (eHC).<\/p>\n\n<p>\ufe0f <a href=\"https:\/\/www.das-e-rezept-fuer-deutschland.de\/\" rel=\"noopener\"><strong>Apli\u00adca\u00ad\u021bia \u201cThe E\u2011Rezept<\/strong> <strong>des\u00adc\u0103r\u00adca\u00adre<\/strong> <\/a> <\/p>\n\n<p><\/p>\n","protected":false},"excerpt":{"rendered":"<p>Pen\u00adtru a ob\u021bine o re\u021be\u00adt\u0103 \u00een Karl\u00adsru\u00adhe, pute\u021bi fie s\u0103 pro\u00adgra\u00adma\u021bi o \u00eent\u00e2l\u00adni\u00adre cu un medic pen\u00adtru a pri\u00admi o re\u021be\u00adt\u0103 elec\u00adtro\u00adni\u00adc\u0103 (\ufe0f E\u2011Rezept), fie s\u0103 soli\u00adci\u00adta\u021bi una printr\u2011o plat\u00adfor\u00adm\u0103&nbsp;<a class=\"moretag\" href=\"https:\/\/www.anika-net.de\/ro\/cum-sa-obtineti-o-reteta-in-karlsruhe\/\">Citi\u021bi mai&nbsp;mult<\/a><\/p>\n","protected":false},"author":12,"featured_media":0,"parent":0,"menu_order":0,"comment_status":"closed","ping_status":"closed","template":"","meta":{"_acf_changed":false,"inline_featured_image":false,"_uag_custom_page_level_css":"","wp_typography_post_enhancements_disabled":false,"footnotes":""},"class_list":["post-63897","page","type-page","status-publish","hentry"],"acf":[],"featured_image_urls_v2":{"full":"","thumbnail":"","medium":"","medium_large":"","large":"","1536x1536":"","2048x2048":"","event-overview":"","event-archive-thumb":"","grid-item-thumbnail":"","network-partner-icon":"","organiser-icon":"","gform-image-choice-sm":"","gform-image-choice-md":"","gform-image-choice-lg":""},"post_excerpt_stackable_v2":"<p>Pen\u00adtru a ob\u021bine o re\u021be\u00adt\u0103 \u00een Karl\u00adsru\u00adhe, pute\u021bi fie s\u0103 pro\u00adgra\u00adma\u021bi o \u00eent\u00e2l\u00adni\u00adre cu un medic pen\u00adtru a pri\u00admi o re\u021be\u00adt\u0103 elec\u00adtro\u00adni\u00adc\u0103 (\ufe0f E\u2011Rezept), fie s\u0103 soli\u00adci\u00adta\u021bi una printr\u2011o plat\u00adfor\u00adm\u0103 onli\u00adne \u0219i s\u0103 o com\u00adple\u00adta\u021bi la o far\u00adma\u00adcie loca\u00adl\u0103. 1 Pro\u00adgra\u00adma\u00adre la medi\u00adc\u00adFa\u00adce\u021bi o pro\u00adgra\u00adma\u00adre la un medic din Karl\u00adsru\u00adhe.Mul\u021bi medici eli\u00adbe\u00adrea\u00adz\u0103 acum re\u021be\u00adte elec\u00adtro\u00adni\u00adce (E\u2011Rezepte) \u00een locul celor pe h\u00e2r\u00adtie. 2 Apli\u00adca\u00ad\u021bia e\u2011prescrip\u021bie sau car\u00addul de asi\u00adgu\u00adr\u0103ri de s\u0103n\u0103\u00adta\u00adtePute\u021bi s\u0103 v\u0103 eli\u00adbe\u00adra\u021bi re\u021be\u00adta elec\u00adtro\u00adni\u00adc\u0103 la far\u00adma\u00adcie uti\u00adli\u00adz\u00e2nd:\u25aa Apli\u00adca\u00ad\u021bia \u201cDas E\u2011Rezept\u201d (gra\u00adtu\u00adit, prin gema\u00adtik) pe smar\u00adtpho\u00adne\u25aa Car\u00addul elec\u00adtro\u00adnic de asi\u00adgu\u00adr\u0103ri de s\u0103n\u0103\u00adta\u00adte (eGK) 3 Impri\u00admat pe h\u00e2r\u00adtie cu codul re\u021beteiDac\u0103\u2026<\/p>\n","category_list_v2":"","author_info_v2":{"name":"Andrea Ramirez","url":"https:\/\/www.anika-net.de\/ro\/author\/andrea-ramirez\/"},"comments_num_v2":"0 comments","uagb_featured_image_src":{"full":false,"thumbnail":false,"medium":false,"medium_large":false,"large":false,"1536x1536":false,"2048x2048":false,"event-overview":false,"event-archive-thumb":false,"grid-item-thumbnail":false,"network-partner-icon":false,"organiser-icon":false,"gform-image-choice-sm":false,"gform-image-choice-md":false,"gform-image-choice-lg":false},"uagb_author_info":{"display_name":"Andrea Ramirez","author_link":"https:\/\/www.anika-net.de\/ro\/author\/andrea-ramirez\/"},"uagb_comment_info":0,"uagb_excerpt":"Pen\u00adtru a ob\u021bine o re\u021be\u00adt\u0103 \u00een Karl\u00adsru\u00adhe, pute\u021bi fie s\u0103 pro\u00adgra\u00adma\u021bi o \u00eent\u00e2l\u00adni\u00adre cu un medic pen\u00adtru a pri\u00admi o re\u021be\u00adt\u0103 elec\u00adtro\u00adni\u00adc\u0103 (\ufe0f E\u2011Rezept), fie s\u0103 soli\u00adci\u00adta\u021bi una printr\u2011o plat\u00adfor\u00adm\u0103&nbsp;Citi\u021bi mai mult","_links":{"self":[{"href":"https:\/\/www.anika-net.de\/ro\/wp-json\/wp\/v2\/pages\/63897","targetHints":{"allow":["GET"]}}],"collection":[{"href":"https:\/\/www.anika-net.de\/ro\/wp-json\/wp\/v2\/pages"}],"about":[{"href":"https:\/\/www.anika-net.de\/ro\/wp-json\/wp\/v2\/types\/page"}],"author":[{"embeddable":true,"href":"https:\/\/www.anika-net.de\/ro\/wp-json\/wp\/v2\/users\/12"}],"replies":[{"embeddable":true,"href":"https:\/\/www.anika-net.de\/ro\/wp-json\/wp\/v2\/comments?post=63897"}],"version-history":[{"count":3,"href":"https:\/\/www.anika-net.de\/ro\/wp-json\/wp\/v2\/pages\/63897\/revisions"}],"predecessor-version":[{"id":63945,"href":"https:\/\/www.anika-net.de\/ro\/wp-json\/wp\/v2\/pages\/63897\/revisions\/63945"}],"wp:attachment":[{"href":"https:\/\/www.anika-net.de\/ro\/wp-json\/wp\/v2\/media?parent=63897"}],"curies":[{"name":"wp","href":"https:\/\/api.w.org\/{rel}","templated":true}]}}