{"id":63626,"date":"2025-07-17T11:13:08","date_gmt":"2025-07-17T09:13:08","guid":{"rendered":"https:\/\/www.anika-net.de\/%f0%9f%a7%a1-faceti-cunostinta-cu-voluntarii-nostri\/"},"modified":"2025-07-17T11:13:09","modified_gmt":"2025-07-17T09:13:09","slug":"%f0%9f%a7%a1-faceti-cunostinta-cu-voluntarii-nostri","status":"publish","type":"page","link":"https:\/\/www.anika-net.de\/ro\/%f0%9f%a7%a1-faceti-cunostinta-cu-voluntarii-nostri\/","title":{"rendered":"\ud83e\udde1 Face\u021bi cuno\u0219\u00adtin\u00ad\u021b\u0103 cu volun\u00adta\u00adrii no\u0219tri"},"content":{"rendered":"\n<p><strong><span style=\"color: #5e5d5d;\" class=\"stk-highlight\">Ani\u00adKA \u2014 <\/span><em><span style=\"color: #abb8c3;\" class=\"stk-highlight\">Sosi\u00adrea \u00een Karl\u00adsru\u00adhe<\/span><\/em><\/strong> nu ar fi posi\u00adbi\u00adl\u0103 f\u0103r\u0103 spri\u00adji\u00adnul extra\u00ador\u00addi\u00adnar al volun\u00adta\u00adri\u00adlor no\u0219tri!<\/p>\n\n<p>Fie c\u0103 <strong>tra\u00adduc con\u00ad\u021bi\u00adnu\u00adtul<\/strong>, <strong>r\u0103s\u00adp\u00e2n\u00addesc ves\u00adtea la eve\u00adni\u00admen\u00adte<\/strong> sau <strong>cre\u00adea\u00adz\u0103 pos\u00adt\u0103ri pen\u00adtru soci\u00adal media<\/strong>, echi\u00adpa noas\u00adtr\u0103 de volun\u00adtari dedi\u00adca\u021bi aju\u00adt\u0103 la men\u00ad\u021bi\u00adne\u00adrea Ani\u00adKA acti\u00adv\u0103, acce\u00adsi\u00adbi\u00adl\u0103 \u0219i multilingv\u0103.<\/p>\n\n<p>Ei \u00ee\u0219i aduc talen\u00adte\u00adle, lim\u00adbi\u00adle \u0219i expe\u00adrien\u00ad\u021be\u00adle per\u00adso\u00adna\u00adle pen\u00adtru a face Karl\u00adsru\u00adhe mai pri\u00admi\u00adtor pen\u00adtru noii veni\u021bi din \u00eentrea\u00adga&nbsp;lume.<\/p>\n\n<p><strong>Sun\u00adtem m\u00e2n\u00addri s\u0103 v\u0103 pre\u00adzen\u00adt\u0103m c\u00e2te\u00adva din\u00adtre per\u00adsoa\u00adne\u00adle din spa\u00adte\u00adle Ani\u00adKA<\/strong> \u2014 fie\u00adca\u00adre cu pro\u00adpria poves\u00adte \u0219i moti\u00adva\u00ad\u021bie de a\u2011i aju\u00adta pe al\u021bii s\u0103 se sim\u00adt\u0103 ca&nbsp;acas\u0103.<\/p>\n\n<div class=\"wp-block-stackable-spacer stk-block-spacer stk--no-padding stk-block stk-83e1c08\" data-block-id=\"83e1c08\"><\/div>\n\n<div class=\"wp-block-stackable-columns alignfull stk-block-columns stk-block stk-e3259ae\" data-block-id=\"e3259ae\"><div class=\"stk-row stk-inner-blocks stk-block-content stk-content-align stk-e3259ae-column alignwide\">\n<div class=\"wp-block-stackable-column stk-block-column stk-column stk-block stk-b3111f5\" data-v=\"4\" data-block-id=\"b3111f5\"><div class=\"stk-column-wrapper stk-block-column__content stk-container stk-b3111f5-container stk--no-background stk--no-padding\"><div class=\"stk-block-content stk-inner-blocks stk-b3111f5-inner-blocks\">\n<div class=\"wp-block-stackable-heading stk-block-heading stk-block-heading--v2 stk-block stk-064ad94\" id=\"aida-ayani\" data-block-id=\"064ad94\"><style>.stk-064ad94 .stk-block-heading__top-line{margin-bottom:24px !important;margin-left:auto !important;margin-right:auto !important;}<\/style><div class=\"stk-block-heading__top-line\"><\/div><h2 class=\"stk-block-heading__text has-text-align-center\">Aida Ayani<\/h2><\/div>\n\n\n\n<div class=\"wp-block-stackable-text stk-block-text stk-block stk-30cb4ce\" data-block-id=\"30cb4ce\"><p class=\"stk-block-text__text has-text-align-center\"><em>Volun\u00adtar<\/em><\/p><\/div>\n\n\n\n<div class=\"wp-block-stackable-columns stk-block-columns stk-block stk-4b944c8\" data-block-id=\"4b944c8\"><div class=\"stk-row stk-inner-blocks stk-block-content stk-content-align stk-4b944c8-column\">\n<div class=\"wp-block-stackable-column stk-block-column stk-column stk-block stk-248f42e\" data-v=\"4\" data-block-id=\"248f42e\"><style>.stk-248f42e-inner-blocks{justify-content:center !important;}<\/style><div class=\"stk-column-wrapper stk-block-column__content stk-container stk-248f42e-container stk--no-background stk--no-padding\"><div class=\"stk--column-flex stk-block-content stk-inner-blocks stk-248f42e-inner-blocks\">\n<div class=\"wp-block-stackable-image stk-block-image stk-block stk-a66505d\" data-block-id=\"a66505d\"><style>.stk-a66505d .stk-img-wrapper{width:40% !important;}.stk-a66505d .stk-img-wrapper img{border-radius:999px !important;}<\/style><figure><span class=\"stk-img-wrapper stk-image--shape-stretch\"><img decoding=\"async\" class=\"stk-img wp-image-63381\" src=\"https:\/\/www.anika-net.de\/wp-content\/uploads\/2025\/07\/Aida-Ayani-scaled.jpeg\" width=\"1920\" height=\"2560\" srcset=\"https:\/\/www.anika-net.de\/wp-content\/uploads\/2025\/07\/Aida-Ayani-scaled.jpeg 1920w, https:\/\/www.anika-net.de\/wp-content\/uploads\/2025\/07\/Aida-Ayani-225x300.jpeg 225w, https:\/\/www.anika-net.de\/wp-content\/uploads\/2025\/07\/Aida-Ayani-768x1024.jpeg 768w, https:\/\/www.anika-net.de\/wp-content\/uploads\/2025\/07\/Aida-Ayani-1152x1536.jpeg 1152w, https:\/\/www.anika-net.de\/wp-content\/uploads\/2025\/07\/Aida-Ayani-1536x2048.jpeg 1536w, https:\/\/www.anika-net.de\/wp-content\/uploads\/2025\/07\/Aida-Ayani-480x640.jpeg 480w\" sizes=\"(max-width: 1920px) 100vw, 1920px\"><\/span><\/figure><\/div>\n<\/div><\/div><\/div>\n\n\n\n<div class=\"wp-block-stackable-column stk-block-column stk-column stk-block stk-e932353\" data-v=\"4\" data-block-id=\"e932353\"><div class=\"stk-column-wrapper stk-block-column__content stk-container stk-e932353-container stk--no-background stk--no-padding\"><div class=\"stk-block-content stk-inner-blocks stk-e932353-inner-blocks stk--align-last-block-to-bottom\">\n<div class=\"wp-block-stackable-columns stk-block-columns stk-block stk-f2d4734\" data-block-id=\"f2d4734\"><div class=\"stk-row stk-inner-blocks stk-block-content stk-content-align stk-f2d4734-column\">\n<div class=\"wp-block-stackable-column stk-block-column stk-column stk-block stk-3eb077a\" data-v=\"4\" data-block-id=\"3eb077a\"><div class=\"stk-column-wrapper stk-block-column__content stk-container stk-3eb077a-container stk--no-background stk--no-padding\"><div class=\"stk-block-content stk-inner-blocks stk-3eb077a-inner-blocks\">\n<div class=\"wp-block-stackable-icon stk-block-icon has-text-align-left stk-block stk-83f8a2e\" data-block-id=\"83f8a2e\"><style>.stk-83f8a2e {margin-bottom:0px !important;}<\/style><span class=\"stk--svg-wrapper\"><div class=\"stk--inner-svg\"><svg style=\"height:0;width:0\"><defs><linearGradient id=\"linear-gradient-83f8a2e\" x1=\"0\" x2=\"100%\" y1=\"0\" y2=\"0\"><stop offset=\"0%\" style=\"stop-opacity:1;stop-color:var(--linear-gradient-83-f-8-a-2-e-color-1)\" \/><stop offset=\"100%\" style=\"stop-opacity:1;stop-color:var(--linear-gradient-83-f-8-a-2-e-color-2)\" \/><\/linearGradient><\/defs><\/svg><svg viewBox=\"0 0 448 512\" aria-hidden=\"true\" width=\"32\" height=\"32\"><path d=\"M0 216C0 149.7 53.7 96 120 96h8c17.7 0 32 14.3 32 32s-14.3 32-32 32h-8c-30.9 0-56 25.1-56 56v8h64c35.3 0 64 28.7 64 64v64c0 35.3-28.7 64-64 64H64c-35.3 0-64-28.7-64-64V320 288 216zm256 0c0-66.3 53.7-120 120-120h8c17.7 0 32 14.3 32 32s-14.3 32-32 32h-8c-30.9 0-56 25.1-56 56v8h64c35.3 0 64 28.7 64 64v64c0 35.3-28.7 64-64 64H320c-35.3 0-64-28.7-64-64V320 288 216z\" \/><\/svg><\/div><\/span><\/div>\n\n\n\n<div class=\"wp-block-stackable-text stk-block-text stk-block stk-1276d9c\" data-block-id=\"1276d9c\"><style>.stk-1276d9c {max-width:80% !important;min-width:auto !important;margin-right:auto !important;margin-bottom:0px !important;margin-left:auto !important;}<\/style><p class=\"stk-block-text__text\">Nume\u00adle meu este Aida Ayani \u0219i vin din Iran. \u00cenc\u0103 din tim\u00adpul \u0219co\u00adlii, \u00eemi pl\u0103\u00adcea s\u0103 iau par\u00adte la pro\u00adiec\u00adte de volun\u00adta\u00adri\u00adat \u2014 \u0219i bucu\u00adria de a m\u0103 impli\u00adca a r\u0103mas cu mine aici, \u00een Ger\u00adma\u00adnia. <br><br>La <strong>\u201cAni\u00adKA \u2014 Wel\u00adco\u00adme to Karl\u00adsru\u00adhe\u201d,<\/strong> sunt res\u00adpon\u00adsa\u00adbi\u00adl\u0103 de <strong>sec\u00ad\u021biu\u00adnea \u00een lim\u00adba per\u00adsa\u00adn\u0103<\/strong> a site-ului nos\u00adtru web, aju\u00adt\u00e2nd noii veni\u021bi vor\u00adbi\u00adtori de far\u00adsi s\u0103 se orien\u00adte\u00adze mai u\u0219or.<br><br>Pen\u00adtru mine, Ani\u00adKA este o moda\u00adli\u00adta\u00adte minu\u00adna\u00adt\u0103 de a adu\u00adce o <strong>con\u00adtri\u00adbu\u00ad\u021bie pozi\u00adti\u00adv\u0103<\/strong> \u0219i de a m\u0103 conec\u00adta cu oameni care cred \u00een <strong>soli\u00adda\u00adri\u00adta\u00adte \u0219i comu\u00adni\u00adta\u00adte<\/strong>.<\/p><\/div>\n\n\n\n<div class=\"wp-block-stackable-icon stk-block-icon has-text-align-right stk-block stk-90013f4\" data-block-id=\"90013f4\"><span class=\"stk--svg-wrapper\"><div class=\"stk--inner-svg\"><svg style=\"height:0;width:0\"><defs><linearGradient id=\"linear-gradient-90013f4\" x1=\"0\" x2=\"100%\" y1=\"0\" y2=\"0\"><stop offset=\"0%\" style=\"stop-opacity:1;stop-color:var(--linear-gradient-90013-f-4-color-1)\" \/><stop offset=\"100%\" style=\"stop-opacity:1;stop-color:var(--linear-gradient-90013-f-4-color-2)\" \/><\/linearGradient><\/defs><\/svg><svg viewBox=\"0 0 448 512\" aria-hidden=\"true\" width=\"32\" height=\"32\"><path d=\"M448 296c0 66.3-53.7 120-120 120h-8c-17.7 0-32-14.3-32-32s14.3-32 32-32h8c30.9 0 56-25.1 56-56v-8H320c-35.3 0-64-28.7-64-64V160c0-35.3 28.7-64 64-64h64c35.3 0 64 28.7 64 64v32 32 72zm-256 0c0 66.3-53.7 120-120 120H64c-17.7 0-32-14.3-32-32s14.3-32 32-32h8c30.9 0 56-25.1 56-56v-8H64c-35.3 0-64-28.7-64-64V160c0-35.3 28.7-64 64-64h64c35.3 0 64 28.7 64 64v32 32 72z\" \/><\/svg><\/div><\/span><\/div>\n<\/div><\/div><\/div>\n<\/div><\/div>\n\n\n\n<div class=\"wp-block-stackable-columns stk-block-columns stk-block stk-e26320c\" data-block-id=\"e26320c\"><div class=\"stk-row stk-inner-blocks stk-block-content stk-content-align stk-e26320c-column\">\n<div class=\"wp-block-stackable-column stk-block-column stk-column stk-block stk-2f677d1\" data-v=\"4\" data-block-id=\"2f677d1\"><div class=\"stk-column-wrapper stk-block-column__content stk-container stk-2f677d1-container stk--no-background stk--no-padding\"><div class=\"stk-block-content stk-inner-blocks stk-2f677d1-inner-blocks\"><\/div><\/div><\/div>\n<\/div><\/div>\n<\/div><\/div><\/div>\n<\/div><\/div>\n<\/div><\/div><\/div>\n<\/div><\/div>\n\n<p><\/p>\n\n<div class=\"wp-block-stackable-columns alignfull stk-block-columns stk-block stk-15a6b35\" data-block-id=\"15a6b35\"><div class=\"stk-row stk-inner-blocks stk-block-content stk-content-align stk-15a6b35-column alignwide\">\n<div class=\"wp-block-stackable-column stk-block-column stk-column stk-block stk-e401444\" data-v=\"4\" data-block-id=\"e401444\"><div class=\"stk-column-wrapper stk-block-column__content stk-container stk-e401444-container stk--no-background stk--no-padding\"><div class=\"stk-block-content stk-inner-blocks stk-e401444-inner-blocks\">\n<div class=\"wp-block-stackable-heading stk-block-heading stk-block-heading--v2 stk-block stk-71f1708\" id=\"kiana-kalantari\" data-block-id=\"71f1708\"><style>.stk-71f1708 .stk-block-heading__top-line{margin-bottom:24px !important;margin-left:auto !important;margin-right:auto !important;}<\/style><div class=\"stk-block-heading__top-line\"><\/div><h2 class=\"stk-block-heading__text has-text-align-center\">Kia\u00adna Kalantari<\/h2><\/div>\n\n\n\n<div class=\"wp-block-stackable-text stk-block-text stk-block stk-df5d039\" data-block-id=\"df5d039\"><p class=\"stk-block-text__text has-text-align-center\"><em>Volun\u00adtar<\/em><\/p><\/div>\n\n\n\n<div class=\"wp-block-stackable-columns stk-block-columns stk-block stk-fcae891\" data-block-id=\"fcae891\"><div class=\"stk-row stk-inner-blocks stk-block-content stk-content-align stk-fcae891-column\">\n<div class=\"wp-block-stackable-column stk-block-column stk-column stk-block stk-4ec356c\" data-v=\"4\" data-block-id=\"4ec356c\"><style>.stk-4ec356c-inner-blocks{justify-content:center !important;}<\/style><div class=\"stk-column-wrapper stk-block-column__content stk-container stk-4ec356c-container stk--no-background stk--no-padding\"><div class=\"stk--column-flex stk-block-content stk-inner-blocks stk-4ec356c-inner-blocks\">\n<div class=\"wp-block-stackable-image stk-block-image stk-block stk-306c5bc\" data-block-id=\"306c5bc\"><style>.stk-306c5bc .stk-img-wrapper{width:40% !important;}.stk-306c5bc .stk-img-wrapper img{border-radius:999px !important;}<\/style><figure><span class=\"stk-img-wrapper stk-image--shape-stretch\"><img decoding=\"async\" class=\"stk-img wp-image-63586\" src=\"https:\/\/www.anika-net.de\/wp-content\/uploads\/2025\/07\/Kiana-Kalantari.jpeg\" width=\"1544\" height=\"2177\" srcset=\"https:\/\/www.anika-net.de\/wp-content\/uploads\/2025\/07\/Kiana-Kalantari.jpeg 1544w, https:\/\/www.anika-net.de\/wp-content\/uploads\/2025\/07\/Kiana-Kalantari-213x300.jpeg 213w, https:\/\/www.anika-net.de\/wp-content\/uploads\/2025\/07\/Kiana-Kalantari-726x1024.jpeg 726w, https:\/\/www.anika-net.de\/wp-content\/uploads\/2025\/07\/Kiana-Kalantari-768x1083.jpeg 768w, https:\/\/www.anika-net.de\/wp-content\/uploads\/2025\/07\/Kiana-Kalantari-1089x1536.jpeg 1089w, https:\/\/www.anika-net.de\/wp-content\/uploads\/2025\/07\/Kiana-Kalantari-1453x2048.jpeg 1453w, https:\/\/www.anika-net.de\/wp-content\/uploads\/2025\/07\/Kiana-Kalantari-480x677.jpeg 480w\" sizes=\"(max-width: 1544px) 100vw, 1544px\"><\/span><\/figure><\/div>\n<\/div><\/div><\/div>\n\n\n\n<div class=\"wp-block-stackable-column stk-block-column stk-column stk-block stk-d5acd51\" data-v=\"4\" data-block-id=\"d5acd51\"><div class=\"stk-column-wrapper stk-block-column__content stk-container stk-d5acd51-container stk--no-background stk--no-padding\"><div class=\"stk-block-content stk-inner-blocks stk-d5acd51-inner-blocks stk--align-last-block-to-bottom\">\n<div class=\"wp-block-stackable-columns stk-block-columns stk-block stk-f1cec3f\" data-block-id=\"f1cec3f\"><div class=\"stk-row stk-inner-blocks stk-block-content stk-content-align stk-f1cec3f-column\">\n<div class=\"wp-block-stackable-column stk-block-column stk-column stk-block stk-5a7b360\" data-v=\"4\" data-block-id=\"5a7b360\"><div class=\"stk-column-wrapper stk-block-column__content stk-container stk-5a7b360-container stk--no-background stk--no-padding\"><div class=\"stk-block-content stk-inner-blocks stk-5a7b360-inner-blocks\">\n<div class=\"wp-block-stackable-icon stk-block-icon has-text-align-left stk-block stk-7a89606\" data-block-id=\"7a89606\"><style>.stk-7a89606 {margin-bottom:0px !important;}<\/style><span class=\"stk--svg-wrapper\"><div class=\"stk--inner-svg\"><svg style=\"height:0;width:0\"><defs><linearGradient id=\"linear-gradient-7a89606\" x1=\"0\" x2=\"100%\" y1=\"0\" y2=\"0\"><stop offset=\"0%\" style=\"stop-opacity:1;stop-color:var(--linear-gradient-7-a-89606-color-1)\" \/><stop offset=\"100%\" style=\"stop-opacity:1;stop-color:var(--linear-gradient-7-a-89606-color-2)\" \/><\/linearGradient><\/defs><\/svg><svg viewBox=\"0 0 448 512\" aria-hidden=\"true\" width=\"32\" height=\"32\"><path d=\"M0 216C0 149.7 53.7 96 120 96h8c17.7 0 32 14.3 32 32s-14.3 32-32 32h-8c-30.9 0-56 25.1-56 56v8h64c35.3 0 64 28.7 64 64v64c0 35.3-28.7 64-64 64H64c-35.3 0-64-28.7-64-64V320 288 216zm256 0c0-66.3 53.7-120 120-120h8c17.7 0 32 14.3 32 32s-14.3 32-32 32h-8c-30.9 0-56 25.1-56 56v8h64c35.3 0 64 28.7 64 64v64c0 35.3-28.7 64-64 64H320c-35.3 0-64-28.7-64-64V320 288 216z\" \/><\/svg><\/div><\/span><\/div>\n\n\n\n<div class=\"wp-block-stackable-text stk-block-text stk-block stk-c11403b\" data-block-id=\"c11403b\"><style>.stk-c11403b {max-width:80% !important;min-width:auto !important;margin-right:auto !important;margin-bottom:0px !important;margin-left:auto !important;}<\/style><p class=\"stk-block-text__text\">La Ani\u00adKA, am minu\u00adna\u00adta oport\u00adu\u00adni\u00adta\u00adte de a\u2011mi \u00eemp\u0103r\u00adt\u0103\u0219i pasiu\u00adnea pen\u00adtru lim\u00adb\u0103 \u0219i comu\u00adni\u00adca\u00adre.<br><br>\u00cen cali\u00adta\u00adte de tra\u00addu\u00adc\u0103\u00adtor, tra\u00adduc cu aten\u00ad\u021bie \u0219i din toa\u00adt\u0103 ini\u00adma <strong>con\u00ad\u021bi\u00adnu\u00adtul site-ului nos\u00adtru web din ger\u00adma\u00adn\u0103 \u00een per\u00adsa\u00adn\u0103<\/strong>. Deo\u00ada\u00adre\u00adce de mul\u00adte ori nu exis\u00adt\u0103 echi\u00adva\u00adlen\u021bi direc\u021bi \u00een lim\u00adba noas\u00adtr\u0103, iar tra\u00addu\u00adce\u00adri\u00adle auto\u00adma\u00adte ratea\u00adz\u0103 ade\u00adsea sub\u00adti\u00adli\u00adt\u0103\u00ad\u021bi\u00adle, este foar\u00adte impor\u00adtant pen\u00adtru mine s\u0103 <strong>fac tex\u00adte\u00adle cla\u00adre, pri\u00admi\u00adtoa\u00adre \u0219i u\u0219or de \u00een\u021be\u00adles pen\u00adtru noii no\u0219\u00adtri vizi\u00adta\u00adtori vor\u00adbi\u00adtori de per\u00adsa\u00adn\u0103<\/strong> \u00eenc\u0103 de la \u00eence\u00adput. <br><br>M\u0103 bucur foar\u00adte mult s\u0103 fac par\u00adte din acest pro\u00adiect inspi\u00adra\u00ad\u021bio\u00adnal care <strong>spri\u00adji\u00adn\u0103 oame\u00adnii \u00een noua lor c\u0103l\u0103\u00adto\u00adrie \u0219i le ara\u00adt\u0103 c\u0103 nu sunt sin\u00adguri<\/strong>.<\/p><\/div>\n\n\n\n<div class=\"wp-block-stackable-icon stk-block-icon has-text-align-right stk-block stk-839e932\" data-block-id=\"839e932\"><span class=\"stk--svg-wrapper\"><div class=\"stk--inner-svg\"><svg style=\"height:0;width:0\"><defs><linearGradient id=\"linear-gradient-839e932\" x1=\"0\" x2=\"100%\" y1=\"0\" y2=\"0\"><stop offset=\"0%\" style=\"stop-opacity:1;stop-color:var(--linear-gradient-839-e-932-color-1)\" \/><stop offset=\"100%\" style=\"stop-opacity:1;stop-color:var(--linear-gradient-839-e-932-color-2)\" \/><\/linearGradient><\/defs><\/svg><svg viewBox=\"0 0 448 512\" aria-hidden=\"true\" width=\"32\" height=\"32\"><path d=\"M448 296c0 66.3-53.7 120-120 120h-8c-17.7 0-32-14.3-32-32s14.3-32 32-32h8c30.9 0 56-25.1 56-56v-8H320c-35.3 0-64-28.7-64-64V160c0-35.3 28.7-64 64-64h64c35.3 0 64 28.7 64 64v32 32 72zm-256 0c0 66.3-53.7 120-120 120H64c-17.7 0-32-14.3-32-32s14.3-32 32-32h8c30.9 0 56-25.1 56-56v-8H64c-35.3 0-64-28.7-64-64V160c0-35.3 28.7-64 64-64h64c35.3 0 64 28.7 64 64v32 32 72z\" \/><\/svg><\/div><\/span><\/div>\n<\/div><\/div><\/div>\n<\/div><\/div>\n\n\n\n<div class=\"wp-block-stackable-columns stk-block-columns stk-block stk-36ab5b7\" data-block-id=\"36ab5b7\"><div class=\"stk-row stk-inner-blocks stk-block-content stk-content-align stk-36ab5b7-column\">\n<div class=\"wp-block-stackable-column stk-block-column stk-column stk-block stk-16893af\" data-v=\"4\" data-block-id=\"16893af\"><div class=\"stk-column-wrapper stk-block-column__content stk-container stk-16893af-container stk--no-background stk--no-padding\"><div class=\"stk-block-content stk-inner-blocks stk-16893af-inner-blocks\"><\/div><\/div><\/div>\n<\/div><\/div>\n<\/div><\/div><\/div>\n<\/div><\/div>\n<\/div><\/div><\/div>\n<\/div><\/div>\n\n<p><\/p>\n","protected":false},"excerpt":{"rendered":"<p>Ani\u00adKA \u2014 Sosi\u00adrea \u00een Karl\u00adsru\u00adhe nu ar fi posi\u00adbi\u00adl\u0103 f\u0103r\u0103 spri\u00adji\u00adnul extra\u00ador\u00addi\u00adnar al volun\u00adta\u00adri\u00adlor no\u0219\u00adtri! Fie c\u0103 tra\u00adduc con\u00ad\u021bi\u00adnu\u00adtul, r\u0103s\u00adp\u00e2n\u00addesc ves\u00adtea la eve\u00adni\u00admen\u00adte sau cre\u00adea\u00adz\u0103 pos\u00adt\u0103ri pen\u00adtru soci\u00adal media, echi\u00adpa&nbsp;<a class=\"moretag\" href=\"https:\/\/www.anika-net.de\/ro\/%f0%9f%a7%a1-faceti-cunostinta-cu-voluntarii-nostri\/\">Citi\u021bi mai&nbsp;mult<\/a><\/p>\n","protected":false},"author":12,"featured_media":63435,"parent":0,"menu_order":0,"comment_status":"closed","ping_status":"closed","template":"","meta":{"_acf_changed":false,"inline_featured_image":false,"_uag_custom_page_level_css":"","wp_typography_post_enhancements_disabled":false,"footnotes":""},"class_list":["post-63626","page","type-page","status-publish","has-post-thumbnail","hentry"],"acf":[],"featured_image_urls_v2":{"full":["https:\/\/www.anika-net.de\/wp-content\/uploads\/2025\/07\/Migrantenvereine.jpg",1494,831,false],"thumbnail":["https:\/\/www.anika-net.de\/wp-content\/uploads\/2025\/07\/Migrantenvereine-150x150.jpg",150,150,true],"medium":["https:\/\/www.anika-net.de\/wp-content\/uploads\/2025\/07\/Migrantenvereine-300x167.jpg",300,167,true],"medium_large":["https:\/\/www.anika-net.de\/wp-content\/uploads\/2025\/07\/Migrantenvereine-768x427.jpg",640,356,true],"large":["https:\/\/www.anika-net.de\/wp-content\/uploads\/2025\/07\/Migrantenvereine-1024x570.jpg",640,356,true],"1536x1536":["https:\/\/www.anika-net.de\/wp-content\/uploads\/2025\/07\/Migrantenvereine.jpg",1494,831,false],"2048x2048":["https:\/\/www.anika-net.de\/wp-content\/uploads\/2025\/07\/Migrantenvereine.jpg",1494,831,false],"event-overview":["https:\/\/www.anika-net.de\/wp-content\/uploads\/2025\/07\/Migrantenvereine-960x640.jpg",960,640,true],"event-archive-thumb":["https:\/\/www.anika-net.de\/wp-content\/uploads\/2025\/07\/Migrantenvereine-480x267.jpg",480,267,true],"grid-item-thumbnail":["https:\/\/www.anika-net.de\/wp-content\/uploads\/2025\/07\/Migrantenvereine-360x200.jpg",360,200,true],"network-partner-icon":["https:\/\/www.anika-net.de\/wp-content\/uploads\/2025\/07\/Migrantenvereine-100x100.jpg",100,100,true],"organiser-icon":["https:\/\/www.anika-net.de\/wp-content\/uploads\/2025\/07\/Migrantenvereine-200x200.jpg",200,200,true],"gform-image-choice-sm":["https:\/\/www.anika-net.de\/wp-content\/uploads\/2025\/07\/Migrantenvereine.jpg",300,167,false],"gform-image-choice-md":["https:\/\/www.anika-net.de\/wp-content\/uploads\/2025\/07\/Migrantenvereine.jpg",400,222,false],"gform-image-choice-lg":["https:\/\/www.anika-net.de\/wp-content\/uploads\/2025\/07\/Migrantenvereine.jpg",600,334,false]},"post_excerpt_stackable_v2":"<p>Ani\u00adKA \u2014 Sosi\u00adrea \u00een Karl\u00adsru\u00adhe nu ar fi posi\u00adbi\u00adl\u0103 f\u0103r\u0103 spri\u00adji\u00adnul extra\u00ador\u00addi\u00adnar al volun\u00adta\u00adri\u00adlor no\u0219\u00adtri! Fie c\u0103 tra\u00adduc con\u00ad\u021bi\u00adnu\u00adtul, r\u0103s\u00adp\u00e2n\u00addesc ves\u00adtea la eve\u00adni\u00admen\u00adte sau cre\u00adea\u00adz\u0103 pos\u00adt\u0103ri pen\u00adtru soci\u00adal media, echi\u00adpa noas\u00adtr\u0103 de volun\u00adtari dedi\u00adca\u021bi aju\u00adt\u0103 la men\u00ad\u021bi\u00adne\u00adrea Ani\u00adKA acti\u00adv\u0103, acce\u00adsi\u00adbi\u00adl\u0103 \u0219i mul\u00adti\u00adling\u00adv\u0103. Ei \u00ee\u0219i aduc talen\u00adte\u00adle, lim\u00adbi\u00adle \u0219i expe\u00adrien\u00ad\u021be\u00adle per\u00adso\u00adna\u00adle pen\u00adtru a face Karl\u00adsru\u00adhe mai pri\u00admi\u00adtor pen\u00adtru noii veni\u021bi din \u00eentrea\u00adga&nbsp;lume. Sun\u00adtem m\u00e2n\u00addri s\u0103 v\u0103 pre\u00adzen\u00adt\u0103m c\u00e2te\u00adva din\u00adtre per\u00adsoa\u00adne\u00adle din spa\u00adte\u00adle Ani\u00adKA \u2014 fie\u00adca\u00adre cu pro\u00adpria poves\u00adte \u0219i moti\u00adva\u00ad\u021bie de a\u2011i aju\u00adta pe al\u021bii s\u0103 se sim\u00adt\u0103 ca&nbsp;aca\u00ads\u0103. Aida Ayani Volun\u00adtar Nume\u00adle meu este Aida Ayani \u0219i vin din&nbsp;Iran.\u2026<\/p>\n","category_list_v2":"","author_info_v2":{"name":"Andrea Ramirez","url":"https:\/\/www.anika-net.de\/ro\/author\/andrea-ramirez\/"},"comments_num_v2":"0 comments","uagb_featured_image_src":{"full":["https:\/\/www.anika-net.de\/wp-content\/uploads\/2025\/07\/Migrantenvereine.jpg",1494,831,false],"thumbnail":["https:\/\/www.anika-net.de\/wp-content\/uploads\/2025\/07\/Migrantenvereine-150x150.jpg",150,150,true],"medium":["https:\/\/www.anika-net.de\/wp-content\/uploads\/2025\/07\/Migrantenvereine-300x167.jpg",300,167,true],"medium_large":["https:\/\/www.anika-net.de\/wp-content\/uploads\/2025\/07\/Migrantenvereine-768x427.jpg",640,356,true],"large":["https:\/\/www.anika-net.de\/wp-content\/uploads\/2025\/07\/Migrantenvereine-1024x570.jpg",640,356,true],"1536x1536":["https:\/\/www.anika-net.de\/wp-content\/uploads\/2025\/07\/Migrantenvereine.jpg",1494,831,false],"2048x2048":["https:\/\/www.anika-net.de\/wp-content\/uploads\/2025\/07\/Migrantenvereine.jpg",1494,831,false],"event-overview":["https:\/\/www.anika-net.de\/wp-content\/uploads\/2025\/07\/Migrantenvereine-960x640.jpg",960,640,true],"event-archive-thumb":["https:\/\/www.anika-net.de\/wp-content\/uploads\/2025\/07\/Migrantenvereine-480x267.jpg",480,267,true],"grid-item-thumbnail":["https:\/\/www.anika-net.de\/wp-content\/uploads\/2025\/07\/Migrantenvereine-360x200.jpg",360,200,true],"network-partner-icon":["https:\/\/www.anika-net.de\/wp-content\/uploads\/2025\/07\/Migrantenvereine-100x100.jpg",100,100,true],"organiser-icon":["https:\/\/www.anika-net.de\/wp-content\/uploads\/2025\/07\/Migrantenvereine-200x200.jpg",200,200,true],"gform-image-choice-sm":["https:\/\/www.anika-net.de\/wp-content\/uploads\/2025\/07\/Migrantenvereine.jpg",300,167,false],"gform-image-choice-md":["https:\/\/www.anika-net.de\/wp-content\/uploads\/2025\/07\/Migrantenvereine.jpg",400,222,false],"gform-image-choice-lg":["https:\/\/www.anika-net.de\/wp-content\/uploads\/2025\/07\/Migrantenvereine.jpg",600,334,false]},"uagb_author_info":{"display_name":"Andrea Ramirez","author_link":"https:\/\/www.anika-net.de\/ro\/author\/andrea-ramirez\/"},"uagb_comment_info":0,"uagb_excerpt":"Ani\u00adKA \u2014 Sosi\u00adrea \u00een Karl\u00adsru\u00adhe nu ar fi posi\u00adbi\u00adl\u0103 f\u0103r\u0103 spri\u00adji\u00adnul extra\u00ador\u00addi\u00adnar al volun\u00adta\u00adri\u00adlor no\u0219tri! Fie c\u0103 tra\u00adduc con\u00ad\u021bi\u00adnu\u00adtul, r\u0103s\u00adp\u00e2n\u00addesc ves\u00adtea la eve\u00adni\u00admen\u00adte sau cre\u00adea\u00adz\u0103 pos\u00adt\u0103ri pen\u00adtru soci\u00adal media, echi\u00adpa&nbsp;Citi\u021bi mai mult","_links":{"self":[{"href":"https:\/\/www.anika-net.de\/ro\/wp-json\/wp\/v2\/pages\/63626","targetHints":{"allow":["GET"]}}],"collection":[{"href":"https:\/\/www.anika-net.de\/ro\/wp-json\/wp\/v2\/pages"}],"about":[{"href":"https:\/\/www.anika-net.de\/ro\/wp-json\/wp\/v2\/types\/page"}],"author":[{"embeddable":true,"href":"https:\/\/www.anika-net.de\/ro\/wp-json\/wp\/v2\/users\/12"}],"replies":[{"embeddable":true,"href":"https:\/\/www.anika-net.de\/ro\/wp-json\/wp\/v2\/comments?post=63626"}],"version-history":[{"count":1,"href":"https:\/\/www.anika-net.de\/ro\/wp-json\/wp\/v2\/pages\/63626\/revisions"}],"predecessor-version":[{"id":63627,"href":"https:\/\/www.anika-net.de\/ro\/wp-json\/wp\/v2\/pages\/63626\/revisions\/63627"}],"wp:featuredmedia":[{"embeddable":true,"href":"https:\/\/www.anika-net.de\/ro\/wp-json\/wp\/v2\/media\/63435"}],"wp:attachment":[{"href":"https:\/\/www.anika-net.de\/ro\/wp-json\/wp\/v2\/media?parent=63626"}],"curies":[{"name":"wp","href":"https:\/\/api.w.org\/{rel}","templated":true}]}}