{"id":62722,"date":"2025-06-23T11:42:56","date_gmt":"2025-06-23T09:42:56","guid":{"rendered":"https:\/\/www.anika-net.de\/aplicati-pentru-a-va-schimba-permisul-de-conducere-strain\/"},"modified":"2025-06-23T11:42:57","modified_gmt":"2025-06-23T09:42:57","slug":"aplicati-pentru-a-va-schimba-permisul-de-conducere-strain","status":"publish","type":"page","link":"https:\/\/www.anika-net.de\/ro\/aplicati-pentru-a-va-schimba-permisul-de-conducere-strain\/","title":{"rendered":"Apli\u00adca\u021bi pen\u00adtru a v\u0103 schim\u00adba per\u00admi\u00adsul de con\u00addu\u00adce\u00adre str\u0103in"},"content":{"rendered":"\n<p>V\u0103 muta\u021bi \u00een Ger\u00adma\u00adnia \u0219i de\u021bi\u00adne\u021bi deja un per\u00admis de con\u00addu\u00adce\u00adre dintr\u2011o alt\u0103 \u021bar\u0103?<br>Dac\u0103 inten\u00ad\u021bio\u00adna\u021bi s\u0103 locu\u00adi\u021bi \u00een Ger\u00adma\u00adnia pen\u00adtru o peri\u00adoa\u00add\u0103 \u00eende\u00adlun\u00adga\u00adt\u0103 \u2014 adi\u00adc\u0103 cel pu\u021bin <strong>185 de zile pe an<\/strong> din moti\u00adve per\u00adso\u00adna\u00adle sau pro\u00adfe\u00adsio\u00adna\u00adle \u2014 atunci per\u00admi\u00adsul dum\u00adne\u00ada\u00advoas\u00adtr\u0103 de con\u00addu\u00adce\u00adre str\u0103\u00adin r\u0103m\u00e2\u00adne vala\u00adbil <strong>p\u00e2n\u0103 la \u0219ase luni<\/strong> dup\u0103 sta\u00adbi\u00adli\u00adrea re\u0219e\u00addin\u00ad\u021bei.<br><br>Dup\u0103 aceas\u00adt\u0103 peri\u00adoa\u00add\u0103, va tre\u00adbui s\u0103 <strong>soli\u00adci\u00adta\u021bi schim\u00adba\u00adrea per\u00admi\u00adsu\u00adlui de con\u00addu\u00adce\u00adre str\u0103\u00adin<\/strong><em data-start=\"646\" data-end=\"694\">(Umschrei\u00adbu\u00adng einer ausl\u00e4n\u00addis\u00adchen Fahrer\u00adlau\u00adb\u00adnis<\/em>) pen\u00adtru a con\u00adti\u00adnua s\u0103 con\u00addu\u00adce\u021bi legal \u00een Germania.<\/p>\n\n<p>\u26a0\ufe0f <strong>V\u0103 rug\u0103m s\u0103 re\u021bi\u00adne\u021bi: <\/strong>cerin\u00ad\u021be\u00adle \u0219i pro\u00adce\u00addu\u00adri\u00adle exac\u00adte pot varia \u00een func\u00ad\u021bie de \u021bara care v\u2011a eli\u00adbe\u00adrat permisul.<\/p>\n\n<h2 class=\"wp-block-heading\">\ud83d\udcdd <strong>Cum s\u0103 depu\u00adne\u021bi o cere\u00adre de pres\u00adchim\u00adba\u00adre a per\u00admi\u00adsu\u00adlui de con\u00addu\u00adce\u00adre str\u0103\u00adin \u00een Karlsruhe<\/strong><\/h2>\n\n<p>Tre\u00adbu\u00adie s\u0103 depu\u00adne\u021bi cere\u00adrea la <strong>F\u00fchrersche\u00adin\u00adste\u00adl\u00adle<\/strong> (biro\u00adul de per\u00admi\u00adse de con\u00addu\u00adce\u00adre) de la <strong>cen\u00adtrul de ser\u00advi\u00adcii auto \u0219i de cir\u00adcu\u00adla\u00ad\u021bie<\/strong> din Karl\u00adsru\u00adhe.<br><br><strong>F\u00fchrersche\u00adin\u00adste\u00adl\u00adle Karl\u00adsru\u00adhe<\/strong> (Cen\u00adtrul de ser\u00advi\u00adcii auto \u0219i ruti\u00ade\u00adre: Biro\u00adul pen\u00adtru per\u00admi\u00adse de con\u00addu\u00adce\u00adre)<br>\ud83d\udccd Ste\u00adinh\u00e4u\u00adser\u00adstr. 22, 76133 Karl\u00adsru\u00adhe <br><strong>\ud83d\udcde<\/strong> 115 <br>\ud83d\udce7 fuehrerscheinstelle@oa.karlsruhe.de<br><strong> <a href=\"https:\/\/stadt-karlsruhe.saas.smartcjm.com\/m\/stadt-karlsruhe-sva\/extern\/calendar\/?uid=66382925-1268-4d1c-97e4-0dcd2f351d98\" target=\"_blank\" rel=\"noreferrer noopener\"><strong>Pro\u00adgra\u00adma\u00adre onli\u00adne la biro\u00adul pen\u00adtru per\u00admi\u00adse de conducere<\/strong><\/a><\/strong><\/p>\n\n<details class=\"wp-block-stackable-accordion stk-block-accordion stk-inner-blocks stk-block-content stk-block stk-4fc54dc is-style-plain\" data-block-id=\"4fc54dc\"><style>.stk-4fc54dc {border-style:solid !important;border-color:#dfdad1 !important;border-top-width:0px !important;border-right-width:0px !important;border-bottom-width:1px !important;border-left-width:0px !important;padding-bottom:24px !important;}<\/style>\n<summary class=\"wp-block-stackable-column stk-block-column stk-column stk-block stk-d643032 stk--container-small stk-block-accordion__heading\" data-v=\"4\" data-block-id=\"d643032\"><div class=\"stk-column-wrapper stk-block-column__content stk-container stk-d643032-container stk--no-background stk--no-padding\"><div class=\"stk-block-content stk-inner-blocks stk-d643032-inner-blocks\">\n<div class=\"wp-block-stackable-icon-label stk-block-icon-label stk-block stk-50d8829\" data-block-id=\"50d8829\"><div class=\"stk-row stk-inner-blocks stk-block-content\">\n<div class=\"wp-block-stackable-heading stk-block-heading stk-block-heading--v2 stk-block stk-0bf51c1\" id=\"span-style-color-0-e-8-b-79-class-stk-highlight-application-for-transfer-of-foreign-driving-licence-strong-online-application-with-postal-delivery-strong-span\" data-block-id=\"0bf51c1\"><h4 class=\"stk-block-heading__text\"><span style=\"color: #0e8b79;\" class=\"stk-highlight\">Cere\u00adre de trans\u00adfer al per\u00admi\u00adsu\u00adlui de con\u00addu\u00adce\u00adre str\u0103\u00adin <strong>(cere\u00adre onli\u00adne cu livra\u00adre prin&nbsp;po\u0219t\u0103)<\/strong><\/span><\/h4><\/div>\n\n\n\n<div class=\"wp-block-stackable-icon stk-block-icon stk-block stk-78a7cff\" data-block-id=\"78a7cff\"><span class=\"stk--svg-wrapper\"><div class=\"stk--inner-svg\"><svg style=\"height:0;width:0\"><defs><linearGradient id=\"linear-gradient-78a7cff\" x1=\"0\" x2=\"100%\" y1=\"0\" y2=\"0\"><stop offset=\"0%\" style=\"stop-opacity:1;stop-color:var(--linear-gradient-78-a-7-cff-color-1)\" \/><stop offset=\"100%\" style=\"stop-opacity:1;stop-color:var(--linear-gradient-78-a-7-cff-color-2)\" \/><\/linearGradient><\/defs><\/svg><svg data-prefix=\"fas\" data-icon=\"chevron-down\" class=\"svg-inline--fa fa-chevron-down fa-w-14\" viewBox=\"0 0 448 512\" aria-hidden=\"true\" width=\"32\" height=\"32\"><path fill=\"currentColor\" d=\"M207.029 381.476L12.686 187.132c-9.373-9.373-9.373-24.569 0-33.941l22.667-22.667c9.357-9.357 24.522-9.375 33.901-.04L224 284.505l154.745-154.021c9.379-9.335 24.544-9.317 33.901.04l22.667 22.667c9.373 9.373 9.373 24.569 0 33.941L240.971 381.476c-9.373 9.372-24.569 9.372-33.942 0z\" \/><\/svg><\/div><\/span><\/div>\n<\/div><\/div>\n<\/div><\/div><\/summary>\n\n\n\n<div class=\"wp-block-stackable-column stk-block-column stk-column stk-block stk-fa0c9da stk-block-accordion__content\" data-v=\"4\" data-block-id=\"fa0c9da\"><style>.stk-fa0c9da-container{padding-top:0px !important;padding-right:0px !important;padding-bottom:0px !important;padding-left:0px !important;}<\/style><div class=\"stk-column-wrapper stk-block-column__content stk-container stk-fa0c9da-container stk--no-background stk--no-padding\"><div class=\"stk-block-content stk-inner-blocks stk-fa0c9da-inner-blocks\">\n<div class=\"wp-block-stackable-text stk-block-text stk-block stk-e267aed\" data-block-id=\"e267aed\"><p class=\"stk-block-text__text\"><strong>Cere\u00adrea de per\u00admis de con\u00addu\u00adce\u00adre se com\u00adple\u00adtea\u00adz\u0103 onli\u00adne<\/strong> \u0219i tre\u00adbu\u00adie apoi tip\u0103\u00adri\u00adt\u0103 \u0219i <strong>sem\u00adna\u00adt\u0103<\/strong> \u270d\ud83c\udffc. Aceas\u00adta \u00eenseam\u00adn\u0103 c\u0103, la sf\u00e2r\u00ad\u0219i\u00adtul aces\u00adtui pro\u00adces, tre\u00adbu\u00adie s\u0103 tip\u0103\u00adri\u021bi for\u00admu\u00adla\u00adrul de cere\u00adre gene\u00adrat \u0219i s\u0103 \u00eel tri\u00admi\u00adte\u021bi prin po\u0219\u00adt\u0103 \ud83d\udcec \u00eempre\u00adu\u00adn\u0103 cu toa\u00adte docu\u00admen\u00adte\u00adle nece\u00adsa\u00adre sau s\u0103 \u00eel depu\u00adne\u021bi \u00een cutia po\u0219\u00adta\u00adl\u0103 (\ud83d\udccd <strong>Ste\u00adinh\u00e4u\u00adser\u00adstr. 22<\/strong>).<br><br><strong><a href=\"https:\/\/pdf.form-solutions.net\/metaform\/Form-Solutions\/?14&amp;releaseUserId=08212000-0001-0000&amp;releaseID=6064511519a7954cec6dfcaf&amp;releaseOrganizationID=08212000-0001&amp;assistant=AS_122004&amp;translation=false&amp;storable=true&amp;fileUrl=https%253A%252F%252Fpdf.form-solutions.net%252Fmetaform%252FForm-Solutions%252Fsid%252Fassistant%252F6064511519a7954cec6dfcaf&amp;oID=22222222-2222&amp;kdnr=08212000-0001\" rel=\"noopener\">Cere\u00adre online<\/a><\/strong><\/p><\/div>\n<\/div><\/div><\/div>\n<\/details>\n\n<details class=\"wp-block-stackable-accordion stk-block-accordion stk-inner-blocks stk-block-content stk-block stk-81a566a is-style-plain\" data-block-id=\"81a566a\"><style>.stk-81a566a {border-style:solid !important;border-color:#dfdad1 !important;border-top-width:0px !important;border-right-width:0px !important;border-bottom-width:1px !important;border-left-width:0px !important;padding-bottom:24px !important;}<\/style>\n<summary class=\"wp-block-stackable-column stk-block-column stk-column stk-block stk-fe9f67e stk--container-small stk-block-accordion__heading\" data-v=\"4\" data-block-id=\"fe9f67e\"><div class=\"stk-column-wrapper stk-block-column__content stk-container stk-fe9f67e-container stk--no-background stk--no-padding\"><div class=\"stk-block-content stk-inner-blocks stk-fe9f67e-inner-blocks\">\n<div class=\"wp-block-stackable-icon-label stk-block-icon-label stk-block stk-a6079bd\" data-block-id=\"a6079bd\"><div class=\"stk-row stk-inner-blocks stk-block-content\">\n<div class=\"wp-block-stackable-heading stk-block-heading stk-block-heading--v2 stk-block stk-a8f7936\" id=\"span-style-color-0-e-8-b-79-class-stk-highlight-application-to-replace-or-change-a-driving-licence-eu-driving-licence-update-personal-data-strong-online-application-with-postal-delivery-strong-span\" data-block-id=\"a8f7936\"><h4 class=\"stk-block-heading__text\"><span style=\"color: #0e8b79;\" class=\"stk-highlight\">Cere\u00adre de \u00eenlo\u00adcu\u00adi\u00adre sau modi\u00adfi\u00adca\u00adre a per\u00admi\u00adsu\u00adlui de con\u00addu\u00adce\u00adre (per\u00admis de con\u00addu\u00adce\u00adre UE) \/ actu\u00ada\u00adli\u00adza\u00adre a date\u00adlor cu carac\u00adter per\u00adso\u00adnal <strong>(cere\u00adre onli\u00adne cu livra\u00adre prin&nbsp;po\u0219t\u0103)<\/strong><\/span><\/h4><\/div>\n\n\n\n<div class=\"wp-block-stackable-icon stk-block-icon stk-block stk-94df639\" data-block-id=\"94df639\"><span class=\"stk--svg-wrapper\"><div class=\"stk--inner-svg\"><svg style=\"height:0;width:0\"><defs><linearGradient id=\"linear-gradient-94df639\" x1=\"0\" x2=\"100%\" y1=\"0\" y2=\"0\"><stop offset=\"0%\" style=\"stop-opacity:1;stop-color:var(--linear-gradient-94-df-639-color-1)\" \/><stop offset=\"100%\" style=\"stop-opacity:1;stop-color:var(--linear-gradient-94-df-639-color-2)\" \/><\/linearGradient><\/defs><\/svg><svg data-prefix=\"fas\" data-icon=\"chevron-down\" class=\"svg-inline--fa fa-chevron-down fa-w-14\" viewBox=\"0 0 448 512\" aria-hidden=\"true\" width=\"32\" height=\"32\"><path fill=\"currentColor\" d=\"M207.029 381.476L12.686 187.132c-9.373-9.373-9.373-24.569 0-33.941l22.667-22.667c9.357-9.357 24.522-9.375 33.901-.04L224 284.505l154.745-154.021c9.379-9.335 24.544-9.317 33.901.04l22.667 22.667c9.373 9.373 9.373 24.569 0 33.941L240.971 381.476c-9.373 9.372-24.569 9.372-33.942 0z\" \/><\/svg><\/div><\/span><\/div>\n<\/div><\/div>\n<\/div><\/div><\/summary>\n\n\n\n<div class=\"wp-block-stackable-column stk-block-column stk-column stk-block stk-f3d45bb stk-block-accordion__content\" data-v=\"4\" data-block-id=\"f3d45bb\"><style>.stk-f3d45bb-container{padding-top:0px !important;padding-right:0px !important;padding-bottom:0px !important;padding-left:0px !important;}<\/style><div class=\"stk-column-wrapper stk-block-column__content stk-container stk-f3d45bb-container stk--no-background stk--no-padding\"><div class=\"stk-block-content stk-inner-blocks stk-f3d45bb-inner-blocks\">\n<div class=\"wp-block-stackable-text stk-block-text stk-block stk-5b773d1\" data-block-id=\"5b773d1\"><p class=\"stk-block-text__text\"><strong>Cere\u00adrea de per\u00admis de con\u00addu\u00adce\u00adre se com\u00adple\u00adtea\u00adz\u0103 onli\u00adne<\/strong> \u0219i tre\u00adbu\u00adie apoi tip\u0103\u00adri\u00adt\u0103 \u0219i \u270d\ud83c\udffc <strong>sem\u00adnat<\/strong>. Aceas\u00adta \u00eenseam\u00adn\u0103 c\u0103, la sf\u00e2r\u00ad\u0219i\u00adtul aces\u00adtui pro\u00adces, tre\u00adbu\u00adie s\u0103 tip\u0103\u00adri\u021bi for\u00admu\u00adla\u00adrul de cere\u00adre gene\u00adrat \u0219i s\u0103 \u00eel tri\u00admi\u00adte\u021bi prin po\u0219\u00adt\u0103 \ud83d\udcec \u00eempre\u00adu\u00adn\u0103 cu toa\u00adte docu\u00admen\u00adte\u00adle nece\u00adsa\u00adre sau s\u0103 \u00eel depu\u00adne\u021bi \u00een cutia po\u0219\u00adta\u00adl\u0103 (\ud83d\udccd <strong>Ste\u00adinh\u00e4u\u00adser\u00adstr. 22<\/strong>).<br><br><strong><a href=\"https:\/\/pdf.form-solutions.net\/metaform\/Form-Solutions\/?11&amp;releaseUserId=08212000-0001-0000&amp;releaseID=601b9a6eefce8771692bd7e2&amp;releaseOrganizationID=08212000-0001&amp;assistant=AS_122009&amp;translation=false&amp;storable=true&amp;fileUrl=https%253A%252F%252Fpdf.form-solutions.net%252Fmetaform%252FForm-Solutions%252Fsid%252Fassistant%252F601b9a6eefce8771692bd7e2&amp;oID=22222222-2222&amp;kdnr=08212000-0001\" rel=\"noopener\">Cere\u00adre online<\/a><\/strong><\/p><\/div>\n<\/div><\/div><\/div>\n<\/details>\n\n<details class=\"wp-block-stackable-accordion stk-block-accordion stk-inner-blocks stk-block-content stk-block stk-9bec341 is-style-default\" data-block-id=\"9bec341\">\n<summary class=\"wp-block-stackable-column stk-block-column stk-column stk-block stk-07bef31 stk--container-small stk-block-accordion__heading\" data-v=\"4\" data-block-id=\"07bef31\"><div class=\"stk-column-wrapper stk-block-column__content stk-container stk-07bef31-container stk-hover-parent\"><div class=\"stk-block-content stk-inner-blocks stk-07bef31-inner-blocks\">\n<div class=\"wp-block-stackable-icon-label stk-block-icon-label stk-block stk-3f94dc3\" data-block-id=\"3f94dc3\"><div class=\"stk-row stk-inner-blocks stk-block-content\">\n<div class=\"wp-block-stackable-heading stk-block-heading stk-block-heading--v2 stk-block stk-e42db40\" id=\"required-documents\" data-block-id=\"e42db40\"><h4 class=\"stk-block-heading__text\">Docu\u00admen\u00adte necesare<\/h4><\/div>\n\n\n\n<div class=\"wp-block-stackable-icon stk-block-icon stk-block stk-a7ab741\" data-block-id=\"a7ab741\"><span class=\"stk--svg-wrapper\"><div class=\"stk--inner-svg\"><svg style=\"height:0;width:0\"><defs><linearGradient id=\"linear-gradient-a7ab741\" x1=\"0\" x2=\"100%\" y1=\"0\" y2=\"0\"><stop offset=\"0%\" style=\"stop-opacity:1;stop-color:var(--linear-gradient-a-7-ab-741-color-1)\" \/><stop offset=\"100%\" style=\"stop-opacity:1;stop-color:var(--linear-gradient-a-7-ab-741-color-2)\" \/><\/linearGradient><\/defs><\/svg><svg data-prefix=\"fas\" data-icon=\"chevron-down\" class=\"svg-inline--fa fa-chevron-down fa-w-14\" viewBox=\"0 0 448 512\" aria-hidden=\"true\" width=\"32\" height=\"32\"><path fill=\"currentColor\" d=\"M207.029 381.476L12.686 187.132c-9.373-9.373-9.373-24.569 0-33.941l22.667-22.667c9.357-9.357 24.522-9.375 33.901-.04L224 284.505l154.745-154.021c9.379-9.335 24.544-9.317 33.901.04l22.667 22.667c9.373 9.373 9.373 24.569 0 33.941L240.971 381.476c-9.373 9.372-24.569 9.372-33.942 0z\" \/><\/svg><\/div><\/span><\/div>\n<\/div><\/div>\n<\/div><\/div><\/summary>\n\n\n\n<div class=\"wp-block-stackable-column stk-block-column stk-column stk-block stk-2ef490e stk-block-accordion__content\" data-v=\"4\" data-block-id=\"2ef490e\"><div class=\"stk-column-wrapper stk-block-column__content stk-container stk-2ef490e-container stk--no-background stk--no-padding\"><div class=\"stk-block-content stk-inner-blocks stk-2ef490e-inner-blocks\">\n<ul class=\"wp-block-list\">\n<li>Per\u00admis de con\u00addu\u00adce\u00adre str\u0103\u00adin vala\u00adbil (ori\u00adgi\u00adnal) cu tra\u00addu\u00adce\u00adre (dac\u0103 nu este din UE\/SEE)<br>Tra\u00addu\u00adce\u00adri\u00adle sunt fur\u00adni\u00adza\u00adte de clu\u00adburi auto recunoscute.<\/li>\n\n\n\n<li>Pa\u0219a\u00adport sau car\u00adte de iden\u00adti\u00adta\u00adte vala\u00adbi\u00adle (copie pen\u00adtru cere\u00adrea scris\u0103)<\/li>\n\n\n\n<li>Dova\u00adda re\u0219e\u00addin\u00ad\u021bei \u00een Karl\u00adsru\u00adhe (de exem\u00adplu, <em>Mel\u00adde\u00adbes\u00adche\u00adi\u00adni\u00adgu\u00adng<\/em>)<\/li>\n\n\n\n<li>Foto\u00adgra\u00adfie bio\u00adme\u00adtri\u00adc\u0103 pen\u00adtru pa\u0219aport<\/li>\n\n\n\n<li><strong>Pen\u00adtru un per\u00admis de con\u00addu\u00adce\u00adre UE-SEE<\/strong> \u0219i pen\u00adtru un per\u00admis de con\u00addu\u00adce\u00adre eli\u00adbe\u00adrat \u00een una din\u00adtre \u021b\u0103ri\u00adle enu\u00adme\u00adra\u00adte <strong>\u00een<\/strong> <a href=\"https:\/\/www.gesetze-im-internet.de\/fev_2010\/anlage_11.html\" target=\"_blank\" rel=\"noreferrer noopener\"><strong>ane\u00adxa 11 la Ordo\u00adnan\u00ad\u021ba pri\u00advind per\u00admi\u00adse\u00adle de con\u00addu\u00adce\u00adre<\/strong><\/a> sta\u00adte\u00adle \u0219i cla\u00adse\u00adle enu\u00adme\u00adra\u00adte, \u00een plus:<br>\u2705 Cer\u00adti\u00adfi\u00adcat sau exper\u00adti\u00adz\u0103 pri\u00advind apti\u00adtu\u00addi\u00adni\u00adle fizi\u00adce \u0219i psi\u00adhi\u00adce \u0219i<br>\u2705 Cer\u00adti\u00adfi\u00adcat sau exper\u00adti\u00adz\u0103 pri\u00advind vederea.<\/li>\n<\/ul>\n\n\n\n<p>Tre\u00adbu\u00adie s\u0103 pre\u00adzen\u00adta\u021bi aces\u00adte cer\u00adti\u00adfi\u00adca\u00adte sau rapoar\u00adte numai dac\u0103 vala\u00adbi\u00adli\u00adta\u00adtea unui per\u00admis de con\u00addu\u00adce\u00adre de cate\u00adgo\u00adria C sau D (inclu\u00adsiv a remorcii \u0219i\/sau a sub\u00adca\u00adte\u00adgo\u00adri\u00adi\u00adlor) tre\u00adbu\u00adie pre\u00adlun\u00adgi\u00adt\u0103 \u00een ace\u00adla\u0219i timp cu schimbul.<\/p>\n\n\n\n<ul class=\"wp-block-list\">\n<li>\u00een cazul unui <strong>per\u00admis de con\u00addu\u00adce\u00adre din afa\u00adra UE\/SEE<\/strong> care nu a fost eli\u00adbe\u00adrat <strong>\u00een<\/strong> <a href=\"https:\/\/www.gesetze-im-internet.de\/fev_2010\/anlage_11.html\" target=\"_blank\" rel=\"noreferrer noopener\"><strong>Ane\u00adxa 11 la Ordo\u00adnan\u00ad\u021ba pri\u00advind per\u00admi\u00adse\u00adle de con\u00addu\u00adce\u00adre<\/strong><\/a> se enu\u00adme\u00adr\u0103, \u00een func\u00ad\u021bie de cla\u00adsa soli\u00adci\u00adta\u00adt\u0103: \u00een plus<br>\u2705 Cer\u00adti\u00adfi\u00adcat sau exper\u00adti\u00adz\u0103 pri\u00advind apti\u00adtu\u00addi\u00adni\u00adle fizi\u00adce \u0219i psi\u00adhi\u00adce<br>\u2705 Cer\u00adti\u00adfi\u00adcat sau exper\u00adti\u00adz\u0103 pri\u00advind vede\u00adrea sau un cer\u00adti\u00adfi\u00adcat de tes\u00adta\u00adre a vede\u00adrii<br>\u2705 dova\u00adda for\u00adm\u0103\u00adrii de prim aju\u00adtor<br>\u2705 deta\u00adlii pri\u00advind \u0219coa\u00adla de \u0219oferi, deo\u00ada\u00adre\u00adce tre\u00adbu\u00adie s\u0103 sus\u00ad\u021bi\u00adne\u021bi \u0219i exa\u00adme\u00adnul teo\u00adre\u00adtic \u0219i prac\u00adtic de conducere.<\/li>\n<\/ul>\n\n\n\n<p>\ud83d\udd0d \u00cen func\u00ad\u021bie de \u021bara emi\u00adten\u00adt\u0103, este posi\u00adbil s\u0103 tre\u00adbu\u00adias\u00adc\u0103 s\u0103 sus\u00ad\u021bi\u00adne\u021bi \u0219i un <strong>exa\u00admen teo\u00adre\u00adtic \u0219i\/sau prac\u00adtic de con\u00addu\u00adce\u00adre<\/strong>.<\/p>\n<\/div><\/div><\/div>\n<\/details>\n\n<details class=\"wp-block-stackable-accordion stk-block-accordion stk-inner-blocks stk-block-content stk-block stk-b8161ba is-style-default\" data-block-id=\"b8161ba\">\n<summary class=\"wp-block-stackable-column stk-block-column stk-column stk-block stk-c1bfe4a stk--container-small stk-block-accordion__heading\" data-v=\"4\" data-block-id=\"c1bfe4a\"><div class=\"stk-column-wrapper stk-block-column__content stk-container stk-c1bfe4a-container stk-hover-parent\"><div class=\"stk-block-content stk-inner-blocks stk-c1bfe4a-inner-blocks\">\n<div class=\"wp-block-stackable-icon-label stk-block-icon-label stk-block stk-3107a58\" data-block-id=\"3107a58\"><div class=\"stk-row stk-inner-blocks stk-block-content\">\n<div class=\"wp-block-stackable-heading stk-block-heading stk-block-heading--v2 stk-block stk-78d678f\" id=\"cos\" data-block-id=\"78d678f\"><h4 class=\"stk-block-heading__text\">Cos\u00adturi<\/h4><\/div>\n\n\n\n<div class=\"wp-block-stackable-icon stk-block-icon stk-block stk-1029c3f\" data-block-id=\"1029c3f\"><span class=\"stk--svg-wrapper\"><div class=\"stk--inner-svg\"><svg style=\"height:0;width:0\"><defs><linearGradient id=\"linear-gradient-1029c3f\" x1=\"0\" x2=\"100%\" y1=\"0\" y2=\"0\"><stop offset=\"0%\" style=\"stop-opacity:1;stop-color:var(--linear-gradient-1029-c-3-f-color-1)\" \/><stop offset=\"100%\" style=\"stop-opacity:1;stop-color:var(--linear-gradient-1029-c-3-f-color-2)\" \/><\/linearGradient><\/defs><\/svg><svg data-prefix=\"fas\" data-icon=\"chevron-down\" class=\"svg-inline--fa fa-chevron-down fa-w-14\" viewBox=\"0 0 448 512\" aria-hidden=\"true\" width=\"32\" height=\"32\"><path fill=\"currentColor\" d=\"M207.029 381.476L12.686 187.132c-9.373-9.373-9.373-24.569 0-33.941l22.667-22.667c9.357-9.357 24.522-9.375 33.901-.04L224 284.505l154.745-154.021c9.379-9.335 24.544-9.317 33.901.04l22.667 22.667c9.373 9.373 9.373 24.569 0 33.941L240.971 381.476c-9.373 9.372-24.569 9.372-33.942 0z\" \/><\/svg><\/div><\/span><\/div>\n<\/div><\/div>\n<\/div><\/div><\/summary>\n\n\n\n<div class=\"wp-block-stackable-column stk-block-column stk-column stk-block stk-1c9682f stk-block-accordion__content\" data-v=\"4\" data-block-id=\"1c9682f\"><div class=\"stk-column-wrapper stk-block-column__content stk-container stk-1c9682f-container stk--no-background stk--no-padding\"><div class=\"stk-block-content stk-inner-blocks stk-1c9682f-inner-blocks\">\n<div class=\"wp-block-stackable-text stk-block-text stk-block stk-7d49e86\" data-block-id=\"7d49e86\"><p class=\"stk-block-text__text\">\u00cen func\u00ad\u021bie de ora\u0219 sau dis\u00adtrict: dife\u00adri\u00adte<br>37,50 \u20ac dac\u0103 nu este nece\u00adsa\u00adr\u0103 nicio pro\u00adb\u0103 teo\u00adre\u00adti\u00adc\u0103 sau prac\u00adti\u00adc\u0103<br><br><strong>alt\u00adfel<\/strong><br>43,90 \u20ac f\u0103r\u0103 peri\u00adoa\u00add\u0103 de pro\u00adb\u0103,<br>44,70 \u20ac cu peri\u00adoa\u00add\u0103 de&nbsp;prob\u0103.<\/p><\/div>\n<\/div><\/div><\/div>\n<\/details>\n\n<h3 class=\"wp-block-heading\">\ud83d\udc81\ud83c\udffb <span style=\"color: #a20b92;\" class=\"stk-highlight\">Ave\u021bi nevo\u00adie de ajutor?<\/span><\/h3>\n\n<p>Dac\u0103 ave\u021bi nevo\u00adie de asis\u00adten\u00ad\u021b\u0103 cu pri\u00advi\u00adre la pro\u00adces sau tra\u00addu\u00adce\u00adre, cen\u00adtre\u00adle loca\u00adle de inte\u00adgra\u00adre<strong>(<\/strong> <strong><em><a href=\"https:\/\/www.anika-net.de\/ro\/sosirea\/consiliere-si-servicii\/consiliere-pentru-migranti\/\">Migra\u00adtion\u00adsbe\u00adra\u00adtun\u00adgss\u00adte\u00adl\u00adlen<\/a><\/em><\/strong>) din Karl\u00adsru\u00adhe v\u0103 pot sprijini.<\/p>\n\n<p><\/p>\n","protected":false},"excerpt":{"rendered":"<p>V\u0103 muta\u021bi \u00een Ger\u00adma\u00adnia \u0219i de\u021bi\u00adne\u021bi deja un per\u00admis de con\u00addu\u00adce\u00adre dintr\u2011o alt\u0103 \u021bar\u0103?Dac\u0103 inten\u00ad\u021bio\u00adna\u021bi s\u0103 locu\u00adi\u021bi \u00een Ger\u00adma\u00adnia pen\u00adtru o peri\u00adoa\u00add\u0103 \u00eende\u00adlun\u00adga\u00adt\u0103 \u2014 adi\u00adc\u0103 cel pu\u021bin 185 de zile&nbsp;<a class=\"moretag\" href=\"https:\/\/www.anika-net.de\/ro\/aplicati-pentru-a-va-schimba-permisul-de-conducere-strain\/\">Citi\u021bi mai&nbsp;mult<\/a><\/p>\n","protected":false},"author":12,"featured_media":0,"parent":0,"menu_order":11,"comment_status":"closed","ping_status":"closed","template":"","meta":{"_acf_changed":false,"inline_featured_image":false,"_uag_custom_page_level_css":"","wp_typography_post_enhancements_disabled":false,"footnotes":""},"class_list":["post-62722","page","type-page","status-publish","hentry"],"acf":[],"featured_image_urls_v2":{"full":"","thumbnail":"","medium":"","medium_large":"","large":"","1536x1536":"","2048x2048":"","event-overview":"","event-archive-thumb":"","grid-item-thumbnail":"","network-partner-icon":"","organiser-icon":"","gform-image-choice-sm":"","gform-image-choice-md":"","gform-image-choice-lg":""},"post_excerpt_stackable_v2":"<p>V\u0103 muta\u021bi \u00een Ger\u00adma\u00adnia \u0219i de\u021bi\u00adne\u021bi deja un per\u00admis de con\u00addu\u00adce\u00adre dintr\u2011o alt\u0103 \u021bar\u0103?Dac\u0103 inten\u00ad\u021bio\u00adna\u021bi s\u0103 locu\u00adi\u021bi \u00een Ger\u00adma\u00adnia pen\u00adtru o peri\u00adoa\u00add\u0103 \u00eende\u00adlun\u00adga\u00adt\u0103 \u2014 adi\u00adc\u0103 cel pu\u021bin 185 de zile pe an din moti\u00adve per\u00adso\u00adna\u00adle sau pro\u00adfe\u00adsio\u00adna\u00adle \u2014 atunci per\u00admi\u00adsul dum\u00adne\u00ada\u00advoas\u00adtr\u0103 de con\u00addu\u00adce\u00adre str\u0103\u00adin r\u0103m\u00e2\u00adne vala\u00adbil p\u00e2n\u0103 la \u0219ase luni dup\u0103 sta\u00adbi\u00adli\u00adrea re\u0219e\u00addin\u00ad\u021bei.Dup\u0103 aceas\u00adt\u0103 peri\u00adoa\u00add\u0103, va tre\u00adbui s\u0103 soli\u00adci\u00adta\u021bi schim\u00adba\u00adrea per\u00admi\u00adsu\u00adlui de con\u00addu\u00adce\u00adre str\u0103\u00adin(Umschrei\u00adbu\u00adng einer ausl\u00e4n\u00addis\u00adchen Fahrer\u00adlau\u00adb\u00adnis) pen\u00adtru a con\u00adti\u00adnua s\u0103 con\u00addu\u00adce\u021bi legal \u00een Ger\u00adma\u00adnia. \u26a0\ufe0f V\u0103 rug\u0103m s\u0103 re\u021bi\u00adne\u021bi: cerin\u00ad\u021be\u00adle \u0219i pro\u00adce\u00addu\u00adri\u00adle exac\u00adte pot varia \u00een func\u00ad\u021bie de \u021bara care v\u2011a eli\u00adbe\u00adrat per\u00admi\u00adsul. \ud83d\udcdd Cum s\u0103 depu\u00adne\u021bi o cerere\u2026<\/p>\n","category_list_v2":"","author_info_v2":{"name":"Andrea Ramirez","url":"https:\/\/www.anika-net.de\/ro\/author\/andrea-ramirez\/"},"comments_num_v2":"0 comments","uagb_featured_image_src":{"full":false,"thumbnail":false,"medium":false,"medium_large":false,"large":false,"1536x1536":false,"2048x2048":false,"event-overview":false,"event-archive-thumb":false,"grid-item-thumbnail":false,"network-partner-icon":false,"organiser-icon":false,"gform-image-choice-sm":false,"gform-image-choice-md":false,"gform-image-choice-lg":false},"uagb_author_info":{"display_name":"Andrea Ramirez","author_link":"https:\/\/www.anika-net.de\/ro\/author\/andrea-ramirez\/"},"uagb_comment_info":0,"uagb_excerpt":"V\u0103 muta\u021bi \u00een Ger\u00adma\u00adnia \u0219i de\u021bi\u00adne\u021bi deja un per\u00admis de con\u00addu\u00adce\u00adre dintr\u2011o alt\u0103 \u021bar\u0103?Dac\u0103 inten\u00ad\u021bio\u00adna\u021bi s\u0103 locu\u00adi\u021bi \u00een Ger\u00adma\u00adnia pen\u00adtru o peri\u00adoa\u00add\u0103 \u00eende\u00adlun\u00adga\u00adt\u0103 \u2014 adi\u00adc\u0103 cel pu\u021bin 185 de zile&nbsp;Citi\u021bi mai mult","_links":{"self":[{"href":"https:\/\/www.anika-net.de\/ro\/wp-json\/wp\/v2\/pages\/62722","targetHints":{"allow":["GET"]}}],"collection":[{"href":"https:\/\/www.anika-net.de\/ro\/wp-json\/wp\/v2\/pages"}],"about":[{"href":"https:\/\/www.anika-net.de\/ro\/wp-json\/wp\/v2\/types\/page"}],"author":[{"embeddable":true,"href":"https:\/\/www.anika-net.de\/ro\/wp-json\/wp\/v2\/users\/12"}],"replies":[{"embeddable":true,"href":"https:\/\/www.anika-net.de\/ro\/wp-json\/wp\/v2\/comments?post=62722"}],"version-history":[{"count":1,"href":"https:\/\/www.anika-net.de\/ro\/wp-json\/wp\/v2\/pages\/62722\/revisions"}],"predecessor-version":[{"id":62723,"href":"https:\/\/www.anika-net.de\/ro\/wp-json\/wp\/v2\/pages\/62722\/revisions\/62723"}],"wp:attachment":[{"href":"https:\/\/www.anika-net.de\/ro\/wp-json\/wp\/v2\/media?parent=62722"}],"curies":[{"name":"wp","href":"https:\/\/api.w.org\/{rel}","templated":true}]}}