{"id":34652,"date":"2023-03-07T13:32:15","date_gmt":"2023-03-07T12:32:15","guid":{"rendered":"https:\/\/www.anika-net.de\/invata-germana\/curs-de-germana-cu-ingrijire-copii\/"},"modified":"2025-09-01T10:10:05","modified_gmt":"2025-09-01T08:10:05","slug":"curs-de-germana-cu-ingrijire-copii","status":"publish","type":"page","link":"https:\/\/www.anika-net.de\/ro\/invata-germana\/curs-de-germana-cu-ingrijire-copii\/","title":{"rendered":"Curs de ger\u00adma\u00adn\u0103 cu \u00eengri\u00adji\u00adre&nbsp;copii"},"content":{"rendered":"\n<p>Per\u00adsoa\u00adne\u00adle care nu sunt eli\u00adgi\u00adbi\u00adle pen\u00adtru cur\u00adsu\u00adri\u00adle de inte\u00adgra\u00adre sau care sunt \u00een impo\u00adsi\u00adbi\u00adli\u00adta\u00adtea fizi\u00adc\u0103 de a par\u00adti\u00adci\u00adpa la ast\u00adfel de cur\u00adsuri pot par\u00adti\u00adci\u00adpa la cur\u00adsuri \u00een con\u00adfor\u00admi\u00adta\u00adte cu Regu\u00adla\u00admen\u00adtul admi\u00adnis\u00adtra\u00adtiv <em>(Verwalt\u00adun\u00adgs\u00advorschrift<\/em> VwV) german.<\/p>\n\n\n\n<p><strong><span style=\"color: #078c88;\" class=\"stk-highlight\">Gru\u00adpul \u021bin\u00adt\u0103<\/span><\/strong><br>P\u0103rin\u00ad\u021bii pot lua par\u00adte la cur\u00adsul de ger\u00adma\u00adn\u0103 cu \u00eengri\u00adji\u00adrea copiilor,<\/p>\n\n\n\n<ul class=\"wp-block-list\">\n<li>care au copii mici, dar nu au faci\u00adli\u00adt\u0103\u021bi de \u00eengri\u00adji\u00adre a copi\u00adi\u00adlor \u0219i, prin urma\u00adre, nu pot par\u00adti\u00adci\u00adpa la un curs de integrare.<\/li>\n<\/ul>\n\n\n\n<ul class=\"wp-block-list\">\n<li>care nu au per\u00admis de \u0219ede\u00adre \u0219i, prin urma\u00adre, nu pot par\u00adti\u00adci\u00adpa la un curs de integrare.<\/li>\n<\/ul>\n\n\n\n<p><strong><span style=\"color: #078c88;\" class=\"stk-highlight\">C\u00e2nd<\/span><\/strong><br>Dimi\u00adnea\u00ad\u021ba \u0219i dup\u0103-amiaza<\/p>\n\n\n\n<p><strong><span style=\"color: #078c88;\" class=\"stk-highlight\">Fur\u00adni\u00adzori de cur\u00adsuri \u0219i \u00eenscri\u00ade\u00adre<\/span><\/strong><br>Pen\u00adtru a v\u0103 \u00eenscrie la un curs de ger\u00adma\u00adn\u0103 cu ser\u00advi\u00adcii de \u00eengri\u00adji\u00adre a copi\u00adi\u00adlor, v\u0103 rug\u0103m s\u0103 con\u00adtac\u00adta\u021bi direct urm\u0103\u00adto\u00adrii fur\u00adni\u00adzori de cur\u00adsuri de lim\u00adbi str\u0103ine:<\/p>\n\n\n\n<p>\ud83c\udf10<strong><a href=\"https:\/\/www.aaw.de\/sprach-und-integrationskurse\" rel=\"noopener\">AAW Karl\u00adsru\u00adhe<\/a><\/strong><br>\ud83d\udccd Gries\u00adba\u00adchs\u00adtra\u00ad\u00dfe 12, 76185 Karl\u00adsru\u00adhe<br>\ud83d\udcde 0157 3392 7304 sau 0721 850290<br>\ud83d\udce7 kibe.karlsruhe@aaw.de<br><strong>Unde:<\/strong> <strong><a href=\"https:\/\/www.anika-net.de\/wp-content\/uploads\/2021\/10\/20_07_Flyer_Deutschkurse_mit_Kinderbetreuung.pdf\">ibz Karl\u00adsru\u00adhe<\/a><\/strong> <br>\ud83d\udccdKai\u00adse\u00adra\u00adl\u00adlee 12 d, 76133 Karlsruhe<\/p>\n\n\n\n<p>\ud83c\udf10 <strong><a href=\"https:\/\/future-gate.eu\/\" rel=\"noopener\">Futu\u00adre Gate Bil\u00addung und Trai\u00adning<\/a><\/strong><br>\ud83d\udccd Kai\u00adser\u00adstra\u00ad\u00dfe 156, 76133 Karl\u00adsru\u00adhe<br>\ud83d\udcde 0721 6697 1359<br>\ud83d\udce7 info@future-gate.eu<br><strong>Unde<\/strong>: <a href=\"https:\/\/future-gate.eu\/\" rel=\"noopener\"><strong>Poar\u00adta vii\u00adto\u00adru\u00adlui<\/strong><\/a><br>\ud83d\udccd Kai\u00adser\u00adstra\u00ad\u00dfe 156, 76133 Karlsruhe<\/p>\n\n\n\n<p>Cur\u00adsu\u00adri\u00adle de inte\u00adgra\u00adre cu \u00eengri\u00adji\u00adrea copi\u00adi\u00adlor sunt finan\u00ad\u021ba\u00adte \u00een cadrul pro\u00adgra\u00admu\u00adlui fede\u00adral \u2197 \u201c<a href=\"https:\/\/www.fruehe-chancen.de\/themen\/integration-und-inklusion\/bundesprogramm-integrationskurs-mit-kind\" rel=\"noopener\"><strong>Curs de inte\u00adgra\u00adre cu copi\u00adlul<\/strong><\/a>\u201d al Minis\u00adte\u00adru\u00adlui Fede\u00adral pen\u00adtru Fami\u00adlie, Per\u00adsoa\u00adne \u00een v\u00e2r\u00adst\u0103, Femei \u0219i Tine\u00adret (BMFSFJ). Ofer\u00adta este spri\u00adji\u00adni\u00adt\u0103 de Biro\u00adul pen\u00adtru inte\u00adgra\u00adre \u0219i de Depar\u00adta\u00admen\u00adtul de \u00eengri\u00adji\u00adre de zi a copi\u00adi\u00adlor al ora\u00ad\u0219u\u00adlui Karl\u00adsru\u00adhe. <br><br>Cur\u00adsu\u00adri\u00adle de ger\u00adma\u00adn\u0103 VwV sunt finan\u00ad\u021ba\u00adte de lan\u00addul Baden-W\u00fcrt\u00adtem\u00adberg \u0219i de ora\u00ad\u0219ul Karl\u00adsru\u00adhe. Ofer\u00adta are loc \u00een coo\u00adpe\u00adra\u00adre cu \u2197<strong> <a href=\"https:\/\/www.aaw.de\/\" rel=\"noopener\">Arbe\u00adit\u00adskre\u00adis f\u00fcr Aus- und Wei\u00adter\u00adbil\u00addung Karl\u00adsru\u00adhe (AAW)<\/a><\/strong> \u0219i \u2197<strong> <a href=\"https:\/\/www.ibz-karlsruhe.de\/\" rel=\"noopener\">Cen\u00adtrul Inter\u00adna\u021bio\u00adnal de \u00cent\u00e2l\u00adniri Karl\u00adsru\u00adhe e. V. (ibz) <\/a><\/strong> pre\u00adcum \u0219i cu spri\u00adji\u00adnul ama\u00adbil al \u2197<strong> <a href=\"https:\/\/www.jobcenter-stadt-karlsruhe.de\/\" rel=\"noopener\">Job\u00adcen\u00adter Karlsruhe.<\/a><\/strong><\/p>\n\n\n\n<h2 class=\"wp-block-heading\"><span style=\"color: #078c88;\" class=\"stk-highlight\">Nou\u00adt\u0103\u021bi<\/span><\/h2>\n\n\n\n<details class=\"wp-block-stackable-accordion stk-block-accordion stk-inner-blocks stk-block-content stk-block stk-586a212 is-style-default\" data-block-id=\"586a212\">\n<summary class=\"wp-block-stackable-column stk-block-column stk-column stk-block stk-b82b200 stk--container-small stk-block-accordion__heading\" data-v=\"4\" data-block-id=\"b82b200\"><div class=\"stk-column-wrapper stk-block-column__content stk-container stk-b82b200-container stk-hover-parent\"><div class=\"stk-block-content stk-inner-blocks stk-b82b200-inner-blocks\">\n<div class=\"wp-block-stackable-icon-label stk-block-icon-label stk-block stk-adc16ac\" data-block-id=\"adc16ac\"><div class=\"stk-row stk-inner-blocks stk-block-content\">\n<div class=\"wp-block-stackable-heading stk-block-heading stk-block-heading--v2 stk-block stk-3e53cec\" id=\"parents-meeting-and-childrens-language-course\" data-block-id=\"3e53cec\"><h4 class=\"stk-block-heading__text\">Reu\u00adniu\u00adnea p\u0103rin\u00ad\u021bi\u00adlor \u0219i cur\u00adsul de lim\u00adbi str\u0103\u00adi\u00adne pen\u00adtru&nbsp;copii<\/h4><\/div>\n\n\n\n<div class=\"wp-block-stackable-icon stk-block-icon stk-block stk-ec26a2c\" data-block-id=\"ec26a2c\"><span class=\"stk--svg-wrapper\"><div class=\"stk--inner-svg\"><svg style=\"height:0;width:0\"><defs><linearGradient id=\"linear-gradient-ec26a2c\" x1=\"0\" x2=\"100%\" y1=\"0\" y2=\"0\"><stop offset=\"0%\" style=\"stop-opacity:1;stop-color:var(--linear-gradient-ec-26-a-2-c-color-1)\" \/><stop offset=\"100%\" style=\"stop-opacity:1;stop-color:var(--linear-gradient-ec-26-a-2-c-color-2)\" \/><\/linearGradient><\/defs><\/svg><svg data-prefix=\"fas\" data-icon=\"chevron-down\" class=\"svg-inline--fa fa-chevron-down fa-w-14\" viewBox=\"0 0 448 512\" aria-hidden=\"true\" width=\"32\" height=\"32\"><path fill=\"currentColor\" d=\"M207.029 381.476L12.686 187.132c-9.373-9.373-9.373-24.569 0-33.941l22.667-22.667c9.357-9.357 24.522-9.375 33.901-.04L224 284.505l154.745-154.021c9.379-9.335 24.544-9.317 33.901.04l22.667 22.667c9.373 9.373 9.373 24.569 0 33.941L240.971 381.476c-9.373 9.372-24.569 9.372-33.942 0z\" \/><\/svg><\/div><\/span><\/div>\n<\/div><\/div>\n<\/div><\/div><\/summary>\n\n\n\n<div class=\"wp-block-stackable-column stk-block-column stk-column stk-block stk-5156b07 stk-block-accordion__content\" data-v=\"4\" data-block-id=\"5156b07\"><div class=\"stk-column-wrapper stk-block-column__content stk-container stk-5156b07-container stk--no-background stk--no-padding\"><div class=\"stk-block-content stk-inner-blocks stk-5156b07-inner-blocks\">\n<div class=\"wp-block-stackable-text stk-block-text stk-block stk-538f2fb\" data-block-id=\"538f2fb\"><p class=\"stk-block-text__text\">\u00cen coo\u00adpe\u00adra\u00adre cu AWO Karl\u00adsru\u00adhe, Biro\u00adul pen\u00adtru Inte\u00adgra\u00adre ofe\u00adr\u0103 un pro\u00adiect pilot de pro\u00admo\u00adva\u00adre a cuno\u0219\u00adtin\u00ad\u021be\u00adlor de lim\u00adb\u0103 ger\u00adma\u00adn\u0103 pen\u00adtru copi\u00adii care nu au un loc la gr\u0103\u00addi\u00adni\u00ad\u021b\u0103, cu o \u00eent\u00e2l\u00adni\u00adre para\u00adle\u00adl\u0103 pen\u00adtru p\u0103rin\u021bi.<br>Cine poa\u00adte par\u00adti\u00adci\u00adpa: P\u0103rin\u00ad\u021bii (noi) imi\u00adgran\u021bi \u0219i copi\u00adii lor care au \u00eentre patru \u0219i \u0219ase ani \u0219i nu au \u00eenc\u0103 un loc la gr\u0103\u00addi\u00adni\u00ad\u021b\u0103.<br><br><strong>Ora\u00adrul cur\u00adsu\u00adri\u00adlor:<\/strong> \u00censcri\u00ade\u00adrea este posi\u00adbi\u00adl\u0103 \u00een ori\u00adce moment, at\u00e2t timp c\u00e2t mai sunt locuri dis\u00adpo\u00adni\u00adbi\u00adle. \u00cen caz con\u00adtrar, \u021binem o lis\u00adt\u0103 de a\u0219tep\u00adta\u00adre \u0219i ve\u021bi fi con\u00adtac\u00adtat de \u00eenda\u00adt\u0103 ce un loc devi\u00adne dis\u00adpo\u00adni\u00adbil. <br><br>\ud83d\udccdBlei\u00adchs\u00adtra\u00ad\u00dfe 9, 76227 Karl\u00adsru\u00adhe<br><strong>Orga\u00adni\u00adza\u00adto\u00adrul cur\u00adsu\u00adlui:<\/strong> AWO Karl\u00adsru\u00adhe gGm\u00adbH, Grit\u00adz\u00adner\u00adstra\u00ad\u00dfe 8, 76227 Karl\u00adsru\u00adhe<br><br><strong>Per\u00adsoa\u00adne de con\u00adtact:<\/strong> Sil\u00adke Telt\u00adscher \u0219i Sami\u00adra Ahmed<br>\ud83d\udcde 0171 68 13 739<br>\ud83d\udcde 0171 62 86 094<br>\ud83d\udce7 s.teltscher@awo-karlsruhe.de<br>\ud83d\udce7 s.ahmed@awo-karlsruhe.de<br><br><strong>\u00cenre\u00adgis\u00adtra\u00adre \u0219i con\u00adsult per\u00adso\u00adnal numai pe baz\u0103 de pro\u00adgra\u00adma\u00adre<\/strong><br>Ser\u00advi\u00adci\u00adul este finan\u00ad\u021bat de lan\u00addul Baden-W\u00fcrt\u00adtem\u00adberg \u0219i de Ofi\u00adci\u00adul pen\u00adtru Integrare.<\/p><\/div>\n<\/div><\/div><\/div>\n<\/details>\n","protected":false},"excerpt":{"rendered":"<p>Per\u00adsoa\u00adne\u00adle care nu sunt eli\u00adgi\u00adbi\u00adle pen\u00adtru cur\u00adsu\u00adri\u00adle de inte\u00adgra\u00adre sau care sunt \u00een impo\u00adsi\u00adbi\u00adli\u00adta\u00adtea fizi\u00adc\u0103 de a par\u00adti\u00adci\u00adpa la ast\u00adfel de cur\u00adsuri pot par\u00adti\u00adci\u00adpa la cur\u00adsuri \u00een con\u00adfor\u00admi\u00adta\u00adte cu Regu\u00adla\u00admen\u00adtul&nbsp;<a class=\"moretag\" href=\"https:\/\/www.anika-net.de\/ro\/invata-germana\/curs-de-germana-cu-ingrijire-copii\/\">Citi\u021bi mai&nbsp;mult<\/a><\/p>\n","protected":false},"author":12,"featured_media":37372,"parent":34533,"menu_order":20,"comment_status":"closed","ping_status":"closed","template":"","meta":{"_acf_changed":false,"inline_featured_image":false,"_uag_custom_page_level_css":"","wp_typography_post_enhancements_disabled":false,"footnotes":""},"class_list":["post-34652","page","type-page","status-publish","has-post-thumbnail","hentry"],"acf":[],"featured_image_urls_v2":{"full":["https:\/\/www.anika-net.de\/wp-content\/uploads\/2023\/04\/Kinderbetreuung-05n-05.png",2000,1111,false],"thumbnail":["https:\/\/www.anika-net.de\/wp-content\/uploads\/2023\/04\/Kinderbetreuung-05n-05-150x150.png",150,150,true],"medium":["https:\/\/www.anika-net.de\/wp-content\/uploads\/2023\/04\/Kinderbetreuung-05n-05-300x167.png",300,167,true],"medium_large":["https:\/\/www.anika-net.de\/wp-content\/uploads\/2023\/04\/Kinderbetreuung-05n-05-768x427.png",640,356,true],"large":["https:\/\/www.anika-net.de\/wp-content\/uploads\/2023\/04\/Kinderbetreuung-05n-05-1024x569.png",640,356,true],"1536x1536":["https:\/\/www.anika-net.de\/wp-content\/uploads\/2023\/04\/Kinderbetreuung-05n-05-1536x853.png",1536,853,true],"2048x2048":["https:\/\/www.anika-net.de\/wp-content\/uploads\/2023\/04\/Kinderbetreuung-05n-05.png",2000,1111,false],"event-overview":["https:\/\/www.anika-net.de\/wp-content\/uploads\/2023\/04\/Kinderbetreuung-05n-05-960x640.png",960,640,true],"event-archive-thumb":["https:\/\/www.anika-net.de\/wp-content\/uploads\/2023\/04\/Kinderbetreuung-05n-05-480x267.png",480,267,true],"grid-item-thumbnail":["https:\/\/www.anika-net.de\/wp-content\/uploads\/2023\/04\/Kinderbetreuung-05n-05-360x200.png",360,200,true],"network-partner-icon":["https:\/\/www.anika-net.de\/wp-content\/uploads\/2023\/04\/Kinderbetreuung-05n-05-100x100.png",100,100,true],"organiser-icon":["https:\/\/www.anika-net.de\/wp-content\/uploads\/2023\/04\/Kinderbetreuung-05n-05-200x200.png",200,200,true],"gform-image-choice-sm":["https:\/\/www.anika-net.de\/wp-content\/uploads\/2023\/04\/Kinderbetreuung-05n-05.png",300,167,false],"gform-image-choice-md":["https:\/\/www.anika-net.de\/wp-content\/uploads\/2023\/04\/Kinderbetreuung-05n-05.png",400,222,false],"gform-image-choice-lg":["https:\/\/www.anika-net.de\/wp-content\/uploads\/2023\/04\/Kinderbetreuung-05n-05.png",600,333,false]},"post_excerpt_stackable_v2":"<p>Per\u00adsoa\u00adne\u00adle care nu sunt eli\u00adgi\u00adbi\u00adle pen\u00adtru cur\u00adsu\u00adri\u00adle de inte\u00adgra\u00adre sau care sunt \u00een impo\u00adsi\u00adbi\u00adli\u00adta\u00adtea fizi\u00adc\u0103 de a par\u00adti\u00adci\u00adpa la ast\u00adfel de cur\u00adsuri pot par\u00adti\u00adci\u00adpa la cur\u00adsuri \u00een con\u00adfor\u00admi\u00adta\u00adte cu Regu\u00adla\u00admen\u00adtul admi\u00adnis\u00adtra\u00adtiv (Verwalt\u00adun\u00adgs\u00advorschrift VwV) ger\u00adman. Gru\u00adpul \u021bin\u00adt\u0103P\u0103rin\u00ad\u021bii pot lua par\u00adte la cur\u00adsul de ger\u00adma\u00adn\u0103 cu \u00eengri\u00adji\u00adrea copi\u00adi\u00adlor, care au copii mici, dar nu au faci\u00adli\u00adt\u0103\u021bi de \u00eengri\u00adji\u00adre a copi\u00adi\u00adlor \u0219i, prin urma\u00adre, nu pot par\u00adti\u00adci\u00adpa la un curs de inte\u00adgra\u00adre. care nu au per\u00admis de \u0219ede\u00adre \u0219i, prin urma\u00adre, nu pot par\u00adti\u00adci\u00adpa la un curs de inte\u00adgra\u00adre. C\u00e2ndDimi\u00adnea\u00ad\u021ba \u0219i dup\u0103-ami\u00ada\u00adza Fur\u00adni\u00adzori de cur\u00adsuri \u0219i \u00eenscri\u00ade\u00adrePen\u00adtru a v\u0103 \u00eenscrie la un&nbsp;curs\u2026<\/p>\n","category_list_v2":"","author_info_v2":{"name":"Andrea Ramirez","url":"https:\/\/www.anika-net.de\/ro\/author\/andrea-ramirez\/"},"comments_num_v2":"0 comments","uagb_featured_image_src":{"full":["https:\/\/www.anika-net.de\/wp-content\/uploads\/2023\/04\/Kinderbetreuung-05n-05.png",2000,1111,false],"thumbnail":["https:\/\/www.anika-net.de\/wp-content\/uploads\/2023\/04\/Kinderbetreuung-05n-05-150x150.png",150,150,true],"medium":["https:\/\/www.anika-net.de\/wp-content\/uploads\/2023\/04\/Kinderbetreuung-05n-05-300x167.png",300,167,true],"medium_large":["https:\/\/www.anika-net.de\/wp-content\/uploads\/2023\/04\/Kinderbetreuung-05n-05-768x427.png",640,356,true],"large":["https:\/\/www.anika-net.de\/wp-content\/uploads\/2023\/04\/Kinderbetreuung-05n-05-1024x569.png",640,356,true],"1536x1536":["https:\/\/www.anika-net.de\/wp-content\/uploads\/2023\/04\/Kinderbetreuung-05n-05-1536x853.png",1536,853,true],"2048x2048":["https:\/\/www.anika-net.de\/wp-content\/uploads\/2023\/04\/Kinderbetreuung-05n-05.png",2000,1111,false],"event-overview":["https:\/\/www.anika-net.de\/wp-content\/uploads\/2023\/04\/Kinderbetreuung-05n-05-960x640.png",960,640,true],"event-archive-thumb":["https:\/\/www.anika-net.de\/wp-content\/uploads\/2023\/04\/Kinderbetreuung-05n-05-480x267.png",480,267,true],"grid-item-thumbnail":["https:\/\/www.anika-net.de\/wp-content\/uploads\/2023\/04\/Kinderbetreuung-05n-05-360x200.png",360,200,true],"network-partner-icon":["https:\/\/www.anika-net.de\/wp-content\/uploads\/2023\/04\/Kinderbetreuung-05n-05-100x100.png",100,100,true],"organiser-icon":["https:\/\/www.anika-net.de\/wp-content\/uploads\/2023\/04\/Kinderbetreuung-05n-05-200x200.png",200,200,true],"gform-image-choice-sm":["https:\/\/www.anika-net.de\/wp-content\/uploads\/2023\/04\/Kinderbetreuung-05n-05.png",300,167,false],"gform-image-choice-md":["https:\/\/www.anika-net.de\/wp-content\/uploads\/2023\/04\/Kinderbetreuung-05n-05.png",400,222,false],"gform-image-choice-lg":["https:\/\/www.anika-net.de\/wp-content\/uploads\/2023\/04\/Kinderbetreuung-05n-05.png",600,333,false]},"uagb_author_info":{"display_name":"Andrea Ramirez","author_link":"https:\/\/www.anika-net.de\/ro\/author\/andrea-ramirez\/"},"uagb_comment_info":0,"uagb_excerpt":"Per\u00adsoa\u00adne\u00adle care nu sunt eli\u00adgi\u00adbi\u00adle pen\u00adtru cur\u00adsu\u00adri\u00adle de inte\u00adgra\u00adre sau care sunt \u00een impo\u00adsi\u00adbi\u00adli\u00adta\u00adtea fizi\u00adc\u0103 de a par\u00adti\u00adci\u00adpa la ast\u00adfel de cur\u00adsuri pot par\u00adti\u00adci\u00adpa la cur\u00adsuri \u00een con\u00adfor\u00admi\u00adta\u00adte cu Regu\u00adla\u00admen\u00adtul&nbsp;Citi\u021bi mai mult","_links":{"self":[{"href":"https:\/\/www.anika-net.de\/ro\/wp-json\/wp\/v2\/pages\/34652","targetHints":{"allow":["GET"]}}],"collection":[{"href":"https:\/\/www.anika-net.de\/ro\/wp-json\/wp\/v2\/pages"}],"about":[{"href":"https:\/\/www.anika-net.de\/ro\/wp-json\/wp\/v2\/types\/page"}],"author":[{"embeddable":true,"href":"https:\/\/www.anika-net.de\/ro\/wp-json\/wp\/v2\/users\/12"}],"replies":[{"embeddable":true,"href":"https:\/\/www.anika-net.de\/ro\/wp-json\/wp\/v2\/comments?post=34652"}],"version-history":[{"count":4,"href":"https:\/\/www.anika-net.de\/ro\/wp-json\/wp\/v2\/pages\/34652\/revisions"}],"predecessor-version":[{"id":64352,"href":"https:\/\/www.anika-net.de\/ro\/wp-json\/wp\/v2\/pages\/34652\/revisions\/64352"}],"up":[{"embeddable":true,"href":"https:\/\/www.anika-net.de\/ro\/wp-json\/wp\/v2\/pages\/34533"}],"wp:featuredmedia":[{"embeddable":true,"href":"https:\/\/www.anika-net.de\/ro\/wp-json\/wp\/v2\/media\/37372"}],"wp:attachment":[{"href":"https:\/\/www.anika-net.de\/ro\/wp-json\/wp\/v2\/media?parent=34652"}],"curies":[{"name":"wp","href":"https:\/\/api.w.org\/{rel}","templated":true}]}}