{"id":34630,"date":"2023-03-07T13:28:23","date_gmt":"2023-03-07T12:28:23","guid":{"rendered":"https:\/\/www.anika-net.de\/invata-germana\/alte-cursuri-de-germana\/"},"modified":"2026-03-30T12:40:09","modified_gmt":"2026-03-30T10:40:09","slug":"alte-cursuri-de-germana","status":"publish","type":"page","link":"https:\/\/www.anika-net.de\/ro\/invata-germana\/alte-cursuri-de-germana\/","title":{"rendered":"Curs VwV \u2014 Cur\u00adsuri de ger\u00adma\u00adn\u0103 cu certificat"},"content":{"rendered":"\n<p class=\"has-text-align-center\">Exis\u00adt\u0103 mul\u00adte oport\u00adu\u00adni\u00adt\u0103\u021bi pen\u00adtru (noii) imi\u00adgran\u021bi de a \u00eenv\u0103\u00ad\u021ba lim\u00adba ger\u00adma\u00adn\u0103 \u00een Karl\u00adsru\u00adhe. Este impor\u00adtant de \u0219ti\u00adut c\u0103 <strong>cur\u00adsu\u00adri\u00adle de inte\u00adgra\u00adre, cur\u00adsu\u00adri\u00adle de lim\u00adb\u0103 pro\u00adfe\u00adsio\u00adna\u00adl\u0103 \u0219i cur\u00adsu\u00adri\u00adle de ger\u00adma\u00adn\u0103 VwV sunt cur\u00adsuri de lim\u00adb\u0103 cer\u00adti\u00adfi\u00adca\u00adte<\/strong>. Aceas\u00adta \u00eenseam\u00adn\u0103 c\u0103 par\u00adti\u00adci\u00adpan\u00ad\u021bii pot sus\u00ad\u021bi\u00adne un exa\u00admen la sf\u00e2r\u00ad\u0219i\u00adtul aces\u00adtor cur\u00adsuri \u0219i pot pri\u00admi un cer\u00adti\u00adfi\u00adcat ling\u00advis\u00adtic oficial.&nbsp;<\/p>\n\n<div class=\"wp-block-stackable-divider stk-block-divider stk-block stk-e7caf98\" data-block-id=\"e7caf98\"><hr class=\"stk-block-divider__hr\"><\/div>\n\n<h2 class=\"wp-block-heading\">Cur\u00adsuri de ger\u00adma\u00adn\u0103 \u00een con\u00adfor\u00admi\u00adta\u00adte cu regu\u00adla\u00admen\u00adtul admi\u00adnis\u00adtra\u00adtiv ger\u00adman (VwV Deutsch)<\/h2>\n\n<p>Deo\u00ada\u00adre\u00adce nu toa\u00adte per\u00adsoa\u00adne\u00adle pot par\u00adti\u00adci\u00adpa la cur\u00adsu\u00adri\u00adle de inte\u00adgra\u00adre, ora\u00ad\u0219ul Karl\u00adsru\u00adhe imple\u00admen\u00adtea\u00adz\u0103 VwV Deut\u00adsch\u00adkur\u00adse.<br>Per\u00adsoa\u00adne\u00adle care nu sunt eli\u00adgi\u00adbi\u00adle pen\u00adtru cur\u00adsu\u00adri\u00adle de inte\u00adgra\u00adre sau nu pot par\u00adti\u00adci\u00adpa prac\u00adtic la aces\u00adtea pot lua par\u00adte la cur\u00adsu\u00adri\u00adle de ger\u00adma\u00adn\u0103 VwV.<br><br><em>Urm\u0103\u00adtoa\u00adre\u00adle cur\u00adsuri de ger\u00adma\u00adn\u0103 VwV sunt ofe\u00adri\u00adte \u0219i \u00een Karlsruhe:<\/em><\/p>\n\n<h3 class=\"wp-block-heading\"><span style=\"color: #099189;\" class=\"stk-highlight\">1. Cur\u00adsuri de var\u0103<\/span><strong><span style=\"color: #099189;\" class=\"stk-highlight\"> pen\u00adtru ado\u00adles\u00adcen\u021bi \u0219i tineri adul\u021bi la tranzi\u00ad\u021bia de la \u0219coa\u00adl\u0103 la for\u00adma\u00adrea profesional\u0103<\/span><\/strong><\/h3>\n\n<p>Cur\u00adsuri de ger\u00adma\u00adn\u0103 cu exa\u00adme\u00adne fina\u00adle cer\u00adti\u00adfi\u00adca\u00adte B1 sau supe\u00adri\u00adoa\u00adre pen\u00adtru ado\u00adles\u00adcen\u021bi \u0219i tineri adul\u021bi (cu v\u00e2r\u00adsta de 15 ani \u0219i pes\u00adte) cu cuno\u0219\u00adtin\u00ad\u021be bune de lim\u00adb\u0103 de nivel A2 sau superior.<\/p>\n\n<h3 class=\"wp-block-heading\"><strong><span style=\"color: #099e96;\" class=\"stk-highlight\">2. Pro\u00admo\u00adva\u00adrea per\u00adsoa\u00adne\u00adlor care nu sunt cali\u00adfi\u00adca\u00adte pen\u00adtru cur\u00adsu\u00adri\u00adle de integrare<\/span><\/strong><\/h3>\n\n<p>Acest aju\u00adtor este des\u00adti\u00adnat tutu\u00adror imi\u00adgran\u00ad\u021bi\u00adlor care nu au sau nu au \u00eenc\u0103 acces la cur\u00adsuri de inte\u00adgra\u00adre \u0219i care nu sunt \u00een peri\u00adcol imi\u00adnent de deportare.<\/p>\n\n<p><strong><span style=\"color: #069997;\" class=\"stk-highlight\">\u00cenre\u00adgis\u00adtra\u00adre<\/span><\/strong><\/p>\n\n<ul class=\"wp-block-list\">\n<li>Pen\u00adtru a v\u0103 \u00eenscrie la un <strong>curs de ger\u00adma\u00adn\u0103 VwV<\/strong>, v\u0103 rug\u0103m s\u0103 ne tri\u00admi\u00adte\u021bi ori\u00adgi\u00adna\u00adlul, com\u00adple\u00adtat \u0219i <strong>sem\u00adnat<\/strong> <strong><a href=\"https:\/\/www.anika-net.de\/wp-content\/uploads\/2026\/03\/Antrag_VwV-Deutsch_neu.pdf\">for\u00admu\u00adla\u00adrul de \u00eenscriere<\/a><\/strong><\/li>\n\n\n\n<li>O <strong>copie a per\u00admi\u00adsu\u00adlui de \u0219ede\u00adre<\/strong> (sub for\u00adma unui per\u00admis de \u0219ede\u00adre, a unui per\u00admis de \u0219ede\u00adre tem\u00adpo\u00adra\u00adr\u0103, a unui per\u00admis de tole\u00adran\u00ad\u021b\u0103 sau, \u00een cazul cet\u0103\u00ad\u021be\u00adni\u00adlor UE, a unei c\u0103r\u021bi de identitate)<\/li>\n<\/ul>\n\n<p>\ud83d\udd10 <strong>Infor\u00adma\u00ad\u021bii pri\u00advind pre\u00adlu\u00adcra\u00adrea date\u00adlor<\/strong> pot fi <strong>g\u0103si\u00adte<\/strong> <strong><a href=\"https:\/\/www.anika-net.de\/wp-content\/uploads\/2025\/02\/4-Datenschutzinformation-BfI.pdf\">aici<\/a><\/strong><\/p>\n\n<p><strong><span style=\"color: #069997;\" class=\"stk-highlight\">Con\u00adtact<\/span><\/strong><br>\u00cen cazul \u00een care ave\u021bi \u00eentre\u00adb\u0103ri, Biro\u00adul pen\u00adtru inte\u00adgra\u00adre va fi bucu\u00adros s\u0103 v\u0103 con\u00adsi\u00adli\u00ade\u00adze prin \ud83d\udcde 0721 133\u20115727 sau prin \ud83d\udce7 la adre\u00adsa: buero.fuer.integration@sjb.karlsruhe.de.<\/p>\n\n<p><em><span style=\"color: #575656;\" class=\"stk-highlight\">Cur\u00adsu\u00adri\u00adle de ger\u00adma\u00adn\u0103 VwV sunt finan\u00ad\u021ba\u00adte de lan\u00addul Baden-W\u00fcrt\u00adtem\u00adberg \u0219i de ora\u00ad\u0219ul Karlsruhe.<\/span><\/em><\/p>\n","protected":false},"excerpt":{"rendered":"<p>Exis\u00adt\u0103 mul\u00adte oport\u00adu\u00adni\u00adt\u0103\u021bi pen\u00adtru (noii) imi\u00adgran\u021bi de a \u00eenv\u0103\u00ad\u021ba lim\u00adba ger\u00adma\u00adn\u0103 \u00een Karl\u00adsru\u00adhe. Este impor\u00adtant de \u0219ti\u00adut c\u0103 cur\u00adsu\u00adri\u00adle de inte\u00adgra\u00adre, cur\u00adsu\u00adri\u00adle de lim\u00adb\u0103 pro\u00adfe\u00adsio\u00adna\u00adl\u0103 \u0219i cur\u00adsu\u00adri\u00adle de ger\u00adma\u00adn\u0103 VwV&nbsp;<a class=\"moretag\" href=\"https:\/\/www.anika-net.de\/ro\/invata-germana\/alte-cursuri-de-germana\/\">Citi\u021bi mai&nbsp;mult<\/a><\/p>\n","protected":false},"author":12,"featured_media":34431,"parent":34533,"menu_order":30,"comment_status":"closed","ping_status":"closed","template":"","meta":{"_acf_changed":false,"inline_featured_image":false,"_uag_custom_page_level_css":"","wp_typography_post_enhancements_disabled":false,"footnotes":""},"class_list":["post-34630","page","type-page","status-publish","has-post-thumbnail","hentry"],"acf":[],"featured_image_urls_v2":{"full":["https:\/\/www.anika-net.de\/wp-content\/uploads\/2023\/03\/Andere-Deutsch-Kurse_Kacheln-4.png",2000,1111,false],"thumbnail":["https:\/\/www.anika-net.de\/wp-content\/uploads\/2023\/03\/Andere-Deutsch-Kurse_Kacheln-4-150x150.png",150,150,true],"medium":["https:\/\/www.anika-net.de\/wp-content\/uploads\/2023\/03\/Andere-Deutsch-Kurse_Kacheln-4-300x167.png",300,167,true],"medium_large":["https:\/\/www.anika-net.de\/wp-content\/uploads\/2023\/03\/Andere-Deutsch-Kurse_Kacheln-4-768x427.png",640,356,true],"large":["https:\/\/www.anika-net.de\/wp-content\/uploads\/2023\/03\/Andere-Deutsch-Kurse_Kacheln-4-1024x569.png",640,356,true],"1536x1536":["https:\/\/www.anika-net.de\/wp-content\/uploads\/2023\/03\/Andere-Deutsch-Kurse_Kacheln-4-1536x853.png",1536,853,true],"2048x2048":["https:\/\/www.anika-net.de\/wp-content\/uploads\/2023\/03\/Andere-Deutsch-Kurse_Kacheln-4.png",2000,1111,false],"event-overview":["https:\/\/www.anika-net.de\/wp-content\/uploads\/2023\/03\/Andere-Deutsch-Kurse_Kacheln-4-960x640.png",960,640,true],"event-archive-thumb":["https:\/\/www.anika-net.de\/wp-content\/uploads\/2023\/03\/Andere-Deutsch-Kurse_Kacheln-4-480x267.png",480,267,true],"grid-item-thumbnail":["https:\/\/www.anika-net.de\/wp-content\/uploads\/2023\/03\/Andere-Deutsch-Kurse_Kacheln-4-360x200.png",360,200,true],"network-partner-icon":["https:\/\/www.anika-net.de\/wp-content\/uploads\/2023\/03\/Andere-Deutsch-Kurse_Kacheln-4-100x100.png",100,100,true],"organiser-icon":["https:\/\/www.anika-net.de\/wp-content\/uploads\/2023\/03\/Andere-Deutsch-Kurse_Kacheln-4-200x200.png",200,200,true],"gform-image-choice-sm":["https:\/\/www.anika-net.de\/wp-content\/uploads\/2023\/03\/Andere-Deutsch-Kurse_Kacheln-4.png",300,167,false],"gform-image-choice-md":["https:\/\/www.anika-net.de\/wp-content\/uploads\/2023\/03\/Andere-Deutsch-Kurse_Kacheln-4.png",400,222,false],"gform-image-choice-lg":["https:\/\/www.anika-net.de\/wp-content\/uploads\/2023\/03\/Andere-Deutsch-Kurse_Kacheln-4.png",600,333,false]},"post_excerpt_stackable_v2":"<p>Exis\u00adt\u0103 mul\u00adte oport\u00adu\u00adni\u00adt\u0103\u021bi pen\u00adtru (noii) imi\u00adgran\u021bi de a \u00eenv\u0103\u00ad\u021ba lim\u00adba ger\u00adma\u00adn\u0103 \u00een Karl\u00adsru\u00adhe. Este impor\u00adtant de \u0219ti\u00adut c\u0103 cur\u00adsu\u00adri\u00adle de inte\u00adgra\u00adre, cur\u00adsu\u00adri\u00adle de lim\u00adb\u0103 pro\u00adfe\u00adsio\u00adna\u00adl\u0103 \u0219i cur\u00adsu\u00adri\u00adle de ger\u00adma\u00adn\u0103 VwV sunt cur\u00adsuri de lim\u00adb\u0103 cer\u00adti\u00adfi\u00adca\u00adte. Aceas\u00adta \u00eenseam\u00adn\u0103 c\u0103 par\u00adti\u00adci\u00adpan\u00ad\u021bii pot sus\u00ad\u021bi\u00adne un exa\u00admen la sf\u00e2r\u00ad\u0219i\u00adtul aces\u00adtor cur\u00adsuri \u0219i pot pri\u00admi un cer\u00adti\u00adfi\u00adcat ling\u00advis\u00adtic ofi\u00adci\u00adal.&nbsp; Cur\u00adsuri de ger\u00adma\u00adn\u0103 \u00een con\u00adfor\u00admi\u00adta\u00adte cu regu\u00adla\u00admen\u00adtul admi\u00adnis\u00adtra\u00adtiv ger\u00adman (VwV Deut\u00adsch) Deo\u00ada\u00adre\u00adce nu toa\u00adte per\u00adsoa\u00adne\u00adle pot par\u00adti\u00adci\u00adpa la cur\u00adsu\u00adri\u00adle de inte\u00adgra\u00adre, ora\u00ad\u0219ul Karl\u00adsru\u00adhe imple\u00admen\u00adtea\u00adz\u0103 VwV Deut\u00adsch\u00adkur\u00adse.Per\u00adsoa\u00adne\u00adle care nu sunt eli\u00adgi\u00adbi\u00adle pen\u00adtru cur\u00adsu\u00adri\u00adle de inte\u00adgra\u00adre sau nu pot par\u00adti\u00adci\u00adpa prac\u00adtic la aces\u00adtea pot lua par\u00adte la cursurile\u2026<\/p>\n","category_list_v2":"","author_info_v2":{"name":"Andrea Ramirez","url":"https:\/\/www.anika-net.de\/ro\/author\/andrea-ramirez\/"},"comments_num_v2":"0 comments","uagb_featured_image_src":{"full":["https:\/\/www.anika-net.de\/wp-content\/uploads\/2023\/03\/Andere-Deutsch-Kurse_Kacheln-4.png",2000,1111,false],"thumbnail":["https:\/\/www.anika-net.de\/wp-content\/uploads\/2023\/03\/Andere-Deutsch-Kurse_Kacheln-4-150x150.png",150,150,true],"medium":["https:\/\/www.anika-net.de\/wp-content\/uploads\/2023\/03\/Andere-Deutsch-Kurse_Kacheln-4-300x167.png",300,167,true],"medium_large":["https:\/\/www.anika-net.de\/wp-content\/uploads\/2023\/03\/Andere-Deutsch-Kurse_Kacheln-4-768x427.png",640,356,true],"large":["https:\/\/www.anika-net.de\/wp-content\/uploads\/2023\/03\/Andere-Deutsch-Kurse_Kacheln-4-1024x569.png",640,356,true],"1536x1536":["https:\/\/www.anika-net.de\/wp-content\/uploads\/2023\/03\/Andere-Deutsch-Kurse_Kacheln-4-1536x853.png",1536,853,true],"2048x2048":["https:\/\/www.anika-net.de\/wp-content\/uploads\/2023\/03\/Andere-Deutsch-Kurse_Kacheln-4.png",2000,1111,false],"event-overview":["https:\/\/www.anika-net.de\/wp-content\/uploads\/2023\/03\/Andere-Deutsch-Kurse_Kacheln-4-960x640.png",960,640,true],"event-archive-thumb":["https:\/\/www.anika-net.de\/wp-content\/uploads\/2023\/03\/Andere-Deutsch-Kurse_Kacheln-4-480x267.png",480,267,true],"grid-item-thumbnail":["https:\/\/www.anika-net.de\/wp-content\/uploads\/2023\/03\/Andere-Deutsch-Kurse_Kacheln-4-360x200.png",360,200,true],"network-partner-icon":["https:\/\/www.anika-net.de\/wp-content\/uploads\/2023\/03\/Andere-Deutsch-Kurse_Kacheln-4-100x100.png",100,100,true],"organiser-icon":["https:\/\/www.anika-net.de\/wp-content\/uploads\/2023\/03\/Andere-Deutsch-Kurse_Kacheln-4-200x200.png",200,200,true],"gform-image-choice-sm":["https:\/\/www.anika-net.de\/wp-content\/uploads\/2023\/03\/Andere-Deutsch-Kurse_Kacheln-4.png",300,167,false],"gform-image-choice-md":["https:\/\/www.anika-net.de\/wp-content\/uploads\/2023\/03\/Andere-Deutsch-Kurse_Kacheln-4.png",400,222,false],"gform-image-choice-lg":["https:\/\/www.anika-net.de\/wp-content\/uploads\/2023\/03\/Andere-Deutsch-Kurse_Kacheln-4.png",600,333,false]},"uagb_author_info":{"display_name":"Andrea Ramirez","author_link":"https:\/\/www.anika-net.de\/ro\/author\/andrea-ramirez\/"},"uagb_comment_info":0,"uagb_excerpt":"Exis\u00adt\u0103 mul\u00adte oport\u00adu\u00adni\u00adt\u0103\u021bi pen\u00adtru (noii) imi\u00adgran\u021bi de a \u00eenv\u0103\u00ad\u021ba lim\u00adba ger\u00adma\u00adn\u0103 \u00een Karl\u00adsru\u00adhe. Este impor\u00adtant de \u0219ti\u00adut c\u0103 cur\u00adsu\u00adri\u00adle de inte\u00adgra\u00adre, cur\u00adsu\u00adri\u00adle de lim\u00adb\u0103 pro\u00adfe\u00adsio\u00adna\u00adl\u0103 \u0219i cur\u00adsu\u00adri\u00adle de ger\u00adma\u00adn\u0103 VwV&nbsp;Citi\u021bi mai mult","_links":{"self":[{"href":"https:\/\/www.anika-net.de\/ro\/wp-json\/wp\/v2\/pages\/34630","targetHints":{"allow":["GET"]}}],"collection":[{"href":"https:\/\/www.anika-net.de\/ro\/wp-json\/wp\/v2\/pages"}],"about":[{"href":"https:\/\/www.anika-net.de\/ro\/wp-json\/wp\/v2\/types\/page"}],"author":[{"embeddable":true,"href":"https:\/\/www.anika-net.de\/ro\/wp-json\/wp\/v2\/users\/12"}],"replies":[{"embeddable":true,"href":"https:\/\/www.anika-net.de\/ro\/wp-json\/wp\/v2\/comments?post=34630"}],"version-history":[{"count":8,"href":"https:\/\/www.anika-net.de\/ro\/wp-json\/wp\/v2\/pages\/34630\/revisions"}],"predecessor-version":[{"id":120095,"href":"https:\/\/www.anika-net.de\/ro\/wp-json\/wp\/v2\/pages\/34630\/revisions\/120095"}],"up":[{"embeddable":true,"href":"https:\/\/www.anika-net.de\/ro\/wp-json\/wp\/v2\/pages\/34533"}],"wp:featuredmedia":[{"embeddable":true,"href":"https:\/\/www.anika-net.de\/ro\/wp-json\/wp\/v2\/media\/34431"}],"wp:attachment":[{"href":"https:\/\/www.anika-net.de\/ro\/wp-json\/wp\/v2\/media?parent=34630"}],"curies":[{"name":"wp","href":"https:\/\/api.w.org\/{rel}","templated":true}]}}