{"id":34608,"date":"2023-03-07T13:24:22","date_gmt":"2023-03-07T12:24:22","guid":{"rendered":"https:\/\/www.anika-net.de\/invata-germana\/invatati-germana-online\/"},"modified":"2026-01-26T12:50:20","modified_gmt":"2026-01-26T11:50:20","slug":"invatati-germana-online","status":"publish","type":"page","link":"https:\/\/www.anika-net.de\/ro\/invata-germana\/invatati-germana-online\/","title":{"rendered":"\u00cenv\u0103\u00ad\u021ba\u021bi ger\u00adma\u00adn\u0103 online"},"content":{"rendered":"\n<p>\u00cenv\u0103\u00ad\u021ba\u00adrea lim\u00adbii ger\u00adma\u00adne este un pas impor\u00adtant pen\u00adtru inte\u00adgra\u00adrea \u00een via\u00ad\u021ba de zi cu zi din Ger\u00adma\u00adnia. Fie c\u0103 dori\u021bi s\u0103 v\u0103 \u00eembu\u00adn\u0103\u00adt\u0103\u00ad\u021bi\u021bi abi\u00adli\u00adt\u0103\u00ad\u021bi\u00adle ling\u00advis\u00adti\u00adce \u00een mod inde\u00adpen\u00addent, s\u0103 v\u0103 pre\u00adg\u0103\u00adti\u021bi pen\u00adtru situ\u00ada\u00ad\u021bii coti\u00addie\u00adne sau s\u0103 com\u00adple\u00adta\u021bi un curs de lim\u00adb\u0103, exis\u00adt\u0103 mul\u00adte <strong>resur\u00adse onli\u00adne pen\u00adtru a \u00eenv\u0103\u00ad\u021ba lim\u00adba ger\u00adma\u00adn\u0103<\/strong> \u2014 une\u00adle din\u00adtre ele <strong>gra\u00adtu\u00adi\u00adte<\/strong>. <\/p>\n\n<p>Aici ve\u021bi g\u0103si o selec\u00ad\u021bie de <strong>site-uri web, apli\u00adca\u00ad\u021bii \u0219i plat\u00adfor\u00adme de \u00eenv\u0103\u00ad\u021ba\u00adre de \u00eencre\u00adde\u00adre<\/strong> care v\u0103 spri\u00adji\u00adn\u0103 \u00een \u00eenv\u0103\u00ad\u021ba\u00adrea lim\u00adbii ger\u00adma\u00adne la dife\u00adri\u00adte nive\u00adluri, de la \u00eence\u00adp\u0103\u00adtori la avan\u00adsa\u021bi. Mul\u00adte din\u00adtre aces\u00adte instru\u00admen\u00adte sunt fle\u00adxi\u00adbi\u00adle, u\u0219or de uti\u00adli\u00adzat \u0219i potri\u00advi\u00adte pen\u00adtru a \u00eenv\u0103\u00ad\u021ba \u00een pro\u00adpri\u00adul&nbsp;ritm.&nbsp;<\/p>\n\n<h3 class=\"wp-block-heading\"><strong>Plat\u00adfor\u00adme \u0219i apli\u00adca\u00ad\u021bii onli\u00adne pen\u00adtru a \u00eenv\u0103\u00ad\u021ba lim\u00adba german\u0103<\/strong><\/h3>\n\n<div class=\"wp-block-stackable-columns stk-block-columns stk-block stk-0e01465\" data-block-id=\"0e01465\"><div class=\"stk-row stk-inner-blocks stk-block-content stk-content-align stk-0e01465-column\">\n<div class=\"wp-block-stackable-column stk-block-column stk-column stk-block stk-de81e12\" data-v=\"4\" data-block-id=\"de81e12\"><style>@media screen and (min-width:901px){.stk-de81e12 {flex:var(--stk-flex-grow, 1) 1 66.7% !important;}}<\/style><div class=\"stk-column-wrapper stk-block-column__content stk-container stk-de81e12-container stk--no-background stk--no-padding\"><div class=\"stk-block-content stk-inner-blocks stk-de81e12-inner-blocks\">\n<ul class=\"wp-block-list\">\n<li><a href=\"https:\/\/www.bbc.co.uk\/languages\/german\/\" rel=\"noopener\"><strong>BBC Lan\u00adgu\u00ada\u00adges \u2014 German\u0103<\/strong><\/a><\/li>\n\n\n\n<li><strong><a href=\"https:\/\/www.berlitz.com\/de-de\/sprachen\/deutsch\/online\" rel=\"noopener\">Ber\u00adlitz<\/a><\/strong> <em>(ofer\u00adt\u0103 pl\u0103tit\u0103)<\/em><\/li>\n\n\n\n<li><strong><a href=\"https:\/\/learngerman.dw.com\/de\/deutsch-lernen\/s-9095\" rel=\"noopener\">Deut\u00adsche Wel\u00adle<\/a><\/strong> (DW) \u2014 cur\u00adsuri gra\u00adtu\u00adi\u00adte de ger\u00adma\u00adn\u0103 \u0219i videoclipuri<\/li>\n\n\n\n<li><strong><a href=\"https:\/\/www.duolingo.com\/course\/de\/en\/Lerne-Deutsch\" rel=\"noopener\"><\/a><strong><a href=\"https:\/\/www.duolingo.com\/course\/de\/en\/Lerne-Deutsch\" rel=\"noopener\">Doulin\u00adgo<\/a><\/strong><\/strong> \u2014 apli\u00adca\u00ad\u021bie de \u00eenv\u0103\u00ad\u021ba\u00adre a lim\u00adbi\u00adlor str\u0103ine<\/li>\n\n\n\n<li><a href=\"https:\/\/www.goethe.de\/de\/spr\/ueb.html\" rel=\"noopener\"><strong>Goe\u00adthe-Ver\u00adlag<\/strong><\/a> \u2014 voca\u00adbu\u00adlar \u0219i prac\u00adti\u00adc\u0103 lingvistic\u0103<\/li>\n\n\n\n<li><strong><a href=\"https:\/\/www.goethe.de\/de\/spr\/ueb\/kuj\/dt1.html\" rel=\"noopener\">Goe\u00adthe \u2014 Trai\u00adner de ger\u00adma\u00adn\u0103 A1&nbsp;app<\/a><\/strong><\/li>\n\n\n\n<li><a href=\"https:\/\/www.memrise.com\/en\/learn-german\" rel=\"noopener\"><strong>Memri\u00adse<\/strong><\/a> \u2014 pre\u00adg\u0103\u00adti\u00adrea vocabularului<\/li>\n\n\n\n<li><a href=\"https:\/\/www.vhs-lernportal.de\/wws\/9.php#\/wws\/home.php\" rel=\"noopener\"><strong>por\u00adta\u00adlul vhs ler\u00adning<\/strong><\/a> \u2014 plat\u00adfor\u00adm\u0103 gra\u00adtu\u00adi\u00adt\u0103 de \u00eenv\u0103\u00ad\u021ba\u00adre pen\u00adtru cen\u00adtre\u00adle de edu\u00adca\u00ad\u021bie pen\u00adtru adul\u021bi<\/li>\n\n\n\n<li><a href=\"https:\/\/www.jicki.de\/deutsch-ukrainisch\/\" rel=\"noopener\"><strong>Ger\u00adma\u00adn\u0103-Ucrai\u00adne\u00ada\u00adn\u0103 \u0219i Ucrai\u00adne\u00ada\u00adn\u0103-Ger\u00adma\u00adn\u0103<\/strong><\/a> \u2014 resur\u00adse de \u00eenv\u0103\u021bare<\/li>\n<\/ul>\n<\/div><\/div><\/div>\n\n\n\n<div class=\"wp-block-stackable-column stk-block-column stk-column stk-block stk-b3f6f19\" data-v=\"4\" data-block-id=\"b3f6f19\"><style>@media screen and (min-width:901px){.stk-b3f6f19 {flex:var(--stk-flex-grow, 1) 1 33.3% !important;}}<\/style><div class=\"stk-column-wrapper stk-block-column__content stk-container stk-b3f6f19-container stk--no-background stk--no-padding\"><div class=\"stk-block-content stk-inner-blocks stk-b3f6f19-inner-blocks\">\n<figure class=\"wp-block-image size-full\"><img decoding=\"async\" width=\"843\" height=\"663\" src=\"https:\/\/www.anika-net.de\/wp-content\/uploads\/2024\/12\/Deutsch-lernen.jpg\" alt class=\"wp-image-56101\" srcset=\"https:\/\/www.anika-net.de\/wp-content\/uploads\/2024\/12\/Deutsch-lernen.jpg 843w, https:\/\/www.anika-net.de\/wp-content\/uploads\/2024\/12\/Deutsch-lernen-300x236.jpg 300w, https:\/\/www.anika-net.de\/wp-content\/uploads\/2024\/12\/Deutsch-lernen-768x604.jpg 768w, https:\/\/www.anika-net.de\/wp-content\/uploads\/2024\/12\/Deutsch-lernen-480x378.jpg 480w\" sizes=\"(max-width: 843px) 100vw, 843px\"><figcaption class=\"wp-element-caption\">Con\u00adce\u00adput de <a href=\"https:\/\/www.freepik.com\/free-photo\/learn-german-language-online-education-concept_16449386.htm#fromView=image_search_similar&amp;page=1&amp;position=0&amp;uuid=8c918af6-d111-457f-998e-75c0637637c9\" rel=\"noopener\">Fre\u00ade\u00adpik<\/a><\/figcaption><\/figure>\n<\/div><\/div><\/div>\n<\/div><\/div>\n\n<div class=\"wp-block-stackable-divider stk-block-divider stk-block stk-35a93cf\" data-block-id=\"35a93cf\"><hr class=\"stk-block-divider__hr\"><\/div>\n\n<h3 class=\"wp-block-heading\">Instru\u00admen\u00adte onli\u00adne pen\u00adtru spri\u00adji\u00adni\u00adrea \u00eenv\u0103\u00ad\u021b\u0103\u00adrii lim\u00adbii ger\u00adma\u00adne de <span style=\"color: #06949c;\" class=\"stk-highlight\">c\u0103tre copi\u00adii de \u0219coa\u00adl\u0103 pri\u00adma\u00adr\u0103<\/span> <\/h3>\n\n<ul class=\"wp-block-list\">\n<li><strong><a href=\"https:\/\/amira-lesen.de\/#page=home\" rel=\"noopener\">AMIRA<\/a><\/strong> \u2014 Pro\u00adgram de lec\u00adtu\u00adr\u0103 pen\u00adtru copii de \u0219coa\u00adl\u0103 pri\u00adma\u00adr\u0103 \u00een <strong>9 lim\u00adbi<\/strong><\/li>\n\n\n\n<li><strong><a href=\"https:\/\/anton.app\/de\/\" rel=\"noopener\">ANTON<\/a><\/strong> \u2014 apli\u00adca\u00ad\u021bie de \u00eenv\u0103\u00ad\u021ba\u00adre pen\u00adtru ele\u00advii de la <strong>cla\u00adsa 1 la&nbsp;10<\/strong><\/li>\n\n\n\n<li><strong><a href=\"https:\/\/www.bilingual-picturebooks.org\/\" rel=\"noopener\">c\u0103r\u021bi ilus\u00adtra\u00adte biling\u00adve<\/a><\/strong> \u2014 \u00cenv\u0103\u00ad\u021ba\u021bi lim\u00adbi str\u0103\u00adi\u00adne cu <strong>c\u0103r\u021bi ilus\u00adtra\u00adte biling\u00adve<\/strong> gratuite<\/li>\n\n\n\n<li><a href=\"https:\/\/www.goethe.de\/de\/spr\/ueb\/led.html\" rel=\"noopener\"><strong>\u00cenv\u0103\u00ad\u021ba\u021bi ger\u00adma\u00adna \u201cOra\u00ad\u0219ul cuvin\u00adte\u00adlor<\/strong>\u201d<\/a> \u2014 Joc onli\u00adne de la Goe\u00adthe-Insti\u00adtut pen\u00adtru <strong>ger\u00adma\u00adn\u0103 ca lim\u00adb\u0103 str\u0103\u00adi\u00adn\u0103 (nivel A1)<\/strong><\/li>\n<\/ul>\n\n<p><\/p>\n","protected":false},"excerpt":{"rendered":"<p>\u00cenv\u0103\u00ad\u021ba\u00adrea lim\u00adbii ger\u00adma\u00adne este un pas impor\u00adtant pen\u00adtru inte\u00adgra\u00adrea \u00een via\u00ad\u021ba de zi cu zi din Ger\u00adma\u00adnia. Fie c\u0103 dori\u021bi s\u0103 v\u0103 \u00eembu\u00adn\u0103\u00adt\u0103\u00ad\u021bi\u021bi abi\u00adli\u00adt\u0103\u00ad\u021bi\u00adle ling\u00advis\u00adti\u00adce \u00een mod inde\u00adpen\u00addent, s\u0103 v\u0103&nbsp;<a class=\"moretag\" href=\"https:\/\/www.anika-net.de\/ro\/invata-germana\/invatati-germana-online\/\">Citi\u021bi mai&nbsp;mult<\/a><\/p>\n","protected":false},"author":12,"featured_media":34400,"parent":34533,"menu_order":50,"comment_status":"closed","ping_status":"closed","template":"","meta":{"_acf_changed":false,"inline_featured_image":false,"_uag_custom_page_level_css":"","wp_typography_post_enhancements_disabled":false,"footnotes":""},"class_list":["post-34608","page","type-page","status-publish","has-post-thumbnail","hentry"],"acf":[],"featured_image_urls_v2":{"full":["https:\/\/www.anika-net.de\/wp-content\/uploads\/2023\/03\/Online-Deutsch-lernen_Kacheln-6.png",2000,1111,false],"thumbnail":["https:\/\/www.anika-net.de\/wp-content\/uploads\/2023\/03\/Online-Deutsch-lernen_Kacheln-6-150x150.png",150,150,true],"medium":["https:\/\/www.anika-net.de\/wp-content\/uploads\/2023\/03\/Online-Deutsch-lernen_Kacheln-6-300x167.png",300,167,true],"medium_large":["https:\/\/www.anika-net.de\/wp-content\/uploads\/2023\/03\/Online-Deutsch-lernen_Kacheln-6-768x427.png",640,356,true],"large":["https:\/\/www.anika-net.de\/wp-content\/uploads\/2023\/03\/Online-Deutsch-lernen_Kacheln-6-1024x569.png",640,356,true],"1536x1536":["https:\/\/www.anika-net.de\/wp-content\/uploads\/2023\/03\/Online-Deutsch-lernen_Kacheln-6-1536x853.png",1536,853,true],"2048x2048":["https:\/\/www.anika-net.de\/wp-content\/uploads\/2023\/03\/Online-Deutsch-lernen_Kacheln-6.png",2000,1111,false],"event-overview":["https:\/\/www.anika-net.de\/wp-content\/uploads\/2023\/03\/Online-Deutsch-lernen_Kacheln-6-960x640.png",960,640,true],"event-archive-thumb":["https:\/\/www.anika-net.de\/wp-content\/uploads\/2023\/03\/Online-Deutsch-lernen_Kacheln-6-480x267.png",480,267,true],"grid-item-thumbnail":["https:\/\/www.anika-net.de\/wp-content\/uploads\/2023\/03\/Online-Deutsch-lernen_Kacheln-6-360x200.png",360,200,true],"network-partner-icon":["https:\/\/www.anika-net.de\/wp-content\/uploads\/2023\/03\/Online-Deutsch-lernen_Kacheln-6-100x100.png",100,100,true],"organiser-icon":["https:\/\/www.anika-net.de\/wp-content\/uploads\/2023\/03\/Online-Deutsch-lernen_Kacheln-6-200x200.png",200,200,true],"gform-image-choice-sm":["https:\/\/www.anika-net.de\/wp-content\/uploads\/2023\/03\/Online-Deutsch-lernen_Kacheln-6.png",300,167,false],"gform-image-choice-md":["https:\/\/www.anika-net.de\/wp-content\/uploads\/2023\/03\/Online-Deutsch-lernen_Kacheln-6.png",400,222,false],"gform-image-choice-lg":["https:\/\/www.anika-net.de\/wp-content\/uploads\/2023\/03\/Online-Deutsch-lernen_Kacheln-6.png",600,333,false]},"post_excerpt_stackable_v2":"<p>\u00cenv\u0103\u00ad\u021ba\u00adrea lim\u00adbii ger\u00adma\u00adne este un pas impor\u00adtant pen\u00adtru inte\u00adgra\u00adrea \u00een via\u00ad\u021ba de zi cu zi din Ger\u00adma\u00adnia. Fie c\u0103 dori\u021bi s\u0103 v\u0103 \u00eembu\u00adn\u0103\u00adt\u0103\u00ad\u021bi\u021bi abi\u00adli\u00adt\u0103\u00ad\u021bi\u00adle ling\u00advis\u00adti\u00adce \u00een mod inde\u00adpen\u00addent, s\u0103 v\u0103 pre\u00adg\u0103\u00adti\u021bi pen\u00adtru situ\u00ada\u00ad\u021bii coti\u00addie\u00adne sau s\u0103 com\u00adple\u00adta\u021bi un curs de lim\u00adb\u0103, exis\u00adt\u0103 mul\u00adte resur\u00adse onli\u00adne pen\u00adtru a \u00eenv\u0103\u00ad\u021ba lim\u00adba ger\u00adma\u00adn\u0103 \u2014 une\u00adle din\u00adtre ele gra\u00adtu\u00adi\u00adte. Aici ve\u021bi g\u0103si o selec\u00ad\u021bie de site-uri web, apli\u00adca\u00ad\u021bii \u0219i plat\u00adfor\u00adme de \u00eenv\u0103\u00ad\u021ba\u00adre de \u00eencre\u00adde\u00adre care v\u0103 spri\u00adji\u00adn\u0103 \u00een \u00eenv\u0103\u00ad\u021ba\u00adrea lim\u00adbii ger\u00adma\u00adne la dife\u00adri\u00adte nive\u00adluri, de la \u00eence\u00adp\u0103\u00adtori la avan\u00adsa\u021bi. Mul\u00adte din\u00adtre aces\u00adte instru\u00admen\u00adte sunt fle\u00adxi\u00adbi\u00adle, u\u0219or de uti\u00adli\u00adzat \u0219i potri\u00advi\u00adte pen\u00adtru a \u00eenv\u0103\u00ad\u021ba&nbsp;\u00een\u2026<\/p>\n","category_list_v2":"","author_info_v2":{"name":"Andrea Ramirez","url":"https:\/\/www.anika-net.de\/ro\/author\/andrea-ramirez\/"},"comments_num_v2":"0 comments","uagb_featured_image_src":{"full":["https:\/\/www.anika-net.de\/wp-content\/uploads\/2023\/03\/Online-Deutsch-lernen_Kacheln-6.png",2000,1111,false],"thumbnail":["https:\/\/www.anika-net.de\/wp-content\/uploads\/2023\/03\/Online-Deutsch-lernen_Kacheln-6-150x150.png",150,150,true],"medium":["https:\/\/www.anika-net.de\/wp-content\/uploads\/2023\/03\/Online-Deutsch-lernen_Kacheln-6-300x167.png",300,167,true],"medium_large":["https:\/\/www.anika-net.de\/wp-content\/uploads\/2023\/03\/Online-Deutsch-lernen_Kacheln-6-768x427.png",640,356,true],"large":["https:\/\/www.anika-net.de\/wp-content\/uploads\/2023\/03\/Online-Deutsch-lernen_Kacheln-6-1024x569.png",640,356,true],"1536x1536":["https:\/\/www.anika-net.de\/wp-content\/uploads\/2023\/03\/Online-Deutsch-lernen_Kacheln-6-1536x853.png",1536,853,true],"2048x2048":["https:\/\/www.anika-net.de\/wp-content\/uploads\/2023\/03\/Online-Deutsch-lernen_Kacheln-6.png",2000,1111,false],"event-overview":["https:\/\/www.anika-net.de\/wp-content\/uploads\/2023\/03\/Online-Deutsch-lernen_Kacheln-6-960x640.png",960,640,true],"event-archive-thumb":["https:\/\/www.anika-net.de\/wp-content\/uploads\/2023\/03\/Online-Deutsch-lernen_Kacheln-6-480x267.png",480,267,true],"grid-item-thumbnail":["https:\/\/www.anika-net.de\/wp-content\/uploads\/2023\/03\/Online-Deutsch-lernen_Kacheln-6-360x200.png",360,200,true],"network-partner-icon":["https:\/\/www.anika-net.de\/wp-content\/uploads\/2023\/03\/Online-Deutsch-lernen_Kacheln-6-100x100.png",100,100,true],"organiser-icon":["https:\/\/www.anika-net.de\/wp-content\/uploads\/2023\/03\/Online-Deutsch-lernen_Kacheln-6-200x200.png",200,200,true],"gform-image-choice-sm":["https:\/\/www.anika-net.de\/wp-content\/uploads\/2023\/03\/Online-Deutsch-lernen_Kacheln-6.png",300,167,false],"gform-image-choice-md":["https:\/\/www.anika-net.de\/wp-content\/uploads\/2023\/03\/Online-Deutsch-lernen_Kacheln-6.png",400,222,false],"gform-image-choice-lg":["https:\/\/www.anika-net.de\/wp-content\/uploads\/2023\/03\/Online-Deutsch-lernen_Kacheln-6.png",600,333,false]},"uagb_author_info":{"display_name":"Andrea Ramirez","author_link":"https:\/\/www.anika-net.de\/ro\/author\/andrea-ramirez\/"},"uagb_comment_info":0,"uagb_excerpt":"\u00cenv\u0103\u00ad\u021ba\u00adrea lim\u00adbii ger\u00adma\u00adne este un pas impor\u00adtant pen\u00adtru inte\u00adgra\u00adrea \u00een via\u00ad\u021ba de zi cu zi din Ger\u00adma\u00adnia. Fie c\u0103 dori\u021bi s\u0103 v\u0103 \u00eembu\u00adn\u0103\u00adt\u0103\u00ad\u021bi\u021bi abi\u00adli\u00adt\u0103\u00ad\u021bi\u00adle ling\u00advis\u00adti\u00adce \u00een mod inde\u00adpen\u00addent, s\u0103 v\u0103&nbsp;Citi\u021bi mai mult","_links":{"self":[{"href":"https:\/\/www.anika-net.de\/ro\/wp-json\/wp\/v2\/pages\/34608","targetHints":{"allow":["GET"]}}],"collection":[{"href":"https:\/\/www.anika-net.de\/ro\/wp-json\/wp\/v2\/pages"}],"about":[{"href":"https:\/\/www.anika-net.de\/ro\/wp-json\/wp\/v2\/types\/page"}],"author":[{"embeddable":true,"href":"https:\/\/www.anika-net.de\/ro\/wp-json\/wp\/v2\/users\/12"}],"replies":[{"embeddable":true,"href":"https:\/\/www.anika-net.de\/ro\/wp-json\/wp\/v2\/comments?post=34608"}],"version-history":[{"count":3,"href":"https:\/\/www.anika-net.de\/ro\/wp-json\/wp\/v2\/pages\/34608\/revisions"}],"predecessor-version":[{"id":118133,"href":"https:\/\/www.anika-net.de\/ro\/wp-json\/wp\/v2\/pages\/34608\/revisions\/118133"}],"up":[{"embeddable":true,"href":"https:\/\/www.anika-net.de\/ro\/wp-json\/wp\/v2\/pages\/34533"}],"wp:featuredmedia":[{"embeddable":true,"href":"https:\/\/www.anika-net.de\/ro\/wp-json\/wp\/v2\/media\/34400"}],"wp:attachment":[{"href":"https:\/\/www.anika-net.de\/ro\/wp-json\/wp\/v2\/media?parent=34608"}],"curies":[{"name":"wp","href":"https:\/\/api.w.org\/{rel}","templated":true}]}}