{"id":15127,"date":"2021-05-21T14:28:16","date_gmt":"2021-05-21T12:28:16","guid":{"rendered":"https:\/\/www.anika-net.de\/sosirea\/consiliere-si-servicii\/migration-advisory-centres-for-adult-immigrants-mbes-and-youth-migration-services-jmd\/"},"modified":"2026-01-26T11:13:49","modified_gmt":"2026-01-26T10:13:49","slug":"consiliere-pentru-migranti","status":"publish","type":"page","link":"https:\/\/www.anika-net.de\/ro\/sosirea\/consiliere-si-servicii\/consiliere-pentru-migranti\/","title":{"rendered":"Cen\u00adtre de con\u00adsi\u00adli\u00ade\u00adre pen\u00adtru migran\u021bi"},"content":{"rendered":"\n<p>\u00cen Karl\u00adsru\u00adhe exis\u00adt\u0103 mai mul\u00adte cen\u00adtre de con\u00adsi\u00adli\u00ade\u00adre pen\u00adtru migran\u021bi pen\u00adtru noii veni\u021bi \u0219i pen\u00adtru to\u021bi migran\u00ad\u021bii. Exis\u00adt\u0103 cen\u00adtre de con\u00adsi\u00adli\u00ade\u00adre pen\u00adtru migra\u00ad\u021bie pen\u00adtru adul\u021bi \u0219i tineri, pre\u00adcum \u0219i cen\u00adtre de con\u00adsi\u00adli\u00ade\u00adre pen\u00adtru subiec\u00adte spe\u00adci\u00adfi\u00adce, cum ar fi mun\u00adca, recu\u00adnoa\u0219\u00adte\u00adrea cer\u00adti\u00adfi\u00adca\u00adte\u00adlor. Per\u00adso\u00adna\u00adlul de la <em>Migra\u00adtion\u00adsbe\u00adra\u00adtung<\/em> (ser\u00advi\u00adci\u00adul de con\u00adsi\u00adli\u00ade\u00adre pen\u00adtru migra\u00ad\u021bie) v\u0103 va aju\u00adta s\u0103 rezol\u00adva\u021bi pro\u00adble\u00adme \u00een dome\u00adnii precum:&nbsp;<\/p>\n\n<ul class=\"wp-block-list\">\n<li><strong>\u00cenv\u0103\u00ad\u021ba\u00adrea lim\u00adbii ger\u00adma\u00adne<\/strong> (de exem\u00adplu, orga\u00adni\u00adza\u00adrea de cur\u00adsuri de lim\u00adb\u0103 \u0219i de integrare),<\/li>\n\n\n\n<li><strong>\u00centre\u00adb\u0103ri pri\u00advind per\u00admi\u00adse\u00adle de \u0219ede\u00adre<\/strong>,<\/li>\n\n\n\n<li><strong>Carie\u00adra pro\u00adfe\u00adsio\u00adna\u00adl\u0103 \u0219i recu\u00adnoa\u0219\u00adte\u00adrea cali\u00adfi\u00adc\u0103\u00adri\u00adlor <\/strong>(de exem\u00adplu, recu\u00adnoa\u0219\u00adte\u00adrea cer\u00adti\u00adfi\u00adca\u00adte\u00adlor de absol\u00advi\u00adre a \u0219co\u00adlii, uce\u00adni\u00adcii, diplo\u00adme, c\u0103u\u00adta\u00adrea unui loc de&nbsp;munc\u0103),<\/li>\n\n\n\n<li><strong>Caza\u00adre<\/strong> (de exem\u00adplu, spri\u00adjin \u0219i infor\u00adma\u00ad\u021bii de baz\u0103 pri\u00advind g\u0103si\u00adrea unei locuin\u021be),<\/li>\n\n\n\n<li><strong>S\u0103n\u0103\u00adta\u00adte<\/strong> (de exem\u00adplu, \u00eengri\u00adji\u00adre medi\u00adca\u00adl\u0103, asi\u00adgu\u00adra\u00adre de s\u0103n\u0103tate),<\/li>\n\n\n\n<li><strong>Fami\u00adlie \u0219i copii<\/strong> (de exem\u00adplu, \u00eentre\u00adb\u0103ri des\u00adpre \u00eengri\u00adji\u00adrea copi\u00adi\u00adlor, \u0219coal\u0103),<\/li>\n\n\n\n<li><strong>C\u0103s\u0103\u00adto\u00adria \u0219i par\u00adte\u00adne\u00adri\u00ada\u00adte\u00adle<\/strong> (de exem\u00adplu, spri\u00adjin \u00een tim\u00adpul sar\u00adci\u00adnii, con\u00adsi\u00adli\u00ade\u00adre matrimonial\u0103).<\/li>\n<\/ul>\n\n<h3 class=\"wp-block-heading\"><span style=\"color: #0baa9d;\" class=\"stk-highlight\">Cen\u00adtre de con\u00adsi\u00adli\u00ade\u00adre pen\u00adtru migran\u021bi<\/span> <span style=\"color: #0baa9d;\" class=\"stk-highlight\">\u00een Karl\u00adsru\u00adhe<\/span><\/h3>\n\n<p>\u00cen Karl\u00adsru\u00adhe, exis\u00adt\u0103 <strong>cinci cen\u00adtre de con\u00adsi\u00adli\u00ade\u00adre \u00een mate\u00adrie de migra\u00ad\u021bie pen\u00adtru imi\u00adgran\u00ad\u021bii adul\u021bi<\/strong> (MBE):<\/p>\n\n<ul class=\"wp-block-list\">\n<li>\u00eence\u00adp\u00e2nd cu v\u00e2r\u00adsta de 27 de ani, care nu au locu\u00adit \u00een Ger\u00adma\u00adnia mai mult de trei ani \u0219i\/sau urmea\u00adz\u0103 un curs de integrare.<\/li>\n\n\n\n<li>\u00eence\u00adp\u00e2nd cu v\u00e2r\u00adsta de 27 de ani, care locu\u00adiesc \u00een Ger\u00adma\u00adnia de mai mult timp \u0219i care tre\u00adbu\u00adie s\u0103 recu\u00adpe\u00adre\u00adze tim\u00adpul pier\u00addut cu integrarea.<\/li>\n<\/ul>\n\n<p>\u0218i <strong>un ser\u00advi\u00adciu de migra\u00ad\u021bie a tine\u00adri\u00adlor (JMD) pen\u00adtru tine\u00adrii cu<\/strong> <strong>v\u00e2r\u00adste<\/strong> <strong>cuprin\u00adse \u00eentre 12 \u0219i 27 de ani<\/strong>. <br><strong>Con\u00adsul\u00adta\u00ad\u021bi\u00adi\u00adle sunt gratuite.<\/strong><\/p>\n\n<p>Pute\u021bi g\u0103si o lis\u00adt\u0103 cu <strong>alte cen\u00adtre de con\u00adsi\u00adli\u00ade\u00adre pen\u00adtru migran\u021bi<\/strong> \u0219i <strong>cen\u00adtre de con\u00adsi\u00adli\u00ade\u00adre din ora\u00ad\u0219ul<\/strong> <strong>Karl\u00adsru\u00adhe<\/strong> <a href=\"https:\/\/www.anika-net.de\/events\/?type=recurring&amp;my_categories%5B0%5D=counselling-assistance-services\"><strong>aici<\/strong><\/a><\/p>\n\n<div class=\"wp-block-ugb-spacer ugb-spacer ugb-46a2835 ugb-spacer--v2 ugb-main-block\"><div class=\"ugb-inner-block\"><div class=\"ugb-block-content\"><div class=\"ugb-spacer--inner\"><\/div><\/div><\/div><\/div>\n\n<h2 class=\"wp-block-heading\"><span style=\"color: #cf2e2e;\" class=\"stk-highlight\">Cen\u00adtre de con\u00adsi\u00adli\u00ade\u00adre pen\u00adtru imi\u00adgran\u00ad\u021bii adul\u021bi (MBE)<\/span><\/h2>\n\n<div class=\"wp-block-ugb-accordion ugb-accordion ugb-d931b4d ugb-accordion--v2 ugb-accordion--design-basic ugb-main-block\" aria-expanded=\"false\"><div class=\"ugb-inner-block\"><div class=\"ugb-block-content\"><div class=\"ugb-accordion__item\"><div class=\"ugb-accordion__heading\" role=\"button\" tabindex=\"0\"><h4 class=\"ugb-accordion__title\"><strong>Con\u00adsi\u00adli\u00ade\u00adre AWO pri\u00advind migra\u021bia<\/strong><\/h4><svg viewBox=\"0 0 20 20\" class=\"ugb-accordion__arrow\" width=\"20\" height=\"20\"><path d=\"M16.7 3.3L10 10 3.3 3.4 0 6.7l10 10v-.1l10-9.9z\" \/><\/svg><\/div><div class=\"ugb-accordion__content\" role=\"region\"><div class=\"ugb-accordion__content-inner\">\n<p>\ud83c\udf10<strong><a href=\"https:\/\/www.awo-karlsruhe.de\/leistungen\/besondere-lebenslagen\/migrationsberatung\/?gclid=EAIaIQobChMIwr_f2aGs9QIVCs93Ch2wwQ_fEAAYASAAEgJtNPD_BwE&amp;nowprocket=1\" rel=\"noopener\">AWO Karl\u00adsru\u00adhe<\/a><\/strong><br>\ud83d\udccd Ste\u00adpha\u00adnien\u00adstra\u00ad\u00dfe 52, 76133 Karl\u00adsru\u00adhe  0721\/ 16089\u2013413 <br>\ud83d\udcde<br>\ud83d\udce7 <a href=\"mailto:mbe@awo-karlsruhe.de\">mbe@awo-karlsruhe.de<\/a><br><br><strong><span style=\"color: #cf2e2e;\" class=\"stk-highlight\">Pro\u00adgram de con\u00adsul\u00adta\u00ad\u021bii des\u00adchi\u00adse pen\u00adtru con\u00adsi\u00adli\u00ade\u00adre scur\u00adt\u0103<br>Joi \u00eentre ore\u00adle 14 \u0219i 16 \u0219i pe baz\u0103 de programare<\/span><\/strong><\/p>\n\n\n\n<p><strong>Lim\u00adbi:<\/strong> Ger\u00adma\u00adn\u0103, bos\u00adn\u00adia\u00adc\u0103, bul\u00adga\u00adr\u0103, croa\u00adt\u0103, engle\u00adz\u0103, fran\u00adce\u00adz\u0103, rom\u00e2\u00adn\u0103, rus\u0103, s\u00e2r\u00adb\u0103, spa\u00adni\u00ado\u00adl\u0103,&nbsp;turc\u0103<\/p>\n<\/div><\/div><\/div><\/div><\/div><\/div>\n\n<div class=\"wp-block-ugb-accordion ugb-accordion ugb-7ec77a9 ugb-accordion--v2 ugb-accordion--design-basic ugb-main-block\" aria-expanded=\"false\"><div class=\"ugb-inner-block\"><div class=\"ugb-block-content\"><div class=\"ugb-accordion__item\"><div class=\"ugb-accordion__heading\" role=\"button\" tabindex=\"0\"><h4 class=\"ugb-accordion__title\"><strong>Fre\u00adun\u00addes\u00adkre\u00adis Asyl Karl\u00adsru\u00adhe<\/strong> <strong>e.V.<\/strong><\/h4><svg viewBox=\"0 0 20 20\" class=\"ugb-accordion__arrow\" width=\"20\" height=\"20\"><path d=\"M16.7 3.3L10 10 3.3 3.4 0 6.7l10 10v-.1l10-9.9z\" \/><\/svg><\/div><div class=\"ugb-accordion__content\" role=\"region\"><div class=\"ugb-accordion__content-inner\">\n<p>\ud83c\udf10 <a href=\"https:\/\/fka-ka.de\/migrationsberatung-fuer-erwachsene-zuwanderer-mbe\/\" rel=\"noopener\"><strong>Fre\u00adun\u00addes\u00adkre\u00adis Asyl Karl\u00adsru\u00adhe<\/strong> <strong>e.V.<\/strong><\/a><br><strong><span style=\"color: #747474;\" class=\"stk-highlight\">(Der Pari\u00adt\u00e4\u00adtis\u00adche Migra\u00adtion\u00adsbe\u00adra\u00adtung)<\/span><\/strong><br>\ud83d\udccd Alter Sch\u00adla\u00adch\u00adthof 59, 76137 Karl\u00adsru\u00adhe<br>\ud83d\udcde 0721 78193 352 \u2014 \ud83d\udcde 0179 4038 861<br>\ud83d\udce7 <a href=\"mailto:mbe.karlsruhe@fka-ka.de\">mbe.karlsruhe@fka-ka.de<\/a><br><br><strong><span style=\"color: #cf2e2e;\" class=\"stk-highlight\">Con\u00adsi\u00adli\u00ade\u00adre prin pro\u00adgra\u00adma\u00adre<\/span><\/strong><br><strong>Lim\u00adbi str\u0103\u00adi\u00adne:<\/strong> Ger\u00adma\u00adn\u0103 \u0219i&nbsp;rus\u0103<\/p>\n\n\n\n<p><\/p>\n\n\n\n<p>\ud83d\udccd Kai\u00adser\u00adstra\u00ad\u00dfe 41, 76131 Karl\u00adsru\u00adhe<br>Sta\u00ad\u021bia Kro\u00adnen\u00adplatz<br>\ud83d\udcde 0157 34597 235<br>\ud83d\udce7 sabine.meglio@fka-ka.de<br><br><strong><span style=\"color: #cf2e2e;\" class=\"stk-highlight\"><strong><span style=\"color: #cf2e2e;\" class=\"stk-highlight\">Con\u00adsi\u00adli\u00ade\u00adre prin programare<\/span><\/strong><\/span><\/strong><\/p>\n<\/div><\/div><\/div><\/div><\/div><\/div>\n\n<div class=\"wp-block-ugb-accordion ugb-accordion ugb-60a412f ugb-accordion--v2 ugb-accordion--design-basic ugb-main-block\" aria-expanded=\"false\"><div class=\"ugb-inner-block\"><div class=\"ugb-block-content\"><div class=\"ugb-accordion__item\"><div class=\"ugb-accordion__heading\" role=\"button\" tabindex=\"0\"><h4 class=\"ugb-accordion__title\"><strong>Lan\u00adds\u00admann\u00adschaft der Deut\u00adschen aus Rus\u00adsland e.&nbsp;V.&nbsp;<\/strong><\/h4><svg viewBox=\"0 0 20 20\" class=\"ugb-accordion__arrow\" width=\"20\" height=\"20\"><path d=\"M16.7 3.3L10 10 3.3 3.4 0 6.7l10 10v-.1l10-9.9z\" \/><\/svg><\/div><div class=\"ugb-accordion__content\" role=\"region\"><div class=\"ugb-accordion__content-inner\">\n<p>\ud83c\udf10  <strong><a href=\"https:\/\/lmdr.de\/mbe-stellen\/\" rel=\"noopener\">Lan\u00adds\u00admann\u00adschaft der Deut\u00adschen aus Rus\u00adsland e. V. <\/a><\/strong><br>\ud83d\udccd Sche\u00adffels\u00adtra\u00ad\u00dfe 54, 76135 Karl\u00adsru\u00adhe<br>Sta\u00ad\u021bia Sophien\u00adstra\u00ad\u00dfe sau M\u00fchl\u00adbu\u00adr\u00adger Tor<br>\ud83d\udcde 0721\/ 8933 8385<br>\ud83d\udcde 0721\/ 83145 70<br>\ud83d\udce7 a.kastalion@lmdr.de \/ \ud83d\udce7 a.scheifel@lmdr.de<br><br><strong><span style=\"color: #cf2e2e;\" class=\"stk-highlight\">Con\u00adsi\u00adli\u00ade\u00adre prin pro\u00adgra\u00adma\u00adre<\/span><\/strong><br><strong>Lim\u00adbi str\u0103\u00adi\u00adne:<\/strong> Ger\u00adma\u00adn\u0103, engle\u00adz\u0103,&nbsp;rus\u0103<\/p>\n<\/div><\/div><\/div><\/div><\/div><\/div>\n\n<div class=\"wp-block-ugb-accordion ugb-accordion ugb-2e7268a ugb-accordion--v2 ugb-accordion--design-basic ugb-main-block\" aria-expanded=\"false\"><div class=\"ugb-inner-block\"><div class=\"ugb-block-content\"><div class=\"ugb-accordion__item\"><div class=\"ugb-accordion__heading\" role=\"button\" tabindex=\"0\"><h4 class=\"ugb-accordion__title\"><strong>Aso\u00adci\u00ada\u00ad\u021bia Cari\u00adtas Karlsruhe<\/strong><\/h4><svg viewBox=\"0 0 20 20\" class=\"ugb-accordion__arrow\" width=\"20\" height=\"20\"><path d=\"M16.7 3.3L10 10 3.3 3.4 0 6.7l10 10v-.1l10-9.9z\" \/><\/svg><\/div><div class=\"ugb-accordion__content\" role=\"region\"><div class=\"ugb-accordion__content-inner\">\n<p>\ud83c\udf10 <strong><a href=\"https:\/\/www.caritas-karlsruhe.de\/hilfen-und-beratung\/menschen-mit-migrationsgeschichte\/der-oekumenische-migrationsdienst\/der-oekumenische-migrationsdienst\" rel=\"noopener\">Aso\u00adci\u00ada\u00ad\u021bia Cari\u00adtas Karl\u00adsru\u00adhe<\/a><\/strong><br><span style=\"color: #767676;\" class=\"stk-highlight\">(<strong>\u00d6ku\u00adme\u00adnis\u00adcher Migra\u00adtion\u00adsdien\u00adst \u00d6MD)<\/strong><\/span><br>\ud83d\udccd Sophien\u00adstra\u00ad\u00dfe 33, 76133 Karl\u00adsru\u00adhe<br>Sta\u00ad\u021bia Karls\u00adtor  <br><br>\ud83d\udcde 0721\/ 91243\u201316 <br>\ud83d\udce7 sekretariat-oemd@caritas-karlsruhe.de<br><strong><span style=\"color: #cf2e2e;\" class=\"stk-highlight\"><strong><span style=\"color: #cf2e2e;\" class=\"stk-highlight\">Con\u00adsi\u00adli\u00ade\u00adre<\/span><\/strong> prin pro\u00adgra\u00adma\u00adre<\/span><\/strong><br><br><strong>Dis\u00adpo\u00adni\u00adbi\u00adli\u00adta\u00adte prin tele\u00adfon<\/strong> <br>Luni \u2014 Vineri: 8:30 \u2014 12:30<br>Luni \u2014 Joi: 13:30 \u2014 16:00<\/p>\n<\/div><\/div><\/div><\/div><\/div><\/div>\n\n<div class=\"wp-block-ugb-accordion ugb-accordion ugb-c647ddb ugb-accordion--v2 ugb-accordion--design-basic ugb-main-block\" aria-expanded=\"false\"><div class=\"ugb-inner-block\"><div class=\"ugb-block-content\"><div class=\"ugb-accordion__item\"><div class=\"ugb-accordion__heading\" role=\"button\" tabindex=\"0\"><h4 class=\"ugb-accordion__title\"><strong><strong>J\u00fcdis\u00adche Kul\u00adtus\u00adge\u00adme\u00adin\u00adde Karlsruhe<\/strong><\/strong><\/h4><svg viewBox=\"0 0 20 20\" class=\"ugb-accordion__arrow\" width=\"20\" height=\"20\"><path d=\"M16.7 3.3L10 10 3.3 3.4 0 6.7l10 10v-.1l10-9.9z\" \/><\/svg><\/div><div class=\"ugb-accordion__content\" role=\"region\"><div class=\"ugb-accordion__content-inner\">\n<p>\ud83c\udf10 <strong><a href=\"https:\/\/www.jg-karlsruhe.de\/index.php\/de\/soziales\/sozialberatung\" rel=\"noopener\">J\u00fcdis\u00adche Kul\u00adtus\u00adge\u00adme\u00adin\u00adde Karl\u00adsru\u00adhe<\/a><\/strong><br><strong>Zen\u00adtra\u00adlwohl\u00adfa\u00adhrt\u00adss\u00adte\u00adl\u00adle der Juden in Deut\u00adsch\u00adland e. V. <\/strong><br>\ud83d\udccd Knie\u00adlin\u00adger Allee 11, 76133 Karl\u00adsru\u00adhe<br>Sta\u00ad\u021bia Karl\u00adsru\u00adhe Syna\u00adgo\u00adge<br><br>\ud83d\udcde 0721\/ 7565 39<br>\ud83d\udce7 <a href=\"mailto:info@jg-karlsruhe.de\">mbe@jg-karlsruhe.de<\/a><br><strong><span style=\"color: #cf2e2e;\" class=\"stk-highlight\"><strong><span style=\"color: #cf2e2e;\" class=\"stk-highlight\"><strong><span style=\"color: #cf2e2e;\" class=\"stk-highlight\">Con\u00adsi\u00adli\u00ade\u00adre<\/span><\/strong> prin pro\u00adgra\u00adma\u00adre<\/span><\/strong><\/span><\/strong><br><br><strong>Pro\u00adgram de func\u00ad\u021bio\u00adna\u00adre<\/strong>:<br>Luni \u2014 vineri: 9.00 \u2014 12.00.<br>Mar\u021bi \u0219i joi: 14.30 \u2014 16.30<\/p>\n<\/div><\/div><\/div><\/div><\/div><\/div>\n\n<div class=\"wp-block-ugb-spacer ugb-spacer ugb-2a72161 ugb-spacer--v2 ugb-main-block\"><div class=\"ugb-inner-block\"><div class=\"ugb-block-content\"><div class=\"ugb-spacer--inner\"><\/div><\/div><\/div><\/div>\n\n<h2 class=\"wp-block-heading\"><span style=\"color: #0693e3;\" class=\"stk-highlight\">Ser\u00advi\u00adci\u00adul de migra\u00ad\u021bie a tine\u00adri\u00adlor (JMD)<\/span><\/h2>\n\n<div class=\"wp-block-ugb-accordion ugb-accordion ugb-dd92ed6 ugb-accordion--v2 ugb-accordion--design-basic ugb-main-block\" aria-expanded=\"false\"><div class=\"ugb-inner-block\"><div class=\"ugb-block-content\"><div class=\"ugb-accordion__item\"><div class=\"ugb-accordion__heading\" role=\"button\" tabindex=\"0\"><h4 class=\"ugb-accordion__title\">Jugend\u00admi\u00adgra\u00adtion\u00adsdien\u00adst (JMD) al&nbsp;BI<\/h4><svg viewBox=\"0 0 20 20\" class=\"ugb-accordion__arrow\" width=\"20\" height=\"20\"><path d=\"M16.7 3.3L10 10 3.3 3.4 0 6.7l10 10v-.1l10-9.9z\" \/><\/svg><\/div><div class=\"ugb-accordion__content\" role=\"region\"><div class=\"ugb-accordion__content-inner\">\n<p><a href=\"https:\/\/www.jugendmigrationsdienste.de\/jmd\/karlsruhe\" rel=\"noopener\"><strong>Jugend\u00admi\u00adgra\u00adtion\u00adsdien\u00adst (JMD)<\/strong> <strong>Karl\u00adsru\u00adhe<\/strong><\/a><br>\ud83d\udccd Sie\u00admen\u00adsa\u00adl\u00adlee 84, EG, Room 2004<br>76187 Karl\u00adsru\u00adhe<br>Sta\u00ad\u021bie de tram\u00advai: Knie\u00adlin\u00adgen Sie\u00admen\u00adsa\u00adl\u00adlee<br>\ud83d\udcde 0721 85019\u2013816 \/ 0151 742 410 30<br><a href=\"mailto:jmd-karlsruhe@ib.de\">\ud83d\udce7 jmd-karlsruhe@ib.de<\/a><br><strong><span style=\"color: #0693e3;\" class=\"stk-highlight\">Pro\u00adgra\u00adm\u0103ri prin aran\u00adja\u00adre<\/span><\/strong><br><br><em>Pen\u00adtru tine\u00adrii cu ori\u00adgini migra\u00adto\u00adrii cu v\u00e2r\u00adste cuprin\u00adse \u00eentre 12 \u0219i 27 de ani.<\/em><br>Con\u00adsul\u00adtan\u00ad\u021b\u0103 \u00een <strong>ger\u00adma\u00adn\u0103, engle\u00adz\u0103, ita\u00adli\u00ada\u00adn\u0103, rom\u00e2\u00adn\u0103, rus\u0103, <strong>spa\u00adni\u00ado\u00adl\u0103<\/strong><\/strong><\/p>\n<\/div><\/div><\/div><\/div><\/div><\/div>\n\n<div class=\"wp-block-ugb-spacer ugb-spacer ugb-6bb873a ugb-spacer--v2 ugb-main-block\"><div class=\"ugb-inner-block\"><div class=\"ugb-block-content\"><div class=\"ugb-spacer--inner\"><\/div><\/div><\/div><\/div>\n\n<h4 class=\"wp-block-heading\">Ora\u00ad\u0219ul Karl\u00adsru\u00adhe: <em>Ser\u00advi\u00adci\u00adul de con\u00adsi\u00adli\u00ade\u00adre \u00een cadrul Biro\u00adu\u00adlui pen\u00adtru inte\u00adgra\u00adre <\/em> <\/h4>\n\n<div class=\"wp-block-ugb-accordion ugb-accordion ugb-5ca6e08 ugb-accordion--v2 ugb-accordion--design-basic ugb-main-block\" aria-expanded=\"false\"><div class=\"ugb-inner-block\"><div class=\"ugb-block-content\"><div class=\"ugb-accordion__item\"><div class=\"ugb-accordion__heading\" role=\"button\" tabindex=\"0\"><h4 class=\"ugb-accordion__title\">Ser\u00advi\u00adci\u00adul de con\u00adsi\u00adli\u00ade\u00adre \u00een mate\u00adrie de orien\u00adta\u00adre din cadrul Biro\u00adu\u00adlui pen\u00adtru integrare<\/h4><svg viewBox=\"0 0 20 20\" class=\"ugb-accordion__arrow\" width=\"20\" height=\"20\"><path d=\"M16.7 3.3L10 10 3.3 3.4 0 6.7l10 10v-.1l10-9.9z\" \/><\/svg><\/div><div class=\"ugb-accordion__content\" role=\"region\"><div class=\"ugb-accordion__content-inner\">\n<p>\ud83c\udf10 <strong><a href=\"https:\/\/www.karlsruhe.de\/bildung-soziales\/integration-chancengerechtigkeit\/integration-in-karlsruhe\" rel=\"noopener\">Birou pen\u00adtru inte\u00adgra\u00adre<\/a><\/strong><br>\ud83d\udccd Kai\u00adser\u00adstra\u00ad\u00dfe 235, 76133 Karl\u00adsru\u00adhe<br>\ud83d\udcde 0721\/ 133\u20115727<br>\ud83d\udce7 <a href=\"mailto:buero.fuer.integration@sjb.karlsruhe.de\">buero.fuer.integration@sjb.karlsruhe.de<\/a><\/p>\n<\/div><\/div><\/div><\/div><\/div><\/div>\n\n<p><strong>\ud83d\udcce<\/strong> <strong><a href=\"https:\/\/www.anika-net.de\/wp-content\/uploads\/2025\/02\/Migrationsberatungsstellen_2025.pdf\">Flyer cen\u00adtre de con\u00adsi\u00adli\u00ade\u00adre pen\u00adtru migra\u00ad\u021bie \u00een Karlsruhe<\/a><\/strong><\/p>\n","protected":false},"excerpt":{"rendered":"<p>\u00cen Karl\u00adsru\u00adhe exis\u00adt\u0103 mai mul\u00adte cen\u00adtre de con\u00adsi\u00adli\u00ade\u00adre pen\u00adtru migran\u021bi pen\u00adtru noii veni\u021bi \u0219i pen\u00adtru to\u021bi migran\u00ad\u021bii. Exis\u00adt\u0103 cen\u00adtre de con\u00adsi\u00adli\u00ade\u00adre pen\u00adtru migra\u00ad\u021bie pen\u00adtru adul\u021bi \u0219i tineri, pre\u00adcum \u0219i cen\u00adtre&nbsp;<a class=\"moretag\" href=\"https:\/\/www.anika-net.de\/ro\/sosirea\/consiliere-si-servicii\/consiliere-pentru-migranti\/\">Citi\u021bi mai&nbsp;mult<\/a><\/p>\n","protected":false},"author":12,"featured_media":59375,"parent":15125,"menu_order":0,"comment_status":"closed","ping_status":"closed","template":"","meta":{"_acf_changed":false,"inline_featured_image":false,"_uag_custom_page_level_css":"","wp_typography_post_enhancements_disabled":false,"footnotes":""},"class_list":["post-15127","page","type-page","status-publish","has-post-thumbnail","hentry"],"acf":[],"featured_image_urls_v2":{"full":["https:\/\/www.anika-net.de\/wp-content\/uploads\/2025\/03\/beratung-fuer-gefluechtete.png",2000,1111,false],"thumbnail":["https:\/\/www.anika-net.de\/wp-content\/uploads\/2025\/03\/beratung-fuer-gefluechtete-150x150.png",150,150,true],"medium":["https:\/\/www.anika-net.de\/wp-content\/uploads\/2025\/03\/beratung-fuer-gefluechtete-300x167.png",300,167,true],"medium_large":["https:\/\/www.anika-net.de\/wp-content\/uploads\/2025\/03\/beratung-fuer-gefluechtete-768x427.png",640,356,true],"large":["https:\/\/www.anika-net.de\/wp-content\/uploads\/2025\/03\/beratung-fuer-gefluechtete-1024x569.png",640,356,true],"1536x1536":["https:\/\/www.anika-net.de\/wp-content\/uploads\/2025\/03\/beratung-fuer-gefluechtete-1536x853.png",1536,853,true],"2048x2048":["https:\/\/www.anika-net.de\/wp-content\/uploads\/2025\/03\/beratung-fuer-gefluechtete.png",2000,1111,false],"event-overview":["https:\/\/www.anika-net.de\/wp-content\/uploads\/2025\/03\/beratung-fuer-gefluechtete-960x640.png",960,640,true],"event-archive-thumb":["https:\/\/www.anika-net.de\/wp-content\/uploads\/2025\/03\/beratung-fuer-gefluechtete-480x267.png",480,267,true],"grid-item-thumbnail":["https:\/\/www.anika-net.de\/wp-content\/uploads\/2025\/03\/beratung-fuer-gefluechtete-360x200.png",360,200,true],"network-partner-icon":["https:\/\/www.anika-net.de\/wp-content\/uploads\/2025\/03\/beratung-fuer-gefluechtete-100x100.png",100,100,true],"organiser-icon":["https:\/\/www.anika-net.de\/wp-content\/uploads\/2025\/03\/beratung-fuer-gefluechtete-200x200.png",200,200,true],"gform-image-choice-sm":["https:\/\/www.anika-net.de\/wp-content\/uploads\/2025\/03\/beratung-fuer-gefluechtete.png",300,167,false],"gform-image-choice-md":["https:\/\/www.anika-net.de\/wp-content\/uploads\/2025\/03\/beratung-fuer-gefluechtete.png",400,222,false],"gform-image-choice-lg":["https:\/\/www.anika-net.de\/wp-content\/uploads\/2025\/03\/beratung-fuer-gefluechtete.png",600,333,false]},"post_excerpt_stackable_v2":"<p>\u00cen Karl\u00adsru\u00adhe exis\u00adt\u0103 mai mul\u00adte cen\u00adtre de con\u00adsi\u00adli\u00ade\u00adre pen\u00adtru migran\u021bi pen\u00adtru noii veni\u021bi \u0219i pen\u00adtru to\u021bi migran\u00ad\u021bii. Exis\u00adt\u0103 cen\u00adtre de con\u00adsi\u00adli\u00ade\u00adre pen\u00adtru migra\u00ad\u021bie pen\u00adtru adul\u021bi \u0219i tineri, pre\u00adcum \u0219i cen\u00adtre de con\u00adsi\u00adli\u00ade\u00adre pen\u00adtru subiec\u00adte spe\u00adci\u00adfi\u00adce, cum ar fi mun\u00adca, recu\u00adnoa\u0219\u00adte\u00adrea cer\u00adti\u00adfi\u00adca\u00adte\u00adlor. Per\u00adso\u00adna\u00adlul de la Migra\u00adtion\u00adsbe\u00adra\u00adtung (ser\u00advi\u00adci\u00adul de con\u00adsi\u00adli\u00ade\u00adre pen\u00adtru migra\u00ad\u021bie) v\u0103 va aju\u00adta s\u0103 rezol\u00adva\u021bi pro\u00adble\u00adme \u00een dome\u00adnii pre\u00adcum:&nbsp; \u00cenv\u0103\u00ad\u021ba\u00adrea lim\u00adbii ger\u00adma\u00adne (de exem\u00adplu, orga\u00adni\u00adza\u00adrea de cur\u00adsuri de lim\u00adb\u0103 \u0219i de inte\u00adgra\u00adre), \u00centre\u00adb\u0103ri pri\u00advind per\u00admi\u00adse\u00adle de \u0219ede\u00adre, Carie\u00adra pro\u00adfe\u00adsio\u00adna\u00adl\u0103 \u0219i recu\u00adnoa\u0219\u00adte\u00adrea cali\u00adfi\u00adc\u0103\u00adri\u00adlor (de exem\u00adplu, recu\u00adnoa\u0219\u00adte\u00adrea cer\u00adti\u00adfi\u00adca\u00adte\u00adlor de absol\u00advi\u00adre a \u0219co\u00adlii, uce\u00adni\u00adcii, diplo\u00adme, c\u0103u\u00adta\u00adrea unui loc de&nbsp;mun\u00adc\u0103), Caza\u00adre (de exem\u00adplu, sprijin\u2026<\/p>\n","category_list_v2":"","author_info_v2":{"name":"Andrea Ramirez","url":"https:\/\/www.anika-net.de\/ro\/author\/andrea-ramirez\/"},"comments_num_v2":"0 comments","uagb_featured_image_src":{"full":["https:\/\/www.anika-net.de\/wp-content\/uploads\/2025\/03\/beratung-fuer-gefluechtete.png",2000,1111,false],"thumbnail":["https:\/\/www.anika-net.de\/wp-content\/uploads\/2025\/03\/beratung-fuer-gefluechtete-150x150.png",150,150,true],"medium":["https:\/\/www.anika-net.de\/wp-content\/uploads\/2025\/03\/beratung-fuer-gefluechtete-300x167.png",300,167,true],"medium_large":["https:\/\/www.anika-net.de\/wp-content\/uploads\/2025\/03\/beratung-fuer-gefluechtete-768x427.png",640,356,true],"large":["https:\/\/www.anika-net.de\/wp-content\/uploads\/2025\/03\/beratung-fuer-gefluechtete-1024x569.png",640,356,true],"1536x1536":["https:\/\/www.anika-net.de\/wp-content\/uploads\/2025\/03\/beratung-fuer-gefluechtete-1536x853.png",1536,853,true],"2048x2048":["https:\/\/www.anika-net.de\/wp-content\/uploads\/2025\/03\/beratung-fuer-gefluechtete.png",2000,1111,false],"event-overview":["https:\/\/www.anika-net.de\/wp-content\/uploads\/2025\/03\/beratung-fuer-gefluechtete-960x640.png",960,640,true],"event-archive-thumb":["https:\/\/www.anika-net.de\/wp-content\/uploads\/2025\/03\/beratung-fuer-gefluechtete-480x267.png",480,267,true],"grid-item-thumbnail":["https:\/\/www.anika-net.de\/wp-content\/uploads\/2025\/03\/beratung-fuer-gefluechtete-360x200.png",360,200,true],"network-partner-icon":["https:\/\/www.anika-net.de\/wp-content\/uploads\/2025\/03\/beratung-fuer-gefluechtete-100x100.png",100,100,true],"organiser-icon":["https:\/\/www.anika-net.de\/wp-content\/uploads\/2025\/03\/beratung-fuer-gefluechtete-200x200.png",200,200,true],"gform-image-choice-sm":["https:\/\/www.anika-net.de\/wp-content\/uploads\/2025\/03\/beratung-fuer-gefluechtete.png",300,167,false],"gform-image-choice-md":["https:\/\/www.anika-net.de\/wp-content\/uploads\/2025\/03\/beratung-fuer-gefluechtete.png",400,222,false],"gform-image-choice-lg":["https:\/\/www.anika-net.de\/wp-content\/uploads\/2025\/03\/beratung-fuer-gefluechtete.png",600,333,false]},"uagb_author_info":{"display_name":"Andrea Ramirez","author_link":"https:\/\/www.anika-net.de\/ro\/author\/andrea-ramirez\/"},"uagb_comment_info":0,"uagb_excerpt":"\u00cen Karl\u00adsru\u00adhe exis\u00adt\u0103 mai mul\u00adte cen\u00adtre de con\u00adsi\u00adli\u00ade\u00adre pen\u00adtru migran\u021bi pen\u00adtru noii veni\u021bi \u0219i pen\u00adtru to\u021bi migran\u00ad\u021bii. Exis\u00adt\u0103 cen\u00adtre de con\u00adsi\u00adli\u00ade\u00adre pen\u00adtru migra\u00ad\u021bie pen\u00adtru adul\u021bi \u0219i tineri, pre\u00adcum \u0219i cen\u00adtre&nbsp;Citi\u021bi mai mult","_links":{"self":[{"href":"https:\/\/www.anika-net.de\/ro\/wp-json\/wp\/v2\/pages\/15127","targetHints":{"allow":["GET"]}}],"collection":[{"href":"https:\/\/www.anika-net.de\/ro\/wp-json\/wp\/v2\/pages"}],"about":[{"href":"https:\/\/www.anika-net.de\/ro\/wp-json\/wp\/v2\/types\/page"}],"author":[{"embeddable":true,"href":"https:\/\/www.anika-net.de\/ro\/wp-json\/wp\/v2\/users\/12"}],"replies":[{"embeddable":true,"href":"https:\/\/www.anika-net.de\/ro\/wp-json\/wp\/v2\/comments?post=15127"}],"version-history":[{"count":3,"href":"https:\/\/www.anika-net.de\/ro\/wp-json\/wp\/v2\/pages\/15127\/revisions"}],"predecessor-version":[{"id":118089,"href":"https:\/\/www.anika-net.de\/ro\/wp-json\/wp\/v2\/pages\/15127\/revisions\/118089"}],"up":[{"embeddable":true,"href":"https:\/\/www.anika-net.de\/ro\/wp-json\/wp\/v2\/pages\/15125"}],"wp:featuredmedia":[{"embeddable":true,"href":"https:\/\/www.anika-net.de\/ro\/wp-json\/wp\/v2\/media\/59375"}],"wp:attachment":[{"href":"https:\/\/www.anika-net.de\/ro\/wp-json\/wp\/v2\/media?parent=15127"}],"curies":[{"name":"wp","href":"https:\/\/api.w.org\/{rel}","templated":true}]}}