{"id":15001,"date":"2021-04-25T21:50:26","date_gmt":"2021-04-25T19:50:26","guid":{"rendered":"https:\/\/www.anika-net.de\/contact-us\/"},"modified":"2025-03-05T13:08:16","modified_gmt":"2025-03-05T12:08:16","slug":"contactati-ne","status":"publish","type":"page","link":"https:\/\/www.anika-net.de\/ro\/contactati-ne\/","title":{"rendered":"Con\u00adtac\u00adta\u021bi-ne"},"content":{"rendered":"\n<p><strong><span style=\"color: #111111;\" class=\"stk-highlight\">Ani\u00adKA<\/span><\/strong> \u2014 <em> Anko\u00adm\u00admen \u00een Karl\u00adsru\u00adhe<\/em> nu este un cen\u00adtru de con\u00adsi\u00adli\u00ade\u00adre \u00een sine, ci o <strong>plat\u00adfor\u00adm\u0103 de infor\u00adma\u00adre pen\u00adtru (noii) imi\u00adgran\u021bi din Karl\u00adsru\u00adhe.<\/strong><br>Aici ve\u021bi g\u0103si o pre\u00adzen\u00adta\u00adre gene\u00adra\u00adl\u0103 a mai mult de <a href=\"https:\/\/www.anika-net.de\/network-partners\/\"><strong>60 de orga\u00adni\u00adza\u00ad\u021bii par\u00adte\u00adne\u00adre<\/strong><\/a> care ofe\u00adr\u0103 diver\u00adse ser\u00advi\u00adcii de con\u00adsi\u00adli\u00ade\u00adre, pre\u00adcum \u0219i date\u00adle de con\u00adtact rele\u00advan\u00adte.<br><strong>V\u0103 invi\u00adt\u0103m cu drag s\u0103 con\u00adtac\u00adta\u021bi direct orga\u00adni\u00adza\u00ad\u021bi\u00adi\u00adle res\u00adpec\u00adti\u00adve pen\u00adtru a pri\u00admi spri\u00adji\u00adnul adecvat.<\/strong><\/p>\n\n<p><strong>V\u0103 rug\u0103m s\u0103 nu ezi\u00adta\u021bi s\u0103 ne con\u00adtac\u00adta\u021bi dac\u0103<\/strong>: <br>\u2611\ufe0f orga\u00adni\u00adza\u00ad\u021bia dum\u00adne\u00ada\u00advoas\u00adtr\u0103 dore\u0219\u00adte s\u0103 se al\u0103\u00adtu\u00adre ali\u00adan\u00ad\u021bei<br>\u2611\ufe0f dori\u021bi <a href=\"https:\/\/www.anika-net.de\/ro\/organizatii-si-comunitati-de-migranti\/impartasiti-initiativa-dumneavoastra-pe-anika\/\"><strong>s\u0103 v\u0103 face\u021bi aso\u00adci\u00ada\u00ad\u021bia sau comu\u00adni\u00adta\u00adtea vizi\u00adbi\u00adl\u0103<\/strong><\/a> pe plat\u00adfor\u00adma Ani\u00adKA.<br>\u2611\ufe0f dori\u021bi <a href=\"https:\/\/docs.google.com\/forms\/d\/e\/1FAIpQLSc5gnLGoQjAsCr3UyiIxWPokWLyHopaEWd43vUP1cWp9AcyIA\/viewform?usp=sf_link\" rel=\"noopener\"><strong>s\u0103 publi\u00adca\u021bi o ofer\u00adt\u0103 sau un eve\u00adni\u00adment<\/strong><\/a> pe Ani\u00adKA<br>\u2611\ufe0f dori\u021bi s\u0103 coman\u00adda\u021bi pli\u00adan\u00adte sau Ani\u00adKA Poster<\/p>\n\n<p><\/p>\n<script>\nvar gform;gform||(document.addEventListener(\"gform_main_scripts_loaded\",function(){gform.scriptsLoaded=!0}),document.addEventListener(\"gform\/theme\/scripts_loaded\",function(){gform.themeScriptsLoaded=!0}),window.addEventListener(\"DOMContentLoaded\",function(){gform.domLoaded=!0}),gform={domLoaded:!1,scriptsLoaded:!1,themeScriptsLoaded:!1,isFormEditor:()=>\"function\"==typeof InitializeEditor,callIfLoaded:function(o){return!(!gform.domLoaded||!gform.scriptsLoaded||!gform.themeScriptsLoaded&&!gform.isFormEditor()||(gform.isFormEditor()&&console.warn(\"The use of gform.initializeOnLoaded() is deprecated in the form editor context and will be removed in Gravity Forms 3.1.\"),o(),0))},initializeOnLoaded:function(o){gform.callIfLoaded(o)||(document.addEventListener(\"gform_main_scripts_loaded\",()=>{gform.scriptsLoaded=!0,gform.callIfLoaded(o)}),document.addEventListener(\"gform\/theme\/scripts_loaded\",()=>{gform.themeScriptsLoaded=!0,gform.callIfLoaded(o)}),window.addEventListener(\"DOMContentLoaded\",()=>{gform.domLoaded=!0,gform.callIfLoaded(o)}))},hooks:{action:{},filter:{}},addAction:function(o,r,e,t){gform.addHook(\"action\",o,r,e,t)},addFilter:function(o,r,e,t){gform.addHook(\"filter\",o,r,e,t)},doAction:function(o){gform.doHook(\"action\",o,arguments)},applyFilters:function(o){return gform.doHook(\"filter\",o,arguments)},removeAction:function(o,r){gform.removeHook(\"action\",o,r)},removeFilter:function(o,r,e){gform.removeHook(\"filter\",o,r,e)},addHook:function(o,r,e,t,n){null==gform.hooks[o][r]&&(gform.hooks[o][r]=[]);var d=gform.hooks[o][r];null==n&&(n=r+\"_\"+d.length),gform.hooks[o][r].push({tag:n,callable:e,priority:t=null==t?10:t})},doHook:function(r,o,e){var t;if(e=Array.prototype.slice.call(e,1),null!=gform.hooks[r][o]&&((o=gform.hooks[r][o]).sort(function(o,r){return o.priority-r.priority}),o.forEach(function(o){\"function\"!=typeof(t=o.callable)&&(t=window[t]),\"action\"==r?t.apply(null,e):e[0]=t.apply(null,e)})),\"filter\"==r)return e[0]},removeHook:function(o,r,t,n){var e;null!=gform.hooks[o][r]&&(e=(e=gform.hooks[o][r]).filter(function(o,r,e){return!!(null!=n&&n!=o.tag||null!=t&&t!=o.priority)}),gform.hooks[o][r]=e)}});\n<\/script>\n\n                <div class=\"gf_browser_gecko gform_wrapper gform_legacy_markup_wrapper gform-theme--no-framework\" data-form-theme=\"legacy\" data-form-index=\"0\" id=\"gform_wrapper_2\"><div id=\"gf_2\" class=\"gform_anchor\" tabindex=\"-1\"><\/div><form method=\"post\" enctype=\"multipart\/form-data\" target=\"gform_ajax_frame_2\" id=\"gform_2\" action=\"\/ro\/wp-json\/wp\/v2\/pages\/15001#gf_2\" data-formid=\"2\" novalidate><input type=\"hidden\" name=\"__swss_pow__\" value>\n                        <div class=\"gform-body gform_body\"><ul id=\"gform_fields_2\" class=\"gform_fields top_label form_sublabel_below description_below validation_below\"><li id=\"field_2_9\" class=\"gfield gfield--type-honeypot gform_validation_container field_sublabel_below gfield--has-description field_description_below field_validation_below gfield_visibility_visible\"><label class=\"gfield_label gform-field-label\" for=\"input_2_9\">Com\u00adpany<\/label><div class=\"ginput_container\"><input name=\"input_9\" id=\"input_2_9\" type=\"text\" value autocomplete=\"new-password\"><\/div><div class=\"gfield_description\" id=\"gfield_description_2_9\">This field is for vali\u00adda\u00adtion pur\u00adpo\u00adses and sho\u00aduld be left unchanged.<\/div><\/li><li id=\"field_2_1\" class=\"gfield gfield--type-name gfield--input-type-name field_sublabel_below gfield--no-description field_description_below field_validation_below gfield_visibility_visible\"><label class=\"gfield_label gform-field-label gfield_label_before_complex\">Nume<\/label><div class=\"ginput_complex ginput_container ginput_container--name no_prefix has_first_name no_middle_name has_last_name no_suffix gf_name_has_2 ginput_container_name gform-grid-row\" id=\"input_2_1\">\n                            \n                            <span id=\"input_2_1_3_container\" class=\"name_first gform-grid-col gform-grid-col--size-auto\">\n                                                    <input type=\"text\" name=\"input_1.3\" id=\"input_2_1_3\" value aria-required=\"false\">\n                                                    <label for=\"input_2_1_3\" class=\"gform-field-label gform-field-label--type-sub \">Nume<\/label>\n                                                <\/span>\n                            \n                            <span id=\"input_2_1_6_container\" class=\"name_last gform-grid-col gform-grid-col--size-auto\">\n                                                    <input type=\"text\" name=\"input_1.6\" id=\"input_2_1_6\" value aria-required=\"false\">\n                                                    <label for=\"input_2_1_6\" class=\"gform-field-label gform-field-label--type-sub \">Nume\u00adle de familie<\/label>\n                                                <\/span>\n                            \n                        <\/div><\/li><li id=\"field_2_2\" class=\"gfield gfield--type-checkbox gfield--type-choice gfield--input-type-checkbox gfield--width-full field_sublabel_below gfield--has-description field_description_below field_validation_below gfield_visibility_visible\"><label class=\"gfield_label gform-field-label gfield_label_before_complex\">Lim\u00adbi<\/label><div class=\"ginput_container ginput_container_checkbox\"><ul class=\"gfield_checkbox\" id=\"input_2_2\"><li class=\"gchoice gchoice_2_2_1\">\n\t\t\t\t\t\t\t\t<input class=\"gfield-choice-input\" name=\"input_2.1\" type=\"checkbox\" value=\"Englez\u0103\" id=\"choice_2_2_1\" aria-describedby=\"gfield_description_2_2\">\n\t\t\t\t\t\t\t\t<label for=\"choice_2_2_1\" id=\"label_2_2_1\" class=\"gform-field-label gform-field-label--type-inline\">Engle\u00adz\u0103<\/label>\n\t\t\t\t\t\t\t<\/li><li class=\"gchoice gchoice_2_2_2\">\n\t\t\t\t\t\t\t\t<input class=\"gfield-choice-input\" name=\"input_2.2\" type=\"checkbox\" value=\"limba franceza\" id=\"choice_2_2_2\">\n\t\t\t\t\t\t\t\t<label for=\"choice_2_2_2\" id=\"label_2_2_2\" class=\"gform-field-label gform-field-label--type-inline\">lim\u00adba franceza<\/label>\n\t\t\t\t\t\t\t<\/li><li class=\"gchoice gchoice_2_2_3\">\n\t\t\t\t\t\t\t\t<input class=\"gfield-choice-input\" name=\"input_2.3\" type=\"checkbox\" value=\"limba germana\" id=\"choice_2_2_3\">\n\t\t\t\t\t\t\t\t<label for=\"choice_2_2_3\" id=\"label_2_2_3\" class=\"gform-field-label gform-field-label--type-inline\">lim\u00adba germana<\/label>\n\t\t\t\t\t\t\t<\/li><li class=\"gchoice gchoice_2_2_4\">\n\t\t\t\t\t\t\t\t<input class=\"gfield-choice-input\" name=\"input_2.4\" type=\"checkbox\" value=\"Spanisch\" id=\"choice_2_2_4\">\n\t\t\t\t\t\t\t\t<label for=\"choice_2_2_4\" id=\"label_2_2_4\" class=\"gform-field-label gform-field-label--type-inline\">Spa\u00adnis\u00adch<\/label>\n\t\t\t\t\t\t\t<\/li><\/ul><\/div><div class=\"gfield_description\" id=\"gfield_description_2_2\">V\u0103 rug\u0103m s\u0103 m\u0103 con\u00adtac\u00adta\u021bi \u00een una din\u00adtre urm\u0103\u00adtoa\u00adre\u00adle lim\u00adbi, dac\u0103 este posibil.<\/div><\/li><li id=\"field_2_3\" class=\"gfield gfield--type-email gfield--input-type-email gfield--width-full gfield_contains_required field_sublabel_below gfield--no-description field_description_below field_validation_below gfield_visibility_visible\"><label class=\"gfield_label gform-field-label\" for=\"input_2_3\">Adre\u00adsa de ema\u00adil<span class=\"gfield_required\"><span class=\"gfield_required gfield_required_text\">(Requ\u00adi\u00adred)<\/span><\/span><\/label><div class=\"ginput_container ginput_container_email\">\n                            <input name=\"input_3\" id=\"input_2_3\" type=\"email\" value class=\"large\" aria-required=\"true\" aria-invalid=\"false\">\n                        <\/div><\/li><li id=\"field_2_6\" class=\"gfield gfield--type-phone gfield--input-type-phone gfield--width-full field_sublabel_below gfield--no-description field_description_below field_validation_below gfield_visibility_visible\"><label class=\"gfield_label gform-field-label\" for=\"input_2_6\">Tele\u00adfon<\/label><div class=\"ginput_container ginput_container_phone\"><input name=\"input_6\" id=\"input_2_6\" type=\"tel\" value class=\"large\" aria-invalid=\"false\"><\/div><\/li><li id=\"field_2_7\" class=\"gfield gfield--type-checkbox gfield--type-choice gfield--input-type-checkbox gfield--width-full field_sublabel_below gfield--no-description field_description_below field_validation_below gfield_visibility_visible\"><label class=\"gfield_label gform-field-label gfield_label_before_complex\">Suna-ma ina\u00adpoi<\/label><div class=\"ginput_container ginput_container_checkbox\"><ul class=\"gfield_checkbox\" id=\"input_2_7\"><li class=\"gchoice gchoice_2_7_1\">\n\t\t\t\t\t\t\t\t<input class=\"gfield-choice-input\" name=\"input_7.1\" type=\"checkbox\" value=\"Da, te rog sun\u0103-m\u0103 \u00eenapoi\" id=\"choice_2_7_1\">\n\t\t\t\t\t\t\t\t<label for=\"choice_2_7_1\" id=\"label_2_7_1\" class=\"gform-field-label gform-field-label--type-inline\">Da, te rog sun\u0103-m\u0103 \u00eenapoi<\/label>\n\t\t\t\t\t\t\t<\/li><\/ul><\/div><\/li><li id=\"field_2_4\" class=\"gfield gfield--type-select gfield--input-type-select gfield--width-full field_sublabel_below gfield--no-description field_description_below field_validation_below gfield_visibility_visible\"><label class=\"gfield_label gform-field-label\" for=\"input_2_4\">Subiect<\/label><div class=\"ginput_container ginput_container_select\"><select name=\"input_4\" id=\"input_2_4\" class=\"large gfield_select\" aria-invalid=\"false\"><option value selected=\"selected\" class=\"gf_placeholder\">V\u0103 rug\u0103m s\u0103 selecta\u021bi subiectul dvs<\/option><option value=\"A\u0219 dori s\u0103 m\u0103 al\u0103tur Alian\u021bei sau s\u0103 devin activ \u00een Alian\u021b\u0103\">A\u0219 dori s\u0103 m\u0103 al\u0103tur Alian\u021bei sau s\u0103 devin activ \u00een Alian\u021b\u0103<\/option><option value=\"A\u0219 dori s\u0103 postez o ofert\u0103 pe site-ul AniKA\">A\u0219 dori s\u0103 postez o ofert\u0103 pe site-ul AniKA<\/option><option value=\"A\u0219 dori s\u0103 comand c\u0103r\u021bi po\u0219tale sau flutura\u0219i AniKA\">A\u0219 dori s\u0103 comand c\u0103r\u021bi po\u0219tale sau flutura\u0219i AniKA<\/option><option value=\"Sunt din pres\u0103 sau radio \u0219i a\u0219 dori s\u0103 contactez AniKA\">Sunt din pres\u0103 sau radio \u0219i a\u0219 dori s\u0103 contactez AniKA<\/option><\/select><\/div><\/li><li id=\"field_2_5\" class=\"gfield gfield--type-textarea gfield--input-type-textarea gfield--width-full gfield_contains_required field_sublabel_below gfield--no-description field_description_below field_validation_below gfield_visibility_visible\"><label class=\"gfield_label gform-field-label\" for=\"input_2_5\">Mesaj<span class=\"gfield_required\"><span class=\"gfield_required gfield_required_text\">(Requ\u00adi\u00adred)<\/span><\/span><\/label><div class=\"ginput_container ginput_container_textarea\"><textarea name=\"input_5\" id=\"input_2_5\" class=\"textarea large\" aria-required=\"true\" aria-invalid=\"false\" rows=\"10\" cols=\"50\"><\/textarea><\/div><\/li><li id=\"field_2_8\" class=\"gfield gfield--type-consent gfield--type-choice gfield--input-type-consent gfield--width-full gfield_contains_required field_sublabel_below gfield--no-description field_description_below field_validation_below gfield_visibility_visible\"><label class=\"gfield_label gform-field-label gfield_label_before_complex\">Con\u00adsi\u00adm\u0163\u0103m\u00e2nt<span class=\"gfield_required\"><span class=\"gfield_required gfield_required_text\">(Requ\u00adi\u00adred)<\/span><\/span><\/label><div class=\"ginput_container ginput_container_consent\"><input name=\"input_8.1\" id=\"input_2_8_1\" type=\"checkbox\" value=\"1\" aria-required=\"true\" aria-invalid=\"false\"> <label class=\"gform-field-label gform-field-label--type-inline gfield_consent_label\" for=\"input_2_8_1\">Sunt de acord cu poli\u00adti\u00adca de confiden\u021bialitate<\/label><input type=\"hidden\" name=\"input_8.2\" value=\"Sunt de acord cu politica de confiden\u021bialitate\" class=\"gform_hidden\"><input type=\"hidden\" name=\"input_8.3\" value=\"2\" class=\"gform_hidden\"><\/div><\/li><\/ul><\/div>\n        <div class=\"gform-footer gform_footer top_label\"> <input type=\"submit\" id=\"gform_submit_button_2\" class=\"gform_button button\" onclick=\"gform.submission.handleButtonClick(this);\" data-submission-type=\"submit\" value=\"Trimite\"> <input type=\"hidden\" name=\"gform_ajax\" value=\"form_id=2&amp;title=&amp;description=&amp;tabindex=0&amp;theme=legacy&amp;styles=[]&amp;hash=6eec520a4b18f60fdd00a0f3ebad3958\">\n            <input type=\"hidden\" class=\"gform_hidden\" name=\"gform_submission_method\" data-js=\"gform_submission_method_2\" value=\"iframe\">\n            <input type=\"hidden\" class=\"gform_hidden\" name=\"gform_theme\" data-js=\"gform_theme_2\" id=\"gform_theme_2\" value=\"legacy\">\n            <input type=\"hidden\" class=\"gform_hidden\" name=\"gform_style_settings\" data-js=\"gform_style_settings_2\" id=\"gform_style_settings_2\" value=\"[]\">\n            <input type=\"hidden\" class=\"gform_hidden\" name=\"is_submit_2\" value=\"1\">\n            <input type=\"hidden\" class=\"gform_hidden\" name=\"gform_submit\" value=\"2\">\n            \n            <input type=\"hidden\" class=\"gform_hidden\" name=\"gform_currency\" data-currency=\"EUR\" value=\"MhO2qbYpT1dCU1U4K64wfWkjelzk3hcRBtbU9vP4AkHn9PkyvhIQu7mAJSdfWCUak3hrDjZvlWCE8aJRpctK2C0Ap33UGpT+d5bBTx4vGo98m0Q=\">\n            <input type=\"hidden\" class=\"gform_hidden\" name=\"gform_unique_id\" value>\n            <input type=\"hidden\" class=\"gform_hidden\" name=\"state_2\" value=\"WyJ7XCI4LjFcIjpcImEzOWY3NTM0MTNmODI1OWE3YzhhMWVlODA0MzUxZGY4XCIsXCI4LjJcIjpcIjY1NTkzZGVmZjEwZDY3OTZkZDhkNWFmOWEyZjI4NmIzXCIsXCI4LjNcIjpcImM2M2U3ODM4ZGM3NTg2MjViZWZkY2QyZTkyNjM0YTI4XCJ9IiwiNDk5ZjI2NDM1NTNiNDJiZThkMThmYmZmNTgyZGQ3OWEiXQ==\">\n            <input type=\"hidden\" autocomplete=\"off\" class=\"gform_hidden\" name=\"gform_target_page_number_2\" id=\"gform_target_page_number_2\" value=\"0\">\n            <input type=\"hidden\" autocomplete=\"off\" class=\"gform_hidden\" name=\"gform_source_page_number_2\" id=\"gform_source_page_number_2\" value=\"1\">\n            <input type=\"hidden\" name=\"gform_field_values\" value>\n            \n        <\/div>\n                        <\/form>\n                        <\/div>\n\t\t                <iframe style=\"display:none;width:0px;height:0px;\" src=\"about:blank\" name=\"gform_ajax_frame_2\" id=\"gform_ajax_frame_2\" title=\"This iframe contains the logic required to handle Ajax powered Gravity Forms.\"><\/iframe>\n\t\t                <script>\ngform.initializeOnLoaded( function() {gformInitSpinner( 2, 'https:\/\/www.anika-net.de\/wp-content\/plugins\/gravityforms\/images\/spinner.svg', true );jQuery('#gform_ajax_frame_2').on('load',function(){var contents = jQuery(this).contents().find('*').html();var is_postback = contents.indexOf('GF_AJAX_POSTBACK') >= 0;if(!is_postback){return;}var form_content = jQuery(this).contents().find('#gform_wrapper_2');var is_confirmation = jQuery(this).contents().find('#gform_confirmation_wrapper_2').length > 0;var is_redirect = contents.indexOf('gformRedirect(){') >= 0;var is_form = form_content.length > 0 && ! is_redirect && ! is_confirmation;var mt = parseInt(jQuery('html').css('margin-top'), 10) + parseInt(jQuery('body').css('margin-top'), 10) + 100;if(is_form){jQuery('#gform_wrapper_2').html(form_content.html());if(form_content.hasClass('gform_validation_error')){jQuery('#gform_wrapper_2').addClass('gform_validation_error');} else {jQuery('#gform_wrapper_2').removeClass('gform_validation_error');}setTimeout( function() { \/* delay the scroll by 50 milliseconds to fix a bug in chrome *\/ jQuery(document).scrollTop(jQuery('#gform_wrapper_2').offset().top - mt); }, 50 );if(window['gformInitDatepicker']) {gformInitDatepicker();}if(window['gformInitPriceFields']) {gformInitPriceFields();}var current_page = jQuery('#gform_source_page_number_2').val();gformInitSpinner( 2, 'https:\/\/www.anika-net.de\/wp-content\/plugins\/gravityforms\/images\/spinner.svg', true );jQuery(document).trigger('gform_page_loaded', [2, current_page]);window['gf_submitting_2'] = false;}else if(!is_redirect){var confirmation_content = jQuery(this).contents().find('.GF_AJAX_POSTBACK').html();if(!confirmation_content){confirmation_content = contents;}jQuery('#gform_wrapper_2').replaceWith(confirmation_content);jQuery(document).scrollTop(jQuery('#gf_2').offset().top - mt);jQuery(document).trigger('gform_confirmation_loaded', [2]);window['gf_submitting_2'] = false;wp.a11y.speak(jQuery('#gform_confirmation_message_2').text());}else{jQuery('#gform_2').append(contents);if(window['gformRedirect']) {gformRedirect();}}jQuery(document).trigger(\"gform_pre_post_render\", [{ formId: \"2\", currentPage: \"current_page\", abort: function() { this.preventDefault(); } }]);        if (event && event.defaultPrevented) {                return;        }        const gformWrapperDiv = document.getElementById( \"gform_wrapper_2\" );        if ( gformWrapperDiv ) {            const visibilitySpan = document.createElement( \"span\" );            visibilitySpan.id = \"gform_visibility_test_2\";            gformWrapperDiv.insertAdjacentElement( \"afterend\", visibilitySpan );        }        const visibilityTestDiv = document.getElementById( \"gform_visibility_test_2\" );        let postRenderFired = false;        function triggerPostRender() {            if ( postRenderFired ) {                return;            }            postRenderFired = true;            gform.core.triggerPostRenderEvents( 2, current_page );            if ( visibilityTestDiv ) {                visibilityTestDiv.parentNode.removeChild( visibilityTestDiv );            }        }        function debounce( func, wait, immediate ) {            var timeout;            return function() {                var context = this, args = arguments;                var later = function() {                    timeout = null;                    if ( !immediate ) func.apply( context, args );                };                var callNow = immediate && !timeout;                clearTimeout( timeout );                timeout = setTimeout( later, wait );                if ( callNow ) func.apply( context, args );            };        }        const debouncedTriggerPostRender = debounce( function() {            triggerPostRender();        }, 200 );        if ( visibilityTestDiv && visibilityTestDiv.offsetParent === null ) {            const observer = new MutationObserver( ( mutations ) => {                mutations.forEach( ( mutation ) => {                    if ( mutation.type === 'attributes' && visibilityTestDiv.offsetParent !== null ) {                        debouncedTriggerPostRender();                        observer.disconnect();                    }                });            });            observer.observe( document.body, {                attributes: true,                childList: false,                subtree: true,                attributeFilter: [ 'style', 'class' ],            });        } else {            triggerPostRender();        }    } );} );\n<\/script>\n\n","protected":false},"excerpt":{"rendered":"<p>Ani\u00adKA \u2014 Anko\u00adm\u00admen \u00een Karl\u00adsru\u00adhe nu este un cen\u00adtru de con\u00adsi\u00adli\u00ade\u00adre \u00een sine, ci o plat\u00adfor\u00adm\u0103 de infor\u00adma\u00adre pen\u00adtru (noii) imi\u00adgran\u021bi din Karl\u00adsru\u00adhe.Aici ve\u021bi g\u0103si o pre\u00adzen\u00adta\u00adre gene\u00adra\u00adl\u0103 a mai&nbsp;<a class=\"moretag\" href=\"https:\/\/www.anika-net.de\/ro\/contactati-ne\/\">Citi\u021bi mai&nbsp;mult<\/a><\/p>\n","protected":false},"author":12,"featured_media":0,"parent":0,"menu_order":63,"comment_status":"closed","ping_status":"closed","template":"","meta":{"_acf_changed":false,"inline_featured_image":false,"_uag_custom_page_level_css":"","wp_typography_post_enhancements_disabled":false,"footnotes":""},"class_list":["post-15001","page","type-page","status-publish","hentry"],"acf":[],"featured_image_urls_v2":{"full":"","thumbnail":"","medium":"","medium_large":"","large":"","1536x1536":"","2048x2048":"","event-overview":"","event-archive-thumb":"","grid-item-thumbnail":"","network-partner-icon":"","organiser-icon":"","gform-image-choice-sm":"","gform-image-choice-md":"","gform-image-choice-lg":""},"post_excerpt_stackable_v2":"<p>Ani\u00adKA \u2014 Anko\u00adm\u00admen \u00een Karl\u00adsru\u00adhe nu este un cen\u00adtru de con\u00adsi\u00adli\u00ade\u00adre \u00een sine, ci o plat\u00adfor\u00adm\u0103 de infor\u00adma\u00adre pen\u00adtru (noii) imi\u00adgran\u021bi din Karl\u00adsru\u00adhe.Aici ve\u021bi g\u0103si o pre\u00adzen\u00adta\u00adre gene\u00adra\u00adl\u0103 a mai mult de 60 de orga\u00adni\u00adza\u00ad\u021bii par\u00adte\u00adne\u00adre care ofe\u00adr\u0103 diver\u00adse ser\u00advi\u00adcii de con\u00adsi\u00adli\u00ade\u00adre, pre\u00adcum \u0219i date\u00adle de con\u00adtact rele\u00advan\u00adte.V\u0103 invi\u00adt\u0103m cu drag s\u0103 con\u00adtac\u00adta\u021bi direct orga\u00adni\u00adza\u00ad\u021bi\u00adi\u00adle res\u00adpec\u00adti\u00adve pen\u00adtru a pri\u00admi spri\u00adji\u00adnul adec\u00advat. V\u0103 rug\u0103m s\u0103 nu ezi\u00adta\u021bi s\u0103 ne con\u00adtac\u00adta\u021bi dac\u0103: \u2611\ufe0f orga\u00adni\u00adza\u00ad\u021bia dum\u00adne\u00ada\u00advoas\u00adtr\u0103 dore\u0219\u00adte s\u0103 se al\u0103\u00adtu\u00adre ali\u00adan\u00ad\u021bei\u2611\ufe0f dori\u021bi s\u0103 v\u0103 face\u021bi aso\u00adci\u00ada\u00ad\u021bia sau comu\u00adni\u00adta\u00adtea vizi\u00adbi\u00adl\u0103 pe plat\u00adfor\u00adma Ani\u00adKA.\u2611\ufe0f dori\u021bi s\u0103 publi\u00adca\u021bi o ofer\u00adt\u0103 sau un eve\u00adni\u00adment pe Ani\u00adKA\u2611\ufe0f dori\u021bi\u2026<\/p>\n","category_list_v2":"","author_info_v2":{"name":"Andrea Ramirez","url":"https:\/\/www.anika-net.de\/ro\/author\/andrea-ramirez\/"},"comments_num_v2":"0 comments","uagb_featured_image_src":{"full":false,"thumbnail":false,"medium":false,"medium_large":false,"large":false,"1536x1536":false,"2048x2048":false,"event-overview":false,"event-archive-thumb":false,"grid-item-thumbnail":false,"network-partner-icon":false,"organiser-icon":false,"gform-image-choice-sm":false,"gform-image-choice-md":false,"gform-image-choice-lg":false},"uagb_author_info":{"display_name":"Andrea Ramirez","author_link":"https:\/\/www.anika-net.de\/ro\/author\/andrea-ramirez\/"},"uagb_comment_info":0,"uagb_excerpt":"Ani\u00adKA \u2014 Anko\u00adm\u00admen \u00een Karl\u00adsru\u00adhe nu este un cen\u00adtru de con\u00adsi\u00adli\u00ade\u00adre \u00een sine, ci o plat\u00adfor\u00adm\u0103 de infor\u00adma\u00adre pen\u00adtru (noii) imi\u00adgran\u021bi din Karl\u00adsru\u00adhe.Aici ve\u021bi g\u0103si o pre\u00adzen\u00adta\u00adre gene\u00adra\u00adl\u0103 a mai&nbsp;Citi\u021bi mai mult","_links":{"self":[{"href":"https:\/\/www.anika-net.de\/ro\/wp-json\/wp\/v2\/pages\/15001","targetHints":{"allow":["GET"]}}],"collection":[{"href":"https:\/\/www.anika-net.de\/ro\/wp-json\/wp\/v2\/pages"}],"about":[{"href":"https:\/\/www.anika-net.de\/ro\/wp-json\/wp\/v2\/types\/page"}],"author":[{"embeddable":true,"href":"https:\/\/www.anika-net.de\/ro\/wp-json\/wp\/v2\/users\/12"}],"replies":[{"embeddable":true,"href":"https:\/\/www.anika-net.de\/ro\/wp-json\/wp\/v2\/comments?post=15001"}],"version-history":[{"count":2,"href":"https:\/\/www.anika-net.de\/ro\/wp-json\/wp\/v2\/pages\/15001\/revisions"}],"predecessor-version":[{"id":59522,"href":"https:\/\/www.anika-net.de\/ro\/wp-json\/wp\/v2\/pages\/15001\/revisions\/59522"}],"wp:attachment":[{"href":"https:\/\/www.anika-net.de\/ro\/wp-json\/wp\/v2\/media?parent=15001"}],"curies":[{"name":"wp","href":"https:\/\/api.w.org\/{rel}","templated":true}]}}