{"id":14970,"date":"2021-05-21T14:16:52","date_gmt":"2021-05-21T12:16:52","guid":{"rendered":"https:\/\/www.anika-net.de\/sosirea\/copii-si-familie\/childcare-for-pre-school-children\/"},"modified":"2023-05-24T12:25:06","modified_gmt":"2023-05-24T10:25:06","slug":"parinti-cu-copii-intre-varstele-de-la-zero-la-sase-ani","status":"publish","type":"page","link":"https:\/\/www.anika-net.de\/ro\/sosirea\/copii-si-familie\/parinti-cu-copii-intre-varstele-de-la-zero-la-sase-ani\/","title":{"rendered":"P\u0103rin\u021bi cu copii de p\u00e2n\u0103 la \u0219ase&nbsp;ani"},"content":{"rendered":"\n<p>The <strong>\n  <a href=\"https:\/\/www.karlsruhe.de\/securedl\/sdl-eyJ0eXAiOiJKV1QiLCJhbGciOiJIUzI1NiJ9.eyJpYXQiOjE2NzkzOTcyNjIsImV4cCI6MzMyMTc2MjY0NTYsInVzZXIiOjAsImdyb3VwcyI6WzAsLTFdLCJmaWxlIjoiZmlsZWFkbWluL3VzZXJfdXBsb2FkLzAyX0JpbGR1bmdfU296aWFsZXMvT0VBX1NKQl9QREZfRGF0ZWllbi9CdVAvS2lCdWUvU3RhZHRfS2FybHNydWhlX0ZhbHRibGF0dF9TdGFydHB1bmt0X0VsdGVybmNhZmVzLnBkZiIsInBhZ2UiOjEwMDl9.oydYQ-_-RKo7nKf3qMMZN819l5lvkyF7mlOvUO5C6rk\/Stadt_Karlsruhe_Faltblatt_Startpunkt_Elterncafes.pdf\" rel=\"noopener\">Star\u00adtpu\u00adn\u00adkt-Eltern\u00adca\u00adf\u00e9s<\/a>\n<\/strong> ofe\u00adr\u0103 o <strong>cafe\u00adnea des\u00adchi\u00ads\u0103 pen\u00adtru p\u0103rin\u021bi pen\u00adtru to\u021bi vii\u00adto\u00adrii p\u0103rin\u021bi \u0219i fami\u00adli\u00adi\u00adle cu bebe\u00adlu\u0219i \u0219i copii mici<\/strong>. Aici v\u0103 pute\u021bi \u00eent\u00e2l\u00adni cu al\u021bi p\u0103rin\u021bi \u0219i spe\u00adcia\u00adli\u0219ti \u00een edu\u00adca\u00ad\u021bie \u0219i pute\u021bi afla infor\u00adma\u00ad\u021bii des\u00adpre acti\u00advi\u00adt\u0103\u00ad\u021bi\u00adle \u0219i ser\u00advi\u00adci\u00adi\u00adle pen\u00adtru bebe\u00adlu\u0219i \u0219i copii&nbsp;mici.<\/p>\n\n<p><strong>Gr\u0103\u00addi\u00adni\u00ad\u021b\u0103 pen\u00adtru copii pre\u0219colari<\/strong><\/p>\n\n<p>\u00cen Ger\u00adma\u00adnia, copi\u00adii nu sunt obli\u00adga\u021bi prin lege s\u0103 frec\u00adven\u00adte\u00adze <strong>un cen\u00adtru de \u00eengri\u00adji\u00adre de zi (pres\u00adcur\u00adta\u00adre: Kita)<\/strong>. Cu toa\u00adte aces\u00adtea, este foar\u00adte reco\u00adman\u00addat, deo\u00ada\u00adre\u00adce copi\u00adlul dum\u00adne\u00ada\u00advoas\u00adtr\u0103 va \u00eenv\u0103\u00ad\u021ba mult mai repe\u00adde lim\u00adba. Pe por\u00adta\u00adlul Karl\u00adsru\u00adhe Kita g\u0103si\u021bi o pre\u00adzen\u00adta\u00adre gene\u00adra\u00adl\u0103 a ser\u00advi\u00adci\u00adi\u00adlor de \u00eengri\u00adji\u00adre a copi\u00adi\u00adlor cu v\u00e2r\u00adste cuprin\u00adse \u00eentre 1 \u0219i 6 ani: <a href=\"https:\/\/kitaportal.karlsruhe.de\/\" target=\"_blank\" rel=\"noreferrer noopener\">https:\/\/kitaportal.karlsruhe.de\/<\/a>.<\/p>\n\n<p>\u00cen pre\u00adzent, tre\u00adbu\u00adie s\u0103 pl\u0103ti\u021bi o <strong>con\u00adtri\u00adbu\u00ad\u021bie paren\u00adta\u00adl\u0103<\/strong> dac\u0103 copi\u00adlul dum\u00adne\u00ada\u00advoas\u00adtr\u0103 frec\u00adven\u00adtea\u00adz\u0103 o Kita. Aceas\u00adt\u0103 con\u00adtri\u00adbu\u00ad\u021bie depin\u00adde de veni\u00adtul dumneavoastr\u0103.<\/p>\n\n<p>V\u0103 rug\u0103m s\u0103 con\u00adtac\u00adta\u021bi <em>Ser\u00advi\u00adces\u00adte\u00adl\u00adle Kin\u00adder\u00adta\u00adges\u00adbe\u00adtre\u00aduung<\/em> (cen\u00adtrul de ser\u00advi\u00adcii de \u00eengri\u00adji\u00adre de zi) <strong>dac\u0103 ave\u021bi \u00eentre\u00adb\u0103ri cu pri\u00advi\u00adre la \u00eenscri\u00ade\u00adrea copi\u00adlu\u00adlui dum\u00adne\u00ada\u00advoas\u00adtr\u0103 \u00eentr\u2011o Kita<\/strong>:<\/p>\n\n<p><strong>Ser\u00advi\u00adces\u00adte\u00adl\u00adle Kin\u00adder\u00adta\u00adges\u00adbe\u00adtre\u00aduung<\/strong><br>Tel.: +49 (0)721 133 \u20115566<br>Ore\u00adle de con\u00adsul\u00adta\u00ad\u021bii tele\u00adfo\u00adni\u00adce: Luni 09:00 \u2014 12:00, Mier\u00adcuri 09:00 \u2014 12:00<br><a href=\"mailto:service@kita.karlsruhe.de\" data-type=\"URL\" target=\"_blank\" rel=\"noreferrer noopener\">service@kita.karlsruhe.de<\/a><\/p>\n\n<p>Nu c\u00e2\u0219ti\u00adga\u021bi sufi\u00adcient pen\u00adtru a pl\u0103ti con\u00adtri\u00adbu\u00ad\u021bia paren\u00adta\u00adl\u0103? \u00cen acest caz, pute\u021bi <strong>soli\u00adci\u00adta o sub\u00adven\u00ad\u021bie pen\u00adtru con\u00adtri\u00adbu\u00ad\u021bia dum\u00adne\u00ada\u00advoas\u00adtr\u0103<\/strong>. Afla\u021bi mai mul\u00adte la: <a href=\"https:\/\/www.karlsruhe.de\/b3\/soziales\/einrichtungen\/wjh\/wjh_foerderung.de\" target=\"_blank\" data-type=\"URL\" data-id=\"https:\/\/www.karlsruhe.de\/b3\/soziales\/einrichtungen\/wjh\/wjh_foerderung.de\" rel=\"noreferrer noopener\">https:\/\/www.karlsruhe.de\/b3\/soziales\/einrichtungen\/wjh\/wjh_foerderung.de<\/a><\/p>\n\n<p><strong>Sfa\u00adturi pri\u00advind \u00eengri\u00adji\u00adrea de zi pen\u00adtru copii&nbsp;mici<\/strong><\/p>\n\n<p><strong>Pro\u00adgra\u00admul Kita Entry (Kita-Ein\u00adsti\u00adeg)<\/strong> con\u00adsi\u00adli\u00ada\u00adz\u0103 \u0219i infor\u00admea\u00adz\u0103 p\u0103rin\u00ad\u021bii cu pri\u00advi\u00adre la \u00eengri\u00adji\u00adrea copi\u00adi\u00adlor \u0219i \u00eenre\u00adgis\u00adtra\u00adrea copi\u00adi\u00adlor la o Kita: <a href=\"https:\/\/www.karlsruhe.de\/b3\/soziales\/einrichtungen\/kinderbuero\/kita-einstieg.de\" target=\"_blank\" rel=\"noreferrer noopener\">https:\/\/www.karlsruhe.de\/b3\/soziales\/einrichtungen\/kinderbuero\/kita-einstieg.de<\/a><\/p>\n\n<p><strong>Ghi\u00addu\u00adri\u00adle<\/strong> mul\u00adti\u00adling\u00adve Kita <strong>(Kita-Lot\u00adsin\u00adnen<\/strong> ) sunt dis\u00adpo\u00adni\u00adbi\u00adle pen\u00adtru a v\u0103 aju\u00adta s\u0103 v\u0103 \u00eenscri\u00ade\u021bi copi\u00adii la Kita \u0219i pen\u00adtru a v\u0103 pune \u00een leg\u0103\u00adtu\u00adr\u0103 cu alte acti\u00advi\u00adt\u0103\u021bi \u0219i ser\u00advi\u00adcii: <a href=\"https:\/\/www.karlsruhe.de\/b3\/soziales\/einrichtungen\/kindertagesstaetten\/info-service.de\" target=\"_blank\" rel=\"noreferrer noopener\">https:\/\/www.karlsruhe.de\/b3\/soziales\/einrichtungen\/kindertagesstaetten\/info-service.de<\/a>.<\/p>\n","protected":false},"excerpt":{"rendered":"<p>The Sta\u00adr\u00ad\u00adtpu\u00ad\u00adn\u00ad\u00adkt-Elter\u00adn\u00ad\u00adca\u00ad\u00ad\u00adf\u00e9s ofe\u00adr\u0103 o cafe\u00adnea des\u00adchi\u00ads\u0103 pen\u00adtru p\u0103rin\u021bi pen\u00adtru to\u021bi vii\u00adto\u00adrii p\u0103rin\u021bi \u0219i fami\u00adli\u00adi\u00adle cu bebe\u00adlu\u0219i \u0219i copii mici. Aici v\u0103 pute\u021bi \u00eent\u00e2l\u00adni cu al\u021bi p\u0103rin\u021bi \u0219i spe\u00adcia\u00adli\u0219ti \u00een edu\u00adca\u00ad\u021bie&nbsp;<a class=\"moretag\" href=\"https:\/\/www.anika-net.de\/ro\/sosirea\/copii-si-familie\/parinti-cu-copii-intre-varstele-de-la-zero-la-sase-ani\/\">Citi\u021bi mai&nbsp;mult<\/a><\/p>\n","protected":false},"author":1,"featured_media":0,"parent":14968,"menu_order":0,"comment_status":"closed","ping_status":"closed","template":"","meta":{"_acf_changed":false,"inline_featured_image":false,"_uag_custom_page_level_css":"","wp_typography_post_enhancements_disabled":false,"footnotes":""},"class_list":["post-14970","page","type-page","status-publish","hentry"],"acf":[],"featured_image_urls_v2":{"full":"","thumbnail":"","medium":"","medium_large":"","large":"","1536x1536":"","2048x2048":"","event-overview":"","event-archive-thumb":"","grid-item-thumbnail":"","network-partner-icon":"","organiser-icon":"","gform-image-choice-sm":"","gform-image-choice-md":"","gform-image-choice-lg":""},"post_excerpt_stackable_v2":"<p>The Sta\u00adr\u00ad\u00adtpu\u00ad\u00adn\u00ad\u00adkt-Elter\u00adn\u00ad\u00adca\u00ad\u00ad\u00adf\u00e9s ofe\u00adr\u0103 o cafe\u00adnea des\u00adchi\u00ads\u0103 pen\u00adtru p\u0103rin\u021bi pen\u00adtru to\u021bi vii\u00adto\u00adrii p\u0103rin\u021bi \u0219i fami\u00adli\u00adi\u00adle cu bebe\u00adlu\u0219i \u0219i copii mici. Aici v\u0103 pute\u021bi \u00eent\u00e2l\u00adni cu al\u021bi p\u0103rin\u021bi \u0219i spe\u00adcia\u00adli\u0219ti \u00een edu\u00adca\u00ad\u021bie \u0219i pute\u021bi afla infor\u00adma\u00ad\u021bii des\u00adpre acti\u00advi\u00adt\u0103\u00ad\u021bi\u00adle \u0219i ser\u00advi\u00adci\u00adi\u00adle pen\u00adtru bebe\u00adlu\u0219i \u0219i copii&nbsp;mici. Gr\u0103\u00addi\u00adni\u00ad\u021b\u0103 pen\u00adtru copii pre\u00ad\u0219\u00adco\u00adlari \u00cen Ger\u00adma\u00adnia, copi\u00adii nu sunt obli\u00adga\u021bi prin lege s\u0103 frec\u00adven\u00adte\u00adze un cen\u00adtru de \u00eengri\u00adji\u00adre de zi (pres\u00adcur\u00adta\u00adre: Kita). Cu toa\u00adte aces\u00adtea, este foar\u00adte reco\u00adman\u00addat, deo\u00ada\u00adre\u00adce copi\u00adlul dum\u00adne\u00ada\u00advoas\u00adtr\u0103 va \u00eenv\u0103\u00ad\u021ba mult mai repe\u00adde lim\u00adba. Pe por\u00adta\u00adlul Karl\u00adsru\u00adhe Kita g\u0103si\u021bi o pre\u00adzen\u00adta\u00adre gene\u00adra\u00adl\u0103 a ser\u00advi\u00adci\u00adi\u00adlor de \u00eengri\u00adji\u00adre a copi\u00adi\u00adlor cu v\u00e2r\u00adste cuprin\u00adse \u00eentre 1 \u0219i&nbsp;6\u2026<\/p>\n","category_list_v2":"","author_info_v2":{"name":"saasweb-admin","url":"https:\/\/www.anika-net.de\/ro\/author\/saasweb-admin\/"},"comments_num_v2":"0 comments","uagb_featured_image_src":{"full":false,"thumbnail":false,"medium":false,"medium_large":false,"large":false,"1536x1536":false,"2048x2048":false,"event-overview":false,"event-archive-thumb":false,"grid-item-thumbnail":false,"network-partner-icon":false,"organiser-icon":false,"gform-image-choice-sm":false,"gform-image-choice-md":false,"gform-image-choice-lg":false},"uagb_author_info":{"display_name":"saasweb-admin","author_link":"https:\/\/www.anika-net.de\/ro\/author\/saasweb-admin\/"},"uagb_comment_info":0,"uagb_excerpt":"The Star\u00adtpu\u00adn\u00adkt-Eltern\u00adca\u00adf\u00e9s ofe\u00adr\u0103 o cafe\u00adnea des\u00adchi\u00ads\u0103 pen\u00adtru p\u0103rin\u021bi pen\u00adtru to\u021bi vii\u00adto\u00adrii p\u0103rin\u021bi \u0219i fami\u00adli\u00adi\u00adle cu bebe\u00adlu\u0219i \u0219i copii mici. Aici v\u0103 pute\u021bi \u00eent\u00e2l\u00adni cu al\u021bi p\u0103rin\u021bi \u0219i spe\u00adcia\u00adli\u0219ti \u00een edu\u00adca\u00ad\u021bie&nbsp;Citi\u021bi mai mult","_links":{"self":[{"href":"https:\/\/www.anika-net.de\/ro\/wp-json\/wp\/v2\/pages\/14970","targetHints":{"allow":["GET"]}}],"collection":[{"href":"https:\/\/www.anika-net.de\/ro\/wp-json\/wp\/v2\/pages"}],"about":[{"href":"https:\/\/www.anika-net.de\/ro\/wp-json\/wp\/v2\/types\/page"}],"author":[{"embeddable":true,"href":"https:\/\/www.anika-net.de\/ro\/wp-json\/wp\/v2\/users\/1"}],"replies":[{"embeddable":true,"href":"https:\/\/www.anika-net.de\/ro\/wp-json\/wp\/v2\/comments?post=14970"}],"version-history":[{"count":0,"href":"https:\/\/www.anika-net.de\/ro\/wp-json\/wp\/v2\/pages\/14970\/revisions"}],"up":[{"embeddable":true,"href":"https:\/\/www.anika-net.de\/ro\/wp-json\/wp\/v2\/pages\/14968"}],"wp:attachment":[{"href":"https:\/\/www.anika-net.de\/ro\/wp-json\/wp\/v2\/media?parent=14970"}],"curies":[{"name":"wp","href":"https:\/\/api.w.org\/{rel}","templated":true}]}}