{"id":62726,"date":"2025-06-23T11:44:48","date_gmt":"2025-06-23T09:44:48","guid":{"rendered":"https:\/\/www.anika-net.de\/zloz-wniosek-o-wymiane-zagranicznego-prawa-jazdy\/"},"modified":"2025-06-23T11:44:49","modified_gmt":"2025-06-23T09:44:49","slug":"zloz-wniosek-o-wymiane-zagranicznego-prawa-jazdy","status":"publish","type":"page","link":"https:\/\/www.anika-net.de\/pl\/zloz-wniosek-o-wymiane-zagranicznego-prawa-jazdy\/","title":{"rendered":"Z\u0142\u00f3\u017c wnio\u00adsek o wymia\u00adn\u0119 zagra\u00adnicz\u00adne\u00adgo pra\u00adwa&nbsp;jazdy"},"content":{"rendered":"\n<p>Prze\u00adpro\u00adwa\u00addzasz si\u0119 do Nie\u00admiec i posia\u00addasz ju\u017c pra\u00adwo jaz\u00addy z inne\u00adgo kra\u00adju?<br>Je\u015bli pla\u00adnu\u00adjesz miesz\u00adka\u0107 w Niem\u00adczech przez d\u0142u\u017c\u00adszy czas \u2014 tj. co naj\u00admniej <strong>185 dni w roku<\/strong> z powo\u00add\u00f3w oso\u00adbi\u00adstych lub zawo\u00addo\u00adwych \u2014 Two\u00adje zagra\u00adnicz\u00adne pra\u00adwo jaz\u00addy zacho\u00adwu\u00adje wa\u017c\u00adno\u015b\u0107 <strong>przez okres do sze\u00ad\u015bciu mie\u00adsi\u0119\u00adcy<\/strong> po roz\u00adpo\u00adcz\u0119\u00adciu poby\u00adtu.<br><br>Po tym okre\u00adsie b\u0119dziesz musia\u0142 z\u0142o\u00ad\u017cy\u0107 wnio\u00adsek <strong>o wymia\u00adn\u0119 zagra\u00adnicz\u00adne\u00adgo pra\u00adwa jaz\u00addy<\/strong><em data-start=\"646\" data-end=\"694\">(Umschre\u00adibung einer ausl\u00e4n\u00addi\u00adschen Fah\u00adrer\u00adlaub\u00adnis<\/em>), aby nadal legal\u00adnie pro\u00adwa\u00addzi\u0107 pojazd w Niemczech.<\/p>\n\n<p>\u26a0\ufe0f <strong>Uwa\u00adga: <\/strong>Dok\u0142ad\u00adne wyma\u00adga\u00adnia i pro\u00adce\u00addu\u00adry mog\u0105 si\u0119 r\u00f3\u017c\u00adni\u0107 w zale\u017c\u00adno\u00ad\u015bci od kra\u00adju, kt\u00f3\u00adry wyda\u0142 licencj\u0119.<\/p>\n\n<h2 class=\"wp-block-heading\">\ud83d\udcdd <strong>Jak z\u0142o\u00ad\u017cy\u0107 wnio\u00adsek o wymia\u00adn\u0119 zagra\u00adnicz\u00adne\u00adgo pra\u00adwa jaz\u00addy w Karlsruhe?<\/strong><\/h2>\n\n<p>Wnio\u00adsek nale\u00ad\u017cy z\u0142o\u00ad\u017cy\u0107 w <strong>F\u00fch\u00adrer\u00adsche\u00adin\u00adstel\u00adle<\/strong> (urz\u0105d ds. pra\u00adwa jaz\u00addy) w <strong>cen\u00adtrum obs\u0142u\u00adgi samo\u00adcho\u00add\u00f3w i ruchu dro\u00adgo\u00adwe\u00adgo<\/strong> w Karls\u00adru\u00adhe.<br><br><strong>F\u00fch\u00adrer\u00adsche\u00adin\u00adstel\u00adle Karls\u00adru\u00adhe<\/strong> (Cen\u00adtrum obs\u0142u\u00adgi samo\u00adcho\u00add\u00f3w i ruchu dro\u00adgo\u00adwe\u00adgo: Biu\u00adro praw jaz\u00addy)<br>\ud83d\udccd Ste\u00adin\u00adh\u00e4u\u00adserstr. 22, 76133 Karls\u00adru\u00adhe <br><strong>\ud83d\udcde<\/strong> 115 <br>\ud83d\udce7 fuehrerscheinstelle@oa.karlsruhe.de<br><strong> <a href=\"https:\/\/stadt-karlsruhe.saas.smartcjm.com\/m\/stadt-karlsruhe-sva\/extern\/calendar\/?uid=66382925-1268-4d1c-97e4-0dcd2f351d98\" target=\"_blank\" rel=\"noreferrer noopener\"><strong>Spo\u00adtka\u00adnie onli\u00adne w biu\u00adrze pra\u00adwa&nbsp;jazdy<\/strong><\/a><\/strong><\/p>\n\n<details class=\"wp-block-stackable-accordion stk-block-accordion stk-inner-blocks stk-block-content stk-block stk-4fc54dc is-style-plain\" data-block-id=\"4fc54dc\"><style>.stk-4fc54dc {border-style:solid !important;border-color:#dfdad1 !important;border-top-width:0px !important;border-right-width:0px !important;border-bottom-width:1px !important;border-left-width:0px !important;padding-bottom:24px !important;}<\/style>\n<summary class=\"wp-block-stackable-column stk-block-column stk-column stk-block stk-d643032 stk--container-small stk-block-accordion__heading\" data-v=\"4\" data-block-id=\"d643032\"><div class=\"stk-column-wrapper stk-block-column__content stk-container stk-d643032-container stk--no-background stk--no-padding\"><div class=\"stk-block-content stk-inner-blocks stk-d643032-inner-blocks\">\n<div class=\"wp-block-stackable-icon-label stk-block-icon-label stk-block stk-50d8829\" data-block-id=\"50d8829\"><div class=\"stk-row stk-inner-blocks stk-block-content\">\n<div class=\"wp-block-stackable-heading stk-block-heading stk-block-heading--v2 stk-block stk-0bf51c1\" id=\"span-style-color-0-e-8-b-79-class-stk-highlight-application-for-transfer-of-foreign-driving-licence-strong-online-application-with-postal-delivery-strong-span\" data-block-id=\"0bf51c1\"><h4 class=\"stk-block-heading__text\"><span style=\"color: #0e8b79;\" class=\"stk-highlight\">Wnio\u00adsek o prze\u00adnie\u00adsie\u00adnie zagra\u00adnicz\u00adne\u00adgo pra\u00adwa jaz\u00addy <strong>(wnio\u00adsek onli\u00adne z prze\u00adsy\u0142\u00adk\u0105 pocztow\u0105)<\/strong><\/span><\/h4><\/div>\n\n\n\n<div class=\"wp-block-stackable-icon stk-block-icon stk-block stk-78a7cff\" data-block-id=\"78a7cff\"><span class=\"stk--svg-wrapper\"><div class=\"stk--inner-svg\"><svg style=\"height:0;width:0\"><defs><linearGradient id=\"linear-gradient-78a7cff\" x1=\"0\" x2=\"100%\" y1=\"0\" y2=\"0\"><stop offset=\"0%\" style=\"stop-opacity:1;stop-color:var(--linear-gradient-78-a-7-cff-color-1)\" \/><stop offset=\"100%\" style=\"stop-opacity:1;stop-color:var(--linear-gradient-78-a-7-cff-color-2)\" \/><\/linearGradient><\/defs><\/svg><svg data-prefix=\"fas\" data-icon=\"chevron-down\" class=\"svg-inline--fa fa-chevron-down fa-w-14\" viewBox=\"0 0 448 512\" aria-hidden=\"true\" width=\"32\" height=\"32\"><path fill=\"currentColor\" d=\"M207.029 381.476L12.686 187.132c-9.373-9.373-9.373-24.569 0-33.941l22.667-22.667c9.357-9.357 24.522-9.375 33.901-.04L224 284.505l154.745-154.021c9.379-9.335 24.544-9.317 33.901.04l22.667 22.667c9.373 9.373 9.373 24.569 0 33.941L240.971 381.476c-9.373 9.372-24.569 9.372-33.942 0z\" \/><\/svg><\/div><\/span><\/div>\n<\/div><\/div>\n<\/div><\/div><\/summary>\n\n\n\n<div class=\"wp-block-stackable-column stk-block-column stk-column stk-block stk-fa0c9da stk-block-accordion__content\" data-v=\"4\" data-block-id=\"fa0c9da\"><style>.stk-fa0c9da-container{padding-top:0px !important;padding-right:0px !important;padding-bottom:0px !important;padding-left:0px !important;}<\/style><div class=\"stk-column-wrapper stk-block-column__content stk-container stk-fa0c9da-container stk--no-background stk--no-padding\"><div class=\"stk-block-content stk-inner-blocks stk-fa0c9da-inner-blocks\">\n<div class=\"wp-block-stackable-text stk-block-text stk-block stk-e267aed\" data-block-id=\"e267aed\"><p class=\"stk-block-text__text\">Wnio\u00adsek o <strong>wyda\u00adnie pra\u00adwa jaz\u00addy wype\u0142\u00adnia si\u0119 onli\u00adne<\/strong>, a nast\u0119p\u00adnie nale\u00ad\u017cy go wydru\u00adko\u00adwa\u0107 i <strong>pod\u00adpi\u00adsa\u0107<\/strong> na stro\u00adnie \u270d\ud83c\udffc. Ozna\u00adcza to, \u017ce po zako\u0144\u00adcze\u00adniu tego pro\u00adce\u00adsu nale\u00ad\u017cy wydru\u00adko\u00adwa\u0107 wyge\u00adne\u00adro\u00adwa\u00adny for\u00admu\u00adlarz wnio\u00adsku i prze\u00ads\u0142a\u0107 go pocz\u00adt\u0105 \ud83d\udcec wraz ze wszyst\u00adki\u00admi wyma\u00adga\u00adny\u00admi doku\u00admen\u00adta\u00admi lub wrzu\u00adci\u0107 do skrzyn\u00adki pocz\u00adto\u00adwej (\ud83d\udccd <strong>Ste\u00adin\u00adh\u00e4u\u00adserstr. 22<\/strong>).<br><br><strong><a href=\"https:\/\/pdf.form-solutions.net\/metaform\/Form-Solutions\/?14&amp;releaseUserId=08212000-0001-0000&amp;releaseID=6064511519a7954cec6dfcaf&amp;releaseOrganizationID=08212000-0001&amp;assistant=AS_122004&amp;translation=false&amp;storable=true&amp;fileUrl=https%253A%252F%252Fpdf.form-solutions.net%252Fmetaform%252FForm-Solutions%252Fsid%252Fassistant%252F6064511519a7954cec6dfcaf&amp;oID=22222222-2222&amp;kdnr=08212000-0001\" rel=\"noopener\">Apli\u00adka\u00adcja online<\/a><\/strong><\/p><\/div>\n<\/div><\/div><\/div>\n<\/details>\n\n<details class=\"wp-block-stackable-accordion stk-block-accordion stk-inner-blocks stk-block-content stk-block stk-81a566a is-style-plain\" data-block-id=\"81a566a\"><style>.stk-81a566a {border-style:solid !important;border-color:#dfdad1 !important;border-top-width:0px !important;border-right-width:0px !important;border-bottom-width:1px !important;border-left-width:0px !important;padding-bottom:24px !important;}<\/style>\n<summary class=\"wp-block-stackable-column stk-block-column stk-column stk-block stk-fe9f67e stk--container-small stk-block-accordion__heading\" data-v=\"4\" data-block-id=\"fe9f67e\"><div class=\"stk-column-wrapper stk-block-column__content stk-container stk-fe9f67e-container stk--no-background stk--no-padding\"><div class=\"stk-block-content stk-inner-blocks stk-fe9f67e-inner-blocks\">\n<div class=\"wp-block-stackable-icon-label stk-block-icon-label stk-block stk-a6079bd\" data-block-id=\"a6079bd\"><div class=\"stk-row stk-inner-blocks stk-block-content\">\n<div class=\"wp-block-stackable-heading stk-block-heading stk-block-heading--v2 stk-block stk-a8f7936\" id=\"span-style-color-0-e-8-b-79-class-stk-highlight-application-to-replace-or-change-a-driving-licence-eu-driving-licence-update-personal-data-strong-online-application-with-postal-delivery-strong-span\" data-block-id=\"a8f7936\"><h4 class=\"stk-block-heading__text\"><span style=\"color: #0e8b79;\" class=\"stk-highlight\">Wnio\u00adsek o wymia\u00adn\u0119 lub zmia\u00adn\u0119 pra\u00adwa jaz\u00addy (pra\u00adwo jaz\u00addy UE) \/ aktu\u00adali\u00adza\u00adcj\u0119 danych oso\u00adbo\u00adwych <strong>(wnio\u00adsek onli\u00adne z prze\u00adsy\u0142\u00adk\u0105 pocz\u00adto\u00adw\u0105<\/strong>)<\/span><\/h4><\/div>\n\n\n\n<div class=\"wp-block-stackable-icon stk-block-icon stk-block stk-94df639\" data-block-id=\"94df639\"><span class=\"stk--svg-wrapper\"><div class=\"stk--inner-svg\"><svg style=\"height:0;width:0\"><defs><linearGradient id=\"linear-gradient-94df639\" x1=\"0\" x2=\"100%\" y1=\"0\" y2=\"0\"><stop offset=\"0%\" style=\"stop-opacity:1;stop-color:var(--linear-gradient-94-df-639-color-1)\" \/><stop offset=\"100%\" style=\"stop-opacity:1;stop-color:var(--linear-gradient-94-df-639-color-2)\" \/><\/linearGradient><\/defs><\/svg><svg data-prefix=\"fas\" data-icon=\"chevron-down\" class=\"svg-inline--fa fa-chevron-down fa-w-14\" viewBox=\"0 0 448 512\" aria-hidden=\"true\" width=\"32\" height=\"32\"><path fill=\"currentColor\" d=\"M207.029 381.476L12.686 187.132c-9.373-9.373-9.373-24.569 0-33.941l22.667-22.667c9.357-9.357 24.522-9.375 33.901-.04L224 284.505l154.745-154.021c9.379-9.335 24.544-9.317 33.901.04l22.667 22.667c9.373 9.373 9.373 24.569 0 33.941L240.971 381.476c-9.373 9.372-24.569 9.372-33.942 0z\" \/><\/svg><\/div><\/span><\/div>\n<\/div><\/div>\n<\/div><\/div><\/summary>\n\n\n\n<div class=\"wp-block-stackable-column stk-block-column stk-column stk-block stk-f3d45bb stk-block-accordion__content\" data-v=\"4\" data-block-id=\"f3d45bb\"><style>.stk-f3d45bb-container{padding-top:0px !important;padding-right:0px !important;padding-bottom:0px !important;padding-left:0px !important;}<\/style><div class=\"stk-column-wrapper stk-block-column__content stk-container stk-f3d45bb-container stk--no-background stk--no-padding\"><div class=\"stk-block-content stk-inner-blocks stk-f3d45bb-inner-blocks\">\n<div class=\"wp-block-stackable-text stk-block-text stk-block stk-5b773d1\" data-block-id=\"5b773d1\"><p class=\"stk-block-text__text\"><strong>Wnio\u00adsek o wyda\u00adnie pra\u00adwa jaz\u00addy wype\u0142\u00adnia si\u0119 onli\u00adne<\/strong>, a nast\u0119p\u00adnie nale\u00ad\u017cy go wydru\u00adko\u00adwa\u0107 i pod\u00adpi\u00adsa\u0107. \u270d\ud83c\udffc <strong>pod\u00adpi\u00adsa\u00adny<\/strong>. Ozna\u00adcza to, \u017ce po zako\u0144\u00adcze\u00adniu tego pro\u00adce\u00adsu nale\u00ad\u017cy wydru\u00adko\u00adwa\u0107 wyge\u00adne\u00adro\u00adwa\u00adny for\u00admu\u00adlarz wnio\u00adsku i prze\u00ads\u0142a\u0107 go pocz\u00adt\u0105 \ud83d\udcec wraz ze wszyst\u00adki\u00admi wyma\u00adga\u00adny\u00admi doku\u00admen\u00adta\u00admi lub wrzu\u00adci\u0107 go do skrzyn\u00adki pocz\u00adto\u00adwej (\ud83d\udccd <strong>Ste\u00adin\u00adh\u00e4u\u00adserstr. 22<\/strong>).<br><br><strong><a href=\"https:\/\/pdf.form-solutions.net\/metaform\/Form-Solutions\/?11&amp;releaseUserId=08212000-0001-0000&amp;releaseID=601b9a6eefce8771692bd7e2&amp;releaseOrganizationID=08212000-0001&amp;assistant=AS_122009&amp;translation=false&amp;storable=true&amp;fileUrl=https%253A%252F%252Fpdf.form-solutions.net%252Fmetaform%252FForm-Solutions%252Fsid%252Fassistant%252F601b9a6eefce8771692bd7e2&amp;oID=22222222-2222&amp;kdnr=08212000-0001\" rel=\"noopener\">Apli\u00adka\u00adcja online<\/a><\/strong><\/p><\/div>\n<\/div><\/div><\/div>\n<\/details>\n\n<details class=\"wp-block-stackable-accordion stk-block-accordion stk-inner-blocks stk-block-content stk-block stk-9bec341 is-style-default\" data-block-id=\"9bec341\">\n<summary class=\"wp-block-stackable-column stk-block-column stk-column stk-block stk-07bef31 stk--container-small stk-block-accordion__heading\" data-v=\"4\" data-block-id=\"07bef31\"><div class=\"stk-column-wrapper stk-block-column__content stk-container stk-07bef31-container stk-hover-parent\"><div class=\"stk-block-content stk-inner-blocks stk-07bef31-inner-blocks\">\n<div class=\"wp-block-stackable-icon-label stk-block-icon-label stk-block stk-3f94dc3\" data-block-id=\"3f94dc3\"><div class=\"stk-row stk-inner-blocks stk-block-content\">\n<div class=\"wp-block-stackable-heading stk-block-heading stk-block-heading--v2 stk-block stk-e42db40\" id=\"required-documents\" data-block-id=\"e42db40\"><h4 class=\"stk-block-heading__text\">Wyma\u00adga\u00adne dokumenty<\/h4><\/div>\n\n\n\n<div class=\"wp-block-stackable-icon stk-block-icon stk-block stk-a7ab741\" data-block-id=\"a7ab741\"><span class=\"stk--svg-wrapper\"><div class=\"stk--inner-svg\"><svg style=\"height:0;width:0\"><defs><linearGradient id=\"linear-gradient-a7ab741\" x1=\"0\" x2=\"100%\" y1=\"0\" y2=\"0\"><stop offset=\"0%\" style=\"stop-opacity:1;stop-color:var(--linear-gradient-a-7-ab-741-color-1)\" \/><stop offset=\"100%\" style=\"stop-opacity:1;stop-color:var(--linear-gradient-a-7-ab-741-color-2)\" \/><\/linearGradient><\/defs><\/svg><svg data-prefix=\"fas\" data-icon=\"chevron-down\" class=\"svg-inline--fa fa-chevron-down fa-w-14\" viewBox=\"0 0 448 512\" aria-hidden=\"true\" width=\"32\" height=\"32\"><path fill=\"currentColor\" d=\"M207.029 381.476L12.686 187.132c-9.373-9.373-9.373-24.569 0-33.941l22.667-22.667c9.357-9.357 24.522-9.375 33.901-.04L224 284.505l154.745-154.021c9.379-9.335 24.544-9.317 33.901.04l22.667 22.667c9.373 9.373 9.373 24.569 0 33.941L240.971 381.476c-9.373 9.372-24.569 9.372-33.942 0z\" \/><\/svg><\/div><\/span><\/div>\n<\/div><\/div>\n<\/div><\/div><\/summary>\n\n\n\n<div class=\"wp-block-stackable-column stk-block-column stk-column stk-block stk-2ef490e stk-block-accordion__content\" data-v=\"4\" data-block-id=\"2ef490e\"><div class=\"stk-column-wrapper stk-block-column__content stk-container stk-2ef490e-container stk--no-background stk--no-padding\"><div class=\"stk-block-content stk-inner-blocks stk-2ef490e-inner-blocks\">\n<ul class=\"wp-block-list\">\n<li>Wa\u017c\u00adne zagra\u00adnicz\u00adne pra\u00adwo jaz\u00addy (ory\u00adgi\u00adna\u0142) wraz z t\u0142u\u00adma\u00adcze\u00adniem (w przy\u00adpad\u00adku bra\u00adku UE\/EOG)<br>T\u0142u\u00adma\u00adcze\u00adnia s\u0105 dostar\u00adcza\u00adne przez uzna\u00adne automobilkluby.<\/li>\n\n\n\n<li>Wa\u017c\u00adny pasz\u00adport lub dow\u00f3d oso\u00adbi\u00adsty (kopia do pisem\u00adne\u00adgo wniosku)<\/li>\n\n\n\n<li>Dow\u00f3d zamiesz\u00adka\u00adnia w Karls\u00adru\u00adhe (np. <em>Mel\u00adde\u00adbe\u00adsche\u00adini\u00adgung<\/em>)<\/li>\n\n\n\n<li>Bio\u00adme\u00adtrycz\u00adne zdj\u0119\u00adcie paszportowe<\/li>\n\n\n\n<li><strong>W przy\u00adpad\u00adku pra\u00adwa jaz\u00addy UE-EOG<\/strong> i pra\u00adwa jaz\u00addy wyda\u00adne\u00adgo w jed\u00adnym z kra\u00adj\u00f3w wymie\u00adnio\u00adnych <strong>w<\/strong> <a href=\"https:\/\/www.gesetze-im-internet.de\/fev_2010\/anlage_11.html\" target=\"_blank\" rel=\"noreferrer noopener\"><strong>za\u0142\u0105cz\u00adni\u00adku 11 do roz\u00adpo\u00adrz\u0105\u00addze\u00adnia w spra\u00adwie praw jaz\u00addy<\/strong><\/a> wymie\u00adnio\u00adne pa\u0144\u00adstwa i kla\u00adsy, dodat\u00adko\u00adwo<br>\u2705 Za\u015bwiad\u00adcze\u00adnie lub opi\u00adnia bie\u00adg\u0142e\u00adgo na temat zdol\u00adno\u00ad\u015bci fizycz\u00adnych i psy\u00adchicz\u00adnych oraz<br>\u2705 Za\u015bwiad\u00adcze\u00adnie lub opi\u00adnia bie\u00adg\u0142e\u00adgo na temat wzroku.<\/li>\n<\/ul>\n\n\n\n<p>Przed\u00adsta\u00adwie\u00adnie tych za\u015bwiad\u00adcze\u0144 lub rapor\u00adt\u00f3w jest koniecz\u00adne tyl\u00adko w przy\u00adpad\u00adku, gdy wa\u017c\u00adno\u015b\u0107 pra\u00adwa jaz\u00addy kate\u00adgo\u00adrii C lub D (w tym przy\u00adcze\u00adpy i\/lub pod\u00adka\u00adte\u00adgo\u00adrii) musi zosta\u0107 prze\u00add\u0142u\u00ad\u017co\u00adna w tym samym cza\u00adsie, co wymiana.<\/p>\n\n\n\n<ul class=\"wp-block-list\">\n<li>w przy\u00adpad\u00adku <strong>pra\u00adwa jaz\u00addy spo\u00adza UE\/EOG<\/strong> nie\u00adwy\u00adda\u00adne\u00adgo na <strong>pod\u00adsta\u00adwie<\/strong> <a href=\"https:\/\/www.gesetze-im-internet.de\/fev_2010\/anlage_11.html\" target=\"_blank\" rel=\"noreferrer noopener\"><strong>Za\u0142\u0105cz\u00adnik 11 do roz\u00adpo\u00adrz\u0105\u00addze\u00adnia w spra\u00adwie praw jaz\u00addy<\/strong><\/a> jest wymie\u00adnio\u00adny, w zale\u017c\u00adno\u00ad\u015bci od kla\u00adsy, o kt\u00f3\u00adr\u0105 si\u0119 ubie\u00adga: dodat\u00adko\u00adwo<br>\u2705 Za\u015bwiad\u00adcze\u00adnie lub opi\u00adnia bie\u00adg\u0142e\u00adgo na temat zdol\u00adno\u00ad\u015bci fizycz\u00adnych i psy\u00adchicz\u00adnych<br>\u2705 Za\u015bwiad\u00adcze\u00adnie lub opi\u00adnia bie\u00adg\u0142e\u00adgo doty\u00adcz\u0105\u00adca wzro\u00adku lub za\u015bwiad\u00adcze\u00adnie o bada\u00adniu wzro\u00adku<br>\u2705 Dow\u00f3d prze\u00adszko\u00adle\u00adnia w zakre\u00adsie pierw\u00adszej pomo\u00adcy<br>\u2705 Dane szko\u00ad\u0142y nauki jaz\u00addy, ponie\u00adwa\u017c nale\u00ad\u017cy r\u00f3w\u00adnie\u017c przy\u00adst\u0105\u00adpi\u0107 do teo\u00adre\u00adtycz\u00adne\u00adgo i prak\u00adtycz\u00adne\u00adgo egza\u00admi\u00adnu na pra\u00adwo&nbsp;jazdy.<\/li>\n<\/ul>\n\n\n\n<p>\ud83d\udd0d W zale\u017c\u00adno\u00ad\u015bci od kra\u00adju wyda\u00adj\u0105\u00adce\u00adgo, koniecz\u00adne mo\u017ce by\u0107 r\u00f3w\u00adnie\u017c przy\u00adst\u0105\u00adpie\u00adnie do <strong>egza\u00admi\u00adnu teo\u00adre\u00adtycz\u00adne\u00adgo i\/lub prak\u00adtycz\u00adne\u00adgo<\/strong> na pra\u00adwo&nbsp;jazdy.<\/p>\n<\/div><\/div><\/div>\n<\/details>\n\n<details class=\"wp-block-stackable-accordion stk-block-accordion stk-inner-blocks stk-block-content stk-block stk-b8161ba is-style-default\" data-block-id=\"b8161ba\">\n<summary class=\"wp-block-stackable-column stk-block-column stk-column stk-block stk-c1bfe4a stk--container-small stk-block-accordion__heading\" data-v=\"4\" data-block-id=\"c1bfe4a\"><div class=\"stk-column-wrapper stk-block-column__content stk-container stk-c1bfe4a-container stk-hover-parent\"><div class=\"stk-block-content stk-inner-blocks stk-c1bfe4a-inner-blocks\">\n<div class=\"wp-block-stackable-icon-label stk-block-icon-label stk-block stk-3107a58\" data-block-id=\"3107a58\"><div class=\"stk-row stk-inner-blocks stk-block-content\">\n<div class=\"wp-block-stackable-heading stk-block-heading stk-block-heading--v2 stk-block stk-78d678f\" id=\"cos\" data-block-id=\"78d678f\"><h4 class=\"stk-block-heading__text\">Koszt<\/h4><\/div>\n\n\n\n<div class=\"wp-block-stackable-icon stk-block-icon stk-block stk-1029c3f\" data-block-id=\"1029c3f\"><span class=\"stk--svg-wrapper\"><div class=\"stk--inner-svg\"><svg style=\"height:0;width:0\"><defs><linearGradient id=\"linear-gradient-1029c3f\" x1=\"0\" x2=\"100%\" y1=\"0\" y2=\"0\"><stop offset=\"0%\" style=\"stop-opacity:1;stop-color:var(--linear-gradient-1029-c-3-f-color-1)\" \/><stop offset=\"100%\" style=\"stop-opacity:1;stop-color:var(--linear-gradient-1029-c-3-f-color-2)\" \/><\/linearGradient><\/defs><\/svg><svg data-prefix=\"fas\" data-icon=\"chevron-down\" class=\"svg-inline--fa fa-chevron-down fa-w-14\" viewBox=\"0 0 448 512\" aria-hidden=\"true\" width=\"32\" height=\"32\"><path fill=\"currentColor\" d=\"M207.029 381.476L12.686 187.132c-9.373-9.373-9.373-24.569 0-33.941l22.667-22.667c9.357-9.357 24.522-9.375 33.901-.04L224 284.505l154.745-154.021c9.379-9.335 24.544-9.317 33.901.04l22.667 22.667c9.373 9.373 9.373 24.569 0 33.941L240.971 381.476c-9.373 9.372-24.569 9.372-33.942 0z\" \/><\/svg><\/div><\/span><\/div>\n<\/div><\/div>\n<\/div><\/div><\/summary>\n\n\n\n<div class=\"wp-block-stackable-column stk-block-column stk-column stk-block stk-1c9682f stk-block-accordion__content\" data-v=\"4\" data-block-id=\"1c9682f\"><div class=\"stk-column-wrapper stk-block-column__content stk-container stk-1c9682f-container stk--no-background stk--no-padding\"><div class=\"stk-block-content stk-inner-blocks stk-1c9682f-inner-blocks\">\n<div class=\"wp-block-stackable-text stk-block-text stk-block stk-7d49e86\" data-block-id=\"7d49e86\"><p class=\"stk-block-text__text\">W zale\u017c\u00adno\u00ad\u015bci od mia\u00adsta lub dziel\u00adni\u00adcy: r\u00f3\u017c\u00adne<br>37,50 \u20ac, je\u015bli nie jest wyma\u00adga\u00adny egza\u00admin teo\u00adre\u00adtycz\u00adny lub prak\u00adtycz\u00adny<br><br><strong>w prze\u00adciw\u00adnym razie<\/strong><br>43,90 \u20ac bez okre\u00adsu pr\u00f3b\u00adne\u00adgo,<br>44,70 \u20ac z okre\u00adsem pr\u00f3bnym.<\/p><\/div>\n<\/div><\/div><\/div>\n<\/details>\n\n<h3 class=\"wp-block-heading\">\ud83d\udc81\ud83c\udffb <span style=\"color: #a20b92;\" class=\"stk-highlight\">Potrze\u00adbu\u00adjesz pomocy?<\/span><\/h3>\n\n<p>Je\u015bli potrze\u00adbu\u00adjesz pomo\u00adcy w pro\u00adce\u00adsie lub t\u0142u\u00adma\u00adcze\u00adniu, lokal\u00adne cen\u00adtra inte\u00adgra\u00adcji<strong>(<\/strong> <strong><em><a href=\"https:\/\/www.anika-net.de\/pl\/pierwsze-kroki\/doradztwo-i-obsluga\/osrodki-doradztwa-dla-migrantow\/\">Migra\u00adtions\u00adbe\u00adra\u00adtungs\u00adstel\u00adlen<\/a><\/em><\/strong>) w Karls\u00adru\u00adhe mog\u0105 udzie\u00adli\u0107 wsparcia.<\/p>\n\n<p><\/p>\n","protected":false},"excerpt":{"rendered":"<p>Prze\u00adpro\u00adwa\u00addzasz si\u0119 do Nie\u00admiec i posia\u00addasz ju\u017c pra\u00adwo jaz\u00addy z inne\u00adgo kra\u00adju?Je\u015bli pla\u00adnu\u00adjesz miesz\u00adka\u0107 w Niem\u00adczech przez d\u0142u\u017c\u00adszy czas \u2014 tj. co naj\u00admniej 185 dni w roku z powo\u00add\u00f3w oso\u00adbi\u00adstych&nbsp;<a class=\"moretag\" href=\"https:\/\/www.anika-net.de\/pl\/zloz-wniosek-o-wymiane-zagranicznego-prawa-jazdy\/\">czy\u00adtaj wi\u0119cej<\/a><\/p>\n","protected":false},"author":12,"featured_media":0,"parent":0,"menu_order":11,"comment_status":"closed","ping_status":"closed","template":"","meta":{"_acf_changed":false,"inline_featured_image":false,"_uag_custom_page_level_css":"","wp_typography_post_enhancements_disabled":false,"footnotes":""},"class_list":["post-62726","page","type-page","status-publish","hentry"],"acf":[],"featured_image_urls_v2":{"full":"","thumbnail":"","medium":"","medium_large":"","large":"","1536x1536":"","2048x2048":"","event-overview":"","event-archive-thumb":"","grid-item-thumbnail":"","network-partner-icon":"","organiser-icon":"","gform-image-choice-sm":"","gform-image-choice-md":"","gform-image-choice-lg":""},"post_excerpt_stackable_v2":"<p>Prze\u00adpro\u00adwa\u00addzasz si\u0119 do Nie\u00admiec i posia\u00addasz ju\u017c pra\u00adwo jaz\u00addy z inne\u00adgo kra\u00adju?Je\u015bli pla\u00adnu\u00adjesz miesz\u00adka\u0107 w Niem\u00adczech przez d\u0142u\u017c\u00adszy czas \u2014 tj. co naj\u00admniej 185 dni w roku z powo\u00add\u00f3w oso\u00adbi\u00adstych lub zawo\u00addo\u00adwych \u2014 Two\u00adje zagra\u00adnicz\u00adne pra\u00adwo jaz\u00addy zacho\u00adwu\u00adje wa\u017c\u00adno\u015b\u0107 przez okres do sze\u00ad\u015bciu mie\u00adsi\u0119\u00adcy po roz\u00adpo\u00adcz\u0119\u00adciu poby\u00adtu.Po tym okre\u00adsie b\u0119dziesz musia\u0142 z\u0142o\u00ad\u017cy\u0107 wnio\u00adsek o wymia\u00adn\u0119 zagra\u00adnicz\u00adne\u00adgo pra\u00adwa jaz\u00addy(Umschre\u00adibung einer ausl\u00e4n\u00addi\u00adschen Fah\u00adrer\u00adlaub\u00adnis), aby nadal legal\u00adnie pro\u00adwa\u00addzi\u0107 pojazd w Niem\u00adczech. \u26a0\ufe0f Uwa\u00adga: Dok\u0142ad\u00adne wyma\u00adga\u00adnia i pro\u00adce\u00addu\u00adry mog\u0105 si\u0119 r\u00f3\u017c\u00adni\u0107 w zale\u017c\u00adno\u00ad\u015bci od kra\u00adju, kt\u00f3\u00adry wyda\u0142 licen\u00adcj\u0119. \ud83d\udcdd Jak z\u0142o\u00ad\u017cy\u0107 wnio\u00adsek o wymia\u00adn\u0119 zagra\u00adnicz\u00adne\u00adgo pra\u00adwa jaz\u00addy w Karls\u00adru\u00adhe? Wnio\u00adsek nale\u00ad\u017cy z\u0142o\u00ad\u017cy\u0107 w F\u00fchrerscheinstelle\u2026<\/p>\n","category_list_v2":"","author_info_v2":{"name":"Andrea Ramirez","url":"https:\/\/www.anika-net.de\/pl\/author\/andrea-ramirez\/"},"comments_num_v2":"0 comments","uagb_featured_image_src":{"full":false,"thumbnail":false,"medium":false,"medium_large":false,"large":false,"1536x1536":false,"2048x2048":false,"event-overview":false,"event-archive-thumb":false,"grid-item-thumbnail":false,"network-partner-icon":false,"organiser-icon":false,"gform-image-choice-sm":false,"gform-image-choice-md":false,"gform-image-choice-lg":false},"uagb_author_info":{"display_name":"Andrea Ramirez","author_link":"https:\/\/www.anika-net.de\/pl\/author\/andrea-ramirez\/"},"uagb_comment_info":0,"uagb_excerpt":"Prze\u00adpro\u00adwa\u00addzasz si\u0119 do Nie\u00admiec i posia\u00addasz ju\u017c pra\u00adwo jaz\u00addy z inne\u00adgo kra\u00adju?Je\u015bli pla\u00adnu\u00adjesz miesz\u00adka\u0107 w Niem\u00adczech przez d\u0142u\u017c\u00adszy czas \u2014 tj. co naj\u00admniej 185 dni w roku z powo\u00add\u00f3w oso\u00adbi\u00adstych&nbsp;czytaj wi\u0119cej","_links":{"self":[{"href":"https:\/\/www.anika-net.de\/pl\/wp-json\/wp\/v2\/pages\/62726","targetHints":{"allow":["GET"]}}],"collection":[{"href":"https:\/\/www.anika-net.de\/pl\/wp-json\/wp\/v2\/pages"}],"about":[{"href":"https:\/\/www.anika-net.de\/pl\/wp-json\/wp\/v2\/types\/page"}],"author":[{"embeddable":true,"href":"https:\/\/www.anika-net.de\/pl\/wp-json\/wp\/v2\/users\/12"}],"replies":[{"embeddable":true,"href":"https:\/\/www.anika-net.de\/pl\/wp-json\/wp\/v2\/comments?post=62726"}],"version-history":[{"count":1,"href":"https:\/\/www.anika-net.de\/pl\/wp-json\/wp\/v2\/pages\/62726\/revisions"}],"predecessor-version":[{"id":62727,"href":"https:\/\/www.anika-net.de\/pl\/wp-json\/wp\/v2\/pages\/62726\/revisions\/62727"}],"wp:attachment":[{"href":"https:\/\/www.anika-net.de\/pl\/wp-json\/wp\/v2\/media?parent=62726"}],"curies":[{"name":"wp","href":"https:\/\/api.w.org\/{rel}","templated":true}]}}