{"id":60613,"date":"2025-04-16T14:27:42","date_gmt":"2025-04-16T12:27:42","guid":{"rendered":"https:\/\/www.anika-net.de\/wizyta-u-lekarza\/"},"modified":"2025-04-16T14:29:58","modified_gmt":"2025-04-16T12:29:58","slug":"wizyta-u-lekarza","status":"publish","type":"page","link":"https:\/\/www.anika-net.de\/pl\/pierwsze-kroki\/opieka-zdrowotna\/wizyta-u-lekarza\/","title":{"rendered":"Wizy\u00adta u lekarza"},"content":{"rendered":"\n<p>W przy\u00adpad\u00adku cho\u00adro\u00adby nale\u00ad\u017cy naj\u00adpierw uda\u0107 si\u0119 do <strong><em>Hau\u00adsarzt<\/em> (leka\u00adrza og\u00f3l\u00adne\u00adgo)<\/strong>. Je\u015bli masz dzie\u00adci, mo\u017cesz zabra\u0107 je do <strong><em>Kin\u00adde\u00adrarzt<\/em> (pedia\u00adtry)<\/strong>. Adre\u00adsy leka\u00adrzy mo\u017c\u00adna zna\u00adle\u017a\u0107 w ksi\u0105\u017c\u00adce tele\u00adfo\u00adnicz\u00adnej lub w Inter\u00adne\u00adcie. Sko\u00adrzy\u00adstaj z \u0142\u0105cza, aby dowie\u00addzie\u0107 si\u0119, kt\u00f3\u00adrzy leka\u00adrze w Two\u00adjej oko\u00adli\u00adcy m\u00f3wi\u0105 w r\u00f3\u017c\u00adnych j\u0119zy\u00adkach: <a href=\"https:\/\/arztsuche.kbv.de\/\" target=\"_blank\" data-type=\"URL\" data-id=\"https:\/\/arztsuche.kbv.de\/\" rel=\"noreferrer noopener\">https:\/\/arztsuche.kbv.de\/<\/a>   <\/p>\n\n<p>Je\u015bli potrze\u00adbu\u00adjesz spe\u00adcjal\u00adne\u00adgo lecze\u00adnia, mo\u017cesz skon\u00adsul\u00adto\u00adwa\u0107 si\u0119 ze spe\u00adcja\u00adli\u00adst\u0105 w przy\u00adchod\u00adni lub szpi\u00adta\u00adlu. Lekarz pierw\u00adsze\u00adgo kon\u00adtak\u00adtu skie\u00adru\u00adje Ci\u0119 do spe\u00adcja\u00adli\u00adsty. Cza\u00adsa\u00admi mo\u017c\u00adna uda\u0107 si\u0119 bez\u00adpo\u00ad\u015bred\u00adnio do spe\u00adcja\u00adli\u00adsty, cza\u00adsa\u00admi spe\u00adcja\u00adli\u00adsta popro\u00adsi o skie\u00adro\u00adwa\u00adnie od leka\u00adrza og\u00f3lnego.&nbsp;<\/p>\n","protected":false},"excerpt":{"rendered":"<p>W przy\u00adpad\u00adku cho\u00adro\u00adby nale\u00ad\u017cy naj\u00adpierw uda\u0107 si\u0119 do Hau\u00adsarzt (leka\u00adrza og\u00f3l\u00adne\u00adgo). Je\u015bli masz dzie\u00adci, mo\u017cesz zabra\u0107 je do Kin\u00adde\u00adrarzt (pedia\u00adtry). Adre\u00adsy leka\u00adrzy mo\u017c\u00adna zna\u00adle\u017a\u0107 w ksi\u0105\u017c\u00adce tele\u00adfo\u00adnicz\u00adnej lub w Inter\u00adne\u00adcie.&nbsp;<a class=\"moretag\" href=\"https:\/\/www.anika-net.de\/pl\/pierwsze-kroki\/opieka-zdrowotna\/wizyta-u-lekarza\/\">czy\u00adtaj wi\u0119cej<\/a><\/p>\n","protected":false},"author":3,"featured_media":0,"parent":60622,"menu_order":11,"comment_status":"closed","ping_status":"closed","template":"","meta":{"_acf_changed":false,"inline_featured_image":false,"_uag_custom_page_level_css":"","wp_typography_post_enhancements_disabled":false,"footnotes":""},"class_list":["post-60613","page","type-page","status-publish","hentry"],"acf":[],"featured_image_urls_v2":{"full":"","thumbnail":"","medium":"","medium_large":"","large":"","1536x1536":"","2048x2048":"","event-overview":"","event-archive-thumb":"","grid-item-thumbnail":"","network-partner-icon":"","organiser-icon":"","gform-image-choice-sm":"","gform-image-choice-md":"","gform-image-choice-lg":""},"post_excerpt_stackable_v2":"<p>W przy\u00adpad\u00adku cho\u00adro\u00adby nale\u00ad\u017cy naj\u00adpierw uda\u0107 si\u0119 do Hau\u00adsarzt (leka\u00adrza og\u00f3l\u00adne\u00adgo). Je\u015bli masz dzie\u00adci, mo\u017cesz zabra\u0107 je do Kin\u00adde\u00adrarzt (pedia\u00adtry). Adre\u00adsy leka\u00adrzy mo\u017c\u00adna zna\u00adle\u017a\u0107 w ksi\u0105\u017c\u00adce tele\u00adfo\u00adnicz\u00adnej lub w Inter\u00adne\u00adcie. Sko\u00adrzy\u00adstaj z \u0142\u0105cza, aby dowie\u00addzie\u0107 si\u0119, kt\u00f3\u00adrzy leka\u00adrze w Two\u00adjej oko\u00adli\u00adcy m\u00f3wi\u0105 w r\u00f3\u017c\u00adnych j\u0119zy\u00adkach: https:\/\/arztsuche.kbv.de\/ Je\u015bli potrze\u00adbu\u00adjesz spe\u00adcjal\u00adne\u00adgo lecze\u00adnia, mo\u017cesz skon\u00adsul\u00adto\u00adwa\u0107 si\u0119 ze spe\u00adcja\u00adli\u00adst\u0105 w przy\u00adchod\u00adni lub szpi\u00adta\u00adlu. Lekarz pierw\u00adsze\u00adgo kon\u00adtak\u00adtu skie\u00adru\u00adje Ci\u0119 do spe\u00adcja\u00adli\u00adsty. Cza\u00adsa\u00admi mo\u017c\u00adna uda\u0107 si\u0119 bez\u00adpo\u00ad\u015bred\u00adnio do spe\u00adcja\u00adli\u00adsty, cza\u00adsa\u00admi spe\u00adcja\u00adli\u00adsta popro\u00adsi o skie\u00adro\u00adwa\u00adnie od leka\u00adrza og\u00f3lnego.&nbsp;<\/p>\n","category_list_v2":"","author_info_v2":{"name":"Eva Geerken","url":"https:\/\/www.anika-net.de\/pl\/author\/egeerken\/"},"comments_num_v2":"0 comments","uagb_featured_image_src":{"full":false,"thumbnail":false,"medium":false,"medium_large":false,"large":false,"1536x1536":false,"2048x2048":false,"event-overview":false,"event-archive-thumb":false,"grid-item-thumbnail":false,"network-partner-icon":false,"organiser-icon":false,"gform-image-choice-sm":false,"gform-image-choice-md":false,"gform-image-choice-lg":false},"uagb_author_info":{"display_name":"Eva Geerken","author_link":"https:\/\/www.anika-net.de\/pl\/author\/egeerken\/"},"uagb_comment_info":0,"uagb_excerpt":"W przy\u00adpad\u00adku cho\u00adro\u00adby nale\u00ad\u017cy naj\u00adpierw uda\u0107 si\u0119 do Hau\u00adsarzt (leka\u00adrza og\u00f3l\u00adne\u00adgo). Je\u015bli masz dzie\u00adci, mo\u017cesz zabra\u0107 je do Kin\u00adde\u00adrarzt (pedia\u00adtry). Adre\u00adsy leka\u00adrzy mo\u017c\u00adna zna\u00adle\u017a\u0107 w ksi\u0105\u017c\u00adce tele\u00adfo\u00adnicz\u00adnej lub w Inter\u00adne\u00adcie.&nbsp;czytaj wi\u0119cej","_links":{"self":[{"href":"https:\/\/www.anika-net.de\/pl\/wp-json\/wp\/v2\/pages\/60613","targetHints":{"allow":["GET"]}}],"collection":[{"href":"https:\/\/www.anika-net.de\/pl\/wp-json\/wp\/v2\/pages"}],"about":[{"href":"https:\/\/www.anika-net.de\/pl\/wp-json\/wp\/v2\/types\/page"}],"author":[{"embeddable":true,"href":"https:\/\/www.anika-net.de\/pl\/wp-json\/wp\/v2\/users\/3"}],"replies":[{"embeddable":true,"href":"https:\/\/www.anika-net.de\/pl\/wp-json\/wp\/v2\/comments?post=60613"}],"version-history":[{"count":1,"href":"https:\/\/www.anika-net.de\/pl\/wp-json\/wp\/v2\/pages\/60613\/revisions"}],"predecessor-version":[{"id":60614,"href":"https:\/\/www.anika-net.de\/pl\/wp-json\/wp\/v2\/pages\/60613\/revisions\/60614"}],"up":[{"embeddable":true,"href":"https:\/\/www.anika-net.de\/pl\/wp-json\/wp\/v2\/pages\/60622"}],"wp:attachment":[{"href":"https:\/\/www.anika-net.de\/pl\/wp-json\/wp\/v2\/media?parent=60613"}],"curies":[{"name":"wp","href":"https:\/\/api.w.org\/{rel}","templated":true}]}}