{"id":60609,"date":"2025-04-16T14:21:20","date_gmt":"2025-04-16T12:21:20","guid":{"rendered":"https:\/\/www.anika-net.de\/kurs-integracyjny\/"},"modified":"2025-04-16T14:28:02","modified_gmt":"2025-04-16T12:28:02","slug":"kurs-integracyjny","status":"publish","type":"page","link":"https:\/\/www.anika-net.de\/pl\/pierwsze-kroki\/jezyk-niemiecki\/kurs-integracyjny\/","title":{"rendered":"Kurs inte\u00adgra\u00adcyj\u00adny"},"content":{"rendered":"\n<p>Kur\u00adsy inte\u00adgra\u00adcyj\u00adne to kur\u00adsy j\u0119zy\u00adko\u00adwe, kt\u00f3\u00adre poma\u00adga\u00adj\u0105 sta\u0107 si\u0119 cz\u0119\u00ad\u015bci\u0105 nie\u00admiec\u00adkie\u00adgo spo\u00ad\u0142e\u00adcze\u0144\u00adstwa. Kurs inte\u00adgra\u00adcyj\u00adny obej\u00admu\u00adje zar\u00f3w\u00adno kurs j\u0119zy\u00adko\u00adwy, jak i kurs orien\u00adta\u00adcyj\u00adny, kt\u00f3\u00adry dostar\u00adcza wa\u017c\u00adnych infor\u00adma\u00adcji histo\u00adrycz\u00adnych, poli\u00adtycz\u00adnych i kul\u00adtu\u00adro\u00adwych o&nbsp;kraju.&nbsp;<\/p>\n\n<p><strong>Je\u015bli nie posia\u00addasz jesz\u00adcze wystar\u00adcza\u00adj\u0105\u00adcej zna\u00adjo\u00admo\u00ad\u015bci j\u0119zy\u00adka nie\u00admiec\u00adkie\u00adgo, powi\u00adnie\u00adne\u015b wzi\u0105\u0107 udzia\u0142 w kur\u00adsie integracyjnym:<\/strong><\/p>\n\n<ul class=\"wp-block-list\">\n<li>  Je\u015bli jeste\u015b nowy w Karls\u00adru\u00adhe i pocho\u00addzisz z kra\u00adju spo\u00adza UE, masz pra\u00adwo do wzi\u0119\u00adcia udzia\u00ad\u0142u w jed\u00adnym kur\u00adsie integracyjnym.<\/li>\n\n\n\n<li>Je\u015bli miesz\u00adkasz w Niem\u00adczech od d\u0142u\u017c\u00adsze\u00adgo cza\u00adsu lub jeste\u015b oby\u00adwa\u00adte\u00adlem UE, mo\u017cesz r\u00f3w\u00adnie\u017c zosta\u0107 przy\u00adj\u0119\u00adty na kur\u00adsy, je\u015bli s\u0105 dost\u0119p\u00adne miejsca.&nbsp;<\/li>\n\n\n\n<li>Je\u015bli jeste\u015b oby\u00adwa\u00adte\u00adlem Nie\u00admiec, ale nie masz wystar\u00adcza\u00adj\u0105\u00adcej zna\u00adjo\u00admo\u00ad\u015bci j\u0119zy\u00adka nie\u00admiec\u00adkie\u00adgo i chcesz sku\u00adtecz\u00adniej si\u0119 zin\u00adte\u00adgro\u00adwa\u0107, mo\u017cesz r\u00f3w\u00adnie\u017c zosta\u0107 przy\u00adj\u0119\u00adty na kur\u00adsy, je\u015bli s\u0105 dost\u0119p\u00adne miejsca.&nbsp;<\/li>\n<\/ul>\n\n<p>Wi\u0119\u00adcej infor\u00adma\u00adcji mo\u017c\u00adna zna\u00adle\u017a\u0107 <a href=\"https:\/\/www.anika-net.de\/learning-german\/integration-courses\/\">tutaj<\/a><\/p>\n\n<p>Uzy\u00adskaj pora\u00add\u0119 od <strong><em>Migra\u00adtions\u00adbe\u00adra\u00adtungs\u00adstel\u00adle<\/em> <\/strong>(cen\u00adtrum doradz\u00adtwa migra\u00adcyj\u00adne\u00adgo) \u2014 lub w <strong><em>B\u00fcro f\u00fcr Inte\u00adgra\u00adtion<\/em><\/strong> (Urz\u0105d ds. Inte\u00adgra\u00adcji), kt\u00f3\u00adry kurs j\u0119zy\u00adko\u00adwy jest dla Cie\u00adbie odpo\u00adwied\u00adni. Aby uzy\u00adska\u0107 pora\u00add\u0119 na temat kur\u00ads\u00f3w j\u0119zy\u00adko\u00adwych, nale\u00ad\u017cy wcze\u00ad\u015bniej um\u00f3\u00adwi\u0107 si\u0119 na spo\u00adtka\u00adnie w Urz\u0119\u00addzie ds: Tel. +49 721 133\u20115727 lub pocz\u00adt\u0105 elek\u00adtro\u00adnicz\u00adn\u0105: buero.fuer.integration@sjb.karlsruhe.de.    <\/p>\n\n<p><\/p>\n","protected":false},"excerpt":{"rendered":"<p>Kur\u00adsy inte\u00adgra\u00adcyj\u00adne to kur\u00adsy j\u0119zy\u00adko\u00adwe, kt\u00f3\u00adre poma\u00adga\u00adj\u0105 sta\u0107 si\u0119 cz\u0119\u00ad\u015bci\u0105 nie\u00admiec\u00adkie\u00adgo spo\u00ad\u0142e\u00adcze\u0144\u00adstwa. Kurs inte\u00adgra\u00adcyj\u00adny obej\u00admu\u00adje zar\u00f3w\u00adno kurs j\u0119zy\u00adko\u00adwy, jak i kurs orien\u00adta\u00adcyj\u00adny, kt\u00f3\u00adry dostar\u00adcza wa\u017c\u00adnych infor\u00adma\u00adcji histo\u00adrycz\u00adnych, poli\u00adtycz\u00adnych i kul\u00adtu\u00adro\u00adwych&nbsp;<a class=\"moretag\" href=\"https:\/\/www.anika-net.de\/pl\/pierwsze-kroki\/jezyk-niemiecki\/kurs-integracyjny\/\">czy\u00adtaj wi\u0119cej<\/a><\/p>\n","protected":false},"author":12,"featured_media":0,"parent":60615,"menu_order":0,"comment_status":"closed","ping_status":"closed","template":"","meta":{"_acf_changed":false,"inline_featured_image":false,"_uag_custom_page_level_css":"","wp_typography_post_enhancements_disabled":false,"footnotes":""},"class_list":["post-60609","page","type-page","status-publish","hentry"],"acf":[],"featured_image_urls_v2":{"full":"","thumbnail":"","medium":"","medium_large":"","large":"","1536x1536":"","2048x2048":"","event-overview":"","event-archive-thumb":"","grid-item-thumbnail":"","network-partner-icon":"","organiser-icon":"","gform-image-choice-sm":"","gform-image-choice-md":"","gform-image-choice-lg":""},"post_excerpt_stackable_v2":"<p>Kur\u00adsy inte\u00adgra\u00adcyj\u00adne to kur\u00adsy j\u0119zy\u00adko\u00adwe, kt\u00f3\u00adre poma\u00adga\u00adj\u0105 sta\u0107 si\u0119 cz\u0119\u00ad\u015bci\u0105 nie\u00admiec\u00adkie\u00adgo spo\u00ad\u0142e\u00adcze\u0144\u00adstwa. Kurs inte\u00adgra\u00adcyj\u00adny obej\u00admu\u00adje zar\u00f3w\u00adno kurs j\u0119zy\u00adko\u00adwy, jak i kurs orien\u00adta\u00adcyj\u00adny, kt\u00f3\u00adry dostar\u00adcza wa\u017c\u00adnych infor\u00adma\u00adcji histo\u00adrycz\u00adnych, poli\u00adtycz\u00adnych i kul\u00adtu\u00adro\u00adwych o&nbsp;kra\u00adju.&nbsp; Je\u015bli nie posia\u00addasz jesz\u00adcze wystar\u00adcza\u00adj\u0105\u00adcej zna\u00adjo\u00admo\u00ad\u015bci j\u0119zy\u00adka nie\u00admiec\u00adkie\u00adgo, powi\u00adnie\u00adne\u015b wzi\u0105\u0107 udzia\u0142 w kur\u00adsie inte\u00adgra\u00adcyj\u00adnym: Je\u015bli jeste\u015b nowy w Karls\u00adru\u00adhe i pocho\u00addzisz z kra\u00adju spo\u00adza UE, masz pra\u00adwo do wzi\u0119\u00adcia udzia\u00ad\u0142u w jed\u00adnym kur\u00adsie inte\u00adgra\u00adcyj\u00adnym. Je\u015bli miesz\u00adkasz w Niem\u00adczech od d\u0142u\u017c\u00adsze\u00adgo cza\u00adsu lub jeste\u015b oby\u00adwa\u00adte\u00adlem UE, mo\u017cesz r\u00f3w\u00adnie\u017c zosta\u0107 przy\u00adj\u0119\u00adty na kur\u00adsy, je\u015bli s\u0105 dost\u0119p\u00adne miej\u00adsca.&nbsp; Je\u015bli jeste\u015b oby\u00adwa\u00adte\u00adlem Nie\u00admiec, ale nie masz wystar\u00adcza\u00adj\u0105\u00adcej zna\u00adjo\u00admo\u00ad\u015bci j\u0119zy\u00adka nie\u00admiec\u00adkie\u00adgo i chcesz skuteczniej\u2026<\/p>\n","category_list_v2":"","author_info_v2":{"name":"Andrea Ramirez","url":"https:\/\/www.anika-net.de\/pl\/author\/andrea-ramirez\/"},"comments_num_v2":"0 comments","uagb_featured_image_src":{"full":false,"thumbnail":false,"medium":false,"medium_large":false,"large":false,"1536x1536":false,"2048x2048":false,"event-overview":false,"event-archive-thumb":false,"grid-item-thumbnail":false,"network-partner-icon":false,"organiser-icon":false,"gform-image-choice-sm":false,"gform-image-choice-md":false,"gform-image-choice-lg":false},"uagb_author_info":{"display_name":"Andrea Ramirez","author_link":"https:\/\/www.anika-net.de\/pl\/author\/andrea-ramirez\/"},"uagb_comment_info":0,"uagb_excerpt":"Kur\u00adsy inte\u00adgra\u00adcyj\u00adne to kur\u00adsy j\u0119zy\u00adko\u00adwe, kt\u00f3\u00adre poma\u00adga\u00adj\u0105 sta\u0107 si\u0119 cz\u0119\u00ad\u015bci\u0105 nie\u00admiec\u00adkie\u00adgo spo\u00ad\u0142e\u00adcze\u0144\u00adstwa. Kurs inte\u00adgra\u00adcyj\u00adny obej\u00admu\u00adje zar\u00f3w\u00adno kurs j\u0119zy\u00adko\u00adwy, jak i kurs orien\u00adta\u00adcyj\u00adny, kt\u00f3\u00adry dostar\u00adcza wa\u017c\u00adnych infor\u00adma\u00adcji histo\u00adrycz\u00adnych, poli\u00adtycz\u00adnych i kul\u00adtu\u00adro\u00adwych&nbsp;czytaj wi\u0119cej","_links":{"self":[{"href":"https:\/\/www.anika-net.de\/pl\/wp-json\/wp\/v2\/pages\/60609","targetHints":{"allow":["GET"]}}],"collection":[{"href":"https:\/\/www.anika-net.de\/pl\/wp-json\/wp\/v2\/pages"}],"about":[{"href":"https:\/\/www.anika-net.de\/pl\/wp-json\/wp\/v2\/types\/page"}],"author":[{"embeddable":true,"href":"https:\/\/www.anika-net.de\/pl\/wp-json\/wp\/v2\/users\/12"}],"replies":[{"embeddable":true,"href":"https:\/\/www.anika-net.de\/pl\/wp-json\/wp\/v2\/comments?post=60609"}],"version-history":[{"count":1,"href":"https:\/\/www.anika-net.de\/pl\/wp-json\/wp\/v2\/pages\/60609\/revisions"}],"predecessor-version":[{"id":60610,"href":"https:\/\/www.anika-net.de\/pl\/wp-json\/wp\/v2\/pages\/60609\/revisions\/60610"}],"up":[{"embeddable":true,"href":"https:\/\/www.anika-net.de\/pl\/wp-json\/wp\/v2\/pages\/60615"}],"wp:attachment":[{"href":"https:\/\/www.anika-net.de\/pl\/wp-json\/wp\/v2\/media?parent=60609"}],"curies":[{"name":"wp","href":"https:\/\/api.w.org\/{rel}","templated":true}]}}