{"id":60602,"date":"2025-04-16T14:07:12","date_gmt":"2025-04-16T12:07:12","guid":{"rendered":"https:\/\/www.anika-net.de\/pierwsze-kroki\/zakwaterowanie\/ubieganie-sie-o-zasilek-mieszkaniowy\/"},"modified":"2025-07-15T13:26:12","modified_gmt":"2025-07-15T11:26:12","slug":"ubieganie-sie-o-zasilek-mieszkaniowy","status":"publish","type":"page","link":"https:\/\/www.anika-net.de\/pl\/pierwsze-kroki\/zakwaterowanie\/ubieganie-sie-o-zasilek-mieszkaniowy\/","title":{"rendered":"Ubie\u00adga\u00adnie si\u0119 o zasi\u00ad\u0142ek mieszkaniowy"},"content":{"rendered":"\n<h4 class=\"wp-block-heading\"><strong><em>\ud83c\udfe0<\/em><\/strong> <strong><em>Dop\u0142a\u00adty do czyn\u00adszu dla os\u00f3b o niskich dochodach<\/em><\/strong><\/h4>\n\n<p>Oso\u00adby o niskich docho\u00addach mog\u0105 ubie\u00adga\u0107 si\u0119 o zasi\u00ad\u0142ek <strong><strong><em>miesz\u00adka\u00adnio\u00adwy<\/em><\/strong> (<strong><em>Wohn\u00adgeld<\/em>)<\/strong><\/strong>. Jest to p\u0142at\u00adno\u015b\u0107 <strong>sub\u00adsy\u00addiu\u00adj\u0105\u00adca czynsz<\/strong>.<br>Zasi\u00ad\u0142ek miesz\u00adka\u00adnio\u00adwy otrzy\u00admu\u00adjesz, je\u015bli nie masz wystar\u00adcza\u00adj\u0105\u00adcych docho\u00add\u00f3w, aby op\u0142a\u00adci\u0107 swo\u00adje miesz\u00adka\u00adnie. Zasi\u00ad\u0142ek miesz\u00adka\u00adnio\u00adwy dla najem\u00adc\u00f3w nazy\u00adwa\u00adny jest dop\u0142a\u00adt\u0105 do czyn\u00adszu, a zasi\u00ad\u0142ek miesz\u00adka\u00adnio\u00adwy dla w\u0142a\u00ad\u015bci\u00adcie\u00adli miesz\u00adka\u0144 w\u0142a\u00adsno\u00ad\u015bcio\u00adwych nazy\u00adwa\u00adny jest dop\u0142a\u00adt\u0105 do obci\u0105\u017ce\u0144.&nbsp;<\/p>\n\n<p><strong>Kwo\u00adta:<\/strong><br>Zale\u00ad\u017cy od indy\u00adwi\u00addu\u00adal\u00adne\u00adgo przy\u00adpad\u00adku.<br>Opie\u00adra si\u0119 na wiel\u00adko\u00ad\u015bci gospo\u00addar\u00adstwa domo\u00adwe\u00adgo, docho\u00addach i czyn\u00adszu lub op\u0142atach.<\/p>\n\n<p><strong>Czas trwa\u00adnia:<\/strong><br>Og\u00f3l\u00adnie przez 12 miesi\u0119cy.<\/p>\n\n<p>W indy\u00adwi\u00addu\u00adal\u00adnych przy\u00adpad\u00adkach okres ten mo\u017ce by\u0107 d\u0142u\u017c\u00adszy lub kr\u00f3t\u00adszy.<br>Je\u015bli chcesz nadal otrzy\u00admy\u00adwa\u0107 zasi\u00ad\u0142ek miesz\u00adka\u00adnio\u00adwy po up\u0142y\u00adwie tego okre\u00adsu, musisz ponow\u00adnie z\u0142o\u00ad\u017cy\u0107 wniosek.<\/p>\n\n<details class=\"wp-block-stackable-accordion stk-block-accordion stk-inner-blocks stk-block-content stk-block stk-97401e7 is-style-default\" data-block-id=\"97401e7\">\n<summary class=\"wp-block-stackable-column stk-block-column stk-column stk-block stk-ec3d4c4 stk--container-small stk-block-accordion__heading\" data-v=\"4\" data-block-id=\"ec3d4c4\"><div class=\"stk-column-wrapper stk-block-column__content stk-container stk-ec3d4c4-container stk-hover-parent\"><div class=\"stk-block-content stk-inner-blocks stk-ec3d4c4-inner-blocks\">\n<div class=\"wp-block-stackable-icon-label stk-block-icon-label stk-block stk-061f3bd\" data-block-id=\"061f3bd\"><div class=\"stk-row stk-inner-blocks stk-block-content\">\n<div class=\"wp-block-stackable-heading stk-block-heading stk-block-heading--v2 stk-block stk-41c071a\" id=\"span-style-color-158-b-83-class-stk-highlight-prerequisites-span\" data-block-id=\"41c071a\"><h4 class=\"stk-block-heading__text\"><span style=\"color: #158b83;\" class=\"stk-highlight\">Wyma\u00adga\u00adnia wst\u0119pne<\/span><\/h4><\/div>\n\n\n\n<div class=\"wp-block-stackable-icon stk-block-icon stk-block stk-ad14b10\" data-block-id=\"ad14b10\"><span class=\"stk--svg-wrapper\"><div class=\"stk--inner-svg\"><svg style=\"height:0;width:0\"><defs><linearGradient id=\"linear-gradient-ad14b10\" x1=\"0\" x2=\"100%\" y1=\"0\" y2=\"0\"><stop offset=\"0%\" style=\"stop-opacity:1;stop-color:var(--linear-gradient-ad-14-b-10-color-1)\" \/><stop offset=\"100%\" style=\"stop-opacity:1;stop-color:var(--linear-gradient-ad-14-b-10-color-2)\" \/><\/linearGradient><\/defs><\/svg><svg data-prefix=\"fas\" data-icon=\"chevron-down\" class=\"svg-inline--fa fa-chevron-down fa-w-14\" viewBox=\"0 0 448 512\" aria-hidden=\"true\" width=\"32\" height=\"32\"><path fill=\"currentColor\" d=\"M207.029 381.476L12.686 187.132c-9.373-9.373-9.373-24.569 0-33.941l22.667-22.667c9.357-9.357 24.522-9.375 33.901-.04L224 284.505l154.745-154.021c9.379-9.335 24.544-9.317 33.901.04l22.667 22.667c9.373 9.373 9.373 24.569 0 33.941L240.971 381.476c-9.373 9.372-24.569 9.372-33.942 0z\" \/><\/svg><\/div><\/span><\/div>\n<\/div><\/div>\n<\/div><\/div><\/summary>\n\n\n\n<div class=\"wp-block-stackable-column stk-block-column stk-column stk-block stk-d453f4a stk-block-accordion__content\" data-v=\"4\" data-block-id=\"d453f4a\"><div class=\"stk-column-wrapper stk-block-column__content stk-container stk-d453f4a-container stk--no-background stk--no-padding\"><div class=\"stk-block-content stk-inner-blocks stk-d453f4a-inner-blocks\">\n<div class=\"wp-block-stackable-text stk-block-text stk-block stk-17a8b1c\" data-block-id=\"17a8b1c\"><p class=\"stk-block-text__text\">\ud83c\udfe0 Mo\u017cesz otrzy\u00adma\u0107 zasi\u00ad\u0142ek miesz\u00adka\u00adnio\u00adwy,&nbsp;je\u015bli<\/p><\/div>\n\n\n\n<ul class=\"wp-block-list\">\n<li>Tw\u00f3j <strong>ca\u0142\u00adko\u00adwi\u00adty doch\u00f3d<\/strong> nie jest zbyt wysoki.<\/li>\n\n\n\n<li>Doch\u00f3d jest obli\u00adcza\u00adny zgod\u00adnie z <strong>usta\u00adw\u0105 o podat\u00adku docho\u00addo\u00adwym<\/strong>. Wa\u017c\u00adne jest, ile masz <strong>docho\u00addu pod\u00adle\u00adga\u00adj\u0105\u00adce\u00adgo opo\u00addat\u00adko\u00adwa\u00adniu<\/strong>. Uwzgl\u0119d\u00adnia\u00adny jest r\u00f3w\u00adnie\u017c <strong>doch\u00f3d wol\u00adny od podat\u00adku<\/strong>.  <\/li>\n\n\n\n<li>P\u0142a\u00adcisz czynsz samo\u00addziel\u00adnie. Je\u015bli kto\u015b inny (np. biu\u00adro) p\u0142a\u00adci czynsz, nie otrzy\u00admasz zasi\u0142\u00adku mieszkaniowego.&nbsp;<\/li>\n<\/ul>\n\n\n\n<p>\u274c <strong>Kto nie otrzy\u00admu\u00adje zasi\u0142\u00adku miesz\u00adka\u00adnio\u00adwe\u00adgo?<\/strong><br>Oso\u00adby, kt\u00f3\u00adre otrzy\u00admu\u00adj\u0105 ju\u017c inn\u0105 pomoc pa\u0144\u00adstwa, na przy\u00adk\u0142ad, nie otrzy\u00admu\u00adj\u0105 zasi\u0142\u00adku mieszkaniowego:<\/p>\n\n\n\n<ul class=\"wp-block-list\">\n<li><strong>Zasi\u00ad\u0142ek oby\u00adwa\u00adtel\u00adski<\/strong> \u2014 <em>B\u00fcr\u00adger\u00adgeld<\/em> (daw\u00adniej zasi\u00ad\u0142ek dla bez\u00adro\u00adbot\u00adnych II lub zasi\u00ad\u0142ek socjalny)<\/li>\n\n\n\n<li>Zasi\u00ad\u0142ek przej\u00ad\u015bcio\u00adwy lub zasi\u00ad\u0142ek z tytu\u00ad\u0142u ura\u00adzu w takiej samej wyso\u00adko\u00ad\u015bci jak zasi\u00ad\u0142ek obywatelski<\/li>\n\n\n\n<li><strong>Dop\u0142a\u00adty do czyn\u00adszu<\/strong> dla sta\u00ad\u017cy\u00adst\u00f3w lub student\u00f3w<\/li>\n\n\n\n<li><strong>Pod\u00adsta\u00adwo\u00adwe wspar\u00adcie docho\u00addu w star\u00adszym wie\u00adku<\/strong> lub w przy\u00adpad\u00adku ogra\u00adni\u00adczo\u00adnej zdol\u00adno\u00ad\u015bci do zarobkowania<\/li>\n\n\n\n<li><strong>Pomoc w pokry\u00adciu kosz\u00adt\u00f3w utrzymania<\/strong><\/li>\n\n\n\n<li><strong>Pomoc w domach opie\u00adki<\/strong>, je\u015bli op\u0142a\u00adca\u00adne jest tam wy\u017cy\u00adwie\u00adnie i zakwaterowanie<\/li>\n\n\n\n<li>\u015awiad\u00adcze\u00adnia na mocy usta\u00adwy o \u015bwiad\u00adcze\u00adniach dla os\u00f3b ubie\u00adga\u00adj\u0105\u00adcych si\u0119 o&nbsp;azyl<\/li>\n\n\n\n<li><strong>Opie\u00adka nad dzie\u0107\u00admi i m\u0142o\u00addzie\u00ad\u017c\u0105<\/strong>, je\u015bli tyl\u00adko takie oso\u00adby miesz\u00adka\u00adj\u0105 w gospo\u00addar\u00adstwie domowym.<\/li>\n<\/ul>\n<\/div><\/div><\/div>\n<\/details>\n\n<h2 class=\"wp-block-heading\">\ud83d\udcdd Apli\u00adka\u00adcja onli\u00adne \u2014 <span style=\"color: #158b83;\" class=\"stk-highlight\">wnio\u00adsek o zasi\u00ad\u0142ek mieszkaniowy<\/span><\/h2>\n\n<p><strong> <a href=\"https:\/\/www.service-bw.de\/onlineantraege\/onlineantrag?prozessKey=m40191.wgeld&amp;regionIds=1919&amp;regionName=Karlsruhe&amp;ags=08212000&amp;leistungId=96&amp;processIntegrationName=karlsruhe\" rel=\"noopener\">Z\u0142\u00f3\u017c wnio\u00adsek o zasi\u00ad\u0142ek miesz\u00adka\u00adnio\u00adwy (dop\u0142a\u00adt\u0119 do czyn\u00adszu) z pomo\u00adc\u0105 w wype\u0142\u00adnie\u00adniu for\u00admu\u00adla\u00adrza (wnio\u00adsek onli\u00adne)<\/a><\/strong><br>Wnio\u00adsek onli\u00adne, for\u00admu\u00adla\u00adrza <strong>nie trze\u00adba wysy\u00ad\u0142a\u0107 pocz\u00adt\u0105<\/strong>.<\/p>\n\n<p><strong><a href=\"https:\/\/pdf.form-solutions.net:443\/metaform\/Form-Solutions\/sid\/assistant\/565c2cc50cf2c8af88350bdf\" rel=\"noopener\">Wnio\u00adsek o zasi\u00ad\u0142ek miesz\u00adka\u00adnio\u00adwy (dop\u0142a\u00adta do czyn\u00adszu) z pomo\u00adc\u0105 w wype\u0142\u00adnie\u00adniu (for\u00admu\u00adlarz do dru\u00adku)<\/a><\/strong><br>For\u00admu\u00adlarz <strong>nale\u00ad\u017cy pod\u00adpi\u00adsa\u0107 i wys\u0142a\u0107 pocz\u00adt\u0105<\/strong>.<\/p>\n\n<div class=\"wp-block-stackable-spacer stk-block-spacer stk--no-padding stk-block stk-781be68\" data-block-id=\"781be68\"><style>.stk-781be68 {height:30px !important;}<\/style><\/div>\n\n<h3 class=\"wp-block-heading\">Wyma\u00adga\u00adne dokumenty<\/h3>\n\n<ul class=\"wp-block-list\">\n<li>Dow\u00f3d licz\u00adby cz\u0142on\u00adk\u00f3w gospo\u00addar\u00adstwa domowego.<\/li>\n\n\n\n<li>Dow\u00f3d czyn\u00adszu (<strong> <a href=\"https:\/\/pdf.form-solutions.net\/metaform\/Form-Solutions\/?2&amp;releaseUserId=08212000-0001-0000&amp;releaseID=565c35410cf2c8af88350be2&amp;releaseOrganizationID=08212000-0001&amp;assistant=AS_BW620004&amp;translation=false&amp;storable=false&amp;fileUrl=https%253A%252F%252Fpdf.form-solutions.net%252Fmetaform%252FForm-Solutions%252Fsid%252Fassistant%252F565c35410cf2c8af88350be2%253Fconsent_type%253DNONE&amp;oID=22222222-2222&amp;consent_type=NONE&amp;kdnr=08212000-0001\" rel=\"noopener\">za\u015bwiad\u00adcze\u00adnie o czyn\u00adszu<\/a><\/strong>) lub obci\u0105\u00ad\u017ce\u00adnia (umo\u00adwa po\u017cyczki).<\/li>\n\n\n\n<li>Dow\u00f3d ca\u0142\u00adko\u00adwi\u00adte\u00adgo docho\u00addu gospo\u00addar\u00adstwa domo\u00adwe\u00adgo \u2014 <strong> <a href=\"https:\/\/pdf.form-solutions.net\/metaform\/Form-Solutions\/?5&amp;releaseUserId=08212000-0001-0000&amp;releaseID=565c31e50cf2c8af88350be1&amp;releaseOrganizationID=08212000-0001&amp;assistant=AS_BW620005&amp;translation=false&amp;storable=false&amp;fileUrl=https%253A%252F%252Fpdf.form-solutions.net%252Fmetaform%252FForm-Solutions%252Fsid%252Fassistant%252F565c31e50cf2c8af88350be1&amp;oID=22222222-2222&amp;kdnr=08212000-0001\" rel=\"noopener\">za\u015bwiad\u00adcze\u00adnie o zarob\u00adkach<\/a><\/strong> <br>(uzy\u00adska\u00adny doch\u00f3d, eme\u00adry\u00adtu\u00adra, zasi\u00ad\u0142ek rodzinny).<\/li>\n<\/ul>\n\n<details class=\"wp-block-stackable-accordion stk-block-accordion stk-inner-blocks stk-block-content stk-block stk-07d4c15 is-style-default\" data-block-id=\"07d4c15\">\n<summary class=\"wp-block-stackable-column stk-block-column stk-column stk-block stk-e65c357 stk--container-small stk-block-accordion__heading\" data-v=\"4\" data-block-id=\"e65c357\"><div class=\"stk-column-wrapper stk-block-column__content stk-container stk-e65c357-container stk-hover-parent\"><div class=\"stk-block-content stk-inner-blocks stk-e65c357-inner-blocks\">\n<div class=\"wp-block-stackable-icon-label stk-block-icon-label stk-block stk-0499bc5\" data-block-id=\"0499bc5\"><div class=\"stk-row stk-inner-blocks stk-block-content\">\n<div class=\"wp-block-stackable-heading stk-block-heading stk-block-heading--v2 stk-block stk-9669a49\" id=\"responsible-office\" data-block-id=\"9669a49\"><h4 class=\"stk-block-heading__text\">Odpo\u00adwie\u00addzial\u00adne&nbsp;biuro<\/h4><\/div>\n\n\n\n<div class=\"wp-block-stackable-icon stk-block-icon stk-block stk-726ee53\" data-block-id=\"726ee53\"><span class=\"stk--svg-wrapper\"><div class=\"stk--inner-svg\"><svg style=\"height:0;width:0\"><defs><linearGradient id=\"linear-gradient-726ee53\" x1=\"0\" x2=\"100%\" y1=\"0\" y2=\"0\"><stop offset=\"0%\" style=\"stop-opacity:1;stop-color:var(--linear-gradient-726-ee-53-color-1)\" \/><stop offset=\"100%\" style=\"stop-opacity:1;stop-color:var(--linear-gradient-726-ee-53-color-2)\" \/><\/linearGradient><\/defs><\/svg><svg data-prefix=\"fas\" data-icon=\"chevron-down\" class=\"svg-inline--fa fa-chevron-down fa-w-14\" viewBox=\"0 0 448 512\" aria-hidden=\"true\" width=\"32\" height=\"32\"><path fill=\"currentColor\" d=\"M207.029 381.476L12.686 187.132c-9.373-9.373-9.373-24.569 0-33.941l22.667-22.667c9.357-9.357 24.522-9.375 33.901-.04L224 284.505l154.745-154.021c9.379-9.335 24.544-9.317 33.901.04l22.667 22.667c9.373 9.373 9.373 24.569 0 33.941L240.971 381.476c-9.373 9.372-24.569 9.372-33.942 0z\" \/><\/svg><\/div><\/span><\/div>\n<\/div><\/div>\n<\/div><\/div><\/summary>\n\n\n\n<div class=\"wp-block-stackable-column stk-block-column stk-column stk-block stk-1d68d55 stk-block-accordion__content\" data-v=\"4\" data-block-id=\"1d68d55\"><div class=\"stk-column-wrapper stk-block-column__content stk-container stk-1d68d55-container stk--no-background stk--no-padding\"><div class=\"stk-block-content stk-inner-blocks stk-1d68d55-inner-blocks\">\n<div class=\"wp-block-stackable-text stk-block-text stk-block stk-fe682b6\" data-block-id=\"fe682b6\"><p class=\"stk-block-text__text\">\ud83c\udf10<strong><a href=\"https:\/\/web1.karlsruhe.de\/service\/Buergerdienste\/leistung.php?id=6002515\" rel=\"noopener\">Wohn\u00adgeld\u00adstel\u00adle<\/a><\/strong> (Urz\u0105d ds. zasi\u0142\u00adk\u00f3w miesz\u00adka\u00adnio\u00adwych)<br>\ud83d\udccd Lam\u00adm\u00adstra\u00ad\u00dfe 7 a, pok\u00f3j E 219 \u2014 E 223, 76133 <strong>Karls\u00adru\u00adhe<\/strong><br>\u260e 0721 133 6470<br>\ud83d\udce7 wohngeld@la.karlsruhe.de<\/p><\/div>\n<\/div><\/div><\/div>\n<\/details>\n","protected":false},"excerpt":{"rendered":"<p>\ud83c\udfe0 Dop\u0142a\u00adty do czyn\u00adszu dla os\u00f3b o niskich docho\u00addach Oso\u00adby o niskich docho\u00addach mog\u0105 ubie\u00adga\u0107 si\u0119 o zasi\u00ad\u0142ek miesz\u00adka\u00adnio\u00adwy (Wohn\u00adgeld). Jest to p\u0142at\u00adno\u015b\u0107 sub\u00adsy\u00addiu\u00adj\u0105\u00adca czynsz.Zasi\u00ad\u0142ek miesz\u00adka\u00adnio\u00adwy otrzy\u00admu\u00adjesz, je\u015bli nie masz&nbsp;<a class=\"moretag\" href=\"https:\/\/www.anika-net.de\/pl\/pierwsze-kroki\/zakwaterowanie\/ubieganie-sie-o-zasilek-mieszkaniowy\/\">czy\u00adtaj wi\u0119cej<\/a><\/p>\n","protected":false},"author":12,"featured_media":0,"parent":60594,"menu_order":41,"comment_status":"closed","ping_status":"closed","template":"","meta":{"_acf_changed":false,"inline_featured_image":false,"_uag_custom_page_level_css":"","wp_typography_post_enhancements_disabled":false,"footnotes":""},"class_list":["post-60602","page","type-page","status-publish","hentry"],"acf":[],"featured_image_urls_v2":{"full":"","thumbnail":"","medium":"","medium_large":"","large":"","1536x1536":"","2048x2048":"","event-overview":"","event-archive-thumb":"","grid-item-thumbnail":"","network-partner-icon":"","organiser-icon":"","gform-image-choice-sm":"","gform-image-choice-md":"","gform-image-choice-lg":""},"post_excerpt_stackable_v2":"<p>\ud83c\udfe0 Dop\u0142a\u00adty do czyn\u00adszu dla os\u00f3b o niskich docho\u00addach Oso\u00adby o niskich docho\u00addach mog\u0105 ubie\u00adga\u0107 si\u0119 o zasi\u00ad\u0142ek miesz\u00adka\u00adnio\u00adwy (Wohn\u00adgeld). Jest to p\u0142at\u00adno\u015b\u0107 sub\u00adsy\u00addiu\u00adj\u0105\u00adca czynsz.Zasi\u00ad\u0142ek miesz\u00adka\u00adnio\u00adwy otrzy\u00admu\u00adjesz, je\u015bli nie masz wystar\u00adcza\u00adj\u0105\u00adcych docho\u00add\u00f3w, aby op\u0142a\u00adci\u0107 swo\u00adje miesz\u00adka\u00adnie. Zasi\u00ad\u0142ek miesz\u00adka\u00adnio\u00adwy dla najem\u00adc\u00f3w nazy\u00adwa\u00adny jest dop\u0142a\u00adt\u0105 do czyn\u00adszu, a zasi\u00ad\u0142ek miesz\u00adka\u00adnio\u00adwy dla w\u0142a\u00ad\u015bci\u00adcie\u00adli miesz\u00adka\u0144 w\u0142a\u00adsno\u00ad\u015bcio\u00adwych nazy\u00adwa\u00adny jest dop\u0142a\u00adt\u0105 do obci\u0105\u00ad\u017ce\u0144.&nbsp; Kwo\u00adta:Zale\u00ad\u017cy od indy\u00adwi\u00addu\u00adal\u00adne\u00adgo przy\u00adpad\u00adku.Opie\u00adra si\u0119 na wiel\u00adko\u00ad\u015bci gospo\u00addar\u00adstwa domo\u00adwe\u00adgo, docho\u00addach i czyn\u00adszu lub op\u0142a\u00adtach. Czas trwa\u00adnia:Og\u00f3l\u00adnie przez 12 mie\u00adsi\u0119\u00adcy. W indy\u00adwi\u00addu\u00adal\u00adnych przy\u00adpad\u00adkach okres ten mo\u017ce by\u0107 d\u0142u\u017c\u00adszy lub kr\u00f3t\u00adszy.Je\u015bli chcesz nadal otrzy\u00admy\u00adwa\u0107 zasi\u00ad\u0142ek miesz\u00adka\u00adnio\u00adwy po up\u0142y\u00adwie tego okre\u00adsu, musisz ponow\u00adnie z\u0142o\u00ad\u017cy\u0107 wnio\u00adsek. Wymagania\u2026<\/p>\n","category_list_v2":"","author_info_v2":{"name":"Andrea Ramirez","url":"https:\/\/www.anika-net.de\/pl\/author\/andrea-ramirez\/"},"comments_num_v2":"0 comments","uagb_featured_image_src":{"full":false,"thumbnail":false,"medium":false,"medium_large":false,"large":false,"1536x1536":false,"2048x2048":false,"event-overview":false,"event-archive-thumb":false,"grid-item-thumbnail":false,"network-partner-icon":false,"organiser-icon":false,"gform-image-choice-sm":false,"gform-image-choice-md":false,"gform-image-choice-lg":false},"uagb_author_info":{"display_name":"Andrea Ramirez","author_link":"https:\/\/www.anika-net.de\/pl\/author\/andrea-ramirez\/"},"uagb_comment_info":0,"uagb_excerpt":"\ud83c\udfe0 Dop\u0142a\u00adty do czyn\u00adszu dla os\u00f3b o niskich dochodach Oso\u00adby o niskich docho\u00addach mog\u0105 ubie\u00adga\u0107 si\u0119 o zasi\u00ad\u0142ek miesz\u00adka\u00adnio\u00adwy (Wohn\u00adgeld). Jest to p\u0142at\u00adno\u015b\u0107 sub\u00adsy\u00addiu\u00adj\u0105\u00adca czynsz.Zasi\u00ad\u0142ek miesz\u00adka\u00adnio\u00adwy otrzy\u00admu\u00adjesz, je\u015bli nie masz&nbsp;czytaj wi\u0119cej","_links":{"self":[{"href":"https:\/\/www.anika-net.de\/pl\/wp-json\/wp\/v2\/pages\/60602","targetHints":{"allow":["GET"]}}],"collection":[{"href":"https:\/\/www.anika-net.de\/pl\/wp-json\/wp\/v2\/pages"}],"about":[{"href":"https:\/\/www.anika-net.de\/pl\/wp-json\/wp\/v2\/types\/page"}],"author":[{"embeddable":true,"href":"https:\/\/www.anika-net.de\/pl\/wp-json\/wp\/v2\/users\/12"}],"replies":[{"embeddable":true,"href":"https:\/\/www.anika-net.de\/pl\/wp-json\/wp\/v2\/comments?post=60602"}],"version-history":[{"count":2,"href":"https:\/\/www.anika-net.de\/pl\/wp-json\/wp\/v2\/pages\/60602\/revisions"}],"predecessor-version":[{"id":61773,"href":"https:\/\/www.anika-net.de\/pl\/wp-json\/wp\/v2\/pages\/60602\/revisions\/61773"}],"up":[{"embeddable":true,"href":"https:\/\/www.anika-net.de\/pl\/wp-json\/wp\/v2\/pages\/60594"}],"wp:attachment":[{"href":"https:\/\/www.anika-net.de\/pl\/wp-json\/wp\/v2\/media?parent=60602"}],"curies":[{"name":"wp","href":"https:\/\/api.w.org\/{rel}","templated":true}]}}