{"id":60590,"date":"2025-04-16T14:04:39","date_gmt":"2025-04-16T12:04:39","guid":{"rendered":"https:\/\/www.anika-net.de\/rodzice-z-dziecmi-w-wieku-do-szesciu-lat\/"},"modified":"2025-04-16T14:18:16","modified_gmt":"2025-04-16T12:18:16","slug":"rodzice-z-dziecmi-w-wieku-do-szesciu-lat","status":"publish","type":"page","link":"https:\/\/www.anika-net.de\/pl\/pierwsze-kroki\/dzieci-i-rodzina\/rodzice-z-dziecmi-w-wieku-do-szesciu-lat\/","title":{"rendered":"Rodzi\u00adce z dzie\u0107\u00admi w wie\u00adku do sze\u00ad\u015bciu&nbsp;lat"},"content":{"rendered":"\n<p>The <strong><a href=\"https:\/\/www.karlsruhe.de\/securedl\/sdl-eyJ0eXAiOiJKV1QiLCJhbGciOiJIUzI1NiJ9.eyJpYXQiOjE2NzkzOTcyNjIsImV4cCI6MzMyMTc2MjY0NTYsInVzZXIiOjAsImdyb3VwcyI6WzAsLTFdLCJmaWxlIjoiZmlsZWFkbWluL3VzZXJfdXBsb2FkLzAyX0JpbGR1bmdfU296aWFsZXMvT0VBX1NKQl9QREZfRGF0ZWllbi9CdVAvS2lCdWUvU3RhZHRfS2FybHNydWhlX0ZhbHRibGF0dF9TdGFydHB1bmt0X0VsdGVybmNhZmVzLnBkZiIsInBhZ2UiOjEwMDl9.oydYQ-_-RKo7nKf3qMMZN819l5lvkyF7mlOvUO5C6rk\/Stadt_Karlsruhe_Faltblatt_Startpunkt_Elterncafes.pdf\" rel=\"noopener\">Start\u00adpunkt-Eltern\u00adca\u00adf\u00e9s<\/a><\/strong> ofe\u00adru\u00adj\u0105 <strong>otwar\u00adt\u0105 kawiar\u00adni\u0119 dla rodzi\u00adc\u00f3w dla wszyst\u00adkich przy\u00adsz\u0142ych rodzi\u00adc\u00f3w oraz rodzin z nie\u00admow\u00adl\u0119\u00adta\u00admi i ma\u0142y\u00admi dzie\u0107\u00admi<\/strong>. Mo\u017c\u00adna tu spo\u00adtka\u0107 innych rodzi\u00adc\u00f3w i spe\u00adcja\u00adli\u00adst\u00f3w ds. edu\u00adka\u00adcji oraz dowie\u00addzie\u0107 si\u0119 o zaj\u0119\u00adciach i us\u0142u\u00adgach dla nie\u00admow\u00adl\u0105t i ma\u0142ych dzieci.&nbsp;<\/p>\n\n<p><strong>Opie\u00adka nad dzie\u0107\u00admi w wie\u00adku przedszkolnym<\/strong><\/p>\n\n<p>W Niem\u00adczech pra\u00adwo nie wyma\u00adga, aby dzie\u00adci ucz\u0119sz\u00adcza\u00ad\u0142y do <strong>o\u015brod\u00adka opie\u00adki dzien\u00adnej (w skr\u00f3\u00adcie: Kita).<\/strong> Jest to jed\u00adnak zde\u00adcy\u00addo\u00adwa\u00adnie zale\u00adca\u00adne, ponie\u00adwa\u017c dziec\u00adko szyb\u00adciej nauczy si\u0119 j\u0119zy\u00adka. Prze\u00adgl\u0105d pla\u00adc\u00f3\u00adwek opie\u00adki nad dzie\u0107\u00admi w wie\u00adku od 1 do 6 lat mo\u017c\u00adna zna\u00adle\u017a\u0107 na por\u00adta\u00adlu Karls\u00adru\u00adhe Kita: <a href=\"https:\/\/kitaportal.karlsruhe.de\/\" target=\"_blank\" rel=\"noreferrer noopener\">https:\/\/kitaportal.karlsruhe.de\/.<\/a> <\/p>\n\n<p>Obec\u00adnie musisz p\u0142a\u00adci\u0107 sk\u0142ad\u00adk\u0119 <strong>rodzi\u00adciel\u00adsk\u0105<\/strong>, je\u015bli Two\u00adje dziec\u00adko ucz\u0119sz\u00adcza do Kita. Sk\u0142ad\u00adka ta zale\u00ad\u017cy od dochodu.&nbsp;<\/p>\n\n<p>W przy\u00adpad\u00adku <strong>jakich\u00adkol\u00adwiek pyta\u0144 doty\u00adcz\u0105\u00adcych reje\u00adstra\u00adcji dziec\u00adka w Kita<\/strong> nale\u00ad\u017cy skon\u00adtak\u00adto\u00adwa\u0107 si\u0119 z <em>Servi\u00adce\u00adstel\u00adle Kin\u00adder\u00adta\u00adges\u00adbe\u00adtreu\u00adung<\/em> (cen\u00adtrum us\u0142ug opie\u00adki dzien\u00adnej) <strong>:<\/strong><\/p>\n\n<p><strong>Servi\u00adce\u00adstel\u00adle Kin\u00adder\u00adta\u00adges\u00adbe\u00adtreu\u00adung<\/strong><br>Tel: +49 (0)721 133 \u20115566<br>Godzi\u00adny kon\u00adsul\u00adta\u00adcji tele\u00adfo\u00adnicz\u00adnych: Ponie\u00addzia\u00ad\u0142ek 09:00 \u2014 12:00, \u015aro\u00adda 09:00 \u2014 12:00<br><a href=\"mailto:service@kita.karlsruhe.de\" data-type=\"URL\" target=\"_blank\" rel=\"noreferrer noopener\">service@kita.karlsruhe.de<\/a><\/p>\n\n<p>Nie zara\u00adbiasz wystar\u00adcza\u00adj\u0105\u00adco du\u017co, aby op\u0142a\u00adca\u0107 sk\u0142ad\u00adk\u0119 rodzi\u00adciel\u00adsk\u0105? Je\u015bli tak, mo\u017cesz <a href=\"https:\/\/www.karlsruhe.de\/bildung-soziales\/kinderbetreuung\/gebuehren-fuer-kindertagesbetreuung\" rel=\"noopener\"><strong>popro\u00adsi\u0107 o dop\u0142a\u00adt\u0119 do sk\u0142ad\u00adki<\/strong>. <\/a>  <\/p>\n\n<p><strong>Pora\u00addy doty\u00adcz\u0105\u00adce opie\u00adki dzien\u00adnej dla ma\u0142ych dzieci<\/strong><\/p>\n\n<p><strong>Pro\u00adgram Kita Entry (<a href=\"https:\/\/www.karlsruhe.de\/bildung-soziales\/kinderbetreuung\/kita-einstieg-1\" rel=\"noopener\">Kita-Ein\u00adstieg<\/a><\/strong> ) dora\u00addza i infor\u00admu\u00adje rodzi\u00adc\u00f3w o opie\u00adce nad dzie\u0107\u00admi i reje\u00adstra\u00adcji dzie\u00adci w&nbsp;Kita.<\/p>\n\n<p>Wie\u00adlo\u00adj\u0119\u00adzycz\u00adni <strong>prze\u00adwod\u00adni\u00adcy Kita (<a href=\"https:\/\/www.awo-karlsruhe.de\/leistungen\/familie-kind-und-jugend\/schulische-hilfen\/kitalotsinnen\/\" rel=\"noopener\">Kita-Lot\u00adsin\u00adnen<\/a>)<\/strong> s\u0105 dost\u0119p\u00adni, aby pom\u00f3c zare\u00adje\u00adstro\u00adwa\u0107 dziec\u00adko (dzie\u00adci) w Kita i skon\u00adtak\u00adto\u00adwa\u0107 si\u0119 z inny\u00admi dzia\u00ad\u0142a\u00adnia\u00admi i us\u0142ugami.<\/p>\n","protected":false},"excerpt":{"rendered":"<p>The Star\u00adt\u00adpunkt-Elter\u00adn\u00adca\u00ad\u00adf\u00e9s ofe\u00adru\u00adj\u0105 otwar\u00adt\u0105 kawiar\u00adni\u0119 dla rodzi\u00adc\u00f3w dla wszyst\u00adkich przy\u00adsz\u0142ych rodzi\u00adc\u00f3w oraz rodzin z nie\u00admow\u00adl\u0119\u00adta\u00admi i ma\u0142y\u00admi dzie\u0107\u00admi. Mo\u017c\u00adna tu spo\u00adtka\u0107 innych rodzi\u00adc\u00f3w i spe\u00adcja\u00adli\u00adst\u00f3w ds. edu\u00adka\u00adcji oraz dowie\u00addzie\u0107 si\u0119&nbsp;<a class=\"moretag\" href=\"https:\/\/www.anika-net.de\/pl\/pierwsze-kroki\/dzieci-i-rodzina\/rodzice-z-dziecmi-w-wieku-do-szesciu-lat\/\">czy\u00adtaj wi\u0119cej<\/a><\/p>\n","protected":false},"author":12,"featured_media":0,"parent":60605,"menu_order":0,"comment_status":"closed","ping_status":"closed","template":"","meta":{"_acf_changed":false,"inline_featured_image":false,"_uag_custom_page_level_css":"","wp_typography_post_enhancements_disabled":false,"footnotes":""},"class_list":["post-60590","page","type-page","status-publish","hentry"],"acf":[],"featured_image_urls_v2":{"full":"","thumbnail":"","medium":"","medium_large":"","large":"","1536x1536":"","2048x2048":"","event-overview":"","event-archive-thumb":"","grid-item-thumbnail":"","network-partner-icon":"","organiser-icon":"","gform-image-choice-sm":"","gform-image-choice-md":"","gform-image-choice-lg":""},"post_excerpt_stackable_v2":"<p>The Star\u00adt\u00adpunkt-Elter\u00adn\u00adca\u00ad\u00adf\u00e9s ofe\u00adru\u00adj\u0105 otwar\u00adt\u0105 kawiar\u00adni\u0119 dla rodzi\u00adc\u00f3w dla wszyst\u00adkich przy\u00adsz\u0142ych rodzi\u00adc\u00f3w oraz rodzin z nie\u00admow\u00adl\u0119\u00adta\u00admi i ma\u0142y\u00admi dzie\u0107\u00admi. Mo\u017c\u00adna tu spo\u00adtka\u0107 innych rodzi\u00adc\u00f3w i spe\u00adcja\u00adli\u00adst\u00f3w ds. edu\u00adka\u00adcji oraz dowie\u00addzie\u0107 si\u0119 o zaj\u0119\u00adciach i us\u0142u\u00adgach dla nie\u00admow\u00adl\u0105t i ma\u0142ych dzie\u00adci.&nbsp; Opie\u00adka nad dzie\u0107\u00admi w wie\u00adku przed\u00adszkol\u00adnym W Niem\u00adczech pra\u00adwo nie wyma\u00adga, aby dzie\u00adci ucz\u0119sz\u00adcza\u00ad\u0142y do o\u015brod\u00adka opie\u00adki dzien\u00adnej (w skr\u00f3\u00adcie: Kita). Jest to jed\u00adnak zde\u00adcy\u00addo\u00adwa\u00adnie zale\u00adca\u00adne, ponie\u00adwa\u017c dziec\u00adko szyb\u00adciej nauczy si\u0119 j\u0119zy\u00adka. Prze\u00adgl\u0105d pla\u00adc\u00f3\u00adwek opie\u00adki nad dzie\u0107\u00admi w wie\u00adku od 1 do 6 lat mo\u017c\u00adna zna\u00adle\u017a\u0107 na por\u00adta\u00adlu Karls\u00adru\u00adhe Kita: https:\/\/kitaportal.karlsruhe.de\/. Obec\u00adnie musisz p\u0142a\u00adci\u0107 sk\u0142ad\u00adk\u0119 rodzi\u00adciel\u00adsk\u0105, je\u015bli Two\u00adje dziec\u00adko ucz\u0119sz\u00adcza&nbsp;do\u2026<\/p>\n","category_list_v2":"","author_info_v2":{"name":"Andrea Ramirez","url":"https:\/\/www.anika-net.de\/pl\/author\/andrea-ramirez\/"},"comments_num_v2":"0 comments","uagb_featured_image_src":{"full":false,"thumbnail":false,"medium":false,"medium_large":false,"large":false,"1536x1536":false,"2048x2048":false,"event-overview":false,"event-archive-thumb":false,"grid-item-thumbnail":false,"network-partner-icon":false,"organiser-icon":false,"gform-image-choice-sm":false,"gform-image-choice-md":false,"gform-image-choice-lg":false},"uagb_author_info":{"display_name":"Andrea Ramirez","author_link":"https:\/\/www.anika-net.de\/pl\/author\/andrea-ramirez\/"},"uagb_comment_info":0,"uagb_excerpt":"The Start\u00adpunkt-Eltern\u00adca\u00adf\u00e9s ofe\u00adru\u00adj\u0105 otwar\u00adt\u0105 kawiar\u00adni\u0119 dla rodzi\u00adc\u00f3w dla wszyst\u00adkich przy\u00adsz\u0142ych rodzi\u00adc\u00f3w oraz rodzin z nie\u00admow\u00adl\u0119\u00adta\u00admi i ma\u0142y\u00admi dzie\u0107\u00admi. Mo\u017c\u00adna tu spo\u00adtka\u0107 innych rodzi\u00adc\u00f3w i spe\u00adcja\u00adli\u00adst\u00f3w ds. edu\u00adka\u00adcji oraz dowie\u00addzie\u0107 si\u0119&nbsp;czytaj wi\u0119cej","_links":{"self":[{"href":"https:\/\/www.anika-net.de\/pl\/wp-json\/wp\/v2\/pages\/60590","targetHints":{"allow":["GET"]}}],"collection":[{"href":"https:\/\/www.anika-net.de\/pl\/wp-json\/wp\/v2\/pages"}],"about":[{"href":"https:\/\/www.anika-net.de\/pl\/wp-json\/wp\/v2\/types\/page"}],"author":[{"embeddable":true,"href":"https:\/\/www.anika-net.de\/pl\/wp-json\/wp\/v2\/users\/12"}],"replies":[{"embeddable":true,"href":"https:\/\/www.anika-net.de\/pl\/wp-json\/wp\/v2\/comments?post=60590"}],"version-history":[{"count":1,"href":"https:\/\/www.anika-net.de\/pl\/wp-json\/wp\/v2\/pages\/60590\/revisions"}],"predecessor-version":[{"id":60591,"href":"https:\/\/www.anika-net.de\/pl\/wp-json\/wp\/v2\/pages\/60590\/revisions\/60591"}],"up":[{"embeddable":true,"href":"https:\/\/www.anika-net.de\/pl\/wp-json\/wp\/v2\/pages\/60605"}],"wp:attachment":[{"href":"https:\/\/www.anika-net.de\/pl\/wp-json\/wp\/v2\/media?parent=60590"}],"curies":[{"name":"wp","href":"https:\/\/api.w.org\/{rel}","templated":true}]}}