{"id":60570,"date":"2025-04-15T14:28:12","date_gmt":"2025-04-15T12:28:12","guid":{"rendered":"https:\/\/www.anika-net.de\/o-nas\/powitanie-od-burmistrza\/"},"modified":"2025-04-15T14:28:13","modified_gmt":"2025-04-15T12:28:13","slug":"powitanie-od-burmistrza","status":"publish","type":"page","link":"https:\/\/www.anika-net.de\/pl\/o-nas\/powitanie-od-burmistrza\/","title":{"rendered":"Powi\u00adta\u00adnie od burmistrza"},"content":{"rendered":"\n<p>Bur\u00admistrz Karls\u00adru\u00adhe dr Frank Men\u00adtrup wita nowych miesz\u00adka\u0144\u00adc\u00f3w Karls\u00adru\u00adhe i pole\u00adca plat\u00adfor\u00adm\u0119 wymia\u00adny soju\u00adszu Ani\u00adKA \u2014 Ankom\u00admen in Karls\u00adru\u00adhe na nowy pocz\u0105\u00adtek w mie\u015bcie.<\/p>\n\n<figure class=\"wp-block-embed is-type-video is-provider-youtube wp-block-embed-youtube wp-embed-aspect-16-9 wp-has-aspect-ratio\"><div class=\"wp-block-embed__wrapper\">\n <div class=\"brlbs-cmpnt-container brlbs-cmpnt-content-blocker brlbs-cmpnt-with-individual-styles\" data-borlabs-cookie-content-blocker-id=\"youtube-content-blocker\" data-borlabs-cookie-content=\"PGlmcmFtZSB0aXRsZT0iR3J1w59ib3RzY2hhZnQgZsO8ciBOZXV6dWdld2FuZGVydGUiIHdpZHRoPSI2NDAiIGhlaWdodD0iMzYwIiBzcmM9Imh0dHBzOi8vd3d3LnlvdXR1YmUtbm9jb29raWUuY29tL2VtYmVkL1puZ2tncEhzYUNzP2ZlYXR1cmU9b2VtYmVkIiBmcmFtZWJvcmRlcj0iMCIgYWxsb3c9ImFjY2VsZXJvbWV0ZXI7IGF1dG9wbGF5OyBjbGlwYm9hcmQtd3JpdGU7IGVuY3J5cHRlZC1tZWRpYTsgZ3lyb3Njb3BlOyBwaWN0dXJlLWluLXBpY3R1cmU7IHdlYi1zaGFyZSIgcmVmZXJyZXJwb2xpY3k9InN0cmljdC1vcmlnaW4td2hlbi1jcm9zcy1vcmlnaW4iIGFsbG93ZnVsbHNjcmVlbj48L2lmcmFtZT4=\"><div class=\"brlbs-cmpnt-cb-preset-c brlbs-cmpnt-cb-youtube\"> <div class=\"brlbs-cmpnt-cb-thumbnail\" style=\"background-image: url('https:\/\/www.anika-net.de\/wp-content\/uploads\/borlabs-cookie\/1\/yt_ZngkgpHsaCs_hqdefault.jpg')\"><\/div> <div class=\"brlbs-cmpnt-cb-main\"> <div class=\"brlbs-cmpnt-cb-play-button\"><\/div> <div class=\"brlbs-cmpnt-cb-content\"> <p class=\"brlbs-cmpnt-cb-description\">Aktu\u00adal\u00adnie wy\u015bwie\u00adtla\u00adna jest tre\u015b\u0107 zast\u0119p\u00adcza z <strong>YouTu\u00adbe<\/strong>. Aby uzy\u00adska\u0107 dost\u0119p do rze\u00adczy\u00adwi\u00adstej tre\u00ad\u015bci, klik\u00adnij poni\u017c\u00adszy przy\u00adcisk. Pami\u0119\u00adtaj, \u017ce spo\u00adwo\u00addu\u00adje to udo\u00adst\u0119p\u00adnie\u00adnie danych zewn\u0119trz\u00adnym operatorom.<\/p> <a class=\"brlbs-cmpnt-cb-provider-toggle\" href=\"#\" data-borlabs-cookie-show-provider-information role=\"button\">Wi\u0119\u00adcej infor\u00adma\u00adcji<\/a> <\/div> <div class=\"brlbs-cmpnt-cb-buttons\"> <a class=\"brlbs-cmpnt-cb-btn\" href=\"#\" data-borlabs-cookie-unblock role=\"button\">Odblo\u00adkuj tre\u015b\u0107<\/a> <a class=\"brlbs-cmpnt-cb-btn\" href=\"#\" data-borlabs-cookie-accept-service role=\"button\" style=\"display: inherit\">Zaak\u00adcep\u00adtuj wyma\u00adga\u00adn\u0105 us\u0142u\u00adg\u0119 i odblo\u00adkuj tre\u00ad\u015bci<\/a> <\/div> <\/div> <\/div><\/div>\n<\/div><\/figure>\n","protected":false},"excerpt":{"rendered":"<p>Bur\u00admistrz Karls\u00adru\u00adhe dr Frank Men\u00adtrup wita nowych miesz\u00adka\u0144\u00adc\u00f3w Karls\u00adru\u00adhe i pole\u00adca plat\u00adfor\u00adm\u0119 wymia\u00adny soju\u00adszu Ani\u00adKA \u2014 Ankom\u00admen in Karls\u00adru\u00adhe na nowy pocz\u0105\u00adtek w mie\u015bcie.<\/p>\n","protected":false},"author":12,"featured_media":35082,"parent":60569,"menu_order":0,"comment_status":"closed","ping_status":"closed","template":"","meta":{"_acf_changed":false,"inline_featured_image":false,"_uag_custom_page_level_css":"","wp_typography_post_enhancements_disabled":false,"footnotes":""},"class_list":["post-60570","page","type-page","status-publish","has-post-thumbnail","hentry"],"acf":[],"featured_image_urls_v2":{"full":["https:\/\/www.anika-net.de\/wp-content\/uploads\/2023\/03\/welcome-360x200-1.jpg",360,200,false],"thumbnail":["https:\/\/www.anika-net.de\/wp-content\/uploads\/2023\/03\/welcome-360x200-1-150x150.jpg",150,150,true],"medium":["https:\/\/www.anika-net.de\/wp-content\/uploads\/2023\/03\/welcome-360x200-1-300x167.jpg",300,167,true],"medium_large":["https:\/\/www.anika-net.de\/wp-content\/uploads\/2023\/03\/welcome-360x200-1.jpg",360,200,false],"large":["https:\/\/www.anika-net.de\/wp-content\/uploads\/2023\/03\/welcome-360x200-1.jpg",360,200,false],"1536x1536":["https:\/\/www.anika-net.de\/wp-content\/uploads\/2023\/03\/welcome-360x200-1.jpg",360,200,false],"2048x2048":["https:\/\/www.anika-net.de\/wp-content\/uploads\/2023\/03\/welcome-360x200-1.jpg",360,200,false],"event-overview":["https:\/\/www.anika-net.de\/wp-content\/uploads\/2023\/03\/welcome-360x200-1.jpg",360,200,false],"event-archive-thumb":["https:\/\/www.anika-net.de\/wp-content\/uploads\/2023\/03\/welcome-360x200-1.jpg",360,200,false],"grid-item-thumbnail":["https:\/\/www.anika-net.de\/wp-content\/uploads\/2023\/03\/welcome-360x200-1-360x200.jpg",360,200,true],"network-partner-icon":["https:\/\/www.anika-net.de\/wp-content\/uploads\/2023\/03\/welcome-360x200-1-100x100.jpg",100,100,true],"organiser-icon":["https:\/\/www.anika-net.de\/wp-content\/uploads\/2023\/03\/welcome-360x200-1-200x200.jpg",200,200,true],"gform-image-choice-sm":["https:\/\/www.anika-net.de\/wp-content\/uploads\/2023\/03\/welcome-360x200-1.jpg",300,167,false],"gform-image-choice-md":["https:\/\/www.anika-net.de\/wp-content\/uploads\/2023\/03\/welcome-360x200-1.jpg",360,200,false],"gform-image-choice-lg":["https:\/\/www.anika-net.de\/wp-content\/uploads\/2023\/03\/welcome-360x200-1.jpg",360,200,false]},"post_excerpt_stackable_v2":"<p>Bur\u00admistrz Karls\u00adru\u00adhe dr Frank Men\u00adtrup wita nowych miesz\u00adka\u0144\u00adc\u00f3w Karls\u00adru\u00adhe i pole\u00adca plat\u00adfor\u00adm\u0119 wymia\u00adny soju\u00adszu Ani\u00adKA \u2014 Ankom\u00admen in Karls\u00adru\u00adhe na nowy pocz\u0105\u00adtek w mie\u00ad\u015bcie. Aktu\u00adal\u00adnie wy\u015bwie\u00adtla\u00adna jest tre\u015b\u0107 zast\u0119p\u00adcza z YouTu\u00adbe. Aby uzy\u00adska\u0107 dost\u0119p do rze\u00adczy\u00adwi\u00adstej tre\u00ad\u015bci, klik\u00adnij poni\u017c\u00adszy przy\u00adcisk. Pami\u0119\u00adtaj, \u017ce spo\u00adwo\u00addu\u00adje to udo\u00adst\u0119p\u00adnie\u00adnie danych zewn\u0119trz\u00adnym ope\u00adra\u00adto\u00adrom. Wi\u0119\u00adcej infor\u00adma\u00adcji Odblo\u00adkuj tre\u015b\u0107 Zaak\u00adcep\u00adtuj wyma\u00adga\u00adn\u0105 us\u0142u\u00adg\u0119 i odblo\u00adkuj tre\u015bci<\/p>\n","category_list_v2":"","author_info_v2":{"name":"Andrea Ramirez","url":"https:\/\/www.anika-net.de\/pl\/author\/andrea-ramirez\/"},"comments_num_v2":"0 comments","uagb_featured_image_src":{"full":["https:\/\/www.anika-net.de\/wp-content\/uploads\/2023\/03\/welcome-360x200-1.jpg",360,200,false],"thumbnail":["https:\/\/www.anika-net.de\/wp-content\/uploads\/2023\/03\/welcome-360x200-1-150x150.jpg",150,150,true],"medium":["https:\/\/www.anika-net.de\/wp-content\/uploads\/2023\/03\/welcome-360x200-1-300x167.jpg",300,167,true],"medium_large":["https:\/\/www.anika-net.de\/wp-content\/uploads\/2023\/03\/welcome-360x200-1.jpg",360,200,false],"large":["https:\/\/www.anika-net.de\/wp-content\/uploads\/2023\/03\/welcome-360x200-1.jpg",360,200,false],"1536x1536":["https:\/\/www.anika-net.de\/wp-content\/uploads\/2023\/03\/welcome-360x200-1.jpg",360,200,false],"2048x2048":["https:\/\/www.anika-net.de\/wp-content\/uploads\/2023\/03\/welcome-360x200-1.jpg",360,200,false],"event-overview":["https:\/\/www.anika-net.de\/wp-content\/uploads\/2023\/03\/welcome-360x200-1.jpg",360,200,false],"event-archive-thumb":["https:\/\/www.anika-net.de\/wp-content\/uploads\/2023\/03\/welcome-360x200-1.jpg",360,200,false],"grid-item-thumbnail":["https:\/\/www.anika-net.de\/wp-content\/uploads\/2023\/03\/welcome-360x200-1-360x200.jpg",360,200,true],"network-partner-icon":["https:\/\/www.anika-net.de\/wp-content\/uploads\/2023\/03\/welcome-360x200-1-100x100.jpg",100,100,true],"organiser-icon":["https:\/\/www.anika-net.de\/wp-content\/uploads\/2023\/03\/welcome-360x200-1-200x200.jpg",200,200,true],"gform-image-choice-sm":["https:\/\/www.anika-net.de\/wp-content\/uploads\/2023\/03\/welcome-360x200-1.jpg",300,167,false],"gform-image-choice-md":["https:\/\/www.anika-net.de\/wp-content\/uploads\/2023\/03\/welcome-360x200-1.jpg",360,200,false],"gform-image-choice-lg":["https:\/\/www.anika-net.de\/wp-content\/uploads\/2023\/03\/welcome-360x200-1.jpg",360,200,false]},"uagb_author_info":{"display_name":"Andrea Ramirez","author_link":"https:\/\/www.anika-net.de\/pl\/author\/andrea-ramirez\/"},"uagb_comment_info":0,"uagb_excerpt":"Bur\u00admistrz Karls\u00adru\u00adhe dr Frank Men\u00adtrup wita nowych miesz\u00adka\u0144\u00adc\u00f3w Karls\u00adru\u00adhe i pole\u00adca plat\u00adfor\u00adm\u0119 wymia\u00adny soju\u00adszu Ani\u00adKA \u2014 Ankom\u00admen in Karls\u00adru\u00adhe na nowy pocz\u0105\u00adtek w mie\u015bcie.","_links":{"self":[{"href":"https:\/\/www.anika-net.de\/pl\/wp-json\/wp\/v2\/pages\/60570","targetHints":{"allow":["GET"]}}],"collection":[{"href":"https:\/\/www.anika-net.de\/pl\/wp-json\/wp\/v2\/pages"}],"about":[{"href":"https:\/\/www.anika-net.de\/pl\/wp-json\/wp\/v2\/types\/page"}],"author":[{"embeddable":true,"href":"https:\/\/www.anika-net.de\/pl\/wp-json\/wp\/v2\/users\/12"}],"replies":[{"embeddable":true,"href":"https:\/\/www.anika-net.de\/pl\/wp-json\/wp\/v2\/comments?post=60570"}],"version-history":[{"count":1,"href":"https:\/\/www.anika-net.de\/pl\/wp-json\/wp\/v2\/pages\/60570\/revisions"}],"predecessor-version":[{"id":60571,"href":"https:\/\/www.anika-net.de\/pl\/wp-json\/wp\/v2\/pages\/60570\/revisions\/60571"}],"up":[{"embeddable":true,"href":"https:\/\/www.anika-net.de\/pl\/wp-json\/wp\/v2\/pages\/60569"}],"wp:featuredmedia":[{"embeddable":true,"href":"https:\/\/www.anika-net.de\/pl\/wp-json\/wp\/v2\/media\/35082"}],"wp:attachment":[{"href":"https:\/\/www.anika-net.de\/pl\/wp-json\/wp\/v2\/media?parent=60570"}],"curies":[{"name":"wp","href":"https:\/\/api.w.org\/{rel}","templated":true}]}}