{"id":60567,"date":"2025-04-15T14:25:43","date_gmt":"2025-04-15T12:25:43","guid":{"rendered":"https:\/\/www.anika-net.de\/rachunek-biezacy\/"},"modified":"2025-04-16T14:28:27","modified_gmt":"2025-04-16T12:28:27","slug":"rachunek-biezacy","status":"publish","type":"page","link":"https:\/\/www.anika-net.de\/pl\/pierwsze-kroki\/konto-bankowe\/rachunek-biezacy\/","title":{"rendered":"Rachu\u00adnek bie\u017c\u0105cy"},"content":{"rendered":"\n<p>W Niem\u00adczech potrzeb\u00adne jest kon\u00adto ban\u00adko\u00adwe \u2014 naj\u00adle\u00adpiej <em>Giro\u00adkon\u00adto<\/em> (rachu\u00adnek bie\u00ad\u017c\u0105\u00adcy). Mo\u017cesz u\u017cy\u00adwa\u0107 tego kon\u00adta do p\u0142a\u00adce\u00adnia czyn\u00adszu prze\u00adle\u00adwem ban\u00adko\u00adwym lub otrzy\u00admy\u00adwa\u00adnia wyna\u00adgro\u00addze\u00adnia i innych \u015bwiad\u00adcze\u0144. Mo\u017cesz otwo\u00adrzy\u0107 kon\u00adto w wybra\u00adnym przez sie\u00adbie ban\u00adku. Uzy\u00adskaj pora\u00add\u0119: nie\u00adkt\u00f3\u00adre ban\u00adki pobie\u00adra\u00adj\u0105 mie\u00adsi\u0119cz\u00adn\u0105 op\u0142a\u00adt\u0119 za pro\u00adwa\u00addze\u00adnie <strong>kon\u00adta (<em>Kon\u00adto\u00adf\u00fch\u00adrungs\u00adge\u00adb\u00fchr<\/em> )<\/strong>. Zapy\u00adtaj bank o wyso\u00adko\u015b\u0107&nbsp;op\u0142at.&nbsp;<\/p>\n\n<p><strong>Co powi\u00adnie\u00adnem ze sob\u0105 zabra\u0107?<\/strong><\/p>\n\n<p>Do otwar\u00adcia kon\u00adta ban\u00adko\u00adwe\u00adgo potrzeb\u00adny jest dow\u00f3d oso\u00adbi\u00adsty, pasz\u00adport i\/lub zezwo\u00adle\u00adnie na&nbsp;pobyt.<\/p>\n\n<ul class=\"wp-block-list\"><li>Wska\u00adz\u00f3w\u00adka: Wyp\u0142a\u00adta pie\u00adni\u0119\u00addzy z inne\u00adgo ban\u00adku mo\u017ce wi\u0105\u00adza\u0107 si\u0119 z op\u0142a\u00adta\u00admi. Dobrym pomy\u00ads\u0142em jest zapy\u00adta\u00adnie ban\u00adku, w kt\u00f3\u00adrych innych ban\u00adkach mo\u017c\u00adna bez\u00adp\u0142at\u00adnie wyp\u0142a\u00adca\u0107 pieni\u0105dze.&nbsp;<\/li><\/ul>\n\n<ul class=\"wp-block-list\"><li>W przy\u00adpad\u00adku prze\u00adpro\u00adwadz\u00adki do nowe\u00adgo miesz\u00adka\u00adnia nale\u00ad\u017cy zg\u0142o\u00adsi\u0107 ban\u00adko\u00adwi nowy&nbsp;adres.<\/li><\/ul>\n","protected":false},"excerpt":{"rendered":"<p>W Niem\u00adczech potrzeb\u00adne jest kon\u00adto ban\u00adko\u00adwe \u2014 naj\u00adle\u00adpiej Giro\u00adkon\u00adto (rachu\u00adnek bie\u00ad\u017c\u0105\u00adcy). Mo\u017cesz u\u017cy\u00adwa\u0107 tego kon\u00adta do p\u0142a\u00adce\u00adnia czyn\u00adszu prze\u00adle\u00adwem ban\u00adko\u00adwym lub otrzy\u00admy\u00adwa\u00adnia wyna\u00adgro\u00addze\u00adnia i innych \u015bwiad\u00adcze\u0144. Mo\u017cesz otwo\u00adrzy\u0107 kon\u00adto w&nbsp;<a class=\"moretag\" href=\"https:\/\/www.anika-net.de\/pl\/pierwsze-kroki\/konto-bankowe\/rachunek-biezacy\/\">czy\u00adtaj wi\u0119cej<\/a><\/p>\n","protected":false},"author":12,"featured_media":0,"parent":60616,"menu_order":0,"comment_status":"closed","ping_status":"closed","template":"","meta":{"_acf_changed":false,"inline_featured_image":false,"_uag_custom_page_level_css":"","wp_typography_post_enhancements_disabled":false,"footnotes":""},"class_list":["post-60567","page","type-page","status-publish","hentry"],"acf":[],"featured_image_urls_v2":{"full":"","thumbnail":"","medium":"","medium_large":"","large":"","1536x1536":"","2048x2048":"","event-overview":"","event-archive-thumb":"","grid-item-thumbnail":"","network-partner-icon":"","organiser-icon":"","gform-image-choice-sm":"","gform-image-choice-md":"","gform-image-choice-lg":""},"post_excerpt_stackable_v2":"<p>W Niem\u00adczech potrzeb\u00adne jest kon\u00adto ban\u00adko\u00adwe \u2014 naj\u00adle\u00adpiej Giro\u00adkon\u00adto (rachu\u00adnek bie\u00ad\u017c\u0105\u00adcy). Mo\u017cesz u\u017cy\u00adwa\u0107 tego kon\u00adta do p\u0142a\u00adce\u00adnia czyn\u00adszu prze\u00adle\u00adwem ban\u00adko\u00adwym lub otrzy\u00admy\u00adwa\u00adnia wyna\u00adgro\u00addze\u00adnia i innych \u015bwiad\u00adcze\u0144. Mo\u017cesz otwo\u00adrzy\u0107 kon\u00adto w wybra\u00adnym przez sie\u00adbie ban\u00adku. Uzy\u00adskaj pora\u00add\u0119: nie\u00adkt\u00f3\u00adre ban\u00adki pobie\u00adra\u00adj\u0105 mie\u00adsi\u0119cz\u00adn\u0105 op\u0142a\u00adt\u0119 za pro\u00adwa\u00addze\u00adnie kon\u00adta (Kon\u00adto\u00adf\u00fch\u00adrungs\u00adge\u00adb\u00fchr ). Zapy\u00adtaj bank o wyso\u00adko\u015b\u0107&nbsp;op\u0142at.&nbsp; Co powi\u00adnie\u00adnem ze sob\u0105 zabra\u0107? Do otwar\u00adcia kon\u00adta ban\u00adko\u00adwe\u00adgo potrzeb\u00adny jest dow\u00f3d oso\u00adbi\u00adsty, pasz\u00adport i\/lub zezwo\u00adle\u00adnie na&nbsp;pobyt. Wska\u00adz\u00f3w\u00adka: Wyp\u0142a\u00adta pie\u00adni\u0119\u00addzy z inne\u00adgo ban\u00adku mo\u017ce wi\u0105\u00adza\u0107 si\u0119 z op\u0142a\u00adta\u00admi. Dobrym pomy\u00ads\u0142em jest zapy\u00adta\u00adnie ban\u00adku, w kt\u00f3\u00adrych innych ban\u00adkach mo\u017c\u00adna bez\u00adp\u0142at\u00adnie wyp\u0142a\u00adca\u0107 pie\u00adni\u0105\u00addze.&nbsp; W przy\u00adpad\u00adku prze\u00adpro\u00adwadz\u00adki do nowe\u00adgo miesz\u00adka\u00adnia nale\u00ad\u017cy zg\u0142o\u00adsi\u0107 bankowi\u2026<\/p>\n","category_list_v2":"","author_info_v2":{"name":"Andrea Ramirez","url":"https:\/\/www.anika-net.de\/pl\/author\/andrea-ramirez\/"},"comments_num_v2":"0 comments","uagb_featured_image_src":{"full":false,"thumbnail":false,"medium":false,"medium_large":false,"large":false,"1536x1536":false,"2048x2048":false,"event-overview":false,"event-archive-thumb":false,"grid-item-thumbnail":false,"network-partner-icon":false,"organiser-icon":false,"gform-image-choice-sm":false,"gform-image-choice-md":false,"gform-image-choice-lg":false},"uagb_author_info":{"display_name":"Andrea Ramirez","author_link":"https:\/\/www.anika-net.de\/pl\/author\/andrea-ramirez\/"},"uagb_comment_info":0,"uagb_excerpt":"W Niem\u00adczech potrzeb\u00adne jest kon\u00adto ban\u00adko\u00adwe \u2014 naj\u00adle\u00adpiej Giro\u00adkon\u00adto (rachu\u00adnek bie\u00ad\u017c\u0105\u00adcy). Mo\u017cesz u\u017cy\u00adwa\u0107 tego kon\u00adta do p\u0142a\u00adce\u00adnia czyn\u00adszu prze\u00adle\u00adwem ban\u00adko\u00adwym lub otrzy\u00admy\u00adwa\u00adnia wyna\u00adgro\u00addze\u00adnia i innych \u015bwiad\u00adcze\u0144. Mo\u017cesz otwo\u00adrzy\u0107 kon\u00adto w&nbsp;czytaj wi\u0119cej","_links":{"self":[{"href":"https:\/\/www.anika-net.de\/pl\/wp-json\/wp\/v2\/pages\/60567","targetHints":{"allow":["GET"]}}],"collection":[{"href":"https:\/\/www.anika-net.de\/pl\/wp-json\/wp\/v2\/pages"}],"about":[{"href":"https:\/\/www.anika-net.de\/pl\/wp-json\/wp\/v2\/types\/page"}],"author":[{"embeddable":true,"href":"https:\/\/www.anika-net.de\/pl\/wp-json\/wp\/v2\/users\/12"}],"replies":[{"embeddable":true,"href":"https:\/\/www.anika-net.de\/pl\/wp-json\/wp\/v2\/comments?post=60567"}],"version-history":[{"count":1,"href":"https:\/\/www.anika-net.de\/pl\/wp-json\/wp\/v2\/pages\/60567\/revisions"}],"predecessor-version":[{"id":60568,"href":"https:\/\/www.anika-net.de\/pl\/wp-json\/wp\/v2\/pages\/60567\/revisions\/60568"}],"up":[{"embeddable":true,"href":"https:\/\/www.anika-net.de\/pl\/wp-json\/wp\/v2\/pages\/60616"}],"wp:attachment":[{"href":"https:\/\/www.anika-net.de\/pl\/wp-json\/wp\/v2\/media?parent=60567"}],"curies":[{"name":"wp","href":"https:\/\/api.w.org\/{rel}","templated":true}]}}