{"id":60565,"date":"2025-04-15T14:23:00","date_gmt":"2025-04-15T12:23:00","guid":{"rendered":"https:\/\/www.anika-net.de\/uznawanie-zagranicznych-kwalifikacji-zawodowych\/"},"modified":"2025-04-16T14:08:00","modified_gmt":"2025-04-16T12:08:00","slug":"uznawanie-zagranicznych-kwalifikacji-zawodowych","status":"publish","type":"page","link":"https:\/\/www.anika-net.de\/pl\/pierwsze-kroki\/praca\/uznawanie-zagranicznych-kwalifikacji-zawodowych\/","title":{"rendered":"Uzna\u00adwa\u00adnie zagra\u00adnicz\u00adnych kwa\u00adli\u00adfi\u00adka\u00adcji zawodowych"},"content":{"rendered":"\n<p>Czy uko\u0144czy\u0142e\u015b(-a\u015b) szko\u00ad\u0142\u0119, prak\u00adty\u00adk\u0119 lub stu\u00addia w innym kra\u00adju?  <br>Je\u015bli tak, Tw\u00f3j dyplom mo\u017ce zosta\u0107 spraw\u00addzo\u00adny i uzna\u00adny w Niemczech.<\/p>\n\n<p>Dowiedz si\u0119, czy Two\u00adje kwa\u00adli\u00adfi\u00adka\u00adcje musz\u0105 zosta\u0107 uzna\u00adne, aby\u015b m\u00f3g\u0142 pra\u00adco\u00adwa\u0107 w swo\u00adim zawo\u00addzie na stro\u00adnie <a href=\"http:\/\/www.anerkennung-in-deutschland.de\" target=\"_blank\" data-type=\"URL\" data-id=\"www.anerkennung-in-deutschland.de\" rel=\"noreferrer noopener\">www.anerkennung-in-deutschland.de.<\/a><\/p>\n\n<p><\/p>\n\n<p>Zadzwo\u0144 na info\u00adli\u00adni\u0119 \u201cPra\u00adca i \u017cycie w Niem\u00adczech<strong>\u201d, je\u015bli masz pyta\u00adnia doty\u00adcz\u0105\u00adce uzna\u00adwa\u00adnia kwa\u00adli\u00adfi\u00adka\u00adcji, poszu\u00adki\u00adwa\u00adnia pra\u00adcy, wjaz\u00addu i poby\u00adtu lub nauki j\u0119zy\u00adka nie\u00admiec\u00adkie\u00adgo<\/strong> (us\u0142u\u00adga jest dost\u0119p\u00adna w j\u0119zy\u00adku nie\u00admiec\u00adkim i angielskim).&nbsp;<\/p>\n\n<p><strong>Mo\u017c\u00adna dzwo\u00adni\u0107 od ponie\u00addzia\u0142\u00adku do pi\u0105t\u00adku:<\/strong> 08:00 \u2014 16:00 <br>\ud83d\udcde 49 (0)30 1815\u20131111.<br><\/p>\n\n<p><strong>Sie\u0107 IQ w ibz mo\u017ce dora\u00addzi\u0107 w zakre\u00adsie uzna\u00adwa\u00adnia zagra\u00adnicz\u00adnych kwa\u00adli\u00adfi\u00adka\u00adcji edu\u00adka\u00adcyj\u00adnych i zawodowych.<\/strong><\/p>\n\n<p class=\"has-black-color has-light-green-cyan-background-color has-text-color has-background\"><strong>Kon\u00adtakt<\/strong><br>\ud83d\udcde +49 (0)621 \/ 43 77 31 13 <br>\ud83d\udce7 <a href=\"mailto:anerkennung@ikubiz.de\" data-type=\"URL\" target=\"_blank\" rel=\"noreferrer noopener\">anerkennung@ikubiz.de<\/a><br><strong>Um\u00f3w si\u0119 na spo\u00adtka\u00adnie<\/strong><br>https:\/\/www.iq-webapp.de\/anmeldung-bw<\/p>\n\n<p class=\"has-black-color has-text-color has-background\" style=\"background-color:#e2d77f\"><strong>IQ-Network w Arbe\u00adit\u00adsa\u00adgen\u00adtur Karls\u00adru\u00adhe-Rastatt<\/strong><br>Arbe\u00adit\u00adsa\u00adgen\u00adtur Karls\u00adru\u00adhe-Rastatt, Beru\u00adfsin\u00adfor\u00adma\u00adtion\u00adszen\u00adtrum (BiZ)<br>\ud83d\udccd Brau\u00aderstr. 10<br>76135 Karls\u00adru\u00adhe <br><strong>Inter\u00adnet:<\/strong><a href=\"http:\/\/www.arbeitsagentur.de\/vor-ort\/karlsruhe-rastatt\/anerkennungsberatung\" target=\"_blank\" rel=\"noreferrer noopener\"> www.arbeitsagentur.de\/vor-ort\/karlsruhe-rastatt\/anerkennungsberatung<\/a><\/p>\n\n<p class=\"has-black-color has-text-color has-background\" style=\"background-color:#9ac6da\"><strong>IQ-Network w ibz<\/strong><br>\ud83d\udccdKaise\u00adral\u00adlee 12d<br>76133 Karls\u00adru\u00adhe<br><strong>Tyl\u00adko po wcze\u00ad\u015bniej\u00adszym um\u00f3\u00adwie\u00adniu<\/strong><br><strong>Inter\u00adnet:<\/strong> <a href=\"https:\/\/www.anika-net.de\/event\/recognition-of-foreign-professional-qualifications\/\">https:\/\/www.anika-net.de\/event\/recognition-of-foreign-professional-qualifications\/<\/a><\/p>\n","protected":false},"excerpt":{"rendered":"<p>Czy uko\u0144czy\u0142e\u015b(-a\u015b) szko\u00ad\u0142\u0119, prak\u00adty\u00adk\u0119 lub stu\u00addia w innym kra\u00adju? Je\u015bli tak, Tw\u00f3j dyplom mo\u017ce zosta\u0107 spraw\u00addzo\u00adny i uzna\u00adny w Niem\u00adczech. Dowiedz si\u0119, czy Two\u00adje kwa\u00adli\u00adfi\u00adka\u00adcje musz\u0105 zosta\u0107 uzna\u00adne, aby\u015b m\u00f3g\u0142&nbsp;<a class=\"moretag\" href=\"https:\/\/www.anika-net.de\/pl\/pierwsze-kroki\/praca\/uznawanie-zagranicznych-kwalifikacji-zawodowych\/\">czy\u00adtaj wi\u0119cej<\/a><\/p>\n","protected":false},"author":12,"featured_media":0,"parent":60604,"menu_order":0,"comment_status":"closed","ping_status":"closed","template":"","meta":{"_acf_changed":false,"inline_featured_image":false,"_uag_custom_page_level_css":"","wp_typography_post_enhancements_disabled":false,"footnotes":""},"class_list":["post-60565","page","type-page","status-publish","hentry"],"acf":[],"featured_image_urls_v2":{"full":"","thumbnail":"","medium":"","medium_large":"","large":"","1536x1536":"","2048x2048":"","event-overview":"","event-archive-thumb":"","grid-item-thumbnail":"","network-partner-icon":"","organiser-icon":"","gform-image-choice-sm":"","gform-image-choice-md":"","gform-image-choice-lg":""},"post_excerpt_stackable_v2":"<p>Czy uko\u0144czy\u0142e\u015b(-a\u015b) szko\u00ad\u0142\u0119, prak\u00adty\u00adk\u0119 lub stu\u00addia w innym kra\u00adju? Je\u015bli tak, Tw\u00f3j dyplom mo\u017ce zosta\u0107 spraw\u00addzo\u00adny i uzna\u00adny w Niem\u00adczech. Dowiedz si\u0119, czy Two\u00adje kwa\u00adli\u00adfi\u00adka\u00adcje musz\u0105 zosta\u0107 uzna\u00adne, aby\u015b m\u00f3g\u0142 pra\u00adco\u00adwa\u0107 w swo\u00adim zawo\u00addzie na stro\u00adnie www.anerkennung-in-deutschland.de. Zadzwo\u0144 na info\u00adli\u00adni\u0119 \u201cPra\u00adca i \u017cycie w Niem\u00adczech\u201d, je\u015bli masz pyta\u00adnia doty\u00adcz\u0105\u00adce uzna\u00adwa\u00adnia kwa\u00adli\u00adfi\u00adka\u00adcji, poszu\u00adki\u00adwa\u00adnia pra\u00adcy, wjaz\u00addu i poby\u00adtu lub nauki j\u0119zy\u00adka nie\u00admiec\u00adkie\u00adgo (us\u0142u\u00adga jest dost\u0119p\u00adna w j\u0119zy\u00adku nie\u00admiec\u00adkim i angiel\u00adskim).&nbsp; Mo\u017c\u00adna dzwo\u00adni\u0107 od ponie\u00addzia\u0142\u00adku do pi\u0105t\u00adku: 08:00 \u2014 16:00 \ud83d\udcde 49 (0)30 1815\u20131111. Sie\u0107 IQ w ibz mo\u017ce dora\u00addzi\u0107 w zakre\u00adsie uzna\u00adwa\u00adnia zagra\u00adnicz\u00adnych kwa\u00adli\u00adfi\u00adka\u00adcji edu\u00adka\u00adcyj\u00adnych i zawo\u00addo\u00adwych. Kon\u00adtakt\ud83d\udcde +49 (0)621 \/&nbsp;43\u2026<\/p>\n","category_list_v2":"","author_info_v2":{"name":"Andrea Ramirez","url":"https:\/\/www.anika-net.de\/pl\/author\/andrea-ramirez\/"},"comments_num_v2":"0 comments","uagb_featured_image_src":{"full":false,"thumbnail":false,"medium":false,"medium_large":false,"large":false,"1536x1536":false,"2048x2048":false,"event-overview":false,"event-archive-thumb":false,"grid-item-thumbnail":false,"network-partner-icon":false,"organiser-icon":false,"gform-image-choice-sm":false,"gform-image-choice-md":false,"gform-image-choice-lg":false},"uagb_author_info":{"display_name":"Andrea Ramirez","author_link":"https:\/\/www.anika-net.de\/pl\/author\/andrea-ramirez\/"},"uagb_comment_info":0,"uagb_excerpt":"Czy uko\u0144czy\u0142e\u015b(-a\u015b) szko\u00ad\u0142\u0119, prak\u00adty\u00adk\u0119 lub stu\u00addia w innym kra\u00adju? Je\u015bli tak, Tw\u00f3j dyplom mo\u017ce zosta\u0107 spraw\u00addzo\u00adny i uzna\u00adny w Niemczech. Dowiedz si\u0119, czy Two\u00adje kwa\u00adli\u00adfi\u00adka\u00adcje musz\u0105 zosta\u0107 uzna\u00adne, aby\u015b m\u00f3g\u0142&nbsp;czytaj wi\u0119cej","_links":{"self":[{"href":"https:\/\/www.anika-net.de\/pl\/wp-json\/wp\/v2\/pages\/60565","targetHints":{"allow":["GET"]}}],"collection":[{"href":"https:\/\/www.anika-net.de\/pl\/wp-json\/wp\/v2\/pages"}],"about":[{"href":"https:\/\/www.anika-net.de\/pl\/wp-json\/wp\/v2\/types\/page"}],"author":[{"embeddable":true,"href":"https:\/\/www.anika-net.de\/pl\/wp-json\/wp\/v2\/users\/12"}],"replies":[{"embeddable":true,"href":"https:\/\/www.anika-net.de\/pl\/wp-json\/wp\/v2\/comments?post=60565"}],"version-history":[{"count":1,"href":"https:\/\/www.anika-net.de\/pl\/wp-json\/wp\/v2\/pages\/60565\/revisions"}],"predecessor-version":[{"id":60566,"href":"https:\/\/www.anika-net.de\/pl\/wp-json\/wp\/v2\/pages\/60565\/revisions\/60566"}],"up":[{"embeddable":true,"href":"https:\/\/www.anika-net.de\/pl\/wp-json\/wp\/v2\/pages\/60604"}],"wp:attachment":[{"href":"https:\/\/www.anika-net.de\/pl\/wp-json\/wp\/v2\/media?parent=60565"}],"curies":[{"name":"wp","href":"https:\/\/api.w.org\/{rel}","templated":true}]}}