{"id":60557,"date":"2025-04-15T14:21:28","date_gmt":"2025-04-15T12:21:28","guid":{"rendered":"https:\/\/www.anika-net.de\/rejestracja-u-dostawcy-uslug-komunalnych\/"},"modified":"2025-04-16T14:05:54","modified_gmt":"2025-04-16T12:05:54","slug":"rejestracja-u-dostawcy-uslug-komunalnych","status":"publish","type":"page","link":"https:\/\/www.anika-net.de\/pl\/pierwsze-kroki\/zakwaterowanie\/rejestracja-u-dostawcy-uslug-komunalnych\/","title":{"rendered":"Reje\u00adstra\u00adcja u dostaw\u00adcy us\u0142ug komunalnych"},"content":{"rendered":"\n<p>Upew\u00adnij si\u0119, \u017ce op\u0142a\u00adty za media s\u0105 wli\u00adczo\u00adne w czynsz. Zazwy\u00adczaj wystar\u00adczy zare\u00adje\u00adstro\u00adwa\u0107 si\u0119 u dostaw\u00adcy ener\u00adgii elek\u00adtrycz\u00adnej lub gazu. Mo\u017cesz to zro\u00adbi\u0107 w Stad\u00adtwer\u00adke Karls\u00adru\u00adhe \u2014 miej\u00adskim przed\u00adsi\u0119\u00adbior\u00adstwie u\u017cy\u00adtecz\u00adno\u00ad\u015bci publicz\u00adnej \u2014 lub u innych dostaw\u00adc\u00f3w. Pomoc\u00adne i wygod\u00adne jest skon\u00adfi\u00adgu\u00adro\u00adwa\u00adnie pole\u00adce\u00adnia zap\u0142a\u00adty SEPA w ban\u00adku. Kosz\u00adty ener\u00adgii elek\u00adtrycz\u00adnej b\u0119d\u0105 w\u00f3w\u00adczas co mie\u00adsi\u0105c pobie\u00adra\u00adne bez\u00adpo\u00ad\u015bred\u00adnio z&nbsp;konta.&nbsp;<\/p>\n\n<div class=\"wp-block-ugb-columns ugb-columns ugb-3924ed6 ugb-columns--design-plain ugb-columns--columns-3 ugb-main-block\"><div class=\"ugb-inner-block\"><div class=\"ugb-block-content\"><div class=\"ugb-columns__item ugb-3924ed6-content-wrapper\">\n<div class=\"wp-block-ugb-column ugb-column ugb-818e557 ugb-column--design-plain ugb-main-block\"><div class=\"ugb-inner-block\"><div class=\"ugb-block-content\"><div class=\"ugb-column__item ugb-818e557-column-wrapper\"><div class=\"ugb-column__content-wrapper\">\n<p><strong>Gdzie?<\/strong><br><strong>Karls\u00adru\u00adher Stad\u00adtwer\u00adke \u2014 Kun\u00adden\u00adcen\u00adter<\/strong><br>Daxlan\u00adderstr. 72<br>76185 Karls\u00adru\u00adhe<br>+49 (0)721 599 0 <br><a href=\"https:\/\/www.stadtwerke-karlsruhe.de\/\" target=\"_blank\" data-type=\"URL\" data-id=\"https:\/\/www.stadtwerke-karlsruhe.de\/\" rel=\"noreferrer noopener\">https:\/\/www.stadtwerke-karlsruhe.de\/\n <\/a><\/p>\n<\/div><\/div><\/div><\/div><\/div>\n\n\n\n<div class=\"wp-block-ugb-column ugb-column ugb-d3944c0 ugb-column--design-plain ugb-main-block\"><div class=\"ugb-inner-block\"><div class=\"ugb-block-content\"><div class=\"ugb-column__item ugb-d3944c0-column-wrapper\"><div class=\"ugb-column__content-wrapper\">\n<p><strong>Godzi\u00adny pra\u00adcy<\/strong><br>Od ponie\u00addzia\u0142\u00adku do czwart\u00adku: 07:30 \u2014 16:30<br>Pi\u0105\u00adtek: 07:30 \u2014 15:00<\/p>\n<\/div><\/div><\/div><\/div><\/div>\n\n\n\n<div class=\"wp-block-ugb-column ugb-column ugb-fb71bac ugb-column--design-plain ugb-main-block\"><div class=\"ugb-inner-block\"><div class=\"ugb-block-content\"><div class=\"ugb-column__item ugb-fb71bac-column-wrapper\"><div class=\"ugb-column__content-wrapper\">\n<p><strong>Co nale\u00ad\u017cy ze sob\u0105 zabra\u0107?<\/strong><\/p>\n\n\n\n<ul class=\"wp-block-list\">\n<li>Adres<\/li>\n\n\n\n<li>Data wpro\u00adwa\u00addze\u00adnia si\u0119 do mieszkania<\/li>\n\n\n\n<li>Numer licz\u00adni\u00adka i odczyty<\/li>\n\n\n\n<li>Praw\u00addo\u00adpo\u00addob\u00adnie nazwi\u00adsko poprzed\u00adnie\u00adgo najemcy<\/li>\n<\/ul>\n<\/div><\/div><\/div><\/div><\/div>\n<\/div><\/div><\/div><\/div>\n\n<h2 class=\"wp-block-heading\">Co obej\u00admu\u00adj\u0105 op\u0142a\u00adty za&nbsp;media?<\/h2>\n\n<h3 class=\"wp-block-heading\">Czynsz za miesz\u00adka\u00adnie sk\u0142a\u00adda si\u0119 z <em>Kalt\u00admie\u00adte<\/em> (czynsz pod\u00adsta\u00adwo\u00adwy) + <em>Neben\u00adko\u00adsten<\/em> (op\u0142a\u00adty za&nbsp;media).<\/h3>\n\n<p class=\"has-custom-size\" style=\"font-size:16px\">Czynsz pod\u00adsta\u00adwo\u00adwy i op\u0142a\u00adty za media s\u0105 cza\u00adsa\u00admi okre\u00ad\u015bla\u00adne jako <em>Warm\u00admie\u00adte<\/em> (WM).<\/p>\n\n<p><strong>Na op\u0142a\u00adty za media<\/strong> sk\u0142a\u00adda\u00adj\u0105 si\u0119 op\u0142a\u00adty za wod\u0119, pr\u0105d\/gaz i wyw\u00f3z \u015bmie\u00adci. Upew\u00adnij si\u0119, \u017ce wiesz, kt\u00f3\u00adre op\u0142a\u00adty za media s\u0105 wli\u00adczo\u00adne w czynsz. Cza\u00adsa\u00admi op\u0142a\u00adty za media uisz\u00adcza si\u0119 bez\u00adpo\u00ad\u015bred\u00adnio wynaj\u00admu\u00adj\u0105\u00adce\u00admu. Mo\u017ce si\u0119 jed\u00adnak zda\u00adrzy\u0107, \u017ce b\u0119dziesz musia\u0142 zare\u00adje\u00adstro\u00adwa\u0107 si\u0119 u dostaw\u00adcy ener\u00adgii elek\u00adtrycz\u00adnej i samo\u00addziel\u00adnie op\u0142a\u00adca\u0107 rachun\u00adki za&nbsp;pr\u0105d.&nbsp;<\/p>\n","protected":false},"excerpt":{"rendered":"<p>Upew\u00adnij si\u0119, \u017ce op\u0142a\u00adty za media s\u0105 wli\u00adczo\u00adne w czynsz. Zazwy\u00adczaj wystar\u00adczy zare\u00adje\u00adstro\u00adwa\u0107 si\u0119 u dostaw\u00adcy ener\u00adgii elek\u00adtrycz\u00adnej lub gazu. Mo\u017cesz to zro\u00adbi\u0107 w Stad\u00adtwer\u00adke Karls\u00adru\u00adhe \u2014 miej\u00adskim przed\u00adsi\u0119\u00adbior\u00adstwie u\u017cy\u00adtecz\u00adno\u00ad\u015bci&nbsp;<a class=\"moretag\" href=\"https:\/\/www.anika-net.de\/pl\/pierwsze-kroki\/zakwaterowanie\/rejestracja-u-dostawcy-uslug-komunalnych\/\">czy\u00adtaj wi\u0119cej<\/a><\/p>\n","protected":false},"author":12,"featured_media":0,"parent":60594,"menu_order":12,"comment_status":"closed","ping_status":"closed","template":"","meta":{"_acf_changed":false,"inline_featured_image":false,"_uag_custom_page_level_css":"","wp_typography_post_enhancements_disabled":false,"footnotes":""},"class_list":["post-60557","page","type-page","status-publish","hentry"],"acf":[],"featured_image_urls_v2":{"full":"","thumbnail":"","medium":"","medium_large":"","large":"","1536x1536":"","2048x2048":"","event-overview":"","event-archive-thumb":"","grid-item-thumbnail":"","network-partner-icon":"","organiser-icon":"","gform-image-choice-sm":"","gform-image-choice-md":"","gform-image-choice-lg":""},"post_excerpt_stackable_v2":"<p>Upew\u00adnij si\u0119, \u017ce op\u0142a\u00adty za media s\u0105 wli\u00adczo\u00adne w czynsz. Zazwy\u00adczaj wystar\u00adczy zare\u00adje\u00adstro\u00adwa\u0107 si\u0119 u dostaw\u00adcy ener\u00adgii elek\u00adtrycz\u00adnej lub gazu. Mo\u017cesz to zro\u00adbi\u0107 w Stad\u00adtwer\u00adke Karls\u00adru\u00adhe \u2014 miej\u00adskim przed\u00adsi\u0119\u00adbior\u00adstwie u\u017cy\u00adtecz\u00adno\u00ad\u015bci publicz\u00adnej \u2014 lub u innych dostaw\u00adc\u00f3w. Pomoc\u00adne i wygod\u00adne jest skon\u00adfi\u00adgu\u00adro\u00adwa\u00adnie pole\u00adce\u00adnia zap\u0142a\u00adty SEPA w ban\u00adku. Kosz\u00adty ener\u00adgii elek\u00adtrycz\u00adnej b\u0119d\u0105 w\u00f3w\u00adczas co mie\u00adsi\u0105c pobie\u00adra\u00adne bez\u00adpo\u00ad\u015bred\u00adnio z&nbsp;kon\u00adta.&nbsp; Gdzie?Karls\u00adru\u00adher Stad\u00adtwer\u00adke \u2014 Kun\u00adden\u00adcen\u00adterDaxlan\u00adderstr. 7276185 Karls\u00adru\u00adhe+49 (0)721 599 0 https:\/\/www.stadtwerke-karlsruhe.de\/ Godzi\u00adny pra\u00adcyOd ponie\u00addzia\u0142\u00adku do czwart\u00adku: 07:30 \u2014 16:30Pi\u0105\u00adtek: 07:30 \u2014 15:00 Co nale\u00ad\u017cy ze sob\u0105 zabra\u0107? Adres Data wpro\u00adwa\u00addze\u00adnia si\u0119 do miesz\u00adka\u00adnia Numer licz\u00adni\u00adka i odczy\u00adty Praw\u00addo\u00adpo\u00addob\u00adnie nazwi\u00adsko poprzed\u00adnie\u00adgo najem\u00adcy Co obej\u00admu\u00adj\u0105 op\u0142a\u00adty za&nbsp;media?\u2026<\/p>\n","category_list_v2":"","author_info_v2":{"name":"Andrea Ramirez","url":"https:\/\/www.anika-net.de\/pl\/author\/andrea-ramirez\/"},"comments_num_v2":"0 comments","uagb_featured_image_src":{"full":false,"thumbnail":false,"medium":false,"medium_large":false,"large":false,"1536x1536":false,"2048x2048":false,"event-overview":false,"event-archive-thumb":false,"grid-item-thumbnail":false,"network-partner-icon":false,"organiser-icon":false,"gform-image-choice-sm":false,"gform-image-choice-md":false,"gform-image-choice-lg":false},"uagb_author_info":{"display_name":"Andrea Ramirez","author_link":"https:\/\/www.anika-net.de\/pl\/author\/andrea-ramirez\/"},"uagb_comment_info":0,"uagb_excerpt":"Upew\u00adnij si\u0119, \u017ce op\u0142a\u00adty za media s\u0105 wli\u00adczo\u00adne w czynsz. Zazwy\u00adczaj wystar\u00adczy zare\u00adje\u00adstro\u00adwa\u0107 si\u0119 u dostaw\u00adcy ener\u00adgii elek\u00adtrycz\u00adnej lub gazu. Mo\u017cesz to zro\u00adbi\u0107 w Stad\u00adtwer\u00adke Karls\u00adru\u00adhe \u2014 miej\u00adskim przed\u00adsi\u0119\u00adbior\u00adstwie u\u017cy\u00adtecz\u00adno\u00ad\u015bci&nbsp;czytaj wi\u0119cej","_links":{"self":[{"href":"https:\/\/www.anika-net.de\/pl\/wp-json\/wp\/v2\/pages\/60557","targetHints":{"allow":["GET"]}}],"collection":[{"href":"https:\/\/www.anika-net.de\/pl\/wp-json\/wp\/v2\/pages"}],"about":[{"href":"https:\/\/www.anika-net.de\/pl\/wp-json\/wp\/v2\/types\/page"}],"author":[{"embeddable":true,"href":"https:\/\/www.anika-net.de\/pl\/wp-json\/wp\/v2\/users\/12"}],"replies":[{"embeddable":true,"href":"https:\/\/www.anika-net.de\/pl\/wp-json\/wp\/v2\/comments?post=60557"}],"version-history":[{"count":1,"href":"https:\/\/www.anika-net.de\/pl\/wp-json\/wp\/v2\/pages\/60557\/revisions"}],"predecessor-version":[{"id":60558,"href":"https:\/\/www.anika-net.de\/pl\/wp-json\/wp\/v2\/pages\/60557\/revisions\/60558"}],"up":[{"embeddable":true,"href":"https:\/\/www.anika-net.de\/pl\/wp-json\/wp\/v2\/pages\/60594"}],"wp:attachment":[{"href":"https:\/\/www.anika-net.de\/pl\/wp-json\/wp\/v2\/media?parent=60557"}],"curies":[{"name":"wp","href":"https:\/\/api.w.org\/{rel}","templated":true}]}}