{"id":59357,"date":"2025-03-04T14:28:54","date_gmt":"2025-03-04T13:28:54","guid":{"rendered":"https:\/\/www.anika-net.de\/skontaktuj-sie-z-nami\/"},"modified":"2025-03-05T13:10:00","modified_gmt":"2025-03-05T12:10:00","slug":"skontaktuj-sie-z-nami","status":"publish","type":"page","link":"https:\/\/www.anika-net.de\/pl\/skontaktuj-sie-z-nami\/","title":{"rendered":"Skon\u00adtak\u00adtuj si\u0119 z&nbsp;nami"},"content":{"rendered":"\n<p><strong><span style=\"color: #111111;\" class=\"stk-highlight\">Ani\u00adKA<\/span><\/strong> \u2014 <em> Ankom\u00admen w Karls\u00adru\u00adhe<\/em> nie jest porad\u00adni\u0105, ale <strong>plat\u00adfor\u00adm\u0105 infor\u00adma\u00adcyj\u00adn\u0105 dla (nowych) imi\u00adgran\u00adt\u00f3w w Karls\u00adru\u00adhe.<\/strong><br>Tutaj znaj\u00addziesz prze\u00adgl\u0105d ponad <a href=\"https:\/\/www.anika-net.de\/network-partners\/\"><strong>60 orga\u00adni\u00adza\u00adcji part\u00adner\u00adskich<\/strong><\/a> kt\u00f3\u00adre ofe\u00adru\u00adj\u0105 r\u00f3\u017c\u00adne us\u0142u\u00adgi dorad\u00adcze, a tak\u00ad\u017ce odpo\u00adwied\u00adnie dane kon\u00adtak\u00adto\u00adwe.<br><strong>Ser\u00addecz\u00adnie zapra\u00adsza\u00admy do bez\u00adpo\u00ad\u015bred\u00adnie\u00adgo kon\u00adtak\u00adtu z odpo\u00adwied\u00adni\u00admi orga\u00adni\u00adza\u00adcja\u00admi w celu uzy\u00adska\u00adnia odpo\u00adwied\u00adnie\u00adgo wsparcia.<\/strong><\/p>\n\n<p><strong>Pro\u00adsi\u00admy o kon\u00adtakt, je\u015bli<\/strong> <br>\u2611\ufe0f Two\u00adja orga\u00adni\u00adza\u00adcja chcia\u00ad\u0142a\u00adby do\u0142\u0105\u00adczy\u0107 do soju\u00adszu<br>\u2611\ufe0f chcesz <a href=\"https:\/\/www.anika-net.de\/pl\/spolecznosci\/podziel-sie-swoja-inicjatywa-na-anika\/\"><strong>aby Two\u00adje sto\u00adwa\u00adrzy\u00adsze\u00adnie lub spo\u00ad\u0142ecz\u00adno\u015b\u0107 by\u0142y widocz\u00adne<\/strong><\/a> na plat\u00adfor\u00admie Ani\u00adKA.<br>\u2611\ufe0f chcesz <a href=\"https:\/\/docs.google.com\/forms\/d\/e\/1FAIpQLSc5gnLGoQjAsCr3UyiIxWPokWLyHopaEWd43vUP1cWp9AcyIA\/viewform?usp=sf_link\" rel=\"noopener\"><strong>opu\u00adbli\u00adko\u00adwa\u0107 ofer\u00adt\u0119 lub wyda\u00adrze\u00adnie<\/strong><\/a> na Ani\u00adKA<br>\u2611\ufe0f chcesz zam\u00f3\u00adwi\u0107 ulot\u00adki lub pla\u00adkat&nbsp;AniKA<\/p>\n\n<p><\/p>\n<script>\nvar gform;gform||(document.addEventListener(\"gform_main_scripts_loaded\",function(){gform.scriptsLoaded=!0}),document.addEventListener(\"gform\/theme\/scripts_loaded\",function(){gform.themeScriptsLoaded=!0}),window.addEventListener(\"DOMContentLoaded\",function(){gform.domLoaded=!0}),gform={domLoaded:!1,scriptsLoaded:!1,themeScriptsLoaded:!1,isFormEditor:()=>\"function\"==typeof InitializeEditor,callIfLoaded:function(o){return!(!gform.domLoaded||!gform.scriptsLoaded||!gform.themeScriptsLoaded&&!gform.isFormEditor()||(gform.isFormEditor()&&console.warn(\"The use of gform.initializeOnLoaded() is deprecated in the form editor context and will be removed in Gravity Forms 3.1.\"),o(),0))},initializeOnLoaded:function(o){gform.callIfLoaded(o)||(document.addEventListener(\"gform_main_scripts_loaded\",()=>{gform.scriptsLoaded=!0,gform.callIfLoaded(o)}),document.addEventListener(\"gform\/theme\/scripts_loaded\",()=>{gform.themeScriptsLoaded=!0,gform.callIfLoaded(o)}),window.addEventListener(\"DOMContentLoaded\",()=>{gform.domLoaded=!0,gform.callIfLoaded(o)}))},hooks:{action:{},filter:{}},addAction:function(o,r,e,t){gform.addHook(\"action\",o,r,e,t)},addFilter:function(o,r,e,t){gform.addHook(\"filter\",o,r,e,t)},doAction:function(o){gform.doHook(\"action\",o,arguments)},applyFilters:function(o){return gform.doHook(\"filter\",o,arguments)},removeAction:function(o,r){gform.removeHook(\"action\",o,r)},removeFilter:function(o,r,e){gform.removeHook(\"filter\",o,r,e)},addHook:function(o,r,e,t,n){null==gform.hooks[o][r]&&(gform.hooks[o][r]=[]);var d=gform.hooks[o][r];null==n&&(n=r+\"_\"+d.length),gform.hooks[o][r].push({tag:n,callable:e,priority:t=null==t?10:t})},doHook:function(r,o,e){var t;if(e=Array.prototype.slice.call(e,1),null!=gform.hooks[r][o]&&((o=gform.hooks[r][o]).sort(function(o,r){return o.priority-r.priority}),o.forEach(function(o){\"function\"!=typeof(t=o.callable)&&(t=window[t]),\"action\"==r?t.apply(null,e):e[0]=t.apply(null,e)})),\"filter\"==r)return e[0]},removeHook:function(o,r,t,n){var e;null!=gform.hooks[o][r]&&(e=(e=gform.hooks[o][r]).filter(function(o,r,e){return!!(null!=n&&n!=o.tag||null!=t&&t!=o.priority)}),gform.hooks[o][r]=e)}});\n<\/script>\n\n                <div class=\"gf_browser_gecko gform_wrapper gform_legacy_markup_wrapper gform-theme--no-framework\" data-form-theme=\"legacy\" data-form-index=\"0\" id=\"gform_wrapper_2\"><div id=\"gf_2\" class=\"gform_anchor\" tabindex=\"-1\"><\/div><form method=\"post\" enctype=\"multipart\/form-data\" target=\"gform_ajax_frame_2\" id=\"gform_2\" action=\"\/pl\/wp-json\/wp\/v2\/pages\/59357#gf_2\" data-formid=\"2\" novalidate><input type=\"hidden\" name=\"__swss_pow__\" value>\n                        <div class=\"gform-body gform_body\"><ul id=\"gform_fields_2\" class=\"gform_fields top_label form_sublabel_below description_below validation_below\"><li id=\"field_2_9\" class=\"gfield gfield--type-honeypot gform_validation_container field_sublabel_below gfield--has-description field_description_below field_validation_below gfield_visibility_visible\"><label class=\"gfield_label gform-field-label\" for=\"input_2_9\">Name<\/label><div class=\"ginput_container\"><input name=\"input_9\" id=\"input_2_9\" type=\"text\" value autocomplete=\"new-password\"><\/div><div class=\"gfield_description\" id=\"gfield_description_2_9\">To pole jest u\u017cy\u00adwa\u00adne do wali\u00adda\u00adcji i powin\u00adno pozo\u00adsta\u0107 niezmienione.<\/div><\/li><li id=\"field_2_1\" class=\"gfield gfield--type-name gfield--input-type-name field_sublabel_below gfield--no-description field_description_below field_validation_below gfield_visibility_visible\"><label class=\"gfield_label gform-field-label gfield_label_before_complex\">Nazwa<\/label><div class=\"ginput_complex ginput_container ginput_container--name no_prefix has_first_name no_middle_name has_last_name no_suffix gf_name_has_2 ginput_container_name gform-grid-row\" id=\"input_2_1\">\n                            \n                            <span id=\"input_2_1_3_container\" class=\"name_first gform-grid-col gform-grid-col--size-auto\">\n                                                    <input type=\"text\" name=\"input_1.3\" id=\"input_2_1_3\" value aria-required=\"false\">\n                                                    <label for=\"input_2_1_3\" class=\"gform-field-label gform-field-label--type-sub \">Imi\u0119<\/label>\n                                                <\/span>\n                            \n                            <span id=\"input_2_1_6_container\" class=\"name_last gform-grid-col gform-grid-col--size-auto\">\n                                                    <input type=\"text\" name=\"input_1.6\" id=\"input_2_1_6\" value aria-required=\"false\">\n                                                    <label for=\"input_2_1_6\" class=\"gform-field-label gform-field-label--type-sub \">Nazwi\u00adsko<\/label>\n                                                <\/span>\n                            \n                        <\/div><\/li><li id=\"field_2_2\" class=\"gfield gfield--type-checkbox gfield--type-choice gfield--input-type-checkbox gfield--width-full field_sublabel_below gfield--has-description field_description_below field_validation_below gfield_visibility_visible\"><label class=\"gfield_label gform-field-label gfield_label_before_complex\">J\u0119zy\u00adki<\/label><div class=\"ginput_container ginput_container_checkbox\"><ul class=\"gfield_checkbox\" id=\"input_2_2\"><li class=\"gchoice gchoice_2_2_1\">\n\t\t\t\t\t\t\t\t<input class=\"gfield-choice-input\" name=\"input_2.1\" type=\"checkbox\" value=\"English\" id=\"choice_2_2_1\" aria-describedby=\"gfield_description_2_2\">\n\t\t\t\t\t\t\t\t<label for=\"choice_2_2_1\" id=\"label_2_2_1\" class=\"gform-field-label gform-field-label--type-inline\">English<\/label>\n\t\t\t\t\t\t\t<\/li><li class=\"gchoice gchoice_2_2_2\">\n\t\t\t\t\t\t\t\t<input class=\"gfield-choice-input\" name=\"input_2.2\" type=\"checkbox\" value=\"Francuski\" id=\"choice_2_2_2\">\n\t\t\t\t\t\t\t\t<label for=\"choice_2_2_2\" id=\"label_2_2_2\" class=\"gform-field-label gform-field-label--type-inline\">Fran\u00adcu\u00adski<\/label>\n\t\t\t\t\t\t\t<\/li><li class=\"gchoice gchoice_2_2_3\">\n\t\t\t\t\t\t\t\t<input class=\"gfield-choice-input\" name=\"input_2.3\" type=\"checkbox\" value=\"Niemiecki\" id=\"choice_2_2_3\">\n\t\t\t\t\t\t\t\t<label for=\"choice_2_2_3\" id=\"label_2_2_3\" class=\"gform-field-label gform-field-label--type-inline\">Nie\u00admiec\u00adki<\/label>\n\t\t\t\t\t\t\t<\/li><li class=\"gchoice gchoice_2_2_4\">\n\t\t\t\t\t\t\t\t<input class=\"gfield-choice-input\" name=\"input_2.4\" type=\"checkbox\" value=\"Spanisch\" id=\"choice_2_2_4\">\n\t\t\t\t\t\t\t\t<label for=\"choice_2_2_4\" id=\"label_2_2_4\" class=\"gform-field-label gform-field-label--type-inline\">Spa\u00adnisch<\/label>\n\t\t\t\t\t\t\t<\/li><\/ul><\/div><div class=\"gfield_description\" id=\"gfield_description_2_2\">Pro\u00adsz\u0119 o kon\u00adtakt w jed\u00adnym z nast\u0119\u00adpu\u00adj\u0105\u00adcych j\u0119zy\u00adk\u00f3w, je\u015bli to mo\u017cliwe.<\/div><\/li><li id=\"field_2_3\" class=\"gfield gfield--type-email gfield--input-type-email gfield--width-full gfield_contains_required field_sublabel_below gfield--no-description field_description_below field_validation_below gfield_visibility_visible\"><label class=\"gfield_label gform-field-label\" for=\"input_2_3\">Adres e\u2011mail<span class=\"gfield_required\"><span class=\"gfield_required gfield_required_text\">(wyma\u00adga\u00adne)<\/span><\/span><\/label><div class=\"ginput_container ginput_container_email\">\n                            <input name=\"input_3\" id=\"input_2_3\" type=\"email\" value class=\"large\" aria-required=\"true\" aria-invalid=\"false\">\n                        <\/div><\/li><li id=\"field_2_6\" class=\"gfield gfield--type-phone gfield--input-type-phone gfield--width-full field_sublabel_below gfield--no-description field_description_below field_validation_below gfield_visibility_visible\"><label class=\"gfield_label gform-field-label\" for=\"input_2_6\">Tele\u00adfon<\/label><div class=\"ginput_container ginput_container_phone\"><input name=\"input_6\" id=\"input_2_6\" type=\"tel\" value class=\"large\" aria-invalid=\"false\"><\/div><\/li><li id=\"field_2_7\" class=\"gfield gfield--type-checkbox gfield--type-choice gfield--input-type-checkbox gfield--width-full field_sublabel_below gfield--no-description field_description_below field_validation_below gfield_visibility_visible\"><label class=\"gfield_label gform-field-label gfield_label_before_complex\">Oddzwo\u0144 do&nbsp;mnie<\/label><div class=\"ginput_container ginput_container_checkbox\"><ul class=\"gfield_checkbox\" id=\"input_2_7\"><li class=\"gchoice gchoice_2_7_1\">\n\t\t\t\t\t\t\t\t<input class=\"gfield-choice-input\" name=\"input_7.1\" type=\"checkbox\" value=\"Tak, prosz\u0119 oddzwoni\u0107\" id=\"choice_2_7_1\">\n\t\t\t\t\t\t\t\t<label for=\"choice_2_7_1\" id=\"label_2_7_1\" class=\"gform-field-label gform-field-label--type-inline\">Tak, pro\u00adsz\u0119 oddzwoni\u0107<\/label>\n\t\t\t\t\t\t\t<\/li><\/ul><\/div><\/li><li id=\"field_2_4\" class=\"gfield gfield--type-select gfield--input-type-select gfield--width-full field_sublabel_below gfield--no-description field_description_below field_validation_below gfield_visibility_visible\"><label class=\"gfield_label gform-field-label\" for=\"input_2_4\">Temat<\/label><div class=\"ginput_container ginput_container_select\"><select name=\"input_4\" id=\"input_2_4\" class=\"large gfield_select\" aria-invalid=\"false\"><option value selected=\"selected\" class=\"gf_placeholder\">Prosz\u0119 wybra\u0107 sw\u00f3j temat<\/option><option value=\"Chcia\u0142bym do\u0142\u0105czy\u0107 do Sojuszu lub sta\u0107 si\u0119 aktywnym w Sojuszu\">Chcia\u0142bym do\u0142\u0105czy\u0107 do Sojuszu lub sta\u0107 si\u0119 aktywnym w Sojuszu<\/option><option value=\"Chcia\u0142abym zamie\u015bci\u0107 ofert\u0119 na stronie AniKA\">Chcia\u0142abym zamie\u015bci\u0107 ofert\u0119 na stronie AniKA<\/option><option value=\"Chcia\u0142abym zam\u00f3wi\u0107 poczt\u00f3wki lub ulotki AniKA\">Chcia\u0142abym zam\u00f3wi\u0107 poczt\u00f3wki lub ulotki AniKA<\/option><option value=\"Jestem z prasy lub radia i chcia\u0142bym si\u0119 skontaktowa\u0107 z Anik\u0105\">Jestem z prasy lub radia i chcia\u0142bym si\u0119 skontaktowa\u0107 z Anik\u0105<\/option><\/select><\/div><\/li><li id=\"field_2_5\" class=\"gfield gfield--type-textarea gfield--input-type-textarea gfield--width-full gfield_contains_required field_sublabel_below gfield--no-description field_description_below field_validation_below gfield_visibility_visible\"><label class=\"gfield_label gform-field-label\" for=\"input_2_5\">Wia\u00addo\u00admo\u015b\u0107<span class=\"gfield_required\"><span class=\"gfield_required gfield_required_text\">(wyma\u00adga\u00adne)<\/span><\/span><\/label><div class=\"ginput_container ginput_container_textarea\"><textarea name=\"input_5\" id=\"input_2_5\" class=\"textarea large\" aria-required=\"true\" aria-invalid=\"false\" rows=\"10\" cols=\"50\"><\/textarea><\/div><\/li><li id=\"field_2_8\" class=\"gfield gfield--type-consent gfield--type-choice gfield--input-type-consent gfield--width-full gfield_contains_required field_sublabel_below gfield--no-description field_description_below field_validation_below gfield_visibility_visible\"><label class=\"gfield_label gform-field-label gfield_label_before_complex\">Zgo\u00adda<span class=\"gfield_required\"><span class=\"gfield_required gfield_required_text\">(wyma\u00adga\u00adne)<\/span><\/span><\/label><div class=\"ginput_container ginput_container_consent\"><input name=\"input_8.1\" id=\"input_2_8_1\" type=\"checkbox\" value=\"1\" aria-required=\"true\" aria-invalid=\"false\"> <label class=\"gform-field-label gform-field-label--type-inline gfield_consent_label\" for=\"input_2_8_1\">Akcep\u00adtu\u00adj\u0119 poli\u00adty\u00adk\u0119 prywatno\u015bci<\/label><input type=\"hidden\" name=\"input_8.2\" value=\"Akceptuj\u0119 polityk\u0119 prywatno\u015bci\" class=\"gform_hidden\"><input type=\"hidden\" name=\"input_8.3\" value=\"2\" class=\"gform_hidden\"><\/div><\/li><\/ul><\/div>\n        <div class=\"gform-footer gform_footer top_label\"> <input type=\"submit\" id=\"gform_submit_button_2\" class=\"gform_button button\" onclick=\"gform.submission.handleButtonClick(this);\" data-submission-type=\"submit\" value=\"Wy\u015blij\"> <input type=\"hidden\" name=\"gform_ajax\" value=\"form_id=2&amp;title=&amp;description=&amp;tabindex=0&amp;theme=legacy&amp;styles=[]&amp;hash=6eec520a4b18f60fdd00a0f3ebad3958\">\n            <input type=\"hidden\" class=\"gform_hidden\" name=\"gform_submission_method\" data-js=\"gform_submission_method_2\" value=\"iframe\">\n            <input type=\"hidden\" class=\"gform_hidden\" name=\"gform_theme\" data-js=\"gform_theme_2\" id=\"gform_theme_2\" value=\"legacy\">\n            <input type=\"hidden\" class=\"gform_hidden\" name=\"gform_style_settings\" data-js=\"gform_style_settings_2\" id=\"gform_style_settings_2\" value=\"[]\">\n            <input type=\"hidden\" class=\"gform_hidden\" name=\"is_submit_2\" value=\"1\">\n            <input type=\"hidden\" class=\"gform_hidden\" name=\"gform_submit\" value=\"2\">\n            \n            <input type=\"hidden\" class=\"gform_hidden\" name=\"gform_currency\" data-currency=\"EUR\" value=\"1AWeFpe\/7\/eA+FYbTbSrrMj5REP40PnBjepUYdpQ1QtHqCFmwWR2+obw8sF1Daj+AoJZk+ygdsOoLv\/GRJcHmBtxNHPYEgRyHTouBvFYfHqbgT8=\">\n            <input type=\"hidden\" class=\"gform_hidden\" name=\"gform_unique_id\" value>\n            <input type=\"hidden\" class=\"gform_hidden\" name=\"state_2\" value=\"WyJ7XCI4LjFcIjpcImEzOWY3NTM0MTNmODI1OWE3YzhhMWVlODA0MzUxZGY4XCIsXCI4LjJcIjpcImU4ZTE5NGYwZmI0MTFhMzdlOGViYThmYWIwNTI3OTUzXCIsXCI4LjNcIjpcImM2M2U3ODM4ZGM3NTg2MjViZWZkY2QyZTkyNjM0YTI4XCJ9IiwiOGE3ODdmYjZhNGU5N2EyZjY2NGM5ZWM5Zjg2MTJkYzEiXQ==\">\n            <input type=\"hidden\" autocomplete=\"off\" class=\"gform_hidden\" name=\"gform_target_page_number_2\" id=\"gform_target_page_number_2\" value=\"0\">\n            <input type=\"hidden\" autocomplete=\"off\" class=\"gform_hidden\" name=\"gform_source_page_number_2\" id=\"gform_source_page_number_2\" value=\"1\">\n            <input type=\"hidden\" name=\"gform_field_values\" value>\n            \n        <\/div>\n                        <\/form>\n                        <\/div>\n\t\t                <iframe style=\"display:none;width:0px;height:0px;\" src=\"about:blank\" name=\"gform_ajax_frame_2\" id=\"gform_ajax_frame_2\" title=\"Ten element iframe zawiera logik\u0119 wymagan\u0105 do obs\u0142ugi Gravity Forms u\u017cywaj\u0105cych technologii Ajax.\"><\/iframe>\n\t\t                <script>\ngform.initializeOnLoaded( function() {gformInitSpinner( 2, 'https:\/\/www.anika-net.de\/wp-content\/plugins\/gravityforms\/images\/spinner.svg', true );jQuery('#gform_ajax_frame_2').on('load',function(){var contents = jQuery(this).contents().find('*').html();var is_postback = contents.indexOf('GF_AJAX_POSTBACK') >= 0;if(!is_postback){return;}var form_content = jQuery(this).contents().find('#gform_wrapper_2');var is_confirmation = jQuery(this).contents().find('#gform_confirmation_wrapper_2').length > 0;var is_redirect = contents.indexOf('gformRedirect(){') >= 0;var is_form = form_content.length > 0 && ! is_redirect && ! is_confirmation;var mt = parseInt(jQuery('html').css('margin-top'), 10) + parseInt(jQuery('body').css('margin-top'), 10) + 100;if(is_form){jQuery('#gform_wrapper_2').html(form_content.html());if(form_content.hasClass('gform_validation_error')){jQuery('#gform_wrapper_2').addClass('gform_validation_error');} else {jQuery('#gform_wrapper_2').removeClass('gform_validation_error');}setTimeout( function() { \/* delay the scroll by 50 milliseconds to fix a bug in chrome *\/ jQuery(document).scrollTop(jQuery('#gform_wrapper_2').offset().top - mt); }, 50 );if(window['gformInitDatepicker']) {gformInitDatepicker();}if(window['gformInitPriceFields']) {gformInitPriceFields();}var current_page = jQuery('#gform_source_page_number_2').val();gformInitSpinner( 2, 'https:\/\/www.anika-net.de\/wp-content\/plugins\/gravityforms\/images\/spinner.svg', true );jQuery(document).trigger('gform_page_loaded', [2, current_page]);window['gf_submitting_2'] = false;}else if(!is_redirect){var confirmation_content = jQuery(this).contents().find('.GF_AJAX_POSTBACK').html();if(!confirmation_content){confirmation_content = contents;}jQuery('#gform_wrapper_2').replaceWith(confirmation_content);jQuery(document).scrollTop(jQuery('#gf_2').offset().top - mt);jQuery(document).trigger('gform_confirmation_loaded', [2]);window['gf_submitting_2'] = false;wp.a11y.speak(jQuery('#gform_confirmation_message_2').text());}else{jQuery('#gform_2').append(contents);if(window['gformRedirect']) {gformRedirect();}}jQuery(document).trigger(\"gform_pre_post_render\", [{ formId: \"2\", currentPage: \"current_page\", abort: function() { this.preventDefault(); } }]);        if (event && event.defaultPrevented) {                return;        }        const gformWrapperDiv = document.getElementById( \"gform_wrapper_2\" );        if ( gformWrapperDiv ) {            const visibilitySpan = document.createElement( \"span\" );            visibilitySpan.id = \"gform_visibility_test_2\";            gformWrapperDiv.insertAdjacentElement( \"afterend\", visibilitySpan );        }        const visibilityTestDiv = document.getElementById( \"gform_visibility_test_2\" );        let postRenderFired = false;        function triggerPostRender() {            if ( postRenderFired ) {                return;            }            postRenderFired = true;            gform.core.triggerPostRenderEvents( 2, current_page );            if ( visibilityTestDiv ) {                visibilityTestDiv.parentNode.removeChild( visibilityTestDiv );            }        }        function debounce( func, wait, immediate ) {            var timeout;            return function() {                var context = this, args = arguments;                var later = function() {                    timeout = null;                    if ( !immediate ) func.apply( context, args );                };                var callNow = immediate && !timeout;                clearTimeout( timeout );                timeout = setTimeout( later, wait );                if ( callNow ) func.apply( context, args );            };        }        const debouncedTriggerPostRender = debounce( function() {            triggerPostRender();        }, 200 );        if ( visibilityTestDiv && visibilityTestDiv.offsetParent === null ) {            const observer = new MutationObserver( ( mutations ) => {                mutations.forEach( ( mutation ) => {                    if ( mutation.type === 'attributes' && visibilityTestDiv.offsetParent !== null ) {                        debouncedTriggerPostRender();                        observer.disconnect();                    }                });            });            observer.observe( document.body, {                attributes: true,                childList: false,                subtree: true,                attributeFilter: [ 'style', 'class' ],            });        } else {            triggerPostRender();        }    } );} );\n<\/script>\n\n","protected":false},"excerpt":{"rendered":"<p>Ani\u00adKA \u2014 Ankom\u00admen w Karls\u00adru\u00adhe nie jest porad\u00adni\u0105, ale plat\u00adfor\u00adm\u0105 infor\u00adma\u00adcyj\u00adn\u0105 dla (nowych) imi\u00adgran\u00adt\u00f3w w Karls\u00adru\u00adhe.Tutaj znaj\u00addziesz prze\u00adgl\u0105d ponad 60 orga\u00adni\u00adza\u00adcji part\u00adner\u00adskich kt\u00f3\u00adre ofe\u00adru\u00adj\u0105 r\u00f3\u017c\u00adne us\u0142u\u00adgi dorad\u00adcze, a tak\u00ad\u017ce odpo\u00adwied\u00adnie&nbsp;<a class=\"moretag\" href=\"https:\/\/www.anika-net.de\/pl\/skontaktuj-sie-z-nami\/\">czy\u00adtaj wi\u0119cej<\/a><\/p>\n","protected":false},"author":12,"featured_media":0,"parent":0,"menu_order":63,"comment_status":"closed","ping_status":"closed","template":"","meta":{"_acf_changed":false,"inline_featured_image":false,"_uag_custom_page_level_css":"","wp_typography_post_enhancements_disabled":false,"footnotes":""},"class_list":["post-59357","page","type-page","status-publish","hentry"],"acf":[],"featured_image_urls_v2":{"full":"","thumbnail":"","medium":"","medium_large":"","large":"","1536x1536":"","2048x2048":"","event-overview":"","event-archive-thumb":"","grid-item-thumbnail":"","network-partner-icon":"","organiser-icon":"","gform-image-choice-sm":"","gform-image-choice-md":"","gform-image-choice-lg":""},"post_excerpt_stackable_v2":"<p>Ani\u00adKA \u2014 Ankom\u00admen w Karls\u00adru\u00adhe nie jest porad\u00adni\u0105, ale plat\u00adfor\u00adm\u0105 infor\u00adma\u00adcyj\u00adn\u0105 dla (nowych) imi\u00adgran\u00adt\u00f3w w Karls\u00adru\u00adhe.Tutaj znaj\u00addziesz prze\u00adgl\u0105d ponad 60 orga\u00adni\u00adza\u00adcji part\u00adner\u00adskich kt\u00f3\u00adre ofe\u00adru\u00adj\u0105 r\u00f3\u017c\u00adne us\u0142u\u00adgi dorad\u00adcze, a tak\u00ad\u017ce odpo\u00adwied\u00adnie dane kon\u00adtak\u00adto\u00adwe.Ser\u00addecz\u00adnie zapra\u00adsza\u00admy do bez\u00adpo\u00ad\u015bred\u00adnie\u00adgo kon\u00adtak\u00adtu z odpo\u00adwied\u00adni\u00admi orga\u00adni\u00adza\u00adcja\u00admi w celu uzy\u00adska\u00adnia odpo\u00adwied\u00adnie\u00adgo wspar\u00adcia. Pro\u00adsi\u00admy o kon\u00adtakt, je\u015bli \u2611\ufe0f Two\u00adja orga\u00adni\u00adza\u00adcja chcia\u00ad\u0142a\u00adby do\u0142\u0105\u00adczy\u0107 do soju\u00adszu\u2611\ufe0f chcesz aby Two\u00adje sto\u00adwa\u00adrzy\u00adsze\u00adnie lub spo\u00ad\u0142ecz\u00adno\u015b\u0107 by\u0142y widocz\u00adne na plat\u00adfor\u00admie Ani\u00adKA.\u2611\ufe0f chcesz opu\u00adbli\u00adko\u00adwa\u0107 ofer\u00adt\u0119 lub wyda\u00adrze\u00adnie na Ani\u00adKA\u2611\ufe0f chcesz zam\u00f3\u00adwi\u0107 ulot\u00adki lub pla\u00adkat&nbsp;Ani\u00adKA URL\u00adTo pole jest u\u017cy\u00adwa\u00adne do wali\u00adda\u00adcji i powin\u00adno pozo\u00adsta\u0107 niezmienione.Nazwa Imi\u0119 Nazwi\u00adsko J\u0119zy\u00adki English Fran\u00adcu\u00adski Nie\u00admiec\u00adki Spa\u00adnisch Pro\u00adsz\u0119 o kon\u00adtakt w jednym\u2026<\/p>\n","category_list_v2":"","author_info_v2":{"name":"Andrea Ramirez","url":"https:\/\/www.anika-net.de\/pl\/author\/andrea-ramirez\/"},"comments_num_v2":"0 comments","uagb_featured_image_src":{"full":false,"thumbnail":false,"medium":false,"medium_large":false,"large":false,"1536x1536":false,"2048x2048":false,"event-overview":false,"event-archive-thumb":false,"grid-item-thumbnail":false,"network-partner-icon":false,"organiser-icon":false,"gform-image-choice-sm":false,"gform-image-choice-md":false,"gform-image-choice-lg":false},"uagb_author_info":{"display_name":"Andrea Ramirez","author_link":"https:\/\/www.anika-net.de\/pl\/author\/andrea-ramirez\/"},"uagb_comment_info":0,"uagb_excerpt":"Ani\u00adKA \u2014 Ankom\u00admen w Karls\u00adru\u00adhe nie jest porad\u00adni\u0105, ale plat\u00adfor\u00adm\u0105 infor\u00adma\u00adcyj\u00adn\u0105 dla (nowych) imi\u00adgran\u00adt\u00f3w w Karls\u00adru\u00adhe.Tutaj znaj\u00addziesz prze\u00adgl\u0105d ponad 60 orga\u00adni\u00adza\u00adcji part\u00adner\u00adskich kt\u00f3\u00adre ofe\u00adru\u00adj\u0105 r\u00f3\u017c\u00adne us\u0142u\u00adgi dorad\u00adcze, a tak\u00ad\u017ce odpo\u00adwied\u00adnie&nbsp;czytaj wi\u0119cej","_links":{"self":[{"href":"https:\/\/www.anika-net.de\/pl\/wp-json\/wp\/v2\/pages\/59357","targetHints":{"allow":["GET"]}}],"collection":[{"href":"https:\/\/www.anika-net.de\/pl\/wp-json\/wp\/v2\/pages"}],"about":[{"href":"https:\/\/www.anika-net.de\/pl\/wp-json\/wp\/v2\/types\/page"}],"author":[{"embeddable":true,"href":"https:\/\/www.anika-net.de\/pl\/wp-json\/wp\/v2\/users\/12"}],"replies":[{"embeddable":true,"href":"https:\/\/www.anika-net.de\/pl\/wp-json\/wp\/v2\/comments?post=59357"}],"version-history":[{"count":2,"href":"https:\/\/www.anika-net.de\/pl\/wp-json\/wp\/v2\/pages\/59357\/revisions"}],"predecessor-version":[{"id":59523,"href":"https:\/\/www.anika-net.de\/pl\/wp-json\/wp\/v2\/pages\/59357\/revisions\/59523"}],"wp:attachment":[{"href":"https:\/\/www.anika-net.de\/pl\/wp-json\/wp\/v2\/media?parent=59357"}],"curies":[{"name":"wp","href":"https:\/\/api.w.org\/{rel}","templated":true}]}}