{"id":34676,"date":"2023-03-07T13:36:33","date_gmt":"2023-03-07T12:36:33","guid":{"rendered":"https:\/\/www.anika-net.de\/nauka-jezyka-niemieckiego\/kursy-jezykowe-zwiazane-z-praca\/"},"modified":"2026-04-16T13:33:21","modified_gmt":"2026-04-16T11:33:21","slug":"kursy-jezykowe-zwiazane-z-praca","status":"publish","type":"page","link":"https:\/\/www.anika-net.de\/pl\/nauka-jezyka-niemieckiego\/kursy-jezykowe-zwiazane-z-praca\/","title":{"rendered":"Kur\u00adsy j\u0119zy\u00adka nie\u00admiec\u00adkie\u00adgo zwi\u0105\u00adza\u00adne z&nbsp;prac\u0105"},"content":{"rendered":"\n<p>Po uko\u0144\u00adcze\u00adniu kur\u00adsu inte\u00adgra\u00adcyj\u00adne\u00adgo mo\u017c\u00adli\u00adwe jest uczest\u00adnic\u00adtwo w<strong>&nbsp;kur\u00adsie j\u0119zy\u00adka nie\u00admiec\u00adkie\u00adgo zwi\u0105\u00adza\u00adnym z pra\u00adc\u0105<\/strong>. Kur\u00adsy te zna\u00adcz\u0105\u00adco zwi\u0119k\u00adsza\u00adj\u0105 szan\u00adse na zna\u00adle\u00adzie\u00adnie zatrud\u00adnie\u00adnia i pozwa\u00adla\u00adj\u0105 na pod\u00adnie\u00adsie\u00adnie kom\u00adpe\u00adten\u00adcji j\u0119zy\u00adko\u00adwych nawet do pozio\u00admu <strong>C1<\/strong>.<\/p>\n\n\n\n<h4 class=\"wp-block-heading\"><strong>Jak si\u0119 zapisa\u0107?<\/strong><\/h4>\n\n\n\n<ul class=\"wp-block-list\">\n<li>Klien\u00adci Urz\u0119\u00addu Pra\u00adcy i Agen\u00adcji Zatrud\u00adnie\u00adnia <strong>:<\/strong> Pro\u00adsi\u00admy o bez\u00adpo\u00ad\u015bred\u00adni kon\u00adtakt ze swo\u00adim dorad\u00adc\u0105 (Case Worker)<\/li>\n\n\n\n<li>Wszy\u00adscy inni (w tym pra\u00adcow\u00adni\u00adcy i sta\u00ad\u017cy\u00ad\u015bci) : Mog\u0105 z\u0142o\u00ad\u017cy\u0107 wnio\u00adsek o dofi\u00adnan\u00adso\u00adwa\u00adnie bez\u00adpo\u00ad\u015bred\u00adnio do <strong>BAMF<\/strong> (Fede\u00adral\u00adne\u00adgo Urz\u0119\u00addu ds. Migra\u00adcji i Uchod\u017ac\u00f3w)<\/li>\n<\/ul>\n\n\n\n<div class=\"wp-block-stackable-icon-label stk-block-icon-label stk-block stk-3373660\" data-block-id=\"3373660\"><div class=\"stk-row stk-inner-blocks stk-block-content\">\n<div class=\"wp-block-stackable-icon stk-block-icon has-text-align-left stk-block stk-6558a18\" data-block-id=\"6558a18\"><span class=\"stk--svg-wrapper\"><div class=\"stk--inner-svg\"><svg style=\"height:0;width:0\"><defs><linearGradient id=\"linear-gradient-6558a18\" x1=\"0\" x2=\"100%\" y1=\"0\" y2=\"0\"><stop offset=\"0%\" style=\"stop-opacity:1;stop-color:var(--linear-gradient-6558-a-18-color-1)\" \/><stop offset=\"100%\" style=\"stop-opacity:1;stop-color:var(--linear-gradient-6558-a-18-color-2)\" \/><\/linearGradient><\/defs><\/svg><svg viewBox=\"0 0 512 512\" aria-hidden=\"true\" width=\"32\" height=\"32\"><path d=\"M256 8C119.043 8 8 119.083 8 256c0 136.997 111.043 248 248 248s248-111.003 248-248C504 119.083 392.957 8 256 8zm0 110c23.196 0 42 18.804 42 42s-18.804 42-42 42-42-18.804-42-42 18.804-42 42-42zm56 254c0 6.627-5.373 12-12 12h-88c-6.627 0-12-5.373-12-12v-24c0-6.627 5.373-12 12-12h12v-64h-12c-6.627 0-12-5.373-12-12v-24c0-6.627 5.373-12 12-12h64c6.627 0 12 5.373 12 12v100h12c6.627 0 12 5.373 12 12v24z\" \/><\/svg><\/div><\/span><\/div>\n\n\n\n<div class=\"wp-block-stackable-heading stk-block-heading stk-block-heading--v2 stk-block stk-a251b45\" id=\"span-style-color-fcb-900-class-stk-highlight-good-to-know-span-br-strong-span-style-color-000000-class-stk-highlight-you-can-find-the-most-common-technical-terms-relating-to-your-industry-here-span-strong-br-\ud83d\udcce-a-href-https-100-fachbegriffe-planet-beruf-de-100-technical-terms-a\" data-block-id=\"a251b45\"><h4 class=\"stk-block-heading__text\"><span style=\"color: #fcb900;\" class=\"stk-highlight\">Dobrze wie\u00addzie\u0107:<\/span><br><strong><span style=\"color: #000000;\" class=\"stk-highlight\"><strong>S\u0142ow\u00adnic\u00adtwo facho\u00adwe:<\/strong> Naj\u00adwa\u017c\u00adniej\u00adsze ter\u00admi\u00adny tech\u00adnicz\u00adne z Two\u00adjej bran\u00ad\u017cy znaj\u00addziesz tutaj:<\/span><\/strong><br>\ud83d\udcce100 <a href=\"https:\/\/100fachbegriffe.planet-beruf.de\/\" rel=\"noopener\">ter\u00admi\u00adn\u00f3w technicznych<\/a><\/h4><\/div>\n<\/div><\/div>\n\n\n\n<h3 class=\"wp-block-heading\"><strong><span style=\"color: #fcb900;\" class=\"stk-highlight\"><em>NOWO\u015a\u0106!<\/em><\/span> <\/strong><\/h3>\n\n\n\n<p>Spe\u00adcja\u00adli\u00adstycz\u00adny kurs nie\u00admiec\u00adkie\u00adgo dla <strong>sta\u00ad\u017cy\u00adst\u00f3w w zawo\u00addzie asy\u00adsten\u00adta pie\u00adl\u0119\u00adgniar\u00adskie\u00adgo<\/strong> (luty \u2013 sier\u00adpie\u0144 2026).<br><strong><strong>\u2197<\/strong><\/strong> <strong><strong><a href=\"https:\/\/www.anika-net.de\/pl\/event\/niemiecki-dla-stazystow-asystentow-pielegniarskich\/\">Nie\u00admiec\u00adki dla sta\u00ad\u017cy\u00adst\u00f3w (asy\u00adsten\u00adt\u00f3w pie\u00adl\u0119\u00adgniar\u00adskich)<\/a><\/strong> <\/strong><\/p>\n\n\n\n<div class=\"wp-block-stackable-separator alignfull stk-block-separator stk--no-padding stk-block stk-7e8a109\" data-block-id=\"7e8a109\"><style>.stk-7e8a109 {margin-bottom:0px !important;}.stk-7e8a109 .stk-block-separator__inner{height:75px !important;}<\/style><div class=\"stk-block-separator__inner\"><svg viewBox=\"0 0 1600 200\" class=\"stk-separator__layer-1\" preserveAspectRatio=\"none\" aria-hidden=\"true\"><path class=\"wave-1_svg__st2\" d=\"M1341.4 48.9c-182.4 0-254.2 80.4-429.4 80.4-117.8 0-209.7-67.5-393.5-67.5-142.2 0-212.6 38.8-324.6 38.8S-10 64.7-10 64.7V210h1620V102c-110.6-40.2-181-53.1-268.6-53.1z\" \/><\/svg><\/div><\/div>\n\n\n\n<h2 class=\"wp-block-heading\"><strong>Infor\u00adma\u00adcje o kur\u00adsach j\u0119zy\u00adka nie\u00admiec\u00adkie\u00adgo zwi\u0105\u00adza\u00adnych z&nbsp;prac\u0105:<\/strong><\/h2>\n\n\n\n<h3 class=\"wp-block-heading\">\u2197 <strong><strong><a href=\"https:\/\/www.bamf.de\/DE\/Themen\/Integration\/ZugewanderteTeilnehmende\/DeutschBeruf\/deutsch-beruf.html\" rel=\"noopener\">Fede\u00adral\u00adny Urz\u0105d ds. Migra\u00adcji i Uchod\u017a\u00adc\u00f3w (BAMF)<\/a><\/strong><\/strong><\/h3>\n\n\n\n<ul class=\"wp-block-list\">\n<li>\ud83d\udce5<strong><a href=\"https:\/\/www.bamf.de\/SharedDocs\/Anlagen\/DE\/Integration\/Berufsbezsprachf-ESF-BAMF\/BSK-Vordrucke-Formulare\/antrag-zulassung-beschaeftigte-aa-jc.html?nn=282656\" rel=\"noopener\">Wnio\u00adsek o upraw\u00adnie\u00adnie do uczest\u00adnic\u00adtwa dla pracownik\u00f3w<\/a><\/strong><\/li>\n\n\n\n<li>\ud83d\udce5<strong><a href=\"https:\/\/www.bamf.de\/SharedDocs\/Anlagen\/DE\/Integration\/Berufsbezsprachf-ESF-BAMF\/BSK-Vordrucke-Formulare\/antrag-zulassung-berufsausbildung.html?nn=282388\" rel=\"noopener\">Wnio\u00adsek o upraw\u00adnie\u00adnie do udzia\u00ad\u0142u dla sta\u017cyst\u00f3w<\/a><\/strong><\/li>\n<\/ul>\n\n\n\n<div class=\"wp-block-stackable-spacer stk-block-spacer stk--no-padding stk-block stk-b3be2ce\" data-block-id=\"b3be2ce\"><style>.stk-b3be2ce {height:20px !important;}<\/style><\/div>\n\n\n\n<h2 class=\"wp-block-heading\"><strong>Aktu\u00adal\u00adne ofer\u00adty kur\u00ads\u00f3w nie\u00admiec\u00adkie\u00adgo zwi\u0105\u00adza\u00adnych z pra\u00adc\u0105 w Karlsruhe:<\/strong><\/h2>\n\n\n\n<h3 class=\"wp-block-heading\">\u2197<strong> <strong><a href=\"https:\/\/web.arbeitsagentur.de\/sprachfoerderung\/suche\/berufssprachkurse?ort=Karlsruhe;%20Baden_8.4053_49.0097&amp;umkreis=25&amp;seite=0\" rel=\"noopener\">Fede\u00adral\u00adna agen\u00adcja zatrudnienia<\/a><\/strong><\/strong><\/h3>\n\n\n\n<h3 class=\"wp-block-heading\"><strong>Nast\u0119\u00adpu\u00adj\u0105\u00adce szko\u00ad\u0142y j\u0119zy\u00adko\u00adwe ofe\u00adru\u00adj\u0105 pro\u00adfe\u00adsjo\u00adnal\u00adne kur\u00adsy j\u0119zy\u00adko\u00adwe w Karlsruhe:<\/strong><\/h3>\n\n\n\n<p><strong>\u2197<\/strong> <strong><strong><a href=\"https:\/\/www.aaw.de\/berufsbezogener-deutschsprachkurs\" rel=\"noopener\">AAW<\/a><\/strong><\/strong><br><strong>\u2197<\/strong> <strong> <strong><a href=\"https:\/\/sprachkurse.berlitz.de\/?utm_source=google&amp;utm_medium=cpc&amp;utm_campaign=DE%7CGG%7CSN%7CBR%7CAL%7CF2F%7CDE%7CCOUNTRY%7CAll%7CBerlitz%20Center%20All%7C&amp;utm_term=berlitz%20karlsruhe&amp;gad_source=1&amp;gclid=CjwKCAiAiaC-BhBEEiwAjY99qHsjYi5WzG3X8VfVnctwRFn4Bd08f-EA21YwGD9kCtZgECInmUEojRoCpkEQAvD_BwE\" rel=\"noopener\">Ber\u00adlitz<\/a><br>\u2197<\/strong><\/strong> <strong><strong><strong><a href=\"http:\/\/www.eduglobal.de\/deutsch-lernen\/deufoev-berufsbezogene-sprachkurse\/\" rel=\"noopener\">Edu\u00adGlo\u00adbal<\/a><\/strong><\/strong><\/strong><br><strong>\u2197 <strong><a href=\"https:\/\/www.internationaler-bund.de\/angebot\/10602\" rel=\"noopener\">Inter\u00adna\u00adtio\u00adna\u00adler Bund<\/a><\/strong><\/strong><br>\u2197<strong> <strong><a href=\"https:\/\/sprachakademie-karlsruhe.de\/berufssprachkurs_kurse\/\" rel=\"noopener\">Spra\u00adcha\u00adka\u00adde\u00admie<\/a><\/strong><\/strong><br>\u2197<strong> <strong><a href=\"https:\/\/www.uss.de\/kurssuche\/?_suche=karlsruhe\" rel=\"noopener\">Impuls USS<\/a><\/strong><\/strong><br>\u2197<strong> <strong><a href=\"https:\/\/www.vhs-karlsruhe.de\/p\/deutsch\/deutsch-im-alltag-und-fuer-den-beruf-699-CAT-KAT524\" rel=\"noopener\">vhs<\/a><\/strong><\/strong><\/p>\n","protected":false},"excerpt":{"rendered":"<p>Po uko\u0144\u00adcze\u00adniu kur\u00adsu inte\u00adgra\u00adcyj\u00adne\u00adgo mo\u017c\u00adli\u00adwe jest uczest\u00adnic\u00adtwo w&nbsp;kur\u00adsie j\u0119zy\u00adka nie\u00admiec\u00adkie\u00adgo zwi\u0105\u00adza\u00adnym z pra\u00adc\u0105. Kur\u00adsy te zna\u00adcz\u0105\u00adco zwi\u0119k\u00adsza\u00adj\u0105 szan\u00adse na zna\u00adle\u00adzie\u00adnie zatrud\u00adnie\u00adnia i pozwa\u00adla\u00adj\u0105 na pod\u00adnie\u00adsie\u00adnie kom\u00adpe\u00adten\u00adcji j\u0119zy\u00adko\u00adwych nawet do pozio\u00admu&nbsp;<a class=\"moretag\" href=\"https:\/\/www.anika-net.de\/pl\/nauka-jezyka-niemieckiego\/kursy-jezykowe-zwiazane-z-praca\/\">czy\u00adtaj wi\u0119cej<\/a><\/p>\n","protected":false},"author":12,"featured_media":34415,"parent":34531,"menu_order":10,"comment_status":"closed","ping_status":"closed","template":"","meta":{"_acf_changed":false,"inline_featured_image":false,"_uag_custom_page_level_css":"","wp_typography_post_enhancements_disabled":false,"footnotes":""},"class_list":["post-34676","page","type-page","status-publish","has-post-thumbnail","hentry"],"acf":[],"featured_image_urls_v2":{"full":["https:\/\/www.anika-net.de\/wp-content\/uploads\/2023\/03\/Berufsbezogene-Sprachkurse_Kacheln-2.png",2000,1111,false],"thumbnail":["https:\/\/www.anika-net.de\/wp-content\/uploads\/2023\/03\/Berufsbezogene-Sprachkurse_Kacheln-2-150x150.png",150,150,true],"medium":["https:\/\/www.anika-net.de\/wp-content\/uploads\/2023\/03\/Berufsbezogene-Sprachkurse_Kacheln-2-300x167.png",300,167,true],"medium_large":["https:\/\/www.anika-net.de\/wp-content\/uploads\/2023\/03\/Berufsbezogene-Sprachkurse_Kacheln-2-768x427.png",640,356,true],"large":["https:\/\/www.anika-net.de\/wp-content\/uploads\/2023\/03\/Berufsbezogene-Sprachkurse_Kacheln-2-1024x569.png",640,356,true],"1536x1536":["https:\/\/www.anika-net.de\/wp-content\/uploads\/2023\/03\/Berufsbezogene-Sprachkurse_Kacheln-2-1536x853.png",1536,853,true],"2048x2048":["https:\/\/www.anika-net.de\/wp-content\/uploads\/2023\/03\/Berufsbezogene-Sprachkurse_Kacheln-2.png",2000,1111,false],"event-overview":["https:\/\/www.anika-net.de\/wp-content\/uploads\/2023\/03\/Berufsbezogene-Sprachkurse_Kacheln-2-960x640.png",960,640,true],"event-archive-thumb":["https:\/\/www.anika-net.de\/wp-content\/uploads\/2023\/03\/Berufsbezogene-Sprachkurse_Kacheln-2-480x267.png",480,267,true],"grid-item-thumbnail":["https:\/\/www.anika-net.de\/wp-content\/uploads\/2023\/03\/Berufsbezogene-Sprachkurse_Kacheln-2-360x200.png",360,200,true],"network-partner-icon":["https:\/\/www.anika-net.de\/wp-content\/uploads\/2023\/03\/Berufsbezogene-Sprachkurse_Kacheln-2-100x100.png",100,100,true],"organiser-icon":["https:\/\/www.anika-net.de\/wp-content\/uploads\/2023\/03\/Berufsbezogene-Sprachkurse_Kacheln-2-200x200.png",200,200,true],"gform-image-choice-sm":["https:\/\/www.anika-net.de\/wp-content\/uploads\/2023\/03\/Berufsbezogene-Sprachkurse_Kacheln-2.png",300,167,false],"gform-image-choice-md":["https:\/\/www.anika-net.de\/wp-content\/uploads\/2023\/03\/Berufsbezogene-Sprachkurse_Kacheln-2.png",400,222,false],"gform-image-choice-lg":["https:\/\/www.anika-net.de\/wp-content\/uploads\/2023\/03\/Berufsbezogene-Sprachkurse_Kacheln-2.png",600,333,false]},"post_excerpt_stackable_v2":"<p>Po uko\u0144\u00adcze\u00adniu kur\u00adsu inte\u00adgra\u00adcyj\u00adne\u00adgo mo\u017c\u00adli\u00adwe jest uczest\u00adnic\u00adtwo w&nbsp;kur\u00adsie j\u0119zy\u00adka nie\u00admiec\u00adkie\u00adgo zwi\u0105\u00adza\u00adnym z pra\u00adc\u0105. Kur\u00adsy te zna\u00adcz\u0105\u00adco zwi\u0119k\u00adsza\u00adj\u0105 szan\u00adse na zna\u00adle\u00adzie\u00adnie zatrud\u00adnie\u00adnia i pozwa\u00adla\u00adj\u0105 na pod\u00adnie\u00adsie\u00adnie kom\u00adpe\u00adten\u00adcji j\u0119zy\u00adko\u00adwych nawet do pozio\u00admu C1. Jak si\u0119 zapi\u00adsa\u0107? Klien\u00adci Urz\u0119\u00addu Pra\u00adcy i Agen\u00adcji Zatrud\u00adnie\u00adnia : Pro\u00adsi\u00admy o bez\u00adpo\u00ad\u015bred\u00adni kon\u00adtakt ze swo\u00adim dorad\u00adc\u0105 (Case Wor\u00adker) Wszy\u00adscy inni (w tym pra\u00adcow\u00adni\u00adcy i sta\u00ad\u017cy\u00ad\u015bci) : Mog\u0105 z\u0142o\u00ad\u017cy\u0107 wnio\u00adsek o dofi\u00adnan\u00adso\u00adwa\u00adnie bez\u00adpo\u00ad\u015bred\u00adnio do BAMF (Fede\u00adral\u00adne\u00adgo Urz\u0119\u00addu ds. Migra\u00adcji i Uchod\u017a\u00adc\u00f3w) Dobrze wie\u00addzie\u0107:S\u0142ow\u00adnic\u00adtwo facho\u00adwe: Naj\u00adwa\u017c\u00adniej\u00adsze ter\u00admi\u00adny tech\u00adnicz\u00adne z Two\u00adjej bran\u00ad\u017cy znaj\u00addziesz tutaj:\ud83d\udcce100 ter\u00admi\u00adn\u00f3w tech\u00adnicz\u00adnych NOWO\u015a\u0106! Spe\u00adcja\u00adli\u00adstycz\u00adny kurs nie\u00admiec\u00adkie\u00adgo dla sta\u00ad\u017cy\u00adst\u00f3w w zawo\u00addzie asy\u00adsten\u00adta pie\u00adl\u0119\u00adgniar\u00adskie\u00adgo (luty \u2013 sier\u00adpie\u0144 2026).\u2197 Niemiecki\u2026<\/p>\n","category_list_v2":"","author_info_v2":{"name":"Andrea Ramirez","url":"https:\/\/www.anika-net.de\/pl\/author\/andrea-ramirez\/"},"comments_num_v2":"0 comments","uagb_featured_image_src":{"full":["https:\/\/www.anika-net.de\/wp-content\/uploads\/2023\/03\/Berufsbezogene-Sprachkurse_Kacheln-2.png",2000,1111,false],"thumbnail":["https:\/\/www.anika-net.de\/wp-content\/uploads\/2023\/03\/Berufsbezogene-Sprachkurse_Kacheln-2-150x150.png",150,150,true],"medium":["https:\/\/www.anika-net.de\/wp-content\/uploads\/2023\/03\/Berufsbezogene-Sprachkurse_Kacheln-2-300x167.png",300,167,true],"medium_large":["https:\/\/www.anika-net.de\/wp-content\/uploads\/2023\/03\/Berufsbezogene-Sprachkurse_Kacheln-2-768x427.png",640,356,true],"large":["https:\/\/www.anika-net.de\/wp-content\/uploads\/2023\/03\/Berufsbezogene-Sprachkurse_Kacheln-2-1024x569.png",640,356,true],"1536x1536":["https:\/\/www.anika-net.de\/wp-content\/uploads\/2023\/03\/Berufsbezogene-Sprachkurse_Kacheln-2-1536x853.png",1536,853,true],"2048x2048":["https:\/\/www.anika-net.de\/wp-content\/uploads\/2023\/03\/Berufsbezogene-Sprachkurse_Kacheln-2.png",2000,1111,false],"event-overview":["https:\/\/www.anika-net.de\/wp-content\/uploads\/2023\/03\/Berufsbezogene-Sprachkurse_Kacheln-2-960x640.png",960,640,true],"event-archive-thumb":["https:\/\/www.anika-net.de\/wp-content\/uploads\/2023\/03\/Berufsbezogene-Sprachkurse_Kacheln-2-480x267.png",480,267,true],"grid-item-thumbnail":["https:\/\/www.anika-net.de\/wp-content\/uploads\/2023\/03\/Berufsbezogene-Sprachkurse_Kacheln-2-360x200.png",360,200,true],"network-partner-icon":["https:\/\/www.anika-net.de\/wp-content\/uploads\/2023\/03\/Berufsbezogene-Sprachkurse_Kacheln-2-100x100.png",100,100,true],"organiser-icon":["https:\/\/www.anika-net.de\/wp-content\/uploads\/2023\/03\/Berufsbezogene-Sprachkurse_Kacheln-2-200x200.png",200,200,true],"gform-image-choice-sm":["https:\/\/www.anika-net.de\/wp-content\/uploads\/2023\/03\/Berufsbezogene-Sprachkurse_Kacheln-2.png",300,167,false],"gform-image-choice-md":["https:\/\/www.anika-net.de\/wp-content\/uploads\/2023\/03\/Berufsbezogene-Sprachkurse_Kacheln-2.png",400,222,false],"gform-image-choice-lg":["https:\/\/www.anika-net.de\/wp-content\/uploads\/2023\/03\/Berufsbezogene-Sprachkurse_Kacheln-2.png",600,333,false]},"uagb_author_info":{"display_name":"Andrea Ramirez","author_link":"https:\/\/www.anika-net.de\/pl\/author\/andrea-ramirez\/"},"uagb_comment_info":0,"uagb_excerpt":"Po uko\u0144\u00adcze\u00adniu kur\u00adsu inte\u00adgra\u00adcyj\u00adne\u00adgo mo\u017c\u00adli\u00adwe jest uczest\u00adnic\u00adtwo w&nbsp;kur\u00adsie j\u0119zy\u00adka nie\u00admiec\u00adkie\u00adgo zwi\u0105\u00adza\u00adnym z pra\u00adc\u0105. Kur\u00adsy te zna\u00adcz\u0105\u00adco zwi\u0119k\u00adsza\u00adj\u0105 szan\u00adse na zna\u00adle\u00adzie\u00adnie zatrud\u00adnie\u00adnia i pozwa\u00adla\u00adj\u0105 na pod\u00adnie\u00adsie\u00adnie kom\u00adpe\u00adten\u00adcji j\u0119zy\u00adko\u00adwych nawet do pozio\u00admu&nbsp;czytaj wi\u0119cej","_links":{"self":[{"href":"https:\/\/www.anika-net.de\/pl\/wp-json\/wp\/v2\/pages\/34676","targetHints":{"allow":["GET"]}}],"collection":[{"href":"https:\/\/www.anika-net.de\/pl\/wp-json\/wp\/v2\/pages"}],"about":[{"href":"https:\/\/www.anika-net.de\/pl\/wp-json\/wp\/v2\/types\/page"}],"author":[{"embeddable":true,"href":"https:\/\/www.anika-net.de\/pl\/wp-json\/wp\/v2\/users\/12"}],"replies":[{"embeddable":true,"href":"https:\/\/www.anika-net.de\/pl\/wp-json\/wp\/v2\/comments?post=34676"}],"version-history":[{"count":4,"href":"https:\/\/www.anika-net.de\/pl\/wp-json\/wp\/v2\/pages\/34676\/revisions"}],"predecessor-version":[{"id":120976,"href":"https:\/\/www.anika-net.de\/pl\/wp-json\/wp\/v2\/pages\/34676\/revisions\/120976"}],"up":[{"embeddable":true,"href":"https:\/\/www.anika-net.de\/pl\/wp-json\/wp\/v2\/pages\/34531"}],"wp:featuredmedia":[{"embeddable":true,"href":"https:\/\/www.anika-net.de\/pl\/wp-json\/wp\/v2\/media\/34415"}],"wp:attachment":[{"href":"https:\/\/www.anika-net.de\/pl\/wp-json\/wp\/v2\/media?parent=34676"}],"curies":[{"name":"wp","href":"https:\/\/api.w.org\/{rel}","templated":true}]}}