{"id":31806,"date":"2023-02-01T10:32:25","date_gmt":"2023-02-01T09:32:25","guid":{"rendered":"https:\/\/www.anika-net.de\/czym-jest-anika\/"},"modified":"2023-04-20T17:10:09","modified_gmt":"2023-04-20T15:10:09","slug":"czym-jest-anika","status":"publish","type":"page","link":"https:\/\/www.anika-net.de\/pl\/o-nas\/czym-jest-anika\/","title":{"rendered":"Czym jest&nbsp;Anika"},"content":{"rendered":"\n<div class=\"wp-block-columns are-vertically-aligned-center is-layout-flex wp-container-core-columns-is-layout-9d6595d7 wp-block-columns-is-layout-flex\">\n<div class=\"wp-block-column is-vertically-aligned-center is-layout-flow wp-block-column-is-layout-flow\" style=\"flex-basis:100%\">\n<div class=\"wp-block-group\"><div class=\"wp-block-group__inner-container is-layout-flow wp-block-group-is-layout-flow\">\n<figure class=\"wp-block-image size-full is-resized\"><img decoding=\"async\" src=\"https:\/\/www.anika-net.de\/wp-content\/uploads\/2022\/02\/NEU_Anika_Logo_klein-schmal.jpg\" alt class=\"wp-image-14480\" width=\"346\" height=\"135\" srcset=\"https:\/\/www.anika-net.de\/wp-content\/uploads\/2022\/02\/NEU_Anika_Logo_klein-schmal.jpg 599w, https:\/\/www.anika-net.de\/wp-content\/uploads\/2022\/02\/NEU_Anika_Logo_klein-schmal-300x117.jpg 300w, https:\/\/www.anika-net.de\/wp-content\/uploads\/2022\/02\/NEU_Anika_Logo_klein-schmal-480x188.jpg 480w\" sizes=\"(max-width: 346px) 100vw, 346px\"><\/figure>\n<\/div><\/div>\n<\/div>\n<\/div>\n\n<h2 class=\"wp-block-heading\" id=\"anika-arriving-in-karlsruhe\">Ani\u00adKA \u2014 przy\u00adjazd do Karlsruhe<\/h2>\n\n<p class=\"has-text-align-left\"><br>Sie\u0107 Ani\u00adKA \u2014 Arri\u00adving in Karls\u00adru\u00adhe jest <strong>soju\u00adszem inte\u00adre\u00adsa\u00adriu\u00adszy pra\u00adcu\u00adj\u0105\u00adcych nad poli\u00adty\u00adk\u0105 inte\u00adgra\u00adcyj\u00adn\u0105 w mie\u00ad\u015bcie Karls\u00adru\u00adhe<\/strong>.  <\/p>\n\n<p class=\"has-text-align-left\">Celem sie\u00adci Ani\u00adKA jest dal\u00adszy roz\u00adw\u00f3j <strong>struk\u00adtu\u00adry powi\u00adtal\u00adnej<\/strong> Karls\u00adru\u00adhe i stwo\u00adrze\u00adnie \u201c\u015bcie\u017c\u00adki inte\u00adgra\u00adcyj\u00adnej Karls\u00adru\u00adhe\u201d. Sie\u0107 chce zaan\u00adga\u00ad\u017co\u00adwa\u0107 wszyst\u00adkie pod\u00admio\u00adty w mie\u00ad\u015bcie Karls\u00adru\u00adhe, kt\u00f3\u00adre maj\u0105 kon\u00adtakt z imi\u00adgran\u00adta\u00admi.<br>Spo\u00adtka\u00adnia sie\u00adci odby\u00adwa\u00adj\u0105 si\u0119 dwa razy w roku. Maj\u0105 one na celu nawi\u0105\u00adza\u00adnie wymia\u00adny, zorien\u00adto\u00adwa\u00adnie si\u0119 w potrze\u00adbach i ofer\u00adtach dla wszyst\u00adkich os\u00f3b, kt\u00f3\u00adre s\u0105 nowe w Karls\u00adru\u00adhe.<br><br>Pre\u00adzy\u00addium jest z <strong>Urz\u0119\u00addem Inte\u00adgra\u00adcji w Karls\u00adru\u00adhe<\/strong>, biu\u00adro dla Ani\u00adKA znaj\u00addu\u00adje si\u0119 w <strong>ibz (Inter\u00adna\u00adtio\u00adna\u00adles Bege\u00adgnung\u00adszen\u00adtrum Karls\u00adru\u00adhe)<\/strong>. Kie\u00adrow\u00adnik pro\u00adjek\u00adtu utrzy\u00admu\u00adje sie\u0107 i stro\u00adn\u0119 inter\u00adne\u00adto\u00adw\u0105 Ani\u00adKA, na kt\u00f3\u00adrej nowi miesz\u00adka\u0144\u00adcy mog\u0105 zapo\u00adzna\u0107 si\u0119 z ofer\u00adta\u00admi w Karls\u00adru\u00adhe. Poprzez Ani\u00adKA chce\u00admy infor\u00admo\u00adwa\u0107 i ukie\u00adrun\u00adko\u00adwy\u00adwa\u0107 wszyst\u00adkich nowo przy\u00adby\u00ad\u0142ych do Karls\u00adru\u00adhe na takie tema\u00adty jak miesz\u00adka\u00adnie, nauka j\u0119zy\u00adka, opie\u00adka nad dzie\u0107\u00admi, edu\u00adka\u00adcja szkol\u00adna, zdro\u00adwie, czas wol\u00adny i kul\u00adtu\u00adra. Naszym celem jest u\u0142a\u00adtwie\u00adnie nowo przy\u00adby\u00ad\u0142ym uczest\u00adnic\u00adtwa w \u017cyciu spo\u00ad\u0142ecz\u00adnym i zawo\u00addo\u00adwym. Chce\u00admy, aby od same\u00adgo pocz\u0105t\u00adku czu\u00adli si\u0119 mile widzia\u00adni w Karls\u00adru\u00adhe.<br><br>Ist\u00adnie\u00adje <strong>komi\u00adtet ste\u00adru\u00adj\u0105\u00adcy<\/strong>, kt\u00f3\u00adry ma za zada\u00adnie roz\u00adwi\u00adja\u0107 pro\u00adjekt. Spo\u00adty\u00adka si\u0119 ona oko\u00ad\u0142o czte\u00adrech razy w roku. Sta\u00ad\u0142y\u00admi cz\u0142on\u00adka\u00admi komi\u00adte\u00adtu ste\u00adru\u00adj\u0105\u00adce\u00adgo s\u0105: Urz\u0105d Inte\u00adgra\u00adcji (B\u00fcro f\u00fcr Inte\u00adgra\u00adtion), Mi\u0119\u00addzy\u00adna\u00adro\u00addo\u00adwy Dom Spo\u00adtka\u0144 (Inter\u00adna\u00adtio\u00adna\u00adles Bege\u00adgnung\u00adszen\u00adtrum) oraz Urz\u0105d Porz\u0105d\u00adku Publicz\u00adne\u00adgo (Ord\u00adnung\u00adsamt). Co dwa lata do komi\u00adte\u00adtu ste\u00adru\u00adj\u0105\u00adce\u00adgo powo\u00ad\u0142y\u00adwa\u00adnych jest dw\u00f3ch nowych part\u00adne\u00adr\u00f3w sie\u00adci. Eku\u00adme\u00adnicz\u00adna S\u0142u\u017c\u00adba Migra\u00adcyj\u00adna (\u00d6MD) oraz Izba Prze\u00admy\u00ads\u0142o\u00adwo-Han\u00addlo\u00adwa Karls\u00adru\u00adhe (IHK Karls\u00adru\u00adhe) zosta\u00ad\u0142y wybra\u00adne pod\u00adczas ostat\u00adnie\u00adgo spo\u00adtka\u00adnia soju\u00adszu w 2022&nbsp;roku.<\/p>\n","protected":false},"excerpt":{"rendered":"<p>Ani\u00adKA \u2014 przy\u00adjazd do Karls\u00adru\u00adhe Sie\u0107 Ani\u00adKA \u2014 Arri\u00adving in Karls\u00adru\u00adhe jest soju\u00adszem inte\u00adre\u00adsa\u00adriu\u00adszy pra\u00adcu\u00adj\u0105\u00adcych nad poli\u00adty\u00adk\u0105 inte\u00adgra\u00adcyj\u00adn\u0105 w mie\u00ad\u015bcie Karls\u00adru\u00adhe. Celem sie\u00adci Ani\u00adKA jest dal\u00adszy roz\u00adw\u00f3j struk\u00adtu\u00adry powi\u00adtal\u00adnej Karls\u00adru\u00adhe&nbsp;<a class=\"moretag\" href=\"https:\/\/www.anika-net.de\/pl\/o-nas\/czym-jest-anika\/\">czy\u00adtaj wi\u0119cej<\/a><\/p>\n","protected":false},"author":1,"featured_media":31859,"parent":60569,"menu_order":11,"comment_status":"closed","ping_status":"closed","template":"","meta":{"_acf_changed":false,"inline_featured_image":false,"_uag_custom_page_level_css":"","wp_typography_post_enhancements_disabled":false,"footnotes":""},"class_list":["post-31806","page","type-page","status-publish","has-post-thumbnail","hentry"],"acf":[],"featured_image_urls_v2":{"full":["https:\/\/www.anika-net.de\/wp-content\/uploads\/2023\/02\/Was-ist-01.png",2000,1111,false],"thumbnail":["https:\/\/www.anika-net.de\/wp-content\/uploads\/2023\/02\/Was-ist-01-150x150.png",150,150,true],"medium":["https:\/\/www.anika-net.de\/wp-content\/uploads\/2023\/02\/Was-ist-01-300x167.png",300,167,true],"medium_large":["https:\/\/www.anika-net.de\/wp-content\/uploads\/2023\/02\/Was-ist-01-768x427.png",640,356,true],"large":["https:\/\/www.anika-net.de\/wp-content\/uploads\/2023\/02\/Was-ist-01-1024x569.png",640,356,true],"1536x1536":["https:\/\/www.anika-net.de\/wp-content\/uploads\/2023\/02\/Was-ist-01-1536x853.png",1536,853,true],"2048x2048":["https:\/\/www.anika-net.de\/wp-content\/uploads\/2023\/02\/Was-ist-01.png",2000,1111,false],"event-overview":["https:\/\/www.anika-net.de\/wp-content\/uploads\/2023\/02\/Was-ist-01-960x640.png",960,640,true],"event-archive-thumb":["https:\/\/www.anika-net.de\/wp-content\/uploads\/2023\/02\/Was-ist-01-480x267.png",480,267,true],"grid-item-thumbnail":["https:\/\/www.anika-net.de\/wp-content\/uploads\/2023\/02\/Was-ist-01-360x200.png",360,200,true],"network-partner-icon":["https:\/\/www.anika-net.de\/wp-content\/uploads\/2023\/02\/Was-ist-01-100x100.png",100,100,true],"organiser-icon":["https:\/\/www.anika-net.de\/wp-content\/uploads\/2023\/02\/Was-ist-01-200x200.png",200,200,true],"gform-image-choice-sm":["https:\/\/www.anika-net.de\/wp-content\/uploads\/2023\/02\/Was-ist-01.png",300,167,false],"gform-image-choice-md":["https:\/\/www.anika-net.de\/wp-content\/uploads\/2023\/02\/Was-ist-01.png",400,222,false],"gform-image-choice-lg":["https:\/\/www.anika-net.de\/wp-content\/uploads\/2023\/02\/Was-ist-01.png",600,333,false]},"post_excerpt_stackable_v2":"<p>Ani\u00adKA \u2014 przy\u00adjazd do Karls\u00adru\u00adhe Sie\u0107 Ani\u00adKA \u2014 Arri\u00adving in Karls\u00adru\u00adhe jest soju\u00adszem inte\u00adre\u00adsa\u00adriu\u00adszy pra\u00adcu\u00adj\u0105\u00adcych nad poli\u00adty\u00adk\u0105 inte\u00adgra\u00adcyj\u00adn\u0105 w mie\u00ad\u015bcie Karls\u00adru\u00adhe. Celem sie\u00adci Ani\u00adKA jest dal\u00adszy roz\u00adw\u00f3j struk\u00adtu\u00adry powi\u00adtal\u00adnej Karls\u00adru\u00adhe i stwo\u00adrze\u00adnie \u201c\u015bcie\u017c\u00adki inte\u00adgra\u00adcyj\u00adnej Karls\u00adru\u00adhe\u201d. Sie\u0107 chce zaan\u00adga\u00ad\u017co\u00adwa\u0107 wszyst\u00adkie pod\u00admio\u00adty w mie\u00ad\u015bcie Karls\u00adru\u00adhe, kt\u00f3\u00adre maj\u0105 kon\u00adtakt z imi\u00adgran\u00adta\u00admi.Spo\u00adtka\u00adnia sie\u00adci odby\u00adwa\u00adj\u0105 si\u0119 dwa razy w roku. Maj\u0105 one na celu nawi\u0105\u00adza\u00adnie wymia\u00adny, zorien\u00adto\u00adwa\u00adnie si\u0119 w potrze\u00adbach i ofer\u00adtach dla wszyst\u00adkich os\u00f3b, kt\u00f3\u00adre s\u0105 nowe w Karls\u00adru\u00adhe.Pre\u00adzy\u00addium jest z Urz\u0119\u00addem Inte\u00adgra\u00adcji w Karls\u00adru\u00adhe, biu\u00adro dla Ani\u00adKA znaj\u00addu\u00adje si\u0119 w ibz (Inter\u00adna\u00adtio\u00adna\u00adles Bege\u00adgnung\u00adszen\u00adtrum Karls\u00adru\u00adhe). Kie\u00adrow\u00adnik pro\u00adjek\u00adtu utrzy\u00admu\u00adje sie\u0107 i stro\u00adn\u0119 inter\u00adne\u00adto\u00adw\u0105 Ani\u00adKA,&nbsp;na\u2026<\/p>\n","category_list_v2":"","author_info_v2":{"name":"saasweb-admin","url":"https:\/\/www.anika-net.de\/pl\/author\/saasweb-admin\/"},"comments_num_v2":"0 comments","uagb_featured_image_src":{"full":["https:\/\/www.anika-net.de\/wp-content\/uploads\/2023\/02\/Was-ist-01.png",2000,1111,false],"thumbnail":["https:\/\/www.anika-net.de\/wp-content\/uploads\/2023\/02\/Was-ist-01-150x150.png",150,150,true],"medium":["https:\/\/www.anika-net.de\/wp-content\/uploads\/2023\/02\/Was-ist-01-300x167.png",300,167,true],"medium_large":["https:\/\/www.anika-net.de\/wp-content\/uploads\/2023\/02\/Was-ist-01-768x427.png",640,356,true],"large":["https:\/\/www.anika-net.de\/wp-content\/uploads\/2023\/02\/Was-ist-01-1024x569.png",640,356,true],"1536x1536":["https:\/\/www.anika-net.de\/wp-content\/uploads\/2023\/02\/Was-ist-01-1536x853.png",1536,853,true],"2048x2048":["https:\/\/www.anika-net.de\/wp-content\/uploads\/2023\/02\/Was-ist-01.png",2000,1111,false],"event-overview":["https:\/\/www.anika-net.de\/wp-content\/uploads\/2023\/02\/Was-ist-01-960x640.png",960,640,true],"event-archive-thumb":["https:\/\/www.anika-net.de\/wp-content\/uploads\/2023\/02\/Was-ist-01-480x267.png",480,267,true],"grid-item-thumbnail":["https:\/\/www.anika-net.de\/wp-content\/uploads\/2023\/02\/Was-ist-01-360x200.png",360,200,true],"network-partner-icon":["https:\/\/www.anika-net.de\/wp-content\/uploads\/2023\/02\/Was-ist-01-100x100.png",100,100,true],"organiser-icon":["https:\/\/www.anika-net.de\/wp-content\/uploads\/2023\/02\/Was-ist-01-200x200.png",200,200,true],"gform-image-choice-sm":["https:\/\/www.anika-net.de\/wp-content\/uploads\/2023\/02\/Was-ist-01.png",300,167,false],"gform-image-choice-md":["https:\/\/www.anika-net.de\/wp-content\/uploads\/2023\/02\/Was-ist-01.png",400,222,false],"gform-image-choice-lg":["https:\/\/www.anika-net.de\/wp-content\/uploads\/2023\/02\/Was-ist-01.png",600,333,false]},"uagb_author_info":{"display_name":"saasweb-admin","author_link":"https:\/\/www.anika-net.de\/pl\/author\/saasweb-admin\/"},"uagb_comment_info":0,"uagb_excerpt":"Ani\u00adKA \u2014 przy\u00adjazd do Karlsruhe Sie\u0107 Ani\u00adKA \u2014 Arri\u00adving in Karls\u00adru\u00adhe jest soju\u00adszem inte\u00adre\u00adsa\u00adriu\u00adszy pra\u00adcu\u00adj\u0105\u00adcych nad poli\u00adty\u00adk\u0105 inte\u00adgra\u00adcyj\u00adn\u0105 w mie\u00ad\u015bcie Karls\u00adru\u00adhe. Celem sie\u00adci Ani\u00adKA jest dal\u00adszy roz\u00adw\u00f3j struk\u00adtu\u00adry powi\u00adtal\u00adnej Karls\u00adru\u00adhe&nbsp;czytaj wi\u0119cej","_links":{"self":[{"href":"https:\/\/www.anika-net.de\/pl\/wp-json\/wp\/v2\/pages\/31806","targetHints":{"allow":["GET"]}}],"collection":[{"href":"https:\/\/www.anika-net.de\/pl\/wp-json\/wp\/v2\/pages"}],"about":[{"href":"https:\/\/www.anika-net.de\/pl\/wp-json\/wp\/v2\/types\/page"}],"author":[{"embeddable":true,"href":"https:\/\/www.anika-net.de\/pl\/wp-json\/wp\/v2\/users\/1"}],"replies":[{"embeddable":true,"href":"https:\/\/www.anika-net.de\/pl\/wp-json\/wp\/v2\/comments?post=31806"}],"version-history":[{"count":0,"href":"https:\/\/www.anika-net.de\/pl\/wp-json\/wp\/v2\/pages\/31806\/revisions"}],"up":[{"embeddable":true,"href":"https:\/\/www.anika-net.de\/pl\/wp-json\/wp\/v2\/pages\/60569"}],"wp:featuredmedia":[{"embeddable":true,"href":"https:\/\/www.anika-net.de\/pl\/wp-json\/wp\/v2\/media\/31859"}],"wp:attachment":[{"href":"https:\/\/www.anika-net.de\/pl\/wp-json\/wp\/v2\/media?parent=31806"}],"curies":[{"name":"wp","href":"https:\/\/api.w.org\/{rel}","templated":true}]}}