{"id":24107,"date":"2022-08-03T13:35:29","date_gmt":"2022-08-03T11:35:29","guid":{"rendered":"https:\/\/www.anika-net.de\/darowizna\/"},"modified":"2025-07-17T12:04:22","modified_gmt":"2025-07-17T10:04:22","slug":"darowizna","status":"publish","type":"page","link":"https:\/\/www.anika-net.de\/pl\/o-nas\/darowizna\/","title":{"rendered":"Daro\u00adwi\u00adzna"},"content":{"rendered":"\n<h2 class=\"wp-block-heading\">Wes\u00adprzyj Ani\u00adKA \u2014 pom\u00f3\u017c nam zwi\u0119k\u00adszy\u0107 dost\u0119p\u00adno\u015b\u0107 informacji!<\/h2>\n\n<p>Ani\u00adKA \u2014 <em>Ankom\u00admen in Karls\u00adru\u00adhe<\/em> to wa\u017c\u00adna plat\u00adfor\u00adma zapew\u00adnia\u00adj\u0105\u00adca nowo\u00adprzy\u00adby\u00ad\u0142ym i uchod\u017a\u00adcom nie\u00adzb\u0119d\u00adne infor\u00adma\u00adcje do poru\u00adsza\u00adnia si\u0119 po \u017cyciu w Karls\u00adru\u00adhe. Potrze\u00adbu\u00adje\u00admy jed\u00adnak <strong>Two\u00adje\u00adgo wspar\u00adcia<\/strong>, aby nadal ulep\u00adsza\u0107 i roz\u00adsze\u00adrza\u0107 nasz&nbsp;wp\u0142yw!&nbsp;<\/p>\n\n<p>\ud83d\udca1 <strong>W czym poma\u00adga Two\u00adja daro\u00adwi\u00adzna:<\/strong><br>\u2705 Ulep\u00adsza\u00adnie zawar\u00adto\u00ad\u015bci stro\u00adny inter\u00adne\u00adto\u00adwej w celu zapew\u00adnie\u00adnia aktu\u00adal\u00adnych, istot\u00adnych infor\u00adma\u00adcji  Pro\u00adwa\u00addze\u00adnie kam\u00adpa\u00adnii infor\u00adma\u00adcyj\u00adnych, aby dotrze\u0107 do tych, kt\u00f3\u00adrzy naj\u00adbar\u00addziej tego potrze\u00adbu\u00adj\u0105  Wspie\u00adra\u00adnie t\u0142u\u00adma\u00adczy-wolon\u00adta\u00adriu\u00adszy, kt\u00f3\u00adrzy spra\u00adwia\u00adj\u0105, \u017ce Ani\u00adKA jest dost\u0119p\u00adna w wie\u00adlu j\u0119zy\u00adkach  Popra\u00adwa<br>\u2705<br>\u2705<br>\u2705 <strong>dost\u0119p\u00adno\u00ad\u015bci stron inter\u00adne\u00adto\u00adwych<\/strong>, aby ka\u017c\u00addy m\u00f3g\u0142 korzy\u00adsta\u0107 z naszej platformy.<\/p>\n\n<p>Ka\u017c\u00addy wk\u0142ad \u2014 ma\u0142y czy du\u017cy \u2014 robi r\u00f3\u017c\u00adni\u00adc\u0119! Z <strong>Two\u00adj\u0105 pomo\u00adc\u0105<\/strong> mo\u017ce\u00admy spra\u00adwi\u0107, \u017ce Karls\u00adru\u00adhe b\u0119dzie przy\u00adja\u00adznym miej\u00adscem dla wszystkich.&nbsp;<\/p>\n\n<p>\ud83d\udc9b <strong>Prze\u00adka\u017c daro\u00adwi\u00adzn\u0119 ju\u017c dzi\u015b i b\u0105d\u017a cz\u0119\u00ad\u015bci\u0105 zmian!<\/strong> \ud83d\udc9b<\/p>\n\n<p><em>B\u0119dzie nam bar\u00addzo mi\u0142o, je\u015bli wes\u00adprzesz nasz\u0105 pra\u00adc\u0119 daro\u00adwi\u00adzn\u0105.  <\/em><br><em>Do kwo\u00adty 200 euro bon trans\u00adfe\u00adro\u00adwy jest uzna\u00adwa\u00adny przez urz\u0105d skar\u00adbo\u00adwy jako para\u00adgon. Poza tym ch\u0119t\u00adnie wy\u015ble\u00admy Ci potwier\u00addze\u00adnie wp\u0142a\u00adty, je\u015bli przy prze\u00adle\u00adwie podasz sw\u00f3j&nbsp;adres.&nbsp;<\/em><\/p>\n\n<p><strong>Spar\u00adkas\u00adse Karls\u00adru\u00adhe<br>IBAN: DE54 6605 0101 0010 0940 84<br>BIC: KARSDE66XXX<br>Ken\u00adn\u00adwort&nbsp;AniKA<\/strong><\/p>\n","protected":false},"excerpt":{"rendered":"<p>Wes\u00adprzyj Ani\u00adKA \u2014 pom\u00f3\u017c nam zwi\u0119k\u00adszy\u0107 dost\u0119p\u00adno\u015b\u0107 infor\u00adma\u00adcji! Ani\u00adKA \u2014 Ankom\u00admen in Karls\u00adru\u00adhe to wa\u017c\u00adna plat\u00adfor\u00adma zapew\u00adnia\u00adj\u0105\u00adca nowo\u00adprzy\u00adby\u00ad\u0142ym i uchod\u017a\u00adcom nie\u00adzb\u0119d\u00adne infor\u00adma\u00adcje do poru\u00adsza\u00adnia si\u0119 po \u017cyciu w Karls\u00adru\u00adhe. Potrze\u00adbu\u00adje\u00admy&nbsp;<a class=\"moretag\" href=\"https:\/\/www.anika-net.de\/pl\/o-nas\/darowizna\/\">czy\u00adtaj wi\u0119cej<\/a><\/p>\n","protected":false},"author":12,"featured_media":35067,"parent":60569,"menu_order":40,"comment_status":"closed","ping_status":"closed","template":"","meta":{"_acf_changed":false,"inline_featured_image":false,"_uag_custom_page_level_css":"","wp_typography_post_enhancements_disabled":false,"footnotes":""},"class_list":["post-24107","page","type-page","status-publish","has-post-thumbnail","hentry"],"acf":[],"featured_image_urls_v2":{"full":["https:\/\/www.anika-net.de\/wp-content\/uploads\/2023\/03\/donate-360x200-1.png",360,200,false],"thumbnail":["https:\/\/www.anika-net.de\/wp-content\/uploads\/2023\/03\/donate-360x200-1-150x150.png",150,150,true],"medium":["https:\/\/www.anika-net.de\/wp-content\/uploads\/2023\/03\/donate-360x200-1-300x167.png",300,167,true],"medium_large":["https:\/\/www.anika-net.de\/wp-content\/uploads\/2023\/03\/donate-360x200-1.png",360,200,false],"large":["https:\/\/www.anika-net.de\/wp-content\/uploads\/2023\/03\/donate-360x200-1.png",360,200,false],"1536x1536":["https:\/\/www.anika-net.de\/wp-content\/uploads\/2023\/03\/donate-360x200-1.png",360,200,false],"2048x2048":["https:\/\/www.anika-net.de\/wp-content\/uploads\/2023\/03\/donate-360x200-1.png",360,200,false],"event-overview":["https:\/\/www.anika-net.de\/wp-content\/uploads\/2023\/03\/donate-360x200-1.png",360,200,false],"event-archive-thumb":["https:\/\/www.anika-net.de\/wp-content\/uploads\/2023\/03\/donate-360x200-1.png",360,200,false],"grid-item-thumbnail":["https:\/\/www.anika-net.de\/wp-content\/uploads\/2023\/03\/donate-360x200-1-360x200.png",360,200,true],"network-partner-icon":["https:\/\/www.anika-net.de\/wp-content\/uploads\/2023\/03\/donate-360x200-1-100x100.png",100,100,true],"organiser-icon":["https:\/\/www.anika-net.de\/wp-content\/uploads\/2023\/03\/donate-360x200-1-200x200.png",200,200,true],"gform-image-choice-sm":["https:\/\/www.anika-net.de\/wp-content\/uploads\/2023\/03\/donate-360x200-1.png",300,167,false],"gform-image-choice-md":["https:\/\/www.anika-net.de\/wp-content\/uploads\/2023\/03\/donate-360x200-1.png",360,200,false],"gform-image-choice-lg":["https:\/\/www.anika-net.de\/wp-content\/uploads\/2023\/03\/donate-360x200-1.png",360,200,false]},"post_excerpt_stackable_v2":"<p>Wes\u00adprzyj Ani\u00adKA \u2014 pom\u00f3\u017c nam zwi\u0119k\u00adszy\u0107 dost\u0119p\u00adno\u015b\u0107 infor\u00adma\u00adcji! Ani\u00adKA \u2014 Ankom\u00admen in Karls\u00adru\u00adhe to wa\u017c\u00adna plat\u00adfor\u00adma zapew\u00adnia\u00adj\u0105\u00adca nowo\u00adprzy\u00adby\u00ad\u0142ym i uchod\u017a\u00adcom nie\u00adzb\u0119d\u00adne infor\u00adma\u00adcje do poru\u00adsza\u00adnia si\u0119 po \u017cyciu w Karls\u00adru\u00adhe. Potrze\u00adbu\u00adje\u00admy jed\u00adnak Two\u00adje\u00adgo wspar\u00adcia, aby nadal ulep\u00adsza\u0107 i roz\u00adsze\u00adrza\u0107 nasz&nbsp;wp\u0142yw!&nbsp; \ud83d\udca1 W czym poma\u00adga Two\u00adja daro\u00adwi\u00adzna:\u2705 Ulep\u00adsza\u00adnie zawar\u00adto\u00ad\u015bci stro\u00adny inter\u00adne\u00adto\u00adwej w celu zapew\u00adnie\u00adnia aktu\u00adal\u00adnych, istot\u00adnych infor\u00adma\u00adcji Pro\u00adwa\u00addze\u00adnie kam\u00adpa\u00adnii infor\u00adma\u00adcyj\u00adnych, aby dotrze\u0107 do tych, kt\u00f3\u00adrzy naj\u00adbar\u00addziej tego potrze\u00adbu\u00adj\u0105 Wspie\u00adra\u00adnie t\u0142u\u00ad\u00adma\u00ad\u00adczy-wolo\u00adn\u00adta\u00ad\u00adriu\u00ad\u00adszy, kt\u00f3\u00adrzy spra\u00adwia\u00adj\u0105, \u017ce Ani\u00adKA jest dost\u0119p\u00adna w wie\u00adlu j\u0119zy\u00adkach Popra\u00adwa\u2705\u2705\u2705 dost\u0119p\u00adno\u00ad\u015bci stron inter\u00adne\u00adto\u00adwych, aby ka\u017c\u00addy m\u00f3g\u0142 korzy\u00adsta\u0107 z naszej plat\u00adfor\u00admy. Ka\u017c\u00addy wk\u0142ad \u2014 ma\u0142y czy du\u017cy \u2014 robi r\u00f3\u017c\u00adni\u00adc\u0119! Z Two\u00adj\u0105 pomoc\u0105\u2026<\/p>\n","category_list_v2":"","author_info_v2":{"name":"Andrea Ramirez","url":"https:\/\/www.anika-net.de\/pl\/author\/andrea-ramirez\/"},"comments_num_v2":"0 comments","uagb_featured_image_src":{"full":["https:\/\/www.anika-net.de\/wp-content\/uploads\/2023\/03\/donate-360x200-1.png",360,200,false],"thumbnail":["https:\/\/www.anika-net.de\/wp-content\/uploads\/2023\/03\/donate-360x200-1-150x150.png",150,150,true],"medium":["https:\/\/www.anika-net.de\/wp-content\/uploads\/2023\/03\/donate-360x200-1-300x167.png",300,167,true],"medium_large":["https:\/\/www.anika-net.de\/wp-content\/uploads\/2023\/03\/donate-360x200-1.png",360,200,false],"large":["https:\/\/www.anika-net.de\/wp-content\/uploads\/2023\/03\/donate-360x200-1.png",360,200,false],"1536x1536":["https:\/\/www.anika-net.de\/wp-content\/uploads\/2023\/03\/donate-360x200-1.png",360,200,false],"2048x2048":["https:\/\/www.anika-net.de\/wp-content\/uploads\/2023\/03\/donate-360x200-1.png",360,200,false],"event-overview":["https:\/\/www.anika-net.de\/wp-content\/uploads\/2023\/03\/donate-360x200-1.png",360,200,false],"event-archive-thumb":["https:\/\/www.anika-net.de\/wp-content\/uploads\/2023\/03\/donate-360x200-1.png",360,200,false],"grid-item-thumbnail":["https:\/\/www.anika-net.de\/wp-content\/uploads\/2023\/03\/donate-360x200-1-360x200.png",360,200,true],"network-partner-icon":["https:\/\/www.anika-net.de\/wp-content\/uploads\/2023\/03\/donate-360x200-1-100x100.png",100,100,true],"organiser-icon":["https:\/\/www.anika-net.de\/wp-content\/uploads\/2023\/03\/donate-360x200-1-200x200.png",200,200,true],"gform-image-choice-sm":["https:\/\/www.anika-net.de\/wp-content\/uploads\/2023\/03\/donate-360x200-1.png",300,167,false],"gform-image-choice-md":["https:\/\/www.anika-net.de\/wp-content\/uploads\/2023\/03\/donate-360x200-1.png",360,200,false],"gform-image-choice-lg":["https:\/\/www.anika-net.de\/wp-content\/uploads\/2023\/03\/donate-360x200-1.png",360,200,false]},"uagb_author_info":{"display_name":"Andrea Ramirez","author_link":"https:\/\/www.anika-net.de\/pl\/author\/andrea-ramirez\/"},"uagb_comment_info":0,"uagb_excerpt":"Wes\u00adprzyj Ani\u00adKA \u2014 pom\u00f3\u017c nam zwi\u0119k\u00adszy\u0107 dost\u0119p\u00adno\u015b\u0107 informacji! Ani\u00adKA \u2014 Ankom\u00admen in Karls\u00adru\u00adhe to wa\u017c\u00adna plat\u00adfor\u00adma zapew\u00adnia\u00adj\u0105\u00adca nowo\u00adprzy\u00adby\u00ad\u0142ym i uchod\u017a\u00adcom nie\u00adzb\u0119d\u00adne infor\u00adma\u00adcje do poru\u00adsza\u00adnia si\u0119 po \u017cyciu w Karls\u00adru\u00adhe. Potrze\u00adbu\u00adje\u00admy&nbsp;czytaj wi\u0119cej","_links":{"self":[{"href":"https:\/\/www.anika-net.de\/pl\/wp-json\/wp\/v2\/pages\/24107","targetHints":{"allow":["GET"]}}],"collection":[{"href":"https:\/\/www.anika-net.de\/pl\/wp-json\/wp\/v2\/pages"}],"about":[{"href":"https:\/\/www.anika-net.de\/pl\/wp-json\/wp\/v2\/types\/page"}],"author":[{"embeddable":true,"href":"https:\/\/www.anika-net.de\/pl\/wp-json\/wp\/v2\/users\/12"}],"replies":[{"embeddable":true,"href":"https:\/\/www.anika-net.de\/pl\/wp-json\/wp\/v2\/comments?post=24107"}],"version-history":[{"count":2,"href":"https:\/\/www.anika-net.de\/pl\/wp-json\/wp\/v2\/pages\/24107\/revisions"}],"predecessor-version":[{"id":63669,"href":"https:\/\/www.anika-net.de\/pl\/wp-json\/wp\/v2\/pages\/24107\/revisions\/63669"}],"up":[{"embeddable":true,"href":"https:\/\/www.anika-net.de\/pl\/wp-json\/wp\/v2\/pages\/60569"}],"wp:featuredmedia":[{"embeddable":true,"href":"https:\/\/www.anika-net.de\/pl\/wp-json\/wp\/v2\/media\/35067"}],"wp:attachment":[{"href":"https:\/\/www.anika-net.de\/pl\/wp-json\/wp\/v2\/media?parent=24107"}],"curies":[{"name":"wp","href":"https:\/\/api.w.org\/{rel}","templated":true}]}}