{"id":20403,"date":"2022-05-11T15:55:39","date_gmt":"2022-05-11T13:55:39","guid":{"rendered":"https:\/\/www.anika-net.de\/trenutni-racun\/"},"modified":"2024-03-26T14:57:55","modified_gmt":"2024-03-26T13:57:55","slug":"ziro-racun","status":"publish","type":"page","link":"https:\/\/www.anika-net.de\/hr\/stigao\/bankovni-racun\/ziro-racun\/","title":{"rendered":"\u017eiro ra\u010dun"},"content":{"rendered":"\n<p>U Nje\u00adma\u010d\u00adkoj vam je potre\u00adban ban\u00adkov\u00adni ra\u010dun \u2013 ide\u00adal\u00adno <em>Giro\u00adkon\u00adto<\/em> (teku\u00ad\u0107i ra\u010dun). Ovaj ra\u010dun mo\u017ee\u00adte koris\u00adti\u00adti za pla\u00ad\u0107a\u00adnje sta\u00adna\u00adri\u00adne ban\u00adkov\u00adnim pri\u00adje\u00adno\u00adsom ili pri\u00adma\u00adnje pla\u00ad\u0107e i dru\u00adgih bene\u00adfi\u00adci\u00adja. Ra\u010dun mo\u017ee\u00adte otvo\u00adri\u00adti u ban\u00adci po \u017eelji. Potra\u00ad\u017ei\u00adte savjet: neke ban\u00adke napla\u00ad\u0107u\u00adju mje\u00adse\u010d\u00adni <strong><em>Kon\u00adtof\u00fc\u00adhrun\u00adg\u00adsgeb\u00fchr<\/em> (nak\u00adna\u00adda za ra\u010dun)<\/strong> . Pitaj\u00adte ban\u00adku o nji\u00adho\u00advim tro\u0161kovima.<\/p>\n\n<p><strong>\u0160to tre\u00adbam poni\u00adje\u00adti sa&nbsp;sobom?<\/strong><\/p>\n\n<p>Za otva\u00adra\u00adnje ban\u00adkov\u00adnog ra\u010du\u00adna potreb\u00adna vam je osob\u00adna iskaz\u00adni\u00adca, putov\u00adni\u00adca i\/ili bora\u00advi\u0161\u00adna dozvola.<\/p>\n\n<ul class=\"wp-block-list\"><li>Savjet: Imaj\u00adte na umu da mo\u017ee do\u0107i do nak\u00adna\u00adda ako podig\u00adne\u00adte novac iz dru\u00adge ban\u00adke. Dobro je pita\u00adti ban\u00adku u kojoj dru\u00adgoj ban\u00adci mo\u017ee\u00adte bes\u00adplat\u00adno podi\u00ad\u0107i&nbsp;novac.<\/li><\/ul>\n\n<ul class=\"wp-block-list\"><li>Moli\u00admo Vas da Va\u0161u novu adre\u00adsu pri\u00adja\u00advi\u00adte ban\u00adci ako se use\u00adlja\u00adva\u00adte u novi&nbsp;stan.<\/li><\/ul>\n","protected":false},"excerpt":{"rendered":"<p>U Nje\u00adma\u010d\u00adkoj vam je potre\u00adban ban\u00adkov\u00adni ra\u010dun \u2013 ide\u00adal\u00adno Giro\u00adkon\u00adto (teku\u00ad\u0107i ra\u010dun). Ovaj ra\u010dun mo\u017ee\u00adte koris\u00adti\u00adti za pla\u00ad\u0107a\u00adnje sta\u00adna\u00adri\u00adne ban\u00adkov\u00adnim pri\u00adje\u00adno\u00adsom ili pri\u00adma\u00adnje pla\u00ad\u0107e i dru\u00adgih bene\u00adfi\u00adci\u00adja. Ra\u010dun mo\u017ee\u00adte otvo\u00adri\u00adti&nbsp;<a class=\"moretag\" href=\"https:\/\/www.anika-net.de\/hr\/stigao\/bankovni-racun\/ziro-racun\/\">vidi vi\u0161e<\/a><\/p>\n","protected":false},"author":12,"featured_media":0,"parent":20406,"menu_order":0,"comment_status":"closed","ping_status":"closed","template":"","meta":{"_acf_changed":false,"inline_featured_image":false,"_uag_custom_page_level_css":"","wp_typography_post_enhancements_disabled":false,"footnotes":""},"class_list":["post-20403","page","type-page","status-publish","hentry"],"acf":[],"featured_image_urls_v2":{"full":"","thumbnail":"","medium":"","medium_large":"","large":"","1536x1536":"","2048x2048":"","event-overview":"","event-archive-thumb":"","grid-item-thumbnail":"","network-partner-icon":"","organiser-icon":"","gform-image-choice-sm":"","gform-image-choice-md":"","gform-image-choice-lg":""},"post_excerpt_stackable_v2":"<p>U Nje\u00adma\u010d\u00adkoj vam je potre\u00adban ban\u00adkov\u00adni ra\u010dun \u2013 ide\u00adal\u00adno Giro\u00adkon\u00adto (teku\u00ad\u0107i ra\u010dun). Ovaj ra\u010dun mo\u017ee\u00adte koris\u00adti\u00adti za pla\u00ad\u0107a\u00adnje sta\u00adna\u00adri\u00adne ban\u00adkov\u00adnim pri\u00adje\u00adno\u00adsom ili pri\u00adma\u00adnje pla\u00ad\u0107e i dru\u00adgih bene\u00adfi\u00adci\u00adja. Ra\u010dun mo\u017ee\u00adte otvo\u00adri\u00adti u ban\u00adci po \u017eelji. Potra\u00ad\u017ei\u00adte savjet: neke ban\u00adke napla\u00ad\u0107u\u00adju mje\u00adse\u010d\u00adni Kon\u00adtof\u00fc\u00adhrun\u00adg\u00adsgeb\u00fchr (nak\u00adna\u00adda za ra\u010dun) . Pitaj\u00adte ban\u00adku o nji\u00adho\u00advim tro\u00ad\u0161ko\u00advi\u00adma. \u0160to tre\u00adbam poni\u00adje\u00adti sa&nbsp;sobom? Za otva\u00adra\u00adnje ban\u00adkov\u00adnog ra\u010du\u00adna potreb\u00adna vam je osob\u00adna iskaz\u00adni\u00adca, putov\u00adni\u00adca i\/ili bora\u00advi\u0161\u00adna dozvo\u00adla. Savjet: Imaj\u00adte na umu da mo\u017ee do\u0107i do nak\u00adna\u00adda ako podig\u00adne\u00adte novac iz dru\u00adge ban\u00adke. Dobro je pita\u00adti ban\u00adku u kojoj dru\u00adgoj ban\u00adci mo\u017ee\u00adte bes\u00adplat\u00adno podi\u00ad\u0107i&nbsp;novac. Moli\u00admo Vas da Va\u0161u novu adre\u00adsu prijavite\u2026<\/p>\n","category_list_v2":"","author_info_v2":{"name":"Andrea Ramirez","url":"https:\/\/www.anika-net.de\/hr\/author\/andrea-ramirez\/"},"comments_num_v2":"0 comments","uagb_featured_image_src":{"full":false,"thumbnail":false,"medium":false,"medium_large":false,"large":false,"1536x1536":false,"2048x2048":false,"event-overview":false,"event-archive-thumb":false,"grid-item-thumbnail":false,"network-partner-icon":false,"organiser-icon":false,"gform-image-choice-sm":false,"gform-image-choice-md":false,"gform-image-choice-lg":false},"uagb_author_info":{"display_name":"Andrea Ramirez","author_link":"https:\/\/www.anika-net.de\/hr\/author\/andrea-ramirez\/"},"uagb_comment_info":0,"uagb_excerpt":"U Nje\u00adma\u010d\u00adkoj vam je potre\u00adban ban\u00adkov\u00adni ra\u010dun \u2013 ide\u00adal\u00adno Giro\u00adkon\u00adto (teku\u00ad\u0107i ra\u010dun). Ovaj ra\u010dun mo\u017ee\u00adte koris\u00adti\u00adti za pla\u00ad\u0107a\u00adnje sta\u00adna\u00adri\u00adne ban\u00adkov\u00adnim pri\u00adje\u00adno\u00adsom ili pri\u00adma\u00adnje pla\u00ad\u0107e i dru\u00adgih bene\u00adfi\u00adci\u00adja. Ra\u010dun mo\u017ee\u00adte otvo\u00adri\u00adti&nbsp;vidi vi\u0161e","_links":{"self":[{"href":"https:\/\/www.anika-net.de\/hr\/wp-json\/wp\/v2\/pages\/20403","targetHints":{"allow":["GET"]}}],"collection":[{"href":"https:\/\/www.anika-net.de\/hr\/wp-json\/wp\/v2\/pages"}],"about":[{"href":"https:\/\/www.anika-net.de\/hr\/wp-json\/wp\/v2\/types\/page"}],"author":[{"embeddable":true,"href":"https:\/\/www.anika-net.de\/hr\/wp-json\/wp\/v2\/users\/12"}],"replies":[{"embeddable":true,"href":"https:\/\/www.anika-net.de\/hr\/wp-json\/wp\/v2\/comments?post=20403"}],"version-history":[{"count":0,"href":"https:\/\/www.anika-net.de\/hr\/wp-json\/wp\/v2\/pages\/20403\/revisions"}],"up":[{"embeddable":true,"href":"https:\/\/www.anika-net.de\/hr\/wp-json\/wp\/v2\/pages\/20406"}],"wp:attachment":[{"href":"https:\/\/www.anika-net.de\/hr\/wp-json\/wp\/v2\/media?parent=20403"}],"curies":[{"name":"wp","href":"https:\/\/api.w.org\/{rel}","templated":true}]}}