{"id":20375,"date":"2022-05-11T15:55:35","date_gmt":"2022-05-11T13:55:35","guid":{"rendered":"https:\/\/www.anika-net.de\/upis-djeteta-u-skolu\/"},"modified":"2025-02-10T11:56:18","modified_gmt":"2025-02-10T10:56:18","slug":"upis-djeteta-u-skolu","status":"publish","type":"page","link":"https:\/\/www.anika-net.de\/hr\/stigao\/djeca-i-obitelj\/upis-djeteta-u-skolu\/","title":{"rendered":"Kako da upi\u00ad\u0161em dije\u00adte u&nbsp;\u0161kolu?"},"content":{"rendered":"\n<p class=\"has-text-color\" style=\"color:#124e71\">Va\u0161e dije\u00adte smi\u00adje i\u0107i u \u0161ko\u00adlu i mora\u00adte ga pri\u00adja\u00advi\u00adti u \u0161ko\u00adlu u roku od \u0161est mje\u00adse\u00adci od borav\u00adka u Nje\u00adma\u010d\u00adkoj. Poha\u00ad\u0111a\u00adnje \u0161ko\u00adle je oba\u00advez\u00adno.<br> Posje\u00adti\u00adte svo\u00adju mjes\u00adnu vije\u0107\u00adni\u00adcu kako bis\u00adte saz\u00adna\u00adli vi\u0161e o \u0161kol\u00adskim mogu\u0107\u00adnos\u00adti\u00adma va\u0161eg dje\u00adte\u00adta. Pos\u00adto\u00adje te\u010da\u00adje\u00advi koji \u0107e pomo\u00ad\u0107i va\u0161em dje\u00adte\u00adtu da nau\u010di nje\u00adma\u010d\u00adki. Vi\u0161e infor\u00adma\u00adci\u00adja mo\u017ee\u00adte pro\u00adna\u00ad\u0107i <strong><a href=\"https:\/\/ka.schulamt-bw.de\/,Lde\/Startseite\/Unterstuetzung+_+Beratung\/Vorbereitungsklassen\" rel=\"noopener\">ovdje<\/a> .<\/strong>   <\/p>\n\n<details class=\"wp-block-stackable-accordion stk-block-accordion stk-inner-blocks stk-block-content stk-block stk-7616f47 is-style-default\" data-block-id=\"7616f47\">\n<summary class=\"wp-block-stackable-column stk-block-column stk-column stk-block stk-fba073a stk--container-small stk-block-accordion__heading\" data-v=\"4\" data-block-id=\"fba073a\"><div class=\"stk-column-wrapper stk-block-column__content stk-container stk-fba073a-container stk-hover-parent\"><div class=\"stk-block-content stk-inner-blocks stk-fba073a-inner-blocks\">\n<div class=\"wp-block-stackable-icon-label stk-block-icon-label stk-block stk-590bcb4\" data-block-id=\"590bcb4\"><div class=\"stk-row stk-inner-blocks stk-block-content\">\n<div class=\"wp-block-stackable-heading stk-block-heading stk-block-heading--v2 stk-block stk-ab7d1d1\" id=\"t\" data-block-id=\"ab7d1d1\"><h4 class=\"stk-block-heading__text\">Datu\u00admi upi\u00adsa u osnov\u00adne&nbsp;\u0161kole<\/h4><\/div>\n\n\n\n<div class=\"wp-block-stackable-icon stk-block-icon stk-block stk-1114f9c\" data-block-id=\"1114f9c\"><span class=\"stk--svg-wrapper\"><div class=\"stk--inner-svg\"><svg style=\"height:0;width:0\"><defs><linearGradient id=\"linear-gradient-1114f9c\" x1=\"0\" x2=\"100%\" y1=\"0\" y2=\"0\"><stop offset=\"0%\" style=\"stop-opacity:1;stop-color:var(--linear-gradient-1114-f-9-c-color-1)\" \/><stop offset=\"100%\" style=\"stop-opacity:1;stop-color:var(--linear-gradient-1114-f-9-c-color-2)\" \/><\/linearGradient><\/defs><\/svg><svg data-prefix=\"fas\" data-icon=\"chevron-down\" class=\"svg-inline--fa fa-chevron-down fa-w-14\" viewBox=\"0 0 448 512\" aria-hidden=\"true\" width=\"32\" height=\"32\"><path fill=\"currentColor\" d=\"M207.029 381.476L12.686 187.132c-9.373-9.373-9.373-24.569 0-33.941l22.667-22.667c9.357-9.357 24.522-9.375 33.901-.04L224 284.505l154.745-154.021c9.379-9.335 24.544-9.317 33.901.04l22.667 22.667c9.373 9.373 9.373 24.569 0 33.941L240.971 381.476c-9.373 9.372-24.569 9.372-33.942 0z\" \/><\/svg><\/div><\/span><\/div>\n<\/div><\/div>\n<\/div><\/div><\/summary>\n\n\n\n<div class=\"wp-block-stackable-column stk-block-column stk-column stk-block stk-7645d33 stk-block-accordion__content\" data-v=\"4\" data-block-id=\"7645d33\"><div class=\"stk-column-wrapper stk-block-column__content stk-container stk-7645d33-container stk--no-background stk--no-padding\"><div class=\"stk-block-content stk-inner-blocks stk-7645d33-inner-blocks\">\n<div class=\"wp-block-stackable-text stk-block-text stk-block stk-bdf61ab\" data-block-id=\"bdf61ab\"><p class=\"stk-block-text__text\">Rok: <strong>30. lip\u00adnja<\/strong> (va\u0161e dije\u00adte mora ima\u00adti 6 godi\u00adna do tog datu\u00adma)<br> Dobit \u0107ete pismo od \u0161ko\u00adle. Ako ga nis\u00adte pri\u00admi\u00adli, pri\u00adja\u00advi\u00adte se u \u0161ko\u00adlu u va\u0161em podru\u00ad\u010dju.<br> Upi\u00adsi: <strong>15.09.2025<\/strong> <br><br>Infor\u00adma\u00adci\u00adje o upi\u00adsu u \u0161ko\u00adlu (osnov\u00adna \u0161ko\u00adla) \u2197 <strong><a href=\"https:\/\/www.grundschulen.net\/2623-checkliste-einschulung.html\" rel=\"noopener\">ovdje<\/a><\/strong><\/p><\/div>\n<\/div><\/div><\/div>\n<\/details>\n\n<details class=\"wp-block-stackable-accordion stk-block-accordion stk-inner-blocks stk-block-content stk-block stk-dc82e38 is-style-default\" data-block-id=\"dc82e38\">\n<summary class=\"wp-block-stackable-column stk-block-column stk-column stk-block stk-b848cf8 stk--container-small stk-block-accordion__heading\" data-v=\"4\" data-block-id=\"b848cf8\"><div class=\"stk-column-wrapper stk-block-column__content stk-container stk-b848cf8-container stk-hover-parent\"><div class=\"stk-block-content stk-inner-blocks stk-b848cf8-inner-blocks\">\n<div class=\"wp-block-stackable-icon-label stk-block-icon-label stk-block stk-f2f5bd9\" data-block-id=\"f2f5bd9\"><div class=\"stk-row stk-inner-blocks stk-block-content\">\n<div class=\"wp-block-stackable-heading stk-block-heading stk-block-heading--v2 stk-block stk-d4fb30c\" id=\"strong-egistration-dates-for-other-schools-secondary-schools-strong\" data-block-id=\"d4fb30c\"><h4 class=\"stk-block-heading__text\">Datu\u00admi upi\u00adsa u dru\u00adge \u0161ko\u00adle (sred\u00adnje&nbsp;\u0161kole)<\/h4><\/div>\n\n\n\n<div class=\"wp-block-stackable-icon stk-block-icon stk-block stk-4b4a05c\" data-block-id=\"4b4a05c\"><span class=\"stk--svg-wrapper\"><div class=\"stk--inner-svg\"><svg style=\"height:0;width:0\"><defs><linearGradient id=\"linear-gradient-4b4a05c\" x1=\"0\" x2=\"100%\" y1=\"0\" y2=\"0\"><stop offset=\"0%\" style=\"stop-opacity:1;stop-color:var(--linear-gradient-4-b-4-a-05-c-color-1)\" \/><stop offset=\"100%\" style=\"stop-opacity:1;stop-color:var(--linear-gradient-4-b-4-a-05-c-color-2)\" \/><\/linearGradient><\/defs><\/svg><svg data-prefix=\"fas\" data-icon=\"chevron-down\" class=\"svg-inline--fa fa-chevron-down fa-w-14\" viewBox=\"0 0 448 512\" aria-hidden=\"true\" width=\"32\" height=\"32\"><path fill=\"currentColor\" d=\"M207.029 381.476L12.686 187.132c-9.373-9.373-9.373-24.569 0-33.941l22.667-22.667c9.357-9.357 24.522-9.375 33.901-.04L224 284.505l154.745-154.021c9.379-9.335 24.544-9.317 33.901.04l22.667 22.667c9.373 9.373 9.373 24.569 0 33.941L240.971 381.476c-9.373 9.372-24.569 9.372-33.942 0z\" \/><\/svg><\/div><\/span><\/div>\n<\/div><\/div>\n<\/div><\/div><\/summary>\n\n\n\n<div class=\"wp-block-stackable-column stk-block-column stk-column stk-block stk-68bb8db stk-block-accordion__content\" data-v=\"4\" data-block-id=\"68bb8db\"><div class=\"stk-column-wrapper stk-block-column__content stk-container stk-68bb8db-container stk--no-background stk--no-padding\"><div class=\"stk-block-content stk-inner-blocks stk-68bb8db-inner-blocks\">\n<ul class=\"wp-block-list\">\n<li>Datu\u00admi regis\u00adtra\u00adci\u00adje su od <strong>10. do 13. o\u017euj\u00adka 2025.<\/strong> Pro\u00advje\u00adri\u00adte sa \u0161ko\u00adlom neko\u00adli\u00adko tje\u00adda\u00adna ili mje\u00adse\u00adci pri\u00adje tog datuma.<\/li>\n\n\n\n<li>\ud83d\udca1 <strong>Stru\u00adkov\u00adne \u0161ko\u00adle<\/strong> ima\u00adju <strong><a href=\"https:\/\/www.landkreis-karlsruhe.de\/vaboanmeldung\" rel=\"noopener\">sre\u00addi\u0161\u00adnju onli\u00adne plat\u00adfor\u00admu za upis<\/a><br><\/strong> Dodat\u00adne infor\u00adma\u00adci\u00adje dobit \u0107ete nakon prijave.<\/li>\n<\/ul>\n<\/div><\/div><\/div>\n<\/details>\n\n<details class=\"wp-block-stackable-accordion stk-block-accordion stk-inner-blocks stk-block-content stk-block stk-ab3a5f3 is-style-default\" data-block-id=\"ab3a5f3\">\n<summary class=\"wp-block-stackable-column stk-block-column stk-column stk-block stk-4464c93 stk--container-small stk-block-accordion__heading\" data-v=\"4\" data-block-id=\"4464c93\"><div class=\"stk-column-wrapper stk-block-column__content stk-container stk-4464c93-container stk-hover-parent\"><div class=\"stk-block-content stk-inner-blocks stk-4464c93-inner-blocks\">\n<div class=\"wp-block-stackable-icon-label stk-block-icon-label stk-block stk-2def0de\" data-block-id=\"2def0de\"><div class=\"stk-row stk-inner-blocks stk-block-content\">\n<div class=\"wp-block-stackable-heading stk-block-heading stk-block-heading--v2 stk-block stk-ce8f103\" id=\"span-style-color-128-b-81-class-stk-highlight-what-do-the-different-educational-qualifications-mean-span\" data-block-id=\"ce8f103\"><h4 class=\"stk-block-heading__text\"><span style=\"color: #128b81;\" class=\"stk-highlight\">\u0160to zna\u00ad\u010de raz\u00adli\u00ad\u010di\u00adte obra\u00adzov\u00adne kvalifikacije?<\/span><\/h4><\/div>\n\n\n\n<div class=\"wp-block-stackable-icon stk-block-icon stk-block stk-49e853a\" data-block-id=\"49e853a\"><span class=\"stk--svg-wrapper\"><div class=\"stk--inner-svg\"><svg style=\"height:0;width:0\"><defs><linearGradient id=\"linear-gradient-49e853a\" x1=\"0\" x2=\"100%\" y1=\"0\" y2=\"0\"><stop offset=\"0%\" style=\"stop-opacity:1;stop-color:var(--linear-gradient-49-e-853-a-color-1)\" \/><stop offset=\"100%\" style=\"stop-opacity:1;stop-color:var(--linear-gradient-49-e-853-a-color-2)\" \/><\/linearGradient><\/defs><\/svg><svg data-prefix=\"fas\" data-icon=\"chevron-down\" class=\"svg-inline--fa fa-chevron-down fa-w-14\" viewBox=\"0 0 448 512\" aria-hidden=\"true\" width=\"32\" height=\"32\"><path fill=\"currentColor\" d=\"M207.029 381.476L12.686 187.132c-9.373-9.373-9.373-24.569 0-33.941l22.667-22.667c9.357-9.357 24.522-9.375 33.901-.04L224 284.505l154.745-154.021c9.379-9.335 24.544-9.317 33.901.04l22.667 22.667c9.373 9.373 9.373 24.569 0 33.941L240.971 381.476c-9.373 9.372-24.569 9.372-33.942 0z\" \/><\/svg><\/div><\/span><\/div>\n<\/div><\/div>\n<\/div><\/div><\/summary>\n\n\n\n<div class=\"wp-block-stackable-column stk-block-column stk-column stk-block stk-670e816 stk-block-accordion__content\" data-v=\"4\" data-block-id=\"670e816\"><div class=\"stk-column-wrapper stk-block-column__content stk-container stk-670e816-container stk--no-background stk--no-padding\"><div class=\"stk-block-content stk-inner-blocks stk-670e816-inner-blocks\">\n<div class=\"wp-block-stackable-text stk-block-text stk-block stk-61bc9c1\" data-block-id=\"61bc9c1\"><p class=\"stk-block-text__text\">Pos\u00adto\u00adje raz\u00adne svje\u00addod\u017e\u00adbe o zavr\u00ad\u0161e\u00adnom \u0161ko\u00adlo\u00adva\u00adnju. \u0160to je vi\u0161a matu\u00adra, to ima\u00adte vi\u0161e mogu\u0107\u00adnos\u00adti pri oda\u00adbi\u00adru zani\u00adma\u00adnja. Ali mora\u0161 i du\u017ee i\u0107i u \u0161ko\u00adlu. Sa sred\u00adnjom <strong><em>Haup\u00adt\u00ads\u00adc\u00adhu\u00adlab\u00ads\u00adc\u00adhluss<\/em><\/strong> (svje\u00addod\u017e\u00adbom o zavr\u00ad\u0161e\u00adnoj sred\u00adnjoj \u0161ko\u00adli \u2013 nakon <sup>9.<\/sup> raz\u00adre\u00adda) ili <em><strong>Mit\u00adtle\u00adrer Bil\u00addun\u00adg\u00adsab\u00ads\u00adc\u00adhluss<\/strong><\/em> (svje\u00addod\u017e\u00adbom o zavr\u00ad\u0161e\u00adnoj sred\u00adnjoj \u0161ko\u00adli \u2013 nakon 10. raz\u00adre\u00adda) mo\u017ee\u00adte u\u0107i u stru\u00adkov\u00adnu obu\u00adku.     <br><br>Potreb\u00adna vam je <em><strong>matu\u00adra<\/strong><\/em> ili kva\u00adli\u00adfi\u00adka\u00adci\u00adja za pri\u00adjem na sve\u00adu\u010di\u00adli\u00ad\u0161te (nakon <sup>12.<\/sup> ili <sup>13.<\/sup> raz\u00adre\u00adda) <strong>da bis\u00adte stu\u00addi\u00adra\u00adli na sve\u00adu\u010di\u00adli\u00ad\u0161tu<\/strong> . Nakon \u0161to polo\u00ad\u017ei\u00adte sva\u00adki ispit, mo\u017ee\u00adte nas\u00adta\u00advi\u00adti stu\u00addij kako bis\u00adte stek\u00adli kva\u00adli\u00adfi\u00adka\u00adci\u00adju vi\u0161e razi\u00adne. \u010cak i ako ste napus\u00adti\u00adli \u0161ko\u00adlu, svo\u00adju kva\u00adli\u00adfi\u00adka\u00adci\u00adju mo\u017ee\u00adte nadok\u00adna\u00addi\u00adti kas\u00adni\u00adje. To mo\u017ee\u00adte u\u010di\u00adni\u00adti npr. u stru\u00adkov\u00adnoj \u0161ko\u00adli.     <br><br><strong>Raz\u00adli\u00ad\u010di\u00adti tipo\u00advi \u0161ko\u00adla<\/strong><br> Bil\u00addun\u00adg\u00ads\u00adna\u00advi Baden W\u00fcr\u00adt\u00adtem\u00adberg poka\u00adzu\u00adje mogu\u0107\u00adnos\u00adti i obja\u0161\u00adnja\u00adva raz\u00adli\u00ad\u010di\u00adte vrste \u0161ko\u00adla: <a href=\"http:\/\/bildungsnavi-bw.de\" target=\"_blank\" rel=\"noreferrer noopener\">http:\/\/bildungsnavi-bw.de<\/a><\/p><\/div>\n<\/div><\/div><\/div>\n<\/details>\n\n<h2 class=\"wp-block-heading has-text-color\" id=\"my-child-doesn-t-speak-german-where-can-they-go-to-school\" style=\"color:#124e71\">Moje dije\u00adte ne govo\u00adri nje\u00adma\u010d\u00adki. Gdje mogu i\u0107i u&nbsp;\u0161kolu?&nbsp;<\/h2>\n\n<p><strong><span style=\"color: #970773;\" class=\"stk-highlight\">Osnov\u00adna \u0161ko\u00adla<\/span><\/strong><br><strong>Dje\u00adca koja jo\u0161 ne govo\u00adre nje\u00adma\u010d\u00adki<\/strong> stav\u00adlja\u00adju se u <em><strong>Vor\u00adbe\u00adre\u00aditun\u00adg\u00ads\u00adkla\u00adsse<\/strong><\/em> (pri\u00adprem\u00adni raz\u00adred) za u\u010de\u00adnje jezi\u00adka. Va\u0161e dije\u00adte \u0107e poha\u00ad\u0111a\u00adti lokal\u00adnu osnov\u00adnu \u0161ko\u00adlu. Ovi\u00adsi o tome gdje \u017eivi\u00adte.<br> \u2197 <strong><a href=\"https:\/\/www.karlsruhe.de\/bildung-soziales\/liste-schulen\" rel=\"noopener\">\u0160ko\u00adle u Karlsruheu<\/a><\/strong><\/p>\n\n<h3 class=\"wp-block-heading\"><span style=\"color: #09928a;\" class=\"stk-highlight\">Kako da upi\u00ad\u0161em dije\u00adte u&nbsp;\u0161kolu?<\/span><\/h3>\n\n<p><strong>Pri\u00adja\u00advi\u00adte svo\u00adje dije\u00adte izrav\u00adno u \u0161ko\u00adlu.<\/strong>  Zaka\u00ad\u017ei\u00adte upis u taj\u00adni\u0161\u00adtvu \u0161ko\u00adle i osob\u00adno pove\u00addi\u00adte dije\u00adte sa sobom na termin.<\/p>\n\n<p><strong><span style=\"color: #820979;\" class=\"stk-highlight\">Sred\u00adnja \u0161ko\u00adla<\/span><\/strong><br> Ako va\u0161e dije\u00adte ima izme\u00ad\u0111u <strong>11 i 15 godi\u00adna<\/strong> , ali jo\u0161 ne govo\u00adri nje\u00adma\u010d\u00adki, mo\u017ee\u00adte ga pri\u00adja\u00advi\u00adti za <strong><em>Vor\u00adbe\u00adre\u00aditun\u00adg\u00ads\u00adkla\u00adsse<\/em> (VKL)<\/strong> u sred\u00adnjoj \u0161ko\u00adli. Da bis\u00adte to u\u010di\u00adni\u00adli, kon\u00adtak\u00adti\u00adraj\u00adte jed\u00adnu od \u0161ko\u00adla u nas\u00adtav\u00adku. Va\u0161e dije\u00adte \u0107e tada biti upi\u00adsa\u00adno u odgo\u00adva\u00adra\u00adju\u00ad\u0107u&nbsp;\u0161kolu.<\/p>\n\n<div class=\"wp-block-ugb-columns ugb-columns ugb-37bbe50 ugb-columns--design-plain ugb-columns--columns-2 ugb-main-block\"><div class=\"ugb-inner-block\"><div class=\"ugb-block-content\"><div class=\"ugb-columns__item ugb-37bbe50-content-wrapper\">\n<div class=\"wp-block-ugb-column ugb-column ugb-2a29cd7 ugb-column--design-plain ugb-main-block\"><div class=\"ugb-inner-block\"><div class=\"ugb-block-content\"><div class=\"ugb-column__item ugb-2a29cd7-column-wrapper\"><div class=\"ugb-column__content-wrapper\">\n<p class=\"has-text-align-left\"><strong>Guten\u00adber\u00adg\u00ads\u00adc\u00adhu\u00adle (GWRS)<\/strong><br> \ud83d\udccd Goet\u00adhes\u00adtra\u00dfe 34<br> 76135 Kar\u00adl\u00adsru\u00adhe<br> \ud83d\udce7 <a href=\"mailto:info@gutenbergschulekarlsruhe.de\">info@gutenbergschulekarlsruhe.de<\/a><br> \ud83d\udcde +49 (0)721 (0)133 \u20114674<\/p>\n<\/div><\/div><\/div><\/div><\/div>\n\n\n\n<div class=\"wp-block-ugb-column ugb-column ugb-83bfdc6 ugb-column--design-plain ugb-main-block\"><div class=\"ugb-inner-block\"><div class=\"ugb-block-content\"><div class=\"ugb-column__item ugb-83bfdc6-column-wrapper\"><div class=\"ugb-column__content-wrapper\">\n<p><strong>Pes\u00adta\u00adlo\u00adzzis\u00adc\u00adhu\u00adle (GWRS)<\/strong><br> \ud83d\udccd Chris\u00adtof\u00ads\u00adtra\u00dfe 23<br> 76227 Kar\u00adl\u00adsru\u00adhe<br> \ud83d\udce7 <a href=\"mailto:poststelle@pestalozzischule-ka.schule.bwl.de\">poststelle@pestalozzischule-ka.schule.bwl.de<\/a><br> \ud83d\udcde +49 (0)721 (0)133 \u20114707<\/p>\n<\/div><\/div><\/div><\/div><\/div>\n<\/div><\/div><\/div><\/div>\n\n<p><strong>Mla\u00addi od 16 god<\/strong><br> Mla\u00addi od 16 godi\u00adna sta\u00adros\u00adti mogu se pri\u00adja\u00advi\u00adti \u2013 ili sami pri\u00adja\u00advi\u00adti \u2013 za <em><strong>Vor\u00adbe\u00adre\u00aditun\u00adg\u00ads\u00adkla\u00adsse<\/strong><\/em> (VABO) na stru\u00adkov\u00adnoj \u0161ko\u00adli. VABO nas\u00adta\u00adva pri\u00adpre\u00adma mla\u00adde za ispi\u00adte iz nje\u00adma\u010d\u00adkog jezi\u00adka na razi\u00adna\u00adma A2 do B1. Mo\u017ee\u00adte se pri\u00adja\u00advi\u00adti za VABO te\u010daj onli\u00adne \u2197 <a href=\"https:\/\/wes.karlsruhe.de\/anmeldung\/\" rel=\"noopener\"><strong>ovdje<\/strong><\/a> <\/p>\n\n<p>Nakon VABO sata mo\u017ee\u00adte se pri\u00adpre\u00admi\u00adti za nje\u00adma\u010d\u00adku matu\u00adru. Stru\u00adkov\u00adne \u0161ko\u00adle nude svje\u00addod\u017e\u00adbe o zavr\u00ad\u0161e\u00adnoj \u0161ko\u00adli iz raz\u00adnih predmeta.&nbsp;<\/p>\n\n<div class=\"wp-block-ugb-spacer ugb-spacer ugb-6644542 ugb-spacer--v2 ugb-main-block\"><div class=\"ugb-inner-block\"><div class=\"ugb-block-content\"><div class=\"ugb-spacer--inner\"><\/div><\/div><\/div><\/div>\n\n<h2 class=\"wp-block-heading has-text-color\" id=\"my-child-already-speaks-german-where-can-they-go-to-school\" style=\"color:#124e71\">Moje dije\u00adte ve\u0107 govo\u00adri nje\u00adma\u010d\u00adki. Gdje mogu i\u0107i u&nbsp;\u0161kolu?&nbsp;<\/h2>\n\n<p>Ako va\u0161e dije\u00adte govo\u00adri nje\u00adma\u010d\u00adki i mo\u017ee poha\u00ad\u0111a\u00adti redov\u00adnu \u0161ko\u00adlu, <strong>mo\u017ee\u00adte se direk\u00adt\u00adno obra\u00adti\u00adti \u0161ko\u00adli<\/strong> . Tamo \u0107e vas savje\u00adto\u00adva\u00adti upra\u00adva \u0161ko\u00adle. Popis jav\u00adnih i pri\u00advat\u00adnih \u0161ko\u00adla u Kar\u00adl\u00adsru\u00adheu mo\u017ee\u00adte pro\u00adna\u00ad\u0107i \u2197 <strong><a href=\"https:\/\/www.karlsruhe.de\/bildung-soziales\/schulstadt-karlsruhe\" rel=\"noopener\">ovdje<\/a><\/strong> <\/p>\n\n<p><strong>\ud83d\udca1<\/strong> Kar\u00adl\u00adsru\u00adhe tako\u00ad\u0111er ima <strong>\u0161ko\u00adle s dvo\u00adje\u00adzi\u010d\u00adnom nas\u00adta\u00advom<\/strong> i Europ\u00adsku \u0161ko\u00adlu s redov\u00adnom nas\u00adta\u00advom na nje\u00adma\u010d\u00adkom, engle\u00adskom ili fran\u00adcu\u00adskom jeziku.<\/p>\n\n<h3 class=\"wp-block-heading has-text-color\" id=\"what-documents-should-i-take-with-me-when-i-register\" style=\"color:#124e71\">Koje doku\u00admen\u00adte tre\u00adbam poni\u00adje\u00adti sa sobom pri\u00adli\u00adkom registracije?<\/h3>\n\n<ul class=\"wp-block-list\">\n<li>Rod\u00adni list djeteta<\/li>\n\n\n\n<li>Putov\u00adni\u00adca djeteta<\/li>\n\n\n\n<li>Svo\u00adju vlas\u00adti\u00adtu putovnicu<\/li>\n\n\n\n<li>\u0160kol\u00adski izvje\u00ad\u0161ta\u00adji (ako su dos\u00adtup\u00adni) za upis u sred\u00adnju&nbsp;\u0161kolu<\/li>\n<\/ul>\n","protected":false},"excerpt":{"rendered":"<p>Va\u0161e dije\u00adte smi\u00adje i\u0107i u \u0161ko\u00adlu i mora\u00adte ga pri\u00adja\u00advi\u00adti u \u0161ko\u00adlu u roku od \u0161est mje\u00adse\u00adci od borav\u00adka u Nje\u00adma\u010d\u00adkoj. Poha\u00ad\u0111a\u00adnje \u0161ko\u00adle je oba\u00advez\u00adno. Posje\u00adti\u00adte svo\u00adju mjes\u00adnu vije\u0107\u00adni\u00adcu kako&nbsp;<a class=\"moretag\" href=\"https:\/\/www.anika-net.de\/hr\/stigao\/djeca-i-obitelj\/upis-djeteta-u-skolu\/\">vidi vi\u0161e<\/a><\/p>\n","protected":false},"author":12,"featured_media":0,"parent":20407,"menu_order":11,"comment_status":"closed","ping_status":"closed","template":"","meta":{"_acf_changed":false,"inline_featured_image":false,"_uag_custom_page_level_css":"","wp_typography_post_enhancements_disabled":false,"footnotes":""},"class_list":["post-20375","page","type-page","status-publish","hentry"],"acf":[],"featured_image_urls_v2":{"full":"","thumbnail":"","medium":"","medium_large":"","large":"","1536x1536":"","2048x2048":"","event-overview":"","event-archive-thumb":"","grid-item-thumbnail":"","network-partner-icon":"","organiser-icon":"","gform-image-choice-sm":"","gform-image-choice-md":"","gform-image-choice-lg":""},"post_excerpt_stackable_v2":"<p>Va\u0161e dije\u00adte smi\u00adje i\u0107i u \u0161ko\u00adlu i mora\u00adte ga pri\u00adja\u00advi\u00adti u \u0161ko\u00adlu u roku od \u0161est mje\u00adse\u00adci od borav\u00adka u Nje\u00adma\u010d\u00adkoj. Poha\u00ad\u0111a\u00adnje \u0161ko\u00adle je oba\u00advez\u00adno. Posje\u00adti\u00adte svo\u00adju mjes\u00adnu vije\u0107\u00adni\u00adcu kako bis\u00adte saz\u00adna\u00adli vi\u0161e o \u0161kol\u00adskim mogu\u0107\u00adnos\u00adti\u00adma va\u0161eg dje\u00adte\u00adta. Pos\u00adto\u00adje te\u010da\u00adje\u00advi koji \u0107e pomo\u00ad\u0107i va\u0161em dje\u00adte\u00adtu da nau\u010di nje\u00adma\u010d\u00adki. Vi\u0161e infor\u00adma\u00adci\u00adja mo\u017ee\u00adte pro\u00adna\u00ad\u0107i ovdje . Datu\u00admi upi\u00adsa u osnov\u00adne&nbsp;\u0161ko\u00adle Rok: 30. lip\u00adnja (va\u0161e dije\u00adte mora ima\u00adti 6 godi\u00adna do tog datu\u00adma) Dobit \u0107ete pismo od \u0161ko\u00adle. Ako ga nis\u00adte pri\u00admi\u00adli, pri\u00adja\u00advi\u00adte se u \u0161ko\u00adlu u va\u0161em podru\u00ad\u010dju. Upi\u00adsi: 15.09.2025 Infor\u00adma\u00adci\u00adje o upi\u00adsu u \u0161ko\u00adlu (osnov\u00adna \u0161ko\u00adla) \u2197 ovdje Datu\u00admi upi\u00adsa&nbsp;u\u2026<\/p>\n","category_list_v2":"","author_info_v2":{"name":"Andrea Ramirez","url":"https:\/\/www.anika-net.de\/hr\/author\/andrea-ramirez\/"},"comments_num_v2":"0 comments","uagb_featured_image_src":{"full":false,"thumbnail":false,"medium":false,"medium_large":false,"large":false,"1536x1536":false,"2048x2048":false,"event-overview":false,"event-archive-thumb":false,"grid-item-thumbnail":false,"network-partner-icon":false,"organiser-icon":false,"gform-image-choice-sm":false,"gform-image-choice-md":false,"gform-image-choice-lg":false},"uagb_author_info":{"display_name":"Andrea Ramirez","author_link":"https:\/\/www.anika-net.de\/hr\/author\/andrea-ramirez\/"},"uagb_comment_info":0,"uagb_excerpt":"Va\u0161e dije\u00adte smi\u00adje i\u0107i u \u0161ko\u00adlu i mora\u00adte ga pri\u00adja\u00advi\u00adti u \u0161ko\u00adlu u roku od \u0161est mje\u00adse\u00adci od borav\u00adka u Nje\u00adma\u010d\u00adkoj. Poha\u00ad\u0111a\u00adnje \u0161ko\u00adle je oba\u00advez\u00adno. Posje\u00adti\u00adte svo\u00adju mjes\u00adnu vije\u0107\u00adni\u00adcu kako&nbsp;vidi vi\u0161e","_links":{"self":[{"href":"https:\/\/www.anika-net.de\/hr\/wp-json\/wp\/v2\/pages\/20375","targetHints":{"allow":["GET"]}}],"collection":[{"href":"https:\/\/www.anika-net.de\/hr\/wp-json\/wp\/v2\/pages"}],"about":[{"href":"https:\/\/www.anika-net.de\/hr\/wp-json\/wp\/v2\/types\/page"}],"author":[{"embeddable":true,"href":"https:\/\/www.anika-net.de\/hr\/wp-json\/wp\/v2\/users\/12"}],"replies":[{"embeddable":true,"href":"https:\/\/www.anika-net.de\/hr\/wp-json\/wp\/v2\/comments?post=20375"}],"version-history":[{"count":2,"href":"https:\/\/www.anika-net.de\/hr\/wp-json\/wp\/v2\/pages\/20375\/revisions"}],"predecessor-version":[{"id":58266,"href":"https:\/\/www.anika-net.de\/hr\/wp-json\/wp\/v2\/pages\/20375\/revisions\/58266"}],"up":[{"embeddable":true,"href":"https:\/\/www.anika-net.de\/hr\/wp-json\/wp\/v2\/pages\/20407"}],"wp:attachment":[{"href":"https:\/\/www.anika-net.de\/hr\/wp-json\/wp\/v2\/media?parent=20375"}],"curies":[{"name":"wp","href":"https:\/\/api.w.org\/{rel}","templated":true}]}}