{"id":20373,"date":"2022-05-11T15:55:34","date_gmt":"2022-05-11T13:55:34","guid":{"rendered":"https:\/\/www.anika-net.de\/registracija-u-gradu\/"},"modified":"2024-12-03T12:46:51","modified_gmt":"2024-12-03T11:46:51","slug":"registracija-u-gradu","status":"publish","type":"page","link":"https:\/\/www.anika-net.de\/hr\/stigao\/registriranje\/registracija-u-gradu\/","title":{"rendered":"Regis\u00adtra\u00adci\u00adja u Karlsruheu"},"content":{"rendered":"\n<p><strong>Regis\u00adtra\u00adci\u00adja u Kar\u00adl\u00adsru\u00adheu:<\/strong> U Nje\u00adma\u010d\u00adkoj ste po zako\u00adnu du\u017e\u00adni pri\u00adja\u00advi\u00adti svo\u00adju adre\u00adsu ili bilo kak\u00advu pro\u00admje\u00adnu adre\u00adse vlas\u00adti\u00adma u va\u0161em mjestu\/gradu pre\u00adbi\u00adva\u00adli\u00ad\u0161ta. <strong><span style=\"color: #cb6a02;\" class=\"stk-highlight\">Sada to mo\u017ee\u00adte u\u010di\u00adni\u00adti <a href=\"https:\/\/web1.karlsruhe.de\/service\/Buergerdienste\/leistung.php?id=6021869\" rel=\"noopener\">onli\u00adne!<\/a><\/span><\/strong><br><br> \ud83d\udca1 <strong>Ovo je va\u017e\u00adno:<\/strong> mo\u017eda \u0107ete mora\u00adti pla\u00adti\u00adti kaz\u00adnu ako to ne u\u010di\u00adni\u00adte na vrijeme.<\/p>\n\n<p><strong>Koji doku\u00adment tre\u00adbam poni\u00adje\u00adti sa sobom pri\u00adli\u00adkom registracije?<\/strong><\/p>\n\n<ul class=\"wp-block-list\">\n<li><strong>Osob\u00adna iskaz\u00adni\u00adca<\/strong> s akti\u00advi\u00adra\u00adnom onli\u00adne ID funk\u00adci\u00adjom uklj. PIN ( <a href=\"https:\/\/www.personalausweisportal.de\/Webs\/PA-INFO\/Index.html\" rel=\"noopener\">vi\u0161e infor\u00adma\u00adci\u00adja o onli\u00adne ID funk\u00adci\u00adji<\/a> ) ili eID karticu&nbsp;<\/li>\n\n\n\n<li>Stra\u00adna putov\u00adni\u00adca (ako je dostupna)<\/li>\n\n\n\n<li>Pamet\u00adni tele\u00adfon s NFC-om ili USB \u010dita\u010d kartica<\/li>\n\n\n\n<li>Apli\u00adka\u00adci\u00adja za osob\u00adne iskaz\u00adni\u00adce ( <a href=\"https:\/\/www.ausweisapp.bund.de\/home\" rel=\"noopener\">vi\u0161e infor\u00adma\u00adci\u00adja o apli\u00adka\u00adci\u00adji za osob\u00adne iskaz\u00adni\u00adce<\/a> ) za va\u0161e ra\u010du\u00adna\u00adlo ili pamet\u00adni telefon<\/li>\n\n\n\n<li>Pot\u00advr\u00adda o pre\u00adbi\u00adva\u00adli\u00ad\u0161tu od va\u0161eg sta\u00adno\u00addav\u00adca (npr. ugo\u00advor o&nbsp;najmu)<\/li>\n<\/ul>\n\n<p><strong><span style=\"color: #cb6a02;\" class=\"stk-highlight\">Va\u017e\u00adno:<\/span><\/strong> Kada se regis\u00adtri\u00adra\u00adte, dobit \u0107ete <em>Mel\u00adde\u00adbes\u00adc\u00adhe\u00adini\u00adgung<\/em> (pot\u00advr\u00addu o regis\u00adtra\u00adci\u00adji).<br> Moli\u00admo \u010duvaj\u00adte ovaj doku\u00adment na sigur\u00adnom mjestu.<\/p>\n\n<p><strong>Pri\u00adja\u00adva:<\/strong> U Nje\u00adma\u010d\u00adkoj, kada se use\u00adli\u00adte u novu ku\u0107u ili stan, mora\u00adte se pri\u00adja\u00advi\u00adti kod lokal\u00adnih vlas\u00adti u roku od <strong>dva tjed\u00adna<\/strong> . To mo\u017ee\u00adte u\u010di\u00adni\u00adti u bilo kojem <em>B\u00fcr\u00adger\u00adb\u00fcro<\/em> (ure\u00addu za gra\u00ad\u0111a\u00adne) u gra\u00addu Karlsruheu.&nbsp;<\/p>\n\n<p><strong>Pro\u00admje\u00adna adre\u00adse:<\/strong> \u010cak i ako se use\u00adli\u00adte u novu ku\u0107u ili stan u istom gra\u00addu, mora\u00adte u roku od dva tjed\u00adna pri\u00adja\u00advi\u00adti pro\u00admje\u00adnu adre\u00adse kod lokal\u00adnih vlasti.<\/p>\n\n<h2 class=\"wp-block-heading\"><span style=\"color: #0e9b8f;\" class=\"stk-highlight\">Elek\u00adtron\u00adska pri\u00adja\u00adva prebivali\u0161ta<\/span><\/h2>\n\n<p><strong>Novi dom?<\/strong> \ud83c\udfe1<br> <strong>Jes\u00adte li se upra\u00advo pre\u00adse\u00adli\u00adli unu\u00adtar Nje\u00adma\u010d\u00adke?<\/strong> \ud83d\udce6<br> Sada mo\u017ee\u00adte regis\u00adtri\u00adra\u00adti svoj novi dom onli\u00adne i to bes\u00adplat\u00adno!<br> S elek\u00adtro\u00adni\u010d\u00adkom pri\u00adja\u00advom pre\u00adbi\u00adva\u00adli\u00ad\u0161ta mo\u017ee\u00adte jed\u00adnos\u00adtav\u00adno putem inter\u00adne\u00adta oba\u00advi\u00adjes\u00adti\u00adti svoj mati\u010d\u00adni ured o svo\u00adjoj novoj ku\u0107\u00adnoj adresi.&nbsp;\ud83d\udcf2<\/p>\n\n<p><strong>\ud83d\udca1<\/strong> <strong>Vi\u0161e nije potreb\u00adno i\u0107i kod nad\u00adle\u017e\u00adnih orga\u00adna<\/strong> .<br> Tada \u0107ete dobi\u00adti digi\u00adtal\u00adnu pot\u00advr\u00addu registracije.<\/p>\n\n<p>Tako\u00ad\u0111er mo\u017ee\u00adte koris\u00adti\u00adti onli\u00adne uslu\u00adgu za a\u017eu\u00adri\u00adra\u00adnje osob\u00adne iskaz\u00adni\u00adce, putov\u00adni\u00adce ili eID kar\u00adti\u00adce. Naj\u00adlak\u00ad\u0161i na\u010din da to u\u010di\u00adni\u00adte je pomo\u00ad\u0107u pamet\u00adnog telefona.&nbsp;\ud83d\udcf2<\/p>\n\n<h3 class=\"wp-block-heading\">\u2197 <a href=\"https:\/\/web1.karlsruhe.de\/service\/Buergerdienste\/leistung.php?id=6021869\" rel=\"noopener\"><span style=\"color: #0e9b8f;\" class=\"stk-highlight\">Pri\u00adja\u00advi\u00adte svo\u00adje pre\u00adbi\u00adva\u00adli\u00ad\u0161te online<\/span><\/a><\/h3>\n\n<p><\/p>\n\n<p><strong>Kon\u00adtakt<\/strong><br>Ord\u00adnun\u00adgs- <strong>und B\u00fcr\u00adge\u00adramt<\/strong> (Ured za jav\u00adni red i gra\u00ad\u0111a\u00adne)<br><strong>B\u00fcr\u00adger\u00addi\u00adens\u00adte<\/strong> (uslu\u00adge za gra\u00ad\u0111a\u00adne)<br> \ud83d\udccd Ste\u00adin\u00adh\u00e4u\u00adser\u00adstra\u00dfe 22<br> 76135 Kar\u00adl\u00adsru\u00adhe<br> \ud83d\udce7 buergerdienste@oa.karlsruhe.de<br> \ud83d\udcde <strong>115<\/strong><br> \ud83c\udf10 <a href=\"https:\/\/www.karlsruhe.de\/stadt-rathaus\/verwaltung-stadtpolitik\/aemter-dienststellen\/detailseite\/32-ordnungs-und-buergeramt\" rel=\"noopener\"><strong>Ord\u00adnun\u00adgs- und B\u00fcr\u00adge\u00adramt<\/strong><\/a><br><br><strong>\u2197<\/strong> <a href=\"https:\/\/www.karlsruhe.de\/stadt-rathaus\/service-buergerinformation\/terminvereinbarung\" rel=\"noopener\"><strong>Ovdje mo\u017ee\u00adte pro\u00adna\u00ad\u0107i adre\u00adse svih ure\u00adda za gra\u00ad\u0111a\u00adne u Karlsruheu<\/strong><\/a><\/p>\n\n<p><strong>Kon\u00adzul\u00adta\u00adci\u00adje i rad\u00adno vri\u00adje\u00adme<\/strong><br> <strong>Od pone\u00addjelj\u00adka do sri\u00adje\u00adde:<\/strong> 07:30 \u2014 12:30 i 13:30 \u2014 16:30<br> <strong>\u010cet\u00advr\u00adtak:<\/strong> 07:30 \u2014 12:30 i 14:00 \u2014 17:00<br> <strong>Petak:<\/strong> 07:30 \u2014 12:30<\/p>\n\n<p>\ud83d\udca1 <strong>Napo\u00adme\u00adna:<\/strong><br> Osob\u00adne kon\u00adzul\u00adta\u00adci\u00adje mogu\u00ad\u0107e su samo \u2197 <a href=\"https:\/\/stadt-karlsruhe.saas.smartcjm.com\/m\/stadt-karlsruhe\/extern\/calendar\/?uid=6a9ffa64-fd7a-44dd-8650-61cde42df997&amp;wsid=7c631e97-b6ee-40e8-be33-e27b198cb903&amp;lang=de\" rel=\"noopener\"><strong>uz pret\u00adhod\u00adnu naj\u00ada\u00advu<\/strong><\/a> .<\/p>\n\n<p><strong>Iznim\u00adke:<\/strong><br> U \u2197 <a href=\"https:\/\/web1.karlsruhe.de\/service\/Buergerdienste\/organisation.php?id=6046045\" rel=\"noopener\"><strong>Express dvo\u00adra\u00adni<\/strong><\/a> na adre\u00adsi Kaise\u00adral\u00adlee 8 odre\u00ad\u0111e\u00adne stva\u00adri mo\u017ee\u00adte rije\u00ad\u0161i\u00adti bez pret\u00adhod\u00adne naj\u00ada\u00adve.<br> Tra\u00ad\u017ei\u00adte li izgub\u00adlje\u00adni klju\u010d, u <strong><a href=\"https:\/\/web1.karlsruhe.de\/service\/Buergerdienste\/organisation.php?id=6027847\" rel=\"noopener\">ured \u2197 izgub\u00adlje\u00adnih stva\u00adri<\/a><\/strong> mo\u017ee\u00adte do\u0107i bez dogovora.<\/p>\n\n<p><br> <\/p>\n","protected":false},"excerpt":{"rendered":"<p>Regis\u00adtra\u00adci\u00adja u Kar\u00adl\u00adsru\u00adheu: U Nje\u00adma\u010d\u00adkoj ste po zako\u00adnu du\u017e\u00adni pri\u00adja\u00advi\u00adti svo\u00adju adre\u00adsu ili bilo kak\u00advu pro\u00admje\u00adnu adre\u00adse vlas\u00adti\u00adma u va\u0161em mjestu\/gradu pre\u00adbi\u00adva\u00adli\u00ad\u0161ta. Sada to mo\u017ee\u00adte u\u010di\u00adni\u00adti onli\u00adne! \ud83d\udca1 Ovo je&nbsp;<a class=\"moretag\" href=\"https:\/\/www.anika-net.de\/hr\/stigao\/registriranje\/registracija-u-gradu\/\">vidi vi\u0161e<\/a><\/p>\n","protected":false},"author":12,"featured_media":0,"parent":20395,"menu_order":0,"comment_status":"closed","ping_status":"closed","template":"","meta":{"_acf_changed":false,"inline_featured_image":false,"_uag_custom_page_level_css":"","wp_typography_post_enhancements_disabled":false,"footnotes":""},"class_list":["post-20373","page","type-page","status-publish","hentry"],"acf":[],"featured_image_urls_v2":{"full":"","thumbnail":"","medium":"","medium_large":"","large":"","1536x1536":"","2048x2048":"","event-overview":"","event-archive-thumb":"","grid-item-thumbnail":"","network-partner-icon":"","organiser-icon":"","gform-image-choice-sm":"","gform-image-choice-md":"","gform-image-choice-lg":""},"post_excerpt_stackable_v2":"<p>Regis\u00adtra\u00adci\u00adja u Kar\u00adl\u00adsru\u00adheu: U Nje\u00adma\u010d\u00adkoj ste po zako\u00adnu du\u017e\u00adni pri\u00adja\u00advi\u00adti svo\u00adju adre\u00adsu ili bilo kak\u00advu pro\u00admje\u00adnu adre\u00adse vlas\u00adti\u00adma u va\u0161em mjestu\/gradu pre\u00adbi\u00adva\u00adli\u00ad\u0161ta. Sada to mo\u017ee\u00adte u\u010di\u00adni\u00adti onli\u00adne! \ud83d\udca1 Ovo je va\u017e\u00adno: mo\u017eda \u0107ete mora\u00adti pla\u00adti\u00adti kaz\u00adnu ako to ne u\u010di\u00adni\u00adte na vri\u00adje\u00adme. Koji doku\u00adment tre\u00adbam poni\u00adje\u00adti sa sobom pri\u00adli\u00adkom regis\u00adtra\u00adci\u00adje? Osob\u00adna iskaz\u00adni\u00adca s akti\u00advi\u00adra\u00adnom onli\u00adne ID funk\u00adci\u00adjom uklj. PIN ( vi\u0161e infor\u00adma\u00adci\u00adja o onli\u00adne ID funk\u00adci\u00adji ) ili eID kar\u00adti\u00adcu&nbsp; Stra\u00adna putov\u00adni\u00adca (ako je dos\u00adtup\u00adna) Pamet\u00adni tele\u00adfon s NFC-om ili USB \u010dita\u010d kar\u00adti\u00adca Apli\u00adka\u00adci\u00adja za osob\u00adne iskaz\u00adni\u00adce ( vi\u0161e infor\u00adma\u00adci\u00adja o apli\u00adka\u00adci\u00adji za osob\u00adne iskaz\u00adni\u00adce ) za va\u0161e ra\u010du\u00adna\u00adlo&nbsp;ili\u2026<\/p>\n","category_list_v2":"","author_info_v2":{"name":"Andrea Ramirez","url":"https:\/\/www.anika-net.de\/hr\/author\/andrea-ramirez\/"},"comments_num_v2":"0 comments","uagb_featured_image_src":{"full":false,"thumbnail":false,"medium":false,"medium_large":false,"large":false,"1536x1536":false,"2048x2048":false,"event-overview":false,"event-archive-thumb":false,"grid-item-thumbnail":false,"network-partner-icon":false,"organiser-icon":false,"gform-image-choice-sm":false,"gform-image-choice-md":false,"gform-image-choice-lg":false},"uagb_author_info":{"display_name":"Andrea Ramirez","author_link":"https:\/\/www.anika-net.de\/hr\/author\/andrea-ramirez\/"},"uagb_comment_info":0,"uagb_excerpt":"Regis\u00adtra\u00adci\u00adja u Kar\u00adl\u00adsru\u00adheu: U Nje\u00adma\u010d\u00adkoj ste po zako\u00adnu du\u017e\u00adni pri\u00adja\u00advi\u00adti svo\u00adju adre\u00adsu ili bilo kak\u00advu pro\u00admje\u00adnu adre\u00adse vlas\u00adti\u00adma u va\u0161em mjestu\/gradu pre\u00adbi\u00adva\u00adli\u00ad\u0161ta. Sada to mo\u017ee\u00adte u\u010di\u00adni\u00adti onli\u00adne! \ud83d\udca1 Ovo je&nbsp;vidi vi\u0161e","_links":{"self":[{"href":"https:\/\/www.anika-net.de\/hr\/wp-json\/wp\/v2\/pages\/20373","targetHints":{"allow":["GET"]}}],"collection":[{"href":"https:\/\/www.anika-net.de\/hr\/wp-json\/wp\/v2\/pages"}],"about":[{"href":"https:\/\/www.anika-net.de\/hr\/wp-json\/wp\/v2\/types\/page"}],"author":[{"embeddable":true,"href":"https:\/\/www.anika-net.de\/hr\/wp-json\/wp\/v2\/users\/12"}],"replies":[{"embeddable":true,"href":"https:\/\/www.anika-net.de\/hr\/wp-json\/wp\/v2\/comments?post=20373"}],"version-history":[{"count":2,"href":"https:\/\/www.anika-net.de\/hr\/wp-json\/wp\/v2\/pages\/20373\/revisions"}],"predecessor-version":[{"id":56240,"href":"https:\/\/www.anika-net.de\/hr\/wp-json\/wp\/v2\/pages\/20373\/revisions\/56240"}],"up":[{"embeddable":true,"href":"https:\/\/www.anika-net.de\/hr\/wp-json\/wp\/v2\/pages\/20395"}],"wp:attachment":[{"href":"https:\/\/www.anika-net.de\/hr\/wp-json\/wp\/v2\/media?parent=20373"}],"curies":[{"name":"wp","href":"https:\/\/api.w.org\/{rel}","templated":true}]}}