{"id":63563,"date":"2025-07-16T12:32:27","date_gmt":"2025-07-16T10:32:27","guid":{"rendered":"https:\/\/www.anika-net.de\/service-volontaire-en-allemagne\/"},"modified":"2025-07-16T12:32:28","modified_gmt":"2025-07-16T10:32:28","slug":"service-volontaire-en-allemagne","status":"publish","type":"page","link":"https:\/\/www.anika-net.de\/fr\/service-volontaire-en-allemagne\/","title":{"rendered":"Ser\u00advice volon\u00adtaire en Allemagne"},"content":{"rendered":"\n<p>Un <strong>ser\u00advice volon\u00adtaire<\/strong> vous per\u00admet d\u2019ai\u00adder les autres tout en acqu\u00e9\u00adrant une <strong>pre\u00admi\u00e8re exp\u00e9\u00adrience pro\u00adfes\u00adsion\u00adnelle<\/strong>. Voi\u00adci ce qu\u2019il faut savoir&nbsp;: les avan\u00adtages, les dif\u00adf\u00e9\u00adrents types de ser\u00advice dis\u00adpo\u00adnibles, le type de t\u00e2ches que vous effec\u00adtue\u00adrez, la r\u00e9mu\u00adn\u00e9\u00adra\u00adtion que vous pour\u00adriez rece\u00advoir et la mani\u00e8re de poser votre candidature.&nbsp;<\/p>\n\n<h3 class=\"wp-block-heading\">Faites quelque chose de signi\u00adfi\u00adca\u00adtif pour les autres<\/h3>\n\n<p>Qu\u2019il s\u2019a\u00adgisse des <strong>pom\u00adpiers<\/strong>, des <strong>clubs spor\u00adtifs<\/strong> ou des <strong>orga\u00adni\u00adsa\u00adtions de pro\u00adtec\u00adtion de l\u2019en\u00advi\u00adron\u00adne\u00adment<\/strong>, de nom\u00adbreux domaines de la soci\u00e9\u00adt\u00e9 ne fonc\u00adtionnent que gr\u00e2ce au b\u00e9n\u00e9volat.<\/p>\n\n<p>Si vous sou\u00adhai\u00adtez <strong>mettre<\/strong> \u00e0 <strong>pro\u00adfit le temps<\/strong> dont vous dis\u00adpo\u00adsez avant d\u2019en\u00adta\u00admer un pro\u00adgramme de for\u00adma\u00adtion ou d\u2019al\u00adler \u00e0 l\u2019u\u00adni\u00adver\u00adsi\u00adt\u00e9, vous pou\u00advez effec\u00adtuer un <strong>ser\u00advice volon\u00adtaire<\/strong> dans diverses ins\u00adti\u00adtu\u00adtions, pro\u00adjets ou organisations.<\/p>\n\n<p>Vous aide\u00adrez les pro\u00adfes\u00adsion\u00adnels dans leurs t\u00e2ches quo\u00adti\u00addiennes. Par exemple, les b\u00e9n\u00e9\u00advoles qui s\u2019oc\u00adcupent de <strong>per\u00adsonnes<\/strong> \u00e2g\u00e9es peuvent les aider \u00e0 man\u00adger, \u00e0 boire ou \u00e0 s\u2019oc\u00adcu\u00adper de leur hygi\u00e8ne personnelle.&nbsp;<\/p>\n\n<p>Un super\u00advi\u00adseur vous aide\u00adra \u00e0 d\u00e9mar\u00adrer et vous sou\u00adtien\u00addra en cas de pro\u00adbl\u00e8me. Lors des <strong>jour\u00adn\u00e9es de s\u00e9mi\u00adnaire<\/strong>, vous ren\u00adcon\u00adtre\u00adrez d\u2019autres jeunes et dis\u00adcu\u00adte\u00adrez de sujets tels que la culture, la poli\u00adtique et la soci\u00e9t\u00e9.&nbsp;<\/p>\n\n<h2 class=\"wp-block-heading\"><span style=\"color: #129e8e;\" class=\"stk-highlight\">Types de ser\u00advice volontaire<\/span><\/h2>\n\n<details class=\"wp-block-stackable-accordion stk-block-accordion stk-inner-blocks stk-block-content stk-block stk-6024f5b is-style-default\" data-block-id=\"6024f5b\">\n<summary class=\"wp-block-stackable-column stk-block-column stk-column stk-block stk-ed8f398 stk--container-small stk-block-accordion__heading\" data-v=\"4\" data-block-id=\"ed8f398\"><style>.stk-ed8f398-container{background-color:#ffffff !important;}.stk-ed8f398-container:before{background-color:#ffffff !important;}<\/style><div class=\"stk-column-wrapper stk-block-column__content stk-container stk-ed8f398-container stk-hover-parent\"><div class=\"stk-block-content stk-inner-blocks stk-ed8f398-inner-blocks\">\n<div class=\"wp-block-stackable-icon-label stk-block-icon-label stk-block stk-5e6808f\" data-block-id=\"5e6808f\"><div class=\"stk-row stk-inner-blocks stk-block-content\">\n<div class=\"wp-block-stackable-heading stk-block-heading stk-block-heading--v2 stk-block stk-4e07011\" id=\"strong-f-strong-voluntary-social-year\" data-block-id=\"4e07011\"><h4 class=\"stk-block-heading__text\">Ann\u00e9e sociale volon\u00adtaire et Ann\u00e9e \u00e9co\u00adlo\u00adgique volontaire<\/h4><\/div>\n\n\n\n<div class=\"wp-block-stackable-icon stk-block-icon stk-block stk-9b8cb92\" data-block-id=\"9b8cb92\"><span class=\"stk--svg-wrapper\"><div class=\"stk--inner-svg\"><svg style=\"height:0;width:0\"><defs><linearGradient id=\"linear-gradient-9b8cb92\" x1=\"0\" x2=\"100%\" y1=\"0\" y2=\"0\"><stop offset=\"0%\" style=\"stop-opacity:1;stop-color:var(--linear-gradient-9-b-8-cb-92-color-1)\" \/><stop offset=\"100%\" style=\"stop-opacity:1;stop-color:var(--linear-gradient-9-b-8-cb-92-color-2)\" \/><\/linearGradient><\/defs><\/svg><svg data-prefix=\"fas\" data-icon=\"chevron-down\" class=\"svg-inline--fa fa-chevron-down fa-w-14\" viewBox=\"0 0 448 512\" aria-hidden=\"true\" width=\"32\" height=\"32\"><path fill=\"currentColor\" d=\"M207.029 381.476L12.686 187.132c-9.373-9.373-9.373-24.569 0-33.941l22.667-22.667c9.357-9.357 24.522-9.375 33.901-.04L224 284.505l154.745-154.021c9.379-9.335 24.544-9.317 33.901.04l22.667 22.667c9.373 9.373 9.373 24.569 0 33.941L240.971 381.476c-9.373 9.372-24.569 9.372-33.942 0z\" \/><\/svg><\/div><\/span><\/div>\n<\/div><\/div>\n<\/div><\/div><\/summary>\n\n\n\n<div class=\"wp-block-stackable-column stk-block-column stk-column stk-block stk-fbe8ab2 stk-block-accordion__content\" data-v=\"4\" data-block-id=\"fbe8ab2\"><div class=\"stk-column-wrapper stk-block-column__content stk-container stk-fbe8ab2-container stk--no-background stk--no-padding\"><div class=\"stk-block-content stk-inner-blocks stk-fbe8ab2-inner-blocks\">\n<div class=\"wp-block-stackable-text stk-block-text stk-block stk-a097c68\" data-block-id=\"a097c68\"><p class=\"stk-block-text__text\">Dans le cadre de l\u2019<strong>Ann\u00e9e sociale du volon\u00adta\u00adriat (FSJ)<\/strong> ou de l\u2019<strong>Ann\u00e9e \u00e9co\u00adlo\u00adgique du volon\u00adta\u00adriat (F\u00d6J)<\/strong>, vous pou\u00advez aider les autres dans de nom\u00adbreux domaines, tels que&nbsp;:<br>\u25aa Le b\u00e9n\u00e9\u00advo\u00adlat dans les clubs spor\u00adtifs<br>\u25aa Le tra\u00advail avec les enfants et les jeunes<br>\u25aa Le sou\u00adtien aux ser\u00advices de soins de san\u00adt\u00e9 ou aux ser\u00advices de soins aux per\u00adsonnes \u00e2g\u00e9es<\/p><\/div>\n\n\n\n<p><strong>Condi\u00adtions requises<\/strong><br>\u25aa \u00catre <strong>\u00e2g\u00e9 de moins de 27 ans<\/strong><br>\u25aa Avoir <strong>ter\u00admi\u00adn\u00e9 sa sco\u00adla\u00adri\u00adt\u00e9 obli\u00adga\u00adtoire \u00e0 temps plein<\/strong><br>(cela signi\u00adfie g\u00e9n\u00e9\u00adra\u00adle\u00adment 9 ou 10 ans d\u2019\u00e9\u00adcole, selon l\u2019\u00c9\u00adtat).<br><br><strong>Dur\u00e9e<\/strong><br>Un FSJ ou un F\u00d6J dure g\u00e9n\u00e9\u00adra\u00adle\u00adment 12 mois, avec un mini\u00admum de 6 mois et un maxi\u00admum de 18 mois \u00e0 temps plein. Dans des cas excep\u00adtion\u00adnels, la dur\u00e9e du FSJ et du F\u00d6J peut \u00eatre pro\u00adlon\u00adg\u00e9e jus\u00adqu\u2019\u00e0 24 mois. <br><br>Vous trou\u00adve\u00adrez de plus amples infor\u00adma\u00adtions sur ces ser\u00advices b\u00e9n\u00e9\u00advoles aupr\u00e8s du <a href=\"https:\/\/www.jugendfreiwilligendienste.de\/\" rel=\"noopener\">minis\u00adt\u00e8re f\u00e9d\u00e9\u00adral de la famille, des per\u00adsonnes \u00e2g\u00e9es, des femmes et de la jeu\u00adnesse (BMFSFJ)<\/a>.<\/p>\n<\/div><\/div><\/div>\n<\/details>\n\n<details class=\"wp-block-stackable-accordion stk-block-accordion stk-inner-blocks stk-block-content stk-block stk-0187157 is-style-default\" data-block-id=\"0187157\">\n<summary class=\"wp-block-stackable-column stk-block-column stk-column stk-block stk-4e6808d stk--container-small stk-block-accordion__heading\" data-v=\"4\" data-block-id=\"4e6808d\"><style>.stk-4e6808d-container{background-color:#ffffff !important;}.stk-4e6808d-container:before{background-color:#ffffff !important;}<\/style><div class=\"stk-column-wrapper stk-block-column__content stk-container stk-4e6808d-container stk-hover-parent\"><div class=\"stk-block-content stk-inner-blocks stk-4e6808d-inner-blocks\">\n<div class=\"wp-block-stackable-icon-label stk-block-icon-label stk-block stk-9ca8a8c\" data-block-id=\"9ca8a8c\"><div class=\"stk-row stk-inner-blocks stk-block-content\">\n<div class=\"wp-block-stackable-heading stk-block-heading stk-block-heading--v2 stk-block stk-4d48bea\" id=\"voluntary-service-abroad\" data-block-id=\"4d48bea\"><h4 class=\"stk-block-heading__text\">Ser\u00advice volon\u00adtaire \u00e0 l\u2019\u00e9tranger<\/h4><\/div>\n\n\n\n<div class=\"wp-block-stackable-icon stk-block-icon stk-block stk-9194d88\" data-block-id=\"9194d88\"><span class=\"stk--svg-wrapper\"><div class=\"stk--inner-svg\"><svg style=\"height:0;width:0\"><defs><linearGradient id=\"linear-gradient-9194d88\" x1=\"0\" x2=\"100%\" y1=\"0\" y2=\"0\"><stop offset=\"0%\" style=\"stop-opacity:1;stop-color:var(--linear-gradient-9194-d-88-color-1)\" \/><stop offset=\"100%\" style=\"stop-opacity:1;stop-color:var(--linear-gradient-9194-d-88-color-2)\" \/><\/linearGradient><\/defs><\/svg><svg data-prefix=\"fas\" data-icon=\"chevron-down\" class=\"svg-inline--fa fa-chevron-down fa-w-14\" viewBox=\"0 0 448 512\" aria-hidden=\"true\" width=\"32\" height=\"32\"><path fill=\"currentColor\" d=\"M207.029 381.476L12.686 187.132c-9.373-9.373-9.373-24.569 0-33.941l22.667-22.667c9.357-9.357 24.522-9.375 33.901-.04L224 284.505l154.745-154.021c9.379-9.335 24.544-9.317 33.901.04l22.667 22.667c9.373 9.373 9.373 24.569 0 33.941L240.971 381.476c-9.373 9.372-24.569 9.372-33.942 0z\" \/><\/svg><\/div><\/span><\/div>\n<\/div><\/div>\n<\/div><\/div><\/summary>\n\n\n\n<div class=\"wp-block-stackable-column stk-block-column stk-column stk-block stk-1f6101b stk-block-accordion__content\" data-v=\"4\" data-block-id=\"1f6101b\"><div class=\"stk-column-wrapper stk-block-column__content stk-container stk-1f6101b-container stk--no-background stk--no-padding\"><div class=\"stk-block-content stk-inner-blocks stk-1f6101b-inner-blocks\">\n<div class=\"wp-block-stackable-text stk-block-text stk-block stk-4d9a5b7\" data-block-id=\"4d9a5b7\"><p class=\"stk-block-text__text\">Vous pou\u00advez \u00e9ga\u00adle\u00adment faire le FSJ et le F\u00d6J dans d\u2019autres pays. La BMFSFJ a <a href=\"https:\/\/www.jugendfreiwilligendienste.de\/resource\/blob\/206620\/ec2b7432dd24ec39bae5beae233a27ed\/anlaufstellen-fsj-foej-data.pdf\" rel=\"noopener\">com\u00adpi\u00adl\u00e9 des adresses d\u2019or\u00adga\u00adni\u00adsa\u00adtions et d\u2019as\u00adso\u00adcia\u00adtions<\/a> qui pro\u00adposent un FSJ ou un F\u00d6J \u00e0 l\u2019\u00e9tranger.&nbsp;<\/p><\/div>\n\n\n\n<p>D\u2019autres ser\u00advices volon\u00adtaires que vous <strong>ne pou\u00advez effec\u00adtuer qu\u2019\u00e0 l\u2019\u00e9\u00adtran\u00adger <\/strong>sont&nbsp;:<br><a href=\"https:\/\/www.kulturweit.de\/\" rel=\"noopener\">Kul\u00adtur\u00adweit<\/a><br><a href=\"https:\/\/www.weltwaerts.de\/de\/\" rel=\"noopener\">Weltw\u00e4rts<\/a><br><a href=\"https:\/\/ich-will-efd.de\/\" rel=\"noopener\">Ser\u00advice volon\u00adtaire euro\u00adp\u00e9en (SVE<\/a>)<br><a href=\"https:\/\/youth.europa.eu\/solidarity_de\" rel=\"noopener\">Corps euro\u00adp\u00e9en de soli\u00adda\u00adri\u00adt\u00e9<\/a><br><a href=\"https:\/\/www.ijfd-info.de\/startseite\" rel=\"noopener\">Ser\u00advice volon\u00adtaire inter\u00adna\u00adtio\u00adnal pour la jeu\u00adnesse (SVIJ<\/a>)<br><a href=\"https:\/\/www.rausvonzuhaus.de\/auswahl\/programm\/internationaler-jugendfreiwilligendienst\" rel=\"noopener\">Ser\u00advices de paix et ser\u00advices reli\u00adgieux \u00e0 l\u2019\u00e9tranger<\/a><\/p>\n\n\n\n<p>Si vous ne sou\u00adhai\u00adtez effec\u00adtuer qu\u2019une par\u00adtie de votre ser\u00advice volon\u00adtaire \u00e0 l\u2019\u00e9\u00adtran\u00adger, le <strong>ser\u00advice volon\u00adtaire com\u00adbi\u00adn\u00e9 pour la jeu\u00adnesse peut \u00eatre une option pour vous<\/strong>. Vous effec\u00adtuez une par\u00adtie \u00e0 l\u2019\u00e9\u00adtran\u00adger et l\u2019autre en Allemagne.&nbsp;<\/p>\n<\/div><\/div><\/div>\n<\/details>\n\n<details class=\"wp-block-stackable-accordion stk-block-accordion stk-inner-blocks stk-block-content stk-block stk-e64a7c9 is-style-default\" data-block-id=\"e64a7c9\">\n<summary class=\"wp-block-stackable-column stk-block-column stk-column stk-block stk-41665f9 stk--container-small stk-block-accordion__heading\" data-v=\"4\" data-block-id=\"41665f9\"><style>.stk-41665f9-container{background-color:#ffffff !important;}.stk-41665f9-container:before{background-color:#ffffff !important;}<\/style><div class=\"stk-column-wrapper stk-block-column__content stk-container stk-41665f9-container stk-hover-parent\"><div class=\"stk-block-content stk-inner-blocks stk-41665f9-inner-blocks\">\n<div class=\"wp-block-stackable-icon-label stk-block-icon-label stk-block stk-c1deff9\" data-block-id=\"c1deff9\"><div class=\"stk-row stk-inner-blocks stk-block-content\">\n<div class=\"wp-block-stackable-heading stk-block-heading stk-block-heading--v2 stk-block stk-08762fe\" id=\"strong-b-strong-federal-voluntary-service\" data-block-id=\"08762fe\"><h4 class=\"stk-block-heading__text\">Ser\u00advice volon\u00adtaire f\u00e9d\u00e9ral&nbsp;<\/h4><\/div>\n\n\n\n<div class=\"wp-block-stackable-icon stk-block-icon stk-block stk-7d69927\" data-block-id=\"7d69927\"><span class=\"stk--svg-wrapper\"><div class=\"stk--inner-svg\"><svg style=\"height:0;width:0\"><defs><linearGradient id=\"linear-gradient-7d69927\" x1=\"0\" x2=\"100%\" y1=\"0\" y2=\"0\"><stop offset=\"0%\" style=\"stop-opacity:1;stop-color:var(--linear-gradient-7-d-69927-color-1)\" \/><stop offset=\"100%\" style=\"stop-opacity:1;stop-color:var(--linear-gradient-7-d-69927-color-2)\" \/><\/linearGradient><\/defs><\/svg><svg data-prefix=\"fas\" data-icon=\"chevron-down\" class=\"svg-inline--fa fa-chevron-down fa-w-14\" viewBox=\"0 0 448 512\" aria-hidden=\"true\" width=\"32\" height=\"32\"><path fill=\"currentColor\" d=\"M207.029 381.476L12.686 187.132c-9.373-9.373-9.373-24.569 0-33.941l22.667-22.667c9.357-9.357 24.522-9.375 33.901-.04L224 284.505l154.745-154.021c9.379-9.335 24.544-9.317 33.901.04l22.667 22.667c9.373 9.373 9.373 24.569 0 33.941L240.971 381.476c-9.373 9.372-24.569 9.372-33.942 0z\" \/><\/svg><\/div><\/span><\/div>\n<\/div><\/div>\n<\/div><\/div><\/summary>\n\n\n\n<div class=\"wp-block-stackable-column stk-block-column stk-column stk-block stk-e5dcf91 stk-block-accordion__content\" data-v=\"4\" data-block-id=\"e5dcf91\"><div class=\"stk-column-wrapper stk-block-column__content stk-container stk-e5dcf91-container stk--no-background stk--no-padding\"><div class=\"stk-block-content stk-inner-blocks stk-e5dcf91-inner-blocks\">\n<div class=\"wp-block-stackable-text stk-block-text stk-block stk-6e85047\" data-block-id=\"6e85047\"><p class=\"stk-block-text__text\">Si vous sou\u00adhai\u00adtez faire du b\u00e9n\u00e9\u00advo\u00adlat pour d\u2019autres per\u00adsonnes, vous pou\u00advez \u00e9ga\u00adle\u00adment effec\u00adtuer un BFD. Il s\u2019a\u00adgit de tra\u00advailler dans des domaines simi\u00adlaires \u00e0 ceux du FSJ ou du F\u00d6J, mais l\u2019\u00e2ge ne joue pas de r\u00f4le dans le BFD et <strong>vous pou\u00advez effec\u00adtuer le ser\u00advice plu\u00adsieurs fois<\/strong>.  <br><br><strong>Condi\u00adtions requises<\/strong><br>Vous devez avoir ter\u00admi\u00adn\u00e9 votre sco\u00adla\u00adri\u00adt\u00e9 obli\u00adga\u00adtoire pour le BFD, sinon il n\u2019y a pas de <strong>limite d\u2019\u00e2ge<\/strong>.<br><br><strong>Dur\u00e9e<\/strong><br>En r\u00e8gle g\u00e9n\u00e9\u00adrale, le BFD <strong>dure 12 mois<\/strong>. Vous pou\u00advez \u00e9ga\u00adle\u00adment la rac\u00adcour\u00adcir \u00e0 6 mois ou l\u2019\u00e9\u00adtendre \u00e0 18 mois \u2013 un maxi\u00admum de 24 mois est pos\u00adsible. <br><br>Vous trou\u00adve\u00adrez plus d\u2019in\u00adfor\u00adma\u00adtions sur le <a href=\"https:\/\/www.bundesfreiwilligendienst.de\/\" rel=\"noopener\">site du Ser\u00advice f\u00e9d\u00e9\u00adral du b\u00e9n\u00e9\u00advo\u00adlat<\/a>.<\/p><\/div>\n<\/div><\/div><\/div>\n<\/details>\n\n<details class=\"wp-block-stackable-accordion stk-block-accordion stk-inner-blocks stk-block-content stk-block stk-8966149 is-style-default\" data-block-id=\"8966149\">\n<summary class=\"wp-block-stackable-column stk-block-column stk-column stk-block stk-7afa0c9 stk--container-small stk-block-accordion__heading\" data-v=\"4\" data-block-id=\"7afa0c9\"><style>.stk-7afa0c9-container{background-color:#ffffff !important;}.stk-7afa0c9-container:before{background-color:#ffffff !important;}<\/style><div class=\"stk-column-wrapper stk-block-column__content stk-container stk-7afa0c9-container stk-hover-parent\"><div class=\"stk-block-content stk-inner-blocks stk-7afa0c9-inner-blocks\">\n<div class=\"wp-block-stackable-icon-label stk-block-icon-label stk-block stk-bd06486\" data-block-id=\"bd06486\"><div class=\"stk-row stk-inner-blocks stk-block-content\">\n<div class=\"wp-block-stackable-heading stk-block-heading stk-block-heading--v2 stk-block stk-fd6dc91\" id=\"strong-fw-strong-voluntary-military-service\" data-block-id=\"fd6dc91\"><h4 class=\"stk-block-heading__text\">Ser\u00advice mili\u00adtaire volontaire&nbsp;<\/h4><\/div>\n\n\n\n<div class=\"wp-block-stackable-icon stk-block-icon stk-block stk-d13f842\" data-block-id=\"d13f842\"><span class=\"stk--svg-wrapper\"><div class=\"stk--inner-svg\"><svg style=\"height:0;width:0\"><defs><linearGradient id=\"linear-gradient-d13f842\" x1=\"0\" x2=\"100%\" y1=\"0\" y2=\"0\"><stop offset=\"0%\" style=\"stop-opacity:1;stop-color:var(--linear-gradient-d-13-f-842-color-1)\" \/><stop offset=\"100%\" style=\"stop-opacity:1;stop-color:var(--linear-gradient-d-13-f-842-color-2)\" \/><\/linearGradient><\/defs><\/svg><svg data-prefix=\"fas\" data-icon=\"chevron-down\" class=\"svg-inline--fa fa-chevron-down fa-w-14\" viewBox=\"0 0 448 512\" aria-hidden=\"true\" width=\"32\" height=\"32\"><path fill=\"currentColor\" d=\"M207.029 381.476L12.686 187.132c-9.373-9.373-9.373-24.569 0-33.941l22.667-22.667c9.357-9.357 24.522-9.375 33.901-.04L224 284.505l154.745-154.021c9.379-9.335 24.544-9.317 33.901.04l22.667 22.667c9.373 9.373 9.373 24.569 0 33.941L240.971 381.476c-9.373 9.372-24.569 9.372-33.942 0z\" \/><\/svg><\/div><\/span><\/div>\n<\/div><\/div>\n<\/div><\/div><\/summary>\n\n\n\n<div class=\"wp-block-stackable-column stk-block-column stk-column stk-block stk-92ea38c stk-block-accordion__content\" data-v=\"4\" data-block-id=\"92ea38c\"><div class=\"stk-column-wrapper stk-block-column__content stk-container stk-92ea38c-container stk--no-background stk--no-padding\"><div class=\"stk-block-content stk-inner-blocks stk-92ea38c-inner-blocks\">\n<div class=\"wp-block-stackable-text stk-block-text stk-block stk-096d791\" data-block-id=\"096d791\"><p class=\"stk-block-text__text\">Si vous envi\u00adsa\u00adgez une car\u00adri\u00e8re dans la Bun\u00addes\u00adwehr, vous pou\u00advez \u00e9ga\u00adle\u00adment y effec\u00adtuer un ser\u00advice volon\u00adtaire. Cela vous per\u00admet\u00adtra de d\u00e9cou\u00advrir le tra\u00advail des forces arm\u00e9es. <br><br><strong>Condi\u00adtions pr\u00e9a\u00adlables<\/strong><br>Si vous \u00eates int\u00e9\u00adres\u00ads\u00e9 par le ser\u00advice mili\u00adtaire volon\u00adtaire, vous devez \u00eatre <strong>citoyen alle\u00admand<\/strong>. Vous devez \u00e9ga\u00adle\u00adment avoir ter\u00admi\u00adn\u00e9 votre sco\u00adla\u00adri\u00adt\u00e9 obli\u00adga\u00adtoire et \u00eatre \u00e2g\u00e9 d\u2019<strong>au moins 17 ans<\/strong>. Si vous n\u2019a\u00advez pas atteint l\u2019\u00e2ge de la majo\u00adri\u00adt\u00e9 lors de la phase de can\u00addi\u00adda\u00adture, vous devez obte\u00adnir l\u2019ac\u00adcord de vos parents.  <br><br><strong>Dur\u00e9e<\/strong><br>Le CDD dure <strong>jus\u00adqu\u2019\u00e0 23 mois<\/strong>. Les six pre\u00admiers mois sont consi\u00add\u00e9\u00adr\u00e9s comme une p\u00e9riode d\u2019es\u00adsai, quelle que soit la dur\u00e9e totale. \u00c0 par\u00adtir de 12 mois, vous devrez par\u00adti\u00adci\u00adper \u00e0 des mis\u00adsions \u00e0 l\u2019\u00e9\u00adtran\u00adger et \u00eatre pr\u00eat \u00e0 \u00eatre mut\u00e9 dans toute l\u2019Al\u00adle\u00admagne.  <br><br><strong>Paie\u00adment<\/strong><br>Vous rece\u00advrez une solde mili\u00adtaire pour ce ser\u00advice volon\u00adtaire. Il existe \u00e9ga\u00adle\u00adment un <strong>sup\u00adpl\u00e9\u00adment de ser\u00advice mili\u00adtaire <\/strong>et une <strong>indem\u00adni\u00adt\u00e9 de lib\u00e9\u00adra\u00adtion. <\/strong>Les coti\u00adsa\u00adtions de s\u00e9cu\u00adri\u00adt\u00e9 sociale sont prises en charge. <br><br>Vous trou\u00adve\u00adrez de plus amples infor\u00adma\u00adtions sur les moda\u00adli\u00adt\u00e9s de can\u00addi\u00adda\u00adture sur <a href=\"https:\/\/www.bundeswehrkarriere.de\/entdecker\" rel=\"noopener\">la page de la Bun\u00addes\u00adwehr consa\u00adcr\u00e9e au ser\u00advice mili\u00adtaire volontaire.<\/a><\/p><\/div>\n<\/div><\/div><\/div>\n<\/details>\n\n<h3 class=\"wp-block-heading\">Paie\u00adment et prestations<\/h3>\n\n<p>Dans de nom\u00adbreux pro\u00adgrammes (FSJ, F\u00d6J, BFD), vous recevrez&nbsp;:<\/p>\n\n<ul class=\"wp-block-list\">\n<li>Une <strong>carte d\u2019i\u00adden\u00adti\u00adt\u00e9 de volon\u00adtaire<\/strong> pour b\u00e9n\u00e9\u00adfi\u00adcier de r\u00e9duc\u00adtions (par exemple dans les trans\u00adports publics).<\/li>\n\n\n\n<li><strong>Argent de poche<\/strong> \u2013 par exemple, jus\u00adqu\u2019\u00e0 <strong>402 euros par mois<\/strong> dans le&nbsp;BFD<\/li>\n\n\n\n<li>Pos\u00adsi\u00adbi\u00adli\u00adt\u00e9 d\u2019a\u00advan\u00adtages sup\u00adpl\u00e9\u00admen\u00adtaires tels&nbsp;que&nbsp;<ul class=\"wp-block-list\">\n<li><strong>H\u00e9ber\u00adge\u00adment ou repas gratuits<\/strong><\/li>\n\n\n\n<li><strong>V\u00eate\u00adments de travail<\/strong><\/li>\n<\/ul>\n<\/li>\n\n\n\n<li>Les <strong>coti\u00adsa\u00adtions aux assu\u00adrances sociales<\/strong> (san\u00adt\u00e9, ch\u00f4\u00admage, pen\u00adsion, etc.) sont couvertes.<\/li>\n\n\n\n<li>Vos <strong>parents conti\u00adnuent \u00e0 per\u00adce\u00advoir des allo\u00adca\u00adtions fami\u00adliales<\/strong> pen\u00addant que vous \u00eates en service.<\/li>\n<\/ul>\n\n<h3 class=\"wp-block-heading\">\ud83d\udcdd Com\u00adment postuler<\/h3>\n\n<p>Ren\u00adsei\u00adgnez-vous direc\u00adte\u00adment aupr\u00e8s de l\u2019or\u00adga\u00adni\u00adsa\u00adtion ou du pres\u00adta\u00adtaire du pro\u00adgramme pour savoir <strong>quels sont les docu\u00adments<\/strong> requis. En g\u00e9n\u00e9\u00adral, vous aurez besoin de&nbsp;<\/p>\n\n<ul class=\"wp-block-list\">\n<li>Un <strong>CV<\/strong><\/li>\n\n\n\n<li>Une <strong>lettre de moti\u00adva\u00adtion<\/strong>, expli\u00adquant pour\u00adquoi vous sou\u00adhai\u00adtez par\u00adti\u00adci\u00adper au programme<\/li>\n<\/ul>\n\n<p>\ud83d\udcc5 <strong>Les dates limites varient<\/strong> en fonc\u00adtion du pro\u00adgramme. Il est pr\u00e9\u00adf\u00e9\u00adrable de <strong>pos\u00adtu\u00adler un an \u00e0 l\u2019a\u00advance<\/strong> \u2013 soyez pr\u00e9voyant&nbsp;!&nbsp;<\/p>\n","protected":false},"excerpt":{"rendered":"<p>Un ser\u00advice volon\u00adtaire vous per\u00admet d\u2019ai\u00adder les autres tout en acqu\u00e9\u00adrant une pre\u00admi\u00e8re exp\u00e9\u00adrience pro\u00adfes\u00adsion\u00adnelle. Voi\u00adci ce qu\u2019il faut savoir&nbsp;: les avan\u00adtages, les dif\u00adf\u00e9\u00adrents types de ser\u00advice dis\u00adpo\u00adnibles, le type&nbsp;<a class=\"moretag\" href=\"https:\/\/www.anika-net.de\/fr\/service-volontaire-en-allemagne\/\">lire plus<\/a><\/p>\n","protected":false},"author":1,"featured_media":0,"parent":0,"menu_order":0,"comment_status":"closed","ping_status":"closed","template":"","meta":{"_acf_changed":false,"inline_featured_image":false,"_uag_custom_page_level_css":"","wp_typography_post_enhancements_disabled":false,"footnotes":""},"class_list":["post-63563","page","type-page","status-publish","hentry"],"acf":[],"featured_image_urls_v2":{"full":"","thumbnail":"","medium":"","medium_large":"","large":"","1536x1536":"","2048x2048":"","event-overview":"","event-archive-thumb":"","grid-item-thumbnail":"","network-partner-icon":"","organiser-icon":"","gform-image-choice-sm":"","gform-image-choice-md":"","gform-image-choice-lg":""},"post_excerpt_stackable_v2":"<p>Un ser\u00advice volon\u00adtaire vous per\u00admet d\u2019ai\u00adder les autres tout en acqu\u00e9\u00adrant une pre\u00admi\u00e8re exp\u00e9\u00adrience pro\u00adfes\u00adsion\u00adnelle. Voi\u00adci ce qu\u2019il faut savoir&nbsp;: les avan\u00adtages, les dif\u00adf\u00e9\u00adrents types de ser\u00advice dis\u00adpo\u00adnibles, le type de t\u00e2ches que vous effec\u00adtue\u00adrez, la r\u00e9mu\u00adn\u00e9\u00adra\u00adtion que vous pour\u00adriez rece\u00advoir et la mani\u00e8re de poser votre can\u00addi\u00adda\u00adture.&nbsp; Faites quelque chose de signi\u00adfi\u00adca\u00adtif pour les autres Qu\u2019il s\u2019a\u00adgisse des pom\u00adpiers, des clubs spor\u00adtifs ou des orga\u00adni\u00adsa\u00adtions de pro\u00adtec\u00adtion de l\u2019en\u00advi\u00adron\u00adne\u00adment, de nom\u00adbreux domaines de la soci\u00e9\u00adt\u00e9 ne fonc\u00adtionnent que gr\u00e2ce au b\u00e9n\u00e9\u00advo\u00adlat. Si vous sou\u00adhai\u00adtez mettre \u00e0 pro\u00adfit le temps dont vous dis\u00adpo\u00adsez avant d\u2019en\u00adta\u00admer un pro\u00adgramme de for\u00adma\u00adtion&nbsp;ou\u2026<\/p>\n","category_list_v2":"","author_info_v2":{"name":"saasweb-admin","url":"https:\/\/www.anika-net.de\/fr\/author\/saasweb-admin\/"},"comments_num_v2":"0 commentaire","uagb_featured_image_src":{"full":false,"thumbnail":false,"medium":false,"medium_large":false,"large":false,"1536x1536":false,"2048x2048":false,"event-overview":false,"event-archive-thumb":false,"grid-item-thumbnail":false,"network-partner-icon":false,"organiser-icon":false,"gform-image-choice-sm":false,"gform-image-choice-md":false,"gform-image-choice-lg":false},"uagb_author_info":{"display_name":"saasweb-admin","author_link":"https:\/\/www.anika-net.de\/fr\/author\/saasweb-admin\/"},"uagb_comment_info":0,"uagb_excerpt":"Un ser\u00advice volon\u00adtaire vous per\u00admet d\u2019ai\u00adder les autres tout en acqu\u00e9\u00adrant une pre\u00admi\u00e8re exp\u00e9\u00adrience pro\u00adfes\u00adsion\u00adnelle. Voi\u00adci ce qu\u2019il faut savoir&nbsp;: les avan\u00adtages, les dif\u00adf\u00e9\u00adrents types de ser\u00advice dis\u00adpo\u00adnibles, le type&nbsp;lire plus","_links":{"self":[{"href":"https:\/\/www.anika-net.de\/fr\/wp-json\/wp\/v2\/pages\/63563","targetHints":{"allow":["GET"]}}],"collection":[{"href":"https:\/\/www.anika-net.de\/fr\/wp-json\/wp\/v2\/pages"}],"about":[{"href":"https:\/\/www.anika-net.de\/fr\/wp-json\/wp\/v2\/types\/page"}],"author":[{"embeddable":true,"href":"https:\/\/www.anika-net.de\/fr\/wp-json\/wp\/v2\/users\/1"}],"replies":[{"embeddable":true,"href":"https:\/\/www.anika-net.de\/fr\/wp-json\/wp\/v2\/comments?post=63563"}],"version-history":[{"count":1,"href":"https:\/\/www.anika-net.de\/fr\/wp-json\/wp\/v2\/pages\/63563\/revisions"}],"predecessor-version":[{"id":63564,"href":"https:\/\/www.anika-net.de\/fr\/wp-json\/wp\/v2\/pages\/63563\/revisions\/63564"}],"wp:attachment":[{"href":"https:\/\/www.anika-net.de\/fr\/wp-json\/wp\/v2\/media?parent=63563"}],"curies":[{"name":"wp","href":"https:\/\/api.w.org\/{rel}","templated":true}]}}