{"id":62724,"date":"2025-06-23T11:44:10","date_gmt":"2025-06-23T09:44:10","guid":{"rendered":"https:\/\/www.anika-net.de\/demande-dechange-de-votre-permis-de-conduire-etranger\/"},"modified":"2025-06-23T11:44:11","modified_gmt":"2025-06-23T09:44:11","slug":"demande-dechange-de-votre-permis-de-conduire-etranger","status":"publish","type":"page","link":"https:\/\/www.anika-net.de\/fr\/demande-dechange-de-votre-permis-de-conduire-etranger\/","title":{"rendered":"Demande d\u2019\u00e9\u00adchange de votre per\u00admis de conduire \u00e9tranger"},"content":{"rendered":"\n<p>Vous d\u00e9m\u00e9\u00adna\u00adgez en Alle\u00admagne et vous avez d\u00e9j\u00e0 un per\u00admis de conduire d\u2019un autre pays&nbsp;?<br>Si vous pr\u00e9\u00advoyez de vivre en Alle\u00admagne pen\u00addant une p\u00e9riode pro\u00adlon\u00adg\u00e9e \u2013 c\u2019est-\u00e0-dire au moins <strong>185 jours par an<\/strong> pour des rai\u00adsons per\u00adson\u00adnelles ou pro\u00adfes\u00adsion\u00adnelles \u2013 votre per\u00admis de conduire \u00e9tran\u00adger reste valable <strong>jus\u00adqu\u2019\u00e0 six mois<\/strong> apr\u00e8s l\u2019\u00e9\u00adta\u00adblis\u00adse\u00adment de votre r\u00e9si\u00addence.<br><br>Apr\u00e8s cette p\u00e9riode, vous devrez <strong>deman\u00adder l\u2019\u00e9\u00adchange de votre per\u00admis de conduire \u00e9tran\u00adger<\/strong><em data-start=\"646\" data-end=\"694\">(Umschrei\u00adbung einer ausl\u00e4n\u00addi\u00adschen Fah\u00adrer\u00adlaub\u00adnis<\/em>) afin de pou\u00advoir conti\u00adnuer \u00e0 conduire l\u00e9ga\u00adle\u00adment en Allemagne.<\/p>\n\n<p>\u26a0\ufe0f <strong>Remarque&nbsp;: <\/strong>les exi\u00adgences et les pro\u00adc\u00e9\u00addures exactes peuvent varier en fonc\u00adtion du pays qui a d\u00e9li\u00advr\u00e9 votre permis.<\/p>\n\n<h2 class=\"wp-block-heading\">\ud83d\udcdd <strong>Com\u00adment deman\u00adder l\u2019\u00e9\u00adchange de votre per\u00admis de conduire \u00e9tran\u00adger \u00e0 Karlsruhe&nbsp;?<\/strong><\/h2>\n\n<p>Vous devez d\u00e9po\u00adser votre demande aupr\u00e8s de la <strong>F\u00fch\u00adrer\u00adscheins\u00adtelle<\/strong> (bureau des per\u00admis de conduire) du <strong>centre de ser\u00advices des auto\u00admo\u00adbiles et de la cir\u00adcu\u00adla\u00adtion de<\/strong> Karls\u00adruhe.<br><br><strong>F\u00fch\u00adrer\u00adscheins\u00adtelle Karls\u00adruhe<\/strong> (Centre de ser\u00advices pour les voi\u00adtures et la cir\u00adcu\u00adla\u00adtion&nbsp;: bureau des per\u00admis de conduire)<br>\ud83d\udccd Steinh\u00e4u\u00adsers\u00adtr. 22, 76133 Karls\u00adruhe <br><strong>\ud83d\udcde<\/strong> 115 <br>\ud83d\udce7 fuehrerscheinstelle@oa.karlsruhe.de<br><strong> <a href=\"https:\/\/stadt-karlsruhe.saas.smartcjm.com\/m\/stadt-karlsruhe-sva\/extern\/calendar\/?uid=66382925-1268-4d1c-97e4-0dcd2f351d98\" target=\"_blank\" rel=\"noreferrer noopener\"><strong>Ren\u00addez-vous en ligne au bureau des per\u00admis de conduire<\/strong><\/a><\/strong><\/p>\n\n<details class=\"wp-block-stackable-accordion stk-block-accordion stk-inner-blocks stk-block-content stk-block stk-4fc54dc is-style-plain\" data-block-id=\"4fc54dc\"><style>.stk-4fc54dc {border-style:solid !important;border-color:#dfdad1 !important;border-top-width:0px !important;border-right-width:0px !important;border-bottom-width:1px !important;border-left-width:0px !important;padding-bottom:24px !important;}<\/style>\n<summary class=\"wp-block-stackable-column stk-block-column stk-column stk-block stk-d643032 stk--container-small stk-block-accordion__heading\" data-v=\"4\" data-block-id=\"d643032\"><div class=\"stk-column-wrapper stk-block-column__content stk-container stk-d643032-container stk--no-background stk--no-padding\"><div class=\"stk-block-content stk-inner-blocks stk-d643032-inner-blocks\">\n<div class=\"wp-block-stackable-icon-label stk-block-icon-label stk-block stk-50d8829\" data-block-id=\"50d8829\"><div class=\"stk-row stk-inner-blocks stk-block-content\">\n<div class=\"wp-block-stackable-heading stk-block-heading stk-block-heading--v2 stk-block stk-0bf51c1\" id=\"span-style-color-0-e-8-b-79-class-stk-highlight-application-for-transfer-of-foreign-driving-licence-strong-online-application-with-postal-delivery-strong-span\" data-block-id=\"0bf51c1\"><h4 class=\"stk-block-heading__text\"><span style=\"color: #0e8b79;\" class=\"stk-highlight\">Demande de trans\u00adfert de per\u00admis de conduire \u00e9tran\u00adger <strong>(demande en ligne avec envoi postal)<\/strong><\/span><\/h4><\/div>\n\n\n\n<div class=\"wp-block-stackable-icon stk-block-icon stk-block stk-78a7cff\" data-block-id=\"78a7cff\"><span class=\"stk--svg-wrapper\"><div class=\"stk--inner-svg\"><svg style=\"height:0;width:0\"><defs><linearGradient id=\"linear-gradient-78a7cff\" x1=\"0\" x2=\"100%\" y1=\"0\" y2=\"0\"><stop offset=\"0%\" style=\"stop-opacity:1;stop-color:var(--linear-gradient-78-a-7-cff-color-1)\" \/><stop offset=\"100%\" style=\"stop-opacity:1;stop-color:var(--linear-gradient-78-a-7-cff-color-2)\" \/><\/linearGradient><\/defs><\/svg><svg data-prefix=\"fas\" data-icon=\"chevron-down\" class=\"svg-inline--fa fa-chevron-down fa-w-14\" viewBox=\"0 0 448 512\" aria-hidden=\"true\" width=\"32\" height=\"32\"><path fill=\"currentColor\" d=\"M207.029 381.476L12.686 187.132c-9.373-9.373-9.373-24.569 0-33.941l22.667-22.667c9.357-9.357 24.522-9.375 33.901-.04L224 284.505l154.745-154.021c9.379-9.335 24.544-9.317 33.901.04l22.667 22.667c9.373 9.373 9.373 24.569 0 33.941L240.971 381.476c-9.373 9.372-24.569 9.372-33.942 0z\" \/><\/svg><\/div><\/span><\/div>\n<\/div><\/div>\n<\/div><\/div><\/summary>\n\n\n\n<div class=\"wp-block-stackable-column stk-block-column stk-column stk-block stk-fa0c9da stk-block-accordion__content\" data-v=\"4\" data-block-id=\"fa0c9da\"><style>.stk-fa0c9da-container{padding-top:0px !important;padding-right:0px !important;padding-bottom:0px !important;padding-left:0px !important;}<\/style><div class=\"stk-column-wrapper stk-block-column__content stk-container stk-fa0c9da-container stk--no-background stk--no-padding\"><div class=\"stk-block-content stk-inner-blocks stk-fa0c9da-inner-blocks\">\n<div class=\"wp-block-stackable-text stk-block-text stk-block stk-e267aed\" data-block-id=\"e267aed\"><p class=\"stk-block-text__text\">La <strong>demande de per\u00admis de conduire est com\u00adpl\u00e9\u00adt\u00e9e en ligne<\/strong> et doit ensuite \u00eatre impri\u00adm\u00e9e et <strong>sign\u00e9e<\/strong> sur le site \u270d\ud83c\udffc. Cela signi\u00adfie qu\u2019\u00e0 la fin de ce pro\u00adces\u00adsus, vous devez impri\u00admer le for\u00admu\u00adlaire de demande g\u00e9n\u00e9\u00adr\u00e9 et l\u2019en\u00advoyer par cour\u00adrier \u00e0 l\u2019a\u00addresse \ud83d\udcec avec tous les docu\u00adments requis ou le d\u00e9po\u00adser dans la bo\u00eete aux lettres (\ud83d\udccd <strong>Steinh\u00e4u\u00adsers\u00adtr. 22<\/strong>).<br><br><strong><a href=\"https:\/\/pdf.form-solutions.net\/metaform\/Form-Solutions\/?14&amp;releaseUserId=08212000-0001-0000&amp;releaseID=6064511519a7954cec6dfcaf&amp;releaseOrganizationID=08212000-0001&amp;assistant=AS_122004&amp;translation=false&amp;storable=true&amp;fileUrl=https%253A%252F%252Fpdf.form-solutions.net%252Fmetaform%252FForm-Solutions%252Fsid%252Fassistant%252F6064511519a7954cec6dfcaf&amp;oID=22222222-2222&amp;kdnr=08212000-0001\" rel=\"noopener\">Demande en&nbsp;ligne<\/a><\/strong><\/p><\/div>\n<\/div><\/div><\/div>\n<\/details>\n\n<details class=\"wp-block-stackable-accordion stk-block-accordion stk-inner-blocks stk-block-content stk-block stk-81a566a is-style-plain\" data-block-id=\"81a566a\"><style>.stk-81a566a {border-style:solid !important;border-color:#dfdad1 !important;border-top-width:0px !important;border-right-width:0px !important;border-bottom-width:1px !important;border-left-width:0px !important;padding-bottom:24px !important;}<\/style>\n<summary class=\"wp-block-stackable-column stk-block-column stk-column stk-block stk-fe9f67e stk--container-small stk-block-accordion__heading\" data-v=\"4\" data-block-id=\"fe9f67e\"><div class=\"stk-column-wrapper stk-block-column__content stk-container stk-fe9f67e-container stk--no-background stk--no-padding\"><div class=\"stk-block-content stk-inner-blocks stk-fe9f67e-inner-blocks\">\n<div class=\"wp-block-stackable-icon-label stk-block-icon-label stk-block stk-a6079bd\" data-block-id=\"a6079bd\"><div class=\"stk-row stk-inner-blocks stk-block-content\">\n<div class=\"wp-block-stackable-heading stk-block-heading stk-block-heading--v2 stk-block stk-a8f7936\" id=\"span-style-color-0-e-8-b-79-class-stk-highlight-application-to-replace-or-change-a-driving-licence-eu-driving-licence-update-personal-data-strong-online-application-with-postal-delivery-strong-span\" data-block-id=\"a8f7936\"><h4 class=\"stk-block-heading__text\"><span style=\"color: #0e8b79;\" class=\"stk-highlight\">Demande de rem\u00adpla\u00adce\u00adment ou de modi\u00adfi\u00adca\u00adtion du per\u00admis de conduire (per\u00admis de conduire de l\u2019UE) \/ mise \u00e0 jour des don\u00adn\u00e9es per\u00adson\u00adnelles <strong>(demande en ligne avec envoi postal)<\/strong><\/span><\/h4><\/div>\n\n\n\n<div class=\"wp-block-stackable-icon stk-block-icon stk-block stk-94df639\" data-block-id=\"94df639\"><span class=\"stk--svg-wrapper\"><div class=\"stk--inner-svg\"><svg style=\"height:0;width:0\"><defs><linearGradient id=\"linear-gradient-94df639\" x1=\"0\" x2=\"100%\" y1=\"0\" y2=\"0\"><stop offset=\"0%\" style=\"stop-opacity:1;stop-color:var(--linear-gradient-94-df-639-color-1)\" \/><stop offset=\"100%\" style=\"stop-opacity:1;stop-color:var(--linear-gradient-94-df-639-color-2)\" \/><\/linearGradient><\/defs><\/svg><svg data-prefix=\"fas\" data-icon=\"chevron-down\" class=\"svg-inline--fa fa-chevron-down fa-w-14\" viewBox=\"0 0 448 512\" aria-hidden=\"true\" width=\"32\" height=\"32\"><path fill=\"currentColor\" d=\"M207.029 381.476L12.686 187.132c-9.373-9.373-9.373-24.569 0-33.941l22.667-22.667c9.357-9.357 24.522-9.375 33.901-.04L224 284.505l154.745-154.021c9.379-9.335 24.544-9.317 33.901.04l22.667 22.667c9.373 9.373 9.373 24.569 0 33.941L240.971 381.476c-9.373 9.372-24.569 9.372-33.942 0z\" \/><\/svg><\/div><\/span><\/div>\n<\/div><\/div>\n<\/div><\/div><\/summary>\n\n\n\n<div class=\"wp-block-stackable-column stk-block-column stk-column stk-block stk-f3d45bb stk-block-accordion__content\" data-v=\"4\" data-block-id=\"f3d45bb\"><style>.stk-f3d45bb-container{padding-top:0px !important;padding-right:0px !important;padding-bottom:0px !important;padding-left:0px !important;}<\/style><div class=\"stk-column-wrapper stk-block-column__content stk-container stk-f3d45bb-container stk--no-background stk--no-padding\"><div class=\"stk-block-content stk-inner-blocks stk-f3d45bb-inner-blocks\">\n<div class=\"wp-block-stackable-text stk-block-text stk-block stk-5b773d1\" data-block-id=\"5b773d1\"><p class=\"stk-block-text__text\"><strong>La demande de per\u00admis de conduire est rem\u00adplie en ligne<\/strong> et doit \u00eatre impri\u00adm\u00e9e et sign\u00e9e. \u270d\ud83c\udffc <strong>sign\u00e9e<\/strong>. Cela signi\u00adfie qu\u2019\u00e0 la fin de ce pro\u00adces\u00adsus, vous devez impri\u00admer le for\u00admu\u00adlaire de demande g\u00e9n\u00e9\u00adr\u00e9 et l\u2019en\u00advoyer par la poste \ud83d\udcec avec tous les docu\u00adments requis ou le d\u00e9po\u00adser dans la bo\u00eete aux lettres (\ud83d\udccd <strong>Steinh\u00e4u\u00adsers\u00adtr. 22<\/strong>).<br><br><strong><a href=\"https:\/\/pdf.form-solutions.net\/metaform\/Form-Solutions\/?11&amp;releaseUserId=08212000-0001-0000&amp;releaseID=601b9a6eefce8771692bd7e2&amp;releaseOrganizationID=08212000-0001&amp;assistant=AS_122009&amp;translation=false&amp;storable=true&amp;fileUrl=https%253A%252F%252Fpdf.form-solutions.net%252Fmetaform%252FForm-Solutions%252Fsid%252Fassistant%252F601b9a6eefce8771692bd7e2&amp;oID=22222222-2222&amp;kdnr=08212000-0001\" rel=\"noopener\">Demande en&nbsp;ligne<\/a><\/strong><\/p><\/div>\n<\/div><\/div><\/div>\n<\/details>\n\n<details class=\"wp-block-stackable-accordion stk-block-accordion stk-inner-blocks stk-block-content stk-block stk-9bec341 is-style-default\" data-block-id=\"9bec341\">\n<summary class=\"wp-block-stackable-column stk-block-column stk-column stk-block stk-07bef31 stk--container-small stk-block-accordion__heading\" data-v=\"4\" data-block-id=\"07bef31\"><div class=\"stk-column-wrapper stk-block-column__content stk-container stk-07bef31-container stk-hover-parent\"><div class=\"stk-block-content stk-inner-blocks stk-07bef31-inner-blocks\">\n<div class=\"wp-block-stackable-icon-label stk-block-icon-label stk-block stk-3f94dc3\" data-block-id=\"3f94dc3\"><div class=\"stk-row stk-inner-blocks stk-block-content\">\n<div class=\"wp-block-stackable-heading stk-block-heading stk-block-heading--v2 stk-block stk-e42db40\" id=\"required-documents\" data-block-id=\"e42db40\"><h4 class=\"stk-block-heading__text\">Docu\u00adments requis<\/h4><\/div>\n\n\n\n<div class=\"wp-block-stackable-icon stk-block-icon stk-block stk-a7ab741\" data-block-id=\"a7ab741\"><span class=\"stk--svg-wrapper\"><div class=\"stk--inner-svg\"><svg style=\"height:0;width:0\"><defs><linearGradient id=\"linear-gradient-a7ab741\" x1=\"0\" x2=\"100%\" y1=\"0\" y2=\"0\"><stop offset=\"0%\" style=\"stop-opacity:1;stop-color:var(--linear-gradient-a-7-ab-741-color-1)\" \/><stop offset=\"100%\" style=\"stop-opacity:1;stop-color:var(--linear-gradient-a-7-ab-741-color-2)\" \/><\/linearGradient><\/defs><\/svg><svg data-prefix=\"fas\" data-icon=\"chevron-down\" class=\"svg-inline--fa fa-chevron-down fa-w-14\" viewBox=\"0 0 448 512\" aria-hidden=\"true\" width=\"32\" height=\"32\"><path fill=\"currentColor\" d=\"M207.029 381.476L12.686 187.132c-9.373-9.373-9.373-24.569 0-33.941l22.667-22.667c9.357-9.357 24.522-9.375 33.901-.04L224 284.505l154.745-154.021c9.379-9.335 24.544-9.317 33.901.04l22.667 22.667c9.373 9.373 9.373 24.569 0 33.941L240.971 381.476c-9.373 9.372-24.569 9.372-33.942 0z\" \/><\/svg><\/div><\/span><\/div>\n<\/div><\/div>\n<\/div><\/div><\/summary>\n\n\n\n<div class=\"wp-block-stackable-column stk-block-column stk-column stk-block stk-2ef490e stk-block-accordion__content\" data-v=\"4\" data-block-id=\"2ef490e\"><div class=\"stk-column-wrapper stk-block-column__content stk-container stk-2ef490e-container stk--no-background stk--no-padding\"><div class=\"stk-block-content stk-inner-blocks stk-2ef490e-inner-blocks\">\n<ul class=\"wp-block-list\">\n<li>Per\u00admis de conduire \u00e9tran\u00adger en cours de vali\u00addi\u00adt\u00e9 (ori\u00adgi\u00adnal) accom\u00adpa\u00adgn\u00e9 d\u2019une tra\u00adduc\u00adtion (s\u2019il ne s\u2019a\u00adgit pas d\u2019un per\u00admis de l\u2019UE\/EEE)<br>Les tra\u00adduc\u00adtions sont four\u00adnies par des clubs auto\u00admo\u00adbiles reconnus.<\/li>\n\n\n\n<li>Pas\u00adse\u00adport ou carte d\u2019i\u00adden\u00adti\u00adt\u00e9 en cours de vali\u00addi\u00adt\u00e9 (copie pour la demande \u00e9crite)<\/li>\n\n\n\n<li>Preuve de r\u00e9si\u00addence \u00e0 Karls\u00adruhe (par exemple, <em>Mel\u00adde\u00adbes\u00adchei\u00adni\u00adgung<\/em>)<\/li>\n\n\n\n<li>Pho\u00adto d\u2019i\u00adden\u00adti\u00adt\u00e9 biom\u00e9trique<\/li>\n\n\n\n<li><strong>Pour un per\u00admis de conduire UE-EEE<\/strong> et pour un per\u00admis de conduire d\u00e9li\u00advr\u00e9 dans l\u2019un des pays \u00e9nu\u00adm\u00e9\u00adr\u00e9s \u00e0 l <strong>\u201cannexe<\/strong> 11 de l\u2019or\u00addon\u00adnance sur le per\u00admis de conduire. <a href=\"https:\/\/www.gesetze-im-internet.de\/fev_2010\/anlage_11.html\" target=\"_blank\" rel=\"noreferrer noopener\"><strong>Annexe 11 de l\u2019or\u00addon\u00adnance sur le per\u00admis de conduire<\/strong><\/a> les \u00e9tats et classes \u00e9nu\u00adm\u00e9\u00adr\u00e9s, en plus&nbsp;:<br>\u2705 Cer\u00adti\u00adfi\u00adcat ou exper\u00adtise sur les apti\u00adtudes phy\u00adsiques et men\u00adtales et<br>\u2705 Cer\u00adti\u00adfi\u00adcat ou exper\u00adtise sur la&nbsp;vue.<\/li>\n<\/ul>\n\n\n\n<p>Vous ne devez pr\u00e9\u00adsen\u00adter ces cer\u00adti\u00adfi\u00adcats ou rap\u00adports que si la vali\u00addi\u00adt\u00e9 d\u2019un per\u00admis de conduire de cat\u00e9\u00adgo\u00adrie C ou D (y com\u00adpris la remorque et\/ou les sous-cat\u00e9\u00adgo\u00adries) doit \u00eatre pro\u00adlon\u00adg\u00e9e en m\u00eame temps que l\u2019\u00e9change.<\/p>\n\n\n\n<ul class=\"wp-block-list\">\n<li>dans le cas d\u2019un <strong>per\u00admis de conduire d\u2019un pays non membre de l\u2019UE ou de l\u2019EEE<\/strong> qui n\u2019a pas \u00e9t\u00e9 d\u00e9li\u00advr\u00e9 dans <strong>l\u2019UE<\/strong> <strong>ou dans l\u2019EEE<\/strong>. <a href=\"https:\/\/www.gesetze-im-internet.de\/fev_2010\/anlage_11.html\" target=\"_blank\" rel=\"noreferrer noopener\"><strong>Annexe 11 de l\u2019or\u00addon\u00adnance sur le per\u00admis de conduire<\/strong><\/a> est \u00e9nu\u00adm\u00e9\u00adr\u00e9, en fonc\u00adtion de la classe deman\u00add\u00e9e&nbsp;: en plus<br>\u2705 Cer\u00adti\u00adfi\u00adcat ou avis d\u2019ex\u00adpert sur les apti\u00adtudes phy\u00adsiques et men\u00adtales<br>\u2705 un cer\u00adti\u00adfi\u00adcat ou un avis d\u2019ex\u00adpert sur la vue ou un cer\u00adti\u00adfi\u00adcat d\u2019exa\u00admen de la vue<br>\u2705 une attes\u00adta\u00adtion de for\u00adma\u00adtion aux pre\u00admiers secours<br>\u2705 les coor\u00addon\u00adn\u00e9es de l\u2019\u00e9\u00adcole de conduite, car vous devez \u00e9ga\u00adle\u00adment pas\u00adser l\u2019exa\u00admen th\u00e9o\u00adrique et pratique.<\/li>\n<\/ul>\n\n\n\n<p>\ud83d\udd0d Selon le pays de d\u00e9li\u00advrance, vous devrez peut-\u00eatre \u00e9ga\u00adle\u00adment pas\u00adser un <strong>exa\u00admen th\u00e9o\u00adrique et\/ou pra\u00adtique de conduite.<\/strong><\/p>\n<\/div><\/div><\/div>\n<\/details>\n\n<details class=\"wp-block-stackable-accordion stk-block-accordion stk-inner-blocks stk-block-content stk-block stk-b8161ba is-style-default\" data-block-id=\"b8161ba\">\n<summary class=\"wp-block-stackable-column stk-block-column stk-column stk-block stk-c1bfe4a stk--container-small stk-block-accordion__heading\" data-v=\"4\" data-block-id=\"c1bfe4a\"><div class=\"stk-column-wrapper stk-block-column__content stk-container stk-c1bfe4a-container stk-hover-parent\"><div class=\"stk-block-content stk-inner-blocks stk-c1bfe4a-inner-blocks\">\n<div class=\"wp-block-stackable-icon-label stk-block-icon-label stk-block stk-3107a58\" data-block-id=\"3107a58\"><div class=\"stk-row stk-inner-blocks stk-block-content\">\n<div class=\"wp-block-stackable-heading stk-block-heading stk-block-heading--v2 stk-block stk-78d678f\" id=\"cos\" data-block-id=\"78d678f\"><h4 class=\"stk-block-heading__text\">Co\u00fbt<\/h4><\/div>\n\n\n\n<div class=\"wp-block-stackable-icon stk-block-icon stk-block stk-1029c3f\" data-block-id=\"1029c3f\"><span class=\"stk--svg-wrapper\"><div class=\"stk--inner-svg\"><svg style=\"height:0;width:0\"><defs><linearGradient id=\"linear-gradient-1029c3f\" x1=\"0\" x2=\"100%\" y1=\"0\" y2=\"0\"><stop offset=\"0%\" style=\"stop-opacity:1;stop-color:var(--linear-gradient-1029-c-3-f-color-1)\" \/><stop offset=\"100%\" style=\"stop-opacity:1;stop-color:var(--linear-gradient-1029-c-3-f-color-2)\" \/><\/linearGradient><\/defs><\/svg><svg data-prefix=\"fas\" data-icon=\"chevron-down\" class=\"svg-inline--fa fa-chevron-down fa-w-14\" viewBox=\"0 0 448 512\" aria-hidden=\"true\" width=\"32\" height=\"32\"><path fill=\"currentColor\" d=\"M207.029 381.476L12.686 187.132c-9.373-9.373-9.373-24.569 0-33.941l22.667-22.667c9.357-9.357 24.522-9.375 33.901-.04L224 284.505l154.745-154.021c9.379-9.335 24.544-9.317 33.901.04l22.667 22.667c9.373 9.373 9.373 24.569 0 33.941L240.971 381.476c-9.373 9.372-24.569 9.372-33.942 0z\" \/><\/svg><\/div><\/span><\/div>\n<\/div><\/div>\n<\/div><\/div><\/summary>\n\n\n\n<div class=\"wp-block-stackable-column stk-block-column stk-column stk-block stk-1c9682f stk-block-accordion__content\" data-v=\"4\" data-block-id=\"1c9682f\"><div class=\"stk-column-wrapper stk-block-column__content stk-container stk-1c9682f-container stk--no-background stk--no-padding\"><div class=\"stk-block-content stk-inner-blocks stk-1c9682f-inner-blocks\">\n<div class=\"wp-block-stackable-text stk-block-text stk-block stk-7d49e86\" data-block-id=\"7d49e86\"><p class=\"stk-block-text__text\">Selon la ville ou le dis\u00adtrict&nbsp;: dif\u00adf\u00e9\u00adrent<br>37,50 \u20ac si aucun exa\u00admen th\u00e9o\u00adrique ou pra\u00adtique n\u2019est requis<br><br><strong>sinon<\/strong><br>43,90 \u20ac sans p\u00e9riode d\u2019es\u00adsai,<br>44,70 \u20ac avec p\u00e9riode d\u2019essai.<\/p><\/div>\n<\/div><\/div><\/div>\n<\/details>\n\n<h3 class=\"wp-block-heading\">\ud83d\udc81\ud83c\udffb <span style=\"color: #a20b92;\" class=\"stk-highlight\">Besoin d\u2019aide&nbsp;?<\/span><\/h3>\n\n<p>Si vous avez besoin d\u2019aide pour les d\u00e9marches ou la tra\u00adduc\u00adtion, les centres d\u2019in\u00adt\u00e9\u00adgra\u00adtion locaux<strong>(<\/strong> <strong><em><a href=\"https:\/\/www.anika-net.de\/fr\/arriver\/conseils-et-services\/conseils-et-services\/\">Migra\u00adtions\u00adbe\u00adra\u00adtungs\u00ads\u00adtel\u00adlen<\/a><\/em><\/strong>) \u00e0 Karls\u00adruhe peuvent vous&nbsp;aider.<\/p>\n\n<p><\/p>\n","protected":false},"excerpt":{"rendered":"<p>Vous d\u00e9m\u00e9\u00adna\u00adgez en Alle\u00admagne et vous avez d\u00e9j\u00e0 un per\u00admis de conduire d\u2019un autre pays&nbsp;?Si vous pr\u00e9\u00advoyez de vivre en Alle\u00admagne pen\u00addant une p\u00e9riode pro\u00adlon\u00adg\u00e9e \u2013 c\u2019est-\u00e0-dire au moins 185&nbsp;<a class=\"moretag\" href=\"https:\/\/www.anika-net.de\/fr\/demande-dechange-de-votre-permis-de-conduire-etranger\/\">lire plus<\/a><\/p>\n","protected":false},"author":12,"featured_media":0,"parent":0,"menu_order":11,"comment_status":"closed","ping_status":"closed","template":"","meta":{"_acf_changed":false,"inline_featured_image":false,"_uag_custom_page_level_css":"","wp_typography_post_enhancements_disabled":false,"footnotes":""},"class_list":["post-62724","page","type-page","status-publish","hentry"],"acf":[],"featured_image_urls_v2":{"full":"","thumbnail":"","medium":"","medium_large":"","large":"","1536x1536":"","2048x2048":"","event-overview":"","event-archive-thumb":"","grid-item-thumbnail":"","network-partner-icon":"","organiser-icon":"","gform-image-choice-sm":"","gform-image-choice-md":"","gform-image-choice-lg":""},"post_excerpt_stackable_v2":"<p>Vous d\u00e9m\u00e9\u00adna\u00adgez en Alle\u00admagne et vous avez d\u00e9j\u00e0 un per\u00admis de conduire d\u2019un autre pays&nbsp;?Si vous pr\u00e9\u00advoyez de vivre en Alle\u00admagne pen\u00addant une p\u00e9riode pro\u00adlon\u00adg\u00e9e \u2013 c\u2019est-\u00e0-dire au moins 185 jours par an pour des rai\u00adsons per\u00adson\u00adnelles ou pro\u00adfes\u00adsion\u00adnelles \u2013 votre per\u00admis de conduire \u00e9tran\u00adger reste valable jus\u00adqu\u2019\u00e0 six mois apr\u00e8s l\u2019\u00e9\u00adta\u00adblis\u00adse\u00adment de votre r\u00e9si\u00addence.Apr\u00e8s cette p\u00e9riode, vous devrez deman\u00adder l\u2019\u00e9\u00adchange de votre per\u00admis de conduire \u00e9tran\u00adger(Umschrei\u00adbung einer ausl\u00e4n\u00addi\u00adschen Fah\u00adrer\u00adlaub\u00adnis) afin de pou\u00advoir conti\u00adnuer \u00e0 conduire l\u00e9ga\u00adle\u00adment en Alle\u00admagne. \u26a0\ufe0f Remarque&nbsp;: les exi\u00adgences et les pro\u00adc\u00e9\u00addures exactes peuvent varier en fonc\u00adtion du pays qui a d\u00e9li\u00advr\u00e9 votre per\u00admis. \ud83d\udcdd Comment\u2026<\/p>\n","category_list_v2":"","author_info_v2":{"name":"Andrea Ramirez","url":"https:\/\/www.anika-net.de\/fr\/author\/andrea-ramirez\/"},"comments_num_v2":"0 commentaire","uagb_featured_image_src":{"full":false,"thumbnail":false,"medium":false,"medium_large":false,"large":false,"1536x1536":false,"2048x2048":false,"event-overview":false,"event-archive-thumb":false,"grid-item-thumbnail":false,"network-partner-icon":false,"organiser-icon":false,"gform-image-choice-sm":false,"gform-image-choice-md":false,"gform-image-choice-lg":false},"uagb_author_info":{"display_name":"Andrea Ramirez","author_link":"https:\/\/www.anika-net.de\/fr\/author\/andrea-ramirez\/"},"uagb_comment_info":0,"uagb_excerpt":"Vous d\u00e9m\u00e9\u00adna\u00adgez en Alle\u00admagne et vous avez d\u00e9j\u00e0 un per\u00admis de conduire d\u2019un autre pays&nbsp;?Si vous pr\u00e9\u00advoyez de vivre en Alle\u00admagne pen\u00addant une p\u00e9riode pro\u00adlon\u00adg\u00e9e \u2013 c\u2019est-\u00e0-dire au moins 185&nbsp;lire plus","_links":{"self":[{"href":"https:\/\/www.anika-net.de\/fr\/wp-json\/wp\/v2\/pages\/62724","targetHints":{"allow":["GET"]}}],"collection":[{"href":"https:\/\/www.anika-net.de\/fr\/wp-json\/wp\/v2\/pages"}],"about":[{"href":"https:\/\/www.anika-net.de\/fr\/wp-json\/wp\/v2\/types\/page"}],"author":[{"embeddable":true,"href":"https:\/\/www.anika-net.de\/fr\/wp-json\/wp\/v2\/users\/12"}],"replies":[{"embeddable":true,"href":"https:\/\/www.anika-net.de\/fr\/wp-json\/wp\/v2\/comments?post=62724"}],"version-history":[{"count":1,"href":"https:\/\/www.anika-net.de\/fr\/wp-json\/wp\/v2\/pages\/62724\/revisions"}],"predecessor-version":[{"id":62725,"href":"https:\/\/www.anika-net.de\/fr\/wp-json\/wp\/v2\/pages\/62724\/revisions\/62725"}],"wp:attachment":[{"href":"https:\/\/www.anika-net.de\/fr\/wp-json\/wp\/v2\/media?parent=62724"}],"curies":[{"name":"wp","href":"https:\/\/api.w.org\/{rel}","templated":true}]}}